{"id":50844,"date":"2025-06-25T17:43:33","date_gmt":"2025-06-25T14:43:33","guid":{"rendered":"https:\/\/miumjau.ee\/toode\/laizamais-paklajins-gridai-sienai-19x23-sarkans\/"},"modified":"2026-01-07T21:13:33","modified_gmt":"2026-01-07T19:13:33","slug":"laizamais-paklajins-gridai-sienai-19x23-sarkans","status":"publish","type":"product","link":"https:\/\/miumjau.ee\/lv\/produkts\/laizamais-paklajins-gridai-sienai-19x23-sarkans\/","title":{"rendered":"Lai\u017eamais pakl\u0101ji\u0146\u0161 gr\u012bdai \/ sienai 19\u00d723, sarkans"},"content":{"rendered":"","protected":false},"excerpt":{"rendered":"<p data-start=\"3602\" data-end=\"4030\">Eat Slow Live Longer kvadr\u0101tveida lai\u017eamais pakl\u0101ji\u0146\u0161 ar dzi\u013c\u0101m iedob\u0113m padara gardumu ieg\u016b\u0161anu \u012bpa\u0161i izaicino\u0161u! Sunim vai ka\u0137im ir j\u0101pieliek daudz p\u016b\u013cu, lai tiktu pie visiem gardumiem starp izci\u013c\u0146iem un st\u016bros. Pateicoties pies\u016bcek\u0146iem apak\u0161pus\u0113, pakl\u0101ji\u0146u var viegli piestiprin\u0101t pie gludas virsmas, lai tas nekust\u0113tos laiz\u012b\u0161anas laik\u0101 \u2013 gan uz gr\u012bdas, gan, piem\u0113ram, uz du\u0161as sienas su\u0146a mazg\u0101\u0161anas laik\u0101 stresa mazin\u0101\u0161anai.<\/p>\n<p data-start=\"4032\" data-end=\"4158\">Lai\u017eamais pakl\u0101ji\u0146\u0161 ir izgatavots no 100 % silikona un ir mazg\u0101jams trauku mazg\u0101jamaj\u0101 ma\u0161\u012bn\u0101, kas padara t\u012br\u012b\u0161anu \u012bpa\u0161i \u0113rtu.<\/p>\n<p data-start=\"4160\" data-end=\"4623\"><strong data-start=\"4160\" data-end=\"4187\">Lieto\u0161anas instrukcija:<\/strong><br data-start=\"4187\" data-end=\"4190\" \/>Novietojiet pakl\u0101ji\u0146u uz gludas virsmas un piespiediet, lai pies\u016bcek\u0146i piestiprin\u0101tos. Uzkl\u0101jiet, piem\u0113ram, zemesriekstu sviestu, past\u0113ti vai mitro bar\u012bbu. Ja v\u0113laties, varat uzkais\u012bt ar\u012b sauso bar\u012bbu vai gardumus. Izmantojiet pakl\u0101ji\u0146u \u0113dienrei\u017eu laik\u0101, k\u0101 balvu, garlaic\u012bbas mazin\u0101\u0161anai vai uzman\u012bbas nov\u0113r\u0161anai \u0137emm\u0113\u0161anas vai nagu grie\u0161anas laik\u0101. Vasar\u0101 pakl\u0101ji\u0146u ar bar\u012bbu var ievietot sald\u0113tav\u0101, lai pied\u0101v\u0101tu atv\u0113sino\u0161u na\u0161\u0137i.<\/p>\n<p data-start=\"4625\" data-end=\"5291\"><strong data-start=\"4625\" data-end=\"4697\">Eat Slow Live Longer \u2013 risin\u0101jums m\u0101jdz\u012bvniekiem, kas \u0113d p\u0101r\u0101k \u0101tri!<\/strong><br data-start=\"4697\" data-end=\"4700\" \/>Visi Eat Slow Live Longer produkti ir rad\u012bti, dom\u0101jot par m\u0101jdz\u012bvnieku vesel\u012bbu. Lai\u017eamie pakl\u0101ji\u0146i, rota\u013clietas un l\u0113n\u0101s \u0113\u0161anas b\u013codas liek sunim vai ka\u0137im vair\u0101k piep\u016bl\u0113ties, lai tiktu pie bar\u012bbas, t\u0101d\u0113j\u0101di nov\u0113r\u0161ot r\u012b\u0161anu. P\u0101r\u0101k \u0101tra \u0113\u0161ana var izrais\u012bt svara pieaugumu, v\u0113dera p\u016b\u0161anos, slikt\u0101ku zobu higi\u0113nu un gremo\u0161anas sist\u0113mas stresu. L\u0113n\u0101s \u0113\u0161anas b\u013codas vai lai\u017eam\u0101 pakl\u0101ji\u0146a lieto\u0161ana pal\u012bdz nov\u0113rst r\u012b\u0161anu un mazin\u0101t garlaic\u012bbu. Eat Slow Live Longer pied\u0101v\u0101 da\u017e\u0101du formu un izm\u0113ru lai\u017eamos pakl\u0101ji\u0146us un l\u0113n\u0101s \u0113\u0161anas b\u013codas, lai katram sunim un ka\u0137im b\u016btu piem\u0113rot\u0101kais risin\u0101jums.<\/p>\n","protected":false},"featured_media":50845,"template":"","meta":[],"product_brand":[],"product_cat":[578],"product_tag":[],"class_list":{"0":"post-50844","1":"product","2":"type-product","3":"status-publish","4":"has-post-thumbnail","6":"product_cat-ediena-un-dzeriena-trauki","8":"first","9":"instock","10":"taxable","11":"shipping-taxable","12":"purchasable","13":"product-type-simple"},"yoast_head":"<!-- This site is optimized with the Yoast SEO plugin v27.2 - https:\/\/yoast.com\/product\/yoast-seo-wordpress\/ -->\n<title>Lai\u017eamais pakl\u0101ji\u0146\u0161 gr\u012bdai \/ sienai 19\u00d723, sarkans - MiuMjau<\/title>\n<meta name=\"robots\" content=\"index, follow, max-snippet:-1, max-image-preview:large, max-video-preview:-1\" \/>\n<link rel=\"canonical\" href=\"https:\/\/miumjau.ee\/lv\/produkts\/laizamais-paklajins-gridai-sienai-19x23-sarkans\/\" \/>\n<meta property=\"og:locale\" content=\"lv_LV\" \/>\n<meta property=\"og:type\" content=\"article\" \/>\n<meta property=\"og:title\" content=\"Lai\u017eamais pakl\u0101ji\u0146\u0161 gr\u012bdai \/ sienai 19\u00d723, sarkans - MiuMjau\" \/>\n<meta property=\"og:description\" content=\"Eat Slow Live Longer kvadr\u0101tveida lai\u017eamais pakl\u0101ji\u0146\u0161 ar dzi\u013c\u0101m iedob\u0113m padara gardumu ieg\u016b\u0161anu \u012bpa\u0161i izaicino\u0161u! Sunim vai ka\u0137im ir j\u0101pieliek daudz p\u016b\u013cu, lai tiktu pie visiem gardumiem starp izci\u013c\u0146iem un st\u016bros. Pateicoties pies\u016bcek\u0146iem apak\u0161pus\u0113, pakl\u0101ji\u0146u var viegli piestiprin\u0101t pie gludas virsmas, lai tas nekust\u0113tos laiz\u012b\u0161anas laik\u0101 \u2013 gan uz gr\u012bdas, gan, piem\u0113ram, uz du\u0161as sienas su\u0146a mazg\u0101\u0161anas laik\u0101 stresa mazin\u0101\u0161anai. Lai\u017eamais pakl\u0101ji\u0146\u0161 ir izgatavots no 100 % silikona un ir mazg\u0101jams trauku mazg\u0101jamaj\u0101 ma\u0161\u012bn\u0101, kas padara t\u012br\u012b\u0161anu \u012bpa\u0161i \u0113rtu. Lieto\u0161anas instrukcija:Novietojiet pakl\u0101ji\u0146u uz gludas virsmas un piespiediet, lai pies\u016bcek\u0146i piestiprin\u0101tos. Uzkl\u0101jiet, piem\u0113ram, zemesriekstu sviestu, past\u0113ti vai mitro bar\u012bbu. Ja v\u0113laties, varat uzkais\u012bt ar\u012b sauso bar\u012bbu vai gardumus. Izmantojiet pakl\u0101ji\u0146u \u0113dienrei\u017eu laik\u0101, k\u0101 balvu, garlaic\u012bbas mazin\u0101\u0161anai vai uzman\u012bbas nov\u0113r\u0161anai \u0137emm\u0113\u0161anas vai nagu grie\u0161anas laik\u0101. Vasar\u0101 pakl\u0101ji\u0146u ar bar\u012bbu var ievietot sald\u0113tav\u0101, lai pied\u0101v\u0101tu atv\u0113sino\u0161u na\u0161\u0137i. Eat Slow Live Longer \u2013 risin\u0101jums m\u0101jdz\u012bvniekiem, kas \u0113d p\u0101r\u0101k \u0101tri!Visi Eat Slow Live Longer produkti ir rad\u012bti, dom\u0101jot par m\u0101jdz\u012bvnieku vesel\u012bbu. Lai\u017eamie pakl\u0101ji\u0146i, rota\u013clietas un l\u0113n\u0101s \u0113\u0161anas b\u013codas liek sunim vai ka\u0137im vair\u0101k piep\u016bl\u0113ties, lai tiktu pie bar\u012bbas, t\u0101d\u0113j\u0101di nov\u0113r\u0161ot r\u012b\u0161anu. P\u0101r\u0101k \u0101tra \u0113\u0161ana var izrais\u012bt svara pieaugumu, v\u0113dera p\u016b\u0161anos, slikt\u0101ku zobu higi\u0113nu un gremo\u0161anas sist\u0113mas stresu. L\u0113n\u0101s \u0113\u0161anas b\u013codas vai lai\u017eam\u0101 pakl\u0101ji\u0146a lieto\u0161ana pal\u012bdz nov\u0113rst r\u012b\u0161anu un mazin\u0101t garlaic\u012bbu. Eat Slow Live Longer pied\u0101v\u0101 da\u017e\u0101du formu un izm\u0113ru lai\u017eamos pakl\u0101ji\u0146us un l\u0113n\u0101s \u0113\u0161anas b\u013codas, lai katram sunim un ka\u0137im b\u016btu piem\u0113rot\u0101kais risin\u0101jums.\" \/>\n<meta property=\"og:url\" content=\"https:\/\/miumjau.ee\/lv\/produkts\/laizamais-paklajins-gridai-sienai-19x23-sarkans\/\" \/>\n<meta property=\"og:site_name\" content=\"MiuMjau\" \/>\n<meta property=\"article:publisher\" content=\"https:\/\/www.facebook.com\/miumjaupood\/\" \/>\n<meta property=\"article:modified_time\" content=\"2026-01-07T19:13:33+00:00\" \/>\n<meta property=\"og:image\" content=\"https:\/\/miumjau.ee\/wp-content\/uploads\/2025\/06\/Lakkumismatt-eat-slow1.jpg\" \/>\n\t<meta property=\"og:image:width\" content=\"600\" \/>\n\t<meta property=\"og:image:height\" content=\"800\" \/>\n\t<meta property=\"og:image:type\" content=\"image\/jpeg\" \/>\n<meta name=\"twitter:card\" content=\"summary_large_image\" \/>\n<script type=\"application\/ld+json\" class=\"yoast-schema-graph\">{\"@context\":\"https:\/\/schema.org\",\"@graph\":[{\"@type\":\"WebPage\",\"@id\":\"https:\/\/miumjau.ee\/lv\/produkts\/laizamais-paklajins-gridai-sienai-19x23-sarkans\/\",\"url\":\"https:\/\/miumjau.ee\/lv\/produkts\/laizamais-paklajins-gridai-sienai-19x23-sarkans\/\",\"name\":\"Lai\u017eamais pakl\u0101ji\u0146\u0161 gr\u012bdai \/ sienai 19\u00d723, sarkans - MiuMjau\",\"isPartOf\":{\"@id\":\"https:\/\/miumjau.ee\/#website\"},\"primaryImageOfPage\":{\"@id\":\"https:\/\/miumjau.ee\/lv\/produkts\/laizamais-paklajins-gridai-sienai-19x23-sarkans\/#primaryimage\"},\"image\":{\"@id\":\"https:\/\/miumjau.ee\/lv\/produkts\/laizamais-paklajins-gridai-sienai-19x23-sarkans\/#primaryimage\"},\"thumbnailUrl\":\"https:\/\/miumjau.ee\/wp-content\/uploads\/2025\/06\/Lakkumismatt-eat-slow1.jpg\",\"datePublished\":\"2025-06-25T14:43:33+00:00\",\"dateModified\":\"2026-01-07T19:13:33+00:00\",\"breadcrumb\":{\"@id\":\"https:\/\/miumjau.ee\/lv\/produkts\/laizamais-paklajins-gridai-sienai-19x23-sarkans\/#breadcrumb\"},\"inLanguage\":\"lv-LV\",\"potentialAction\":[{\"@type\":\"ReadAction\",\"target\":[\"https:\/\/miumjau.ee\/lv\/produkts\/laizamais-paklajins-gridai-sienai-19x23-sarkans\/\"]}]},{\"@type\":\"ImageObject\",\"inLanguage\":\"lv-LV\",\"@id\":\"https:\/\/miumjau.ee\/lv\/produkts\/laizamais-paklajins-gridai-sienai-19x23-sarkans\/#primaryimage\",\"url\":\"https:\/\/miumjau.ee\/wp-content\/uploads\/2025\/06\/Lakkumismatt-eat-slow1.jpg\",\"contentUrl\":\"https:\/\/miumjau.ee\/wp-content\/uploads\/2025\/06\/Lakkumismatt-eat-slow1.jpg\",\"width\":600,\"height\":800},{\"@type\":\"BreadcrumbList\",\"@id\":\"https:\/\/miumjau.ee\/lv\/produkts\/laizamais-paklajins-gridai-sienai-19x23-sarkans\/#breadcrumb\",\"itemListElement\":[{\"@type\":\"ListItem\",\"position\":1,\"name\":\"Home\",\"item\":\"https:\/\/miumjau.ee\/lv\/\"},{\"@type\":\"ListItem\",\"position\":2,\"name\":\"Veikals\",\"item\":\"https:\/\/miumjau.ee\/lv\/veikals\/\"},{\"@type\":\"ListItem\",\"position\":3,\"name\":\"Lai\u017eamais pakl\u0101ji\u0146\u0161 gr\u012bdai \/ sienai 19\u00d723, sarkans\"}]},{\"@type\":\"WebSite\",\"@id\":\"https:\/\/miumjau.ee\/#website\",\"url\":\"https:\/\/miumjau.ee\/\",\"name\":\"MiuMjau\",\"description\":\"Kraapimispuud kassidele\",\"publisher\":{\"@id\":\"https:\/\/miumjau.ee\/#organization\"},\"potentialAction\":[{\"@type\":\"SearchAction\",\"target\":{\"@type\":\"EntryPoint\",\"urlTemplate\":\"https:\/\/miumjau.ee\/?s={search_term_string}\"},\"query-input\":{\"@type\":\"PropertyValueSpecification\",\"valueRequired\":true,\"valueName\":\"search_term_string\"}}],\"inLanguage\":\"lv-LV\"},{\"@type\":\"Organization\",\"@id\":\"https:\/\/miumjau.ee\/#organization\",\"name\":\"MiuMjau O\u00dc\",\"url\":\"https:\/\/miumjau.ee\/\",\"logo\":{\"@type\":\"ImageObject\",\"inLanguage\":\"lv-LV\",\"@id\":\"https:\/\/miumjau.ee\/#\/schema\/logo\/image\/\",\"url\":\"https:\/\/miumjau.ee\/wp-content\/uploads\/2022\/04\/MiuMjau-logo-kollane.png\",\"contentUrl\":\"https:\/\/miumjau.ee\/wp-content\/uploads\/2022\/04\/MiuMjau-logo-kollane.png\",\"width\":219,\"height\":100,\"caption\":\"MiuMjau O\u00dc\"},\"image\":{\"@id\":\"https:\/\/miumjau.ee\/#\/schema\/logo\/image\/\"},\"sameAs\":[\"https:\/\/www.facebook.com\/miumjaupood\/\"]}]}<\/script>\n<!-- \/ Yoast SEO plugin. -->","yoast_head_json":{"title":"Lai\u017eamais pakl\u0101ji\u0146\u0161 gr\u012bdai \/ sienai 19\u00d723, sarkans - MiuMjau","robots":{"index":"index","follow":"follow","max-snippet":"max-snippet:-1","max-image-preview":"max-image-preview:large","max-video-preview":"max-video-preview:-1"},"canonical":"https:\/\/miumjau.ee\/lv\/produkts\/laizamais-paklajins-gridai-sienai-19x23-sarkans\/","og_locale":"lv_LV","og_type":"article","og_title":"Lai\u017eamais pakl\u0101ji\u0146\u0161 gr\u012bdai \/ sienai 19\u00d723, sarkans - MiuMjau","og_description":"Eat Slow Live Longer kvadr\u0101tveida lai\u017eamais pakl\u0101ji\u0146\u0161 ar dzi\u013c\u0101m iedob\u0113m padara gardumu ieg\u016b\u0161anu \u012bpa\u0161i izaicino\u0161u! Sunim vai ka\u0137im ir j\u0101pieliek daudz p\u016b\u013cu, lai tiktu pie visiem gardumiem starp izci\u013c\u0146iem un st\u016bros. Pateicoties pies\u016bcek\u0146iem apak\u0161pus\u0113, pakl\u0101ji\u0146u var viegli piestiprin\u0101t pie gludas virsmas, lai tas nekust\u0113tos laiz\u012b\u0161anas laik\u0101 \u2013 gan uz gr\u012bdas, gan, piem\u0113ram, uz du\u0161as sienas su\u0146a mazg\u0101\u0161anas laik\u0101 stresa mazin\u0101\u0161anai. Lai\u017eamais pakl\u0101ji\u0146\u0161 ir izgatavots no 100 % silikona un ir mazg\u0101jams trauku mazg\u0101jamaj\u0101 ma\u0161\u012bn\u0101, kas padara t\u012br\u012b\u0161anu \u012bpa\u0161i \u0113rtu. Lieto\u0161anas instrukcija:Novietojiet pakl\u0101ji\u0146u uz gludas virsmas un piespiediet, lai pies\u016bcek\u0146i piestiprin\u0101tos. Uzkl\u0101jiet, piem\u0113ram, zemesriekstu sviestu, past\u0113ti vai mitro bar\u012bbu. Ja v\u0113laties, varat uzkais\u012bt ar\u012b sauso bar\u012bbu vai gardumus. Izmantojiet pakl\u0101ji\u0146u \u0113dienrei\u017eu laik\u0101, k\u0101 balvu, garlaic\u012bbas mazin\u0101\u0161anai vai uzman\u012bbas nov\u0113r\u0161anai \u0137emm\u0113\u0161anas vai nagu grie\u0161anas laik\u0101. Vasar\u0101 pakl\u0101ji\u0146u ar bar\u012bbu var ievietot sald\u0113tav\u0101, lai pied\u0101v\u0101tu atv\u0113sino\u0161u na\u0161\u0137i. Eat Slow Live Longer \u2013 risin\u0101jums m\u0101jdz\u012bvniekiem, kas \u0113d p\u0101r\u0101k \u0101tri!Visi Eat Slow Live Longer produkti ir rad\u012bti, dom\u0101jot par m\u0101jdz\u012bvnieku vesel\u012bbu. Lai\u017eamie pakl\u0101ji\u0146i, rota\u013clietas un l\u0113n\u0101s \u0113\u0161anas b\u013codas liek sunim vai ka\u0137im vair\u0101k piep\u016bl\u0113ties, lai tiktu pie bar\u012bbas, t\u0101d\u0113j\u0101di nov\u0113r\u0161ot r\u012b\u0161anu. P\u0101r\u0101k \u0101tra \u0113\u0161ana var izrais\u012bt svara pieaugumu, v\u0113dera p\u016b\u0161anos, slikt\u0101ku zobu higi\u0113nu un gremo\u0161anas sist\u0113mas stresu. L\u0113n\u0101s \u0113\u0161anas b\u013codas vai lai\u017eam\u0101 pakl\u0101ji\u0146a lieto\u0161ana pal\u012bdz nov\u0113rst r\u012b\u0161anu un mazin\u0101t garlaic\u012bbu. Eat Slow Live Longer pied\u0101v\u0101 da\u017e\u0101du formu un izm\u0113ru lai\u017eamos pakl\u0101ji\u0146us un l\u0113n\u0101s \u0113\u0161anas b\u013codas, lai katram sunim un ka\u0137im b\u016btu piem\u0113rot\u0101kais risin\u0101jums.","og_url":"https:\/\/miumjau.ee\/lv\/produkts\/laizamais-paklajins-gridai-sienai-19x23-sarkans\/","og_site_name":"MiuMjau","article_publisher":"https:\/\/www.facebook.com\/miumjaupood\/","article_modified_time":"2026-01-07T19:13:33+00:00","og_image":[{"width":600,"height":800,"url":"https:\/\/miumjau.ee\/wp-content\/uploads\/2025\/06\/Lakkumismatt-eat-slow1.jpg","type":"image\/jpeg"}],"twitter_card":"summary_large_image","schema":{"@context":"https:\/\/schema.org","@graph":[{"@type":"WebPage","@id":"https:\/\/miumjau.ee\/lv\/produkts\/laizamais-paklajins-gridai-sienai-19x23-sarkans\/","url":"https:\/\/miumjau.ee\/lv\/produkts\/laizamais-paklajins-gridai-sienai-19x23-sarkans\/","name":"Lai\u017eamais pakl\u0101ji\u0146\u0161 gr\u012bdai \/ sienai 19\u00d723, sarkans - MiuMjau","isPartOf":{"@id":"https:\/\/miumjau.ee\/#website"},"primaryImageOfPage":{"@id":"https:\/\/miumjau.ee\/lv\/produkts\/laizamais-paklajins-gridai-sienai-19x23-sarkans\/#primaryimage"},"image":{"@id":"https:\/\/miumjau.ee\/lv\/produkts\/laizamais-paklajins-gridai-sienai-19x23-sarkans\/#primaryimage"},"thumbnailUrl":"https:\/\/miumjau.ee\/wp-content\/uploads\/2025\/06\/Lakkumismatt-eat-slow1.jpg","datePublished":"2025-06-25T14:43:33+00:00","dateModified":"2026-01-07T19:13:33+00:00","breadcrumb":{"@id":"https:\/\/miumjau.ee\/lv\/produkts\/laizamais-paklajins-gridai-sienai-19x23-sarkans\/#breadcrumb"},"inLanguage":"lv-LV","potentialAction":[{"@type":"ReadAction","target":["https:\/\/miumjau.ee\/lv\/produkts\/laizamais-paklajins-gridai-sienai-19x23-sarkans\/"]}]},{"@type":"ImageObject","inLanguage":"lv-LV","@id":"https:\/\/miumjau.ee\/lv\/produkts\/laizamais-paklajins-gridai-sienai-19x23-sarkans\/#primaryimage","url":"https:\/\/miumjau.ee\/wp-content\/uploads\/2025\/06\/Lakkumismatt-eat-slow1.jpg","contentUrl":"https:\/\/miumjau.ee\/wp-content\/uploads\/2025\/06\/Lakkumismatt-eat-slow1.jpg","width":600,"height":800},{"@type":"BreadcrumbList","@id":"https:\/\/miumjau.ee\/lv\/produkts\/laizamais-paklajins-gridai-sienai-19x23-sarkans\/#breadcrumb","itemListElement":[{"@type":"ListItem","position":1,"name":"Home","item":"https:\/\/miumjau.ee\/lv\/"},{"@type":"ListItem","position":2,"name":"Veikals","item":"https:\/\/miumjau.ee\/lv\/veikals\/"},{"@type":"ListItem","position":3,"name":"Lai\u017eamais pakl\u0101ji\u0146\u0161 gr\u012bdai \/ sienai 19\u00d723, sarkans"}]},{"@type":"WebSite","@id":"https:\/\/miumjau.ee\/#website","url":"https:\/\/miumjau.ee\/","name":"MiuMjau","description":"Kraapimispuud kassidele","publisher":{"@id":"https:\/\/miumjau.ee\/#organization"},"potentialAction":[{"@type":"SearchAction","target":{"@type":"EntryPoint","urlTemplate":"https:\/\/miumjau.ee\/?s={search_term_string}"},"query-input":{"@type":"PropertyValueSpecification","valueRequired":true,"valueName":"search_term_string"}}],"inLanguage":"lv-LV"},{"@type":"Organization","@id":"https:\/\/miumjau.ee\/#organization","name":"MiuMjau O\u00dc","url":"https:\/\/miumjau.ee\/","logo":{"@type":"ImageObject","inLanguage":"lv-LV","@id":"https:\/\/miumjau.ee\/#\/schema\/logo\/image\/","url":"https:\/\/miumjau.ee\/wp-content\/uploads\/2022\/04\/MiuMjau-logo-kollane.png","contentUrl":"https:\/\/miumjau.ee\/wp-content\/uploads\/2022\/04\/MiuMjau-logo-kollane.png","width":219,"height":100,"caption":"MiuMjau O\u00dc"},"image":{"@id":"https:\/\/miumjau.ee\/#\/schema\/logo\/image\/"},"sameAs":["https:\/\/www.facebook.com\/miumjaupood\/"]}]}},"_links":{"self":[{"href":"https:\/\/miumjau.ee\/lv\/wp-json\/wp\/v2\/product\/50844","targetHints":{"allow":["GET"]}}],"collection":[{"href":"https:\/\/miumjau.ee\/lv\/wp-json\/wp\/v2\/product"}],"about":[{"href":"https:\/\/miumjau.ee\/lv\/wp-json\/wp\/v2\/types\/product"}],"wp:featuredmedia":[{"embeddable":true,"href":"https:\/\/miumjau.ee\/lv\/wp-json\/wp\/v2\/media\/50845"}],"wp:attachment":[{"href":"https:\/\/miumjau.ee\/lv\/wp-json\/wp\/v2\/media?parent=50844"}],"wp:term":[{"taxonomy":"product_brand","embeddable":true,"href":"https:\/\/miumjau.ee\/lv\/wp-json\/wp\/v2\/product_brand?post=50844"},{"taxonomy":"product_cat","embeddable":true,"href":"https:\/\/miumjau.ee\/lv\/wp-json\/wp\/v2\/product_cat?post=50844"},{"taxonomy":"product_tag","embeddable":true,"href":"https:\/\/miumjau.ee\/lv\/wp-json\/wp\/v2\/product_tag?post=50844"}],"curies":[{"name":"wp","href":"https:\/\/api.w.org\/{rel}","templated":true}]}}