{"id":50822,"date":"2025-06-25T18:02:43","date_gmt":"2025-06-25T15:02:43","guid":{"rendered":"https:\/\/miumjau.ee\/toode\/proper-pets-majdzivnieku-spalvu-nonemejs\/"},"modified":"2026-01-07T21:13:33","modified_gmt":"2026-01-07T19:13:33","slug":"proper-pets-majdzivnieku-spalvu-nonemejs","status":"publish","type":"product","link":"https:\/\/miumjau.ee\/lv\/produkts\/proper-pets-majdzivnieku-spalvu-nonemejs\/","title":{"rendered":"Proper Pets m\u0101jdz\u012bvnieku spalvu no\u0146\u0113m\u0113js"},"content":{"rendered":"","protected":false},"excerpt":{"rendered":"<p data-start=\"1287\" data-end=\"1433\">Spalvas paz\u016bd acumirkl\u012b \u2013 vienk\u0101r\u0161i, \u0101tri un efekt\u012bvi!<br data-start=\"1341\" data-end=\"1344\" \/>\u0160\u012b \u012bpa\u0161\u0101 birste no\u0146em m\u0101jdz\u012bvnieku spalvas no d\u012bv\u0101niem, pakl\u0101jiem, kr\u0113sliem, ap\u0123\u0113rba u.c.<\/p>\n<p data-start=\"1435\" data-end=\"1641\"><strong data-start=\"1435\" data-end=\"1455\">K\u0101 tas darbojas?<\/strong><br data-start=\"1455\" data-end=\"1458\" \/>Novietojiet birsti uz t\u012br\u0101m\u0101s virsmas un viegli paberz\u0113jiet \u2013 sp\u0113ks nav nepiecie\u0161ams.<br data-start=\"1543\" data-end=\"1546\" \/>Sav\u0101kt\u0101s spalvas var viegli no\u0146emt, pakratot birsti pret gr\u012bdu vai noskalojot zem teko\u0161a \u016bdens.<\/p>\n<p data-start=\"1643\" data-end=\"1735\"><strong data-start=\"1643\" data-end=\"1661\">Priek\u0161roc\u012bbas:<\/strong><br data-start=\"1661\" data-end=\"1664\" \/>\u2714 \u0100tri un bez piep\u016bles no\u0146em spalvas<br data-start=\"1700\" data-end=\"1703\" \/>\u2714 Higi\u0113nisks<br data-start=\"1715\" data-end=\"1718\" \/>\u2714 Viegli t\u012br\u0101ms<\/p>\n<p data-start=\"1737\" data-end=\"1762\"><strong data-start=\"1737\" data-end=\"1748\">Izm\u0113rs:<\/strong> 4 \u00d7 12 \u00d7 4 cm<\/p>\n<p data-start=\"1764\" data-end=\"1809\">Ide\u0101li piem\u0113rots ikvienai m\u0101jdz\u012bvnieku m\u0101jai!<\/p>\n","protected":false},"featured_media":50823,"template":"","meta":[],"product_brand":[],"product_cat":[589,560],"product_tag":[],"class_list":{"0":"post-50822","1":"product","2":"type-product","3":"status-publish","4":"has-post-thumbnail","6":"product_cat-citi-piederumi","7":"product_cat-kopsanas-lidzekli-suniem","9":"first","10":"instock","11":"taxable","12":"shipping-taxable","13":"purchasable","14":"product-type-simple"},"yoast_head":"<!-- This site is optimized with the Yoast SEO plugin v27.2 - https:\/\/yoast.com\/product\/yoast-seo-wordpress\/ -->\n<title>Proper Pets m\u0101jdz\u012bvnieku spalvu no\u0146\u0113m\u0113js - MiuMjau<\/title>\n<meta name=\"robots\" content=\"index, follow, max-snippet:-1, max-image-preview:large, max-video-preview:-1\" \/>\n<link rel=\"canonical\" href=\"https:\/\/miumjau.ee\/lv\/produkts\/proper-pets-majdzivnieku-spalvu-nonemejs\/\" \/>\n<meta property=\"og:locale\" content=\"lv_LV\" \/>\n<meta property=\"og:type\" content=\"article\" \/>\n<meta property=\"og:title\" content=\"Proper Pets m\u0101jdz\u012bvnieku spalvu no\u0146\u0113m\u0113js - MiuMjau\" \/>\n<meta property=\"og:description\" content=\"Spalvas paz\u016bd acumirkl\u012b \u2013 vienk\u0101r\u0161i, \u0101tri un efekt\u012bvi!\u0160\u012b \u012bpa\u0161\u0101 birste no\u0146em m\u0101jdz\u012bvnieku spalvas no d\u012bv\u0101niem, pakl\u0101jiem, kr\u0113sliem, ap\u0123\u0113rba u.c. K\u0101 tas darbojas?Novietojiet birsti uz t\u012br\u0101m\u0101s virsmas un viegli paberz\u0113jiet \u2013 sp\u0113ks nav nepiecie\u0161ams.Sav\u0101kt\u0101s spalvas var viegli no\u0146emt, pakratot birsti pret gr\u012bdu vai noskalojot zem teko\u0161a \u016bdens. Priek\u0161roc\u012bbas:\u2714 \u0100tri un bez piep\u016bles no\u0146em spalvas\u2714 Higi\u0113nisks\u2714 Viegli t\u012br\u0101ms Izm\u0113rs: 4 \u00d7 12 \u00d7 4 cm Ide\u0101li piem\u0113rots ikvienai m\u0101jdz\u012bvnieku m\u0101jai!\" \/>\n<meta property=\"og:url\" content=\"https:\/\/miumjau.ee\/lv\/produkts\/proper-pets-majdzivnieku-spalvu-nonemejs\/\" \/>\n<meta property=\"og:site_name\" content=\"MiuMjau\" \/>\n<meta property=\"article:publisher\" content=\"https:\/\/www.facebook.com\/miumjaupood\/\" \/>\n<meta property=\"article:modified_time\" content=\"2026-01-07T19:13:33+00:00\" \/>\n<meta property=\"og:image\" content=\"https:\/\/miumjau.ee\/wp-content\/uploads\/2025\/06\/Karvade-eemaldaja-proper-pets.jpg\" \/>\n\t<meta property=\"og:image:width\" content=\"600\" \/>\n\t<meta property=\"og:image:height\" content=\"800\" \/>\n\t<meta property=\"og:image:type\" content=\"image\/jpeg\" \/>\n<meta name=\"twitter:card\" content=\"summary_large_image\" \/>\n<script type=\"application\/ld+json\" class=\"yoast-schema-graph\">{\"@context\":\"https:\/\/schema.org\",\"@graph\":[{\"@type\":\"WebPage\",\"@id\":\"https:\/\/miumjau.ee\/lv\/produkts\/proper-pets-majdzivnieku-spalvu-nonemejs\/\",\"url\":\"https:\/\/miumjau.ee\/lv\/produkts\/proper-pets-majdzivnieku-spalvu-nonemejs\/\",\"name\":\"Proper Pets m\u0101jdz\u012bvnieku spalvu no\u0146\u0113m\u0113js - MiuMjau\",\"isPartOf\":{\"@id\":\"https:\/\/miumjau.ee\/#website\"},\"primaryImageOfPage\":{\"@id\":\"https:\/\/miumjau.ee\/lv\/produkts\/proper-pets-majdzivnieku-spalvu-nonemejs\/#primaryimage\"},\"image\":{\"@id\":\"https:\/\/miumjau.ee\/lv\/produkts\/proper-pets-majdzivnieku-spalvu-nonemejs\/#primaryimage\"},\"thumbnailUrl\":\"https:\/\/miumjau.ee\/wp-content\/uploads\/2025\/06\/Karvade-eemaldaja-proper-pets.jpg\",\"datePublished\":\"2025-06-25T15:02:43+00:00\",\"dateModified\":\"2026-01-07T19:13:33+00:00\",\"breadcrumb\":{\"@id\":\"https:\/\/miumjau.ee\/lv\/produkts\/proper-pets-majdzivnieku-spalvu-nonemejs\/#breadcrumb\"},\"inLanguage\":\"lv-LV\",\"potentialAction\":[{\"@type\":\"ReadAction\",\"target\":[\"https:\/\/miumjau.ee\/lv\/produkts\/proper-pets-majdzivnieku-spalvu-nonemejs\/\"]}]},{\"@type\":\"ImageObject\",\"inLanguage\":\"lv-LV\",\"@id\":\"https:\/\/miumjau.ee\/lv\/produkts\/proper-pets-majdzivnieku-spalvu-nonemejs\/#primaryimage\",\"url\":\"https:\/\/miumjau.ee\/wp-content\/uploads\/2025\/06\/Karvade-eemaldaja-proper-pets.jpg\",\"contentUrl\":\"https:\/\/miumjau.ee\/wp-content\/uploads\/2025\/06\/Karvade-eemaldaja-proper-pets.jpg\",\"width\":600,\"height\":800},{\"@type\":\"BreadcrumbList\",\"@id\":\"https:\/\/miumjau.ee\/lv\/produkts\/proper-pets-majdzivnieku-spalvu-nonemejs\/#breadcrumb\",\"itemListElement\":[{\"@type\":\"ListItem\",\"position\":1,\"name\":\"Home\",\"item\":\"https:\/\/miumjau.ee\/lv\/\"},{\"@type\":\"ListItem\",\"position\":2,\"name\":\"Veikals\",\"item\":\"https:\/\/miumjau.ee\/lv\/veikals\/\"},{\"@type\":\"ListItem\",\"position\":3,\"name\":\"Proper Pets m\u0101jdz\u012bvnieku spalvu no\u0146\u0113m\u0113js\"}]},{\"@type\":\"WebSite\",\"@id\":\"https:\/\/miumjau.ee\/#website\",\"url\":\"https:\/\/miumjau.ee\/\",\"name\":\"MiuMjau\",\"description\":\"Kraapimispuud kassidele\",\"publisher\":{\"@id\":\"https:\/\/miumjau.ee\/#organization\"},\"potentialAction\":[{\"@type\":\"SearchAction\",\"target\":{\"@type\":\"EntryPoint\",\"urlTemplate\":\"https:\/\/miumjau.ee\/?s={search_term_string}\"},\"query-input\":{\"@type\":\"PropertyValueSpecification\",\"valueRequired\":true,\"valueName\":\"search_term_string\"}}],\"inLanguage\":\"lv-LV\"},{\"@type\":\"Organization\",\"@id\":\"https:\/\/miumjau.ee\/#organization\",\"name\":\"MiuMjau O\u00dc\",\"url\":\"https:\/\/miumjau.ee\/\",\"logo\":{\"@type\":\"ImageObject\",\"inLanguage\":\"lv-LV\",\"@id\":\"https:\/\/miumjau.ee\/#\/schema\/logo\/image\/\",\"url\":\"https:\/\/miumjau.ee\/wp-content\/uploads\/2022\/04\/MiuMjau-logo-kollane.png\",\"contentUrl\":\"https:\/\/miumjau.ee\/wp-content\/uploads\/2022\/04\/MiuMjau-logo-kollane.png\",\"width\":219,\"height\":100,\"caption\":\"MiuMjau O\u00dc\"},\"image\":{\"@id\":\"https:\/\/miumjau.ee\/#\/schema\/logo\/image\/\"},\"sameAs\":[\"https:\/\/www.facebook.com\/miumjaupood\/\"]}]}<\/script>\n<!-- \/ Yoast SEO plugin. -->","yoast_head_json":{"title":"Proper Pets m\u0101jdz\u012bvnieku spalvu no\u0146\u0113m\u0113js - MiuMjau","robots":{"index":"index","follow":"follow","max-snippet":"max-snippet:-1","max-image-preview":"max-image-preview:large","max-video-preview":"max-video-preview:-1"},"canonical":"https:\/\/miumjau.ee\/lv\/produkts\/proper-pets-majdzivnieku-spalvu-nonemejs\/","og_locale":"lv_LV","og_type":"article","og_title":"Proper Pets m\u0101jdz\u012bvnieku spalvu no\u0146\u0113m\u0113js - MiuMjau","og_description":"Spalvas paz\u016bd acumirkl\u012b \u2013 vienk\u0101r\u0161i, \u0101tri un efekt\u012bvi!\u0160\u012b \u012bpa\u0161\u0101 birste no\u0146em m\u0101jdz\u012bvnieku spalvas no d\u012bv\u0101niem, pakl\u0101jiem, kr\u0113sliem, ap\u0123\u0113rba u.c. K\u0101 tas darbojas?Novietojiet birsti uz t\u012br\u0101m\u0101s virsmas un viegli paberz\u0113jiet \u2013 sp\u0113ks nav nepiecie\u0161ams.Sav\u0101kt\u0101s spalvas var viegli no\u0146emt, pakratot birsti pret gr\u012bdu vai noskalojot zem teko\u0161a \u016bdens. Priek\u0161roc\u012bbas:\u2714 \u0100tri un bez piep\u016bles no\u0146em spalvas\u2714 Higi\u0113nisks\u2714 Viegli t\u012br\u0101ms Izm\u0113rs: 4 \u00d7 12 \u00d7 4 cm Ide\u0101li piem\u0113rots ikvienai m\u0101jdz\u012bvnieku m\u0101jai!","og_url":"https:\/\/miumjau.ee\/lv\/produkts\/proper-pets-majdzivnieku-spalvu-nonemejs\/","og_site_name":"MiuMjau","article_publisher":"https:\/\/www.facebook.com\/miumjaupood\/","article_modified_time":"2026-01-07T19:13:33+00:00","og_image":[{"width":600,"height":800,"url":"https:\/\/miumjau.ee\/wp-content\/uploads\/2025\/06\/Karvade-eemaldaja-proper-pets.jpg","type":"image\/jpeg"}],"twitter_card":"summary_large_image","schema":{"@context":"https:\/\/schema.org","@graph":[{"@type":"WebPage","@id":"https:\/\/miumjau.ee\/lv\/produkts\/proper-pets-majdzivnieku-spalvu-nonemejs\/","url":"https:\/\/miumjau.ee\/lv\/produkts\/proper-pets-majdzivnieku-spalvu-nonemejs\/","name":"Proper Pets m\u0101jdz\u012bvnieku spalvu no\u0146\u0113m\u0113js - MiuMjau","isPartOf":{"@id":"https:\/\/miumjau.ee\/#website"},"primaryImageOfPage":{"@id":"https:\/\/miumjau.ee\/lv\/produkts\/proper-pets-majdzivnieku-spalvu-nonemejs\/#primaryimage"},"image":{"@id":"https:\/\/miumjau.ee\/lv\/produkts\/proper-pets-majdzivnieku-spalvu-nonemejs\/#primaryimage"},"thumbnailUrl":"https:\/\/miumjau.ee\/wp-content\/uploads\/2025\/06\/Karvade-eemaldaja-proper-pets.jpg","datePublished":"2025-06-25T15:02:43+00:00","dateModified":"2026-01-07T19:13:33+00:00","breadcrumb":{"@id":"https:\/\/miumjau.ee\/lv\/produkts\/proper-pets-majdzivnieku-spalvu-nonemejs\/#breadcrumb"},"inLanguage":"lv-LV","potentialAction":[{"@type":"ReadAction","target":["https:\/\/miumjau.ee\/lv\/produkts\/proper-pets-majdzivnieku-spalvu-nonemejs\/"]}]},{"@type":"ImageObject","inLanguage":"lv-LV","@id":"https:\/\/miumjau.ee\/lv\/produkts\/proper-pets-majdzivnieku-spalvu-nonemejs\/#primaryimage","url":"https:\/\/miumjau.ee\/wp-content\/uploads\/2025\/06\/Karvade-eemaldaja-proper-pets.jpg","contentUrl":"https:\/\/miumjau.ee\/wp-content\/uploads\/2025\/06\/Karvade-eemaldaja-proper-pets.jpg","width":600,"height":800},{"@type":"BreadcrumbList","@id":"https:\/\/miumjau.ee\/lv\/produkts\/proper-pets-majdzivnieku-spalvu-nonemejs\/#breadcrumb","itemListElement":[{"@type":"ListItem","position":1,"name":"Home","item":"https:\/\/miumjau.ee\/lv\/"},{"@type":"ListItem","position":2,"name":"Veikals","item":"https:\/\/miumjau.ee\/lv\/veikals\/"},{"@type":"ListItem","position":3,"name":"Proper Pets m\u0101jdz\u012bvnieku spalvu no\u0146\u0113m\u0113js"}]},{"@type":"WebSite","@id":"https:\/\/miumjau.ee\/#website","url":"https:\/\/miumjau.ee\/","name":"MiuMjau","description":"Kraapimispuud kassidele","publisher":{"@id":"https:\/\/miumjau.ee\/#organization"},"potentialAction":[{"@type":"SearchAction","target":{"@type":"EntryPoint","urlTemplate":"https:\/\/miumjau.ee\/?s={search_term_string}"},"query-input":{"@type":"PropertyValueSpecification","valueRequired":true,"valueName":"search_term_string"}}],"inLanguage":"lv-LV"},{"@type":"Organization","@id":"https:\/\/miumjau.ee\/#organization","name":"MiuMjau O\u00dc","url":"https:\/\/miumjau.ee\/","logo":{"@type":"ImageObject","inLanguage":"lv-LV","@id":"https:\/\/miumjau.ee\/#\/schema\/logo\/image\/","url":"https:\/\/miumjau.ee\/wp-content\/uploads\/2022\/04\/MiuMjau-logo-kollane.png","contentUrl":"https:\/\/miumjau.ee\/wp-content\/uploads\/2022\/04\/MiuMjau-logo-kollane.png","width":219,"height":100,"caption":"MiuMjau O\u00dc"},"image":{"@id":"https:\/\/miumjau.ee\/#\/schema\/logo\/image\/"},"sameAs":["https:\/\/www.facebook.com\/miumjaupood\/"]}]}},"_links":{"self":[{"href":"https:\/\/miumjau.ee\/lv\/wp-json\/wp\/v2\/product\/50822","targetHints":{"allow":["GET"]}}],"collection":[{"href":"https:\/\/miumjau.ee\/lv\/wp-json\/wp\/v2\/product"}],"about":[{"href":"https:\/\/miumjau.ee\/lv\/wp-json\/wp\/v2\/types\/product"}],"wp:featuredmedia":[{"embeddable":true,"href":"https:\/\/miumjau.ee\/lv\/wp-json\/wp\/v2\/media\/50823"}],"wp:attachment":[{"href":"https:\/\/miumjau.ee\/lv\/wp-json\/wp\/v2\/media?parent=50822"}],"wp:term":[{"taxonomy":"product_brand","embeddable":true,"href":"https:\/\/miumjau.ee\/lv\/wp-json\/wp\/v2\/product_brand?post=50822"},{"taxonomy":"product_cat","embeddable":true,"href":"https:\/\/miumjau.ee\/lv\/wp-json\/wp\/v2\/product_cat?post=50822"},{"taxonomy":"product_tag","embeddable":true,"href":"https:\/\/miumjau.ee\/lv\/wp-json\/wp\/v2\/product_tag?post=50822"}],"curies":[{"name":"wp","href":"https:\/\/api.w.org\/{rel}","templated":true}]}}