{"id":50803,"date":"2025-07-20T11:23:24","date_gmt":"2025-07-20T08:23:24","guid":{"rendered":"https:\/\/miumjau.ee\/toode\/churu-fun-bites-gardumi-suniem-ar-vistu-un-kirbi-12-g-x-8\/"},"modified":"2026-01-07T21:13:41","modified_gmt":"2026-01-07T19:13:41","slug":"churu-fun-bites-gardumi-suniem-ar-vistu-un-kirbi-12-g-x-8","status":"publish","type":"product","link":"https:\/\/miumjau.ee\/lv\/produkts\/churu-fun-bites-gardumi-suniem-ar-vistu-un-kirbi-12-g-x-8\/","title":{"rendered":"Churu Fun Bites gardumi su\u0146iem ar vistu un \u0137irbi 12 g x 8"},"content":{"rendered":"","protected":false},"excerpt":{"rendered":"<p data-start=\"3021\" data-end=\"3085\">Churu Bites \u2013 vistas gar\u0161as gardumi ar vistu un \u0137irbju pild\u012bjumu<\/p>\n<p data-start=\"3087\" data-end=\"3255\"><strong data-start=\"3087\" data-end=\"3113\">UZTICAMAS SAST\u0100VDA\u013bAS:<\/strong> Visi Inaba produkti tiek ra\u017eoti no gard\u0101m un augstas kvalit\u0101tes sast\u0101vda\u013c\u0101m, tostarp saimniec\u012bb\u0101s audz\u0113tas vistas un\/vai savva\u013c\u0101 \u0137erta tun\u010da.<\/p>\n<p data-start=\"3257\" data-end=\"3527\"><strong data-start=\"3257\" data-end=\"3279\">DIVK\u0100R\u0160A TEKST\u016aRA:<\/strong> Katrs spilventi\u0146a formas gardums ir pagatavots no m\u012bkstas, kr\u0101sn\u012b ceptas vistas pastas un nesatur graudaugus, konservantus, karagin\u0101nu vai m\u0101ksl\u012bg\u0101s kr\u0101svielas. Iek\u0161pus\u0113 ir Inaba Churu kr\u0113m\u012bgais pild\u012bjums, kas nodro\u0161ina pat\u012bkamu divk\u0101r\u0161u tekst\u016bru.<\/p>\n<p data-start=\"3529\" data-end=\"3678\"><strong data-start=\"3529\" data-end=\"3549\">\u0112RTS IEPAKOJUMS:<\/strong> Katr\u0101 iepakojum\u0101 ir 8 porcij\u0101s sadal\u012bti paci\u0146u (aptuveni 12 gardumi katr\u0101), kas pal\u012bdz saglab\u0101t svaigumu un nov\u0113rst p\u0101rbaro\u0161anu.<\/p>\n<p data-start=\"3680\" data-end=\"3841\"><strong data-start=\"3680\" data-end=\"3710\">PAT IZV\u0112L\u012aGI SU\u0145I TOS M\u012aL:<\/strong> Pat visizv\u0113l\u012bg\u0101kie su\u0146i ar prieku ap\u0113d \u0161os gardos kumosus no rokas \u2013 lieliski piem\u0113roti ar\u012b nelielu table\u0161u pasl\u0113p\u0161anai pild\u012bjum\u0101.<\/p>\n<p data-start=\"3843\" data-end=\"4090\"><strong data-start=\"3843\" data-end=\"3875\">M\u012aKSTI, GAR\u0160\u012aGI UN VESEL\u012aGI:<\/strong> Katrs gardums satur 69 % mitruma, kas pal\u012bdz uztur\u0113t su\u0146a hidrat\u0101ciju, un apm\u0113ram 18 kcal porcij\u0101 \u2013 zemas kalorit\u0101tes na\u0161\u0137is. Satur ar\u012b E vitam\u012bnu (imunit\u0101tes atbalstam) un za\u013c\u0101s t\u0113jas ekstraktu (k\u0101 antioksidantu).<\/p>\n<p data-start=\"4092\" data-end=\"4201\"><strong data-start=\"4092\" data-end=\"4117\">Baro\u0161anas nor\u0101d\u012bjumi:<\/strong><br data-start=\"4117\" data-end=\"4120\" \/>Dot k\u0101 na\u0161\u0137i, nevis pilnv\u0113rt\u012bgu bar\u012bbu. Vienm\u0113r nodro\u0161iniet svaigu dzeramo \u016bdeni.<\/p>\n<p data-start=\"4203\" data-end=\"4288\"><strong data-start=\"4203\" data-end=\"4219\">Uzglab\u0101\u0161ana:<\/strong><br data-start=\"4219\" data-end=\"4222\" \/>P\u0113c atv\u0113r\u0161anas uzglab\u0101t ledusskap\u012b un izlietot p\u0113c iesp\u0113jas \u0101tr\u0101k.<\/p>\n","protected":false},"featured_media":50801,"template":"","meta":[],"product_brand":[],"product_cat":[576],"product_tag":[],"class_list":{"0":"post-50803","1":"product","2":"type-product","3":"status-publish","4":"has-post-thumbnail","6":"product_cat-naski-suniem","8":"first","9":"instock","10":"sale","11":"taxable","12":"shipping-taxable","13":"purchasable","14":"product-type-simple"},"yoast_head":"<!-- This site is optimized with the Yoast SEO plugin v27.2 - https:\/\/yoast.com\/product\/yoast-seo-wordpress\/ -->\n<title>Churu Fun Bites gardumi su\u0146iem ar vistu un \u0137irbi 12 g x 8 - MiuMjau<\/title>\n<meta name=\"robots\" content=\"index, follow, max-snippet:-1, max-image-preview:large, max-video-preview:-1\" \/>\n<link rel=\"canonical\" href=\"https:\/\/miumjau.ee\/lv\/produkts\/churu-fun-bites-gardumi-suniem-ar-vistu-un-kirbi-12-g-x-8\/\" \/>\n<meta property=\"og:locale\" content=\"lv_LV\" \/>\n<meta property=\"og:type\" content=\"article\" \/>\n<meta property=\"og:title\" content=\"Churu Fun Bites gardumi su\u0146iem ar vistu un \u0137irbi 12 g x 8 - MiuMjau\" \/>\n<meta property=\"og:description\" content=\"Churu Bites \u2013 vistas gar\u0161as gardumi ar vistu un \u0137irbju pild\u012bjumu UZTICAMAS SAST\u0100VDA\u013bAS: Visi Inaba produkti tiek ra\u017eoti no gard\u0101m un augstas kvalit\u0101tes sast\u0101vda\u013c\u0101m, tostarp saimniec\u012bb\u0101s audz\u0113tas vistas un\/vai savva\u013c\u0101 \u0137erta tun\u010da. DIVK\u0100R\u0160A TEKST\u016aRA: Katrs spilventi\u0146a formas gardums ir pagatavots no m\u012bkstas, kr\u0101sn\u012b ceptas vistas pastas un nesatur graudaugus, konservantus, karagin\u0101nu vai m\u0101ksl\u012bg\u0101s kr\u0101svielas. Iek\u0161pus\u0113 ir Inaba Churu kr\u0113m\u012bgais pild\u012bjums, kas nodro\u0161ina pat\u012bkamu divk\u0101r\u0161u tekst\u016bru. \u0112RTS IEPAKOJUMS: Katr\u0101 iepakojum\u0101 ir 8 porcij\u0101s sadal\u012bti paci\u0146u (aptuveni 12 gardumi katr\u0101), kas pal\u012bdz saglab\u0101t svaigumu un nov\u0113rst p\u0101rbaro\u0161anu. PAT IZV\u0112L\u012aGI SU\u0145I TOS M\u012aL: Pat visizv\u0113l\u012bg\u0101kie su\u0146i ar prieku ap\u0113d \u0161os gardos kumosus no rokas \u2013 lieliski piem\u0113roti ar\u012b nelielu table\u0161u pasl\u0113p\u0161anai pild\u012bjum\u0101. M\u012aKSTI, GAR\u0160\u012aGI UN VESEL\u012aGI: Katrs gardums satur 69 % mitruma, kas pal\u012bdz uztur\u0113t su\u0146a hidrat\u0101ciju, un apm\u0113ram 18 kcal porcij\u0101 \u2013 zemas kalorit\u0101tes na\u0161\u0137is. Satur ar\u012b E vitam\u012bnu (imunit\u0101tes atbalstam) un za\u013c\u0101s t\u0113jas ekstraktu (k\u0101 antioksidantu). Baro\u0161anas nor\u0101d\u012bjumi:Dot k\u0101 na\u0161\u0137i, nevis pilnv\u0113rt\u012bgu bar\u012bbu. Vienm\u0113r nodro\u0161iniet svaigu dzeramo \u016bdeni. Uzglab\u0101\u0161ana:P\u0113c atv\u0113r\u0161anas uzglab\u0101t ledusskap\u012b un izlietot p\u0113c iesp\u0113jas \u0101tr\u0101k.\" \/>\n<meta property=\"og:url\" content=\"https:\/\/miumjau.ee\/lv\/produkts\/churu-fun-bites-gardumi-suniem-ar-vistu-un-kirbi-12-g-x-8\/\" \/>\n<meta property=\"og:site_name\" content=\"MiuMjau\" \/>\n<meta property=\"article:publisher\" content=\"https:\/\/www.facebook.com\/miumjaupood\/\" \/>\n<meta property=\"article:modified_time\" content=\"2026-01-07T19:13:41+00:00\" \/>\n<meta property=\"og:image\" content=\"https:\/\/miumjau.ee\/wp-content\/uploads\/2025\/07\/churu-fun-bites-koertele-korvits.jpg\" \/>\n\t<meta property=\"og:image:width\" content=\"600\" \/>\n\t<meta property=\"og:image:height\" content=\"800\" \/>\n\t<meta property=\"og:image:type\" content=\"image\/jpeg\" \/>\n<meta name=\"twitter:card\" content=\"summary_large_image\" \/>\n<script type=\"application\/ld+json\" class=\"yoast-schema-graph\">{\"@context\":\"https:\/\/schema.org\",\"@graph\":[{\"@type\":\"WebPage\",\"@id\":\"https:\/\/miumjau.ee\/lv\/produkts\/churu-fun-bites-gardumi-suniem-ar-vistu-un-kirbi-12-g-x-8\/\",\"url\":\"https:\/\/miumjau.ee\/lv\/produkts\/churu-fun-bites-gardumi-suniem-ar-vistu-un-kirbi-12-g-x-8\/\",\"name\":\"Churu Fun Bites gardumi su\u0146iem ar vistu un \u0137irbi 12 g x 8 - MiuMjau\",\"isPartOf\":{\"@id\":\"https:\/\/miumjau.ee\/#website\"},\"primaryImageOfPage\":{\"@id\":\"https:\/\/miumjau.ee\/lv\/produkts\/churu-fun-bites-gardumi-suniem-ar-vistu-un-kirbi-12-g-x-8\/#primaryimage\"},\"image\":{\"@id\":\"https:\/\/miumjau.ee\/lv\/produkts\/churu-fun-bites-gardumi-suniem-ar-vistu-un-kirbi-12-g-x-8\/#primaryimage\"},\"thumbnailUrl\":\"https:\/\/miumjau.ee\/wp-content\/uploads\/2025\/07\/churu-fun-bites-koertele-korvits.jpg\",\"datePublished\":\"2025-07-20T08:23:24+00:00\",\"dateModified\":\"2026-01-07T19:13:41+00:00\",\"breadcrumb\":{\"@id\":\"https:\/\/miumjau.ee\/lv\/produkts\/churu-fun-bites-gardumi-suniem-ar-vistu-un-kirbi-12-g-x-8\/#breadcrumb\"},\"inLanguage\":\"lv-LV\",\"potentialAction\":[{\"@type\":\"ReadAction\",\"target\":[\"https:\/\/miumjau.ee\/lv\/produkts\/churu-fun-bites-gardumi-suniem-ar-vistu-un-kirbi-12-g-x-8\/\"]}]},{\"@type\":\"ImageObject\",\"inLanguage\":\"lv-LV\",\"@id\":\"https:\/\/miumjau.ee\/lv\/produkts\/churu-fun-bites-gardumi-suniem-ar-vistu-un-kirbi-12-g-x-8\/#primaryimage\",\"url\":\"https:\/\/miumjau.ee\/wp-content\/uploads\/2025\/07\/churu-fun-bites-koertele-korvits.jpg\",\"contentUrl\":\"https:\/\/miumjau.ee\/wp-content\/uploads\/2025\/07\/churu-fun-bites-koertele-korvits.jpg\",\"width\":600,\"height\":800},{\"@type\":\"BreadcrumbList\",\"@id\":\"https:\/\/miumjau.ee\/lv\/produkts\/churu-fun-bites-gardumi-suniem-ar-vistu-un-kirbi-12-g-x-8\/#breadcrumb\",\"itemListElement\":[{\"@type\":\"ListItem\",\"position\":1,\"name\":\"Home\",\"item\":\"https:\/\/miumjau.ee\/lv\/\"},{\"@type\":\"ListItem\",\"position\":2,\"name\":\"Veikals\",\"item\":\"https:\/\/miumjau.ee\/lv\/veikals\/\"},{\"@type\":\"ListItem\",\"position\":3,\"name\":\"Churu Fun Bites gardumi su\u0146iem ar vistu un \u0137irbi 12 g x 8\"}]},{\"@type\":\"WebSite\",\"@id\":\"https:\/\/miumjau.ee\/#website\",\"url\":\"https:\/\/miumjau.ee\/\",\"name\":\"MiuMjau\",\"description\":\"Kraapimispuud kassidele\",\"publisher\":{\"@id\":\"https:\/\/miumjau.ee\/#organization\"},\"potentialAction\":[{\"@type\":\"SearchAction\",\"target\":{\"@type\":\"EntryPoint\",\"urlTemplate\":\"https:\/\/miumjau.ee\/?s={search_term_string}\"},\"query-input\":{\"@type\":\"PropertyValueSpecification\",\"valueRequired\":true,\"valueName\":\"search_term_string\"}}],\"inLanguage\":\"lv-LV\"},{\"@type\":\"Organization\",\"@id\":\"https:\/\/miumjau.ee\/#organization\",\"name\":\"MiuMjau O\u00dc\",\"url\":\"https:\/\/miumjau.ee\/\",\"logo\":{\"@type\":\"ImageObject\",\"inLanguage\":\"lv-LV\",\"@id\":\"https:\/\/miumjau.ee\/#\/schema\/logo\/image\/\",\"url\":\"https:\/\/miumjau.ee\/wp-content\/uploads\/2022\/04\/MiuMjau-logo-kollane.png\",\"contentUrl\":\"https:\/\/miumjau.ee\/wp-content\/uploads\/2022\/04\/MiuMjau-logo-kollane.png\",\"width\":219,\"height\":100,\"caption\":\"MiuMjau O\u00dc\"},\"image\":{\"@id\":\"https:\/\/miumjau.ee\/#\/schema\/logo\/image\/\"},\"sameAs\":[\"https:\/\/www.facebook.com\/miumjaupood\/\"]}]}<\/script>\n<!-- \/ Yoast SEO plugin. -->","yoast_head_json":{"title":"Churu Fun Bites gardumi su\u0146iem ar vistu un \u0137irbi 12 g x 8 - MiuMjau","robots":{"index":"index","follow":"follow","max-snippet":"max-snippet:-1","max-image-preview":"max-image-preview:large","max-video-preview":"max-video-preview:-1"},"canonical":"https:\/\/miumjau.ee\/lv\/produkts\/churu-fun-bites-gardumi-suniem-ar-vistu-un-kirbi-12-g-x-8\/","og_locale":"lv_LV","og_type":"article","og_title":"Churu Fun Bites gardumi su\u0146iem ar vistu un \u0137irbi 12 g x 8 - MiuMjau","og_description":"Churu Bites \u2013 vistas gar\u0161as gardumi ar vistu un \u0137irbju pild\u012bjumu UZTICAMAS SAST\u0100VDA\u013bAS: Visi Inaba produkti tiek ra\u017eoti no gard\u0101m un augstas kvalit\u0101tes sast\u0101vda\u013c\u0101m, tostarp saimniec\u012bb\u0101s audz\u0113tas vistas un\/vai savva\u013c\u0101 \u0137erta tun\u010da. DIVK\u0100R\u0160A TEKST\u016aRA: Katrs spilventi\u0146a formas gardums ir pagatavots no m\u012bkstas, kr\u0101sn\u012b ceptas vistas pastas un nesatur graudaugus, konservantus, karagin\u0101nu vai m\u0101ksl\u012bg\u0101s kr\u0101svielas. Iek\u0161pus\u0113 ir Inaba Churu kr\u0113m\u012bgais pild\u012bjums, kas nodro\u0161ina pat\u012bkamu divk\u0101r\u0161u tekst\u016bru. \u0112RTS IEPAKOJUMS: Katr\u0101 iepakojum\u0101 ir 8 porcij\u0101s sadal\u012bti paci\u0146u (aptuveni 12 gardumi katr\u0101), kas pal\u012bdz saglab\u0101t svaigumu un nov\u0113rst p\u0101rbaro\u0161anu. PAT IZV\u0112L\u012aGI SU\u0145I TOS M\u012aL: Pat visizv\u0113l\u012bg\u0101kie su\u0146i ar prieku ap\u0113d \u0161os gardos kumosus no rokas \u2013 lieliski piem\u0113roti ar\u012b nelielu table\u0161u pasl\u0113p\u0161anai pild\u012bjum\u0101. M\u012aKSTI, GAR\u0160\u012aGI UN VESEL\u012aGI: Katrs gardums satur 69 % mitruma, kas pal\u012bdz uztur\u0113t su\u0146a hidrat\u0101ciju, un apm\u0113ram 18 kcal porcij\u0101 \u2013 zemas kalorit\u0101tes na\u0161\u0137is. Satur ar\u012b E vitam\u012bnu (imunit\u0101tes atbalstam) un za\u013c\u0101s t\u0113jas ekstraktu (k\u0101 antioksidantu). Baro\u0161anas nor\u0101d\u012bjumi:Dot k\u0101 na\u0161\u0137i, nevis pilnv\u0113rt\u012bgu bar\u012bbu. Vienm\u0113r nodro\u0161iniet svaigu dzeramo \u016bdeni. Uzglab\u0101\u0161ana:P\u0113c atv\u0113r\u0161anas uzglab\u0101t ledusskap\u012b un izlietot p\u0113c iesp\u0113jas \u0101tr\u0101k.","og_url":"https:\/\/miumjau.ee\/lv\/produkts\/churu-fun-bites-gardumi-suniem-ar-vistu-un-kirbi-12-g-x-8\/","og_site_name":"MiuMjau","article_publisher":"https:\/\/www.facebook.com\/miumjaupood\/","article_modified_time":"2026-01-07T19:13:41+00:00","og_image":[{"width":600,"height":800,"url":"https:\/\/miumjau.ee\/wp-content\/uploads\/2025\/07\/churu-fun-bites-koertele-korvits.jpg","type":"image\/jpeg"}],"twitter_card":"summary_large_image","schema":{"@context":"https:\/\/schema.org","@graph":[{"@type":"WebPage","@id":"https:\/\/miumjau.ee\/lv\/produkts\/churu-fun-bites-gardumi-suniem-ar-vistu-un-kirbi-12-g-x-8\/","url":"https:\/\/miumjau.ee\/lv\/produkts\/churu-fun-bites-gardumi-suniem-ar-vistu-un-kirbi-12-g-x-8\/","name":"Churu Fun Bites gardumi su\u0146iem ar vistu un \u0137irbi 12 g x 8 - MiuMjau","isPartOf":{"@id":"https:\/\/miumjau.ee\/#website"},"primaryImageOfPage":{"@id":"https:\/\/miumjau.ee\/lv\/produkts\/churu-fun-bites-gardumi-suniem-ar-vistu-un-kirbi-12-g-x-8\/#primaryimage"},"image":{"@id":"https:\/\/miumjau.ee\/lv\/produkts\/churu-fun-bites-gardumi-suniem-ar-vistu-un-kirbi-12-g-x-8\/#primaryimage"},"thumbnailUrl":"https:\/\/miumjau.ee\/wp-content\/uploads\/2025\/07\/churu-fun-bites-koertele-korvits.jpg","datePublished":"2025-07-20T08:23:24+00:00","dateModified":"2026-01-07T19:13:41+00:00","breadcrumb":{"@id":"https:\/\/miumjau.ee\/lv\/produkts\/churu-fun-bites-gardumi-suniem-ar-vistu-un-kirbi-12-g-x-8\/#breadcrumb"},"inLanguage":"lv-LV","potentialAction":[{"@type":"ReadAction","target":["https:\/\/miumjau.ee\/lv\/produkts\/churu-fun-bites-gardumi-suniem-ar-vistu-un-kirbi-12-g-x-8\/"]}]},{"@type":"ImageObject","inLanguage":"lv-LV","@id":"https:\/\/miumjau.ee\/lv\/produkts\/churu-fun-bites-gardumi-suniem-ar-vistu-un-kirbi-12-g-x-8\/#primaryimage","url":"https:\/\/miumjau.ee\/wp-content\/uploads\/2025\/07\/churu-fun-bites-koertele-korvits.jpg","contentUrl":"https:\/\/miumjau.ee\/wp-content\/uploads\/2025\/07\/churu-fun-bites-koertele-korvits.jpg","width":600,"height":800},{"@type":"BreadcrumbList","@id":"https:\/\/miumjau.ee\/lv\/produkts\/churu-fun-bites-gardumi-suniem-ar-vistu-un-kirbi-12-g-x-8\/#breadcrumb","itemListElement":[{"@type":"ListItem","position":1,"name":"Home","item":"https:\/\/miumjau.ee\/lv\/"},{"@type":"ListItem","position":2,"name":"Veikals","item":"https:\/\/miumjau.ee\/lv\/veikals\/"},{"@type":"ListItem","position":3,"name":"Churu Fun Bites gardumi su\u0146iem ar vistu un \u0137irbi 12 g x 8"}]},{"@type":"WebSite","@id":"https:\/\/miumjau.ee\/#website","url":"https:\/\/miumjau.ee\/","name":"MiuMjau","description":"Kraapimispuud kassidele","publisher":{"@id":"https:\/\/miumjau.ee\/#organization"},"potentialAction":[{"@type":"SearchAction","target":{"@type":"EntryPoint","urlTemplate":"https:\/\/miumjau.ee\/?s={search_term_string}"},"query-input":{"@type":"PropertyValueSpecification","valueRequired":true,"valueName":"search_term_string"}}],"inLanguage":"lv-LV"},{"@type":"Organization","@id":"https:\/\/miumjau.ee\/#organization","name":"MiuMjau O\u00dc","url":"https:\/\/miumjau.ee\/","logo":{"@type":"ImageObject","inLanguage":"lv-LV","@id":"https:\/\/miumjau.ee\/#\/schema\/logo\/image\/","url":"https:\/\/miumjau.ee\/wp-content\/uploads\/2022\/04\/MiuMjau-logo-kollane.png","contentUrl":"https:\/\/miumjau.ee\/wp-content\/uploads\/2022\/04\/MiuMjau-logo-kollane.png","width":219,"height":100,"caption":"MiuMjau O\u00dc"},"image":{"@id":"https:\/\/miumjau.ee\/#\/schema\/logo\/image\/"},"sameAs":["https:\/\/www.facebook.com\/miumjaupood\/"]}]}},"_links":{"self":[{"href":"https:\/\/miumjau.ee\/lv\/wp-json\/wp\/v2\/product\/50803","targetHints":{"allow":["GET"]}}],"collection":[{"href":"https:\/\/miumjau.ee\/lv\/wp-json\/wp\/v2\/product"}],"about":[{"href":"https:\/\/miumjau.ee\/lv\/wp-json\/wp\/v2\/types\/product"}],"wp:featuredmedia":[{"embeddable":true,"href":"https:\/\/miumjau.ee\/lv\/wp-json\/wp\/v2\/media\/50801"}],"wp:attachment":[{"href":"https:\/\/miumjau.ee\/lv\/wp-json\/wp\/v2\/media?parent=50803"}],"wp:term":[{"taxonomy":"product_brand","embeddable":true,"href":"https:\/\/miumjau.ee\/lv\/wp-json\/wp\/v2\/product_brand?post=50803"},{"taxonomy":"product_cat","embeddable":true,"href":"https:\/\/miumjau.ee\/lv\/wp-json\/wp\/v2\/product_cat?post=50803"},{"taxonomy":"product_tag","embeddable":true,"href":"https:\/\/miumjau.ee\/lv\/wp-json\/wp\/v2\/product_tag?post=50803"}],"curies":[{"name":"wp","href":"https:\/\/api.w.org\/{rel}","templated":true}]}}