{"id":50797,"date":"2025-05-16T00:06:56","date_gmt":"2025-05-15T21:06:56","guid":{"rendered":"https:\/\/miumjau.ee\/toode\/frigera-pussmitrie-un-galas-bagati-gardumi-ar-lasi-165-g\/"},"modified":"2026-01-07T21:13:41","modified_gmt":"2026-01-07T19:13:41","slug":"frigera-pussmitrie-un-galas-bagati-gardumi-ar-lasi-165-g","status":"publish","type":"product","link":"https:\/\/miumjau.ee\/lv\/produkts\/frigera-pussmitrie-un-galas-bagati-gardumi-ar-lasi-165-g\/","title":{"rendered":"Frigera pussmitrie un ga\u013cas bag\u0101ti gardumi ar lasi 165 g"},"content":{"rendered":"","protected":false},"excerpt":{"rendered":"<p data-start=\"1196\" data-end=\"1503\">Frigera pussmitro gardumu s\u0113rijas \u012bstie augst\u0101k\u0101s klases produkti! Bez glut\u0113na un ar \u012bpa\u0161i augstu ga\u013cas saturu \u2013 pat 85 %! Pat visjut\u012bg\u0101kie su\u0146i nesp\u0113j tiem pretoties. Izgatavoti tikai no lab\u0101kaj\u0101m pieejamaj\u0101m sast\u0101vda\u013c\u0101m, bez konservantiem un m\u0101ksl\u012bg\u0101m kr\u0101sviel\u0101m \u2013 vieni no vesel\u012bg\u0101kajiem gardumiem tirg\u016b.<\/p>\n<p data-start=\"1505\" data-end=\"1596\">T\u0101pat k\u0101 visi citi Frigera m\u012bkstie gardumi, ar\u012b \u0161ie ir \u0113rta izm\u0113ra un praktisk\u0101 iepakojum\u0101.<\/p>\n<p data-start=\"1598\" data-end=\"1755\"><strong data-start=\"1598\" data-end=\"1610\">Sast\u0101vs:<\/strong> ga\u013ca un dz\u012bvnieku izcelsmes produkti (85,00 % ga\u013cas saturs, tostarp 19,50 % zivju milti), augu izcelsmes produkti, e\u013c\u013cas un tauki, miner\u0101lvielas<\/p>\n<p data-start=\"1757\" data-end=\"1864\"><strong data-start=\"1757\" data-end=\"1782\">Anal\u012btiskais sast\u0101vs:<\/strong> j\u0113lprote\u012bns 47 %, j\u0113ltauki 9,1 %, j\u0113lpelni 13,5 %, j\u0113l\u0161\u0137iedra 2,4 %, mitrums 21 %<\/p>\n<p data-start=\"1866\" data-end=\"2120\"><strong data-start=\"1866\" data-end=\"1891\">Baro\u0161anas nor\u0101d\u012bjumi:<\/strong> Pied\u0101v\u0101jiet Frigera gardumus starp \u0113dienreiz\u0113m k\u0101 balvu vai na\u0161\u0137i sabalans\u0113ta uztura ietvaros. Vienm\u0113r uzraugiet suni baro\u0161anas laik\u0101. Nodro\u0161iniet past\u0101v\u012bgu piek\u013cuvi svaigam dzeramajam \u016bdenim. Nav paredz\u0113ts lieto\u0161anai cilv\u0113kiem.<\/p>\n","protected":false},"featured_media":47864,"template":"","meta":[],"product_brand":[],"product_cat":[576,573],"product_tag":[],"class_list":{"0":"post-50797","1":"product","2":"type-product","3":"status-publish","4":"has-post-thumbnail","6":"product_cat-naski-suniem","7":"product_cat-kaup24-lv","9":"first","10":"instock","11":"taxable","12":"shipping-taxable","13":"purchasable","14":"product-type-simple"},"yoast_head":"<!-- This site is optimized with the Yoast SEO plugin v27.2 - https:\/\/yoast.com\/product\/yoast-seo-wordpress\/ -->\n<title>Frigera pussmitrie un ga\u013cas bag\u0101ti gardumi ar lasi 165 g - MiuMjau<\/title>\n<meta name=\"robots\" content=\"index, follow, max-snippet:-1, max-image-preview:large, max-video-preview:-1\" \/>\n<link rel=\"canonical\" href=\"https:\/\/miumjau.ee\/lv\/produkts\/frigera-pussmitrie-un-galas-bagati-gardumi-ar-lasi-165-g\/\" \/>\n<meta property=\"og:locale\" content=\"lv_LV\" \/>\n<meta property=\"og:type\" content=\"article\" \/>\n<meta property=\"og:title\" content=\"Frigera pussmitrie un ga\u013cas bag\u0101ti gardumi ar lasi 165 g - MiuMjau\" \/>\n<meta property=\"og:description\" content=\"Frigera pussmitro gardumu s\u0113rijas \u012bstie augst\u0101k\u0101s klases produkti! Bez glut\u0113na un ar \u012bpa\u0161i augstu ga\u013cas saturu \u2013 pat 85 %! Pat visjut\u012bg\u0101kie su\u0146i nesp\u0113j tiem pretoties. Izgatavoti tikai no lab\u0101kaj\u0101m pieejamaj\u0101m sast\u0101vda\u013c\u0101m, bez konservantiem un m\u0101ksl\u012bg\u0101m kr\u0101sviel\u0101m \u2013 vieni no vesel\u012bg\u0101kajiem gardumiem tirg\u016b. T\u0101pat k\u0101 visi citi Frigera m\u012bkstie gardumi, ar\u012b \u0161ie ir \u0113rta izm\u0113ra un praktisk\u0101 iepakojum\u0101. Sast\u0101vs: ga\u013ca un dz\u012bvnieku izcelsmes produkti (85,00 % ga\u013cas saturs, tostarp 19,50 % zivju milti), augu izcelsmes produkti, e\u013c\u013cas un tauki, miner\u0101lvielas Anal\u012btiskais sast\u0101vs: j\u0113lprote\u012bns 47 %, j\u0113ltauki 9,1 %, j\u0113lpelni 13,5 %, j\u0113l\u0161\u0137iedra 2,4 %, mitrums 21 % Baro\u0161anas nor\u0101d\u012bjumi: Pied\u0101v\u0101jiet Frigera gardumus starp \u0113dienreiz\u0113m k\u0101 balvu vai na\u0161\u0137i sabalans\u0113ta uztura ietvaros. Vienm\u0113r uzraugiet suni baro\u0161anas laik\u0101. Nodro\u0161iniet past\u0101v\u012bgu piek\u013cuvi svaigam dzeramajam \u016bdenim. Nav paredz\u0113ts lieto\u0161anai cilv\u0113kiem.\" \/>\n<meta property=\"og:url\" content=\"https:\/\/miumjau.ee\/lv\/produkts\/frigera-pussmitrie-un-galas-bagati-gardumi-ar-lasi-165-g\/\" \/>\n<meta property=\"og:site_name\" content=\"MiuMjau\" \/>\n<meta property=\"article:publisher\" content=\"https:\/\/www.facebook.com\/miumjaupood\/\" \/>\n<meta property=\"article:modified_time\" content=\"2026-01-07T19:13:41+00:00\" \/>\n<meta property=\"og:image\" content=\"https:\/\/miumjau.ee\/wp-content\/uploads\/2025\/05\/frigera-poolniisked-pehmed-maiused-gluteenivaba-korge-lihasisaldusega-lohe-165g-1-Photoroom.jpg\" \/>\n\t<meta property=\"og:image:width\" content=\"600\" \/>\n\t<meta property=\"og:image:height\" content=\"800\" \/>\n\t<meta property=\"og:image:type\" content=\"image\/jpeg\" \/>\n<meta name=\"twitter:card\" content=\"summary_large_image\" \/>\n<script type=\"application\/ld+json\" class=\"yoast-schema-graph\">{\"@context\":\"https:\/\/schema.org\",\"@graph\":[{\"@type\":\"WebPage\",\"@id\":\"https:\/\/miumjau.ee\/lv\/produkts\/frigera-pussmitrie-un-galas-bagati-gardumi-ar-lasi-165-g\/\",\"url\":\"https:\/\/miumjau.ee\/lv\/produkts\/frigera-pussmitrie-un-galas-bagati-gardumi-ar-lasi-165-g\/\",\"name\":\"Frigera pussmitrie un ga\u013cas bag\u0101ti gardumi ar lasi 165 g - MiuMjau\",\"isPartOf\":{\"@id\":\"https:\/\/miumjau.ee\/#website\"},\"primaryImageOfPage\":{\"@id\":\"https:\/\/miumjau.ee\/lv\/produkts\/frigera-pussmitrie-un-galas-bagati-gardumi-ar-lasi-165-g\/#primaryimage\"},\"image\":{\"@id\":\"https:\/\/miumjau.ee\/lv\/produkts\/frigera-pussmitrie-un-galas-bagati-gardumi-ar-lasi-165-g\/#primaryimage\"},\"thumbnailUrl\":\"https:\/\/miumjau.ee\/wp-content\/uploads\/2025\/05\/frigera-poolniisked-pehmed-maiused-gluteenivaba-korge-lihasisaldusega-lohe-165g-1-Photoroom.jpg\",\"datePublished\":\"2025-05-15T21:06:56+00:00\",\"dateModified\":\"2026-01-07T19:13:41+00:00\",\"breadcrumb\":{\"@id\":\"https:\/\/miumjau.ee\/lv\/produkts\/frigera-pussmitrie-un-galas-bagati-gardumi-ar-lasi-165-g\/#breadcrumb\"},\"inLanguage\":\"lv-LV\",\"potentialAction\":[{\"@type\":\"ReadAction\",\"target\":[\"https:\/\/miumjau.ee\/lv\/produkts\/frigera-pussmitrie-un-galas-bagati-gardumi-ar-lasi-165-g\/\"]}]},{\"@type\":\"ImageObject\",\"inLanguage\":\"lv-LV\",\"@id\":\"https:\/\/miumjau.ee\/lv\/produkts\/frigera-pussmitrie-un-galas-bagati-gardumi-ar-lasi-165-g\/#primaryimage\",\"url\":\"https:\/\/miumjau.ee\/wp-content\/uploads\/2025\/05\/frigera-poolniisked-pehmed-maiused-gluteenivaba-korge-lihasisaldusega-lohe-165g-1-Photoroom.jpg\",\"contentUrl\":\"https:\/\/miumjau.ee\/wp-content\/uploads\/2025\/05\/frigera-poolniisked-pehmed-maiused-gluteenivaba-korge-lihasisaldusega-lohe-165g-1-Photoroom.jpg\",\"width\":600,\"height\":800,\"caption\":\"Frigera poolniisked ja liharohked maiused l\u00f5hega 165 g\"},{\"@type\":\"BreadcrumbList\",\"@id\":\"https:\/\/miumjau.ee\/lv\/produkts\/frigera-pussmitrie-un-galas-bagati-gardumi-ar-lasi-165-g\/#breadcrumb\",\"itemListElement\":[{\"@type\":\"ListItem\",\"position\":1,\"name\":\"Home\",\"item\":\"https:\/\/miumjau.ee\/lv\/\"},{\"@type\":\"ListItem\",\"position\":2,\"name\":\"Veikals\",\"item\":\"https:\/\/miumjau.ee\/lv\/veikals\/\"},{\"@type\":\"ListItem\",\"position\":3,\"name\":\"Frigera pussmitrie un ga\u013cas bag\u0101ti gardumi ar lasi 165 g\"}]},{\"@type\":\"WebSite\",\"@id\":\"https:\/\/miumjau.ee\/#website\",\"url\":\"https:\/\/miumjau.ee\/\",\"name\":\"MiuMjau\",\"description\":\"Kraapimispuud kassidele\",\"publisher\":{\"@id\":\"https:\/\/miumjau.ee\/#organization\"},\"potentialAction\":[{\"@type\":\"SearchAction\",\"target\":{\"@type\":\"EntryPoint\",\"urlTemplate\":\"https:\/\/miumjau.ee\/?s={search_term_string}\"},\"query-input\":{\"@type\":\"PropertyValueSpecification\",\"valueRequired\":true,\"valueName\":\"search_term_string\"}}],\"inLanguage\":\"lv-LV\"},{\"@type\":\"Organization\",\"@id\":\"https:\/\/miumjau.ee\/#organization\",\"name\":\"MiuMjau O\u00dc\",\"url\":\"https:\/\/miumjau.ee\/\",\"logo\":{\"@type\":\"ImageObject\",\"inLanguage\":\"lv-LV\",\"@id\":\"https:\/\/miumjau.ee\/#\/schema\/logo\/image\/\",\"url\":\"https:\/\/miumjau.ee\/wp-content\/uploads\/2022\/04\/MiuMjau-logo-kollane.png\",\"contentUrl\":\"https:\/\/miumjau.ee\/wp-content\/uploads\/2022\/04\/MiuMjau-logo-kollane.png\",\"width\":219,\"height\":100,\"caption\":\"MiuMjau O\u00dc\"},\"image\":{\"@id\":\"https:\/\/miumjau.ee\/#\/schema\/logo\/image\/\"},\"sameAs\":[\"https:\/\/www.facebook.com\/miumjaupood\/\"]}]}<\/script>\n<!-- \/ Yoast SEO plugin. -->","yoast_head_json":{"title":"Frigera pussmitrie un ga\u013cas bag\u0101ti gardumi ar lasi 165 g - MiuMjau","robots":{"index":"index","follow":"follow","max-snippet":"max-snippet:-1","max-image-preview":"max-image-preview:large","max-video-preview":"max-video-preview:-1"},"canonical":"https:\/\/miumjau.ee\/lv\/produkts\/frigera-pussmitrie-un-galas-bagati-gardumi-ar-lasi-165-g\/","og_locale":"lv_LV","og_type":"article","og_title":"Frigera pussmitrie un ga\u013cas bag\u0101ti gardumi ar lasi 165 g - MiuMjau","og_description":"Frigera pussmitro gardumu s\u0113rijas \u012bstie augst\u0101k\u0101s klases produkti! Bez glut\u0113na un ar \u012bpa\u0161i augstu ga\u013cas saturu \u2013 pat 85 %! Pat visjut\u012bg\u0101kie su\u0146i nesp\u0113j tiem pretoties. Izgatavoti tikai no lab\u0101kaj\u0101m pieejamaj\u0101m sast\u0101vda\u013c\u0101m, bez konservantiem un m\u0101ksl\u012bg\u0101m kr\u0101sviel\u0101m \u2013 vieni no vesel\u012bg\u0101kajiem gardumiem tirg\u016b. T\u0101pat k\u0101 visi citi Frigera m\u012bkstie gardumi, ar\u012b \u0161ie ir \u0113rta izm\u0113ra un praktisk\u0101 iepakojum\u0101. Sast\u0101vs: ga\u013ca un dz\u012bvnieku izcelsmes produkti (85,00 % ga\u013cas saturs, tostarp 19,50 % zivju milti), augu izcelsmes produkti, e\u013c\u013cas un tauki, miner\u0101lvielas Anal\u012btiskais sast\u0101vs: j\u0113lprote\u012bns 47 %, j\u0113ltauki 9,1 %, j\u0113lpelni 13,5 %, j\u0113l\u0161\u0137iedra 2,4 %, mitrums 21 % Baro\u0161anas nor\u0101d\u012bjumi: Pied\u0101v\u0101jiet Frigera gardumus starp \u0113dienreiz\u0113m k\u0101 balvu vai na\u0161\u0137i sabalans\u0113ta uztura ietvaros. Vienm\u0113r uzraugiet suni baro\u0161anas laik\u0101. Nodro\u0161iniet past\u0101v\u012bgu piek\u013cuvi svaigam dzeramajam \u016bdenim. Nav paredz\u0113ts lieto\u0161anai cilv\u0113kiem.","og_url":"https:\/\/miumjau.ee\/lv\/produkts\/frigera-pussmitrie-un-galas-bagati-gardumi-ar-lasi-165-g\/","og_site_name":"MiuMjau","article_publisher":"https:\/\/www.facebook.com\/miumjaupood\/","article_modified_time":"2026-01-07T19:13:41+00:00","og_image":[{"width":600,"height":800,"url":"https:\/\/miumjau.ee\/wp-content\/uploads\/2025\/05\/frigera-poolniisked-pehmed-maiused-gluteenivaba-korge-lihasisaldusega-lohe-165g-1-Photoroom.jpg","type":"image\/jpeg"}],"twitter_card":"summary_large_image","schema":{"@context":"https:\/\/schema.org","@graph":[{"@type":"WebPage","@id":"https:\/\/miumjau.ee\/lv\/produkts\/frigera-pussmitrie-un-galas-bagati-gardumi-ar-lasi-165-g\/","url":"https:\/\/miumjau.ee\/lv\/produkts\/frigera-pussmitrie-un-galas-bagati-gardumi-ar-lasi-165-g\/","name":"Frigera pussmitrie un ga\u013cas bag\u0101ti gardumi ar lasi 165 g - MiuMjau","isPartOf":{"@id":"https:\/\/miumjau.ee\/#website"},"primaryImageOfPage":{"@id":"https:\/\/miumjau.ee\/lv\/produkts\/frigera-pussmitrie-un-galas-bagati-gardumi-ar-lasi-165-g\/#primaryimage"},"image":{"@id":"https:\/\/miumjau.ee\/lv\/produkts\/frigera-pussmitrie-un-galas-bagati-gardumi-ar-lasi-165-g\/#primaryimage"},"thumbnailUrl":"https:\/\/miumjau.ee\/wp-content\/uploads\/2025\/05\/frigera-poolniisked-pehmed-maiused-gluteenivaba-korge-lihasisaldusega-lohe-165g-1-Photoroom.jpg","datePublished":"2025-05-15T21:06:56+00:00","dateModified":"2026-01-07T19:13:41+00:00","breadcrumb":{"@id":"https:\/\/miumjau.ee\/lv\/produkts\/frigera-pussmitrie-un-galas-bagati-gardumi-ar-lasi-165-g\/#breadcrumb"},"inLanguage":"lv-LV","potentialAction":[{"@type":"ReadAction","target":["https:\/\/miumjau.ee\/lv\/produkts\/frigera-pussmitrie-un-galas-bagati-gardumi-ar-lasi-165-g\/"]}]},{"@type":"ImageObject","inLanguage":"lv-LV","@id":"https:\/\/miumjau.ee\/lv\/produkts\/frigera-pussmitrie-un-galas-bagati-gardumi-ar-lasi-165-g\/#primaryimage","url":"https:\/\/miumjau.ee\/wp-content\/uploads\/2025\/05\/frigera-poolniisked-pehmed-maiused-gluteenivaba-korge-lihasisaldusega-lohe-165g-1-Photoroom.jpg","contentUrl":"https:\/\/miumjau.ee\/wp-content\/uploads\/2025\/05\/frigera-poolniisked-pehmed-maiused-gluteenivaba-korge-lihasisaldusega-lohe-165g-1-Photoroom.jpg","width":600,"height":800,"caption":"Frigera poolniisked ja liharohked maiused l\u00f5hega 165 g"},{"@type":"BreadcrumbList","@id":"https:\/\/miumjau.ee\/lv\/produkts\/frigera-pussmitrie-un-galas-bagati-gardumi-ar-lasi-165-g\/#breadcrumb","itemListElement":[{"@type":"ListItem","position":1,"name":"Home","item":"https:\/\/miumjau.ee\/lv\/"},{"@type":"ListItem","position":2,"name":"Veikals","item":"https:\/\/miumjau.ee\/lv\/veikals\/"},{"@type":"ListItem","position":3,"name":"Frigera pussmitrie un ga\u013cas bag\u0101ti gardumi ar lasi 165 g"}]},{"@type":"WebSite","@id":"https:\/\/miumjau.ee\/#website","url":"https:\/\/miumjau.ee\/","name":"MiuMjau","description":"Kraapimispuud kassidele","publisher":{"@id":"https:\/\/miumjau.ee\/#organization"},"potentialAction":[{"@type":"SearchAction","target":{"@type":"EntryPoint","urlTemplate":"https:\/\/miumjau.ee\/?s={search_term_string}"},"query-input":{"@type":"PropertyValueSpecification","valueRequired":true,"valueName":"search_term_string"}}],"inLanguage":"lv-LV"},{"@type":"Organization","@id":"https:\/\/miumjau.ee\/#organization","name":"MiuMjau O\u00dc","url":"https:\/\/miumjau.ee\/","logo":{"@type":"ImageObject","inLanguage":"lv-LV","@id":"https:\/\/miumjau.ee\/#\/schema\/logo\/image\/","url":"https:\/\/miumjau.ee\/wp-content\/uploads\/2022\/04\/MiuMjau-logo-kollane.png","contentUrl":"https:\/\/miumjau.ee\/wp-content\/uploads\/2022\/04\/MiuMjau-logo-kollane.png","width":219,"height":100,"caption":"MiuMjau O\u00dc"},"image":{"@id":"https:\/\/miumjau.ee\/#\/schema\/logo\/image\/"},"sameAs":["https:\/\/www.facebook.com\/miumjaupood\/"]}]}},"_links":{"self":[{"href":"https:\/\/miumjau.ee\/lv\/wp-json\/wp\/v2\/product\/50797","targetHints":{"allow":["GET"]}}],"collection":[{"href":"https:\/\/miumjau.ee\/lv\/wp-json\/wp\/v2\/product"}],"about":[{"href":"https:\/\/miumjau.ee\/lv\/wp-json\/wp\/v2\/types\/product"}],"wp:featuredmedia":[{"embeddable":true,"href":"https:\/\/miumjau.ee\/lv\/wp-json\/wp\/v2\/media\/47864"}],"wp:attachment":[{"href":"https:\/\/miumjau.ee\/lv\/wp-json\/wp\/v2\/media?parent=50797"}],"wp:term":[{"taxonomy":"product_brand","embeddable":true,"href":"https:\/\/miumjau.ee\/lv\/wp-json\/wp\/v2\/product_brand?post=50797"},{"taxonomy":"product_cat","embeddable":true,"href":"https:\/\/miumjau.ee\/lv\/wp-json\/wp\/v2\/product_cat?post=50797"},{"taxonomy":"product_tag","embeddable":true,"href":"https:\/\/miumjau.ee\/lv\/wp-json\/wp\/v2\/product_tag?post=50797"}],"curies":[{"name":"wp","href":"https:\/\/api.w.org\/{rel}","templated":true}]}}