{"id":50759,"date":"2023-07-20T10:45:34","date_gmt":"2023-07-20T07:45:34","guid":{"rendered":"https:\/\/miumjau.ee\/toode\/petrebels-skrapesanas-koks-victoria-125-cappuccino\/"},"modified":"2026-01-07T21:13:41","modified_gmt":"2026-01-07T19:13:41","slug":"petrebels-skrapesanas-koks-victoria-125-cappuccino","status":"publish","type":"product","link":"https:\/\/miumjau.ee\/lv\/produkts\/petrebels-skrapesanas-koks-victoria-125-cappuccino\/","title":{"rendered":"Petrebels skr\u0101p\u0113\u0161anas koks Victoria 125, cappuccino"},"content":{"rendered":"","protected":false},"excerpt":{"rendered":"<p data-start=\"59\" data-end=\"451\">Skr\u0101p\u0113\u0161anas koks piem\u0113rots ka\u0137iem jebkur\u0101 vecum\u0101 \u2013 piem\u0113rots ka\u0137\u0113niem, vid\u0113ja izm\u0113ra ka\u0137iem, lieliem ka\u0137iem un ar\u012b senioriem. Neaiz\u0146em daudz vietas! Stabi ir sp\u0113c\u012bgi un iztur\u012bgi, 12\u202fcm diametr\u0101, un platformas ir p\u0101rkl\u0101tas ar \u012bpa\u0161i m\u012bkstu pl\u012b\u0161a audumu. \u0160eit ir viss, kas nepiecie\u0161ams ka\u0137im \u2013 vieta skr\u0101p\u0113\u0161anai, divas aug\u0161\u0113j\u0101s gultas atp\u016btai, sp\u0113\u013cu tunelis un ar\u012b m\u012b\u013ca m\u0101ji\u0146a, kur pasl\u0113pties.<\/p>\n<p data-start=\"453\" data-end=\"579\">Gan pl\u012b\u0161a audums, gan skr\u0101p\u0113jamais sisals ir vienm\u0113r\u012bg\u0101 cappuccino ton\u012b. NB: m\u0101ji\u0146\u0101 eso\u0161ais m\u012bkstais pakl\u0101ji\u0146\u0161 ir mazg\u0101jams.<\/p>\n<p data-start=\"581\" data-end=\"794\">Izm\u0113ri: garums 48,5\u202fcm, platums 48,5\u202fcm, augstums 125\u202fcm<br data-start=\"637\" data-end=\"640\" \/>Aug\u0161\u0113j\u0101s gultas: 40\u00d740\u202fcm, augstums 20\u202fcm (pietiekami augstas, lai ka\u0137\u0113ni neizkristu)<br data-start=\"725\" data-end=\"728\" \/>Apak\u0161\u0113j\u0101 m\u0101ji\u0146a: 40\u00d740\u202fcm, augstums 30\u202fcm<br data-start=\"769\" data-end=\"772\" \/>Sisala biezums: 6\u202fmm<\/p>\n<p data-start=\"796\" data-end=\"894\">Iepakojuma izm\u0113ri: 54 \u00d7 54 \u00d7 62\u202fcm<br data-start=\"830\" data-end=\"833\" \/>Produkta svars: 22\u202fkg<br data-start=\"854\" data-end=\"857\" \/>Produkta svars ar iepakojumu: 24\u202fkg<\/p>\n<p data-start=\"896\" data-end=\"1077\" data-is-last-node=\"\" data-is-only-node=\"\">Ra\u017eot\u0101js: <strong data-start=\"906\" data-end=\"919\">PetRebels<\/strong>, N\u012bderlandes kvalit\u0101te. \u012apa\u0161i kvalitat\u012bvi un \u0113rtie skr\u0101p\u0113\u0161anas koki ka\u0137iem, kas kalpos gadiem un papildin\u0101s j\u016bsu m\u0101jok\u013ca interjeru. J\u016bsu ka\u0137is b\u016bs pateic\u012bgs!<\/p>\n","protected":false},"featured_media":50768,"template":"","meta":[],"product_brand":[],"product_cat":[582],"product_tag":[],"class_list":{"0":"post-50759","1":"product","2":"type-product","3":"status-publish","4":"has-post-thumbnail","6":"product_cat-videji-skrapesanas-koki-petrebels","7":"product_shipping_class-pakiautomaati-sobimatu-lv","9":"first","10":"instock","11":"sale","12":"taxable","13":"shipping-taxable","14":"purchasable","15":"product-type-simple"},"yoast_head":"<!-- This site is optimized with the Yoast SEO plugin v27.2 - https:\/\/yoast.com\/product\/yoast-seo-wordpress\/ -->\n<title>Petrebels skr\u0101p\u0113\u0161anas koks Victoria 125, cappuccino - MiuMjau<\/title>\n<meta name=\"robots\" content=\"index, follow, max-snippet:-1, max-image-preview:large, max-video-preview:-1\" \/>\n<link rel=\"canonical\" href=\"https:\/\/miumjau.ee\/lv\/produkts\/petrebels-skrapesanas-koks-victoria-125-cappuccino\/\" \/>\n<meta property=\"og:locale\" content=\"lv_LV\" \/>\n<meta property=\"og:type\" content=\"article\" \/>\n<meta property=\"og:title\" content=\"Petrebels skr\u0101p\u0113\u0161anas koks Victoria 125, cappuccino - MiuMjau\" \/>\n<meta property=\"og:description\" content=\"Skr\u0101p\u0113\u0161anas koks piem\u0113rots ka\u0137iem jebkur\u0101 vecum\u0101 \u2013 piem\u0113rots ka\u0137\u0113niem, vid\u0113ja izm\u0113ra ka\u0137iem, lieliem ka\u0137iem un ar\u012b senioriem. Neaiz\u0146em daudz vietas! Stabi ir sp\u0113c\u012bgi un iztur\u012bgi, 12\u202fcm diametr\u0101, un platformas ir p\u0101rkl\u0101tas ar \u012bpa\u0161i m\u012bkstu pl\u012b\u0161a audumu. \u0160eit ir viss, kas nepiecie\u0161ams ka\u0137im \u2013 vieta skr\u0101p\u0113\u0161anai, divas aug\u0161\u0113j\u0101s gultas atp\u016btai, sp\u0113\u013cu tunelis un ar\u012b m\u012b\u013ca m\u0101ji\u0146a, kur pasl\u0113pties. Gan pl\u012b\u0161a audums, gan skr\u0101p\u0113jamais sisals ir vienm\u0113r\u012bg\u0101 cappuccino ton\u012b. NB: m\u0101ji\u0146\u0101 eso\u0161ais m\u012bkstais pakl\u0101ji\u0146\u0161 ir mazg\u0101jams. Izm\u0113ri: garums 48,5\u202fcm, platums 48,5\u202fcm, augstums 125\u202fcmAug\u0161\u0113j\u0101s gultas: 40\u00d740\u202fcm, augstums 20\u202fcm (pietiekami augstas, lai ka\u0137\u0113ni neizkristu)Apak\u0161\u0113j\u0101 m\u0101ji\u0146a: 40\u00d740\u202fcm, augstums 30\u202fcmSisala biezums: 6\u202fmm Iepakojuma izm\u0113ri: 54 \u00d7 54 \u00d7 62\u202fcmProdukta svars: 22\u202fkgProdukta svars ar iepakojumu: 24\u202fkg Ra\u017eot\u0101js: PetRebels, N\u012bderlandes kvalit\u0101te. \u012apa\u0161i kvalitat\u012bvi un \u0113rtie skr\u0101p\u0113\u0161anas koki ka\u0137iem, kas kalpos gadiem un papildin\u0101s j\u016bsu m\u0101jok\u013ca interjeru. J\u016bsu ka\u0137is b\u016bs pateic\u012bgs!\" \/>\n<meta property=\"og:url\" content=\"https:\/\/miumjau.ee\/lv\/produkts\/petrebels-skrapesanas-koks-victoria-125-cappuccino\/\" \/>\n<meta property=\"og:site_name\" content=\"MiuMjau\" \/>\n<meta property=\"article:publisher\" content=\"https:\/\/www.facebook.com\/miumjaupood\/\" \/>\n<meta property=\"article:modified_time\" content=\"2026-01-07T19:13:41+00:00\" \/>\n<meta property=\"og:image\" content=\"https:\/\/miumjau.ee\/wp-content\/uploads\/2023\/07\/victoria125_cappuccino_kassi_kraapimispuu9.jpg\" \/>\n\t<meta property=\"og:image:width\" content=\"600\" \/>\n\t<meta property=\"og:image:height\" content=\"800\" \/>\n\t<meta property=\"og:image:type\" content=\"image\/jpeg\" \/>\n<meta name=\"twitter:card\" content=\"summary_large_image\" \/>\n<script type=\"application\/ld+json\" class=\"yoast-schema-graph\">{\"@context\":\"https:\/\/schema.org\",\"@graph\":[{\"@type\":\"WebPage\",\"@id\":\"https:\/\/miumjau.ee\/lv\/produkts\/petrebels-skrapesanas-koks-victoria-125-cappuccino\/\",\"url\":\"https:\/\/miumjau.ee\/lv\/produkts\/petrebels-skrapesanas-koks-victoria-125-cappuccino\/\",\"name\":\"Petrebels skr\u0101p\u0113\u0161anas koks Victoria 125, cappuccino - MiuMjau\",\"isPartOf\":{\"@id\":\"https:\/\/miumjau.ee\/#website\"},\"primaryImageOfPage\":{\"@id\":\"https:\/\/miumjau.ee\/lv\/produkts\/petrebels-skrapesanas-koks-victoria-125-cappuccino\/#primaryimage\"},\"image\":{\"@id\":\"https:\/\/miumjau.ee\/lv\/produkts\/petrebels-skrapesanas-koks-victoria-125-cappuccino\/#primaryimage\"},\"thumbnailUrl\":\"https:\/\/miumjau.ee\/wp-content\/uploads\/2023\/07\/victoria125_cappuccino_kassi_kraapimispuu9.jpg\",\"datePublished\":\"2023-07-20T07:45:34+00:00\",\"dateModified\":\"2026-01-07T19:13:41+00:00\",\"breadcrumb\":{\"@id\":\"https:\/\/miumjau.ee\/lv\/produkts\/petrebels-skrapesanas-koks-victoria-125-cappuccino\/#breadcrumb\"},\"inLanguage\":\"lv-LV\",\"potentialAction\":[{\"@type\":\"ReadAction\",\"target\":[\"https:\/\/miumjau.ee\/lv\/produkts\/petrebels-skrapesanas-koks-victoria-125-cappuccino\/\"]}]},{\"@type\":\"ImageObject\",\"inLanguage\":\"lv-LV\",\"@id\":\"https:\/\/miumjau.ee\/lv\/produkts\/petrebels-skrapesanas-koks-victoria-125-cappuccino\/#primaryimage\",\"url\":\"https:\/\/miumjau.ee\/wp-content\/uploads\/2023\/07\/victoria125_cappuccino_kassi_kraapimispuu9.jpg\",\"contentUrl\":\"https:\/\/miumjau.ee\/wp-content\/uploads\/2023\/07\/victoria125_cappuccino_kassi_kraapimispuu9.jpg\",\"width\":600,\"height\":800},{\"@type\":\"BreadcrumbList\",\"@id\":\"https:\/\/miumjau.ee\/lv\/produkts\/petrebels-skrapesanas-koks-victoria-125-cappuccino\/#breadcrumb\",\"itemListElement\":[{\"@type\":\"ListItem\",\"position\":1,\"name\":\"Home\",\"item\":\"https:\/\/miumjau.ee\/lv\/\"},{\"@type\":\"ListItem\",\"position\":2,\"name\":\"Veikals\",\"item\":\"https:\/\/miumjau.ee\/lv\/veikals\/\"},{\"@type\":\"ListItem\",\"position\":3,\"name\":\"Petrebels skr\u0101p\u0113\u0161anas koks Victoria 125, cappuccino\"}]},{\"@type\":\"WebSite\",\"@id\":\"https:\/\/miumjau.ee\/#website\",\"url\":\"https:\/\/miumjau.ee\/\",\"name\":\"MiuMjau\",\"description\":\"Kraapimispuud kassidele\",\"publisher\":{\"@id\":\"https:\/\/miumjau.ee\/#organization\"},\"potentialAction\":[{\"@type\":\"SearchAction\",\"target\":{\"@type\":\"EntryPoint\",\"urlTemplate\":\"https:\/\/miumjau.ee\/?s={search_term_string}\"},\"query-input\":{\"@type\":\"PropertyValueSpecification\",\"valueRequired\":true,\"valueName\":\"search_term_string\"}}],\"inLanguage\":\"lv-LV\"},{\"@type\":\"Organization\",\"@id\":\"https:\/\/miumjau.ee\/#organization\",\"name\":\"MiuMjau O\u00dc\",\"url\":\"https:\/\/miumjau.ee\/\",\"logo\":{\"@type\":\"ImageObject\",\"inLanguage\":\"lv-LV\",\"@id\":\"https:\/\/miumjau.ee\/#\/schema\/logo\/image\/\",\"url\":\"https:\/\/miumjau.ee\/wp-content\/uploads\/2022\/04\/MiuMjau-logo-kollane.png\",\"contentUrl\":\"https:\/\/miumjau.ee\/wp-content\/uploads\/2022\/04\/MiuMjau-logo-kollane.png\",\"width\":219,\"height\":100,\"caption\":\"MiuMjau O\u00dc\"},\"image\":{\"@id\":\"https:\/\/miumjau.ee\/#\/schema\/logo\/image\/\"},\"sameAs\":[\"https:\/\/www.facebook.com\/miumjaupood\/\"]}]}<\/script>\n<!-- \/ Yoast SEO plugin. -->","yoast_head_json":{"title":"Petrebels skr\u0101p\u0113\u0161anas koks Victoria 125, cappuccino - MiuMjau","robots":{"index":"index","follow":"follow","max-snippet":"max-snippet:-1","max-image-preview":"max-image-preview:large","max-video-preview":"max-video-preview:-1"},"canonical":"https:\/\/miumjau.ee\/lv\/produkts\/petrebels-skrapesanas-koks-victoria-125-cappuccino\/","og_locale":"lv_LV","og_type":"article","og_title":"Petrebels skr\u0101p\u0113\u0161anas koks Victoria 125, cappuccino - MiuMjau","og_description":"Skr\u0101p\u0113\u0161anas koks piem\u0113rots ka\u0137iem jebkur\u0101 vecum\u0101 \u2013 piem\u0113rots ka\u0137\u0113niem, vid\u0113ja izm\u0113ra ka\u0137iem, lieliem ka\u0137iem un ar\u012b senioriem. Neaiz\u0146em daudz vietas! Stabi ir sp\u0113c\u012bgi un iztur\u012bgi, 12\u202fcm diametr\u0101, un platformas ir p\u0101rkl\u0101tas ar \u012bpa\u0161i m\u012bkstu pl\u012b\u0161a audumu. \u0160eit ir viss, kas nepiecie\u0161ams ka\u0137im \u2013 vieta skr\u0101p\u0113\u0161anai, divas aug\u0161\u0113j\u0101s gultas atp\u016btai, sp\u0113\u013cu tunelis un ar\u012b m\u012b\u013ca m\u0101ji\u0146a, kur pasl\u0113pties. Gan pl\u012b\u0161a audums, gan skr\u0101p\u0113jamais sisals ir vienm\u0113r\u012bg\u0101 cappuccino ton\u012b. NB: m\u0101ji\u0146\u0101 eso\u0161ais m\u012bkstais pakl\u0101ji\u0146\u0161 ir mazg\u0101jams. Izm\u0113ri: garums 48,5\u202fcm, platums 48,5\u202fcm, augstums 125\u202fcmAug\u0161\u0113j\u0101s gultas: 40\u00d740\u202fcm, augstums 20\u202fcm (pietiekami augstas, lai ka\u0137\u0113ni neizkristu)Apak\u0161\u0113j\u0101 m\u0101ji\u0146a: 40\u00d740\u202fcm, augstums 30\u202fcmSisala biezums: 6\u202fmm Iepakojuma izm\u0113ri: 54 \u00d7 54 \u00d7 62\u202fcmProdukta svars: 22\u202fkgProdukta svars ar iepakojumu: 24\u202fkg Ra\u017eot\u0101js: PetRebels, N\u012bderlandes kvalit\u0101te. \u012apa\u0161i kvalitat\u012bvi un \u0113rtie skr\u0101p\u0113\u0161anas koki ka\u0137iem, kas kalpos gadiem un papildin\u0101s j\u016bsu m\u0101jok\u013ca interjeru. J\u016bsu ka\u0137is b\u016bs pateic\u012bgs!","og_url":"https:\/\/miumjau.ee\/lv\/produkts\/petrebels-skrapesanas-koks-victoria-125-cappuccino\/","og_site_name":"MiuMjau","article_publisher":"https:\/\/www.facebook.com\/miumjaupood\/","article_modified_time":"2026-01-07T19:13:41+00:00","og_image":[{"width":600,"height":800,"url":"https:\/\/miumjau.ee\/wp-content\/uploads\/2023\/07\/victoria125_cappuccino_kassi_kraapimispuu9.jpg","type":"image\/jpeg"}],"twitter_card":"summary_large_image","schema":{"@context":"https:\/\/schema.org","@graph":[{"@type":"WebPage","@id":"https:\/\/miumjau.ee\/lv\/produkts\/petrebels-skrapesanas-koks-victoria-125-cappuccino\/","url":"https:\/\/miumjau.ee\/lv\/produkts\/petrebels-skrapesanas-koks-victoria-125-cappuccino\/","name":"Petrebels skr\u0101p\u0113\u0161anas koks Victoria 125, cappuccino - MiuMjau","isPartOf":{"@id":"https:\/\/miumjau.ee\/#website"},"primaryImageOfPage":{"@id":"https:\/\/miumjau.ee\/lv\/produkts\/petrebels-skrapesanas-koks-victoria-125-cappuccino\/#primaryimage"},"image":{"@id":"https:\/\/miumjau.ee\/lv\/produkts\/petrebels-skrapesanas-koks-victoria-125-cappuccino\/#primaryimage"},"thumbnailUrl":"https:\/\/miumjau.ee\/wp-content\/uploads\/2023\/07\/victoria125_cappuccino_kassi_kraapimispuu9.jpg","datePublished":"2023-07-20T07:45:34+00:00","dateModified":"2026-01-07T19:13:41+00:00","breadcrumb":{"@id":"https:\/\/miumjau.ee\/lv\/produkts\/petrebels-skrapesanas-koks-victoria-125-cappuccino\/#breadcrumb"},"inLanguage":"lv-LV","potentialAction":[{"@type":"ReadAction","target":["https:\/\/miumjau.ee\/lv\/produkts\/petrebels-skrapesanas-koks-victoria-125-cappuccino\/"]}]},{"@type":"ImageObject","inLanguage":"lv-LV","@id":"https:\/\/miumjau.ee\/lv\/produkts\/petrebels-skrapesanas-koks-victoria-125-cappuccino\/#primaryimage","url":"https:\/\/miumjau.ee\/wp-content\/uploads\/2023\/07\/victoria125_cappuccino_kassi_kraapimispuu9.jpg","contentUrl":"https:\/\/miumjau.ee\/wp-content\/uploads\/2023\/07\/victoria125_cappuccino_kassi_kraapimispuu9.jpg","width":600,"height":800},{"@type":"BreadcrumbList","@id":"https:\/\/miumjau.ee\/lv\/produkts\/petrebels-skrapesanas-koks-victoria-125-cappuccino\/#breadcrumb","itemListElement":[{"@type":"ListItem","position":1,"name":"Home","item":"https:\/\/miumjau.ee\/lv\/"},{"@type":"ListItem","position":2,"name":"Veikals","item":"https:\/\/miumjau.ee\/lv\/veikals\/"},{"@type":"ListItem","position":3,"name":"Petrebels skr\u0101p\u0113\u0161anas koks Victoria 125, cappuccino"}]},{"@type":"WebSite","@id":"https:\/\/miumjau.ee\/#website","url":"https:\/\/miumjau.ee\/","name":"MiuMjau","description":"Kraapimispuud kassidele","publisher":{"@id":"https:\/\/miumjau.ee\/#organization"},"potentialAction":[{"@type":"SearchAction","target":{"@type":"EntryPoint","urlTemplate":"https:\/\/miumjau.ee\/?s={search_term_string}"},"query-input":{"@type":"PropertyValueSpecification","valueRequired":true,"valueName":"search_term_string"}}],"inLanguage":"lv-LV"},{"@type":"Organization","@id":"https:\/\/miumjau.ee\/#organization","name":"MiuMjau O\u00dc","url":"https:\/\/miumjau.ee\/","logo":{"@type":"ImageObject","inLanguage":"lv-LV","@id":"https:\/\/miumjau.ee\/#\/schema\/logo\/image\/","url":"https:\/\/miumjau.ee\/wp-content\/uploads\/2022\/04\/MiuMjau-logo-kollane.png","contentUrl":"https:\/\/miumjau.ee\/wp-content\/uploads\/2022\/04\/MiuMjau-logo-kollane.png","width":219,"height":100,"caption":"MiuMjau O\u00dc"},"image":{"@id":"https:\/\/miumjau.ee\/#\/schema\/logo\/image\/"},"sameAs":["https:\/\/www.facebook.com\/miumjaupood\/"]}]}},"_links":{"self":[{"href":"https:\/\/miumjau.ee\/lv\/wp-json\/wp\/v2\/product\/50759","targetHints":{"allow":["GET"]}}],"collection":[{"href":"https:\/\/miumjau.ee\/lv\/wp-json\/wp\/v2\/product"}],"about":[{"href":"https:\/\/miumjau.ee\/lv\/wp-json\/wp\/v2\/types\/product"}],"wp:featuredmedia":[{"embeddable":true,"href":"https:\/\/miumjau.ee\/lv\/wp-json\/wp\/v2\/media\/50768"}],"wp:attachment":[{"href":"https:\/\/miumjau.ee\/lv\/wp-json\/wp\/v2\/media?parent=50759"}],"wp:term":[{"taxonomy":"product_brand","embeddable":true,"href":"https:\/\/miumjau.ee\/lv\/wp-json\/wp\/v2\/product_brand?post=50759"},{"taxonomy":"product_cat","embeddable":true,"href":"https:\/\/miumjau.ee\/lv\/wp-json\/wp\/v2\/product_cat?post=50759"},{"taxonomy":"product_tag","embeddable":true,"href":"https:\/\/miumjau.ee\/lv\/wp-json\/wp\/v2\/product_tag?post=50759"}],"curies":[{"name":"wp","href":"https:\/\/api.w.org\/{rel}","templated":true}]}}