{"id":50753,"date":"2024-01-02T20:52:47","date_gmt":"2024-01-02T18:52:47","guid":{"rendered":"https:\/\/miumjau.ee\/toode\/petrebels-skrapesanas-stabs-maine-90-cappuccino\/"},"modified":"2026-01-07T21:13:48","modified_gmt":"2026-01-07T19:13:48","slug":"petrebels-skrapesanas-stabs-maine-90-cappuccino","status":"publish","type":"product","link":"https:\/\/miumjau.ee\/lv\/produkts\/petrebels-skrapesanas-stabs-maine-90-cappuccino\/","title":{"rendered":"Petrebels skr\u0101p\u0113\u0161anas stabs Maine 90, cappuccino"},"content":{"rendered":"","protected":false},"excerpt":{"rendered":"<p data-start=\"52\" data-end=\"373\">Skr\u0101p\u0113\u0161anas stabs <strong data-start=\"70\" data-end=\"82\">Maine 90<\/strong> no PETREBELS ir piem\u0113rots visiem ka\u0137iem, neaiz\u0146em daudz vietas un nodro\u0161ina, ka j\u016bsu ka\u0137im tiek apmierin\u0101ta viena no pamatvajadz\u012bb\u0101m \u2013 skr\u0101p\u0113\u0161ana. Katram ka\u0137im ir nepiecie\u0161ama iesp\u0113ja skr\u0101p\u0113t \u2013 vai nu skr\u0101p\u0113\u0161anas kok\u0101, vai vienk\u0101r\u0161\u0101, klasisk\u0101 skr\u0101p\u0113\u0161anas stab\u0101. Tas padara vi\u0146us laim\u012bgus!<\/p>\n<p data-start=\"375\" data-end=\"458\">Ja \u0161\u0137iet, ka stabs var\u0113tu b\u016bt v\u0113l biez\u0101ks, apskatiet m\u016bsu modeli <strong data-start=\"440\" data-end=\"455\">Savannah 86<\/strong>.<\/p>\n<p data-start=\"460\" data-end=\"526\">Izm\u0113ri un svars: 40 \u00d7 40 \u00d7 90\u202fcm \/ 3,5\u202fkg<br data-start=\"501\" data-end=\"504\" \/>Staba diametrs: 9\u202fcm<\/p>\n<p data-start=\"528\" data-end=\"557\" data-is-last-node=\"\" data-is-only-node=\"\">Ka\u0137a nagu kop\u0161ana ir svar\u012bga!<\/p>\n","protected":false},"featured_media":50754,"template":"","meta":[],"product_brand":[],"product_cat":[585],"product_tag":[],"class_list":{"0":"post-50753","1":"product","2":"type-product","3":"status-publish","4":"has-post-thumbnail","6":"product_cat-mazi-skrapesanas-koki-petrebels","7":"product_shipping_class-pakiautomaati-sobimatu-lv","9":"first","10":"instock","11":"sale","12":"taxable","13":"shipping-taxable","14":"purchasable","15":"product-type-simple"},"yoast_head":"<!-- This site is optimized with the Yoast SEO plugin v27.2 - https:\/\/yoast.com\/product\/yoast-seo-wordpress\/ -->\n<title>Petrebels skr\u0101p\u0113\u0161anas stabs Maine 90, cappuccino - MiuMjau<\/title>\n<meta name=\"robots\" content=\"index, follow, max-snippet:-1, max-image-preview:large, max-video-preview:-1\" \/>\n<link rel=\"canonical\" href=\"https:\/\/miumjau.ee\/lv\/produkts\/petrebels-skrapesanas-stabs-maine-90-cappuccino\/\" \/>\n<meta property=\"og:locale\" content=\"lv_LV\" \/>\n<meta property=\"og:type\" content=\"article\" \/>\n<meta property=\"og:title\" content=\"Petrebels skr\u0101p\u0113\u0161anas stabs Maine 90, cappuccino - MiuMjau\" \/>\n<meta property=\"og:description\" content=\"Skr\u0101p\u0113\u0161anas stabs Maine 90 no PETREBELS ir piem\u0113rots visiem ka\u0137iem, neaiz\u0146em daudz vietas un nodro\u0161ina, ka j\u016bsu ka\u0137im tiek apmierin\u0101ta viena no pamatvajadz\u012bb\u0101m \u2013 skr\u0101p\u0113\u0161ana. Katram ka\u0137im ir nepiecie\u0161ama iesp\u0113ja skr\u0101p\u0113t \u2013 vai nu skr\u0101p\u0113\u0161anas kok\u0101, vai vienk\u0101r\u0161\u0101, klasisk\u0101 skr\u0101p\u0113\u0161anas stab\u0101. Tas padara vi\u0146us laim\u012bgus! Ja \u0161\u0137iet, ka stabs var\u0113tu b\u016bt v\u0113l biez\u0101ks, apskatiet m\u016bsu modeli Savannah 86. Izm\u0113ri un svars: 40 \u00d7 40 \u00d7 90\u202fcm \/ 3,5\u202fkgStaba diametrs: 9\u202fcm Ka\u0137a nagu kop\u0161ana ir svar\u012bga!\" \/>\n<meta property=\"og:url\" content=\"https:\/\/miumjau.ee\/lv\/produkts\/petrebels-skrapesanas-stabs-maine-90-cappuccino\/\" \/>\n<meta property=\"og:site_name\" content=\"MiuMjau\" \/>\n<meta property=\"article:publisher\" content=\"https:\/\/www.facebook.com\/miumjaupood\/\" \/>\n<meta property=\"article:modified_time\" content=\"2026-01-07T19:13:48+00:00\" \/>\n<meta property=\"og:image\" content=\"https:\/\/miumjau.ee\/wp-content\/uploads\/2024\/01\/maine-90-cappuccino-kassi-kraapimispuu-4.jpg\" \/>\n\t<meta property=\"og:image:width\" content=\"600\" \/>\n\t<meta property=\"og:image:height\" content=\"800\" \/>\n\t<meta property=\"og:image:type\" content=\"image\/jpeg\" \/>\n<meta name=\"twitter:card\" content=\"summary_large_image\" \/>\n<script type=\"application\/ld+json\" class=\"yoast-schema-graph\">{\"@context\":\"https:\/\/schema.org\",\"@graph\":[{\"@type\":\"WebPage\",\"@id\":\"https:\/\/miumjau.ee\/lv\/produkts\/petrebels-skrapesanas-stabs-maine-90-cappuccino\/\",\"url\":\"https:\/\/miumjau.ee\/lv\/produkts\/petrebels-skrapesanas-stabs-maine-90-cappuccino\/\",\"name\":\"Petrebels skr\u0101p\u0113\u0161anas stabs Maine 90, cappuccino - MiuMjau\",\"isPartOf\":{\"@id\":\"https:\/\/miumjau.ee\/#website\"},\"primaryImageOfPage\":{\"@id\":\"https:\/\/miumjau.ee\/lv\/produkts\/petrebels-skrapesanas-stabs-maine-90-cappuccino\/#primaryimage\"},\"image\":{\"@id\":\"https:\/\/miumjau.ee\/lv\/produkts\/petrebels-skrapesanas-stabs-maine-90-cappuccino\/#primaryimage\"},\"thumbnailUrl\":\"https:\/\/miumjau.ee\/wp-content\/uploads\/2024\/01\/maine-90-cappuccino-kassi-kraapimispuu-4.jpg\",\"datePublished\":\"2024-01-02T18:52:47+00:00\",\"dateModified\":\"2026-01-07T19:13:48+00:00\",\"breadcrumb\":{\"@id\":\"https:\/\/miumjau.ee\/lv\/produkts\/petrebels-skrapesanas-stabs-maine-90-cappuccino\/#breadcrumb\"},\"inLanguage\":\"lv-LV\",\"potentialAction\":[{\"@type\":\"ReadAction\",\"target\":[\"https:\/\/miumjau.ee\/lv\/produkts\/petrebels-skrapesanas-stabs-maine-90-cappuccino\/\"]}]},{\"@type\":\"ImageObject\",\"inLanguage\":\"lv-LV\",\"@id\":\"https:\/\/miumjau.ee\/lv\/produkts\/petrebels-skrapesanas-stabs-maine-90-cappuccino\/#primaryimage\",\"url\":\"https:\/\/miumjau.ee\/wp-content\/uploads\/2024\/01\/maine-90-cappuccino-kassi-kraapimispuu-4.jpg\",\"contentUrl\":\"https:\/\/miumjau.ee\/wp-content\/uploads\/2024\/01\/maine-90-cappuccino-kassi-kraapimispuu-4.jpg\",\"width\":600,\"height\":800},{\"@type\":\"BreadcrumbList\",\"@id\":\"https:\/\/miumjau.ee\/lv\/produkts\/petrebels-skrapesanas-stabs-maine-90-cappuccino\/#breadcrumb\",\"itemListElement\":[{\"@type\":\"ListItem\",\"position\":1,\"name\":\"Home\",\"item\":\"https:\/\/miumjau.ee\/lv\/\"},{\"@type\":\"ListItem\",\"position\":2,\"name\":\"Veikals\",\"item\":\"https:\/\/miumjau.ee\/lv\/veikals\/\"},{\"@type\":\"ListItem\",\"position\":3,\"name\":\"Petrebels skr\u0101p\u0113\u0161anas stabs Maine 90, cappuccino\"}]},{\"@type\":\"WebSite\",\"@id\":\"https:\/\/miumjau.ee\/#website\",\"url\":\"https:\/\/miumjau.ee\/\",\"name\":\"MiuMjau\",\"description\":\"Kraapimispuud kassidele\",\"publisher\":{\"@id\":\"https:\/\/miumjau.ee\/#organization\"},\"potentialAction\":[{\"@type\":\"SearchAction\",\"target\":{\"@type\":\"EntryPoint\",\"urlTemplate\":\"https:\/\/miumjau.ee\/?s={search_term_string}\"},\"query-input\":{\"@type\":\"PropertyValueSpecification\",\"valueRequired\":true,\"valueName\":\"search_term_string\"}}],\"inLanguage\":\"lv-LV\"},{\"@type\":\"Organization\",\"@id\":\"https:\/\/miumjau.ee\/#organization\",\"name\":\"MiuMjau O\u00dc\",\"url\":\"https:\/\/miumjau.ee\/\",\"logo\":{\"@type\":\"ImageObject\",\"inLanguage\":\"lv-LV\",\"@id\":\"https:\/\/miumjau.ee\/#\/schema\/logo\/image\/\",\"url\":\"https:\/\/miumjau.ee\/wp-content\/uploads\/2022\/04\/MiuMjau-logo-kollane.png\",\"contentUrl\":\"https:\/\/miumjau.ee\/wp-content\/uploads\/2022\/04\/MiuMjau-logo-kollane.png\",\"width\":219,\"height\":100,\"caption\":\"MiuMjau O\u00dc\"},\"image\":{\"@id\":\"https:\/\/miumjau.ee\/#\/schema\/logo\/image\/\"},\"sameAs\":[\"https:\/\/www.facebook.com\/miumjaupood\/\"]}]}<\/script>\n<!-- \/ Yoast SEO plugin. -->","yoast_head_json":{"title":"Petrebels skr\u0101p\u0113\u0161anas stabs Maine 90, cappuccino - MiuMjau","robots":{"index":"index","follow":"follow","max-snippet":"max-snippet:-1","max-image-preview":"max-image-preview:large","max-video-preview":"max-video-preview:-1"},"canonical":"https:\/\/miumjau.ee\/lv\/produkts\/petrebels-skrapesanas-stabs-maine-90-cappuccino\/","og_locale":"lv_LV","og_type":"article","og_title":"Petrebels skr\u0101p\u0113\u0161anas stabs Maine 90, cappuccino - MiuMjau","og_description":"Skr\u0101p\u0113\u0161anas stabs Maine 90 no PETREBELS ir piem\u0113rots visiem ka\u0137iem, neaiz\u0146em daudz vietas un nodro\u0161ina, ka j\u016bsu ka\u0137im tiek apmierin\u0101ta viena no pamatvajadz\u012bb\u0101m \u2013 skr\u0101p\u0113\u0161ana. Katram ka\u0137im ir nepiecie\u0161ama iesp\u0113ja skr\u0101p\u0113t \u2013 vai nu skr\u0101p\u0113\u0161anas kok\u0101, vai vienk\u0101r\u0161\u0101, klasisk\u0101 skr\u0101p\u0113\u0161anas stab\u0101. Tas padara vi\u0146us laim\u012bgus! Ja \u0161\u0137iet, ka stabs var\u0113tu b\u016bt v\u0113l biez\u0101ks, apskatiet m\u016bsu modeli Savannah 86. Izm\u0113ri un svars: 40 \u00d7 40 \u00d7 90\u202fcm \/ 3,5\u202fkgStaba diametrs: 9\u202fcm Ka\u0137a nagu kop\u0161ana ir svar\u012bga!","og_url":"https:\/\/miumjau.ee\/lv\/produkts\/petrebels-skrapesanas-stabs-maine-90-cappuccino\/","og_site_name":"MiuMjau","article_publisher":"https:\/\/www.facebook.com\/miumjaupood\/","article_modified_time":"2026-01-07T19:13:48+00:00","og_image":[{"width":600,"height":800,"url":"https:\/\/miumjau.ee\/wp-content\/uploads\/2024\/01\/maine-90-cappuccino-kassi-kraapimispuu-4.jpg","type":"image\/jpeg"}],"twitter_card":"summary_large_image","schema":{"@context":"https:\/\/schema.org","@graph":[{"@type":"WebPage","@id":"https:\/\/miumjau.ee\/lv\/produkts\/petrebels-skrapesanas-stabs-maine-90-cappuccino\/","url":"https:\/\/miumjau.ee\/lv\/produkts\/petrebels-skrapesanas-stabs-maine-90-cappuccino\/","name":"Petrebels skr\u0101p\u0113\u0161anas stabs Maine 90, cappuccino - MiuMjau","isPartOf":{"@id":"https:\/\/miumjau.ee\/#website"},"primaryImageOfPage":{"@id":"https:\/\/miumjau.ee\/lv\/produkts\/petrebels-skrapesanas-stabs-maine-90-cappuccino\/#primaryimage"},"image":{"@id":"https:\/\/miumjau.ee\/lv\/produkts\/petrebels-skrapesanas-stabs-maine-90-cappuccino\/#primaryimage"},"thumbnailUrl":"https:\/\/miumjau.ee\/wp-content\/uploads\/2024\/01\/maine-90-cappuccino-kassi-kraapimispuu-4.jpg","datePublished":"2024-01-02T18:52:47+00:00","dateModified":"2026-01-07T19:13:48+00:00","breadcrumb":{"@id":"https:\/\/miumjau.ee\/lv\/produkts\/petrebels-skrapesanas-stabs-maine-90-cappuccino\/#breadcrumb"},"inLanguage":"lv-LV","potentialAction":[{"@type":"ReadAction","target":["https:\/\/miumjau.ee\/lv\/produkts\/petrebels-skrapesanas-stabs-maine-90-cappuccino\/"]}]},{"@type":"ImageObject","inLanguage":"lv-LV","@id":"https:\/\/miumjau.ee\/lv\/produkts\/petrebels-skrapesanas-stabs-maine-90-cappuccino\/#primaryimage","url":"https:\/\/miumjau.ee\/wp-content\/uploads\/2024\/01\/maine-90-cappuccino-kassi-kraapimispuu-4.jpg","contentUrl":"https:\/\/miumjau.ee\/wp-content\/uploads\/2024\/01\/maine-90-cappuccino-kassi-kraapimispuu-4.jpg","width":600,"height":800},{"@type":"BreadcrumbList","@id":"https:\/\/miumjau.ee\/lv\/produkts\/petrebels-skrapesanas-stabs-maine-90-cappuccino\/#breadcrumb","itemListElement":[{"@type":"ListItem","position":1,"name":"Home","item":"https:\/\/miumjau.ee\/lv\/"},{"@type":"ListItem","position":2,"name":"Veikals","item":"https:\/\/miumjau.ee\/lv\/veikals\/"},{"@type":"ListItem","position":3,"name":"Petrebels skr\u0101p\u0113\u0161anas stabs Maine 90, cappuccino"}]},{"@type":"WebSite","@id":"https:\/\/miumjau.ee\/#website","url":"https:\/\/miumjau.ee\/","name":"MiuMjau","description":"Kraapimispuud kassidele","publisher":{"@id":"https:\/\/miumjau.ee\/#organization"},"potentialAction":[{"@type":"SearchAction","target":{"@type":"EntryPoint","urlTemplate":"https:\/\/miumjau.ee\/?s={search_term_string}"},"query-input":{"@type":"PropertyValueSpecification","valueRequired":true,"valueName":"search_term_string"}}],"inLanguage":"lv-LV"},{"@type":"Organization","@id":"https:\/\/miumjau.ee\/#organization","name":"MiuMjau O\u00dc","url":"https:\/\/miumjau.ee\/","logo":{"@type":"ImageObject","inLanguage":"lv-LV","@id":"https:\/\/miumjau.ee\/#\/schema\/logo\/image\/","url":"https:\/\/miumjau.ee\/wp-content\/uploads\/2022\/04\/MiuMjau-logo-kollane.png","contentUrl":"https:\/\/miumjau.ee\/wp-content\/uploads\/2022\/04\/MiuMjau-logo-kollane.png","width":219,"height":100,"caption":"MiuMjau O\u00dc"},"image":{"@id":"https:\/\/miumjau.ee\/#\/schema\/logo\/image\/"},"sameAs":["https:\/\/www.facebook.com\/miumjaupood\/"]}]}},"_links":{"self":[{"href":"https:\/\/miumjau.ee\/lv\/wp-json\/wp\/v2\/product\/50753","targetHints":{"allow":["GET"]}}],"collection":[{"href":"https:\/\/miumjau.ee\/lv\/wp-json\/wp\/v2\/product"}],"about":[{"href":"https:\/\/miumjau.ee\/lv\/wp-json\/wp\/v2\/types\/product"}],"wp:featuredmedia":[{"embeddable":true,"href":"https:\/\/miumjau.ee\/lv\/wp-json\/wp\/v2\/media\/50754"}],"wp:attachment":[{"href":"https:\/\/miumjau.ee\/lv\/wp-json\/wp\/v2\/media?parent=50753"}],"wp:term":[{"taxonomy":"product_brand","embeddable":true,"href":"https:\/\/miumjau.ee\/lv\/wp-json\/wp\/v2\/product_brand?post=50753"},{"taxonomy":"product_cat","embeddable":true,"href":"https:\/\/miumjau.ee\/lv\/wp-json\/wp\/v2\/product_cat?post=50753"},{"taxonomy":"product_tag","embeddable":true,"href":"https:\/\/miumjau.ee\/lv\/wp-json\/wp\/v2\/product_tag?post=50753"}],"curies":[{"name":"wp","href":"https:\/\/api.w.org\/{rel}","templated":true}]}}