{"id":50739,"date":"2023-12-26T15:41:25","date_gmt":"2023-12-26T13:41:25","guid":{"rendered":"https:\/\/miumjau.ee\/toode\/petrebels-skrapesanas-koks-route-180-peleks\/"},"modified":"2026-01-07T21:13:48","modified_gmt":"2026-01-07T19:13:48","slug":"petrebels-skrapesanas-koks-route-180-peleks","status":"publish","type":"product","link":"https:\/\/miumjau.ee\/lv\/produkts\/petrebels-skrapesanas-koks-route-180-peleks\/","title":{"rendered":"Petrebels skr\u0101p\u0113\u0161anas koks Route 180, pel\u0113ks"},"content":{"rendered":"","protected":false},"excerpt":{"rendered":"<p data-start=\"52\" data-end=\"500\">Ka\u0137u skr\u0101p\u0113\u0161anas koks Route 180 ir veidots \u012bstiem skr\u0101p\u0113\u0161anas entuziastiem, kuriem nav probl\u0113mu uzk\u0101pt pa stabu. Uz t\u0101 dr\u012bkst k\u0101pt ar\u012b liel\u0101kiem un smag\u0101kiem ka\u0137iem. Ja j\u016bsu ka\u0137is m\u012bl v\u0113rot apk\u0101rtni un atrasties augstum\u0101, Route 180 ir ide\u0101ls risin\u0101jums. Pateicoties vair\u0101kiem atp\u016btas laukumiem, to var izmantot ar\u012b vair\u0101ki ka\u0137i vienlaikus. Vietas pietiek \u2013 nav j\u0101c\u012bn\u0101s! Produkts ir kompakts un labi iederas jebkur\u0101 m\u0101jokl\u012b, neaiz\u0146em daudz vietas.<\/p>\n<p data-start=\"502\" data-end=\"830\">Izm\u0113ri: augstums 180\u202fcm, pamatne 76 \u00d7 50\u202fcm<br data-start=\"545\" data-end=\"548\" \/>Pakarin\u0101m\u0101 gu\u013cvieta \u2013 maksim\u0101lais slodzes svars 15\u202fkg. Ja j\u016bsu ka\u0137is ir \u013coti liels vai vair\u0101ki ka\u0137i v\u0113las kop\u0101 gul\u0113t \u0161aj\u0101 \u0161\u016bpul\u012b, skatiet modeli <strong data-start=\"693\" data-end=\"706\">Route 210<\/strong>, kur maksim\u0101lais slodzes svars pakarin\u0101maj\u0101m gu\u013cviet\u0101m ir 25\u202fkg.<br data-start=\"771\" data-end=\"774\" \/>Stabu diametrs ir da\u017e\u0101ds \u2013 da\u017ei 12\u202fcm, citi pat 15\u202fcm.<\/p>\n<p data-start=\"832\" data-end=\"904\">PS: Pakarin\u0101m\u0101 gu\u013cvieta un m\u012bkstie spilveni ir mazg\u0101jami ve\u013cas ma\u0161\u012bn\u0101.<\/p>\n<p data-start=\"906\" data-end=\"964\" data-is-last-node=\"\" data-is-only-node=\"\">Produkta pieg\u0101de: divos iepakojumos, kop\u0113jais svars 48\u202fkg.<\/p>\n","protected":false},"featured_media":50746,"template":"","meta":[],"product_brand":[],"product_cat":[582,573],"product_tag":[],"class_list":{"0":"post-50739","1":"product","2":"type-product","3":"status-publish","4":"has-post-thumbnail","6":"product_cat-videji-skrapesanas-koki-petrebels","7":"product_cat-kaup24-lv","8":"product_shipping_class-pakiautomaati-sobimatu-lv","10":"first","11":"instock","12":"taxable","13":"shipping-taxable","14":"purchasable","15":"product-type-simple"},"yoast_head":"<!-- This site is optimized with the Yoast SEO plugin v27.2 - https:\/\/yoast.com\/product\/yoast-seo-wordpress\/ -->\n<title>Petrebels skr\u0101p\u0113\u0161anas koks Route 180, pel\u0113ks - MiuMjau<\/title>\n<meta name=\"robots\" content=\"index, follow, max-snippet:-1, max-image-preview:large, max-video-preview:-1\" \/>\n<link rel=\"canonical\" href=\"https:\/\/miumjau.ee\/lv\/produkts\/petrebels-skrapesanas-koks-route-180-peleks\/\" \/>\n<meta property=\"og:locale\" content=\"lv_LV\" \/>\n<meta property=\"og:type\" content=\"article\" \/>\n<meta property=\"og:title\" content=\"Petrebels skr\u0101p\u0113\u0161anas koks Route 180, pel\u0113ks - MiuMjau\" \/>\n<meta property=\"og:description\" content=\"Ka\u0137u skr\u0101p\u0113\u0161anas koks Route 180 ir veidots \u012bstiem skr\u0101p\u0113\u0161anas entuziastiem, kuriem nav probl\u0113mu uzk\u0101pt pa stabu. Uz t\u0101 dr\u012bkst k\u0101pt ar\u012b liel\u0101kiem un smag\u0101kiem ka\u0137iem. Ja j\u016bsu ka\u0137is m\u012bl v\u0113rot apk\u0101rtni un atrasties augstum\u0101, Route 180 ir ide\u0101ls risin\u0101jums. Pateicoties vair\u0101kiem atp\u016btas laukumiem, to var izmantot ar\u012b vair\u0101ki ka\u0137i vienlaikus. Vietas pietiek \u2013 nav j\u0101c\u012bn\u0101s! Produkts ir kompakts un labi iederas jebkur\u0101 m\u0101jokl\u012b, neaiz\u0146em daudz vietas. Izm\u0113ri: augstums 180\u202fcm, pamatne 76 \u00d7 50\u202fcmPakarin\u0101m\u0101 gu\u013cvieta \u2013 maksim\u0101lais slodzes svars 15\u202fkg. Ja j\u016bsu ka\u0137is ir \u013coti liels vai vair\u0101ki ka\u0137i v\u0113las kop\u0101 gul\u0113t \u0161aj\u0101 \u0161\u016bpul\u012b, skatiet modeli Route 210, kur maksim\u0101lais slodzes svars pakarin\u0101maj\u0101m gu\u013cviet\u0101m ir 25\u202fkg.Stabu diametrs ir da\u017e\u0101ds \u2013 da\u017ei 12\u202fcm, citi pat 15\u202fcm. PS: Pakarin\u0101m\u0101 gu\u013cvieta un m\u012bkstie spilveni ir mazg\u0101jami ve\u013cas ma\u0161\u012bn\u0101. Produkta pieg\u0101de: divos iepakojumos, kop\u0113jais svars 48\u202fkg.\" \/>\n<meta property=\"og:url\" content=\"https:\/\/miumjau.ee\/lv\/produkts\/petrebels-skrapesanas-koks-route-180-peleks\/\" \/>\n<meta property=\"og:site_name\" content=\"MiuMjau\" \/>\n<meta property=\"article:publisher\" content=\"https:\/\/www.facebook.com\/miumjaupood\/\" \/>\n<meta property=\"article:modified_time\" content=\"2026-01-07T19:13:48+00:00\" \/>\n<meta property=\"og:image\" content=\"https:\/\/miumjau.ee\/wp-content\/uploads\/2023\/12\/kraapimispuu-route180-hall6.jpg\" \/>\n\t<meta property=\"og:image:width\" content=\"600\" \/>\n\t<meta property=\"og:image:height\" content=\"800\" \/>\n\t<meta property=\"og:image:type\" content=\"image\/jpeg\" \/>\n<meta name=\"twitter:card\" content=\"summary_large_image\" \/>\n<script type=\"application\/ld+json\" class=\"yoast-schema-graph\">{\"@context\":\"https:\/\/schema.org\",\"@graph\":[{\"@type\":\"WebPage\",\"@id\":\"https:\/\/miumjau.ee\/lv\/produkts\/petrebels-skrapesanas-koks-route-180-peleks\/\",\"url\":\"https:\/\/miumjau.ee\/lv\/produkts\/petrebels-skrapesanas-koks-route-180-peleks\/\",\"name\":\"Petrebels skr\u0101p\u0113\u0161anas koks Route 180, pel\u0113ks - MiuMjau\",\"isPartOf\":{\"@id\":\"https:\/\/miumjau.ee\/#website\"},\"primaryImageOfPage\":{\"@id\":\"https:\/\/miumjau.ee\/lv\/produkts\/petrebels-skrapesanas-koks-route-180-peleks\/#primaryimage\"},\"image\":{\"@id\":\"https:\/\/miumjau.ee\/lv\/produkts\/petrebels-skrapesanas-koks-route-180-peleks\/#primaryimage\"},\"thumbnailUrl\":\"https:\/\/miumjau.ee\/wp-content\/uploads\/2023\/12\/kraapimispuu-route180-hall6.jpg\",\"datePublished\":\"2023-12-26T13:41:25+00:00\",\"dateModified\":\"2026-01-07T19:13:48+00:00\",\"breadcrumb\":{\"@id\":\"https:\/\/miumjau.ee\/lv\/produkts\/petrebels-skrapesanas-koks-route-180-peleks\/#breadcrumb\"},\"inLanguage\":\"lv-LV\",\"potentialAction\":[{\"@type\":\"ReadAction\",\"target\":[\"https:\/\/miumjau.ee\/lv\/produkts\/petrebels-skrapesanas-koks-route-180-peleks\/\"]}]},{\"@type\":\"ImageObject\",\"inLanguage\":\"lv-LV\",\"@id\":\"https:\/\/miumjau.ee\/lv\/produkts\/petrebels-skrapesanas-koks-route-180-peleks\/#primaryimage\",\"url\":\"https:\/\/miumjau.ee\/wp-content\/uploads\/2023\/12\/kraapimispuu-route180-hall6.jpg\",\"contentUrl\":\"https:\/\/miumjau.ee\/wp-content\/uploads\/2023\/12\/kraapimispuu-route180-hall6.jpg\",\"width\":600,\"height\":800},{\"@type\":\"BreadcrumbList\",\"@id\":\"https:\/\/miumjau.ee\/lv\/produkts\/petrebels-skrapesanas-koks-route-180-peleks\/#breadcrumb\",\"itemListElement\":[{\"@type\":\"ListItem\",\"position\":1,\"name\":\"Home\",\"item\":\"https:\/\/miumjau.ee\/lv\/\"},{\"@type\":\"ListItem\",\"position\":2,\"name\":\"Veikals\",\"item\":\"https:\/\/miumjau.ee\/lv\/veikals\/\"},{\"@type\":\"ListItem\",\"position\":3,\"name\":\"Petrebels skr\u0101p\u0113\u0161anas koks Route 180, pel\u0113ks\"}]},{\"@type\":\"WebSite\",\"@id\":\"https:\/\/miumjau.ee\/#website\",\"url\":\"https:\/\/miumjau.ee\/\",\"name\":\"MiuMjau\",\"description\":\"Kraapimispuud kassidele\",\"publisher\":{\"@id\":\"https:\/\/miumjau.ee\/#organization\"},\"potentialAction\":[{\"@type\":\"SearchAction\",\"target\":{\"@type\":\"EntryPoint\",\"urlTemplate\":\"https:\/\/miumjau.ee\/?s={search_term_string}\"},\"query-input\":{\"@type\":\"PropertyValueSpecification\",\"valueRequired\":true,\"valueName\":\"search_term_string\"}}],\"inLanguage\":\"lv-LV\"},{\"@type\":\"Organization\",\"@id\":\"https:\/\/miumjau.ee\/#organization\",\"name\":\"MiuMjau O\u00dc\",\"url\":\"https:\/\/miumjau.ee\/\",\"logo\":{\"@type\":\"ImageObject\",\"inLanguage\":\"lv-LV\",\"@id\":\"https:\/\/miumjau.ee\/#\/schema\/logo\/image\/\",\"url\":\"https:\/\/miumjau.ee\/wp-content\/uploads\/2022\/04\/MiuMjau-logo-kollane.png\",\"contentUrl\":\"https:\/\/miumjau.ee\/wp-content\/uploads\/2022\/04\/MiuMjau-logo-kollane.png\",\"width\":219,\"height\":100,\"caption\":\"MiuMjau O\u00dc\"},\"image\":{\"@id\":\"https:\/\/miumjau.ee\/#\/schema\/logo\/image\/\"},\"sameAs\":[\"https:\/\/www.facebook.com\/miumjaupood\/\"]}]}<\/script>\n<!-- \/ Yoast SEO plugin. -->","yoast_head_json":{"title":"Petrebels skr\u0101p\u0113\u0161anas koks Route 180, pel\u0113ks - MiuMjau","robots":{"index":"index","follow":"follow","max-snippet":"max-snippet:-1","max-image-preview":"max-image-preview:large","max-video-preview":"max-video-preview:-1"},"canonical":"https:\/\/miumjau.ee\/lv\/produkts\/petrebels-skrapesanas-koks-route-180-peleks\/","og_locale":"lv_LV","og_type":"article","og_title":"Petrebels skr\u0101p\u0113\u0161anas koks Route 180, pel\u0113ks - MiuMjau","og_description":"Ka\u0137u skr\u0101p\u0113\u0161anas koks Route 180 ir veidots \u012bstiem skr\u0101p\u0113\u0161anas entuziastiem, kuriem nav probl\u0113mu uzk\u0101pt pa stabu. Uz t\u0101 dr\u012bkst k\u0101pt ar\u012b liel\u0101kiem un smag\u0101kiem ka\u0137iem. Ja j\u016bsu ka\u0137is m\u012bl v\u0113rot apk\u0101rtni un atrasties augstum\u0101, Route 180 ir ide\u0101ls risin\u0101jums. Pateicoties vair\u0101kiem atp\u016btas laukumiem, to var izmantot ar\u012b vair\u0101ki ka\u0137i vienlaikus. Vietas pietiek \u2013 nav j\u0101c\u012bn\u0101s! Produkts ir kompakts un labi iederas jebkur\u0101 m\u0101jokl\u012b, neaiz\u0146em daudz vietas. Izm\u0113ri: augstums 180\u202fcm, pamatne 76 \u00d7 50\u202fcmPakarin\u0101m\u0101 gu\u013cvieta \u2013 maksim\u0101lais slodzes svars 15\u202fkg. Ja j\u016bsu ka\u0137is ir \u013coti liels vai vair\u0101ki ka\u0137i v\u0113las kop\u0101 gul\u0113t \u0161aj\u0101 \u0161\u016bpul\u012b, skatiet modeli Route 210, kur maksim\u0101lais slodzes svars pakarin\u0101maj\u0101m gu\u013cviet\u0101m ir 25\u202fkg.Stabu diametrs ir da\u017e\u0101ds \u2013 da\u017ei 12\u202fcm, citi pat 15\u202fcm. PS: Pakarin\u0101m\u0101 gu\u013cvieta un m\u012bkstie spilveni ir mazg\u0101jami ve\u013cas ma\u0161\u012bn\u0101. Produkta pieg\u0101de: divos iepakojumos, kop\u0113jais svars 48\u202fkg.","og_url":"https:\/\/miumjau.ee\/lv\/produkts\/petrebels-skrapesanas-koks-route-180-peleks\/","og_site_name":"MiuMjau","article_publisher":"https:\/\/www.facebook.com\/miumjaupood\/","article_modified_time":"2026-01-07T19:13:48+00:00","og_image":[{"width":600,"height":800,"url":"https:\/\/miumjau.ee\/wp-content\/uploads\/2023\/12\/kraapimispuu-route180-hall6.jpg","type":"image\/jpeg"}],"twitter_card":"summary_large_image","schema":{"@context":"https:\/\/schema.org","@graph":[{"@type":"WebPage","@id":"https:\/\/miumjau.ee\/lv\/produkts\/petrebels-skrapesanas-koks-route-180-peleks\/","url":"https:\/\/miumjau.ee\/lv\/produkts\/petrebels-skrapesanas-koks-route-180-peleks\/","name":"Petrebels skr\u0101p\u0113\u0161anas koks Route 180, pel\u0113ks - MiuMjau","isPartOf":{"@id":"https:\/\/miumjau.ee\/#website"},"primaryImageOfPage":{"@id":"https:\/\/miumjau.ee\/lv\/produkts\/petrebels-skrapesanas-koks-route-180-peleks\/#primaryimage"},"image":{"@id":"https:\/\/miumjau.ee\/lv\/produkts\/petrebels-skrapesanas-koks-route-180-peleks\/#primaryimage"},"thumbnailUrl":"https:\/\/miumjau.ee\/wp-content\/uploads\/2023\/12\/kraapimispuu-route180-hall6.jpg","datePublished":"2023-12-26T13:41:25+00:00","dateModified":"2026-01-07T19:13:48+00:00","breadcrumb":{"@id":"https:\/\/miumjau.ee\/lv\/produkts\/petrebels-skrapesanas-koks-route-180-peleks\/#breadcrumb"},"inLanguage":"lv-LV","potentialAction":[{"@type":"ReadAction","target":["https:\/\/miumjau.ee\/lv\/produkts\/petrebels-skrapesanas-koks-route-180-peleks\/"]}]},{"@type":"ImageObject","inLanguage":"lv-LV","@id":"https:\/\/miumjau.ee\/lv\/produkts\/petrebels-skrapesanas-koks-route-180-peleks\/#primaryimage","url":"https:\/\/miumjau.ee\/wp-content\/uploads\/2023\/12\/kraapimispuu-route180-hall6.jpg","contentUrl":"https:\/\/miumjau.ee\/wp-content\/uploads\/2023\/12\/kraapimispuu-route180-hall6.jpg","width":600,"height":800},{"@type":"BreadcrumbList","@id":"https:\/\/miumjau.ee\/lv\/produkts\/petrebels-skrapesanas-koks-route-180-peleks\/#breadcrumb","itemListElement":[{"@type":"ListItem","position":1,"name":"Home","item":"https:\/\/miumjau.ee\/lv\/"},{"@type":"ListItem","position":2,"name":"Veikals","item":"https:\/\/miumjau.ee\/lv\/veikals\/"},{"@type":"ListItem","position":3,"name":"Petrebels skr\u0101p\u0113\u0161anas koks Route 180, pel\u0113ks"}]},{"@type":"WebSite","@id":"https:\/\/miumjau.ee\/#website","url":"https:\/\/miumjau.ee\/","name":"MiuMjau","description":"Kraapimispuud kassidele","publisher":{"@id":"https:\/\/miumjau.ee\/#organization"},"potentialAction":[{"@type":"SearchAction","target":{"@type":"EntryPoint","urlTemplate":"https:\/\/miumjau.ee\/?s={search_term_string}"},"query-input":{"@type":"PropertyValueSpecification","valueRequired":true,"valueName":"search_term_string"}}],"inLanguage":"lv-LV"},{"@type":"Organization","@id":"https:\/\/miumjau.ee\/#organization","name":"MiuMjau O\u00dc","url":"https:\/\/miumjau.ee\/","logo":{"@type":"ImageObject","inLanguage":"lv-LV","@id":"https:\/\/miumjau.ee\/#\/schema\/logo\/image\/","url":"https:\/\/miumjau.ee\/wp-content\/uploads\/2022\/04\/MiuMjau-logo-kollane.png","contentUrl":"https:\/\/miumjau.ee\/wp-content\/uploads\/2022\/04\/MiuMjau-logo-kollane.png","width":219,"height":100,"caption":"MiuMjau O\u00dc"},"image":{"@id":"https:\/\/miumjau.ee\/#\/schema\/logo\/image\/"},"sameAs":["https:\/\/www.facebook.com\/miumjaupood\/"]}]}},"_links":{"self":[{"href":"https:\/\/miumjau.ee\/lv\/wp-json\/wp\/v2\/product\/50739","targetHints":{"allow":["GET"]}}],"collection":[{"href":"https:\/\/miumjau.ee\/lv\/wp-json\/wp\/v2\/product"}],"about":[{"href":"https:\/\/miumjau.ee\/lv\/wp-json\/wp\/v2\/types\/product"}],"wp:featuredmedia":[{"embeddable":true,"href":"https:\/\/miumjau.ee\/lv\/wp-json\/wp\/v2\/media\/50746"}],"wp:attachment":[{"href":"https:\/\/miumjau.ee\/lv\/wp-json\/wp\/v2\/media?parent=50739"}],"wp:term":[{"taxonomy":"product_brand","embeddable":true,"href":"https:\/\/miumjau.ee\/lv\/wp-json\/wp\/v2\/product_brand?post=50739"},{"taxonomy":"product_cat","embeddable":true,"href":"https:\/\/miumjau.ee\/lv\/wp-json\/wp\/v2\/product_cat?post=50739"},{"taxonomy":"product_tag","embeddable":true,"href":"https:\/\/miumjau.ee\/lv\/wp-json\/wp\/v2\/product_tag?post=50739"}],"curies":[{"name":"wp","href":"https:\/\/api.w.org\/{rel}","templated":true}]}}