{"id":50727,"date":"2023-09-30T11:31:08","date_gmt":"2023-09-30T08:31:08","guid":{"rendered":"https:\/\/miumjau.ee\/toode\/petrebels-skrapesanas-koks-scenic-view-197-cappuccino\/"},"modified":"2026-01-07T21:13:48","modified_gmt":"2026-01-07T19:13:48","slug":"petrebels-skrapesanas-koks-scenic-view-197-cappuccino","status":"publish","type":"product","link":"https:\/\/miumjau.ee\/lv\/produkts\/petrebels-skrapesanas-koks-scenic-view-197-cappuccino\/","title":{"rendered":"Petrebels skr\u0101p\u0113\u0161anas koks Scenic view 197, cappuccino"},"content":{"rendered":"","protected":false},"excerpt":{"rendered":"<p data-start=\"62\" data-end=\"410\">\u012apa\u0161i augsts k\u0101p\u0161anas parad\u012bzes modelis \u013coti sp\u0113ka pilniem un rota\u013c\u012bgiem lielo \u0161\u0137ir\u0146u ka\u0137iem. Vai jums ir Maine Coon, Norv\u0113\u0123ijas me\u017ea ka\u0137is, Ragdoll vai k\u0101ds cits liels ka\u0137is? Tad jums nepiecie\u0161ams \u012bpa\u0161i iztur\u012bgs ka\u0137u m\u0113be\u013cu risin\u0101jums, ar liel\u0101m gu\u013cviet\u0101m un biez\u0101m skr\u0101p\u0113\u0161anas k\u0101j\u0101m, uz kur\u0101m ar\u012b vi\u0146i var skr\u0101p\u0113t. Tie\u0161i to pied\u0101v\u0101 \u0161is modelis!<\/p>\n<p data-start=\"412\" data-end=\"615\">\u0160is skr\u0101p\u0113\u0161anas koks ir rad\u012bts, lai palutin\u0101tu ka\u0137us neatkar\u012bgi no izm\u0113ra un nodro\u0161ina dro\u0161\u012bbu \u2013 \u0161is koks nekad nenokrit\u012bs. Visi stabi ir biezs, 12\u202fcm diametr\u0101. Skaistas kr\u0101su kombin\u0101cijas priec\u0113 acis.<\/p>\n<p data-start=\"617\" data-end=\"644\">Izm\u0113ri: 110 \u00d7 50 \u00d7 197\u202fcm<\/p>\n<ul data-start=\"645\" data-end=\"750\">\n<li data-start=\"645\" data-end=\"687\">\n<p data-start=\"647\" data-end=\"687\">XL pakarin\u0101mais \u0161\u016bpulis diametr\u0101 45\u202fcm<\/p>\n<\/li>\n<li data-start=\"688\" data-end=\"750\">\n<p data-start=\"690\" data-end=\"750\">2 gu\u013cvietas izm\u0113r\u0101 50 \u00d7 30\u202fcm un 45 \u00d7 45\u202fcm, augstums 8\u202fcm<\/p>\n<\/li>\n<\/ul>\n<p data-start=\"752\" data-end=\"865\">Produkta svars bez iepakojuma: 54\u202fkg<br data-start=\"788\" data-end=\"791\" \/>Produkta svars ar iepakojumu: 58\u202fkg (produktu pieg\u0101d\u0101 divos iepakojumos)<\/p>\n<p data-start=\"867\" data-end=\"908\" data-is-last-node=\"\" data-is-only-node=\"\">Palutini savu ka\u0137i un pied\u0101v\u0101 tam lab\u0101ko!<\/p>\n","protected":false},"featured_media":50728,"template":"","meta":[],"product_brand":[],"product_cat":[583],"product_tag":[],"class_list":{"0":"post-50727","1":"product","2":"type-product","3":"status-publish","4":"has-post-thumbnail","6":"product_cat-petrebels-produkti-smagiem-kakiem","7":"product_shipping_class-pakiautomaati-sobimatu-lv","9":"first","10":"instock","11":"sale","12":"taxable","13":"shipping-taxable","14":"purchasable","15":"product-type-simple"},"yoast_head":"<!-- This site is optimized with the Yoast SEO plugin v27.2 - https:\/\/yoast.com\/product\/yoast-seo-wordpress\/ -->\n<title>Petrebels skr\u0101p\u0113\u0161anas koks Scenic view 197, cappuccino - MiuMjau<\/title>\n<meta name=\"robots\" content=\"index, follow, max-snippet:-1, max-image-preview:large, max-video-preview:-1\" \/>\n<link rel=\"canonical\" href=\"https:\/\/miumjau.ee\/lv\/produkts\/petrebels-skrapesanas-koks-scenic-view-197-cappuccino\/\" \/>\n<meta property=\"og:locale\" content=\"lv_LV\" \/>\n<meta property=\"og:type\" content=\"article\" \/>\n<meta property=\"og:title\" content=\"Petrebels skr\u0101p\u0113\u0161anas koks Scenic view 197, cappuccino - MiuMjau\" \/>\n<meta property=\"og:description\" content=\"\u012apa\u0161i augsts k\u0101p\u0161anas parad\u012bzes modelis \u013coti sp\u0113ka pilniem un rota\u013c\u012bgiem lielo \u0161\u0137ir\u0146u ka\u0137iem. Vai jums ir Maine Coon, Norv\u0113\u0123ijas me\u017ea ka\u0137is, Ragdoll vai k\u0101ds cits liels ka\u0137is? Tad jums nepiecie\u0161ams \u012bpa\u0161i iztur\u012bgs ka\u0137u m\u0113be\u013cu risin\u0101jums, ar liel\u0101m gu\u013cviet\u0101m un biez\u0101m skr\u0101p\u0113\u0161anas k\u0101j\u0101m, uz kur\u0101m ar\u012b vi\u0146i var skr\u0101p\u0113t. Tie\u0161i to pied\u0101v\u0101 \u0161is modelis! \u0160is skr\u0101p\u0113\u0161anas koks ir rad\u012bts, lai palutin\u0101tu ka\u0137us neatkar\u012bgi no izm\u0113ra un nodro\u0161ina dro\u0161\u012bbu \u2013 \u0161is koks nekad nenokrit\u012bs. Visi stabi ir biezs, 12\u202fcm diametr\u0101. Skaistas kr\u0101su kombin\u0101cijas priec\u0113 acis. Izm\u0113ri: 110 \u00d7 50 \u00d7 197\u202fcm     XL pakarin\u0101mais \u0161\u016bpulis diametr\u0101 45\u202fcm    2 gu\u013cvietas izm\u0113r\u0101 50 \u00d7 30\u202fcm un 45 \u00d7 45\u202fcm, augstums 8\u202fcm   Produkta svars bez iepakojuma: 54\u202fkgProdukta svars ar iepakojumu: 58\u202fkg (produktu pieg\u0101d\u0101 divos iepakojumos) Palutini savu ka\u0137i un pied\u0101v\u0101 tam lab\u0101ko!\" \/>\n<meta property=\"og:url\" content=\"https:\/\/miumjau.ee\/lv\/produkts\/petrebels-skrapesanas-koks-scenic-view-197-cappuccino\/\" \/>\n<meta property=\"og:site_name\" content=\"MiuMjau\" \/>\n<meta property=\"article:publisher\" content=\"https:\/\/www.facebook.com\/miumjaupood\/\" \/>\n<meta property=\"article:modified_time\" content=\"2026-01-07T19:13:48+00:00\" \/>\n<meta property=\"og:image\" content=\"https:\/\/miumjau.ee\/wp-content\/uploads\/2023\/09\/scenic-view-197-cappuccino-kassi-kraapimispuu-1.jpg\" \/>\n\t<meta property=\"og:image:width\" content=\"600\" \/>\n\t<meta property=\"og:image:height\" content=\"800\" \/>\n\t<meta property=\"og:image:type\" content=\"image\/jpeg\" \/>\n<meta name=\"twitter:card\" content=\"summary_large_image\" \/>\n<script type=\"application\/ld+json\" class=\"yoast-schema-graph\">{\"@context\":\"https:\/\/schema.org\",\"@graph\":[{\"@type\":\"WebPage\",\"@id\":\"https:\/\/miumjau.ee\/lv\/produkts\/petrebels-skrapesanas-koks-scenic-view-197-cappuccino\/\",\"url\":\"https:\/\/miumjau.ee\/lv\/produkts\/petrebels-skrapesanas-koks-scenic-view-197-cappuccino\/\",\"name\":\"Petrebels skr\u0101p\u0113\u0161anas koks Scenic view 197, cappuccino - MiuMjau\",\"isPartOf\":{\"@id\":\"https:\/\/miumjau.ee\/#website\"},\"primaryImageOfPage\":{\"@id\":\"https:\/\/miumjau.ee\/lv\/produkts\/petrebels-skrapesanas-koks-scenic-view-197-cappuccino\/#primaryimage\"},\"image\":{\"@id\":\"https:\/\/miumjau.ee\/lv\/produkts\/petrebels-skrapesanas-koks-scenic-view-197-cappuccino\/#primaryimage\"},\"thumbnailUrl\":\"https:\/\/miumjau.ee\/wp-content\/uploads\/2023\/09\/scenic-view-197-cappuccino-kassi-kraapimispuu-1.jpg\",\"datePublished\":\"2023-09-30T08:31:08+00:00\",\"dateModified\":\"2026-01-07T19:13:48+00:00\",\"breadcrumb\":{\"@id\":\"https:\/\/miumjau.ee\/lv\/produkts\/petrebels-skrapesanas-koks-scenic-view-197-cappuccino\/#breadcrumb\"},\"inLanguage\":\"lv-LV\",\"potentialAction\":[{\"@type\":\"ReadAction\",\"target\":[\"https:\/\/miumjau.ee\/lv\/produkts\/petrebels-skrapesanas-koks-scenic-view-197-cappuccino\/\"]}]},{\"@type\":\"ImageObject\",\"inLanguage\":\"lv-LV\",\"@id\":\"https:\/\/miumjau.ee\/lv\/produkts\/petrebels-skrapesanas-koks-scenic-view-197-cappuccino\/#primaryimage\",\"url\":\"https:\/\/miumjau.ee\/wp-content\/uploads\/2023\/09\/scenic-view-197-cappuccino-kassi-kraapimispuu-1.jpg\",\"contentUrl\":\"https:\/\/miumjau.ee\/wp-content\/uploads\/2023\/09\/scenic-view-197-cappuccino-kassi-kraapimispuu-1.jpg\",\"width\":600,\"height\":800},{\"@type\":\"BreadcrumbList\",\"@id\":\"https:\/\/miumjau.ee\/lv\/produkts\/petrebels-skrapesanas-koks-scenic-view-197-cappuccino\/#breadcrumb\",\"itemListElement\":[{\"@type\":\"ListItem\",\"position\":1,\"name\":\"Home\",\"item\":\"https:\/\/miumjau.ee\/lv\/\"},{\"@type\":\"ListItem\",\"position\":2,\"name\":\"Veikals\",\"item\":\"https:\/\/miumjau.ee\/lv\/veikals\/\"},{\"@type\":\"ListItem\",\"position\":3,\"name\":\"Petrebels skr\u0101p\u0113\u0161anas koks Scenic view 197, cappuccino\"}]},{\"@type\":\"WebSite\",\"@id\":\"https:\/\/miumjau.ee\/#website\",\"url\":\"https:\/\/miumjau.ee\/\",\"name\":\"MiuMjau\",\"description\":\"Kraapimispuud kassidele\",\"publisher\":{\"@id\":\"https:\/\/miumjau.ee\/#organization\"},\"potentialAction\":[{\"@type\":\"SearchAction\",\"target\":{\"@type\":\"EntryPoint\",\"urlTemplate\":\"https:\/\/miumjau.ee\/?s={search_term_string}\"},\"query-input\":{\"@type\":\"PropertyValueSpecification\",\"valueRequired\":true,\"valueName\":\"search_term_string\"}}],\"inLanguage\":\"lv-LV\"},{\"@type\":\"Organization\",\"@id\":\"https:\/\/miumjau.ee\/#organization\",\"name\":\"MiuMjau O\u00dc\",\"url\":\"https:\/\/miumjau.ee\/\",\"logo\":{\"@type\":\"ImageObject\",\"inLanguage\":\"lv-LV\",\"@id\":\"https:\/\/miumjau.ee\/#\/schema\/logo\/image\/\",\"url\":\"https:\/\/miumjau.ee\/wp-content\/uploads\/2022\/04\/MiuMjau-logo-kollane.png\",\"contentUrl\":\"https:\/\/miumjau.ee\/wp-content\/uploads\/2022\/04\/MiuMjau-logo-kollane.png\",\"width\":219,\"height\":100,\"caption\":\"MiuMjau O\u00dc\"},\"image\":{\"@id\":\"https:\/\/miumjau.ee\/#\/schema\/logo\/image\/\"},\"sameAs\":[\"https:\/\/www.facebook.com\/miumjaupood\/\"]}]}<\/script>\n<!-- \/ Yoast SEO plugin. -->","yoast_head_json":{"title":"Petrebels skr\u0101p\u0113\u0161anas koks Scenic view 197, cappuccino - MiuMjau","robots":{"index":"index","follow":"follow","max-snippet":"max-snippet:-1","max-image-preview":"max-image-preview:large","max-video-preview":"max-video-preview:-1"},"canonical":"https:\/\/miumjau.ee\/lv\/produkts\/petrebels-skrapesanas-koks-scenic-view-197-cappuccino\/","og_locale":"lv_LV","og_type":"article","og_title":"Petrebels skr\u0101p\u0113\u0161anas koks Scenic view 197, cappuccino - MiuMjau","og_description":"\u012apa\u0161i augsts k\u0101p\u0161anas parad\u012bzes modelis \u013coti sp\u0113ka pilniem un rota\u013c\u012bgiem lielo \u0161\u0137ir\u0146u ka\u0137iem. Vai jums ir Maine Coon, Norv\u0113\u0123ijas me\u017ea ka\u0137is, Ragdoll vai k\u0101ds cits liels ka\u0137is? Tad jums nepiecie\u0161ams \u012bpa\u0161i iztur\u012bgs ka\u0137u m\u0113be\u013cu risin\u0101jums, ar liel\u0101m gu\u013cviet\u0101m un biez\u0101m skr\u0101p\u0113\u0161anas k\u0101j\u0101m, uz kur\u0101m ar\u012b vi\u0146i var skr\u0101p\u0113t. Tie\u0161i to pied\u0101v\u0101 \u0161is modelis! \u0160is skr\u0101p\u0113\u0161anas koks ir rad\u012bts, lai palutin\u0101tu ka\u0137us neatkar\u012bgi no izm\u0113ra un nodro\u0161ina dro\u0161\u012bbu \u2013 \u0161is koks nekad nenokrit\u012bs. Visi stabi ir biezs, 12\u202fcm diametr\u0101. Skaistas kr\u0101su kombin\u0101cijas priec\u0113 acis. Izm\u0113ri: 110 \u00d7 50 \u00d7 197\u202fcm     XL pakarin\u0101mais \u0161\u016bpulis diametr\u0101 45\u202fcm    2 gu\u013cvietas izm\u0113r\u0101 50 \u00d7 30\u202fcm un 45 \u00d7 45\u202fcm, augstums 8\u202fcm   Produkta svars bez iepakojuma: 54\u202fkgProdukta svars ar iepakojumu: 58\u202fkg (produktu pieg\u0101d\u0101 divos iepakojumos) Palutini savu ka\u0137i un pied\u0101v\u0101 tam lab\u0101ko!","og_url":"https:\/\/miumjau.ee\/lv\/produkts\/petrebels-skrapesanas-koks-scenic-view-197-cappuccino\/","og_site_name":"MiuMjau","article_publisher":"https:\/\/www.facebook.com\/miumjaupood\/","article_modified_time":"2026-01-07T19:13:48+00:00","og_image":[{"width":600,"height":800,"url":"https:\/\/miumjau.ee\/wp-content\/uploads\/2023\/09\/scenic-view-197-cappuccino-kassi-kraapimispuu-1.jpg","type":"image\/jpeg"}],"twitter_card":"summary_large_image","schema":{"@context":"https:\/\/schema.org","@graph":[{"@type":"WebPage","@id":"https:\/\/miumjau.ee\/lv\/produkts\/petrebels-skrapesanas-koks-scenic-view-197-cappuccino\/","url":"https:\/\/miumjau.ee\/lv\/produkts\/petrebels-skrapesanas-koks-scenic-view-197-cappuccino\/","name":"Petrebels skr\u0101p\u0113\u0161anas koks Scenic view 197, cappuccino - MiuMjau","isPartOf":{"@id":"https:\/\/miumjau.ee\/#website"},"primaryImageOfPage":{"@id":"https:\/\/miumjau.ee\/lv\/produkts\/petrebels-skrapesanas-koks-scenic-view-197-cappuccino\/#primaryimage"},"image":{"@id":"https:\/\/miumjau.ee\/lv\/produkts\/petrebels-skrapesanas-koks-scenic-view-197-cappuccino\/#primaryimage"},"thumbnailUrl":"https:\/\/miumjau.ee\/wp-content\/uploads\/2023\/09\/scenic-view-197-cappuccino-kassi-kraapimispuu-1.jpg","datePublished":"2023-09-30T08:31:08+00:00","dateModified":"2026-01-07T19:13:48+00:00","breadcrumb":{"@id":"https:\/\/miumjau.ee\/lv\/produkts\/petrebels-skrapesanas-koks-scenic-view-197-cappuccino\/#breadcrumb"},"inLanguage":"lv-LV","potentialAction":[{"@type":"ReadAction","target":["https:\/\/miumjau.ee\/lv\/produkts\/petrebels-skrapesanas-koks-scenic-view-197-cappuccino\/"]}]},{"@type":"ImageObject","inLanguage":"lv-LV","@id":"https:\/\/miumjau.ee\/lv\/produkts\/petrebels-skrapesanas-koks-scenic-view-197-cappuccino\/#primaryimage","url":"https:\/\/miumjau.ee\/wp-content\/uploads\/2023\/09\/scenic-view-197-cappuccino-kassi-kraapimispuu-1.jpg","contentUrl":"https:\/\/miumjau.ee\/wp-content\/uploads\/2023\/09\/scenic-view-197-cappuccino-kassi-kraapimispuu-1.jpg","width":600,"height":800},{"@type":"BreadcrumbList","@id":"https:\/\/miumjau.ee\/lv\/produkts\/petrebels-skrapesanas-koks-scenic-view-197-cappuccino\/#breadcrumb","itemListElement":[{"@type":"ListItem","position":1,"name":"Home","item":"https:\/\/miumjau.ee\/lv\/"},{"@type":"ListItem","position":2,"name":"Veikals","item":"https:\/\/miumjau.ee\/lv\/veikals\/"},{"@type":"ListItem","position":3,"name":"Petrebels skr\u0101p\u0113\u0161anas koks Scenic view 197, cappuccino"}]},{"@type":"WebSite","@id":"https:\/\/miumjau.ee\/#website","url":"https:\/\/miumjau.ee\/","name":"MiuMjau","description":"Kraapimispuud kassidele","publisher":{"@id":"https:\/\/miumjau.ee\/#organization"},"potentialAction":[{"@type":"SearchAction","target":{"@type":"EntryPoint","urlTemplate":"https:\/\/miumjau.ee\/?s={search_term_string}"},"query-input":{"@type":"PropertyValueSpecification","valueRequired":true,"valueName":"search_term_string"}}],"inLanguage":"lv-LV"},{"@type":"Organization","@id":"https:\/\/miumjau.ee\/#organization","name":"MiuMjau O\u00dc","url":"https:\/\/miumjau.ee\/","logo":{"@type":"ImageObject","inLanguage":"lv-LV","@id":"https:\/\/miumjau.ee\/#\/schema\/logo\/image\/","url":"https:\/\/miumjau.ee\/wp-content\/uploads\/2022\/04\/MiuMjau-logo-kollane.png","contentUrl":"https:\/\/miumjau.ee\/wp-content\/uploads\/2022\/04\/MiuMjau-logo-kollane.png","width":219,"height":100,"caption":"MiuMjau O\u00dc"},"image":{"@id":"https:\/\/miumjau.ee\/#\/schema\/logo\/image\/"},"sameAs":["https:\/\/www.facebook.com\/miumjaupood\/"]}]}},"_links":{"self":[{"href":"https:\/\/miumjau.ee\/lv\/wp-json\/wp\/v2\/product\/50727","targetHints":{"allow":["GET"]}}],"collection":[{"href":"https:\/\/miumjau.ee\/lv\/wp-json\/wp\/v2\/product"}],"about":[{"href":"https:\/\/miumjau.ee\/lv\/wp-json\/wp\/v2\/types\/product"}],"wp:featuredmedia":[{"embeddable":true,"href":"https:\/\/miumjau.ee\/lv\/wp-json\/wp\/v2\/media\/50728"}],"wp:attachment":[{"href":"https:\/\/miumjau.ee\/lv\/wp-json\/wp\/v2\/media?parent=50727"}],"wp:term":[{"taxonomy":"product_brand","embeddable":true,"href":"https:\/\/miumjau.ee\/lv\/wp-json\/wp\/v2\/product_brand?post=50727"},{"taxonomy":"product_cat","embeddable":true,"href":"https:\/\/miumjau.ee\/lv\/wp-json\/wp\/v2\/product_cat?post=50727"},{"taxonomy":"product_tag","embeddable":true,"href":"https:\/\/miumjau.ee\/lv\/wp-json\/wp\/v2\/product_tag?post=50727"}],"curies":[{"name":"wp","href":"https:\/\/api.w.org\/{rel}","templated":true}]}}