{"id":50719,"date":"2023-09-30T10:08:50","date_gmt":"2023-09-30T07:08:50","guid":{"rendered":"https:\/\/miumjau.ee\/toode\/petrebels-skrapesanas-koks-turnpike-200-kremkrasas\/"},"modified":"2026-01-07T21:13:48","modified_gmt":"2026-01-07T19:13:48","slug":"petrebels-skrapesanas-koks-turnpike-200-kremkrasas","status":"publish","type":"product","link":"https:\/\/miumjau.ee\/lv\/produkts\/petrebels-skrapesanas-koks-turnpike-200-kremkrasas\/","title":{"rendered":"Petrebels skr\u0101p\u0113\u0161anas koks Turnpike 200, kr\u0113mkr\u0101sas"},"content":{"rendered":"","protected":false},"excerpt":{"rendered":"<p data-start=\"64\" data-end=\"439\">Tam ir taisnas l\u012bnijas, samtaini m\u012bksti spilveni un daudz \u0113rtu gu\u013cvietu. \u013boti maigs un pievilc\u012bgs dizains, bet vienlaikus iztur\u012bgs un sp\u0113c\u012bgs. Tas iztur pat visintens\u012bv\u0101k\u0101s sp\u0113les, pateicoties \u012bpa\u0161i biezajai pamatplatei un skr\u0101p\u0113\u0161anas stabiem, kuru diametrs ir vismaz 15\u202fcm. Mekl\u0113jat \u012bstu ka\u0137u pili savam prin\u010dam vai princesei? Tad m\u016bsu <strong data-start=\"401\" data-end=\"417\">Turnpike 200<\/strong> ir lieliska izv\u0113le!<\/p>\n<p data-start=\"441\" data-end=\"495\">Izm\u0113ri: garums 76\u202fcm, platums 76\u202fcm, augstums 200\u202fcm<\/p>\n<ul data-start=\"496\" data-end=\"665\">\n<li data-start=\"496\" data-end=\"561\">\n<p data-start=\"498\" data-end=\"561\">2 \u013coti lielas izvirz\u012btas pakarin\u0101m\u0101s gu\u013cvietas diametr\u0101 48\u202fcm<\/p>\n<\/li>\n<li data-start=\"562\" data-end=\"623\">\n<p data-start=\"564\" data-end=\"623\">3 iztur\u012bgas mega alas izm\u0113r\u0101 76 \u00d7 30\u202fcm un augstum\u0101 30\u202fcm<\/p>\n<\/li>\n<li data-start=\"624\" data-end=\"665\">\n<p data-start=\"626\" data-end=\"665\">Ietver \u013coti iztur\u012bgu virvi sp\u0113l\u0113\u0161anai<\/p>\n<\/li>\n<\/ul>\n<p data-start=\"667\" data-end=\"796\">Skr\u0101p\u0113\u0161anas koks ir piem\u0113rots ka\u0137iem visos svara un izm\u0113ra kategorij\u0101s. Der ar\u012b v\u012brie\u0161u Maine Coon, Norv\u0113\u0123ijas me\u017ea ka\u0137iem u.c.<\/p>\n<p data-start=\"798\" data-end=\"885\" data-is-last-node=\"\" data-is-only-node=\"\">Produkta svars bez iepakojuma: 83\u202fkg<br data-start=\"834\" data-end=\"837\" \/>Produkta svars ar iepakojumu: 85,5\u202fkg (5 kastes)<\/p>\n","protected":false},"featured_media":50720,"template":"","meta":[],"product_brand":[],"product_cat":[583,573],"product_tag":[],"class_list":{"0":"post-50719","1":"product","2":"type-product","3":"status-publish","4":"has-post-thumbnail","6":"product_cat-petrebels-produkti-smagiem-kakiem","7":"product_cat-kaup24-lv","8":"product_shipping_class-pakiautomaati-sobimatu-lv","10":"first","11":"instock","12":"sale","13":"taxable","14":"shipping-taxable","15":"purchasable","16":"product-type-simple"},"yoast_head":"<!-- This site is optimized with the Yoast SEO plugin v27.2 - https:\/\/yoast.com\/product\/yoast-seo-wordpress\/ -->\n<title>Petrebels skr\u0101p\u0113\u0161anas koks Turnpike 200, kr\u0113mkr\u0101sas - MiuMjau<\/title>\n<meta name=\"robots\" content=\"index, follow, max-snippet:-1, max-image-preview:large, max-video-preview:-1\" \/>\n<link rel=\"canonical\" href=\"https:\/\/miumjau.ee\/lv\/produkts\/petrebels-skrapesanas-koks-turnpike-200-kremkrasas\/\" \/>\n<meta property=\"og:locale\" content=\"lv_LV\" \/>\n<meta property=\"og:type\" content=\"article\" \/>\n<meta property=\"og:title\" content=\"Petrebels skr\u0101p\u0113\u0161anas koks Turnpike 200, kr\u0113mkr\u0101sas - MiuMjau\" \/>\n<meta property=\"og:description\" content=\"Tam ir taisnas l\u012bnijas, samtaini m\u012bksti spilveni un daudz \u0113rtu gu\u013cvietu. \u013boti maigs un pievilc\u012bgs dizains, bet vienlaikus iztur\u012bgs un sp\u0113c\u012bgs. Tas iztur pat visintens\u012bv\u0101k\u0101s sp\u0113les, pateicoties \u012bpa\u0161i biezajai pamatplatei un skr\u0101p\u0113\u0161anas stabiem, kuru diametrs ir vismaz 15\u202fcm. Mekl\u0113jat \u012bstu ka\u0137u pili savam prin\u010dam vai princesei? Tad m\u016bsu Turnpike 200 ir lieliska izv\u0113le! Izm\u0113ri: garums 76\u202fcm, platums 76\u202fcm, augstums 200\u202fcm     2 \u013coti lielas izvirz\u012btas pakarin\u0101m\u0101s gu\u013cvietas diametr\u0101 48\u202fcm    3 iztur\u012bgas mega alas izm\u0113r\u0101 76 \u00d7 30\u202fcm un augstum\u0101 30\u202fcm    Ietver \u013coti iztur\u012bgu virvi sp\u0113l\u0113\u0161anai   Skr\u0101p\u0113\u0161anas koks ir piem\u0113rots ka\u0137iem visos svara un izm\u0113ra kategorij\u0101s. Der ar\u012b v\u012brie\u0161u Maine Coon, Norv\u0113\u0123ijas me\u017ea ka\u0137iem u.c. Produkta svars bez iepakojuma: 83\u202fkgProdukta svars ar iepakojumu: 85,5\u202fkg (5 kastes)\" \/>\n<meta property=\"og:url\" content=\"https:\/\/miumjau.ee\/lv\/produkts\/petrebels-skrapesanas-koks-turnpike-200-kremkrasas\/\" \/>\n<meta property=\"og:site_name\" content=\"MiuMjau\" \/>\n<meta property=\"article:publisher\" content=\"https:\/\/www.facebook.com\/miumjaupood\/\" \/>\n<meta property=\"article:modified_time\" content=\"2026-01-07T19:13:48+00:00\" \/>\n<meta property=\"og:image\" content=\"https:\/\/miumjau.ee\/wp-content\/uploads\/2023\/09\/turnpike-200-kreem-kassi-kraapimispuu-1.jpg\" \/>\n\t<meta property=\"og:image:width\" content=\"600\" \/>\n\t<meta property=\"og:image:height\" content=\"800\" \/>\n\t<meta property=\"og:image:type\" content=\"image\/jpeg\" \/>\n<meta name=\"twitter:card\" content=\"summary_large_image\" \/>\n<script type=\"application\/ld+json\" class=\"yoast-schema-graph\">{\"@context\":\"https:\/\/schema.org\",\"@graph\":[{\"@type\":\"WebPage\",\"@id\":\"https:\/\/miumjau.ee\/lv\/produkts\/petrebels-skrapesanas-koks-turnpike-200-kremkrasas\/\",\"url\":\"https:\/\/miumjau.ee\/lv\/produkts\/petrebels-skrapesanas-koks-turnpike-200-kremkrasas\/\",\"name\":\"Petrebels skr\u0101p\u0113\u0161anas koks Turnpike 200, kr\u0113mkr\u0101sas - MiuMjau\",\"isPartOf\":{\"@id\":\"https:\/\/miumjau.ee\/#website\"},\"primaryImageOfPage\":{\"@id\":\"https:\/\/miumjau.ee\/lv\/produkts\/petrebels-skrapesanas-koks-turnpike-200-kremkrasas\/#primaryimage\"},\"image\":{\"@id\":\"https:\/\/miumjau.ee\/lv\/produkts\/petrebels-skrapesanas-koks-turnpike-200-kremkrasas\/#primaryimage\"},\"thumbnailUrl\":\"https:\/\/miumjau.ee\/wp-content\/uploads\/2023\/09\/turnpike-200-kreem-kassi-kraapimispuu-1.jpg\",\"datePublished\":\"2023-09-30T07:08:50+00:00\",\"dateModified\":\"2026-01-07T19:13:48+00:00\",\"breadcrumb\":{\"@id\":\"https:\/\/miumjau.ee\/lv\/produkts\/petrebels-skrapesanas-koks-turnpike-200-kremkrasas\/#breadcrumb\"},\"inLanguage\":\"lv-LV\",\"potentialAction\":[{\"@type\":\"ReadAction\",\"target\":[\"https:\/\/miumjau.ee\/lv\/produkts\/petrebels-skrapesanas-koks-turnpike-200-kremkrasas\/\"]}]},{\"@type\":\"ImageObject\",\"inLanguage\":\"lv-LV\",\"@id\":\"https:\/\/miumjau.ee\/lv\/produkts\/petrebels-skrapesanas-koks-turnpike-200-kremkrasas\/#primaryimage\",\"url\":\"https:\/\/miumjau.ee\/wp-content\/uploads\/2023\/09\/turnpike-200-kreem-kassi-kraapimispuu-1.jpg\",\"contentUrl\":\"https:\/\/miumjau.ee\/wp-content\/uploads\/2023\/09\/turnpike-200-kreem-kassi-kraapimispuu-1.jpg\",\"width\":600,\"height\":800},{\"@type\":\"BreadcrumbList\",\"@id\":\"https:\/\/miumjau.ee\/lv\/produkts\/petrebels-skrapesanas-koks-turnpike-200-kremkrasas\/#breadcrumb\",\"itemListElement\":[{\"@type\":\"ListItem\",\"position\":1,\"name\":\"Home\",\"item\":\"https:\/\/miumjau.ee\/lv\/\"},{\"@type\":\"ListItem\",\"position\":2,\"name\":\"Veikals\",\"item\":\"https:\/\/miumjau.ee\/lv\/veikals\/\"},{\"@type\":\"ListItem\",\"position\":3,\"name\":\"Petrebels skr\u0101p\u0113\u0161anas koks Turnpike 200, kr\u0113mkr\u0101sas\"}]},{\"@type\":\"WebSite\",\"@id\":\"https:\/\/miumjau.ee\/#website\",\"url\":\"https:\/\/miumjau.ee\/\",\"name\":\"MiuMjau\",\"description\":\"Kraapimispuud kassidele\",\"publisher\":{\"@id\":\"https:\/\/miumjau.ee\/#organization\"},\"potentialAction\":[{\"@type\":\"SearchAction\",\"target\":{\"@type\":\"EntryPoint\",\"urlTemplate\":\"https:\/\/miumjau.ee\/?s={search_term_string}\"},\"query-input\":{\"@type\":\"PropertyValueSpecification\",\"valueRequired\":true,\"valueName\":\"search_term_string\"}}],\"inLanguage\":\"lv-LV\"},{\"@type\":\"Organization\",\"@id\":\"https:\/\/miumjau.ee\/#organization\",\"name\":\"MiuMjau O\u00dc\",\"url\":\"https:\/\/miumjau.ee\/\",\"logo\":{\"@type\":\"ImageObject\",\"inLanguage\":\"lv-LV\",\"@id\":\"https:\/\/miumjau.ee\/#\/schema\/logo\/image\/\",\"url\":\"https:\/\/miumjau.ee\/wp-content\/uploads\/2022\/04\/MiuMjau-logo-kollane.png\",\"contentUrl\":\"https:\/\/miumjau.ee\/wp-content\/uploads\/2022\/04\/MiuMjau-logo-kollane.png\",\"width\":219,\"height\":100,\"caption\":\"MiuMjau O\u00dc\"},\"image\":{\"@id\":\"https:\/\/miumjau.ee\/#\/schema\/logo\/image\/\"},\"sameAs\":[\"https:\/\/www.facebook.com\/miumjaupood\/\"]}]}<\/script>\n<!-- \/ Yoast SEO plugin. -->","yoast_head_json":{"title":"Petrebels skr\u0101p\u0113\u0161anas koks Turnpike 200, kr\u0113mkr\u0101sas - MiuMjau","robots":{"index":"index","follow":"follow","max-snippet":"max-snippet:-1","max-image-preview":"max-image-preview:large","max-video-preview":"max-video-preview:-1"},"canonical":"https:\/\/miumjau.ee\/lv\/produkts\/petrebels-skrapesanas-koks-turnpike-200-kremkrasas\/","og_locale":"lv_LV","og_type":"article","og_title":"Petrebels skr\u0101p\u0113\u0161anas koks Turnpike 200, kr\u0113mkr\u0101sas - MiuMjau","og_description":"Tam ir taisnas l\u012bnijas, samtaini m\u012bksti spilveni un daudz \u0113rtu gu\u013cvietu. \u013boti maigs un pievilc\u012bgs dizains, bet vienlaikus iztur\u012bgs un sp\u0113c\u012bgs. Tas iztur pat visintens\u012bv\u0101k\u0101s sp\u0113les, pateicoties \u012bpa\u0161i biezajai pamatplatei un skr\u0101p\u0113\u0161anas stabiem, kuru diametrs ir vismaz 15\u202fcm. Mekl\u0113jat \u012bstu ka\u0137u pili savam prin\u010dam vai princesei? Tad m\u016bsu Turnpike 200 ir lieliska izv\u0113le! Izm\u0113ri: garums 76\u202fcm, platums 76\u202fcm, augstums 200\u202fcm     2 \u013coti lielas izvirz\u012btas pakarin\u0101m\u0101s gu\u013cvietas diametr\u0101 48\u202fcm    3 iztur\u012bgas mega alas izm\u0113r\u0101 76 \u00d7 30\u202fcm un augstum\u0101 30\u202fcm    Ietver \u013coti iztur\u012bgu virvi sp\u0113l\u0113\u0161anai   Skr\u0101p\u0113\u0161anas koks ir piem\u0113rots ka\u0137iem visos svara un izm\u0113ra kategorij\u0101s. Der ar\u012b v\u012brie\u0161u Maine Coon, Norv\u0113\u0123ijas me\u017ea ka\u0137iem u.c. Produkta svars bez iepakojuma: 83\u202fkgProdukta svars ar iepakojumu: 85,5\u202fkg (5 kastes)","og_url":"https:\/\/miumjau.ee\/lv\/produkts\/petrebels-skrapesanas-koks-turnpike-200-kremkrasas\/","og_site_name":"MiuMjau","article_publisher":"https:\/\/www.facebook.com\/miumjaupood\/","article_modified_time":"2026-01-07T19:13:48+00:00","og_image":[{"width":600,"height":800,"url":"https:\/\/miumjau.ee\/wp-content\/uploads\/2023\/09\/turnpike-200-kreem-kassi-kraapimispuu-1.jpg","type":"image\/jpeg"}],"twitter_card":"summary_large_image","schema":{"@context":"https:\/\/schema.org","@graph":[{"@type":"WebPage","@id":"https:\/\/miumjau.ee\/lv\/produkts\/petrebels-skrapesanas-koks-turnpike-200-kremkrasas\/","url":"https:\/\/miumjau.ee\/lv\/produkts\/petrebels-skrapesanas-koks-turnpike-200-kremkrasas\/","name":"Petrebels skr\u0101p\u0113\u0161anas koks Turnpike 200, kr\u0113mkr\u0101sas - MiuMjau","isPartOf":{"@id":"https:\/\/miumjau.ee\/#website"},"primaryImageOfPage":{"@id":"https:\/\/miumjau.ee\/lv\/produkts\/petrebels-skrapesanas-koks-turnpike-200-kremkrasas\/#primaryimage"},"image":{"@id":"https:\/\/miumjau.ee\/lv\/produkts\/petrebels-skrapesanas-koks-turnpike-200-kremkrasas\/#primaryimage"},"thumbnailUrl":"https:\/\/miumjau.ee\/wp-content\/uploads\/2023\/09\/turnpike-200-kreem-kassi-kraapimispuu-1.jpg","datePublished":"2023-09-30T07:08:50+00:00","dateModified":"2026-01-07T19:13:48+00:00","breadcrumb":{"@id":"https:\/\/miumjau.ee\/lv\/produkts\/petrebels-skrapesanas-koks-turnpike-200-kremkrasas\/#breadcrumb"},"inLanguage":"lv-LV","potentialAction":[{"@type":"ReadAction","target":["https:\/\/miumjau.ee\/lv\/produkts\/petrebels-skrapesanas-koks-turnpike-200-kremkrasas\/"]}]},{"@type":"ImageObject","inLanguage":"lv-LV","@id":"https:\/\/miumjau.ee\/lv\/produkts\/petrebels-skrapesanas-koks-turnpike-200-kremkrasas\/#primaryimage","url":"https:\/\/miumjau.ee\/wp-content\/uploads\/2023\/09\/turnpike-200-kreem-kassi-kraapimispuu-1.jpg","contentUrl":"https:\/\/miumjau.ee\/wp-content\/uploads\/2023\/09\/turnpike-200-kreem-kassi-kraapimispuu-1.jpg","width":600,"height":800},{"@type":"BreadcrumbList","@id":"https:\/\/miumjau.ee\/lv\/produkts\/petrebels-skrapesanas-koks-turnpike-200-kremkrasas\/#breadcrumb","itemListElement":[{"@type":"ListItem","position":1,"name":"Home","item":"https:\/\/miumjau.ee\/lv\/"},{"@type":"ListItem","position":2,"name":"Veikals","item":"https:\/\/miumjau.ee\/lv\/veikals\/"},{"@type":"ListItem","position":3,"name":"Petrebels skr\u0101p\u0113\u0161anas koks Turnpike 200, kr\u0113mkr\u0101sas"}]},{"@type":"WebSite","@id":"https:\/\/miumjau.ee\/#website","url":"https:\/\/miumjau.ee\/","name":"MiuMjau","description":"Kraapimispuud kassidele","publisher":{"@id":"https:\/\/miumjau.ee\/#organization"},"potentialAction":[{"@type":"SearchAction","target":{"@type":"EntryPoint","urlTemplate":"https:\/\/miumjau.ee\/?s={search_term_string}"},"query-input":{"@type":"PropertyValueSpecification","valueRequired":true,"valueName":"search_term_string"}}],"inLanguage":"lv-LV"},{"@type":"Organization","@id":"https:\/\/miumjau.ee\/#organization","name":"MiuMjau O\u00dc","url":"https:\/\/miumjau.ee\/","logo":{"@type":"ImageObject","inLanguage":"lv-LV","@id":"https:\/\/miumjau.ee\/#\/schema\/logo\/image\/","url":"https:\/\/miumjau.ee\/wp-content\/uploads\/2022\/04\/MiuMjau-logo-kollane.png","contentUrl":"https:\/\/miumjau.ee\/wp-content\/uploads\/2022\/04\/MiuMjau-logo-kollane.png","width":219,"height":100,"caption":"MiuMjau O\u00dc"},"image":{"@id":"https:\/\/miumjau.ee\/#\/schema\/logo\/image\/"},"sameAs":["https:\/\/www.facebook.com\/miumjaupood\/"]}]}},"_links":{"self":[{"href":"https:\/\/miumjau.ee\/lv\/wp-json\/wp\/v2\/product\/50719","targetHints":{"allow":["GET"]}}],"collection":[{"href":"https:\/\/miumjau.ee\/lv\/wp-json\/wp\/v2\/product"}],"about":[{"href":"https:\/\/miumjau.ee\/lv\/wp-json\/wp\/v2\/types\/product"}],"wp:featuredmedia":[{"embeddable":true,"href":"https:\/\/miumjau.ee\/lv\/wp-json\/wp\/v2\/media\/50720"}],"wp:attachment":[{"href":"https:\/\/miumjau.ee\/lv\/wp-json\/wp\/v2\/media?parent=50719"}],"wp:term":[{"taxonomy":"product_brand","embeddable":true,"href":"https:\/\/miumjau.ee\/lv\/wp-json\/wp\/v2\/product_brand?post=50719"},{"taxonomy":"product_cat","embeddable":true,"href":"https:\/\/miumjau.ee\/lv\/wp-json\/wp\/v2\/product_cat?post=50719"},{"taxonomy":"product_tag","embeddable":true,"href":"https:\/\/miumjau.ee\/lv\/wp-json\/wp\/v2\/product_tag?post=50719"}],"curies":[{"name":"wp","href":"https:\/\/api.w.org\/{rel}","templated":true}]}}