{"id":50679,"date":"2023-09-30T09:58:40","date_gmt":"2023-09-30T06:58:40","guid":{"rendered":"https:\/\/miumjau.ee\/toode\/kaku-skrapesanas-koks-petrebels-xxl-alley-200-pepper\/"},"modified":"2026-01-07T21:13:55","modified_gmt":"2026-01-07T19:13:55","slug":"kaku-skrapesanas-koks-petrebels-xxl-alley-200-pepper","status":"publish","type":"product","link":"https:\/\/miumjau.ee\/lv\/produkts\/kaku-skrapesanas-koks-petrebels-xxl-alley-200-pepper\/","title":{"rendered":"Ka\u0137u skr\u0101p\u0113\u0161anas koks Petrebels XXL Alley 200, pepper"},"content":{"rendered":"","protected":false},"excerpt":{"rendered":"<p data-start=\"61\" data-end=\"245\">Vai jums m\u0101j\u0101s dz\u012bvo vair\u0101ki ka\u0137i vai pat vesela ka\u0137u saime? Vai vienk\u0101r\u0161i ir viens \u012bpa\u0161i akt\u012bvs ka\u0137is, kuru v\u0113laties \u012bpa\u0161i palutin\u0101t? Tad pla\u0161ais <strong data-start=\"208\" data-end=\"221\">Alley 200<\/strong> ir j\u016bsu dro\u0161\u0101 izv\u0113le!<\/p>\n<p data-start=\"247\" data-end=\"573\">\u0160is skr\u0101p\u0113\u0161anas koks ir ne tikai gar\u0161, bet ar\u012b \u013coti plats un augsts. Ne maz\u0101k k\u0101 4 pakarin\u0101mie \u0161\u016bpu\u013ci, 3 XXL m\u0101ji\u0146as un ekstra plata atp\u016btas platforma aug\u0161pus\u0113 nodro\u0161ina ka\u0137im visu nepiecie\u0161amo, ko var sagaid\u012bt no kvalitat\u012bva skr\u0101p\u0113\u0161anas koka. Visi stabi ir \u013coti iztur\u012bgi un piln\u012bb\u0101 p\u0101rkl\u0101ti ar skr\u0101p\u0113\u0161anai paredz\u0113tu sizalu.<\/p>\n<p data-start=\"575\" data-end=\"836\">Vieta pietiek visiem! Nav j\u0101uztraucas, ka ka\u0137is var\u0113tu nokrist vai apdraud\u0113t m\u0101j\u0101s eso\u0161os b\u0113rnus vai citus m\u0101jdz\u012bvniekus. Skr\u0101p\u0113\u0161anas koks ir piln\u012bgi stabils un iztur\u012bgs. Produkts ir piem\u0113rots ka\u0137iem visos vecumos un izm\u0113ros, gan vienam, gan vair\u0101kiem ka\u0137iem.<\/p>\n<p data-start=\"838\" data-end=\"888\">Piez\u012bme: visi spilveni ir mazg\u0101jami ve\u013casma\u0161\u012bn\u0101.<\/p>\n<p data-start=\"890\" data-end=\"1024\" data-is-last-node=\"\" data-is-only-node=\"\">Izm\u0113ri: 82 \u00d7 187 \u00d7 200\u202fcm (platums \u00d7 garums \u00d7 augstums)<br data-start=\"945\" data-end=\"948\" \/>Produkta svars bez iepakojuma: 104\u202fkg<br data-start=\"985\" data-end=\"988\" \/>Produkta svars ar iepakojumu: 108\u202fkg<\/p>\n","protected":false},"featured_media":50680,"template":"","meta":[],"product_brand":[],"product_cat":[583,573],"product_tag":[],"class_list":{"0":"post-50679","1":"product","2":"type-product","3":"status-publish","4":"has-post-thumbnail","6":"product_cat-petrebels-produkti-smagiem-kakiem","7":"product_cat-kaup24-lv","8":"product_shipping_class-pakiautomaati-sobimatu-lv","10":"first","11":"instock","12":"taxable","13":"shipping-taxable","14":"purchasable","15":"product-type-simple"},"yoast_head":"<!-- This site is optimized with the Yoast SEO plugin v27.2 - https:\/\/yoast.com\/product\/yoast-seo-wordpress\/ -->\n<title>Ka\u0137u skr\u0101p\u0113\u0161anas koks Petrebels XXL Alley 200, pepper - MiuMjau<\/title>\n<meta name=\"robots\" content=\"index, follow, max-snippet:-1, max-image-preview:large, max-video-preview:-1\" \/>\n<link rel=\"canonical\" href=\"https:\/\/miumjau.ee\/lv\/produkts\/kaku-skrapesanas-koks-petrebels-xxl-alley-200-pepper\/\" \/>\n<meta property=\"og:locale\" content=\"lv_LV\" \/>\n<meta property=\"og:type\" content=\"article\" \/>\n<meta property=\"og:title\" content=\"Ka\u0137u skr\u0101p\u0113\u0161anas koks Petrebels XXL Alley 200, pepper - MiuMjau\" \/>\n<meta property=\"og:description\" content=\"Vai jums m\u0101j\u0101s dz\u012bvo vair\u0101ki ka\u0137i vai pat vesela ka\u0137u saime? Vai vienk\u0101r\u0161i ir viens \u012bpa\u0161i akt\u012bvs ka\u0137is, kuru v\u0113laties \u012bpa\u0161i palutin\u0101t? Tad pla\u0161ais Alley 200 ir j\u016bsu dro\u0161\u0101 izv\u0113le! \u0160is skr\u0101p\u0113\u0161anas koks ir ne tikai gar\u0161, bet ar\u012b \u013coti plats un augsts. Ne maz\u0101k k\u0101 4 pakarin\u0101mie \u0161\u016bpu\u013ci, 3 XXL m\u0101ji\u0146as un ekstra plata atp\u016btas platforma aug\u0161pus\u0113 nodro\u0161ina ka\u0137im visu nepiecie\u0161amo, ko var sagaid\u012bt no kvalitat\u012bva skr\u0101p\u0113\u0161anas koka. Visi stabi ir \u013coti iztur\u012bgi un piln\u012bb\u0101 p\u0101rkl\u0101ti ar skr\u0101p\u0113\u0161anai paredz\u0113tu sizalu. Vieta pietiek visiem! Nav j\u0101uztraucas, ka ka\u0137is var\u0113tu nokrist vai apdraud\u0113t m\u0101j\u0101s eso\u0161os b\u0113rnus vai citus m\u0101jdz\u012bvniekus. Skr\u0101p\u0113\u0161anas koks ir piln\u012bgi stabils un iztur\u012bgs. Produkts ir piem\u0113rots ka\u0137iem visos vecumos un izm\u0113ros, gan vienam, gan vair\u0101kiem ka\u0137iem. Piez\u012bme: visi spilveni ir mazg\u0101jami ve\u013casma\u0161\u012bn\u0101. Izm\u0113ri: 82 \u00d7 187 \u00d7 200\u202fcm (platums \u00d7 garums \u00d7 augstums)Produkta svars bez iepakojuma: 104\u202fkgProdukta svars ar iepakojumu: 108\u202fkg\" \/>\n<meta property=\"og:url\" content=\"https:\/\/miumjau.ee\/lv\/produkts\/kaku-skrapesanas-koks-petrebels-xxl-alley-200-pepper\/\" \/>\n<meta property=\"og:site_name\" content=\"MiuMjau\" \/>\n<meta property=\"article:publisher\" content=\"https:\/\/www.facebook.com\/miumjaupood\/\" \/>\n<meta property=\"article:modified_time\" content=\"2026-01-07T19:13:55+00:00\" \/>\n<meta property=\"og:image\" content=\"https:\/\/miumjau.ee\/wp-content\/uploads\/2023\/09\/alley-200-antratsiit-kassi-kraapimispuu-1.jpg\" \/>\n\t<meta property=\"og:image:width\" content=\"600\" \/>\n\t<meta property=\"og:image:height\" content=\"800\" \/>\n\t<meta property=\"og:image:type\" content=\"image\/jpeg\" \/>\n<meta name=\"twitter:card\" content=\"summary_large_image\" \/>\n<script type=\"application\/ld+json\" class=\"yoast-schema-graph\">{\"@context\":\"https:\/\/schema.org\",\"@graph\":[{\"@type\":\"WebPage\",\"@id\":\"https:\/\/miumjau.ee\/lv\/produkts\/kaku-skrapesanas-koks-petrebels-xxl-alley-200-pepper\/\",\"url\":\"https:\/\/miumjau.ee\/lv\/produkts\/kaku-skrapesanas-koks-petrebels-xxl-alley-200-pepper\/\",\"name\":\"Ka\u0137u skr\u0101p\u0113\u0161anas koks Petrebels XXL Alley 200, pepper - MiuMjau\",\"isPartOf\":{\"@id\":\"https:\/\/miumjau.ee\/#website\"},\"primaryImageOfPage\":{\"@id\":\"https:\/\/miumjau.ee\/lv\/produkts\/kaku-skrapesanas-koks-petrebels-xxl-alley-200-pepper\/#primaryimage\"},\"image\":{\"@id\":\"https:\/\/miumjau.ee\/lv\/produkts\/kaku-skrapesanas-koks-petrebels-xxl-alley-200-pepper\/#primaryimage\"},\"thumbnailUrl\":\"https:\/\/miumjau.ee\/wp-content\/uploads\/2023\/09\/alley-200-antratsiit-kassi-kraapimispuu-1.jpg\",\"datePublished\":\"2023-09-30T06:58:40+00:00\",\"dateModified\":\"2026-01-07T19:13:55+00:00\",\"breadcrumb\":{\"@id\":\"https:\/\/miumjau.ee\/lv\/produkts\/kaku-skrapesanas-koks-petrebels-xxl-alley-200-pepper\/#breadcrumb\"},\"inLanguage\":\"lv-LV\",\"potentialAction\":[{\"@type\":\"ReadAction\",\"target\":[\"https:\/\/miumjau.ee\/lv\/produkts\/kaku-skrapesanas-koks-petrebels-xxl-alley-200-pepper\/\"]}]},{\"@type\":\"ImageObject\",\"inLanguage\":\"lv-LV\",\"@id\":\"https:\/\/miumjau.ee\/lv\/produkts\/kaku-skrapesanas-koks-petrebels-xxl-alley-200-pepper\/#primaryimage\",\"url\":\"https:\/\/miumjau.ee\/wp-content\/uploads\/2023\/09\/alley-200-antratsiit-kassi-kraapimispuu-1.jpg\",\"contentUrl\":\"https:\/\/miumjau.ee\/wp-content\/uploads\/2023\/09\/alley-200-antratsiit-kassi-kraapimispuu-1.jpg\",\"width\":600,\"height\":800},{\"@type\":\"BreadcrumbList\",\"@id\":\"https:\/\/miumjau.ee\/lv\/produkts\/kaku-skrapesanas-koks-petrebels-xxl-alley-200-pepper\/#breadcrumb\",\"itemListElement\":[{\"@type\":\"ListItem\",\"position\":1,\"name\":\"Home\",\"item\":\"https:\/\/miumjau.ee\/lv\/\"},{\"@type\":\"ListItem\",\"position\":2,\"name\":\"Veikals\",\"item\":\"https:\/\/miumjau.ee\/lv\/veikals\/\"},{\"@type\":\"ListItem\",\"position\":3,\"name\":\"Ka\u0137u skr\u0101p\u0113\u0161anas koks Petrebels XXL Alley 200, pepper\"}]},{\"@type\":\"WebSite\",\"@id\":\"https:\/\/miumjau.ee\/#website\",\"url\":\"https:\/\/miumjau.ee\/\",\"name\":\"MiuMjau\",\"description\":\"Kraapimispuud kassidele\",\"publisher\":{\"@id\":\"https:\/\/miumjau.ee\/#organization\"},\"potentialAction\":[{\"@type\":\"SearchAction\",\"target\":{\"@type\":\"EntryPoint\",\"urlTemplate\":\"https:\/\/miumjau.ee\/?s={search_term_string}\"},\"query-input\":{\"@type\":\"PropertyValueSpecification\",\"valueRequired\":true,\"valueName\":\"search_term_string\"}}],\"inLanguage\":\"lv-LV\"},{\"@type\":\"Organization\",\"@id\":\"https:\/\/miumjau.ee\/#organization\",\"name\":\"MiuMjau O\u00dc\",\"url\":\"https:\/\/miumjau.ee\/\",\"logo\":{\"@type\":\"ImageObject\",\"inLanguage\":\"lv-LV\",\"@id\":\"https:\/\/miumjau.ee\/#\/schema\/logo\/image\/\",\"url\":\"https:\/\/miumjau.ee\/wp-content\/uploads\/2022\/04\/MiuMjau-logo-kollane.png\",\"contentUrl\":\"https:\/\/miumjau.ee\/wp-content\/uploads\/2022\/04\/MiuMjau-logo-kollane.png\",\"width\":219,\"height\":100,\"caption\":\"MiuMjau O\u00dc\"},\"image\":{\"@id\":\"https:\/\/miumjau.ee\/#\/schema\/logo\/image\/\"},\"sameAs\":[\"https:\/\/www.facebook.com\/miumjaupood\/\"]}]}<\/script>\n<!-- \/ Yoast SEO plugin. -->","yoast_head_json":{"title":"Ka\u0137u skr\u0101p\u0113\u0161anas koks Petrebels XXL Alley 200, pepper - MiuMjau","robots":{"index":"index","follow":"follow","max-snippet":"max-snippet:-1","max-image-preview":"max-image-preview:large","max-video-preview":"max-video-preview:-1"},"canonical":"https:\/\/miumjau.ee\/lv\/produkts\/kaku-skrapesanas-koks-petrebels-xxl-alley-200-pepper\/","og_locale":"lv_LV","og_type":"article","og_title":"Ka\u0137u skr\u0101p\u0113\u0161anas koks Petrebels XXL Alley 200, pepper - MiuMjau","og_description":"Vai jums m\u0101j\u0101s dz\u012bvo vair\u0101ki ka\u0137i vai pat vesela ka\u0137u saime? Vai vienk\u0101r\u0161i ir viens \u012bpa\u0161i akt\u012bvs ka\u0137is, kuru v\u0113laties \u012bpa\u0161i palutin\u0101t? Tad pla\u0161ais Alley 200 ir j\u016bsu dro\u0161\u0101 izv\u0113le! \u0160is skr\u0101p\u0113\u0161anas koks ir ne tikai gar\u0161, bet ar\u012b \u013coti plats un augsts. Ne maz\u0101k k\u0101 4 pakarin\u0101mie \u0161\u016bpu\u013ci, 3 XXL m\u0101ji\u0146as un ekstra plata atp\u016btas platforma aug\u0161pus\u0113 nodro\u0161ina ka\u0137im visu nepiecie\u0161amo, ko var sagaid\u012bt no kvalitat\u012bva skr\u0101p\u0113\u0161anas koka. Visi stabi ir \u013coti iztur\u012bgi un piln\u012bb\u0101 p\u0101rkl\u0101ti ar skr\u0101p\u0113\u0161anai paredz\u0113tu sizalu. Vieta pietiek visiem! Nav j\u0101uztraucas, ka ka\u0137is var\u0113tu nokrist vai apdraud\u0113t m\u0101j\u0101s eso\u0161os b\u0113rnus vai citus m\u0101jdz\u012bvniekus. Skr\u0101p\u0113\u0161anas koks ir piln\u012bgi stabils un iztur\u012bgs. Produkts ir piem\u0113rots ka\u0137iem visos vecumos un izm\u0113ros, gan vienam, gan vair\u0101kiem ka\u0137iem. Piez\u012bme: visi spilveni ir mazg\u0101jami ve\u013casma\u0161\u012bn\u0101. Izm\u0113ri: 82 \u00d7 187 \u00d7 200\u202fcm (platums \u00d7 garums \u00d7 augstums)Produkta svars bez iepakojuma: 104\u202fkgProdukta svars ar iepakojumu: 108\u202fkg","og_url":"https:\/\/miumjau.ee\/lv\/produkts\/kaku-skrapesanas-koks-petrebels-xxl-alley-200-pepper\/","og_site_name":"MiuMjau","article_publisher":"https:\/\/www.facebook.com\/miumjaupood\/","article_modified_time":"2026-01-07T19:13:55+00:00","og_image":[{"width":600,"height":800,"url":"https:\/\/miumjau.ee\/wp-content\/uploads\/2023\/09\/alley-200-antratsiit-kassi-kraapimispuu-1.jpg","type":"image\/jpeg"}],"twitter_card":"summary_large_image","schema":{"@context":"https:\/\/schema.org","@graph":[{"@type":"WebPage","@id":"https:\/\/miumjau.ee\/lv\/produkts\/kaku-skrapesanas-koks-petrebels-xxl-alley-200-pepper\/","url":"https:\/\/miumjau.ee\/lv\/produkts\/kaku-skrapesanas-koks-petrebels-xxl-alley-200-pepper\/","name":"Ka\u0137u skr\u0101p\u0113\u0161anas koks Petrebels XXL Alley 200, pepper - MiuMjau","isPartOf":{"@id":"https:\/\/miumjau.ee\/#website"},"primaryImageOfPage":{"@id":"https:\/\/miumjau.ee\/lv\/produkts\/kaku-skrapesanas-koks-petrebels-xxl-alley-200-pepper\/#primaryimage"},"image":{"@id":"https:\/\/miumjau.ee\/lv\/produkts\/kaku-skrapesanas-koks-petrebels-xxl-alley-200-pepper\/#primaryimage"},"thumbnailUrl":"https:\/\/miumjau.ee\/wp-content\/uploads\/2023\/09\/alley-200-antratsiit-kassi-kraapimispuu-1.jpg","datePublished":"2023-09-30T06:58:40+00:00","dateModified":"2026-01-07T19:13:55+00:00","breadcrumb":{"@id":"https:\/\/miumjau.ee\/lv\/produkts\/kaku-skrapesanas-koks-petrebels-xxl-alley-200-pepper\/#breadcrumb"},"inLanguage":"lv-LV","potentialAction":[{"@type":"ReadAction","target":["https:\/\/miumjau.ee\/lv\/produkts\/kaku-skrapesanas-koks-petrebels-xxl-alley-200-pepper\/"]}]},{"@type":"ImageObject","inLanguage":"lv-LV","@id":"https:\/\/miumjau.ee\/lv\/produkts\/kaku-skrapesanas-koks-petrebels-xxl-alley-200-pepper\/#primaryimage","url":"https:\/\/miumjau.ee\/wp-content\/uploads\/2023\/09\/alley-200-antratsiit-kassi-kraapimispuu-1.jpg","contentUrl":"https:\/\/miumjau.ee\/wp-content\/uploads\/2023\/09\/alley-200-antratsiit-kassi-kraapimispuu-1.jpg","width":600,"height":800},{"@type":"BreadcrumbList","@id":"https:\/\/miumjau.ee\/lv\/produkts\/kaku-skrapesanas-koks-petrebels-xxl-alley-200-pepper\/#breadcrumb","itemListElement":[{"@type":"ListItem","position":1,"name":"Home","item":"https:\/\/miumjau.ee\/lv\/"},{"@type":"ListItem","position":2,"name":"Veikals","item":"https:\/\/miumjau.ee\/lv\/veikals\/"},{"@type":"ListItem","position":3,"name":"Ka\u0137u skr\u0101p\u0113\u0161anas koks Petrebels XXL Alley 200, pepper"}]},{"@type":"WebSite","@id":"https:\/\/miumjau.ee\/#website","url":"https:\/\/miumjau.ee\/","name":"MiuMjau","description":"Kraapimispuud kassidele","publisher":{"@id":"https:\/\/miumjau.ee\/#organization"},"potentialAction":[{"@type":"SearchAction","target":{"@type":"EntryPoint","urlTemplate":"https:\/\/miumjau.ee\/?s={search_term_string}"},"query-input":{"@type":"PropertyValueSpecification","valueRequired":true,"valueName":"search_term_string"}}],"inLanguage":"lv-LV"},{"@type":"Organization","@id":"https:\/\/miumjau.ee\/#organization","name":"MiuMjau O\u00dc","url":"https:\/\/miumjau.ee\/","logo":{"@type":"ImageObject","inLanguage":"lv-LV","@id":"https:\/\/miumjau.ee\/#\/schema\/logo\/image\/","url":"https:\/\/miumjau.ee\/wp-content\/uploads\/2022\/04\/MiuMjau-logo-kollane.png","contentUrl":"https:\/\/miumjau.ee\/wp-content\/uploads\/2022\/04\/MiuMjau-logo-kollane.png","width":219,"height":100,"caption":"MiuMjau O\u00dc"},"image":{"@id":"https:\/\/miumjau.ee\/#\/schema\/logo\/image\/"},"sameAs":["https:\/\/www.facebook.com\/miumjaupood\/"]}]}},"_links":{"self":[{"href":"https:\/\/miumjau.ee\/lv\/wp-json\/wp\/v2\/product\/50679","targetHints":{"allow":["GET"]}}],"collection":[{"href":"https:\/\/miumjau.ee\/lv\/wp-json\/wp\/v2\/product"}],"about":[{"href":"https:\/\/miumjau.ee\/lv\/wp-json\/wp\/v2\/types\/product"}],"wp:featuredmedia":[{"embeddable":true,"href":"https:\/\/miumjau.ee\/lv\/wp-json\/wp\/v2\/media\/50680"}],"wp:attachment":[{"href":"https:\/\/miumjau.ee\/lv\/wp-json\/wp\/v2\/media?parent=50679"}],"wp:term":[{"taxonomy":"product_brand","embeddable":true,"href":"https:\/\/miumjau.ee\/lv\/wp-json\/wp\/v2\/product_brand?post=50679"},{"taxonomy":"product_cat","embeddable":true,"href":"https:\/\/miumjau.ee\/lv\/wp-json\/wp\/v2\/product_cat?post=50679"},{"taxonomy":"product_tag","embeddable":true,"href":"https:\/\/miumjau.ee\/lv\/wp-json\/wp\/v2\/product_tag?post=50679"}],"curies":[{"name":"wp","href":"https:\/\/api.w.org\/{rel}","templated":true}]}}