{"id":50678,"date":"2023-09-30T09:50:20","date_gmt":"2023-09-30T06:50:20","guid":{"rendered":"https:\/\/miumjau.ee\/toode\/kaku-skrapesanas-koks-petrebels-cleopatra-134-peleks\/"},"modified":"2026-01-07T21:13:55","modified_gmt":"2026-01-07T19:13:55","slug":"kaku-skrapesanas-koks-petrebels-cleopatra-134-peleks","status":"publish","type":"product","link":"https:\/\/miumjau.ee\/lv\/produkts\/kaku-skrapesanas-koks-petrebels-cleopatra-134-peleks\/","title":{"rendered":"Ka\u0137u skr\u0101p\u0113\u0161anas koks Petrebels Cleopatra 134, pel\u0113ks"},"content":{"rendered":"","protected":false},"excerpt":{"rendered":"<p data-start=\"61\" data-end=\"384\">Ja ka\u0137is nevar ce\u013cot uz \u0112\u0123ipti, \u0112\u0123ipte n\u0101k pie vi\u0146a m\u0101j\u0101s! Skr\u0101p\u0113\u0161anas koks <strong data-start=\"137\" data-end=\"150\">Cleopatra<\/strong> ir \u012bsts luksuss ka\u0137im. Visi stabi ir piln\u012bb\u0101 p\u0101rkl\u0101ti ar skr\u0101p\u0113\u0161anai paredz\u0113tu sizalu. Aug\u0161pus\u0113 ir liela un pla\u0161a platforma k\u0101 nov\u0113ro\u0161anas tornis \u2013 pat lieliem un smagiem ka\u0137iem ir vieta. Ka\u0137iem \u013coti svar\u012bgi ir v\u0113rot visu apk\u0101rtni.<\/p>\n<p data-start=\"386\" data-end=\"626\">P\u0113c sp\u0113\u013cu sesij\u0101m un nagu asin\u0101\u0161anas ka\u0137is var atp\u016bsties pakarin\u0101m\u0101 gu\u013cviet\u0101 vai \u012bpa\u0161i stil\u012bg\u0101 m\u0101ji\u0146\u0101, kur nodro\u0161in\u0101ta priv\u0101tuma un komforta saj\u016bta. Produkts ir piem\u0113rots ar\u012b ka\u0137\u0113niem un senioriem, jo papildus pak\u0101pieni nodro\u0161ina dro\u0161\u012bbu.<\/p>\n<p data-start=\"628\" data-end=\"701\">Aug\u0161\u0113j\u0101 platforma un m\u0101ji\u0146as gu\u013cvietas ir mazg\u0101jamas ve\u013casma\u0161\u012bn\u0101 30\u202f\u00b0C.<\/p>\n<p data-start=\"703\" data-end=\"911\">Izm\u0113ri: 55 \u00d7 45 \u00d7 134\u202fcm (garums \u00d7 platums \u00d7 augstums)<br data-start=\"757\" data-end=\"760\" \/>Luksus gu\u013cvietas izm\u0113rs: 46 \u00d7 55\u202fcm<br data-start=\"795\" data-end=\"798\" \/>Izvirz\u012bt\u0101 gu\u013cvieta: 40 \u00d7 40\u202fcm<br data-start=\"828\" data-end=\"831\" \/>Produkta svars bez iepakojuma: 26,8\u202fkg<br data-start=\"869\" data-end=\"872\" data-is-only-node=\"\" \/>Produkta svars ar iepakojumu: 28,3\u202fkg<\/p>\n<p data-start=\"913\" data-end=\"945\" data-is-last-node=\"\" data-is-only-node=\"\">Izbaudi \u012bstu karalisku komfortu!<\/p>\n","protected":false},"featured_media":50666,"template":"","meta":[],"product_brand":[],"product_cat":[582,573],"product_tag":[],"class_list":{"0":"post-50678","1":"product","2":"type-product","3":"status-publish","4":"has-post-thumbnail","6":"product_cat-videji-skrapesanas-koki-petrebels","7":"product_cat-kaup24-lv","8":"product_shipping_class-pakiautomaati-sobimatu-lv","10":"first","11":"instock","12":"sale","13":"taxable","14":"shipping-taxable","15":"purchasable","16":"product-type-simple"},"yoast_head":"<!-- This site is optimized with the Yoast SEO plugin v27.2 - https:\/\/yoast.com\/product\/yoast-seo-wordpress\/ -->\n<title>Ka\u0137u skr\u0101p\u0113\u0161anas koks Petrebels Cleopatra 134, pel\u0113ks - MiuMjau<\/title>\n<meta name=\"robots\" content=\"index, follow, max-snippet:-1, max-image-preview:large, max-video-preview:-1\" \/>\n<link rel=\"canonical\" href=\"https:\/\/miumjau.ee\/lv\/produkts\/kaku-skrapesanas-koks-petrebels-cleopatra-134-peleks\/\" \/>\n<meta property=\"og:locale\" content=\"lv_LV\" \/>\n<meta property=\"og:type\" content=\"article\" \/>\n<meta property=\"og:title\" content=\"Ka\u0137u skr\u0101p\u0113\u0161anas koks Petrebels Cleopatra 134, pel\u0113ks - MiuMjau\" \/>\n<meta property=\"og:description\" content=\"Ja ka\u0137is nevar ce\u013cot uz \u0112\u0123ipti, \u0112\u0123ipte n\u0101k pie vi\u0146a m\u0101j\u0101s! Skr\u0101p\u0113\u0161anas koks Cleopatra ir \u012bsts luksuss ka\u0137im. Visi stabi ir piln\u012bb\u0101 p\u0101rkl\u0101ti ar skr\u0101p\u0113\u0161anai paredz\u0113tu sizalu. Aug\u0161pus\u0113 ir liela un pla\u0161a platforma k\u0101 nov\u0113ro\u0161anas tornis \u2013 pat lieliem un smagiem ka\u0137iem ir vieta. Ka\u0137iem \u013coti svar\u012bgi ir v\u0113rot visu apk\u0101rtni. P\u0113c sp\u0113\u013cu sesij\u0101m un nagu asin\u0101\u0161anas ka\u0137is var atp\u016bsties pakarin\u0101m\u0101 gu\u013cviet\u0101 vai \u012bpa\u0161i stil\u012bg\u0101 m\u0101ji\u0146\u0101, kur nodro\u0161in\u0101ta priv\u0101tuma un komforta saj\u016bta. Produkts ir piem\u0113rots ar\u012b ka\u0137\u0113niem un senioriem, jo papildus pak\u0101pieni nodro\u0161ina dro\u0161\u012bbu. Aug\u0161\u0113j\u0101 platforma un m\u0101ji\u0146as gu\u013cvietas ir mazg\u0101jamas ve\u013casma\u0161\u012bn\u0101 30\u202f\u00b0C. Izm\u0113ri: 55 \u00d7 45 \u00d7 134\u202fcm (garums \u00d7 platums \u00d7 augstums)Luksus gu\u013cvietas izm\u0113rs: 46 \u00d7 55\u202fcmIzvirz\u012bt\u0101 gu\u013cvieta: 40 \u00d7 40\u202fcmProdukta svars bez iepakojuma: 26,8\u202fkgProdukta svars ar iepakojumu: 28,3\u202fkg Izbaudi \u012bstu karalisku komfortu!\" \/>\n<meta property=\"og:url\" content=\"https:\/\/miumjau.ee\/lv\/produkts\/kaku-skrapesanas-koks-petrebels-cleopatra-134-peleks\/\" \/>\n<meta property=\"og:site_name\" content=\"MiuMjau\" \/>\n<meta property=\"article:publisher\" content=\"https:\/\/www.facebook.com\/miumjaupood\/\" \/>\n<meta property=\"article:modified_time\" content=\"2026-01-07T19:13:55+00:00\" \/>\n<meta property=\"og:image\" content=\"https:\/\/miumjau.ee\/wp-content\/uploads\/2023\/09\/cleopatra-134-hall-kassi-kraapimispuu-1.jpg\" \/>\n\t<meta property=\"og:image:width\" content=\"600\" \/>\n\t<meta property=\"og:image:height\" content=\"800\" \/>\n\t<meta property=\"og:image:type\" content=\"image\/jpeg\" \/>\n<meta name=\"twitter:card\" content=\"summary_large_image\" \/>\n<script type=\"application\/ld+json\" class=\"yoast-schema-graph\">{\"@context\":\"https:\/\/schema.org\",\"@graph\":[{\"@type\":\"WebPage\",\"@id\":\"https:\/\/miumjau.ee\/lv\/produkts\/kaku-skrapesanas-koks-petrebels-cleopatra-134-peleks\/\",\"url\":\"https:\/\/miumjau.ee\/lv\/produkts\/kaku-skrapesanas-koks-petrebels-cleopatra-134-peleks\/\",\"name\":\"Ka\u0137u skr\u0101p\u0113\u0161anas koks Petrebels Cleopatra 134, pel\u0113ks - MiuMjau\",\"isPartOf\":{\"@id\":\"https:\/\/miumjau.ee\/#website\"},\"primaryImageOfPage\":{\"@id\":\"https:\/\/miumjau.ee\/lv\/produkts\/kaku-skrapesanas-koks-petrebels-cleopatra-134-peleks\/#primaryimage\"},\"image\":{\"@id\":\"https:\/\/miumjau.ee\/lv\/produkts\/kaku-skrapesanas-koks-petrebels-cleopatra-134-peleks\/#primaryimage\"},\"thumbnailUrl\":\"https:\/\/miumjau.ee\/wp-content\/uploads\/2023\/09\/cleopatra-134-hall-kassi-kraapimispuu-1.jpg\",\"datePublished\":\"2023-09-30T06:50:20+00:00\",\"dateModified\":\"2026-01-07T19:13:55+00:00\",\"breadcrumb\":{\"@id\":\"https:\/\/miumjau.ee\/lv\/produkts\/kaku-skrapesanas-koks-petrebels-cleopatra-134-peleks\/#breadcrumb\"},\"inLanguage\":\"lv-LV\",\"potentialAction\":[{\"@type\":\"ReadAction\",\"target\":[\"https:\/\/miumjau.ee\/lv\/produkts\/kaku-skrapesanas-koks-petrebels-cleopatra-134-peleks\/\"]}]},{\"@type\":\"ImageObject\",\"inLanguage\":\"lv-LV\",\"@id\":\"https:\/\/miumjau.ee\/lv\/produkts\/kaku-skrapesanas-koks-petrebels-cleopatra-134-peleks\/#primaryimage\",\"url\":\"https:\/\/miumjau.ee\/wp-content\/uploads\/2023\/09\/cleopatra-134-hall-kassi-kraapimispuu-1.jpg\",\"contentUrl\":\"https:\/\/miumjau.ee\/wp-content\/uploads\/2023\/09\/cleopatra-134-hall-kassi-kraapimispuu-1.jpg\",\"width\":600,\"height\":800},{\"@type\":\"BreadcrumbList\",\"@id\":\"https:\/\/miumjau.ee\/lv\/produkts\/kaku-skrapesanas-koks-petrebels-cleopatra-134-peleks\/#breadcrumb\",\"itemListElement\":[{\"@type\":\"ListItem\",\"position\":1,\"name\":\"Home\",\"item\":\"https:\/\/miumjau.ee\/lv\/\"},{\"@type\":\"ListItem\",\"position\":2,\"name\":\"Veikals\",\"item\":\"https:\/\/miumjau.ee\/lv\/veikals\/\"},{\"@type\":\"ListItem\",\"position\":3,\"name\":\"Ka\u0137u skr\u0101p\u0113\u0161anas koks Petrebels Cleopatra 134, pel\u0113ks\"}]},{\"@type\":\"WebSite\",\"@id\":\"https:\/\/miumjau.ee\/#website\",\"url\":\"https:\/\/miumjau.ee\/\",\"name\":\"MiuMjau\",\"description\":\"Kraapimispuud kassidele\",\"publisher\":{\"@id\":\"https:\/\/miumjau.ee\/#organization\"},\"potentialAction\":[{\"@type\":\"SearchAction\",\"target\":{\"@type\":\"EntryPoint\",\"urlTemplate\":\"https:\/\/miumjau.ee\/?s={search_term_string}\"},\"query-input\":{\"@type\":\"PropertyValueSpecification\",\"valueRequired\":true,\"valueName\":\"search_term_string\"}}],\"inLanguage\":\"lv-LV\"},{\"@type\":\"Organization\",\"@id\":\"https:\/\/miumjau.ee\/#organization\",\"name\":\"MiuMjau O\u00dc\",\"url\":\"https:\/\/miumjau.ee\/\",\"logo\":{\"@type\":\"ImageObject\",\"inLanguage\":\"lv-LV\",\"@id\":\"https:\/\/miumjau.ee\/#\/schema\/logo\/image\/\",\"url\":\"https:\/\/miumjau.ee\/wp-content\/uploads\/2022\/04\/MiuMjau-logo-kollane.png\",\"contentUrl\":\"https:\/\/miumjau.ee\/wp-content\/uploads\/2022\/04\/MiuMjau-logo-kollane.png\",\"width\":219,\"height\":100,\"caption\":\"MiuMjau O\u00dc\"},\"image\":{\"@id\":\"https:\/\/miumjau.ee\/#\/schema\/logo\/image\/\"},\"sameAs\":[\"https:\/\/www.facebook.com\/miumjaupood\/\"]}]}<\/script>\n<!-- \/ Yoast SEO plugin. -->","yoast_head_json":{"title":"Ka\u0137u skr\u0101p\u0113\u0161anas koks Petrebels Cleopatra 134, pel\u0113ks - MiuMjau","robots":{"index":"index","follow":"follow","max-snippet":"max-snippet:-1","max-image-preview":"max-image-preview:large","max-video-preview":"max-video-preview:-1"},"canonical":"https:\/\/miumjau.ee\/lv\/produkts\/kaku-skrapesanas-koks-petrebels-cleopatra-134-peleks\/","og_locale":"lv_LV","og_type":"article","og_title":"Ka\u0137u skr\u0101p\u0113\u0161anas koks Petrebels Cleopatra 134, pel\u0113ks - MiuMjau","og_description":"Ja ka\u0137is nevar ce\u013cot uz \u0112\u0123ipti, \u0112\u0123ipte n\u0101k pie vi\u0146a m\u0101j\u0101s! Skr\u0101p\u0113\u0161anas koks Cleopatra ir \u012bsts luksuss ka\u0137im. Visi stabi ir piln\u012bb\u0101 p\u0101rkl\u0101ti ar skr\u0101p\u0113\u0161anai paredz\u0113tu sizalu. Aug\u0161pus\u0113 ir liela un pla\u0161a platforma k\u0101 nov\u0113ro\u0161anas tornis \u2013 pat lieliem un smagiem ka\u0137iem ir vieta. Ka\u0137iem \u013coti svar\u012bgi ir v\u0113rot visu apk\u0101rtni. P\u0113c sp\u0113\u013cu sesij\u0101m un nagu asin\u0101\u0161anas ka\u0137is var atp\u016bsties pakarin\u0101m\u0101 gu\u013cviet\u0101 vai \u012bpa\u0161i stil\u012bg\u0101 m\u0101ji\u0146\u0101, kur nodro\u0161in\u0101ta priv\u0101tuma un komforta saj\u016bta. Produkts ir piem\u0113rots ar\u012b ka\u0137\u0113niem un senioriem, jo papildus pak\u0101pieni nodro\u0161ina dro\u0161\u012bbu. Aug\u0161\u0113j\u0101 platforma un m\u0101ji\u0146as gu\u013cvietas ir mazg\u0101jamas ve\u013casma\u0161\u012bn\u0101 30\u202f\u00b0C. Izm\u0113ri: 55 \u00d7 45 \u00d7 134\u202fcm (garums \u00d7 platums \u00d7 augstums)Luksus gu\u013cvietas izm\u0113rs: 46 \u00d7 55\u202fcmIzvirz\u012bt\u0101 gu\u013cvieta: 40 \u00d7 40\u202fcmProdukta svars bez iepakojuma: 26,8\u202fkgProdukta svars ar iepakojumu: 28,3\u202fkg Izbaudi \u012bstu karalisku komfortu!","og_url":"https:\/\/miumjau.ee\/lv\/produkts\/kaku-skrapesanas-koks-petrebels-cleopatra-134-peleks\/","og_site_name":"MiuMjau","article_publisher":"https:\/\/www.facebook.com\/miumjaupood\/","article_modified_time":"2026-01-07T19:13:55+00:00","og_image":[{"width":600,"height":800,"url":"https:\/\/miumjau.ee\/wp-content\/uploads\/2023\/09\/cleopatra-134-hall-kassi-kraapimispuu-1.jpg","type":"image\/jpeg"}],"twitter_card":"summary_large_image","schema":{"@context":"https:\/\/schema.org","@graph":[{"@type":"WebPage","@id":"https:\/\/miumjau.ee\/lv\/produkts\/kaku-skrapesanas-koks-petrebels-cleopatra-134-peleks\/","url":"https:\/\/miumjau.ee\/lv\/produkts\/kaku-skrapesanas-koks-petrebels-cleopatra-134-peleks\/","name":"Ka\u0137u skr\u0101p\u0113\u0161anas koks Petrebels Cleopatra 134, pel\u0113ks - MiuMjau","isPartOf":{"@id":"https:\/\/miumjau.ee\/#website"},"primaryImageOfPage":{"@id":"https:\/\/miumjau.ee\/lv\/produkts\/kaku-skrapesanas-koks-petrebels-cleopatra-134-peleks\/#primaryimage"},"image":{"@id":"https:\/\/miumjau.ee\/lv\/produkts\/kaku-skrapesanas-koks-petrebels-cleopatra-134-peleks\/#primaryimage"},"thumbnailUrl":"https:\/\/miumjau.ee\/wp-content\/uploads\/2023\/09\/cleopatra-134-hall-kassi-kraapimispuu-1.jpg","datePublished":"2023-09-30T06:50:20+00:00","dateModified":"2026-01-07T19:13:55+00:00","breadcrumb":{"@id":"https:\/\/miumjau.ee\/lv\/produkts\/kaku-skrapesanas-koks-petrebels-cleopatra-134-peleks\/#breadcrumb"},"inLanguage":"lv-LV","potentialAction":[{"@type":"ReadAction","target":["https:\/\/miumjau.ee\/lv\/produkts\/kaku-skrapesanas-koks-petrebels-cleopatra-134-peleks\/"]}]},{"@type":"ImageObject","inLanguage":"lv-LV","@id":"https:\/\/miumjau.ee\/lv\/produkts\/kaku-skrapesanas-koks-petrebels-cleopatra-134-peleks\/#primaryimage","url":"https:\/\/miumjau.ee\/wp-content\/uploads\/2023\/09\/cleopatra-134-hall-kassi-kraapimispuu-1.jpg","contentUrl":"https:\/\/miumjau.ee\/wp-content\/uploads\/2023\/09\/cleopatra-134-hall-kassi-kraapimispuu-1.jpg","width":600,"height":800},{"@type":"BreadcrumbList","@id":"https:\/\/miumjau.ee\/lv\/produkts\/kaku-skrapesanas-koks-petrebels-cleopatra-134-peleks\/#breadcrumb","itemListElement":[{"@type":"ListItem","position":1,"name":"Home","item":"https:\/\/miumjau.ee\/lv\/"},{"@type":"ListItem","position":2,"name":"Veikals","item":"https:\/\/miumjau.ee\/lv\/veikals\/"},{"@type":"ListItem","position":3,"name":"Ka\u0137u skr\u0101p\u0113\u0161anas koks Petrebels Cleopatra 134, pel\u0113ks"}]},{"@type":"WebSite","@id":"https:\/\/miumjau.ee\/#website","url":"https:\/\/miumjau.ee\/","name":"MiuMjau","description":"Kraapimispuud kassidele","publisher":{"@id":"https:\/\/miumjau.ee\/#organization"},"potentialAction":[{"@type":"SearchAction","target":{"@type":"EntryPoint","urlTemplate":"https:\/\/miumjau.ee\/?s={search_term_string}"},"query-input":{"@type":"PropertyValueSpecification","valueRequired":true,"valueName":"search_term_string"}}],"inLanguage":"lv-LV"},{"@type":"Organization","@id":"https:\/\/miumjau.ee\/#organization","name":"MiuMjau O\u00dc","url":"https:\/\/miumjau.ee\/","logo":{"@type":"ImageObject","inLanguage":"lv-LV","@id":"https:\/\/miumjau.ee\/#\/schema\/logo\/image\/","url":"https:\/\/miumjau.ee\/wp-content\/uploads\/2022\/04\/MiuMjau-logo-kollane.png","contentUrl":"https:\/\/miumjau.ee\/wp-content\/uploads\/2022\/04\/MiuMjau-logo-kollane.png","width":219,"height":100,"caption":"MiuMjau O\u00dc"},"image":{"@id":"https:\/\/miumjau.ee\/#\/schema\/logo\/image\/"},"sameAs":["https:\/\/www.facebook.com\/miumjaupood\/"]}]}},"_links":{"self":[{"href":"https:\/\/miumjau.ee\/lv\/wp-json\/wp\/v2\/product\/50678","targetHints":{"allow":["GET"]}}],"collection":[{"href":"https:\/\/miumjau.ee\/lv\/wp-json\/wp\/v2\/product"}],"about":[{"href":"https:\/\/miumjau.ee\/lv\/wp-json\/wp\/v2\/types\/product"}],"wp:featuredmedia":[{"embeddable":true,"href":"https:\/\/miumjau.ee\/lv\/wp-json\/wp\/v2\/media\/50666"}],"wp:attachment":[{"href":"https:\/\/miumjau.ee\/lv\/wp-json\/wp\/v2\/media?parent=50678"}],"wp:term":[{"taxonomy":"product_brand","embeddable":true,"href":"https:\/\/miumjau.ee\/lv\/wp-json\/wp\/v2\/product_brand?post=50678"},{"taxonomy":"product_cat","embeddable":true,"href":"https:\/\/miumjau.ee\/lv\/wp-json\/wp\/v2\/product_cat?post=50678"},{"taxonomy":"product_tag","embeddable":true,"href":"https:\/\/miumjau.ee\/lv\/wp-json\/wp\/v2\/product_tag?post=50678"}],"curies":[{"name":"wp","href":"https:\/\/api.w.org\/{rel}","templated":true}]}}