{"id":50638,"date":"2023-09-30T09:39:36","date_gmt":"2023-09-30T06:39:36","guid":{"rendered":"https:\/\/miumjau.ee\/toode\/kaku-skrapesanas-koks-petrebels-villa-150-cappuccino\/"},"modified":"2026-01-07T21:13:55","modified_gmt":"2026-01-07T19:13:55","slug":"kaku-skrapesanas-koks-petrebels-villa-150-cappuccino","status":"publish","type":"product","link":"https:\/\/miumjau.ee\/lv\/produkts\/kaku-skrapesanas-koks-petrebels-villa-150-cappuccino\/","title":{"rendered":"Ka\u0137u skr\u0101p\u0113\u0161anas koks Petrebels Villa 150, cappuccino"},"content":{"rendered":"","protected":false},"excerpt":{"rendered":"<p data-start=\"61\" data-end=\"391\">Modelis <strong data-start=\"69\" data-end=\"82\">Villa 150<\/strong> ir iztur\u012bgs, stabils un kompakts. Ka\u0137im ir iesp\u0113ja sp\u0113l\u0113ties, gul\u0113t, k\u0101pel\u0113t, l\u0113kt, veikt stiep\u0161an\u0101s vingrin\u0101jumus un, protams, skr\u0101p\u0113t. Skr\u0101p\u0113\u0161anas kok\u0101 ir 9 stabi, piln\u012bb\u0101 p\u0101rkl\u0101ti ar sizalu, diametr\u0101 9\u202fcm, paredz\u0113ti skr\u0101p\u0113\u0161anai. Produkts ir dom\u0101ts \u012bstiem skr\u0101p\u0113\u0161anas meistariem un veikliem k\u0101pel\u0113t\u0101jiem.<\/p>\n<p data-start=\"393\" data-end=\"693\">P\u0113c aktivit\u0101t\u0113m ka\u0137is var atp\u016bsties m\u012bkstaj\u0101 aug\u0161\u0113j\u0101 gu\u013cviet\u0101 vai jebkur\u0101 m\u0101ji\u0146\u0101. (Padomi: spilveni ir mazg\u0101jami ve\u013casma\u0161\u012bn\u0101 30\u202f\u00b0C temperat\u016br\u0101.) Tas ir patiesi stabils un iztur\u012bgs &#8220;villa&#8221; skr\u0101p\u0113\u0161anas koks, piem\u0113rots gan jaunajiem ka\u0137iem, gan senioriem. Ar\u012b smagi ka\u0137i var to izmantot bez probl\u0113m\u0101m.<\/p>\n<p data-start=\"695\" data-end=\"832\">Izm\u0113ri: 60 \u00d7 40 \u00d7 150\u202fcm (garums \u00d7 platums \u00d7 augstums)<br data-start=\"749\" data-end=\"752\" \/>Produkta svars bez iepakojuma: 27,4\u202fkg<br data-start=\"790\" data-end=\"793\" \/>Produkta svars ar iepakojumu: 28,5\u202fkg<\/p>\n<p data-start=\"834\" data-end=\"881\" data-is-last-node=\"\" data-is-only-node=\"\">Piez\u012bme: skatiet ar\u012b \u012bsu video par \u0161o produktu.<\/p>\n","protected":false},"featured_media":50639,"template":"","meta":[],"product_brand":[],"product_cat":[582],"product_tag":[],"class_list":{"0":"post-50638","1":"product","2":"type-product","3":"status-publish","4":"has-post-thumbnail","6":"product_cat-videji-skrapesanas-koki-petrebels","7":"product_shipping_class-pakiautomaati-sobimatu-lv","9":"first","10":"instock","11":"sale","12":"taxable","13":"shipping-taxable","14":"purchasable","15":"product-type-simple"},"yoast_head":"<!-- This site is optimized with the Yoast SEO plugin v27.2 - https:\/\/yoast.com\/product\/yoast-seo-wordpress\/ -->\n<title>Ka\u0137u skr\u0101p\u0113\u0161anas koks Petrebels Villa 150, cappuccino - MiuMjau<\/title>\n<meta name=\"robots\" content=\"index, follow, max-snippet:-1, max-image-preview:large, max-video-preview:-1\" \/>\n<link rel=\"canonical\" href=\"https:\/\/miumjau.ee\/lv\/produkts\/kaku-skrapesanas-koks-petrebels-villa-150-cappuccino\/\" \/>\n<meta property=\"og:locale\" content=\"lv_LV\" \/>\n<meta property=\"og:type\" content=\"article\" \/>\n<meta property=\"og:title\" content=\"Ka\u0137u skr\u0101p\u0113\u0161anas koks Petrebels Villa 150, cappuccino - MiuMjau\" \/>\n<meta property=\"og:description\" content=\"Modelis Villa 150 ir iztur\u012bgs, stabils un kompakts. Ka\u0137im ir iesp\u0113ja sp\u0113l\u0113ties, gul\u0113t, k\u0101pel\u0113t, l\u0113kt, veikt stiep\u0161an\u0101s vingrin\u0101jumus un, protams, skr\u0101p\u0113t. Skr\u0101p\u0113\u0161anas kok\u0101 ir 9 stabi, piln\u012bb\u0101 p\u0101rkl\u0101ti ar sizalu, diametr\u0101 9\u202fcm, paredz\u0113ti skr\u0101p\u0113\u0161anai. Produkts ir dom\u0101ts \u012bstiem skr\u0101p\u0113\u0161anas meistariem un veikliem k\u0101pel\u0113t\u0101jiem. P\u0113c aktivit\u0101t\u0113m ka\u0137is var atp\u016bsties m\u012bkstaj\u0101 aug\u0161\u0113j\u0101 gu\u013cviet\u0101 vai jebkur\u0101 m\u0101ji\u0146\u0101. (Padomi: spilveni ir mazg\u0101jami ve\u013casma\u0161\u012bn\u0101 30\u202f\u00b0C temperat\u016br\u0101.) Tas ir patiesi stabils un iztur\u012bgs &quot;villa&quot; skr\u0101p\u0113\u0161anas koks, piem\u0113rots gan jaunajiem ka\u0137iem, gan senioriem. Ar\u012b smagi ka\u0137i var to izmantot bez probl\u0113m\u0101m. Izm\u0113ri: 60 \u00d7 40 \u00d7 150\u202fcm (garums \u00d7 platums \u00d7 augstums)Produkta svars bez iepakojuma: 27,4\u202fkgProdukta svars ar iepakojumu: 28,5\u202fkg Piez\u012bme: skatiet ar\u012b \u012bsu video par \u0161o produktu.\" \/>\n<meta property=\"og:url\" content=\"https:\/\/miumjau.ee\/lv\/produkts\/kaku-skrapesanas-koks-petrebels-villa-150-cappuccino\/\" \/>\n<meta property=\"og:site_name\" content=\"MiuMjau\" \/>\n<meta property=\"article:publisher\" content=\"https:\/\/www.facebook.com\/miumjaupood\/\" \/>\n<meta property=\"article:modified_time\" content=\"2026-01-07T19:13:55+00:00\" \/>\n<meta property=\"og:image\" content=\"https:\/\/miumjau.ee\/wp-content\/uploads\/2023\/09\/villa-150-cappuccino-kassi-kraapimispuu-1.jpg\" \/>\n\t<meta property=\"og:image:width\" content=\"600\" \/>\n\t<meta property=\"og:image:height\" content=\"800\" \/>\n\t<meta property=\"og:image:type\" content=\"image\/jpeg\" \/>\n<meta name=\"twitter:card\" content=\"summary_large_image\" \/>\n<script type=\"application\/ld+json\" class=\"yoast-schema-graph\">{\"@context\":\"https:\/\/schema.org\",\"@graph\":[{\"@type\":\"WebPage\",\"@id\":\"https:\/\/miumjau.ee\/lv\/produkts\/kaku-skrapesanas-koks-petrebels-villa-150-cappuccino\/\",\"url\":\"https:\/\/miumjau.ee\/lv\/produkts\/kaku-skrapesanas-koks-petrebels-villa-150-cappuccino\/\",\"name\":\"Ka\u0137u skr\u0101p\u0113\u0161anas koks Petrebels Villa 150, cappuccino - MiuMjau\",\"isPartOf\":{\"@id\":\"https:\/\/miumjau.ee\/#website\"},\"primaryImageOfPage\":{\"@id\":\"https:\/\/miumjau.ee\/lv\/produkts\/kaku-skrapesanas-koks-petrebels-villa-150-cappuccino\/#primaryimage\"},\"image\":{\"@id\":\"https:\/\/miumjau.ee\/lv\/produkts\/kaku-skrapesanas-koks-petrebels-villa-150-cappuccino\/#primaryimage\"},\"thumbnailUrl\":\"https:\/\/miumjau.ee\/wp-content\/uploads\/2023\/09\/villa-150-cappuccino-kassi-kraapimispuu-1.jpg\",\"datePublished\":\"2023-09-30T06:39:36+00:00\",\"dateModified\":\"2026-01-07T19:13:55+00:00\",\"breadcrumb\":{\"@id\":\"https:\/\/miumjau.ee\/lv\/produkts\/kaku-skrapesanas-koks-petrebels-villa-150-cappuccino\/#breadcrumb\"},\"inLanguage\":\"lv-LV\",\"potentialAction\":[{\"@type\":\"ReadAction\",\"target\":[\"https:\/\/miumjau.ee\/lv\/produkts\/kaku-skrapesanas-koks-petrebels-villa-150-cappuccino\/\"]}]},{\"@type\":\"ImageObject\",\"inLanguage\":\"lv-LV\",\"@id\":\"https:\/\/miumjau.ee\/lv\/produkts\/kaku-skrapesanas-koks-petrebels-villa-150-cappuccino\/#primaryimage\",\"url\":\"https:\/\/miumjau.ee\/wp-content\/uploads\/2023\/09\/villa-150-cappuccino-kassi-kraapimispuu-1.jpg\",\"contentUrl\":\"https:\/\/miumjau.ee\/wp-content\/uploads\/2023\/09\/villa-150-cappuccino-kassi-kraapimispuu-1.jpg\",\"width\":600,\"height\":800},{\"@type\":\"BreadcrumbList\",\"@id\":\"https:\/\/miumjau.ee\/lv\/produkts\/kaku-skrapesanas-koks-petrebels-villa-150-cappuccino\/#breadcrumb\",\"itemListElement\":[{\"@type\":\"ListItem\",\"position\":1,\"name\":\"Home\",\"item\":\"https:\/\/miumjau.ee\/lv\/\"},{\"@type\":\"ListItem\",\"position\":2,\"name\":\"Veikals\",\"item\":\"https:\/\/miumjau.ee\/lv\/veikals\/\"},{\"@type\":\"ListItem\",\"position\":3,\"name\":\"Ka\u0137u skr\u0101p\u0113\u0161anas koks Petrebels Villa 150, cappuccino\"}]},{\"@type\":\"WebSite\",\"@id\":\"https:\/\/miumjau.ee\/#website\",\"url\":\"https:\/\/miumjau.ee\/\",\"name\":\"MiuMjau\",\"description\":\"Kraapimispuud kassidele\",\"publisher\":{\"@id\":\"https:\/\/miumjau.ee\/#organization\"},\"potentialAction\":[{\"@type\":\"SearchAction\",\"target\":{\"@type\":\"EntryPoint\",\"urlTemplate\":\"https:\/\/miumjau.ee\/?s={search_term_string}\"},\"query-input\":{\"@type\":\"PropertyValueSpecification\",\"valueRequired\":true,\"valueName\":\"search_term_string\"}}],\"inLanguage\":\"lv-LV\"},{\"@type\":\"Organization\",\"@id\":\"https:\/\/miumjau.ee\/#organization\",\"name\":\"MiuMjau O\u00dc\",\"url\":\"https:\/\/miumjau.ee\/\",\"logo\":{\"@type\":\"ImageObject\",\"inLanguage\":\"lv-LV\",\"@id\":\"https:\/\/miumjau.ee\/#\/schema\/logo\/image\/\",\"url\":\"https:\/\/miumjau.ee\/wp-content\/uploads\/2022\/04\/MiuMjau-logo-kollane.png\",\"contentUrl\":\"https:\/\/miumjau.ee\/wp-content\/uploads\/2022\/04\/MiuMjau-logo-kollane.png\",\"width\":219,\"height\":100,\"caption\":\"MiuMjau O\u00dc\"},\"image\":{\"@id\":\"https:\/\/miumjau.ee\/#\/schema\/logo\/image\/\"},\"sameAs\":[\"https:\/\/www.facebook.com\/miumjaupood\/\"]}]}<\/script>\n<!-- \/ Yoast SEO plugin. -->","yoast_head_json":{"title":"Ka\u0137u skr\u0101p\u0113\u0161anas koks Petrebels Villa 150, cappuccino - MiuMjau","robots":{"index":"index","follow":"follow","max-snippet":"max-snippet:-1","max-image-preview":"max-image-preview:large","max-video-preview":"max-video-preview:-1"},"canonical":"https:\/\/miumjau.ee\/lv\/produkts\/kaku-skrapesanas-koks-petrebels-villa-150-cappuccino\/","og_locale":"lv_LV","og_type":"article","og_title":"Ka\u0137u skr\u0101p\u0113\u0161anas koks Petrebels Villa 150, cappuccino - MiuMjau","og_description":"Modelis Villa 150 ir iztur\u012bgs, stabils un kompakts. Ka\u0137im ir iesp\u0113ja sp\u0113l\u0113ties, gul\u0113t, k\u0101pel\u0113t, l\u0113kt, veikt stiep\u0161an\u0101s vingrin\u0101jumus un, protams, skr\u0101p\u0113t. Skr\u0101p\u0113\u0161anas kok\u0101 ir 9 stabi, piln\u012bb\u0101 p\u0101rkl\u0101ti ar sizalu, diametr\u0101 9\u202fcm, paredz\u0113ti skr\u0101p\u0113\u0161anai. Produkts ir dom\u0101ts \u012bstiem skr\u0101p\u0113\u0161anas meistariem un veikliem k\u0101pel\u0113t\u0101jiem. P\u0113c aktivit\u0101t\u0113m ka\u0137is var atp\u016bsties m\u012bkstaj\u0101 aug\u0161\u0113j\u0101 gu\u013cviet\u0101 vai jebkur\u0101 m\u0101ji\u0146\u0101. (Padomi: spilveni ir mazg\u0101jami ve\u013casma\u0161\u012bn\u0101 30\u202f\u00b0C temperat\u016br\u0101.) Tas ir patiesi stabils un iztur\u012bgs \"villa\" skr\u0101p\u0113\u0161anas koks, piem\u0113rots gan jaunajiem ka\u0137iem, gan senioriem. Ar\u012b smagi ka\u0137i var to izmantot bez probl\u0113m\u0101m. Izm\u0113ri: 60 \u00d7 40 \u00d7 150\u202fcm (garums \u00d7 platums \u00d7 augstums)Produkta svars bez iepakojuma: 27,4\u202fkgProdukta svars ar iepakojumu: 28,5\u202fkg Piez\u012bme: skatiet ar\u012b \u012bsu video par \u0161o produktu.","og_url":"https:\/\/miumjau.ee\/lv\/produkts\/kaku-skrapesanas-koks-petrebels-villa-150-cappuccino\/","og_site_name":"MiuMjau","article_publisher":"https:\/\/www.facebook.com\/miumjaupood\/","article_modified_time":"2026-01-07T19:13:55+00:00","og_image":[{"width":600,"height":800,"url":"https:\/\/miumjau.ee\/wp-content\/uploads\/2023\/09\/villa-150-cappuccino-kassi-kraapimispuu-1.jpg","type":"image\/jpeg"}],"twitter_card":"summary_large_image","schema":{"@context":"https:\/\/schema.org","@graph":[{"@type":"WebPage","@id":"https:\/\/miumjau.ee\/lv\/produkts\/kaku-skrapesanas-koks-petrebels-villa-150-cappuccino\/","url":"https:\/\/miumjau.ee\/lv\/produkts\/kaku-skrapesanas-koks-petrebels-villa-150-cappuccino\/","name":"Ka\u0137u skr\u0101p\u0113\u0161anas koks Petrebels Villa 150, cappuccino - MiuMjau","isPartOf":{"@id":"https:\/\/miumjau.ee\/#website"},"primaryImageOfPage":{"@id":"https:\/\/miumjau.ee\/lv\/produkts\/kaku-skrapesanas-koks-petrebels-villa-150-cappuccino\/#primaryimage"},"image":{"@id":"https:\/\/miumjau.ee\/lv\/produkts\/kaku-skrapesanas-koks-petrebels-villa-150-cappuccino\/#primaryimage"},"thumbnailUrl":"https:\/\/miumjau.ee\/wp-content\/uploads\/2023\/09\/villa-150-cappuccino-kassi-kraapimispuu-1.jpg","datePublished":"2023-09-30T06:39:36+00:00","dateModified":"2026-01-07T19:13:55+00:00","breadcrumb":{"@id":"https:\/\/miumjau.ee\/lv\/produkts\/kaku-skrapesanas-koks-petrebels-villa-150-cappuccino\/#breadcrumb"},"inLanguage":"lv-LV","potentialAction":[{"@type":"ReadAction","target":["https:\/\/miumjau.ee\/lv\/produkts\/kaku-skrapesanas-koks-petrebels-villa-150-cappuccino\/"]}]},{"@type":"ImageObject","inLanguage":"lv-LV","@id":"https:\/\/miumjau.ee\/lv\/produkts\/kaku-skrapesanas-koks-petrebels-villa-150-cappuccino\/#primaryimage","url":"https:\/\/miumjau.ee\/wp-content\/uploads\/2023\/09\/villa-150-cappuccino-kassi-kraapimispuu-1.jpg","contentUrl":"https:\/\/miumjau.ee\/wp-content\/uploads\/2023\/09\/villa-150-cappuccino-kassi-kraapimispuu-1.jpg","width":600,"height":800},{"@type":"BreadcrumbList","@id":"https:\/\/miumjau.ee\/lv\/produkts\/kaku-skrapesanas-koks-petrebels-villa-150-cappuccino\/#breadcrumb","itemListElement":[{"@type":"ListItem","position":1,"name":"Home","item":"https:\/\/miumjau.ee\/lv\/"},{"@type":"ListItem","position":2,"name":"Veikals","item":"https:\/\/miumjau.ee\/lv\/veikals\/"},{"@type":"ListItem","position":3,"name":"Ka\u0137u skr\u0101p\u0113\u0161anas koks Petrebels Villa 150, cappuccino"}]},{"@type":"WebSite","@id":"https:\/\/miumjau.ee\/#website","url":"https:\/\/miumjau.ee\/","name":"MiuMjau","description":"Kraapimispuud kassidele","publisher":{"@id":"https:\/\/miumjau.ee\/#organization"},"potentialAction":[{"@type":"SearchAction","target":{"@type":"EntryPoint","urlTemplate":"https:\/\/miumjau.ee\/?s={search_term_string}"},"query-input":{"@type":"PropertyValueSpecification","valueRequired":true,"valueName":"search_term_string"}}],"inLanguage":"lv-LV"},{"@type":"Organization","@id":"https:\/\/miumjau.ee\/#organization","name":"MiuMjau O\u00dc","url":"https:\/\/miumjau.ee\/","logo":{"@type":"ImageObject","inLanguage":"lv-LV","@id":"https:\/\/miumjau.ee\/#\/schema\/logo\/image\/","url":"https:\/\/miumjau.ee\/wp-content\/uploads\/2022\/04\/MiuMjau-logo-kollane.png","contentUrl":"https:\/\/miumjau.ee\/wp-content\/uploads\/2022\/04\/MiuMjau-logo-kollane.png","width":219,"height":100,"caption":"MiuMjau O\u00dc"},"image":{"@id":"https:\/\/miumjau.ee\/#\/schema\/logo\/image\/"},"sameAs":["https:\/\/www.facebook.com\/miumjaupood\/"]}]}},"_links":{"self":[{"href":"https:\/\/miumjau.ee\/lv\/wp-json\/wp\/v2\/product\/50638","targetHints":{"allow":["GET"]}}],"collection":[{"href":"https:\/\/miumjau.ee\/lv\/wp-json\/wp\/v2\/product"}],"about":[{"href":"https:\/\/miumjau.ee\/lv\/wp-json\/wp\/v2\/types\/product"}],"wp:featuredmedia":[{"embeddable":true,"href":"https:\/\/miumjau.ee\/lv\/wp-json\/wp\/v2\/media\/50639"}],"wp:attachment":[{"href":"https:\/\/miumjau.ee\/lv\/wp-json\/wp\/v2\/media?parent=50638"}],"wp:term":[{"taxonomy":"product_brand","embeddable":true,"href":"https:\/\/miumjau.ee\/lv\/wp-json\/wp\/v2\/product_brand?post=50638"},{"taxonomy":"product_cat","embeddable":true,"href":"https:\/\/miumjau.ee\/lv\/wp-json\/wp\/v2\/product_cat?post=50638"},{"taxonomy":"product_tag","embeddable":true,"href":"https:\/\/miumjau.ee\/lv\/wp-json\/wp\/v2\/product_tag?post=50638"}],"curies":[{"name":"wp","href":"https:\/\/api.w.org\/{rel}","templated":true}]}}