{"id":50602,"date":"2023-09-29T19:01:00","date_gmt":"2023-09-29T16:01:00","guid":{"rendered":"https:\/\/miumjau.ee\/toode\/kaku-skrapesanas-koks-petrebels-parklane-175-krems\/"},"modified":"2026-01-07T21:13:55","modified_gmt":"2026-01-07T19:13:55","slug":"kaku-skrapesanas-koks-petrebels-parklane-175-krems","status":"publish","type":"product","link":"https:\/\/miumjau.ee\/lv\/produkts\/kaku-skrapesanas-koks-petrebels-parklane-175-krems\/","title":{"rendered":"Ka\u0137u skr\u0101p\u0113\u0161anas koks Petrebels Parklane 175, kr\u0113ms"},"content":{"rendered":"","protected":false},"excerpt":{"rendered":"<p data-start=\"59\" data-end=\"441\">Modelis <strong data-start=\"67\" data-end=\"83\">Parklane 175<\/strong> ir paredz\u0113ts ka\u0137iem, kuri \u012bpa\u0161i m\u012bl augstumu un nov\u0113ro\u0161anu. Papildus apk\u0101rtnes v\u0113ro\u0161anai produkta dizains nodro\u0161ina akt\u012bvu izklaidi \u2013 pieejamas k\u0101pel\u0113\u0161anas k\u0101pnes, rota\u013cu virve, garie un \u012bsie stabi, m\u0101ji\u0146a, pakarin\u0101ms \u0161\u016bpulis, atp\u016btas platformas un \u012bpa\u0161i m\u012bksts pl\u012b\u0161a p\u0101rkl\u0101jums. Katrs akt\u012bvs ka\u0137is \u0161eit atrad\u012bs daudz izaicino\u0161u un nogurdino\u0161u aktivit\u0101\u0161u!<\/p>\n<p data-start=\"443\" data-end=\"626\">Produkts ir piem\u0113rots ar\u012b lieliem un smagiem ka\u0137iem, k\u0101 ar\u012b senioriem, kuriem nedaudz gr\u016bt\u0101k p\u0101rvietoties, pateicoties k\u0101pn\u0113m un papildus platform\u0101m. \u0160eit ir dom\u0101ts visam un visiem!<\/p>\n<p data-start=\"628\" data-end=\"763\" data-is-last-node=\"\" data-is-only-node=\"\">Izm\u0113ri: 58 \u00d7 45 \u00d7 175\u202fcm (garums \u00d7 platums \u00d7 augstums)<br data-start=\"682\" data-end=\"685\" \/>Produkta svars bez iepakojuma: 34,5\u202fkg<br data-start=\"723\" data-end=\"726\" \/>Produkta svars ar iepakojumu: 35,9\u202fkg<\/p>\n","protected":false},"featured_media":50612,"template":"","meta":[],"product_brand":[],"product_cat":[573,582],"product_tag":[],"class_list":{"0":"post-50602","1":"product","2":"type-product","3":"status-publish","4":"has-post-thumbnail","6":"product_cat-kaup24-lv","7":"product_cat-videji-skrapesanas-koki-petrebels","8":"product_shipping_class-pakiautomaati-sobimatu-lv","10":"first","11":"instock","12":"taxable","13":"shipping-taxable","14":"purchasable","15":"product-type-simple"},"yoast_head":"<!-- This site is optimized with the Yoast SEO plugin v27.4 - https:\/\/yoast.com\/product\/yoast-seo-wordpress\/ -->\n<title>Ka\u0137u skr\u0101p\u0113\u0161anas koks Petrebels Parklane 175, kr\u0113ms - MiuMjau<\/title>\n<meta name=\"robots\" content=\"index, follow, max-snippet:-1, max-image-preview:large, max-video-preview:-1\" \/>\n<link rel=\"canonical\" href=\"https:\/\/miumjau.ee\/lv\/produkts\/kaku-skrapesanas-koks-petrebels-parklane-175-krems\/\" \/>\n<meta property=\"og:locale\" content=\"lv_LV\" \/>\n<meta property=\"og:type\" content=\"article\" \/>\n<meta property=\"og:title\" content=\"Ka\u0137u skr\u0101p\u0113\u0161anas koks Petrebels Parklane 175, kr\u0113ms - MiuMjau\" \/>\n<meta property=\"og:description\" content=\"Modelis Parklane 175 ir paredz\u0113ts ka\u0137iem, kuri \u012bpa\u0161i m\u012bl augstumu un nov\u0113ro\u0161anu. Papildus apk\u0101rtnes v\u0113ro\u0161anai produkta dizains nodro\u0161ina akt\u012bvu izklaidi \u2013 pieejamas k\u0101pel\u0113\u0161anas k\u0101pnes, rota\u013cu virve, garie un \u012bsie stabi, m\u0101ji\u0146a, pakarin\u0101ms \u0161\u016bpulis, atp\u016btas platformas un \u012bpa\u0161i m\u012bksts pl\u012b\u0161a p\u0101rkl\u0101jums. Katrs akt\u012bvs ka\u0137is \u0161eit atrad\u012bs daudz izaicino\u0161u un nogurdino\u0161u aktivit\u0101\u0161u! Produkts ir piem\u0113rots ar\u012b lieliem un smagiem ka\u0137iem, k\u0101 ar\u012b senioriem, kuriem nedaudz gr\u016bt\u0101k p\u0101rvietoties, pateicoties k\u0101pn\u0113m un papildus platform\u0101m. \u0160eit ir dom\u0101ts visam un visiem! Izm\u0113ri: 58 \u00d7 45 \u00d7 175\u202fcm (garums \u00d7 platums \u00d7 augstums)Produkta svars bez iepakojuma: 34,5\u202fkgProdukta svars ar iepakojumu: 35,9\u202fkg\" \/>\n<meta property=\"og:url\" content=\"https:\/\/miumjau.ee\/lv\/produkts\/kaku-skrapesanas-koks-petrebels-parklane-175-krems\/\" \/>\n<meta property=\"og:site_name\" content=\"MiuMjau\" \/>\n<meta property=\"article:publisher\" content=\"https:\/\/www.facebook.com\/miumjaupood\/\" \/>\n<meta property=\"article:modified_time\" content=\"2026-01-07T19:13:55+00:00\" \/>\n<meta property=\"og:image\" content=\"https:\/\/miumjau.ee\/wp-content\/uploads\/2023\/09\/parklane-175-kreem-kassi-kraapimispuu-1.jpg\" \/>\n\t<meta property=\"og:image:width\" content=\"600\" \/>\n\t<meta property=\"og:image:height\" content=\"800\" \/>\n\t<meta property=\"og:image:type\" content=\"image\/jpeg\" \/>\n<meta name=\"twitter:card\" content=\"summary_large_image\" \/>\n<script type=\"application\/ld+json\" class=\"yoast-schema-graph\">{\"@context\":\"https:\\\/\\\/schema.org\",\"@graph\":[{\"@type\":\"WebPage\",\"@id\":\"https:\\\/\\\/miumjau.ee\\\/lv\\\/produkts\\\/kaku-skrapesanas-koks-petrebels-parklane-175-krems\\\/\",\"url\":\"https:\\\/\\\/miumjau.ee\\\/lv\\\/produkts\\\/kaku-skrapesanas-koks-petrebels-parklane-175-krems\\\/\",\"name\":\"Ka\u0137u skr\u0101p\u0113\u0161anas koks Petrebels Parklane 175, kr\u0113ms - MiuMjau\",\"isPartOf\":{\"@id\":\"https:\\\/\\\/miumjau.ee\\\/#website\"},\"primaryImageOfPage\":{\"@id\":\"https:\\\/\\\/miumjau.ee\\\/lv\\\/produkts\\\/kaku-skrapesanas-koks-petrebels-parklane-175-krems\\\/#primaryimage\"},\"image\":{\"@id\":\"https:\\\/\\\/miumjau.ee\\\/lv\\\/produkts\\\/kaku-skrapesanas-koks-petrebels-parklane-175-krems\\\/#primaryimage\"},\"thumbnailUrl\":\"https:\\\/\\\/miumjau.ee\\\/wp-content\\\/uploads\\\/2023\\\/09\\\/parklane-175-kreem-kassi-kraapimispuu-1.jpg\",\"datePublished\":\"2023-09-29T16:01:00+00:00\",\"dateModified\":\"2026-01-07T19:13:55+00:00\",\"breadcrumb\":{\"@id\":\"https:\\\/\\\/miumjau.ee\\\/lv\\\/produkts\\\/kaku-skrapesanas-koks-petrebels-parklane-175-krems\\\/#breadcrumb\"},\"inLanguage\":\"lv-LV\",\"potentialAction\":[{\"@type\":\"ReadAction\",\"target\":[\"https:\\\/\\\/miumjau.ee\\\/lv\\\/produkts\\\/kaku-skrapesanas-koks-petrebels-parklane-175-krems\\\/\"]}]},{\"@type\":\"ImageObject\",\"inLanguage\":\"lv-LV\",\"@id\":\"https:\\\/\\\/miumjau.ee\\\/lv\\\/produkts\\\/kaku-skrapesanas-koks-petrebels-parklane-175-krems\\\/#primaryimage\",\"url\":\"https:\\\/\\\/miumjau.ee\\\/wp-content\\\/uploads\\\/2023\\\/09\\\/parklane-175-kreem-kassi-kraapimispuu-1.jpg\",\"contentUrl\":\"https:\\\/\\\/miumjau.ee\\\/wp-content\\\/uploads\\\/2023\\\/09\\\/parklane-175-kreem-kassi-kraapimispuu-1.jpg\",\"width\":600,\"height\":800},{\"@type\":\"BreadcrumbList\",\"@id\":\"https:\\\/\\\/miumjau.ee\\\/lv\\\/produkts\\\/kaku-skrapesanas-koks-petrebels-parklane-175-krems\\\/#breadcrumb\",\"itemListElement\":[{\"@type\":\"ListItem\",\"position\":1,\"name\":\"Home\",\"item\":\"https:\\\/\\\/miumjau.ee\\\/lv\\\/\"},{\"@type\":\"ListItem\",\"position\":2,\"name\":\"Veikals\",\"item\":\"https:\\\/\\\/miumjau.ee\\\/lv\\\/veikals\\\/\"},{\"@type\":\"ListItem\",\"position\":3,\"name\":\"Ka\u0137u skr\u0101p\u0113\u0161anas koks Petrebels Parklane 175, kr\u0113ms\"}]},{\"@type\":\"WebSite\",\"@id\":\"https:\\\/\\\/miumjau.ee\\\/#website\",\"url\":\"https:\\\/\\\/miumjau.ee\\\/\",\"name\":\"MiuMjau\",\"description\":\"Kraapimispuud kassidele\",\"publisher\":{\"@id\":\"https:\\\/\\\/miumjau.ee\\\/#organization\"},\"potentialAction\":[{\"@type\":\"SearchAction\",\"target\":{\"@type\":\"EntryPoint\",\"urlTemplate\":\"https:\\\/\\\/miumjau.ee\\\/?s={search_term_string}\"},\"query-input\":{\"@type\":\"PropertyValueSpecification\",\"valueRequired\":true,\"valueName\":\"search_term_string\"}}],\"inLanguage\":\"lv-LV\"},{\"@type\":\"Organization\",\"@id\":\"https:\\\/\\\/miumjau.ee\\\/#organization\",\"name\":\"MiuMjau O\u00dc\",\"url\":\"https:\\\/\\\/miumjau.ee\\\/\",\"logo\":{\"@type\":\"ImageObject\",\"inLanguage\":\"lv-LV\",\"@id\":\"https:\\\/\\\/miumjau.ee\\\/#\\\/schema\\\/logo\\\/image\\\/\",\"url\":\"https:\\\/\\\/miumjau.ee\\\/wp-content\\\/uploads\\\/2022\\\/04\\\/MiuMjau-logo-kollane.png\",\"contentUrl\":\"https:\\\/\\\/miumjau.ee\\\/wp-content\\\/uploads\\\/2022\\\/04\\\/MiuMjau-logo-kollane.png\",\"width\":219,\"height\":100,\"caption\":\"MiuMjau O\u00dc\"},\"image\":{\"@id\":\"https:\\\/\\\/miumjau.ee\\\/#\\\/schema\\\/logo\\\/image\\\/\"},\"sameAs\":[\"https:\\\/\\\/www.facebook.com\\\/miumjaupood\\\/\"]}]}<\/script>\n<!-- \/ Yoast SEO plugin. -->","yoast_head_json":{"title":"Ka\u0137u skr\u0101p\u0113\u0161anas koks Petrebels Parklane 175, kr\u0113ms - MiuMjau","robots":{"index":"index","follow":"follow","max-snippet":"max-snippet:-1","max-image-preview":"max-image-preview:large","max-video-preview":"max-video-preview:-1"},"canonical":"https:\/\/miumjau.ee\/lv\/produkts\/kaku-skrapesanas-koks-petrebels-parklane-175-krems\/","og_locale":"lv_LV","og_type":"article","og_title":"Ka\u0137u skr\u0101p\u0113\u0161anas koks Petrebels Parklane 175, kr\u0113ms - MiuMjau","og_description":"Modelis Parklane 175 ir paredz\u0113ts ka\u0137iem, kuri \u012bpa\u0161i m\u012bl augstumu un nov\u0113ro\u0161anu. Papildus apk\u0101rtnes v\u0113ro\u0161anai produkta dizains nodro\u0161ina akt\u012bvu izklaidi \u2013 pieejamas k\u0101pel\u0113\u0161anas k\u0101pnes, rota\u013cu virve, garie un \u012bsie stabi, m\u0101ji\u0146a, pakarin\u0101ms \u0161\u016bpulis, atp\u016btas platformas un \u012bpa\u0161i m\u012bksts pl\u012b\u0161a p\u0101rkl\u0101jums. Katrs akt\u012bvs ka\u0137is \u0161eit atrad\u012bs daudz izaicino\u0161u un nogurdino\u0161u aktivit\u0101\u0161u! Produkts ir piem\u0113rots ar\u012b lieliem un smagiem ka\u0137iem, k\u0101 ar\u012b senioriem, kuriem nedaudz gr\u016bt\u0101k p\u0101rvietoties, pateicoties k\u0101pn\u0113m un papildus platform\u0101m. \u0160eit ir dom\u0101ts visam un visiem! Izm\u0113ri: 58 \u00d7 45 \u00d7 175\u202fcm (garums \u00d7 platums \u00d7 augstums)Produkta svars bez iepakojuma: 34,5\u202fkgProdukta svars ar iepakojumu: 35,9\u202fkg","og_url":"https:\/\/miumjau.ee\/lv\/produkts\/kaku-skrapesanas-koks-petrebels-parklane-175-krems\/","og_site_name":"MiuMjau","article_publisher":"https:\/\/www.facebook.com\/miumjaupood\/","article_modified_time":"2026-01-07T19:13:55+00:00","og_image":[{"width":600,"height":800,"url":"https:\/\/miumjau.ee\/wp-content\/uploads\/2023\/09\/parklane-175-kreem-kassi-kraapimispuu-1.jpg","type":"image\/jpeg"}],"twitter_card":"summary_large_image","schema":{"@context":"https:\/\/schema.org","@graph":[{"@type":"WebPage","@id":"https:\/\/miumjau.ee\/lv\/produkts\/kaku-skrapesanas-koks-petrebels-parklane-175-krems\/","url":"https:\/\/miumjau.ee\/lv\/produkts\/kaku-skrapesanas-koks-petrebels-parklane-175-krems\/","name":"Ka\u0137u skr\u0101p\u0113\u0161anas koks Petrebels Parklane 175, kr\u0113ms - MiuMjau","isPartOf":{"@id":"https:\/\/miumjau.ee\/#website"},"primaryImageOfPage":{"@id":"https:\/\/miumjau.ee\/lv\/produkts\/kaku-skrapesanas-koks-petrebels-parklane-175-krems\/#primaryimage"},"image":{"@id":"https:\/\/miumjau.ee\/lv\/produkts\/kaku-skrapesanas-koks-petrebels-parklane-175-krems\/#primaryimage"},"thumbnailUrl":"https:\/\/miumjau.ee\/wp-content\/uploads\/2023\/09\/parklane-175-kreem-kassi-kraapimispuu-1.jpg","datePublished":"2023-09-29T16:01:00+00:00","dateModified":"2026-01-07T19:13:55+00:00","breadcrumb":{"@id":"https:\/\/miumjau.ee\/lv\/produkts\/kaku-skrapesanas-koks-petrebels-parklane-175-krems\/#breadcrumb"},"inLanguage":"lv-LV","potentialAction":[{"@type":"ReadAction","target":["https:\/\/miumjau.ee\/lv\/produkts\/kaku-skrapesanas-koks-petrebels-parklane-175-krems\/"]}]},{"@type":"ImageObject","inLanguage":"lv-LV","@id":"https:\/\/miumjau.ee\/lv\/produkts\/kaku-skrapesanas-koks-petrebels-parklane-175-krems\/#primaryimage","url":"https:\/\/miumjau.ee\/wp-content\/uploads\/2023\/09\/parklane-175-kreem-kassi-kraapimispuu-1.jpg","contentUrl":"https:\/\/miumjau.ee\/wp-content\/uploads\/2023\/09\/parklane-175-kreem-kassi-kraapimispuu-1.jpg","width":600,"height":800},{"@type":"BreadcrumbList","@id":"https:\/\/miumjau.ee\/lv\/produkts\/kaku-skrapesanas-koks-petrebels-parklane-175-krems\/#breadcrumb","itemListElement":[{"@type":"ListItem","position":1,"name":"Home","item":"https:\/\/miumjau.ee\/lv\/"},{"@type":"ListItem","position":2,"name":"Veikals","item":"https:\/\/miumjau.ee\/lv\/veikals\/"},{"@type":"ListItem","position":3,"name":"Ka\u0137u skr\u0101p\u0113\u0161anas koks Petrebels Parklane 175, kr\u0113ms"}]},{"@type":"WebSite","@id":"https:\/\/miumjau.ee\/#website","url":"https:\/\/miumjau.ee\/","name":"MiuMjau","description":"Kraapimispuud kassidele","publisher":{"@id":"https:\/\/miumjau.ee\/#organization"},"potentialAction":[{"@type":"SearchAction","target":{"@type":"EntryPoint","urlTemplate":"https:\/\/miumjau.ee\/?s={search_term_string}"},"query-input":{"@type":"PropertyValueSpecification","valueRequired":true,"valueName":"search_term_string"}}],"inLanguage":"lv-LV"},{"@type":"Organization","@id":"https:\/\/miumjau.ee\/#organization","name":"MiuMjau O\u00dc","url":"https:\/\/miumjau.ee\/","logo":{"@type":"ImageObject","inLanguage":"lv-LV","@id":"https:\/\/miumjau.ee\/#\/schema\/logo\/image\/","url":"https:\/\/miumjau.ee\/wp-content\/uploads\/2022\/04\/MiuMjau-logo-kollane.png","contentUrl":"https:\/\/miumjau.ee\/wp-content\/uploads\/2022\/04\/MiuMjau-logo-kollane.png","width":219,"height":100,"caption":"MiuMjau O\u00dc"},"image":{"@id":"https:\/\/miumjau.ee\/#\/schema\/logo\/image\/"},"sameAs":["https:\/\/www.facebook.com\/miumjaupood\/"]}]}},"_links":{"self":[{"href":"https:\/\/miumjau.ee\/lv\/wp-json\/wp\/v2\/product\/50602","targetHints":{"allow":["GET"]}}],"collection":[{"href":"https:\/\/miumjau.ee\/lv\/wp-json\/wp\/v2\/product"}],"about":[{"href":"https:\/\/miumjau.ee\/lv\/wp-json\/wp\/v2\/types\/product"}],"wp:featuredmedia":[{"embeddable":true,"href":"https:\/\/miumjau.ee\/lv\/wp-json\/wp\/v2\/media\/50612"}],"wp:attachment":[{"href":"https:\/\/miumjau.ee\/lv\/wp-json\/wp\/v2\/media?parent=50602"}],"wp:term":[{"taxonomy":"product_brand","embeddable":true,"href":"https:\/\/miumjau.ee\/lv\/wp-json\/wp\/v2\/product_brand?post=50602"},{"taxonomy":"product_cat","embeddable":true,"href":"https:\/\/miumjau.ee\/lv\/wp-json\/wp\/v2\/product_cat?post=50602"},{"taxonomy":"product_tag","embeddable":true,"href":"https:\/\/miumjau.ee\/lv\/wp-json\/wp\/v2\/product_tag?post=50602"}],"curies":[{"name":"wp","href":"https:\/\/api.w.org\/{rel}","templated":true}]}}