{"id":50593,"date":"2023-09-29T12:19:45","date_gmt":"2023-09-29T09:19:45","guid":{"rendered":"https:\/\/miumjau.ee\/toode\/kaku-skrapesanas-koks-petrebels-charlotte-134-peleks\/"},"modified":"2026-01-07T21:00:35","modified_gmt":"2026-01-07T19:00:35","slug":"kaku-skrapesanas-koks-petrebels-charlotte-134-peleks","status":"publish","type":"product","link":"https:\/\/miumjau.ee\/lv\/produkts\/kaku-skrapesanas-koks-petrebels-charlotte-134-peleks\/","title":{"rendered":"Ka\u010di\u0173 draskykl\u0117 Petrebels Charlotte 134, peleks"},"content":{"rendered":"","protected":false},"excerpt":{"rendered":"<p data-start=\"61\" data-end=\"682\">Modelis <strong data-start=\"69\" data-end=\"86\">Charlotte 134<\/strong> ir izstr\u0101d\u0101ts \u012bpa\u0161i kompaktiem m\u0101jok\u013ciem, lai pat viet\u0101s ar maz br\u012bvas gr\u012bdas vietas b\u016btu iesp\u0113jams ieg\u0101d\u0101ties kvalitat\u012bvu skr\u0101p\u0113\u0161anas koku. Ka\u0137im ir viss nepiecie\u0161amais \u2013 visi 9\u202fcm biezie stabi ir piln\u012bb\u0101 p\u0101rkl\u0101ti ar kvalitat\u012bvu sizalu, k\u0101pel\u0113\u0161anai pieejamas vair\u0101kas platformas da\u017e\u0101dos augstumos, klusam atp\u016btai ir sl\u0113gta m\u0101ji\u0146a un atp\u016btai \u2013 izvirz\u012bta gu\u013cvieta. Visaugst\u0101k\u0101 platforma kalpo k\u0101 nov\u0113ro\u0161anas punkts, \u013caujot ka\u0137im v\u0113rot visu, kas notiek apk\u0101rt. Skr\u0101p\u0113\u0161anas koks ir apr\u012bkots ar pastiprin\u0101tu pamatni, nodro\u0161inot stabilit\u0101ti un iztur\u012bbu. Piem\u0113rots ar\u012b liel\u0101kiem un smag\u0101kiem ka\u0137iem.<\/p>\n<p data-start=\"684\" data-end=\"887\" data-is-last-node=\"\" data-is-only-node=\"\">Izm\u0113ri: 59 \u00d7 56 \u00d7 134\u202fcm (garums \u00d7 platums \u00d7 augstums)<br data-start=\"738\" data-end=\"741\" \/>Stabu diametrs: 9\u202fcm<br data-start=\"761\" data-end=\"764\" data-is-only-node=\"\" \/>M\u0101ji\u0146as izm\u0113ri: 40 \u00d7 40\u202fcm, augstums 30\u202fcm<br data-start=\"806\" data-end=\"809\" \/>Produkta svars bez iepakojuma: 23,1\u202fkg<br data-start=\"847\" data-end=\"850\" \/>Produkta svars ar iepakojumu: 25,1\u202fkg<\/p>\n","protected":false},"featured_media":50594,"template":"","meta":[],"product_brand":[],"product_cat":[582,573],"product_tag":[],"class_list":{"0":"post-50593","1":"product","2":"type-product","3":"status-publish","4":"has-post-thumbnail","6":"product_cat-videji-skrapesanas-koki-petrebels","7":"product_cat-kaup24-lv","8":"product_shipping_class-pakiautomaati-sobimatu-lv","10":"first","11":"instock","12":"taxable","13":"shipping-taxable","14":"purchasable","15":"product-type-simple"},"yoast_head":"<!-- This site is optimized with the Yoast SEO plugin v27.2 - https:\/\/yoast.com\/product\/yoast-seo-wordpress\/ -->\n<title>Ka\u010di\u0173 draskykl\u0117 Petrebels Charlotte 134, peleks - MiuMjau<\/title>\n<meta name=\"robots\" content=\"index, follow, max-snippet:-1, max-image-preview:large, max-video-preview:-1\" \/>\n<link rel=\"canonical\" href=\"https:\/\/miumjau.ee\/lv\/produkts\/kaku-skrapesanas-koks-petrebels-charlotte-134-peleks\/\" \/>\n<meta property=\"og:locale\" content=\"lv_LV\" \/>\n<meta property=\"og:type\" content=\"article\" \/>\n<meta property=\"og:title\" content=\"Ka\u010di\u0173 draskykl\u0117 Petrebels Charlotte 134, peleks - MiuMjau\" \/>\n<meta property=\"og:description\" content=\"Modelis Charlotte 134 ir izstr\u0101d\u0101ts \u012bpa\u0161i kompaktiem m\u0101jok\u013ciem, lai pat viet\u0101s ar maz br\u012bvas gr\u012bdas vietas b\u016btu iesp\u0113jams ieg\u0101d\u0101ties kvalitat\u012bvu skr\u0101p\u0113\u0161anas koku. Ka\u0137im ir viss nepiecie\u0161amais \u2013 visi 9\u202fcm biezie stabi ir piln\u012bb\u0101 p\u0101rkl\u0101ti ar kvalitat\u012bvu sizalu, k\u0101pel\u0113\u0161anai pieejamas vair\u0101kas platformas da\u017e\u0101dos augstumos, klusam atp\u016btai ir sl\u0113gta m\u0101ji\u0146a un atp\u016btai \u2013 izvirz\u012bta gu\u013cvieta. Visaugst\u0101k\u0101 platforma kalpo k\u0101 nov\u0113ro\u0161anas punkts, \u013caujot ka\u0137im v\u0113rot visu, kas notiek apk\u0101rt. Skr\u0101p\u0113\u0161anas koks ir apr\u012bkots ar pastiprin\u0101tu pamatni, nodro\u0161inot stabilit\u0101ti un iztur\u012bbu. Piem\u0113rots ar\u012b liel\u0101kiem un smag\u0101kiem ka\u0137iem. Izm\u0113ri: 59 \u00d7 56 \u00d7 134\u202fcm (garums \u00d7 platums \u00d7 augstums)Stabu diametrs: 9\u202fcmM\u0101ji\u0146as izm\u0113ri: 40 \u00d7 40\u202fcm, augstums 30\u202fcmProdukta svars bez iepakojuma: 23,1\u202fkgProdukta svars ar iepakojumu: 25,1\u202fkg\" \/>\n<meta property=\"og:url\" content=\"https:\/\/miumjau.ee\/lv\/produkts\/kaku-skrapesanas-koks-petrebels-charlotte-134-peleks\/\" \/>\n<meta property=\"og:site_name\" content=\"MiuMjau\" \/>\n<meta property=\"article:publisher\" content=\"https:\/\/www.facebook.com\/miumjaupood\/\" \/>\n<meta property=\"article:modified_time\" content=\"2026-01-07T19:00:35+00:00\" \/>\n<meta property=\"og:image\" content=\"https:\/\/miumjau.ee\/wp-content\/uploads\/2023\/09\/charlotte-134-hall-kassi-kraapimispuu-1.jpg\" \/>\n\t<meta property=\"og:image:width\" content=\"600\" \/>\n\t<meta property=\"og:image:height\" content=\"800\" \/>\n\t<meta property=\"og:image:type\" content=\"image\/jpeg\" \/>\n<meta name=\"twitter:card\" content=\"summary_large_image\" \/>\n<meta name=\"twitter:label1\" content=\"Est. reading time\" \/>\n\t<meta name=\"twitter:data1\" content=\"1 minute\" \/>\n<script type=\"application\/ld+json\" class=\"yoast-schema-graph\">{\"@context\":\"https:\/\/schema.org\",\"@graph\":[{\"@type\":\"WebPage\",\"@id\":\"https:\/\/miumjau.ee\/lv\/produkts\/kaku-skrapesanas-koks-petrebels-charlotte-134-peleks\/\",\"url\":\"https:\/\/miumjau.ee\/lv\/produkts\/kaku-skrapesanas-koks-petrebels-charlotte-134-peleks\/\",\"name\":\"Ka\u010di\u0173 draskykl\u0117 Petrebels Charlotte 134, peleks - MiuMjau\",\"isPartOf\":{\"@id\":\"https:\/\/miumjau.ee\/#website\"},\"primaryImageOfPage\":{\"@id\":\"https:\/\/miumjau.ee\/lv\/produkts\/kaku-skrapesanas-koks-petrebels-charlotte-134-peleks\/#primaryimage\"},\"image\":{\"@id\":\"https:\/\/miumjau.ee\/lv\/produkts\/kaku-skrapesanas-koks-petrebels-charlotte-134-peleks\/#primaryimage\"},\"thumbnailUrl\":\"https:\/\/miumjau.ee\/wp-content\/uploads\/2023\/09\/charlotte-134-hall-kassi-kraapimispuu-1.jpg\",\"datePublished\":\"2023-09-29T09:19:45+00:00\",\"dateModified\":\"2026-01-07T19:00:35+00:00\",\"breadcrumb\":{\"@id\":\"https:\/\/miumjau.ee\/lv\/produkts\/kaku-skrapesanas-koks-petrebels-charlotte-134-peleks\/#breadcrumb\"},\"inLanguage\":\"lv-LV\",\"potentialAction\":[{\"@type\":\"ReadAction\",\"target\":[\"https:\/\/miumjau.ee\/lv\/produkts\/kaku-skrapesanas-koks-petrebels-charlotte-134-peleks\/\"]}]},{\"@type\":\"ImageObject\",\"inLanguage\":\"lv-LV\",\"@id\":\"https:\/\/miumjau.ee\/lv\/produkts\/kaku-skrapesanas-koks-petrebels-charlotte-134-peleks\/#primaryimage\",\"url\":\"https:\/\/miumjau.ee\/wp-content\/uploads\/2023\/09\/charlotte-134-hall-kassi-kraapimispuu-1.jpg\",\"contentUrl\":\"https:\/\/miumjau.ee\/wp-content\/uploads\/2023\/09\/charlotte-134-hall-kassi-kraapimispuu-1.jpg\",\"width\":600,\"height\":800},{\"@type\":\"BreadcrumbList\",\"@id\":\"https:\/\/miumjau.ee\/lv\/produkts\/kaku-skrapesanas-koks-petrebels-charlotte-134-peleks\/#breadcrumb\",\"itemListElement\":[{\"@type\":\"ListItem\",\"position\":1,\"name\":\"Home\",\"item\":\"https:\/\/miumjau.ee\/lv\/\"},{\"@type\":\"ListItem\",\"position\":2,\"name\":\"Veikals\",\"item\":\"https:\/\/miumjau.ee\/lv\/veikals\/\"},{\"@type\":\"ListItem\",\"position\":3,\"name\":\"Ka\u010di\u0173 draskykl\u0117 Petrebels Charlotte 134, peleks\"}]},{\"@type\":\"WebSite\",\"@id\":\"https:\/\/miumjau.ee\/#website\",\"url\":\"https:\/\/miumjau.ee\/\",\"name\":\"MiuMjau\",\"description\":\"Kraapimispuud kassidele\",\"publisher\":{\"@id\":\"https:\/\/miumjau.ee\/#organization\"},\"potentialAction\":[{\"@type\":\"SearchAction\",\"target\":{\"@type\":\"EntryPoint\",\"urlTemplate\":\"https:\/\/miumjau.ee\/?s={search_term_string}\"},\"query-input\":{\"@type\":\"PropertyValueSpecification\",\"valueRequired\":true,\"valueName\":\"search_term_string\"}}],\"inLanguage\":\"lv-LV\"},{\"@type\":\"Organization\",\"@id\":\"https:\/\/miumjau.ee\/#organization\",\"name\":\"MiuMjau O\u00dc\",\"url\":\"https:\/\/miumjau.ee\/\",\"logo\":{\"@type\":\"ImageObject\",\"inLanguage\":\"lv-LV\",\"@id\":\"https:\/\/miumjau.ee\/#\/schema\/logo\/image\/\",\"url\":\"https:\/\/miumjau.ee\/wp-content\/uploads\/2022\/04\/MiuMjau-logo-kollane.png\",\"contentUrl\":\"https:\/\/miumjau.ee\/wp-content\/uploads\/2022\/04\/MiuMjau-logo-kollane.png\",\"width\":219,\"height\":100,\"caption\":\"MiuMjau O\u00dc\"},\"image\":{\"@id\":\"https:\/\/miumjau.ee\/#\/schema\/logo\/image\/\"},\"sameAs\":[\"https:\/\/www.facebook.com\/miumjaupood\/\"]}]}<\/script>\n<!-- \/ Yoast SEO plugin. -->","yoast_head_json":{"title":"Ka\u010di\u0173 draskykl\u0117 Petrebels Charlotte 134, peleks - MiuMjau","robots":{"index":"index","follow":"follow","max-snippet":"max-snippet:-1","max-image-preview":"max-image-preview:large","max-video-preview":"max-video-preview:-1"},"canonical":"https:\/\/miumjau.ee\/lv\/produkts\/kaku-skrapesanas-koks-petrebels-charlotte-134-peleks\/","og_locale":"lv_LV","og_type":"article","og_title":"Ka\u010di\u0173 draskykl\u0117 Petrebels Charlotte 134, peleks - MiuMjau","og_description":"Modelis Charlotte 134 ir izstr\u0101d\u0101ts \u012bpa\u0161i kompaktiem m\u0101jok\u013ciem, lai pat viet\u0101s ar maz br\u012bvas gr\u012bdas vietas b\u016btu iesp\u0113jams ieg\u0101d\u0101ties kvalitat\u012bvu skr\u0101p\u0113\u0161anas koku. Ka\u0137im ir viss nepiecie\u0161amais \u2013 visi 9\u202fcm biezie stabi ir piln\u012bb\u0101 p\u0101rkl\u0101ti ar kvalitat\u012bvu sizalu, k\u0101pel\u0113\u0161anai pieejamas vair\u0101kas platformas da\u017e\u0101dos augstumos, klusam atp\u016btai ir sl\u0113gta m\u0101ji\u0146a un atp\u016btai \u2013 izvirz\u012bta gu\u013cvieta. Visaugst\u0101k\u0101 platforma kalpo k\u0101 nov\u0113ro\u0161anas punkts, \u013caujot ka\u0137im v\u0113rot visu, kas notiek apk\u0101rt. Skr\u0101p\u0113\u0161anas koks ir apr\u012bkots ar pastiprin\u0101tu pamatni, nodro\u0161inot stabilit\u0101ti un iztur\u012bbu. Piem\u0113rots ar\u012b liel\u0101kiem un smag\u0101kiem ka\u0137iem. Izm\u0113ri: 59 \u00d7 56 \u00d7 134\u202fcm (garums \u00d7 platums \u00d7 augstums)Stabu diametrs: 9\u202fcmM\u0101ji\u0146as izm\u0113ri: 40 \u00d7 40\u202fcm, augstums 30\u202fcmProdukta svars bez iepakojuma: 23,1\u202fkgProdukta svars ar iepakojumu: 25,1\u202fkg","og_url":"https:\/\/miumjau.ee\/lv\/produkts\/kaku-skrapesanas-koks-petrebels-charlotte-134-peleks\/","og_site_name":"MiuMjau","article_publisher":"https:\/\/www.facebook.com\/miumjaupood\/","article_modified_time":"2026-01-07T19:00:35+00:00","og_image":[{"width":600,"height":800,"url":"https:\/\/miumjau.ee\/wp-content\/uploads\/2023\/09\/charlotte-134-hall-kassi-kraapimispuu-1.jpg","type":"image\/jpeg"}],"twitter_card":"summary_large_image","twitter_misc":{"Est. reading time":"1 minute"},"schema":{"@context":"https:\/\/schema.org","@graph":[{"@type":"WebPage","@id":"https:\/\/miumjau.ee\/lv\/produkts\/kaku-skrapesanas-koks-petrebels-charlotte-134-peleks\/","url":"https:\/\/miumjau.ee\/lv\/produkts\/kaku-skrapesanas-koks-petrebels-charlotte-134-peleks\/","name":"Ka\u010di\u0173 draskykl\u0117 Petrebels Charlotte 134, peleks - MiuMjau","isPartOf":{"@id":"https:\/\/miumjau.ee\/#website"},"primaryImageOfPage":{"@id":"https:\/\/miumjau.ee\/lv\/produkts\/kaku-skrapesanas-koks-petrebels-charlotte-134-peleks\/#primaryimage"},"image":{"@id":"https:\/\/miumjau.ee\/lv\/produkts\/kaku-skrapesanas-koks-petrebels-charlotte-134-peleks\/#primaryimage"},"thumbnailUrl":"https:\/\/miumjau.ee\/wp-content\/uploads\/2023\/09\/charlotte-134-hall-kassi-kraapimispuu-1.jpg","datePublished":"2023-09-29T09:19:45+00:00","dateModified":"2026-01-07T19:00:35+00:00","breadcrumb":{"@id":"https:\/\/miumjau.ee\/lv\/produkts\/kaku-skrapesanas-koks-petrebels-charlotte-134-peleks\/#breadcrumb"},"inLanguage":"lv-LV","potentialAction":[{"@type":"ReadAction","target":["https:\/\/miumjau.ee\/lv\/produkts\/kaku-skrapesanas-koks-petrebels-charlotte-134-peleks\/"]}]},{"@type":"ImageObject","inLanguage":"lv-LV","@id":"https:\/\/miumjau.ee\/lv\/produkts\/kaku-skrapesanas-koks-petrebels-charlotte-134-peleks\/#primaryimage","url":"https:\/\/miumjau.ee\/wp-content\/uploads\/2023\/09\/charlotte-134-hall-kassi-kraapimispuu-1.jpg","contentUrl":"https:\/\/miumjau.ee\/wp-content\/uploads\/2023\/09\/charlotte-134-hall-kassi-kraapimispuu-1.jpg","width":600,"height":800},{"@type":"BreadcrumbList","@id":"https:\/\/miumjau.ee\/lv\/produkts\/kaku-skrapesanas-koks-petrebels-charlotte-134-peleks\/#breadcrumb","itemListElement":[{"@type":"ListItem","position":1,"name":"Home","item":"https:\/\/miumjau.ee\/lv\/"},{"@type":"ListItem","position":2,"name":"Veikals","item":"https:\/\/miumjau.ee\/lv\/veikals\/"},{"@type":"ListItem","position":3,"name":"Ka\u010di\u0173 draskykl\u0117 Petrebels Charlotte 134, peleks"}]},{"@type":"WebSite","@id":"https:\/\/miumjau.ee\/#website","url":"https:\/\/miumjau.ee\/","name":"MiuMjau","description":"Kraapimispuud kassidele","publisher":{"@id":"https:\/\/miumjau.ee\/#organization"},"potentialAction":[{"@type":"SearchAction","target":{"@type":"EntryPoint","urlTemplate":"https:\/\/miumjau.ee\/?s={search_term_string}"},"query-input":{"@type":"PropertyValueSpecification","valueRequired":true,"valueName":"search_term_string"}}],"inLanguage":"lv-LV"},{"@type":"Organization","@id":"https:\/\/miumjau.ee\/#organization","name":"MiuMjau O\u00dc","url":"https:\/\/miumjau.ee\/","logo":{"@type":"ImageObject","inLanguage":"lv-LV","@id":"https:\/\/miumjau.ee\/#\/schema\/logo\/image\/","url":"https:\/\/miumjau.ee\/wp-content\/uploads\/2022\/04\/MiuMjau-logo-kollane.png","contentUrl":"https:\/\/miumjau.ee\/wp-content\/uploads\/2022\/04\/MiuMjau-logo-kollane.png","width":219,"height":100,"caption":"MiuMjau O\u00dc"},"image":{"@id":"https:\/\/miumjau.ee\/#\/schema\/logo\/image\/"},"sameAs":["https:\/\/www.facebook.com\/miumjaupood\/"]}]}},"_links":{"self":[{"href":"https:\/\/miumjau.ee\/lv\/wp-json\/wp\/v2\/product\/50593","targetHints":{"allow":["GET"]}}],"collection":[{"href":"https:\/\/miumjau.ee\/lv\/wp-json\/wp\/v2\/product"}],"about":[{"href":"https:\/\/miumjau.ee\/lv\/wp-json\/wp\/v2\/types\/product"}],"wp:featuredmedia":[{"embeddable":true,"href":"https:\/\/miumjau.ee\/lv\/wp-json\/wp\/v2\/media\/50594"}],"wp:attachment":[{"href":"https:\/\/miumjau.ee\/lv\/wp-json\/wp\/v2\/media?parent=50593"}],"wp:term":[{"taxonomy":"product_brand","embeddable":true,"href":"https:\/\/miumjau.ee\/lv\/wp-json\/wp\/v2\/product_brand?post=50593"},{"taxonomy":"product_cat","embeddable":true,"href":"https:\/\/miumjau.ee\/lv\/wp-json\/wp\/v2\/product_cat?post=50593"},{"taxonomy":"product_tag","embeddable":true,"href":"https:\/\/miumjau.ee\/lv\/wp-json\/wp\/v2\/product_tag?post=50593"}],"curies":[{"name":"wp","href":"https:\/\/api.w.org\/{rel}","templated":true}]}}