{"id":50542,"date":"2023-09-13T18:31:09","date_gmt":"2023-09-13T15:31:09","guid":{"rendered":"https:\/\/miumjau.ee\/toode\/kaku-skrapesanas-koks-petrebels-catharina-160-krems\/"},"modified":"2026-01-07T21:14:02","modified_gmt":"2026-01-07T19:14:02","slug":"kaku-skrapesanas-koks-petrebels-catharina-160-krems","status":"publish","type":"product","link":"https:\/\/miumjau.ee\/lv\/produkts\/kaku-skrapesanas-koks-petrebels-catharina-160-krems\/","title":{"rendered":"Ka\u0137u skr\u0101p\u0113\u0161anas koks Petrebels Catharina 160, kr\u0113ms"},"content":{"rendered":"","protected":false},"excerpt":{"rendered":"<p data-start=\"60\" data-end=\"306\">Skr\u0101p\u0113\u0161anas koks <strong data-start=\"77\" data-end=\"94\">Catharina 160<\/strong> ir izstr\u0101d\u0101ts \u012bpa\u0161i m\u0101j\u0101m, kur ir maz br\u012bvas gr\u012bdas vietas. Sav\u0101 tr\u012bsst\u016brveida form\u0101 tas ir ide\u0101li piem\u0113rots st\u016br\u012b novieto\u0161anai.<br data-start=\"223\" data-end=\"226\" \/>Piem\u0113rots ka\u0137\u0113niem un maz\u0101ka izm\u0113ra ka\u0137iem. Nav piem\u0113rots \u013coti smagiem ka\u0137iem.<\/p>\n<p data-start=\"308\" data-end=\"529\">Izm\u0113ri: 60 \u00d7 60\u202fcm, augstums 160\u202fcm<br data-start=\"343\" data-end=\"346\" \/>M\u0101ji\u0146a: ekstra liela, visa pamatne 60 \u00d7 60\u202fcm, augstums 30\u202fcm<br data-start=\"407\" data-end=\"410\" \/>Izvirz\u012bt\u0101s gu\u013cvietas: 45 \u00d7 45\u202fcm, ar lielu slodzes kapacit\u0101ti<br data-start=\"471\" data-end=\"474\" \/>Aug\u0161\u0113j\u0101 atp\u016btas platforma: 60 \u00d7 60\u202fcm (tr\u012bsst\u016brveida)<\/p>\n<p data-start=\"531\" data-end=\"618\">Piez\u012bme: m\u0101ji\u0146\u0101 eso\u0161ais m\u012bkstais spilvens ir mazg\u0101jams ve\u013casma\u0161\u012bn\u0101 30\u202f\u00b0C temperat\u016br\u0101.<\/p>\n<p data-start=\"620\" data-end=\"725\">Produkts tiek pieg\u0101d\u0101ts divos iepakojumos, kop\u0113jais svars: 35\u202fkg<br data-start=\"684\" data-end=\"687\" \/>Produkta svars bez iepakojuma: 33\u202fkg<\/p>\n<p data-start=\"727\" data-end=\"837\" data-is-last-node=\"\" data-is-only-node=\"\">Produkts ir <strong data-start=\"739\" data-end=\"757\">CE sertific\u0113ts<\/strong>, ra\u017eot\u0101js: N\u012bderlandes kvalit\u0101tes z\u012bmols <strong data-start=\"799\" data-end=\"812\">PETREBELS<\/strong>. M\u0113s ieguld\u0101m kvalit\u0101t\u0113!<\/p>\n","protected":false},"featured_media":50552,"template":"","meta":[],"product_brand":[],"product_cat":[582],"product_tag":[],"class_list":{"0":"post-50542","1":"product","2":"type-product","3":"status-publish","4":"has-post-thumbnail","6":"product_cat-videji-skrapesanas-koki-petrebels","7":"product_shipping_class-pakiautomaati-sobimatu-lv","9":"first","10":"instock","11":"sale","12":"taxable","13":"shipping-taxable","14":"purchasable","15":"product-type-simple"},"yoast_head":"<!-- This site is optimized with the Yoast SEO plugin v27.2 - https:\/\/yoast.com\/product\/yoast-seo-wordpress\/ -->\n<title>Ka\u0137u skr\u0101p\u0113\u0161anas koks Petrebels Catharina 160, kr\u0113ms - MiuMjau<\/title>\n<meta name=\"robots\" content=\"index, follow, max-snippet:-1, max-image-preview:large, max-video-preview:-1\" \/>\n<link rel=\"canonical\" href=\"https:\/\/miumjau.ee\/lv\/produkts\/kaku-skrapesanas-koks-petrebels-catharina-160-krems\/\" \/>\n<meta property=\"og:locale\" content=\"lv_LV\" \/>\n<meta property=\"og:type\" content=\"article\" \/>\n<meta property=\"og:title\" content=\"Ka\u0137u skr\u0101p\u0113\u0161anas koks Petrebels Catharina 160, kr\u0113ms - MiuMjau\" \/>\n<meta property=\"og:description\" content=\"Skr\u0101p\u0113\u0161anas koks Catharina 160 ir izstr\u0101d\u0101ts \u012bpa\u0161i m\u0101j\u0101m, kur ir maz br\u012bvas gr\u012bdas vietas. Sav\u0101 tr\u012bsst\u016brveida form\u0101 tas ir ide\u0101li piem\u0113rots st\u016br\u012b novieto\u0161anai.Piem\u0113rots ka\u0137\u0113niem un maz\u0101ka izm\u0113ra ka\u0137iem. Nav piem\u0113rots \u013coti smagiem ka\u0137iem. Izm\u0113ri: 60 \u00d7 60\u202fcm, augstums 160\u202fcmM\u0101ji\u0146a: ekstra liela, visa pamatne 60 \u00d7 60\u202fcm, augstums 30\u202fcmIzvirz\u012bt\u0101s gu\u013cvietas: 45 \u00d7 45\u202fcm, ar lielu slodzes kapacit\u0101tiAug\u0161\u0113j\u0101 atp\u016btas platforma: 60 \u00d7 60\u202fcm (tr\u012bsst\u016brveida) Piez\u012bme: m\u0101ji\u0146\u0101 eso\u0161ais m\u012bkstais spilvens ir mazg\u0101jams ve\u013casma\u0161\u012bn\u0101 30\u202f\u00b0C temperat\u016br\u0101. Produkts tiek pieg\u0101d\u0101ts divos iepakojumos, kop\u0113jais svars: 35\u202fkgProdukta svars bez iepakojuma: 33\u202fkg Produkts ir CE sertific\u0113ts, ra\u017eot\u0101js: N\u012bderlandes kvalit\u0101tes z\u012bmols PETREBELS. M\u0113s ieguld\u0101m kvalit\u0101t\u0113!\" \/>\n<meta property=\"og:url\" content=\"https:\/\/miumjau.ee\/lv\/produkts\/kaku-skrapesanas-koks-petrebels-catharina-160-krems\/\" \/>\n<meta property=\"og:site_name\" content=\"MiuMjau\" \/>\n<meta property=\"article:publisher\" content=\"https:\/\/www.facebook.com\/miumjaupood\/\" \/>\n<meta property=\"article:modified_time\" content=\"2026-01-07T19:14:02+00:00\" \/>\n<meta property=\"og:image\" content=\"https:\/\/miumjau.ee\/wp-content\/uploads\/2023\/09\/catharina-160-kreem-kassi-kraapimispuu-1.jpg\" \/>\n\t<meta property=\"og:image:width\" content=\"600\" \/>\n\t<meta property=\"og:image:height\" content=\"800\" \/>\n\t<meta property=\"og:image:type\" content=\"image\/jpeg\" \/>\n<meta name=\"twitter:card\" content=\"summary_large_image\" \/>\n<script type=\"application\/ld+json\" class=\"yoast-schema-graph\">{\"@context\":\"https:\/\/schema.org\",\"@graph\":[{\"@type\":\"WebPage\",\"@id\":\"https:\/\/miumjau.ee\/lv\/produkts\/kaku-skrapesanas-koks-petrebels-catharina-160-krems\/\",\"url\":\"https:\/\/miumjau.ee\/lv\/produkts\/kaku-skrapesanas-koks-petrebels-catharina-160-krems\/\",\"name\":\"Ka\u0137u skr\u0101p\u0113\u0161anas koks Petrebels Catharina 160, kr\u0113ms - MiuMjau\",\"isPartOf\":{\"@id\":\"https:\/\/miumjau.ee\/#website\"},\"primaryImageOfPage\":{\"@id\":\"https:\/\/miumjau.ee\/lv\/produkts\/kaku-skrapesanas-koks-petrebels-catharina-160-krems\/#primaryimage\"},\"image\":{\"@id\":\"https:\/\/miumjau.ee\/lv\/produkts\/kaku-skrapesanas-koks-petrebels-catharina-160-krems\/#primaryimage\"},\"thumbnailUrl\":\"https:\/\/miumjau.ee\/wp-content\/uploads\/2023\/09\/catharina-160-kreem-kassi-kraapimispuu-1.jpg\",\"datePublished\":\"2023-09-13T15:31:09+00:00\",\"dateModified\":\"2026-01-07T19:14:02+00:00\",\"breadcrumb\":{\"@id\":\"https:\/\/miumjau.ee\/lv\/produkts\/kaku-skrapesanas-koks-petrebels-catharina-160-krems\/#breadcrumb\"},\"inLanguage\":\"lv-LV\",\"potentialAction\":[{\"@type\":\"ReadAction\",\"target\":[\"https:\/\/miumjau.ee\/lv\/produkts\/kaku-skrapesanas-koks-petrebels-catharina-160-krems\/\"]}]},{\"@type\":\"ImageObject\",\"inLanguage\":\"lv-LV\",\"@id\":\"https:\/\/miumjau.ee\/lv\/produkts\/kaku-skrapesanas-koks-petrebels-catharina-160-krems\/#primaryimage\",\"url\":\"https:\/\/miumjau.ee\/wp-content\/uploads\/2023\/09\/catharina-160-kreem-kassi-kraapimispuu-1.jpg\",\"contentUrl\":\"https:\/\/miumjau.ee\/wp-content\/uploads\/2023\/09\/catharina-160-kreem-kassi-kraapimispuu-1.jpg\",\"width\":600,\"height\":800},{\"@type\":\"BreadcrumbList\",\"@id\":\"https:\/\/miumjau.ee\/lv\/produkts\/kaku-skrapesanas-koks-petrebels-catharina-160-krems\/#breadcrumb\",\"itemListElement\":[{\"@type\":\"ListItem\",\"position\":1,\"name\":\"Home\",\"item\":\"https:\/\/miumjau.ee\/lv\/\"},{\"@type\":\"ListItem\",\"position\":2,\"name\":\"Veikals\",\"item\":\"https:\/\/miumjau.ee\/lv\/veikals\/\"},{\"@type\":\"ListItem\",\"position\":3,\"name\":\"Ka\u0137u skr\u0101p\u0113\u0161anas koks Petrebels Catharina 160, kr\u0113ms\"}]},{\"@type\":\"WebSite\",\"@id\":\"https:\/\/miumjau.ee\/#website\",\"url\":\"https:\/\/miumjau.ee\/\",\"name\":\"MiuMjau\",\"description\":\"Kraapimispuud kassidele\",\"publisher\":{\"@id\":\"https:\/\/miumjau.ee\/#organization\"},\"potentialAction\":[{\"@type\":\"SearchAction\",\"target\":{\"@type\":\"EntryPoint\",\"urlTemplate\":\"https:\/\/miumjau.ee\/?s={search_term_string}\"},\"query-input\":{\"@type\":\"PropertyValueSpecification\",\"valueRequired\":true,\"valueName\":\"search_term_string\"}}],\"inLanguage\":\"lv-LV\"},{\"@type\":\"Organization\",\"@id\":\"https:\/\/miumjau.ee\/#organization\",\"name\":\"MiuMjau O\u00dc\",\"url\":\"https:\/\/miumjau.ee\/\",\"logo\":{\"@type\":\"ImageObject\",\"inLanguage\":\"lv-LV\",\"@id\":\"https:\/\/miumjau.ee\/#\/schema\/logo\/image\/\",\"url\":\"https:\/\/miumjau.ee\/wp-content\/uploads\/2022\/04\/MiuMjau-logo-kollane.png\",\"contentUrl\":\"https:\/\/miumjau.ee\/wp-content\/uploads\/2022\/04\/MiuMjau-logo-kollane.png\",\"width\":219,\"height\":100,\"caption\":\"MiuMjau O\u00dc\"},\"image\":{\"@id\":\"https:\/\/miumjau.ee\/#\/schema\/logo\/image\/\"},\"sameAs\":[\"https:\/\/www.facebook.com\/miumjaupood\/\"]}]}<\/script>\n<!-- \/ Yoast SEO plugin. -->","yoast_head_json":{"title":"Ka\u0137u skr\u0101p\u0113\u0161anas koks Petrebels Catharina 160, kr\u0113ms - MiuMjau","robots":{"index":"index","follow":"follow","max-snippet":"max-snippet:-1","max-image-preview":"max-image-preview:large","max-video-preview":"max-video-preview:-1"},"canonical":"https:\/\/miumjau.ee\/lv\/produkts\/kaku-skrapesanas-koks-petrebels-catharina-160-krems\/","og_locale":"lv_LV","og_type":"article","og_title":"Ka\u0137u skr\u0101p\u0113\u0161anas koks Petrebels Catharina 160, kr\u0113ms - MiuMjau","og_description":"Skr\u0101p\u0113\u0161anas koks Catharina 160 ir izstr\u0101d\u0101ts \u012bpa\u0161i m\u0101j\u0101m, kur ir maz br\u012bvas gr\u012bdas vietas. Sav\u0101 tr\u012bsst\u016brveida form\u0101 tas ir ide\u0101li piem\u0113rots st\u016br\u012b novieto\u0161anai.Piem\u0113rots ka\u0137\u0113niem un maz\u0101ka izm\u0113ra ka\u0137iem. Nav piem\u0113rots \u013coti smagiem ka\u0137iem. Izm\u0113ri: 60 \u00d7 60\u202fcm, augstums 160\u202fcmM\u0101ji\u0146a: ekstra liela, visa pamatne 60 \u00d7 60\u202fcm, augstums 30\u202fcmIzvirz\u012bt\u0101s gu\u013cvietas: 45 \u00d7 45\u202fcm, ar lielu slodzes kapacit\u0101tiAug\u0161\u0113j\u0101 atp\u016btas platforma: 60 \u00d7 60\u202fcm (tr\u012bsst\u016brveida) Piez\u012bme: m\u0101ji\u0146\u0101 eso\u0161ais m\u012bkstais spilvens ir mazg\u0101jams ve\u013casma\u0161\u012bn\u0101 30\u202f\u00b0C temperat\u016br\u0101. Produkts tiek pieg\u0101d\u0101ts divos iepakojumos, kop\u0113jais svars: 35\u202fkgProdukta svars bez iepakojuma: 33\u202fkg Produkts ir CE sertific\u0113ts, ra\u017eot\u0101js: N\u012bderlandes kvalit\u0101tes z\u012bmols PETREBELS. M\u0113s ieguld\u0101m kvalit\u0101t\u0113!","og_url":"https:\/\/miumjau.ee\/lv\/produkts\/kaku-skrapesanas-koks-petrebels-catharina-160-krems\/","og_site_name":"MiuMjau","article_publisher":"https:\/\/www.facebook.com\/miumjaupood\/","article_modified_time":"2026-01-07T19:14:02+00:00","og_image":[{"width":600,"height":800,"url":"https:\/\/miumjau.ee\/wp-content\/uploads\/2023\/09\/catharina-160-kreem-kassi-kraapimispuu-1.jpg","type":"image\/jpeg"}],"twitter_card":"summary_large_image","schema":{"@context":"https:\/\/schema.org","@graph":[{"@type":"WebPage","@id":"https:\/\/miumjau.ee\/lv\/produkts\/kaku-skrapesanas-koks-petrebels-catharina-160-krems\/","url":"https:\/\/miumjau.ee\/lv\/produkts\/kaku-skrapesanas-koks-petrebels-catharina-160-krems\/","name":"Ka\u0137u skr\u0101p\u0113\u0161anas koks Petrebels Catharina 160, kr\u0113ms - MiuMjau","isPartOf":{"@id":"https:\/\/miumjau.ee\/#website"},"primaryImageOfPage":{"@id":"https:\/\/miumjau.ee\/lv\/produkts\/kaku-skrapesanas-koks-petrebels-catharina-160-krems\/#primaryimage"},"image":{"@id":"https:\/\/miumjau.ee\/lv\/produkts\/kaku-skrapesanas-koks-petrebels-catharina-160-krems\/#primaryimage"},"thumbnailUrl":"https:\/\/miumjau.ee\/wp-content\/uploads\/2023\/09\/catharina-160-kreem-kassi-kraapimispuu-1.jpg","datePublished":"2023-09-13T15:31:09+00:00","dateModified":"2026-01-07T19:14:02+00:00","breadcrumb":{"@id":"https:\/\/miumjau.ee\/lv\/produkts\/kaku-skrapesanas-koks-petrebels-catharina-160-krems\/#breadcrumb"},"inLanguage":"lv-LV","potentialAction":[{"@type":"ReadAction","target":["https:\/\/miumjau.ee\/lv\/produkts\/kaku-skrapesanas-koks-petrebels-catharina-160-krems\/"]}]},{"@type":"ImageObject","inLanguage":"lv-LV","@id":"https:\/\/miumjau.ee\/lv\/produkts\/kaku-skrapesanas-koks-petrebels-catharina-160-krems\/#primaryimage","url":"https:\/\/miumjau.ee\/wp-content\/uploads\/2023\/09\/catharina-160-kreem-kassi-kraapimispuu-1.jpg","contentUrl":"https:\/\/miumjau.ee\/wp-content\/uploads\/2023\/09\/catharina-160-kreem-kassi-kraapimispuu-1.jpg","width":600,"height":800},{"@type":"BreadcrumbList","@id":"https:\/\/miumjau.ee\/lv\/produkts\/kaku-skrapesanas-koks-petrebels-catharina-160-krems\/#breadcrumb","itemListElement":[{"@type":"ListItem","position":1,"name":"Home","item":"https:\/\/miumjau.ee\/lv\/"},{"@type":"ListItem","position":2,"name":"Veikals","item":"https:\/\/miumjau.ee\/lv\/veikals\/"},{"@type":"ListItem","position":3,"name":"Ka\u0137u skr\u0101p\u0113\u0161anas koks Petrebels Catharina 160, kr\u0113ms"}]},{"@type":"WebSite","@id":"https:\/\/miumjau.ee\/#website","url":"https:\/\/miumjau.ee\/","name":"MiuMjau","description":"Kraapimispuud kassidele","publisher":{"@id":"https:\/\/miumjau.ee\/#organization"},"potentialAction":[{"@type":"SearchAction","target":{"@type":"EntryPoint","urlTemplate":"https:\/\/miumjau.ee\/?s={search_term_string}"},"query-input":{"@type":"PropertyValueSpecification","valueRequired":true,"valueName":"search_term_string"}}],"inLanguage":"lv-LV"},{"@type":"Organization","@id":"https:\/\/miumjau.ee\/#organization","name":"MiuMjau O\u00dc","url":"https:\/\/miumjau.ee\/","logo":{"@type":"ImageObject","inLanguage":"lv-LV","@id":"https:\/\/miumjau.ee\/#\/schema\/logo\/image\/","url":"https:\/\/miumjau.ee\/wp-content\/uploads\/2022\/04\/MiuMjau-logo-kollane.png","contentUrl":"https:\/\/miumjau.ee\/wp-content\/uploads\/2022\/04\/MiuMjau-logo-kollane.png","width":219,"height":100,"caption":"MiuMjau O\u00dc"},"image":{"@id":"https:\/\/miumjau.ee\/#\/schema\/logo\/image\/"},"sameAs":["https:\/\/www.facebook.com\/miumjaupood\/"]}]}},"_links":{"self":[{"href":"https:\/\/miumjau.ee\/lv\/wp-json\/wp\/v2\/product\/50542","targetHints":{"allow":["GET"]}}],"collection":[{"href":"https:\/\/miumjau.ee\/lv\/wp-json\/wp\/v2\/product"}],"about":[{"href":"https:\/\/miumjau.ee\/lv\/wp-json\/wp\/v2\/types\/product"}],"wp:featuredmedia":[{"embeddable":true,"href":"https:\/\/miumjau.ee\/lv\/wp-json\/wp\/v2\/media\/50552"}],"wp:attachment":[{"href":"https:\/\/miumjau.ee\/lv\/wp-json\/wp\/v2\/media?parent=50542"}],"wp:term":[{"taxonomy":"product_brand","embeddable":true,"href":"https:\/\/miumjau.ee\/lv\/wp-json\/wp\/v2\/product_brand?post=50542"},{"taxonomy":"product_cat","embeddable":true,"href":"https:\/\/miumjau.ee\/lv\/wp-json\/wp\/v2\/product_cat?post=50542"},{"taxonomy":"product_tag","embeddable":true,"href":"https:\/\/miumjau.ee\/lv\/wp-json\/wp\/v2\/product_tag?post=50542"}],"curies":[{"name":"wp","href":"https:\/\/api.w.org\/{rel}","templated":true}]}}