{"id":50534,"date":"2023-09-13T14:52:52","date_gmt":"2023-09-13T11:52:52","guid":{"rendered":"https:\/\/miumjau.ee\/toode\/kaku-skrapesanas-koks-petrebels-ramses-158-peleks\/"},"modified":"2026-01-07T21:14:02","modified_gmt":"2026-01-07T19:14:02","slug":"kaku-skrapesanas-koks-petrebels-ramses-158-peleks","status":"publish","type":"product","link":"https:\/\/miumjau.ee\/lv\/produkts\/kaku-skrapesanas-koks-petrebels-ramses-158-peleks\/","title":{"rendered":"Ka\u0137u skr\u0101p\u0113\u0161anas koks Petrebels Ramses 158, pel\u0113ks"},"content":{"rendered":"","protected":false},"excerpt":{"rendered":"<p data-start=\"58\" data-end=\"630\">Skr\u0101p\u0113\u0161anas koks ir tikpat augsts k\u0101 parasti viesi, \u013caujot ka\u0137im visu v\u0113rot no aug\u0161as. Visi stabi ir piln\u012bb\u0101 p\u0101rkl\u0101ti ar skr\u0101p\u0113\u0161anai piem\u0113rotu sizalu, t\u0101p\u0113c ka\u0137is var skr\u0101p\u0113t cik vien v\u0113las. Da\u017e\u0101das platformas \u013cauj ka\u0137im k\u0101pel\u0113t un l\u0113kt, daudzst\u0101vu m\u0101ji\u0146a nodro\u0161ina klusumu un priv\u0101tumu, bet, ja ka\u0137im nepiecie\u0161ama vair\u0101k izol\u0113ta vieta, tas var izmantot ar\u012b lielo izvirz\u012bto gu\u013cvietu. Jaunie ka\u0137i priec\u0101jas gul\u0113t un sp\u0113l\u0113ties ar\u012b \u0161\u016bpul\u012b zem aug\u0161\u0113j\u0101s platformas. Produkta dizains apvieno kvalit\u0101ti ar kompaktiem izm\u0113riem, neaiz\u0146emot daudz vietas telp\u0101. Moderns un stil\u012bgs!<\/p>\n<p data-start=\"632\" data-end=\"954\">Izm\u0113ri: garums 50\u202fcm, dzi\u013cums 50\u202fcm, augstums 158\u202fcm<br data-start=\"684\" data-end=\"687\" \/>Piem\u0113rots visiem ka\u0137u tipiem<br data-start=\"715\" data-end=\"718\" \/>Aug\u0161pus\u0113 ir ekstra liela platforma, ko ka\u0137i izmanto k\u0101 nov\u0113ro\u0161anas torni<br data-start=\"790\" data-end=\"793\" \/>Bieza pamatne (4\u202fcm) nodro\u0161ina stabilit\u0101ti<br data-start=\"835\" data-end=\"838\" \/>Produkta svars ar iepakojumu: 34\u202fkg<br data-start=\"873\" data-end=\"876\" \/>Produkta svars bez iepakojuma: 31,6\u202fkg<br data-start=\"914\" data-end=\"917\" \/>Produkta pieg\u0101de: divos iepakojumos<\/p>\n<p data-start=\"956\" data-end=\"1066\" data-is-last-node=\"\" data-is-only-node=\"\">Produkts ir <strong data-start=\"968\" data-end=\"986\">CE sertific\u0113ts<\/strong>, ra\u017eot\u0101js: N\u012bderlandes kvalit\u0101tes z\u012bmols <strong data-start=\"1028\" data-end=\"1041\">PETREBELS<\/strong>. M\u0113s ieguld\u0101m kvalit\u0101t\u0113!<\/p>\n","protected":false},"featured_media":50535,"template":"","meta":[],"product_brand":[],"product_cat":[582,573],"product_tag":[],"class_list":{"0":"post-50534","1":"product","2":"type-product","3":"status-publish","4":"has-post-thumbnail","6":"product_cat-videji-skrapesanas-koki-petrebels","7":"product_cat-kaup24-lv","8":"product_shipping_class-pakiautomaati-sobimatu-lv","10":"first","11":"outofstock","12":"sale","13":"taxable","14":"shipping-taxable","15":"purchasable","16":"product-type-simple"},"yoast_head":"<!-- This site is optimized with the Yoast SEO plugin v27.2 - https:\/\/yoast.com\/product\/yoast-seo-wordpress\/ -->\n<title>Ka\u0137u skr\u0101p\u0113\u0161anas koks Petrebels Ramses 158, pel\u0113ks - MiuMjau<\/title>\n<meta name=\"robots\" content=\"index, follow, max-snippet:-1, max-image-preview:large, max-video-preview:-1\" \/>\n<link rel=\"canonical\" href=\"https:\/\/miumjau.ee\/lv\/produkts\/kaku-skrapesanas-koks-petrebels-ramses-158-peleks\/\" \/>\n<meta property=\"og:locale\" content=\"lv_LV\" \/>\n<meta property=\"og:type\" content=\"article\" \/>\n<meta property=\"og:title\" content=\"Ka\u0137u skr\u0101p\u0113\u0161anas koks Petrebels Ramses 158, pel\u0113ks - MiuMjau\" \/>\n<meta property=\"og:description\" content=\"Skr\u0101p\u0113\u0161anas koks ir tikpat augsts k\u0101 parasti viesi, \u013caujot ka\u0137im visu v\u0113rot no aug\u0161as. Visi stabi ir piln\u012bb\u0101 p\u0101rkl\u0101ti ar skr\u0101p\u0113\u0161anai piem\u0113rotu sizalu, t\u0101p\u0113c ka\u0137is var skr\u0101p\u0113t cik vien v\u0113las. Da\u017e\u0101das platformas \u013cauj ka\u0137im k\u0101pel\u0113t un l\u0113kt, daudzst\u0101vu m\u0101ji\u0146a nodro\u0161ina klusumu un priv\u0101tumu, bet, ja ka\u0137im nepiecie\u0161ama vair\u0101k izol\u0113ta vieta, tas var izmantot ar\u012b lielo izvirz\u012bto gu\u013cvietu. Jaunie ka\u0137i priec\u0101jas gul\u0113t un sp\u0113l\u0113ties ar\u012b \u0161\u016bpul\u012b zem aug\u0161\u0113j\u0101s platformas. Produkta dizains apvieno kvalit\u0101ti ar kompaktiem izm\u0113riem, neaiz\u0146emot daudz vietas telp\u0101. Moderns un stil\u012bgs! Izm\u0113ri: garums 50\u202fcm, dzi\u013cums 50\u202fcm, augstums 158\u202fcmPiem\u0113rots visiem ka\u0137u tipiemAug\u0161pus\u0113 ir ekstra liela platforma, ko ka\u0137i izmanto k\u0101 nov\u0113ro\u0161anas torniBieza pamatne (4\u202fcm) nodro\u0161ina stabilit\u0101tiProdukta svars ar iepakojumu: 34\u202fkgProdukta svars bez iepakojuma: 31,6\u202fkgProdukta pieg\u0101de: divos iepakojumos Produkts ir CE sertific\u0113ts, ra\u017eot\u0101js: N\u012bderlandes kvalit\u0101tes z\u012bmols PETREBELS. M\u0113s ieguld\u0101m kvalit\u0101t\u0113!\" \/>\n<meta property=\"og:url\" content=\"https:\/\/miumjau.ee\/lv\/produkts\/kaku-skrapesanas-koks-petrebels-ramses-158-peleks\/\" \/>\n<meta property=\"og:site_name\" content=\"MiuMjau\" \/>\n<meta property=\"article:publisher\" content=\"https:\/\/www.facebook.com\/miumjaupood\/\" \/>\n<meta property=\"article:modified_time\" content=\"2026-01-07T19:14:02+00:00\" \/>\n<meta property=\"og:image\" content=\"https:\/\/miumjau.ee\/wp-content\/uploads\/2023\/09\/ramses-158-hall-kassi-kraapimispuu-1.jpg\" \/>\n\t<meta property=\"og:image:width\" content=\"600\" \/>\n\t<meta property=\"og:image:height\" content=\"800\" \/>\n\t<meta property=\"og:image:type\" content=\"image\/jpeg\" \/>\n<meta name=\"twitter:card\" content=\"summary_large_image\" \/>\n<script type=\"application\/ld+json\" class=\"yoast-schema-graph\">{\"@context\":\"https:\/\/schema.org\",\"@graph\":[{\"@type\":\"WebPage\",\"@id\":\"https:\/\/miumjau.ee\/lv\/produkts\/kaku-skrapesanas-koks-petrebels-ramses-158-peleks\/\",\"url\":\"https:\/\/miumjau.ee\/lv\/produkts\/kaku-skrapesanas-koks-petrebels-ramses-158-peleks\/\",\"name\":\"Ka\u0137u skr\u0101p\u0113\u0161anas koks Petrebels Ramses 158, pel\u0113ks - MiuMjau\",\"isPartOf\":{\"@id\":\"https:\/\/miumjau.ee\/#website\"},\"primaryImageOfPage\":{\"@id\":\"https:\/\/miumjau.ee\/lv\/produkts\/kaku-skrapesanas-koks-petrebels-ramses-158-peleks\/#primaryimage\"},\"image\":{\"@id\":\"https:\/\/miumjau.ee\/lv\/produkts\/kaku-skrapesanas-koks-petrebels-ramses-158-peleks\/#primaryimage\"},\"thumbnailUrl\":\"https:\/\/miumjau.ee\/wp-content\/uploads\/2023\/09\/ramses-158-hall-kassi-kraapimispuu-1.jpg\",\"datePublished\":\"2023-09-13T11:52:52+00:00\",\"dateModified\":\"2026-01-07T19:14:02+00:00\",\"breadcrumb\":{\"@id\":\"https:\/\/miumjau.ee\/lv\/produkts\/kaku-skrapesanas-koks-petrebels-ramses-158-peleks\/#breadcrumb\"},\"inLanguage\":\"lv-LV\",\"potentialAction\":[{\"@type\":\"ReadAction\",\"target\":[\"https:\/\/miumjau.ee\/lv\/produkts\/kaku-skrapesanas-koks-petrebels-ramses-158-peleks\/\"]}]},{\"@type\":\"ImageObject\",\"inLanguage\":\"lv-LV\",\"@id\":\"https:\/\/miumjau.ee\/lv\/produkts\/kaku-skrapesanas-koks-petrebels-ramses-158-peleks\/#primaryimage\",\"url\":\"https:\/\/miumjau.ee\/wp-content\/uploads\/2023\/09\/ramses-158-hall-kassi-kraapimispuu-1.jpg\",\"contentUrl\":\"https:\/\/miumjau.ee\/wp-content\/uploads\/2023\/09\/ramses-158-hall-kassi-kraapimispuu-1.jpg\",\"width\":600,\"height\":800},{\"@type\":\"BreadcrumbList\",\"@id\":\"https:\/\/miumjau.ee\/lv\/produkts\/kaku-skrapesanas-koks-petrebels-ramses-158-peleks\/#breadcrumb\",\"itemListElement\":[{\"@type\":\"ListItem\",\"position\":1,\"name\":\"Home\",\"item\":\"https:\/\/miumjau.ee\/lv\/\"},{\"@type\":\"ListItem\",\"position\":2,\"name\":\"Veikals\",\"item\":\"https:\/\/miumjau.ee\/lv\/veikals\/\"},{\"@type\":\"ListItem\",\"position\":3,\"name\":\"Ka\u0137u skr\u0101p\u0113\u0161anas koks Petrebels Ramses 158, pel\u0113ks\"}]},{\"@type\":\"WebSite\",\"@id\":\"https:\/\/miumjau.ee\/#website\",\"url\":\"https:\/\/miumjau.ee\/\",\"name\":\"MiuMjau\",\"description\":\"Kraapimispuud kassidele\",\"publisher\":{\"@id\":\"https:\/\/miumjau.ee\/#organization\"},\"potentialAction\":[{\"@type\":\"SearchAction\",\"target\":{\"@type\":\"EntryPoint\",\"urlTemplate\":\"https:\/\/miumjau.ee\/?s={search_term_string}\"},\"query-input\":{\"@type\":\"PropertyValueSpecification\",\"valueRequired\":true,\"valueName\":\"search_term_string\"}}],\"inLanguage\":\"lv-LV\"},{\"@type\":\"Organization\",\"@id\":\"https:\/\/miumjau.ee\/#organization\",\"name\":\"MiuMjau O\u00dc\",\"url\":\"https:\/\/miumjau.ee\/\",\"logo\":{\"@type\":\"ImageObject\",\"inLanguage\":\"lv-LV\",\"@id\":\"https:\/\/miumjau.ee\/#\/schema\/logo\/image\/\",\"url\":\"https:\/\/miumjau.ee\/wp-content\/uploads\/2022\/04\/MiuMjau-logo-kollane.png\",\"contentUrl\":\"https:\/\/miumjau.ee\/wp-content\/uploads\/2022\/04\/MiuMjau-logo-kollane.png\",\"width\":219,\"height\":100,\"caption\":\"MiuMjau O\u00dc\"},\"image\":{\"@id\":\"https:\/\/miumjau.ee\/#\/schema\/logo\/image\/\"},\"sameAs\":[\"https:\/\/www.facebook.com\/miumjaupood\/\"]}]}<\/script>\n<!-- \/ Yoast SEO plugin. -->","yoast_head_json":{"title":"Ka\u0137u skr\u0101p\u0113\u0161anas koks Petrebels Ramses 158, pel\u0113ks - MiuMjau","robots":{"index":"index","follow":"follow","max-snippet":"max-snippet:-1","max-image-preview":"max-image-preview:large","max-video-preview":"max-video-preview:-1"},"canonical":"https:\/\/miumjau.ee\/lv\/produkts\/kaku-skrapesanas-koks-petrebels-ramses-158-peleks\/","og_locale":"lv_LV","og_type":"article","og_title":"Ka\u0137u skr\u0101p\u0113\u0161anas koks Petrebels Ramses 158, pel\u0113ks - MiuMjau","og_description":"Skr\u0101p\u0113\u0161anas koks ir tikpat augsts k\u0101 parasti viesi, \u013caujot ka\u0137im visu v\u0113rot no aug\u0161as. Visi stabi ir piln\u012bb\u0101 p\u0101rkl\u0101ti ar skr\u0101p\u0113\u0161anai piem\u0113rotu sizalu, t\u0101p\u0113c ka\u0137is var skr\u0101p\u0113t cik vien v\u0113las. Da\u017e\u0101das platformas \u013cauj ka\u0137im k\u0101pel\u0113t un l\u0113kt, daudzst\u0101vu m\u0101ji\u0146a nodro\u0161ina klusumu un priv\u0101tumu, bet, ja ka\u0137im nepiecie\u0161ama vair\u0101k izol\u0113ta vieta, tas var izmantot ar\u012b lielo izvirz\u012bto gu\u013cvietu. Jaunie ka\u0137i priec\u0101jas gul\u0113t un sp\u0113l\u0113ties ar\u012b \u0161\u016bpul\u012b zem aug\u0161\u0113j\u0101s platformas. Produkta dizains apvieno kvalit\u0101ti ar kompaktiem izm\u0113riem, neaiz\u0146emot daudz vietas telp\u0101. Moderns un stil\u012bgs! Izm\u0113ri: garums 50\u202fcm, dzi\u013cums 50\u202fcm, augstums 158\u202fcmPiem\u0113rots visiem ka\u0137u tipiemAug\u0161pus\u0113 ir ekstra liela platforma, ko ka\u0137i izmanto k\u0101 nov\u0113ro\u0161anas torniBieza pamatne (4\u202fcm) nodro\u0161ina stabilit\u0101tiProdukta svars ar iepakojumu: 34\u202fkgProdukta svars bez iepakojuma: 31,6\u202fkgProdukta pieg\u0101de: divos iepakojumos Produkts ir CE sertific\u0113ts, ra\u017eot\u0101js: N\u012bderlandes kvalit\u0101tes z\u012bmols PETREBELS. M\u0113s ieguld\u0101m kvalit\u0101t\u0113!","og_url":"https:\/\/miumjau.ee\/lv\/produkts\/kaku-skrapesanas-koks-petrebels-ramses-158-peleks\/","og_site_name":"MiuMjau","article_publisher":"https:\/\/www.facebook.com\/miumjaupood\/","article_modified_time":"2026-01-07T19:14:02+00:00","og_image":[{"width":600,"height":800,"url":"https:\/\/miumjau.ee\/wp-content\/uploads\/2023\/09\/ramses-158-hall-kassi-kraapimispuu-1.jpg","type":"image\/jpeg"}],"twitter_card":"summary_large_image","schema":{"@context":"https:\/\/schema.org","@graph":[{"@type":"WebPage","@id":"https:\/\/miumjau.ee\/lv\/produkts\/kaku-skrapesanas-koks-petrebels-ramses-158-peleks\/","url":"https:\/\/miumjau.ee\/lv\/produkts\/kaku-skrapesanas-koks-petrebels-ramses-158-peleks\/","name":"Ka\u0137u skr\u0101p\u0113\u0161anas koks Petrebels Ramses 158, pel\u0113ks - MiuMjau","isPartOf":{"@id":"https:\/\/miumjau.ee\/#website"},"primaryImageOfPage":{"@id":"https:\/\/miumjau.ee\/lv\/produkts\/kaku-skrapesanas-koks-petrebels-ramses-158-peleks\/#primaryimage"},"image":{"@id":"https:\/\/miumjau.ee\/lv\/produkts\/kaku-skrapesanas-koks-petrebels-ramses-158-peleks\/#primaryimage"},"thumbnailUrl":"https:\/\/miumjau.ee\/wp-content\/uploads\/2023\/09\/ramses-158-hall-kassi-kraapimispuu-1.jpg","datePublished":"2023-09-13T11:52:52+00:00","dateModified":"2026-01-07T19:14:02+00:00","breadcrumb":{"@id":"https:\/\/miumjau.ee\/lv\/produkts\/kaku-skrapesanas-koks-petrebels-ramses-158-peleks\/#breadcrumb"},"inLanguage":"lv-LV","potentialAction":[{"@type":"ReadAction","target":["https:\/\/miumjau.ee\/lv\/produkts\/kaku-skrapesanas-koks-petrebels-ramses-158-peleks\/"]}]},{"@type":"ImageObject","inLanguage":"lv-LV","@id":"https:\/\/miumjau.ee\/lv\/produkts\/kaku-skrapesanas-koks-petrebels-ramses-158-peleks\/#primaryimage","url":"https:\/\/miumjau.ee\/wp-content\/uploads\/2023\/09\/ramses-158-hall-kassi-kraapimispuu-1.jpg","contentUrl":"https:\/\/miumjau.ee\/wp-content\/uploads\/2023\/09\/ramses-158-hall-kassi-kraapimispuu-1.jpg","width":600,"height":800},{"@type":"BreadcrumbList","@id":"https:\/\/miumjau.ee\/lv\/produkts\/kaku-skrapesanas-koks-petrebels-ramses-158-peleks\/#breadcrumb","itemListElement":[{"@type":"ListItem","position":1,"name":"Home","item":"https:\/\/miumjau.ee\/lv\/"},{"@type":"ListItem","position":2,"name":"Veikals","item":"https:\/\/miumjau.ee\/lv\/veikals\/"},{"@type":"ListItem","position":3,"name":"Ka\u0137u skr\u0101p\u0113\u0161anas koks Petrebels Ramses 158, pel\u0113ks"}]},{"@type":"WebSite","@id":"https:\/\/miumjau.ee\/#website","url":"https:\/\/miumjau.ee\/","name":"MiuMjau","description":"Kraapimispuud kassidele","publisher":{"@id":"https:\/\/miumjau.ee\/#organization"},"potentialAction":[{"@type":"SearchAction","target":{"@type":"EntryPoint","urlTemplate":"https:\/\/miumjau.ee\/?s={search_term_string}"},"query-input":{"@type":"PropertyValueSpecification","valueRequired":true,"valueName":"search_term_string"}}],"inLanguage":"lv-LV"},{"@type":"Organization","@id":"https:\/\/miumjau.ee\/#organization","name":"MiuMjau O\u00dc","url":"https:\/\/miumjau.ee\/","logo":{"@type":"ImageObject","inLanguage":"lv-LV","@id":"https:\/\/miumjau.ee\/#\/schema\/logo\/image\/","url":"https:\/\/miumjau.ee\/wp-content\/uploads\/2022\/04\/MiuMjau-logo-kollane.png","contentUrl":"https:\/\/miumjau.ee\/wp-content\/uploads\/2022\/04\/MiuMjau-logo-kollane.png","width":219,"height":100,"caption":"MiuMjau O\u00dc"},"image":{"@id":"https:\/\/miumjau.ee\/#\/schema\/logo\/image\/"},"sameAs":["https:\/\/www.facebook.com\/miumjaupood\/"]}]}},"_links":{"self":[{"href":"https:\/\/miumjau.ee\/lv\/wp-json\/wp\/v2\/product\/50534","targetHints":{"allow":["GET"]}}],"collection":[{"href":"https:\/\/miumjau.ee\/lv\/wp-json\/wp\/v2\/product"}],"about":[{"href":"https:\/\/miumjau.ee\/lv\/wp-json\/wp\/v2\/types\/product"}],"wp:featuredmedia":[{"embeddable":true,"href":"https:\/\/miumjau.ee\/lv\/wp-json\/wp\/v2\/media\/50535"}],"wp:attachment":[{"href":"https:\/\/miumjau.ee\/lv\/wp-json\/wp\/v2\/media?parent=50534"}],"wp:term":[{"taxonomy":"product_brand","embeddable":true,"href":"https:\/\/miumjau.ee\/lv\/wp-json\/wp\/v2\/product_brand?post=50534"},{"taxonomy":"product_cat","embeddable":true,"href":"https:\/\/miumjau.ee\/lv\/wp-json\/wp\/v2\/product_cat?post=50534"},{"taxonomy":"product_tag","embeddable":true,"href":"https:\/\/miumjau.ee\/lv\/wp-json\/wp\/v2\/product_tag?post=50534"}],"curies":[{"name":"wp","href":"https:\/\/api.w.org\/{rel}","templated":true}]}}