{"id":50522,"date":"2023-09-13T13:12:46","date_gmt":"2023-09-13T10:12:46","guid":{"rendered":"https:\/\/miumjau.ee\/toode\/kaku-skrapesanas-koks-petrebels-scenic-view-175-cappuccino\/"},"modified":"2026-01-07T21:14:02","modified_gmt":"2026-01-07T19:14:02","slug":"kaku-skrapesanas-koks-petrebels-scenic-view-175-cappuccino","status":"publish","type":"product","link":"https:\/\/miumjau.ee\/lv\/produkts\/kaku-skrapesanas-koks-petrebels-scenic-view-175-cappuccino\/","title":{"rendered":"Ka\u0137u skr\u0101p\u0113\u0161anas koks Petrebels Scenic View 175, cappuccino"},"content":{"rendered":"","protected":false},"excerpt":{"rendered":"<p data-start=\"67\" data-end=\"559\">Ka\u0137iem pat\u012bk skr\u0101p\u0113t un, protams, ar\u012b k\u0101pel\u0113t. K\u0101p\u0113c gan nesag\u0101d\u0101t savam m\u012blulim prieku ar Petrebels k\u0101pel\u0113\u0161anas parad\u012bzi? Skr\u0101p\u0113\u0161anas stabi ir biezum\u0101 12\u202fcm un piln\u012bb\u0101 p\u0101rkl\u0101ti ar skr\u0101p\u0113\u0161anai piem\u0113rotu sizalu. Ir vair\u0101ki da\u017e\u0101di l\u012bme\u0146i un platformas, lai j\u016bsu ka\u0137is b\u016btu akt\u012bvs visu dienu. Ka\u0137is noguris no sp\u0113l\u0113\u0161an\u0101s? Nek\u0101du probl\u0113mu! \u0160eit ir da\u017e\u0101di l\u012bme\u0146i, iztur\u012bga izvirz\u012bt\u0101 gu\u013cvieta un apak\u0161\u0101 eso\u0161\u0101 m\u0101ji\u0146a, kas nodro\u0161ina iesp\u0113ju atp\u016bsties un b\u016bt gatavam n\u0101kamajam k\u0101pel\u0113\u0161anas maratonam.<\/p>\n<p data-start=\"561\" data-end=\"799\">Izm\u0113ri: garums 85\u202fcm, platums 50\u202fcm, augstums 175\u202fcm<br data-start=\"613\" data-end=\"616\" \/>Izvirz\u012bt\u0101 gu\u013cvieta: 45 \u00d7 45\u202fcm<br data-start=\"646\" data-end=\"649\" \/>M\u012bksta iek\u0161puse m\u0101ji\u0146\u0101: 45 \u00d7 45\u202fcm, augstums 30\u202fcm<br data-start=\"699\" data-end=\"702\" \/>Extra liela atp\u016btas platforma aug\u0161pus\u0113: 30 \u00d7 50\u202fcm, augstums 8\u202fcm, lai ka\u0137is neg\u0101ztos no gultas<\/p>\n<p data-start=\"801\" data-end=\"867\">Produkts tiek pieg\u0101d\u0101ts divos iepakojumos, kop\u0113jais svars: 43\u202fkg<\/p>\n<ul data-start=\"868\" data-end=\"961\">\n<li data-start=\"868\" data-end=\"914\">\n<p data-start=\"870\" data-end=\"914\">Iepakojums 1: 92 \u00d7 52 \u00d7 26\u202fcm, svars 25\u202fkg<\/p>\n<\/li>\n<li data-start=\"915\" data-end=\"961\">\n<p data-start=\"917\" data-end=\"961\">Iepakojums 2: 53 \u00d7 49 \u00d7 51\u202fcm, svars 18\u202fkg<\/p>\n<\/li>\n<\/ul>\n<p data-start=\"963\" data-end=\"1001\">Produkta svars bez iepakojuma: 41\u202fkg<\/p>\n<p data-start=\"1003\" data-end=\"1113\" data-is-last-node=\"\" data-is-only-node=\"\">Produkts ir <strong data-start=\"1015\" data-end=\"1033\">CE sertific\u0113ts<\/strong>, ra\u017eot\u0101js: N\u012bderlandes kvalit\u0101tes z\u012bmols <strong data-start=\"1075\" data-end=\"1088\">PETREBELS<\/strong>. M\u0113s ieguld\u0101m kvalit\u0101t\u0113!<\/p>\n","protected":false},"featured_media":50523,"template":"","meta":[],"product_brand":[],"product_cat":[582],"product_tag":[],"class_list":{"0":"post-50522","1":"product","2":"type-product","3":"status-publish","4":"has-post-thumbnail","6":"product_cat-videji-skrapesanas-koki-petrebels","7":"product_shipping_class-pakiautomaati-sobimatu-lv","9":"first","10":"instock","11":"taxable","12":"shipping-taxable","13":"purchasable","14":"product-type-simple"},"yoast_head":"<!-- This site is optimized with the Yoast SEO plugin v27.2 - https:\/\/yoast.com\/product\/yoast-seo-wordpress\/ -->\n<title>Ka\u0137u skr\u0101p\u0113\u0161anas koks Petrebels Scenic View 175, cappuccino - MiuMjau<\/title>\n<meta name=\"robots\" content=\"index, follow, max-snippet:-1, max-image-preview:large, max-video-preview:-1\" \/>\n<link rel=\"canonical\" href=\"https:\/\/miumjau.ee\/lv\/produkts\/kaku-skrapesanas-koks-petrebels-scenic-view-175-cappuccino\/\" \/>\n<meta property=\"og:locale\" content=\"lv_LV\" \/>\n<meta property=\"og:type\" content=\"article\" \/>\n<meta property=\"og:title\" content=\"Ka\u0137u skr\u0101p\u0113\u0161anas koks Petrebels Scenic View 175, cappuccino - MiuMjau\" \/>\n<meta property=\"og:description\" content=\"Ka\u0137iem pat\u012bk skr\u0101p\u0113t un, protams, ar\u012b k\u0101pel\u0113t. K\u0101p\u0113c gan nesag\u0101d\u0101t savam m\u012blulim prieku ar Petrebels k\u0101pel\u0113\u0161anas parad\u012bzi? Skr\u0101p\u0113\u0161anas stabi ir biezum\u0101 12\u202fcm un piln\u012bb\u0101 p\u0101rkl\u0101ti ar skr\u0101p\u0113\u0161anai piem\u0113rotu sizalu. Ir vair\u0101ki da\u017e\u0101di l\u012bme\u0146i un platformas, lai j\u016bsu ka\u0137is b\u016btu akt\u012bvs visu dienu. Ka\u0137is noguris no sp\u0113l\u0113\u0161an\u0101s? Nek\u0101du probl\u0113mu! \u0160eit ir da\u017e\u0101di l\u012bme\u0146i, iztur\u012bga izvirz\u012bt\u0101 gu\u013cvieta un apak\u0161\u0101 eso\u0161\u0101 m\u0101ji\u0146a, kas nodro\u0161ina iesp\u0113ju atp\u016bsties un b\u016bt gatavam n\u0101kamajam k\u0101pel\u0113\u0161anas maratonam. Izm\u0113ri: garums 85\u202fcm, platums 50\u202fcm, augstums 175\u202fcmIzvirz\u012bt\u0101 gu\u013cvieta: 45 \u00d7 45\u202fcmM\u012bksta iek\u0161puse m\u0101ji\u0146\u0101: 45 \u00d7 45\u202fcm, augstums 30\u202fcmExtra liela atp\u016btas platforma aug\u0161pus\u0113: 30 \u00d7 50\u202fcm, augstums 8\u202fcm, lai ka\u0137is neg\u0101ztos no gultas Produkts tiek pieg\u0101d\u0101ts divos iepakojumos, kop\u0113jais svars: 43\u202fkg     Iepakojums 1: 92 \u00d7 52 \u00d7 26\u202fcm, svars 25\u202fkg    Iepakojums 2: 53 \u00d7 49 \u00d7 51\u202fcm, svars 18\u202fkg   Produkta svars bez iepakojuma: 41\u202fkg Produkts ir CE sertific\u0113ts, ra\u017eot\u0101js: N\u012bderlandes kvalit\u0101tes z\u012bmols PETREBELS. M\u0113s ieguld\u0101m kvalit\u0101t\u0113!\" \/>\n<meta property=\"og:url\" content=\"https:\/\/miumjau.ee\/lv\/produkts\/kaku-skrapesanas-koks-petrebels-scenic-view-175-cappuccino\/\" \/>\n<meta property=\"og:site_name\" content=\"MiuMjau\" \/>\n<meta property=\"article:publisher\" content=\"https:\/\/www.facebook.com\/miumjaupood\/\" \/>\n<meta property=\"article:modified_time\" content=\"2026-01-07T19:14:02+00:00\" \/>\n<meta property=\"og:image\" content=\"https:\/\/miumjau.ee\/wp-content\/uploads\/2023\/09\/scenic-view-175-cappuccino-kassi-kraapimispuu-1.jpg\" \/>\n\t<meta property=\"og:image:width\" content=\"600\" \/>\n\t<meta property=\"og:image:height\" content=\"800\" \/>\n\t<meta property=\"og:image:type\" content=\"image\/jpeg\" \/>\n<meta name=\"twitter:card\" content=\"summary_large_image\" \/>\n<script type=\"application\/ld+json\" class=\"yoast-schema-graph\">{\"@context\":\"https:\/\/schema.org\",\"@graph\":[{\"@type\":\"WebPage\",\"@id\":\"https:\/\/miumjau.ee\/lv\/produkts\/kaku-skrapesanas-koks-petrebels-scenic-view-175-cappuccino\/\",\"url\":\"https:\/\/miumjau.ee\/lv\/produkts\/kaku-skrapesanas-koks-petrebels-scenic-view-175-cappuccino\/\",\"name\":\"Ka\u0137u skr\u0101p\u0113\u0161anas koks Petrebels Scenic View 175, cappuccino - MiuMjau\",\"isPartOf\":{\"@id\":\"https:\/\/miumjau.ee\/#website\"},\"primaryImageOfPage\":{\"@id\":\"https:\/\/miumjau.ee\/lv\/produkts\/kaku-skrapesanas-koks-petrebels-scenic-view-175-cappuccino\/#primaryimage\"},\"image\":{\"@id\":\"https:\/\/miumjau.ee\/lv\/produkts\/kaku-skrapesanas-koks-petrebels-scenic-view-175-cappuccino\/#primaryimage\"},\"thumbnailUrl\":\"https:\/\/miumjau.ee\/wp-content\/uploads\/2023\/09\/scenic-view-175-cappuccino-kassi-kraapimispuu-1.jpg\",\"datePublished\":\"2023-09-13T10:12:46+00:00\",\"dateModified\":\"2026-01-07T19:14:02+00:00\",\"breadcrumb\":{\"@id\":\"https:\/\/miumjau.ee\/lv\/produkts\/kaku-skrapesanas-koks-petrebels-scenic-view-175-cappuccino\/#breadcrumb\"},\"inLanguage\":\"lv-LV\",\"potentialAction\":[{\"@type\":\"ReadAction\",\"target\":[\"https:\/\/miumjau.ee\/lv\/produkts\/kaku-skrapesanas-koks-petrebels-scenic-view-175-cappuccino\/\"]}]},{\"@type\":\"ImageObject\",\"inLanguage\":\"lv-LV\",\"@id\":\"https:\/\/miumjau.ee\/lv\/produkts\/kaku-skrapesanas-koks-petrebels-scenic-view-175-cappuccino\/#primaryimage\",\"url\":\"https:\/\/miumjau.ee\/wp-content\/uploads\/2023\/09\/scenic-view-175-cappuccino-kassi-kraapimispuu-1.jpg\",\"contentUrl\":\"https:\/\/miumjau.ee\/wp-content\/uploads\/2023\/09\/scenic-view-175-cappuccino-kassi-kraapimispuu-1.jpg\",\"width\":600,\"height\":800},{\"@type\":\"BreadcrumbList\",\"@id\":\"https:\/\/miumjau.ee\/lv\/produkts\/kaku-skrapesanas-koks-petrebels-scenic-view-175-cappuccino\/#breadcrumb\",\"itemListElement\":[{\"@type\":\"ListItem\",\"position\":1,\"name\":\"Home\",\"item\":\"https:\/\/miumjau.ee\/lv\/\"},{\"@type\":\"ListItem\",\"position\":2,\"name\":\"Veikals\",\"item\":\"https:\/\/miumjau.ee\/lv\/veikals\/\"},{\"@type\":\"ListItem\",\"position\":3,\"name\":\"Ka\u0137u skr\u0101p\u0113\u0161anas koks Petrebels Scenic View 175, cappuccino\"}]},{\"@type\":\"WebSite\",\"@id\":\"https:\/\/miumjau.ee\/#website\",\"url\":\"https:\/\/miumjau.ee\/\",\"name\":\"MiuMjau\",\"description\":\"Kraapimispuud kassidele\",\"publisher\":{\"@id\":\"https:\/\/miumjau.ee\/#organization\"},\"potentialAction\":[{\"@type\":\"SearchAction\",\"target\":{\"@type\":\"EntryPoint\",\"urlTemplate\":\"https:\/\/miumjau.ee\/?s={search_term_string}\"},\"query-input\":{\"@type\":\"PropertyValueSpecification\",\"valueRequired\":true,\"valueName\":\"search_term_string\"}}],\"inLanguage\":\"lv-LV\"},{\"@type\":\"Organization\",\"@id\":\"https:\/\/miumjau.ee\/#organization\",\"name\":\"MiuMjau O\u00dc\",\"url\":\"https:\/\/miumjau.ee\/\",\"logo\":{\"@type\":\"ImageObject\",\"inLanguage\":\"lv-LV\",\"@id\":\"https:\/\/miumjau.ee\/#\/schema\/logo\/image\/\",\"url\":\"https:\/\/miumjau.ee\/wp-content\/uploads\/2022\/04\/MiuMjau-logo-kollane.png\",\"contentUrl\":\"https:\/\/miumjau.ee\/wp-content\/uploads\/2022\/04\/MiuMjau-logo-kollane.png\",\"width\":219,\"height\":100,\"caption\":\"MiuMjau O\u00dc\"},\"image\":{\"@id\":\"https:\/\/miumjau.ee\/#\/schema\/logo\/image\/\"},\"sameAs\":[\"https:\/\/www.facebook.com\/miumjaupood\/\"]}]}<\/script>\n<!-- \/ Yoast SEO plugin. -->","yoast_head_json":{"title":"Ka\u0137u skr\u0101p\u0113\u0161anas koks Petrebels Scenic View 175, cappuccino - MiuMjau","robots":{"index":"index","follow":"follow","max-snippet":"max-snippet:-1","max-image-preview":"max-image-preview:large","max-video-preview":"max-video-preview:-1"},"canonical":"https:\/\/miumjau.ee\/lv\/produkts\/kaku-skrapesanas-koks-petrebels-scenic-view-175-cappuccino\/","og_locale":"lv_LV","og_type":"article","og_title":"Ka\u0137u skr\u0101p\u0113\u0161anas koks Petrebels Scenic View 175, cappuccino - MiuMjau","og_description":"Ka\u0137iem pat\u012bk skr\u0101p\u0113t un, protams, ar\u012b k\u0101pel\u0113t. K\u0101p\u0113c gan nesag\u0101d\u0101t savam m\u012blulim prieku ar Petrebels k\u0101pel\u0113\u0161anas parad\u012bzi? Skr\u0101p\u0113\u0161anas stabi ir biezum\u0101 12\u202fcm un piln\u012bb\u0101 p\u0101rkl\u0101ti ar skr\u0101p\u0113\u0161anai piem\u0113rotu sizalu. Ir vair\u0101ki da\u017e\u0101di l\u012bme\u0146i un platformas, lai j\u016bsu ka\u0137is b\u016btu akt\u012bvs visu dienu. Ka\u0137is noguris no sp\u0113l\u0113\u0161an\u0101s? Nek\u0101du probl\u0113mu! \u0160eit ir da\u017e\u0101di l\u012bme\u0146i, iztur\u012bga izvirz\u012bt\u0101 gu\u013cvieta un apak\u0161\u0101 eso\u0161\u0101 m\u0101ji\u0146a, kas nodro\u0161ina iesp\u0113ju atp\u016bsties un b\u016bt gatavam n\u0101kamajam k\u0101pel\u0113\u0161anas maratonam. Izm\u0113ri: garums 85\u202fcm, platums 50\u202fcm, augstums 175\u202fcmIzvirz\u012bt\u0101 gu\u013cvieta: 45 \u00d7 45\u202fcmM\u012bksta iek\u0161puse m\u0101ji\u0146\u0101: 45 \u00d7 45\u202fcm, augstums 30\u202fcmExtra liela atp\u016btas platforma aug\u0161pus\u0113: 30 \u00d7 50\u202fcm, augstums 8\u202fcm, lai ka\u0137is neg\u0101ztos no gultas Produkts tiek pieg\u0101d\u0101ts divos iepakojumos, kop\u0113jais svars: 43\u202fkg     Iepakojums 1: 92 \u00d7 52 \u00d7 26\u202fcm, svars 25\u202fkg    Iepakojums 2: 53 \u00d7 49 \u00d7 51\u202fcm, svars 18\u202fkg   Produkta svars bez iepakojuma: 41\u202fkg Produkts ir CE sertific\u0113ts, ra\u017eot\u0101js: N\u012bderlandes kvalit\u0101tes z\u012bmols PETREBELS. M\u0113s ieguld\u0101m kvalit\u0101t\u0113!","og_url":"https:\/\/miumjau.ee\/lv\/produkts\/kaku-skrapesanas-koks-petrebels-scenic-view-175-cappuccino\/","og_site_name":"MiuMjau","article_publisher":"https:\/\/www.facebook.com\/miumjaupood\/","article_modified_time":"2026-01-07T19:14:02+00:00","og_image":[{"width":600,"height":800,"url":"https:\/\/miumjau.ee\/wp-content\/uploads\/2023\/09\/scenic-view-175-cappuccino-kassi-kraapimispuu-1.jpg","type":"image\/jpeg"}],"twitter_card":"summary_large_image","schema":{"@context":"https:\/\/schema.org","@graph":[{"@type":"WebPage","@id":"https:\/\/miumjau.ee\/lv\/produkts\/kaku-skrapesanas-koks-petrebels-scenic-view-175-cappuccino\/","url":"https:\/\/miumjau.ee\/lv\/produkts\/kaku-skrapesanas-koks-petrebels-scenic-view-175-cappuccino\/","name":"Ka\u0137u skr\u0101p\u0113\u0161anas koks Petrebels Scenic View 175, cappuccino - MiuMjau","isPartOf":{"@id":"https:\/\/miumjau.ee\/#website"},"primaryImageOfPage":{"@id":"https:\/\/miumjau.ee\/lv\/produkts\/kaku-skrapesanas-koks-petrebels-scenic-view-175-cappuccino\/#primaryimage"},"image":{"@id":"https:\/\/miumjau.ee\/lv\/produkts\/kaku-skrapesanas-koks-petrebels-scenic-view-175-cappuccino\/#primaryimage"},"thumbnailUrl":"https:\/\/miumjau.ee\/wp-content\/uploads\/2023\/09\/scenic-view-175-cappuccino-kassi-kraapimispuu-1.jpg","datePublished":"2023-09-13T10:12:46+00:00","dateModified":"2026-01-07T19:14:02+00:00","breadcrumb":{"@id":"https:\/\/miumjau.ee\/lv\/produkts\/kaku-skrapesanas-koks-petrebels-scenic-view-175-cappuccino\/#breadcrumb"},"inLanguage":"lv-LV","potentialAction":[{"@type":"ReadAction","target":["https:\/\/miumjau.ee\/lv\/produkts\/kaku-skrapesanas-koks-petrebels-scenic-view-175-cappuccino\/"]}]},{"@type":"ImageObject","inLanguage":"lv-LV","@id":"https:\/\/miumjau.ee\/lv\/produkts\/kaku-skrapesanas-koks-petrebels-scenic-view-175-cappuccino\/#primaryimage","url":"https:\/\/miumjau.ee\/wp-content\/uploads\/2023\/09\/scenic-view-175-cappuccino-kassi-kraapimispuu-1.jpg","contentUrl":"https:\/\/miumjau.ee\/wp-content\/uploads\/2023\/09\/scenic-view-175-cappuccino-kassi-kraapimispuu-1.jpg","width":600,"height":800},{"@type":"BreadcrumbList","@id":"https:\/\/miumjau.ee\/lv\/produkts\/kaku-skrapesanas-koks-petrebels-scenic-view-175-cappuccino\/#breadcrumb","itemListElement":[{"@type":"ListItem","position":1,"name":"Home","item":"https:\/\/miumjau.ee\/lv\/"},{"@type":"ListItem","position":2,"name":"Veikals","item":"https:\/\/miumjau.ee\/lv\/veikals\/"},{"@type":"ListItem","position":3,"name":"Ka\u0137u skr\u0101p\u0113\u0161anas koks Petrebels Scenic View 175, cappuccino"}]},{"@type":"WebSite","@id":"https:\/\/miumjau.ee\/#website","url":"https:\/\/miumjau.ee\/","name":"MiuMjau","description":"Kraapimispuud kassidele","publisher":{"@id":"https:\/\/miumjau.ee\/#organization"},"potentialAction":[{"@type":"SearchAction","target":{"@type":"EntryPoint","urlTemplate":"https:\/\/miumjau.ee\/?s={search_term_string}"},"query-input":{"@type":"PropertyValueSpecification","valueRequired":true,"valueName":"search_term_string"}}],"inLanguage":"lv-LV"},{"@type":"Organization","@id":"https:\/\/miumjau.ee\/#organization","name":"MiuMjau O\u00dc","url":"https:\/\/miumjau.ee\/","logo":{"@type":"ImageObject","inLanguage":"lv-LV","@id":"https:\/\/miumjau.ee\/#\/schema\/logo\/image\/","url":"https:\/\/miumjau.ee\/wp-content\/uploads\/2022\/04\/MiuMjau-logo-kollane.png","contentUrl":"https:\/\/miumjau.ee\/wp-content\/uploads\/2022\/04\/MiuMjau-logo-kollane.png","width":219,"height":100,"caption":"MiuMjau O\u00dc"},"image":{"@id":"https:\/\/miumjau.ee\/#\/schema\/logo\/image\/"},"sameAs":["https:\/\/www.facebook.com\/miumjaupood\/"]}]}},"_links":{"self":[{"href":"https:\/\/miumjau.ee\/lv\/wp-json\/wp\/v2\/product\/50522","targetHints":{"allow":["GET"]}}],"collection":[{"href":"https:\/\/miumjau.ee\/lv\/wp-json\/wp\/v2\/product"}],"about":[{"href":"https:\/\/miumjau.ee\/lv\/wp-json\/wp\/v2\/types\/product"}],"wp:featuredmedia":[{"embeddable":true,"href":"https:\/\/miumjau.ee\/lv\/wp-json\/wp\/v2\/media\/50523"}],"wp:attachment":[{"href":"https:\/\/miumjau.ee\/lv\/wp-json\/wp\/v2\/media?parent=50522"}],"wp:term":[{"taxonomy":"product_brand","embeddable":true,"href":"https:\/\/miumjau.ee\/lv\/wp-json\/wp\/v2\/product_brand?post=50522"},{"taxonomy":"product_cat","embeddable":true,"href":"https:\/\/miumjau.ee\/lv\/wp-json\/wp\/v2\/product_cat?post=50522"},{"taxonomy":"product_tag","embeddable":true,"href":"https:\/\/miumjau.ee\/lv\/wp-json\/wp\/v2\/product_tag?post=50522"}],"curies":[{"name":"wp","href":"https:\/\/api.w.org\/{rel}","templated":true}]}}