{"id":50512,"date":"2023-09-13T12:13:23","date_gmt":"2023-09-13T09:13:23","guid":{"rendered":"https:\/\/miumjau.ee\/toode\/kaku-skrapesanas-koks-petrebels-siberian-200-antracits\/"},"modified":"2026-01-07T21:14:02","modified_gmt":"2026-01-07T19:14:02","slug":"kaku-skrapesanas-koks-petrebels-siberian-200-antracits","status":"publish","type":"product","link":"https:\/\/miumjau.ee\/lv\/produkts\/kaku-skrapesanas-koks-petrebels-siberian-200-antracits\/","title":{"rendered":"Ka\u0137u skr\u0101p\u0113\u0161anas koks Petrebels Siberian 200, antrac\u012bts"},"content":{"rendered":"","protected":false},"excerpt":{"rendered":"<p data-start=\"63\" data-end=\"608\">Ka\u0137u skr\u0101p\u0113\u0161anas koks <strong data-start=\"85\" data-end=\"101\">Siberian 200<\/strong> ir paredz\u0113ts \u012bstiem ka\u0137u m\u012b\u013cot\u0101jiem. Nekas nav gana labs j\u016bsu p\u016bkainajiem m\u012blu\u013ciem, bet m\u0113s garant\u0113jam, ka tas patiks j\u016bsu ka\u0137iem! Skr\u0101p\u0113\u0161anas koks ir stabils, moderns un apr\u012bkots ar div\u0101m milz\u012bg\u0101m m\u0101ji\u0146\u0101m ar m\u012bkstu iek\u0161pusi, div\u0101m \u013coti iztur\u012bg\u0101m izvirz\u012bt\u0101m gu\u013cviet\u0101m, un aug\u0161pus\u0113 atrodas gandr\u012bz visas skr\u0101p\u0113\u0161anas koka plat\u012bbas izm\u0113ra atp\u016btas platforma, ko ka\u0137i izmanto k\u0101 nov\u0113ro\u0161anas torni. Tas ir \u012bsts ka\u0137u parad\u012bzes modelis! Visi biez\u0101kie stabi ir piln\u012bb\u0101 p\u0101rkl\u0101ti ar skr\u0101p\u0113\u0161anai piem\u0113rotu materi\u0101lu.<\/p>\n<p data-start=\"610\" data-end=\"823\">Izm\u0113ri: garums 118\u202fcm, platums 45\u202fcm, augstums 200\u202fcm<br data-start=\"663\" data-end=\"666\" \/>Izvirz\u012bt\u0101s gu\u013cvietas: 45 \u00d7 45\u202fcm, maksim\u0101l\u0101 slodze l\u012bdz 25\u202fkg<br data-start=\"727\" data-end=\"730\" \/>Divu lielo m\u0101ji\u0146u izm\u0113ri: 78 \u00d7 40 \u00d7 30\u202fcm<br data-start=\"771\" data-end=\"774\" \/>Aug\u0161\u0113j\u0101s atp\u016btas platformas izm\u0113ri: 118 \u00d7 41\u202fcm<\/p>\n<p data-start=\"825\" data-end=\"932\">Piem\u0113rots ar\u012b \u013coti lieliem un smagiem ka\u0137iem, piem\u0113ram, Meink\u016bniem, Ragdolliem un Norv\u0113\u0123ijas me\u017ea ka\u0137iem.<\/p>\n<p data-start=\"934\" data-end=\"1002\">Piez\u012bme: m\u0101ji\u0146\u0101s eso\u0161ie m\u012bkstie spilveni ir mazg\u0101jami ve\u013casma\u0161\u012bn\u0101.<\/p>\n<p data-start=\"1004\" data-end=\"1056\">Produkts tiek pieg\u0101d\u0101ts pirc\u0113jam tr\u012bs iepakojumos:<\/p>\n<ul data-start=\"1057\" data-end=\"1159\">\n<li data-start=\"1057\" data-end=\"1091\">\n<p data-start=\"1059\" data-end=\"1091\">Iepakojums 1: 120 \u00d7 48 \u00d7 19\u202fcm<\/p>\n<\/li>\n<li data-start=\"1092\" data-end=\"1125\">\n<p data-start=\"1094\" data-end=\"1125\">Iepakojums 2: 81 \u00d7 64 \u00d7 43\u202fcm<\/p>\n<\/li>\n<li data-start=\"1126\" data-end=\"1159\">\n<p data-start=\"1128\" data-end=\"1159\">Iepakojums 3: 82 \u00d7 62 \u00d7 42\u202fcm<\/p>\n<\/li>\n<\/ul>\n<p data-start=\"1161\" data-end=\"1201\">Produkta svars bez iepakojuma: 76,9\u202fkg<\/p>\n<p data-start=\"1203\" data-end=\"1313\" data-is-last-node=\"\" data-is-only-node=\"\">Produkts ir <strong data-start=\"1215\" data-end=\"1233\">CE sertific\u0113ts<\/strong>, ra\u017eot\u0101js: N\u012bderlandes kvalit\u0101tes z\u012bmols <strong data-start=\"1275\" data-end=\"1288\">PETREBELS<\/strong>. M\u0113s ieguld\u0101m kvalit\u0101t\u0113!<\/p>\n","protected":false},"featured_media":50521,"template":"","meta":[],"product_brand":[],"product_cat":[583,573],"product_tag":[],"class_list":{"0":"post-50512","1":"product","2":"type-product","3":"status-publish","4":"has-post-thumbnail","6":"product_cat-petrebels-produkti-smagiem-kakiem","7":"product_cat-kaup24-lv","8":"product_shipping_class-pakiautomaati-sobimatu-lv","10":"first","11":"outofstock","12":"taxable","13":"shipping-taxable","14":"purchasable","15":"product-type-simple"},"yoast_head":"<!-- This site is optimized with the Yoast SEO plugin v27.2 - https:\/\/yoast.com\/product\/yoast-seo-wordpress\/ -->\n<title>Ka\u0137u skr\u0101p\u0113\u0161anas koks Petrebels Siberian 200, antrac\u012bts - MiuMjau<\/title>\n<meta name=\"robots\" content=\"index, follow, max-snippet:-1, max-image-preview:large, max-video-preview:-1\" \/>\n<link rel=\"canonical\" href=\"https:\/\/miumjau.ee\/lv\/produkts\/kaku-skrapesanas-koks-petrebels-siberian-200-antracits\/\" \/>\n<meta property=\"og:locale\" content=\"lv_LV\" \/>\n<meta property=\"og:type\" content=\"article\" \/>\n<meta property=\"og:title\" content=\"Ka\u0137u skr\u0101p\u0113\u0161anas koks Petrebels Siberian 200, antrac\u012bts - MiuMjau\" \/>\n<meta property=\"og:description\" content=\"Ka\u0137u skr\u0101p\u0113\u0161anas koks Siberian 200 ir paredz\u0113ts \u012bstiem ka\u0137u m\u012b\u013cot\u0101jiem. Nekas nav gana labs j\u016bsu p\u016bkainajiem m\u012blu\u013ciem, bet m\u0113s garant\u0113jam, ka tas patiks j\u016bsu ka\u0137iem! Skr\u0101p\u0113\u0161anas koks ir stabils, moderns un apr\u012bkots ar div\u0101m milz\u012bg\u0101m m\u0101ji\u0146\u0101m ar m\u012bkstu iek\u0161pusi, div\u0101m \u013coti iztur\u012bg\u0101m izvirz\u012bt\u0101m gu\u013cviet\u0101m, un aug\u0161pus\u0113 atrodas gandr\u012bz visas skr\u0101p\u0113\u0161anas koka plat\u012bbas izm\u0113ra atp\u016btas platforma, ko ka\u0137i izmanto k\u0101 nov\u0113ro\u0161anas torni. Tas ir \u012bsts ka\u0137u parad\u012bzes modelis! Visi biez\u0101kie stabi ir piln\u012bb\u0101 p\u0101rkl\u0101ti ar skr\u0101p\u0113\u0161anai piem\u0113rotu materi\u0101lu. Izm\u0113ri: garums 118\u202fcm, platums 45\u202fcm, augstums 200\u202fcmIzvirz\u012bt\u0101s gu\u013cvietas: 45 \u00d7 45\u202fcm, maksim\u0101l\u0101 slodze l\u012bdz 25\u202fkgDivu lielo m\u0101ji\u0146u izm\u0113ri: 78 \u00d7 40 \u00d7 30\u202fcmAug\u0161\u0113j\u0101s atp\u016btas platformas izm\u0113ri: 118 \u00d7 41\u202fcm Piem\u0113rots ar\u012b \u013coti lieliem un smagiem ka\u0137iem, piem\u0113ram, Meink\u016bniem, Ragdolliem un Norv\u0113\u0123ijas me\u017ea ka\u0137iem. Piez\u012bme: m\u0101ji\u0146\u0101s eso\u0161ie m\u012bkstie spilveni ir mazg\u0101jami ve\u013casma\u0161\u012bn\u0101. Produkts tiek pieg\u0101d\u0101ts pirc\u0113jam tr\u012bs iepakojumos:     Iepakojums 1: 120 \u00d7 48 \u00d7 19\u202fcm    Iepakojums 2: 81 \u00d7 64 \u00d7 43\u202fcm    Iepakojums 3: 82 \u00d7 62 \u00d7 42\u202fcm   Produkta svars bez iepakojuma: 76,9\u202fkg Produkts ir CE sertific\u0113ts, ra\u017eot\u0101js: N\u012bderlandes kvalit\u0101tes z\u012bmols PETREBELS. M\u0113s ieguld\u0101m kvalit\u0101t\u0113!\" \/>\n<meta property=\"og:url\" content=\"https:\/\/miumjau.ee\/lv\/produkts\/kaku-skrapesanas-koks-petrebels-siberian-200-antracits\/\" \/>\n<meta property=\"og:site_name\" content=\"MiuMjau\" \/>\n<meta property=\"article:publisher\" content=\"https:\/\/www.facebook.com\/miumjaupood\/\" \/>\n<meta property=\"article:modified_time\" content=\"2026-01-07T19:14:02+00:00\" \/>\n<meta property=\"og:image\" content=\"https:\/\/miumjau.ee\/wp-content\/uploads\/2023\/09\/siberian200-antratsiit-petrebels-kassi-kraapimispuu12.jpg\" \/>\n\t<meta property=\"og:image:width\" content=\"600\" \/>\n\t<meta property=\"og:image:height\" content=\"800\" \/>\n\t<meta property=\"og:image:type\" content=\"image\/jpeg\" \/>\n<meta name=\"twitter:card\" content=\"summary_large_image\" \/>\n<script type=\"application\/ld+json\" class=\"yoast-schema-graph\">{\"@context\":\"https:\/\/schema.org\",\"@graph\":[{\"@type\":\"WebPage\",\"@id\":\"https:\/\/miumjau.ee\/lv\/produkts\/kaku-skrapesanas-koks-petrebels-siberian-200-antracits\/\",\"url\":\"https:\/\/miumjau.ee\/lv\/produkts\/kaku-skrapesanas-koks-petrebels-siberian-200-antracits\/\",\"name\":\"Ka\u0137u skr\u0101p\u0113\u0161anas koks Petrebels Siberian 200, antrac\u012bts - MiuMjau\",\"isPartOf\":{\"@id\":\"https:\/\/miumjau.ee\/#website\"},\"primaryImageOfPage\":{\"@id\":\"https:\/\/miumjau.ee\/lv\/produkts\/kaku-skrapesanas-koks-petrebels-siberian-200-antracits\/#primaryimage\"},\"image\":{\"@id\":\"https:\/\/miumjau.ee\/lv\/produkts\/kaku-skrapesanas-koks-petrebels-siberian-200-antracits\/#primaryimage\"},\"thumbnailUrl\":\"https:\/\/miumjau.ee\/wp-content\/uploads\/2023\/09\/siberian200-antratsiit-petrebels-kassi-kraapimispuu12.jpg\",\"datePublished\":\"2023-09-13T09:13:23+00:00\",\"dateModified\":\"2026-01-07T19:14:02+00:00\",\"breadcrumb\":{\"@id\":\"https:\/\/miumjau.ee\/lv\/produkts\/kaku-skrapesanas-koks-petrebels-siberian-200-antracits\/#breadcrumb\"},\"inLanguage\":\"lv-LV\",\"potentialAction\":[{\"@type\":\"ReadAction\",\"target\":[\"https:\/\/miumjau.ee\/lv\/produkts\/kaku-skrapesanas-koks-petrebels-siberian-200-antracits\/\"]}]},{\"@type\":\"ImageObject\",\"inLanguage\":\"lv-LV\",\"@id\":\"https:\/\/miumjau.ee\/lv\/produkts\/kaku-skrapesanas-koks-petrebels-siberian-200-antracits\/#primaryimage\",\"url\":\"https:\/\/miumjau.ee\/wp-content\/uploads\/2023\/09\/siberian200-antratsiit-petrebels-kassi-kraapimispuu12.jpg\",\"contentUrl\":\"https:\/\/miumjau.ee\/wp-content\/uploads\/2023\/09\/siberian200-antratsiit-petrebels-kassi-kraapimispuu12.jpg\",\"width\":600,\"height\":800},{\"@type\":\"BreadcrumbList\",\"@id\":\"https:\/\/miumjau.ee\/lv\/produkts\/kaku-skrapesanas-koks-petrebels-siberian-200-antracits\/#breadcrumb\",\"itemListElement\":[{\"@type\":\"ListItem\",\"position\":1,\"name\":\"Home\",\"item\":\"https:\/\/miumjau.ee\/lv\/\"},{\"@type\":\"ListItem\",\"position\":2,\"name\":\"Veikals\",\"item\":\"https:\/\/miumjau.ee\/lv\/veikals\/\"},{\"@type\":\"ListItem\",\"position\":3,\"name\":\"Ka\u0137u skr\u0101p\u0113\u0161anas koks Petrebels Siberian 200, antrac\u012bts\"}]},{\"@type\":\"WebSite\",\"@id\":\"https:\/\/miumjau.ee\/#website\",\"url\":\"https:\/\/miumjau.ee\/\",\"name\":\"MiuMjau\",\"description\":\"Kraapimispuud kassidele\",\"publisher\":{\"@id\":\"https:\/\/miumjau.ee\/#organization\"},\"potentialAction\":[{\"@type\":\"SearchAction\",\"target\":{\"@type\":\"EntryPoint\",\"urlTemplate\":\"https:\/\/miumjau.ee\/?s={search_term_string}\"},\"query-input\":{\"@type\":\"PropertyValueSpecification\",\"valueRequired\":true,\"valueName\":\"search_term_string\"}}],\"inLanguage\":\"lv-LV\"},{\"@type\":\"Organization\",\"@id\":\"https:\/\/miumjau.ee\/#organization\",\"name\":\"MiuMjau O\u00dc\",\"url\":\"https:\/\/miumjau.ee\/\",\"logo\":{\"@type\":\"ImageObject\",\"inLanguage\":\"lv-LV\",\"@id\":\"https:\/\/miumjau.ee\/#\/schema\/logo\/image\/\",\"url\":\"https:\/\/miumjau.ee\/wp-content\/uploads\/2022\/04\/MiuMjau-logo-kollane.png\",\"contentUrl\":\"https:\/\/miumjau.ee\/wp-content\/uploads\/2022\/04\/MiuMjau-logo-kollane.png\",\"width\":219,\"height\":100,\"caption\":\"MiuMjau O\u00dc\"},\"image\":{\"@id\":\"https:\/\/miumjau.ee\/#\/schema\/logo\/image\/\"},\"sameAs\":[\"https:\/\/www.facebook.com\/miumjaupood\/\"]}]}<\/script>\n<!-- \/ Yoast SEO plugin. -->","yoast_head_json":{"title":"Ka\u0137u skr\u0101p\u0113\u0161anas koks Petrebels Siberian 200, antrac\u012bts - MiuMjau","robots":{"index":"index","follow":"follow","max-snippet":"max-snippet:-1","max-image-preview":"max-image-preview:large","max-video-preview":"max-video-preview:-1"},"canonical":"https:\/\/miumjau.ee\/lv\/produkts\/kaku-skrapesanas-koks-petrebels-siberian-200-antracits\/","og_locale":"lv_LV","og_type":"article","og_title":"Ka\u0137u skr\u0101p\u0113\u0161anas koks Petrebels Siberian 200, antrac\u012bts - MiuMjau","og_description":"Ka\u0137u skr\u0101p\u0113\u0161anas koks Siberian 200 ir paredz\u0113ts \u012bstiem ka\u0137u m\u012b\u013cot\u0101jiem. Nekas nav gana labs j\u016bsu p\u016bkainajiem m\u012blu\u013ciem, bet m\u0113s garant\u0113jam, ka tas patiks j\u016bsu ka\u0137iem! Skr\u0101p\u0113\u0161anas koks ir stabils, moderns un apr\u012bkots ar div\u0101m milz\u012bg\u0101m m\u0101ji\u0146\u0101m ar m\u012bkstu iek\u0161pusi, div\u0101m \u013coti iztur\u012bg\u0101m izvirz\u012bt\u0101m gu\u013cviet\u0101m, un aug\u0161pus\u0113 atrodas gandr\u012bz visas skr\u0101p\u0113\u0161anas koka plat\u012bbas izm\u0113ra atp\u016btas platforma, ko ka\u0137i izmanto k\u0101 nov\u0113ro\u0161anas torni. Tas ir \u012bsts ka\u0137u parad\u012bzes modelis! Visi biez\u0101kie stabi ir piln\u012bb\u0101 p\u0101rkl\u0101ti ar skr\u0101p\u0113\u0161anai piem\u0113rotu materi\u0101lu. Izm\u0113ri: garums 118\u202fcm, platums 45\u202fcm, augstums 200\u202fcmIzvirz\u012bt\u0101s gu\u013cvietas: 45 \u00d7 45\u202fcm, maksim\u0101l\u0101 slodze l\u012bdz 25\u202fkgDivu lielo m\u0101ji\u0146u izm\u0113ri: 78 \u00d7 40 \u00d7 30\u202fcmAug\u0161\u0113j\u0101s atp\u016btas platformas izm\u0113ri: 118 \u00d7 41\u202fcm Piem\u0113rots ar\u012b \u013coti lieliem un smagiem ka\u0137iem, piem\u0113ram, Meink\u016bniem, Ragdolliem un Norv\u0113\u0123ijas me\u017ea ka\u0137iem. Piez\u012bme: m\u0101ji\u0146\u0101s eso\u0161ie m\u012bkstie spilveni ir mazg\u0101jami ve\u013casma\u0161\u012bn\u0101. Produkts tiek pieg\u0101d\u0101ts pirc\u0113jam tr\u012bs iepakojumos:     Iepakojums 1: 120 \u00d7 48 \u00d7 19\u202fcm    Iepakojums 2: 81 \u00d7 64 \u00d7 43\u202fcm    Iepakojums 3: 82 \u00d7 62 \u00d7 42\u202fcm   Produkta svars bez iepakojuma: 76,9\u202fkg Produkts ir CE sertific\u0113ts, ra\u017eot\u0101js: N\u012bderlandes kvalit\u0101tes z\u012bmols PETREBELS. M\u0113s ieguld\u0101m kvalit\u0101t\u0113!","og_url":"https:\/\/miumjau.ee\/lv\/produkts\/kaku-skrapesanas-koks-petrebels-siberian-200-antracits\/","og_site_name":"MiuMjau","article_publisher":"https:\/\/www.facebook.com\/miumjaupood\/","article_modified_time":"2026-01-07T19:14:02+00:00","og_image":[{"width":600,"height":800,"url":"https:\/\/miumjau.ee\/wp-content\/uploads\/2023\/09\/siberian200-antratsiit-petrebels-kassi-kraapimispuu12.jpg","type":"image\/jpeg"}],"twitter_card":"summary_large_image","schema":{"@context":"https:\/\/schema.org","@graph":[{"@type":"WebPage","@id":"https:\/\/miumjau.ee\/lv\/produkts\/kaku-skrapesanas-koks-petrebels-siberian-200-antracits\/","url":"https:\/\/miumjau.ee\/lv\/produkts\/kaku-skrapesanas-koks-petrebels-siberian-200-antracits\/","name":"Ka\u0137u skr\u0101p\u0113\u0161anas koks Petrebels Siberian 200, antrac\u012bts - MiuMjau","isPartOf":{"@id":"https:\/\/miumjau.ee\/#website"},"primaryImageOfPage":{"@id":"https:\/\/miumjau.ee\/lv\/produkts\/kaku-skrapesanas-koks-petrebels-siberian-200-antracits\/#primaryimage"},"image":{"@id":"https:\/\/miumjau.ee\/lv\/produkts\/kaku-skrapesanas-koks-petrebels-siberian-200-antracits\/#primaryimage"},"thumbnailUrl":"https:\/\/miumjau.ee\/wp-content\/uploads\/2023\/09\/siberian200-antratsiit-petrebels-kassi-kraapimispuu12.jpg","datePublished":"2023-09-13T09:13:23+00:00","dateModified":"2026-01-07T19:14:02+00:00","breadcrumb":{"@id":"https:\/\/miumjau.ee\/lv\/produkts\/kaku-skrapesanas-koks-petrebels-siberian-200-antracits\/#breadcrumb"},"inLanguage":"lv-LV","potentialAction":[{"@type":"ReadAction","target":["https:\/\/miumjau.ee\/lv\/produkts\/kaku-skrapesanas-koks-petrebels-siberian-200-antracits\/"]}]},{"@type":"ImageObject","inLanguage":"lv-LV","@id":"https:\/\/miumjau.ee\/lv\/produkts\/kaku-skrapesanas-koks-petrebels-siberian-200-antracits\/#primaryimage","url":"https:\/\/miumjau.ee\/wp-content\/uploads\/2023\/09\/siberian200-antratsiit-petrebels-kassi-kraapimispuu12.jpg","contentUrl":"https:\/\/miumjau.ee\/wp-content\/uploads\/2023\/09\/siberian200-antratsiit-petrebels-kassi-kraapimispuu12.jpg","width":600,"height":800},{"@type":"BreadcrumbList","@id":"https:\/\/miumjau.ee\/lv\/produkts\/kaku-skrapesanas-koks-petrebels-siberian-200-antracits\/#breadcrumb","itemListElement":[{"@type":"ListItem","position":1,"name":"Home","item":"https:\/\/miumjau.ee\/lv\/"},{"@type":"ListItem","position":2,"name":"Veikals","item":"https:\/\/miumjau.ee\/lv\/veikals\/"},{"@type":"ListItem","position":3,"name":"Ka\u0137u skr\u0101p\u0113\u0161anas koks Petrebels Siberian 200, antrac\u012bts"}]},{"@type":"WebSite","@id":"https:\/\/miumjau.ee\/#website","url":"https:\/\/miumjau.ee\/","name":"MiuMjau","description":"Kraapimispuud kassidele","publisher":{"@id":"https:\/\/miumjau.ee\/#organization"},"potentialAction":[{"@type":"SearchAction","target":{"@type":"EntryPoint","urlTemplate":"https:\/\/miumjau.ee\/?s={search_term_string}"},"query-input":{"@type":"PropertyValueSpecification","valueRequired":true,"valueName":"search_term_string"}}],"inLanguage":"lv-LV"},{"@type":"Organization","@id":"https:\/\/miumjau.ee\/#organization","name":"MiuMjau O\u00dc","url":"https:\/\/miumjau.ee\/","logo":{"@type":"ImageObject","inLanguage":"lv-LV","@id":"https:\/\/miumjau.ee\/#\/schema\/logo\/image\/","url":"https:\/\/miumjau.ee\/wp-content\/uploads\/2022\/04\/MiuMjau-logo-kollane.png","contentUrl":"https:\/\/miumjau.ee\/wp-content\/uploads\/2022\/04\/MiuMjau-logo-kollane.png","width":219,"height":100,"caption":"MiuMjau O\u00dc"},"image":{"@id":"https:\/\/miumjau.ee\/#\/schema\/logo\/image\/"},"sameAs":["https:\/\/www.facebook.com\/miumjaupood\/"]}]}},"_links":{"self":[{"href":"https:\/\/miumjau.ee\/lv\/wp-json\/wp\/v2\/product\/50512","targetHints":{"allow":["GET"]}}],"collection":[{"href":"https:\/\/miumjau.ee\/lv\/wp-json\/wp\/v2\/product"}],"about":[{"href":"https:\/\/miumjau.ee\/lv\/wp-json\/wp\/v2\/types\/product"}],"wp:featuredmedia":[{"embeddable":true,"href":"https:\/\/miumjau.ee\/lv\/wp-json\/wp\/v2\/media\/50521"}],"wp:attachment":[{"href":"https:\/\/miumjau.ee\/lv\/wp-json\/wp\/v2\/media?parent=50512"}],"wp:term":[{"taxonomy":"product_brand","embeddable":true,"href":"https:\/\/miumjau.ee\/lv\/wp-json\/wp\/v2\/product_brand?post=50512"},{"taxonomy":"product_cat","embeddable":true,"href":"https:\/\/miumjau.ee\/lv\/wp-json\/wp\/v2\/product_cat?post=50512"},{"taxonomy":"product_tag","embeddable":true,"href":"https:\/\/miumjau.ee\/lv\/wp-json\/wp\/v2\/product_tag?post=50512"}],"curies":[{"name":"wp","href":"https:\/\/api.w.org\/{rel}","templated":true}]}}