{"id":50480,"date":"2023-07-28T19:24:03","date_gmt":"2023-07-28T16:24:03","guid":{"rendered":"https:\/\/miumjau.ee\/toode\/kaku-skrapesanas-koks-petrebels-alexis-224-peleks\/"},"modified":"2026-01-07T21:14:09","modified_gmt":"2026-01-07T19:14:09","slug":"kaku-skrapesanas-koks-petrebels-alexis-224-peleks","status":"publish","type":"product","link":"https:\/\/miumjau.ee\/lv\/produkts\/kaku-skrapesanas-koks-petrebels-alexis-224-peleks\/","title":{"rendered":"Ka\u0137u skr\u0101p\u0113\u0161anas koks Petrebels Alexis 224, pel\u0113ks"},"content":{"rendered":"","protected":false},"excerpt":{"rendered":"<p data-start=\"58\" data-end=\"516\">Cik gul\u0113\u0161anas un k\u0101pel\u0113\u0161anas vietas tu saskaiti? M\u0113s redzam pat septi\u0146as! \u010cetras pla\u0161as platformas, divas lieliskas gu\u013cvietas un super luksusa gu\u013cvieta aug\u0161pus\u0113. \u0160is ekstra augstais skr\u0101p\u0113\u0161anas stabs ir \u012bsts sv\u0113tki akt\u012bviem un uz\u0146\u0113m\u012bgiem ka\u0137iem. Jo, ja vi\u0146i v\u0113las sasniegt aug\u0161u, vi\u0146iem vispirms j\u0101iziet pat\u012bkama k\u0101p\u0161ana pa skr\u0101p\u0113\u0161anas stabu. Sare\u017e\u0123\u012bti? Katru platformu kl\u0101j samtaini m\u012bksts pl\u012b\u0161a audums, t\u0101p\u0113c ka\u0137i var starp k\u0101pieniem vienk\u0101r\u0161i atp\u016bsties.<\/p>\n<p data-start=\"518\" data-end=\"986\">Kr\u0101sa: pel\u0113ks pl\u012b\u0161s un pel\u0113ks sizals<br data-start=\"554\" data-end=\"557\" \/>Izm\u0113ri: garums 45\u202fcm, platums 35\u202fcm, augstums 224\u202fcm<br data-start=\"609\" data-end=\"612\" \/>Ekstra bieza pamatne nodro\u0161ina lielu stabilit\u0101ti<br data-start=\"660\" data-end=\"663\" \/>Piem\u0113rots jebkura tipa ka\u0137iem<br data-start=\"692\" data-end=\"695\" \/>Aug\u0161\u0113j\u0101 gu\u013cvieta un divi m\u012b\u013ci pakarin\u0101mie \u0161\u016bpu\u013ci<br data-start=\"743\" data-end=\"746\" \/>Skr\u0101p\u0113\u0161anas koks tiek stiprin\u0101ts pie sienas ar skr\u016bv\u0113m (komplekt\u0101 divas skr\u016bves ar d\u012bbe\u013ciem, paredz\u0113tas aug\u0161\u0113j\u0101s platformas stiprin\u0101\u0161anai)<br data-start=\"884\" data-end=\"887\" \/>Paredz\u0113ts lieto\u0161anai ka\u0137iem jebkur\u0101 svara un izm\u0113ra kategorij\u0101, piem\u0113rots ar\u012b t\u0113vi\u0146iem Meink\u016bniem<\/p>\n<p data-start=\"988\" data-end=\"1078\">Produkts iepakots 1 kast\u0113, kop\u0113jais svars 22\u202fkg<br data-start=\"1035\" data-end=\"1038\" \/>Produkta svars bez iepakojuma: 20,8\u202fkg<\/p>\n<p data-start=\"1080\" data-end=\"1239\" data-is-last-node=\"\" data-is-only-node=\"\">Ra\u017eot\u0101js: <strong data-start=\"1090\" data-end=\"1103\">Petrebels<\/strong>, N\u012bderlandes kvalit\u0101te. \u012apa\u0161i kvalitat\u012bvi un \u0113rtie skr\u0101p\u0113\u0161anas koki kalpos gadiem ilgi un rot\u0101s j\u016bsu m\u0101jokli. J\u016bsu ka\u0137is b\u016bs pateic\u012bgs!<\/p>\n","protected":false},"featured_media":50481,"template":"","meta":[],"product_brand":[],"product_cat":[582,573],"product_tag":[],"class_list":{"0":"post-50480","1":"product","2":"type-product","3":"status-publish","4":"has-post-thumbnail","6":"product_cat-videji-skrapesanas-koki-petrebels","7":"product_cat-kaup24-lv","8":"product_shipping_class-pakiautomaati-sobimatu-lv","10":"first","11":"outofstock","12":"taxable","13":"shipping-taxable","14":"purchasable","15":"product-type-simple"},"yoast_head":"<!-- This site is optimized with the Yoast SEO plugin v27.2 - https:\/\/yoast.com\/product\/yoast-seo-wordpress\/ -->\n<title>Ka\u0137u skr\u0101p\u0113\u0161anas koks Petrebels Alexis 224, pel\u0113ks - MiuMjau<\/title>\n<meta name=\"robots\" content=\"index, follow, max-snippet:-1, max-image-preview:large, max-video-preview:-1\" \/>\n<link rel=\"canonical\" href=\"https:\/\/miumjau.ee\/lv\/produkts\/kaku-skrapesanas-koks-petrebels-alexis-224-peleks\/\" \/>\n<meta property=\"og:locale\" content=\"lv_LV\" \/>\n<meta property=\"og:type\" content=\"article\" \/>\n<meta property=\"og:title\" content=\"Ka\u0137u skr\u0101p\u0113\u0161anas koks Petrebels Alexis 224, pel\u0113ks - MiuMjau\" \/>\n<meta property=\"og:description\" content=\"Cik gul\u0113\u0161anas un k\u0101pel\u0113\u0161anas vietas tu saskaiti? M\u0113s redzam pat septi\u0146as! \u010cetras pla\u0161as platformas, divas lieliskas gu\u013cvietas un super luksusa gu\u013cvieta aug\u0161pus\u0113. \u0160is ekstra augstais skr\u0101p\u0113\u0161anas stabs ir \u012bsts sv\u0113tki akt\u012bviem un uz\u0146\u0113m\u012bgiem ka\u0137iem. Jo, ja vi\u0146i v\u0113las sasniegt aug\u0161u, vi\u0146iem vispirms j\u0101iziet pat\u012bkama k\u0101p\u0161ana pa skr\u0101p\u0113\u0161anas stabu. Sare\u017e\u0123\u012bti? Katru platformu kl\u0101j samtaini m\u012bksts pl\u012b\u0161a audums, t\u0101p\u0113c ka\u0137i var starp k\u0101pieniem vienk\u0101r\u0161i atp\u016bsties. Kr\u0101sa: pel\u0113ks pl\u012b\u0161s un pel\u0113ks sizalsIzm\u0113ri: garums 45\u202fcm, platums 35\u202fcm, augstums 224\u202fcmEkstra bieza pamatne nodro\u0161ina lielu stabilit\u0101tiPiem\u0113rots jebkura tipa ka\u0137iemAug\u0161\u0113j\u0101 gu\u013cvieta un divi m\u012b\u013ci pakarin\u0101mie \u0161\u016bpu\u013ciSkr\u0101p\u0113\u0161anas koks tiek stiprin\u0101ts pie sienas ar skr\u016bv\u0113m (komplekt\u0101 divas skr\u016bves ar d\u012bbe\u013ciem, paredz\u0113tas aug\u0161\u0113j\u0101s platformas stiprin\u0101\u0161anai)Paredz\u0113ts lieto\u0161anai ka\u0137iem jebkur\u0101 svara un izm\u0113ra kategorij\u0101, piem\u0113rots ar\u012b t\u0113vi\u0146iem Meink\u016bniem Produkts iepakots 1 kast\u0113, kop\u0113jais svars 22\u202fkgProdukta svars bez iepakojuma: 20,8\u202fkg Ra\u017eot\u0101js: Petrebels, N\u012bderlandes kvalit\u0101te. \u012apa\u0161i kvalitat\u012bvi un \u0113rtie skr\u0101p\u0113\u0161anas koki kalpos gadiem ilgi un rot\u0101s j\u016bsu m\u0101jokli. J\u016bsu ka\u0137is b\u016bs pateic\u012bgs!\" \/>\n<meta property=\"og:url\" content=\"https:\/\/miumjau.ee\/lv\/produkts\/kaku-skrapesanas-koks-petrebels-alexis-224-peleks\/\" \/>\n<meta property=\"og:site_name\" content=\"MiuMjau\" \/>\n<meta property=\"article:publisher\" content=\"https:\/\/www.facebook.com\/miumjaupood\/\" \/>\n<meta property=\"article:modified_time\" content=\"2026-01-07T19:14:09+00:00\" \/>\n<meta property=\"og:image\" content=\"https:\/\/miumjau.ee\/wp-content\/uploads\/2023\/07\/alexis-224-hall-kassi-kraapimispuu-1.jpg\" \/>\n\t<meta property=\"og:image:width\" content=\"600\" \/>\n\t<meta property=\"og:image:height\" content=\"800\" \/>\n\t<meta property=\"og:image:type\" content=\"image\/jpeg\" \/>\n<meta name=\"twitter:card\" content=\"summary_large_image\" \/>\n<script type=\"application\/ld+json\" class=\"yoast-schema-graph\">{\"@context\":\"https:\/\/schema.org\",\"@graph\":[{\"@type\":\"WebPage\",\"@id\":\"https:\/\/miumjau.ee\/lv\/produkts\/kaku-skrapesanas-koks-petrebels-alexis-224-peleks\/\",\"url\":\"https:\/\/miumjau.ee\/lv\/produkts\/kaku-skrapesanas-koks-petrebels-alexis-224-peleks\/\",\"name\":\"Ka\u0137u skr\u0101p\u0113\u0161anas koks Petrebels Alexis 224, pel\u0113ks - MiuMjau\",\"isPartOf\":{\"@id\":\"https:\/\/miumjau.ee\/#website\"},\"primaryImageOfPage\":{\"@id\":\"https:\/\/miumjau.ee\/lv\/produkts\/kaku-skrapesanas-koks-petrebels-alexis-224-peleks\/#primaryimage\"},\"image\":{\"@id\":\"https:\/\/miumjau.ee\/lv\/produkts\/kaku-skrapesanas-koks-petrebels-alexis-224-peleks\/#primaryimage\"},\"thumbnailUrl\":\"https:\/\/miumjau.ee\/wp-content\/uploads\/2023\/07\/alexis-224-hall-kassi-kraapimispuu-1.jpg\",\"datePublished\":\"2023-07-28T16:24:03+00:00\",\"dateModified\":\"2026-01-07T19:14:09+00:00\",\"breadcrumb\":{\"@id\":\"https:\/\/miumjau.ee\/lv\/produkts\/kaku-skrapesanas-koks-petrebels-alexis-224-peleks\/#breadcrumb\"},\"inLanguage\":\"lv-LV\",\"potentialAction\":[{\"@type\":\"ReadAction\",\"target\":[\"https:\/\/miumjau.ee\/lv\/produkts\/kaku-skrapesanas-koks-petrebels-alexis-224-peleks\/\"]}]},{\"@type\":\"ImageObject\",\"inLanguage\":\"lv-LV\",\"@id\":\"https:\/\/miumjau.ee\/lv\/produkts\/kaku-skrapesanas-koks-petrebels-alexis-224-peleks\/#primaryimage\",\"url\":\"https:\/\/miumjau.ee\/wp-content\/uploads\/2023\/07\/alexis-224-hall-kassi-kraapimispuu-1.jpg\",\"contentUrl\":\"https:\/\/miumjau.ee\/wp-content\/uploads\/2023\/07\/alexis-224-hall-kassi-kraapimispuu-1.jpg\",\"width\":600,\"height\":800},{\"@type\":\"BreadcrumbList\",\"@id\":\"https:\/\/miumjau.ee\/lv\/produkts\/kaku-skrapesanas-koks-petrebels-alexis-224-peleks\/#breadcrumb\",\"itemListElement\":[{\"@type\":\"ListItem\",\"position\":1,\"name\":\"Home\",\"item\":\"https:\/\/miumjau.ee\/lv\/\"},{\"@type\":\"ListItem\",\"position\":2,\"name\":\"Veikals\",\"item\":\"https:\/\/miumjau.ee\/lv\/veikals\/\"},{\"@type\":\"ListItem\",\"position\":3,\"name\":\"Ka\u0137u skr\u0101p\u0113\u0161anas koks Petrebels Alexis 224, pel\u0113ks\"}]},{\"@type\":\"WebSite\",\"@id\":\"https:\/\/miumjau.ee\/#website\",\"url\":\"https:\/\/miumjau.ee\/\",\"name\":\"MiuMjau\",\"description\":\"Kraapimispuud kassidele\",\"publisher\":{\"@id\":\"https:\/\/miumjau.ee\/#organization\"},\"potentialAction\":[{\"@type\":\"SearchAction\",\"target\":{\"@type\":\"EntryPoint\",\"urlTemplate\":\"https:\/\/miumjau.ee\/?s={search_term_string}\"},\"query-input\":{\"@type\":\"PropertyValueSpecification\",\"valueRequired\":true,\"valueName\":\"search_term_string\"}}],\"inLanguage\":\"lv-LV\"},{\"@type\":\"Organization\",\"@id\":\"https:\/\/miumjau.ee\/#organization\",\"name\":\"MiuMjau O\u00dc\",\"url\":\"https:\/\/miumjau.ee\/\",\"logo\":{\"@type\":\"ImageObject\",\"inLanguage\":\"lv-LV\",\"@id\":\"https:\/\/miumjau.ee\/#\/schema\/logo\/image\/\",\"url\":\"https:\/\/miumjau.ee\/wp-content\/uploads\/2022\/04\/MiuMjau-logo-kollane.png\",\"contentUrl\":\"https:\/\/miumjau.ee\/wp-content\/uploads\/2022\/04\/MiuMjau-logo-kollane.png\",\"width\":219,\"height\":100,\"caption\":\"MiuMjau O\u00dc\"},\"image\":{\"@id\":\"https:\/\/miumjau.ee\/#\/schema\/logo\/image\/\"},\"sameAs\":[\"https:\/\/www.facebook.com\/miumjaupood\/\"]}]}<\/script>\n<!-- \/ Yoast SEO plugin. -->","yoast_head_json":{"title":"Ka\u0137u skr\u0101p\u0113\u0161anas koks Petrebels Alexis 224, pel\u0113ks - MiuMjau","robots":{"index":"index","follow":"follow","max-snippet":"max-snippet:-1","max-image-preview":"max-image-preview:large","max-video-preview":"max-video-preview:-1"},"canonical":"https:\/\/miumjau.ee\/lv\/produkts\/kaku-skrapesanas-koks-petrebels-alexis-224-peleks\/","og_locale":"lv_LV","og_type":"article","og_title":"Ka\u0137u skr\u0101p\u0113\u0161anas koks Petrebels Alexis 224, pel\u0113ks - MiuMjau","og_description":"Cik gul\u0113\u0161anas un k\u0101pel\u0113\u0161anas vietas tu saskaiti? M\u0113s redzam pat septi\u0146as! \u010cetras pla\u0161as platformas, divas lieliskas gu\u013cvietas un super luksusa gu\u013cvieta aug\u0161pus\u0113. \u0160is ekstra augstais skr\u0101p\u0113\u0161anas stabs ir \u012bsts sv\u0113tki akt\u012bviem un uz\u0146\u0113m\u012bgiem ka\u0137iem. Jo, ja vi\u0146i v\u0113las sasniegt aug\u0161u, vi\u0146iem vispirms j\u0101iziet pat\u012bkama k\u0101p\u0161ana pa skr\u0101p\u0113\u0161anas stabu. Sare\u017e\u0123\u012bti? Katru platformu kl\u0101j samtaini m\u012bksts pl\u012b\u0161a audums, t\u0101p\u0113c ka\u0137i var starp k\u0101pieniem vienk\u0101r\u0161i atp\u016bsties. Kr\u0101sa: pel\u0113ks pl\u012b\u0161s un pel\u0113ks sizalsIzm\u0113ri: garums 45\u202fcm, platums 35\u202fcm, augstums 224\u202fcmEkstra bieza pamatne nodro\u0161ina lielu stabilit\u0101tiPiem\u0113rots jebkura tipa ka\u0137iemAug\u0161\u0113j\u0101 gu\u013cvieta un divi m\u012b\u013ci pakarin\u0101mie \u0161\u016bpu\u013ciSkr\u0101p\u0113\u0161anas koks tiek stiprin\u0101ts pie sienas ar skr\u016bv\u0113m (komplekt\u0101 divas skr\u016bves ar d\u012bbe\u013ciem, paredz\u0113tas aug\u0161\u0113j\u0101s platformas stiprin\u0101\u0161anai)Paredz\u0113ts lieto\u0161anai ka\u0137iem jebkur\u0101 svara un izm\u0113ra kategorij\u0101, piem\u0113rots ar\u012b t\u0113vi\u0146iem Meink\u016bniem Produkts iepakots 1 kast\u0113, kop\u0113jais svars 22\u202fkgProdukta svars bez iepakojuma: 20,8\u202fkg Ra\u017eot\u0101js: Petrebels, N\u012bderlandes kvalit\u0101te. \u012apa\u0161i kvalitat\u012bvi un \u0113rtie skr\u0101p\u0113\u0161anas koki kalpos gadiem ilgi un rot\u0101s j\u016bsu m\u0101jokli. J\u016bsu ka\u0137is b\u016bs pateic\u012bgs!","og_url":"https:\/\/miumjau.ee\/lv\/produkts\/kaku-skrapesanas-koks-petrebels-alexis-224-peleks\/","og_site_name":"MiuMjau","article_publisher":"https:\/\/www.facebook.com\/miumjaupood\/","article_modified_time":"2026-01-07T19:14:09+00:00","og_image":[{"width":600,"height":800,"url":"https:\/\/miumjau.ee\/wp-content\/uploads\/2023\/07\/alexis-224-hall-kassi-kraapimispuu-1.jpg","type":"image\/jpeg"}],"twitter_card":"summary_large_image","schema":{"@context":"https:\/\/schema.org","@graph":[{"@type":"WebPage","@id":"https:\/\/miumjau.ee\/lv\/produkts\/kaku-skrapesanas-koks-petrebels-alexis-224-peleks\/","url":"https:\/\/miumjau.ee\/lv\/produkts\/kaku-skrapesanas-koks-petrebels-alexis-224-peleks\/","name":"Ka\u0137u skr\u0101p\u0113\u0161anas koks Petrebels Alexis 224, pel\u0113ks - MiuMjau","isPartOf":{"@id":"https:\/\/miumjau.ee\/#website"},"primaryImageOfPage":{"@id":"https:\/\/miumjau.ee\/lv\/produkts\/kaku-skrapesanas-koks-petrebels-alexis-224-peleks\/#primaryimage"},"image":{"@id":"https:\/\/miumjau.ee\/lv\/produkts\/kaku-skrapesanas-koks-petrebels-alexis-224-peleks\/#primaryimage"},"thumbnailUrl":"https:\/\/miumjau.ee\/wp-content\/uploads\/2023\/07\/alexis-224-hall-kassi-kraapimispuu-1.jpg","datePublished":"2023-07-28T16:24:03+00:00","dateModified":"2026-01-07T19:14:09+00:00","breadcrumb":{"@id":"https:\/\/miumjau.ee\/lv\/produkts\/kaku-skrapesanas-koks-petrebels-alexis-224-peleks\/#breadcrumb"},"inLanguage":"lv-LV","potentialAction":[{"@type":"ReadAction","target":["https:\/\/miumjau.ee\/lv\/produkts\/kaku-skrapesanas-koks-petrebels-alexis-224-peleks\/"]}]},{"@type":"ImageObject","inLanguage":"lv-LV","@id":"https:\/\/miumjau.ee\/lv\/produkts\/kaku-skrapesanas-koks-petrebels-alexis-224-peleks\/#primaryimage","url":"https:\/\/miumjau.ee\/wp-content\/uploads\/2023\/07\/alexis-224-hall-kassi-kraapimispuu-1.jpg","contentUrl":"https:\/\/miumjau.ee\/wp-content\/uploads\/2023\/07\/alexis-224-hall-kassi-kraapimispuu-1.jpg","width":600,"height":800},{"@type":"BreadcrumbList","@id":"https:\/\/miumjau.ee\/lv\/produkts\/kaku-skrapesanas-koks-petrebels-alexis-224-peleks\/#breadcrumb","itemListElement":[{"@type":"ListItem","position":1,"name":"Home","item":"https:\/\/miumjau.ee\/lv\/"},{"@type":"ListItem","position":2,"name":"Veikals","item":"https:\/\/miumjau.ee\/lv\/veikals\/"},{"@type":"ListItem","position":3,"name":"Ka\u0137u skr\u0101p\u0113\u0161anas koks Petrebels Alexis 224, pel\u0113ks"}]},{"@type":"WebSite","@id":"https:\/\/miumjau.ee\/#website","url":"https:\/\/miumjau.ee\/","name":"MiuMjau","description":"Kraapimispuud kassidele","publisher":{"@id":"https:\/\/miumjau.ee\/#organization"},"potentialAction":[{"@type":"SearchAction","target":{"@type":"EntryPoint","urlTemplate":"https:\/\/miumjau.ee\/?s={search_term_string}"},"query-input":{"@type":"PropertyValueSpecification","valueRequired":true,"valueName":"search_term_string"}}],"inLanguage":"lv-LV"},{"@type":"Organization","@id":"https:\/\/miumjau.ee\/#organization","name":"MiuMjau O\u00dc","url":"https:\/\/miumjau.ee\/","logo":{"@type":"ImageObject","inLanguage":"lv-LV","@id":"https:\/\/miumjau.ee\/#\/schema\/logo\/image\/","url":"https:\/\/miumjau.ee\/wp-content\/uploads\/2022\/04\/MiuMjau-logo-kollane.png","contentUrl":"https:\/\/miumjau.ee\/wp-content\/uploads\/2022\/04\/MiuMjau-logo-kollane.png","width":219,"height":100,"caption":"MiuMjau O\u00dc"},"image":{"@id":"https:\/\/miumjau.ee\/#\/schema\/logo\/image\/"},"sameAs":["https:\/\/www.facebook.com\/miumjaupood\/"]}]}},"_links":{"self":[{"href":"https:\/\/miumjau.ee\/lv\/wp-json\/wp\/v2\/product\/50480","targetHints":{"allow":["GET"]}}],"collection":[{"href":"https:\/\/miumjau.ee\/lv\/wp-json\/wp\/v2\/product"}],"about":[{"href":"https:\/\/miumjau.ee\/lv\/wp-json\/wp\/v2\/types\/product"}],"wp:featuredmedia":[{"embeddable":true,"href":"https:\/\/miumjau.ee\/lv\/wp-json\/wp\/v2\/media\/50481"}],"wp:attachment":[{"href":"https:\/\/miumjau.ee\/lv\/wp-json\/wp\/v2\/media?parent=50480"}],"wp:term":[{"taxonomy":"product_brand","embeddable":true,"href":"https:\/\/miumjau.ee\/lv\/wp-json\/wp\/v2\/product_brand?post=50480"},{"taxonomy":"product_cat","embeddable":true,"href":"https:\/\/miumjau.ee\/lv\/wp-json\/wp\/v2\/product_cat?post=50480"},{"taxonomy":"product_tag","embeddable":true,"href":"https:\/\/miumjau.ee\/lv\/wp-json\/wp\/v2\/product_tag?post=50480"}],"curies":[{"name":"wp","href":"https:\/\/api.w.org\/{rel}","templated":true}]}}