{"id":50465,"date":"2023-07-21T07:32:51","date_gmt":"2023-07-21T04:32:51","guid":{"rendered":"https:\/\/miumjau.ee\/toode\/kaku-skrapesanas-koks-petrebels-lodge-107-krems\/"},"modified":"2026-01-07T21:14:09","modified_gmt":"2026-01-07T19:14:09","slug":"kaku-skrapesanas-koks-petrebels-lodge-107-krems","status":"publish","type":"product","link":"https:\/\/miumjau.ee\/lv\/produkts\/kaku-skrapesanas-koks-petrebels-lodge-107-krems\/","title":{"rendered":"Ka\u0137u skr\u0101p\u0113\u0161anas koks Petrebels Lodge 107, kr\u0113ms"},"content":{"rendered":"","protected":false},"excerpt":{"rendered":"<p data-start=\"56\" data-end=\"578\">Skr\u0101p\u0113\u0161anas koks piem\u0113rots ka\u0137iem jebkur\u0101 vecum\u0101 \u2013 tas der gan ka\u0137\u0113niem, vid\u0113ja izm\u0113ra ka\u0137iem, lieliem ka\u0137iem, gan ar\u012b vec\u0101ka gadag\u0101juma ka\u0137iem. M\u0101ji\u0146a ir iztur\u012bga, stabila, liela un ar m\u012b\u013cu izskatu, iederas jebkur\u0101 m\u0101jokl\u012b. Ka\u0137\u0113ni \u0161eit var izt\u0113r\u0113t visu savu ener\u0123iju, jo k\u0101pel\u0113\u0161ana un skr\u0101p\u0113\u0161ana ir bezgal\u012bga. Aug\u0161pus\u0113 atrodas \u012bpa\u0161i m\u012bksta gu\u013cvieta skaist\u0101m atp\u016bt\u0101m. Protams, gul\u0113t var ar\u012b div\u0101s da\u017e\u0101d\u0101s m\u0101ji\u0146\u0101s. Apak\u0161\u0113j\u0101 \u013coti liel\u0101 m\u0101ji\u0146a ir atv\u0113rta, bet aug\u0161\u0113j\u0101 m\u0101ji\u0146a ir no s\u0101niem nosl\u0113gta, ja ka\u0137is v\u0113las priv\u0101tumu.<\/p>\n<p data-start=\"580\" data-end=\"765\">Ka\u0137u kokam ir sp\u0113c\u012bga skr\u0101p\u0113\u0161anas un rota\u013cu virve!<br data-start=\"630\" data-end=\"633\" \/>Kr\u0101sa: kr\u0113ms, sizala kr\u0101sa: dab\u012bga<br data-start=\"667\" data-end=\"670\" \/>Kop\u0113jie izm\u0113ri: 59 \u00d7 59 \u00d7 107\u202fcm (skat\u012bt papildus izm\u0113rus fotogr\u0101fij\u0101)<br data-start=\"740\" data-end=\"743\" \/>Sizala biezums: 6\u202fmm<\/p>\n<p data-start=\"767\" data-end=\"870\">Iepakojuma izm\u0113ri: 62 \u00d7 62 \u00d7 35\u202fcm<br data-start=\"801\" data-end=\"804\" \/>Produkta svars: 25,55\u202fkg<br data-start=\"828\" data-end=\"831\" \/>Produkta svars ar iepakojumu: 29,5\u202fkg<\/p>\n<p data-start=\"872\" data-end=\"1031\" data-is-last-node=\"\" data-is-only-node=\"\">Ra\u017eot\u0101js: <strong data-start=\"882\" data-end=\"895\">Petrebels<\/strong>, N\u012bderlandes kvalit\u0101te. \u012apa\u0161i kvalitat\u012bvi un \u0113rtie skr\u0101p\u0113\u0161anas koki kalpos gadiem ilgi un rot\u0101s j\u016bsu m\u0101jokli. J\u016bsu ka\u0137is b\u016bs pateic\u012bgs!<\/p>\n","protected":false},"featured_media":50474,"template":"","meta":[],"product_brand":[],"product_cat":[585,573],"product_tag":[],"class_list":{"0":"post-50465","1":"product","2":"type-product","3":"status-publish","4":"has-post-thumbnail","6":"product_cat-mazi-skrapesanas-koki-petrebels","7":"product_cat-kaup24-lv","8":"product_shipping_class-pakiautomaati-sobimatu-lv","10":"first","11":"instock","12":"sale","13":"taxable","14":"shipping-taxable","15":"purchasable","16":"product-type-simple"},"yoast_head":"<!-- This site is optimized with the Yoast SEO plugin v27.2 - https:\/\/yoast.com\/product\/yoast-seo-wordpress\/ -->\n<title>Ka\u0137u skr\u0101p\u0113\u0161anas koks Petrebels Lodge 107, kr\u0113ms - MiuMjau<\/title>\n<meta name=\"robots\" content=\"index, follow, max-snippet:-1, max-image-preview:large, max-video-preview:-1\" \/>\n<link rel=\"canonical\" href=\"https:\/\/miumjau.ee\/lv\/produkts\/kaku-skrapesanas-koks-petrebels-lodge-107-krems\/\" \/>\n<meta property=\"og:locale\" content=\"lv_LV\" \/>\n<meta property=\"og:type\" content=\"article\" \/>\n<meta property=\"og:title\" content=\"Ka\u0137u skr\u0101p\u0113\u0161anas koks Petrebels Lodge 107, kr\u0113ms - MiuMjau\" \/>\n<meta property=\"og:description\" content=\"Skr\u0101p\u0113\u0161anas koks piem\u0113rots ka\u0137iem jebkur\u0101 vecum\u0101 \u2013 tas der gan ka\u0137\u0113niem, vid\u0113ja izm\u0113ra ka\u0137iem, lieliem ka\u0137iem, gan ar\u012b vec\u0101ka gadag\u0101juma ka\u0137iem. M\u0101ji\u0146a ir iztur\u012bga, stabila, liela un ar m\u012b\u013cu izskatu, iederas jebkur\u0101 m\u0101jokl\u012b. Ka\u0137\u0113ni \u0161eit var izt\u0113r\u0113t visu savu ener\u0123iju, jo k\u0101pel\u0113\u0161ana un skr\u0101p\u0113\u0161ana ir bezgal\u012bga. Aug\u0161pus\u0113 atrodas \u012bpa\u0161i m\u012bksta gu\u013cvieta skaist\u0101m atp\u016bt\u0101m. Protams, gul\u0113t var ar\u012b div\u0101s da\u017e\u0101d\u0101s m\u0101ji\u0146\u0101s. Apak\u0161\u0113j\u0101 \u013coti liel\u0101 m\u0101ji\u0146a ir atv\u0113rta, bet aug\u0161\u0113j\u0101 m\u0101ji\u0146a ir no s\u0101niem nosl\u0113gta, ja ka\u0137is v\u0113las priv\u0101tumu. Ka\u0137u kokam ir sp\u0113c\u012bga skr\u0101p\u0113\u0161anas un rota\u013cu virve!Kr\u0101sa: kr\u0113ms, sizala kr\u0101sa: dab\u012bgaKop\u0113jie izm\u0113ri: 59 \u00d7 59 \u00d7 107\u202fcm (skat\u012bt papildus izm\u0113rus fotogr\u0101fij\u0101)Sizala biezums: 6\u202fmm Iepakojuma izm\u0113ri: 62 \u00d7 62 \u00d7 35\u202fcmProdukta svars: 25,55\u202fkgProdukta svars ar iepakojumu: 29,5\u202fkg Ra\u017eot\u0101js: Petrebels, N\u012bderlandes kvalit\u0101te. \u012apa\u0161i kvalitat\u012bvi un \u0113rtie skr\u0101p\u0113\u0161anas koki kalpos gadiem ilgi un rot\u0101s j\u016bsu m\u0101jokli. J\u016bsu ka\u0137is b\u016bs pateic\u012bgs!\" \/>\n<meta property=\"og:url\" content=\"https:\/\/miumjau.ee\/lv\/produkts\/kaku-skrapesanas-koks-petrebels-lodge-107-krems\/\" \/>\n<meta property=\"og:site_name\" content=\"MiuMjau\" \/>\n<meta property=\"article:publisher\" content=\"https:\/\/www.facebook.com\/miumjaupood\/\" \/>\n<meta property=\"article:modified_time\" content=\"2026-01-07T19:14:09+00:00\" \/>\n<meta property=\"og:image\" content=\"https:\/\/miumjau.ee\/wp-content\/uploads\/2023\/07\/Lodge107_cream_kassi_kraapimispuu2.jpg\" \/>\n\t<meta property=\"og:image:width\" content=\"600\" \/>\n\t<meta property=\"og:image:height\" content=\"800\" \/>\n\t<meta property=\"og:image:type\" content=\"image\/jpeg\" \/>\n<meta name=\"twitter:card\" content=\"summary_large_image\" \/>\n<script type=\"application\/ld+json\" class=\"yoast-schema-graph\">{\"@context\":\"https:\/\/schema.org\",\"@graph\":[{\"@type\":\"WebPage\",\"@id\":\"https:\/\/miumjau.ee\/lv\/produkts\/kaku-skrapesanas-koks-petrebels-lodge-107-krems\/\",\"url\":\"https:\/\/miumjau.ee\/lv\/produkts\/kaku-skrapesanas-koks-petrebels-lodge-107-krems\/\",\"name\":\"Ka\u0137u skr\u0101p\u0113\u0161anas koks Petrebels Lodge 107, kr\u0113ms - MiuMjau\",\"isPartOf\":{\"@id\":\"https:\/\/miumjau.ee\/#website\"},\"primaryImageOfPage\":{\"@id\":\"https:\/\/miumjau.ee\/lv\/produkts\/kaku-skrapesanas-koks-petrebels-lodge-107-krems\/#primaryimage\"},\"image\":{\"@id\":\"https:\/\/miumjau.ee\/lv\/produkts\/kaku-skrapesanas-koks-petrebels-lodge-107-krems\/#primaryimage\"},\"thumbnailUrl\":\"https:\/\/miumjau.ee\/wp-content\/uploads\/2023\/07\/Lodge107_cream_kassi_kraapimispuu2.jpg\",\"datePublished\":\"2023-07-21T04:32:51+00:00\",\"dateModified\":\"2026-01-07T19:14:09+00:00\",\"breadcrumb\":{\"@id\":\"https:\/\/miumjau.ee\/lv\/produkts\/kaku-skrapesanas-koks-petrebels-lodge-107-krems\/#breadcrumb\"},\"inLanguage\":\"lv-LV\",\"potentialAction\":[{\"@type\":\"ReadAction\",\"target\":[\"https:\/\/miumjau.ee\/lv\/produkts\/kaku-skrapesanas-koks-petrebels-lodge-107-krems\/\"]}]},{\"@type\":\"ImageObject\",\"inLanguage\":\"lv-LV\",\"@id\":\"https:\/\/miumjau.ee\/lv\/produkts\/kaku-skrapesanas-koks-petrebels-lodge-107-krems\/#primaryimage\",\"url\":\"https:\/\/miumjau.ee\/wp-content\/uploads\/2023\/07\/Lodge107_cream_kassi_kraapimispuu2.jpg\",\"contentUrl\":\"https:\/\/miumjau.ee\/wp-content\/uploads\/2023\/07\/Lodge107_cream_kassi_kraapimispuu2.jpg\",\"width\":600,\"height\":800},{\"@type\":\"BreadcrumbList\",\"@id\":\"https:\/\/miumjau.ee\/lv\/produkts\/kaku-skrapesanas-koks-petrebels-lodge-107-krems\/#breadcrumb\",\"itemListElement\":[{\"@type\":\"ListItem\",\"position\":1,\"name\":\"Home\",\"item\":\"https:\/\/miumjau.ee\/lv\/\"},{\"@type\":\"ListItem\",\"position\":2,\"name\":\"Veikals\",\"item\":\"https:\/\/miumjau.ee\/lv\/veikals\/\"},{\"@type\":\"ListItem\",\"position\":3,\"name\":\"Ka\u0137u skr\u0101p\u0113\u0161anas koks Petrebels Lodge 107, kr\u0113ms\"}]},{\"@type\":\"WebSite\",\"@id\":\"https:\/\/miumjau.ee\/#website\",\"url\":\"https:\/\/miumjau.ee\/\",\"name\":\"MiuMjau\",\"description\":\"Kraapimispuud kassidele\",\"publisher\":{\"@id\":\"https:\/\/miumjau.ee\/#organization\"},\"potentialAction\":[{\"@type\":\"SearchAction\",\"target\":{\"@type\":\"EntryPoint\",\"urlTemplate\":\"https:\/\/miumjau.ee\/?s={search_term_string}\"},\"query-input\":{\"@type\":\"PropertyValueSpecification\",\"valueRequired\":true,\"valueName\":\"search_term_string\"}}],\"inLanguage\":\"lv-LV\"},{\"@type\":\"Organization\",\"@id\":\"https:\/\/miumjau.ee\/#organization\",\"name\":\"MiuMjau O\u00dc\",\"url\":\"https:\/\/miumjau.ee\/\",\"logo\":{\"@type\":\"ImageObject\",\"inLanguage\":\"lv-LV\",\"@id\":\"https:\/\/miumjau.ee\/#\/schema\/logo\/image\/\",\"url\":\"https:\/\/miumjau.ee\/wp-content\/uploads\/2022\/04\/MiuMjau-logo-kollane.png\",\"contentUrl\":\"https:\/\/miumjau.ee\/wp-content\/uploads\/2022\/04\/MiuMjau-logo-kollane.png\",\"width\":219,\"height\":100,\"caption\":\"MiuMjau O\u00dc\"},\"image\":{\"@id\":\"https:\/\/miumjau.ee\/#\/schema\/logo\/image\/\"},\"sameAs\":[\"https:\/\/www.facebook.com\/miumjaupood\/\"]}]}<\/script>\n<!-- \/ Yoast SEO plugin. -->","yoast_head_json":{"title":"Ka\u0137u skr\u0101p\u0113\u0161anas koks Petrebels Lodge 107, kr\u0113ms - MiuMjau","robots":{"index":"index","follow":"follow","max-snippet":"max-snippet:-1","max-image-preview":"max-image-preview:large","max-video-preview":"max-video-preview:-1"},"canonical":"https:\/\/miumjau.ee\/lv\/produkts\/kaku-skrapesanas-koks-petrebels-lodge-107-krems\/","og_locale":"lv_LV","og_type":"article","og_title":"Ka\u0137u skr\u0101p\u0113\u0161anas koks Petrebels Lodge 107, kr\u0113ms - MiuMjau","og_description":"Skr\u0101p\u0113\u0161anas koks piem\u0113rots ka\u0137iem jebkur\u0101 vecum\u0101 \u2013 tas der gan ka\u0137\u0113niem, vid\u0113ja izm\u0113ra ka\u0137iem, lieliem ka\u0137iem, gan ar\u012b vec\u0101ka gadag\u0101juma ka\u0137iem. M\u0101ji\u0146a ir iztur\u012bga, stabila, liela un ar m\u012b\u013cu izskatu, iederas jebkur\u0101 m\u0101jokl\u012b. Ka\u0137\u0113ni \u0161eit var izt\u0113r\u0113t visu savu ener\u0123iju, jo k\u0101pel\u0113\u0161ana un skr\u0101p\u0113\u0161ana ir bezgal\u012bga. Aug\u0161pus\u0113 atrodas \u012bpa\u0161i m\u012bksta gu\u013cvieta skaist\u0101m atp\u016bt\u0101m. Protams, gul\u0113t var ar\u012b div\u0101s da\u017e\u0101d\u0101s m\u0101ji\u0146\u0101s. Apak\u0161\u0113j\u0101 \u013coti liel\u0101 m\u0101ji\u0146a ir atv\u0113rta, bet aug\u0161\u0113j\u0101 m\u0101ji\u0146a ir no s\u0101niem nosl\u0113gta, ja ka\u0137is v\u0113las priv\u0101tumu. Ka\u0137u kokam ir sp\u0113c\u012bga skr\u0101p\u0113\u0161anas un rota\u013cu virve!Kr\u0101sa: kr\u0113ms, sizala kr\u0101sa: dab\u012bgaKop\u0113jie izm\u0113ri: 59 \u00d7 59 \u00d7 107\u202fcm (skat\u012bt papildus izm\u0113rus fotogr\u0101fij\u0101)Sizala biezums: 6\u202fmm Iepakojuma izm\u0113ri: 62 \u00d7 62 \u00d7 35\u202fcmProdukta svars: 25,55\u202fkgProdukta svars ar iepakojumu: 29,5\u202fkg Ra\u017eot\u0101js: Petrebels, N\u012bderlandes kvalit\u0101te. \u012apa\u0161i kvalitat\u012bvi un \u0113rtie skr\u0101p\u0113\u0161anas koki kalpos gadiem ilgi un rot\u0101s j\u016bsu m\u0101jokli. J\u016bsu ka\u0137is b\u016bs pateic\u012bgs!","og_url":"https:\/\/miumjau.ee\/lv\/produkts\/kaku-skrapesanas-koks-petrebels-lodge-107-krems\/","og_site_name":"MiuMjau","article_publisher":"https:\/\/www.facebook.com\/miumjaupood\/","article_modified_time":"2026-01-07T19:14:09+00:00","og_image":[{"width":600,"height":800,"url":"https:\/\/miumjau.ee\/wp-content\/uploads\/2023\/07\/Lodge107_cream_kassi_kraapimispuu2.jpg","type":"image\/jpeg"}],"twitter_card":"summary_large_image","schema":{"@context":"https:\/\/schema.org","@graph":[{"@type":"WebPage","@id":"https:\/\/miumjau.ee\/lv\/produkts\/kaku-skrapesanas-koks-petrebels-lodge-107-krems\/","url":"https:\/\/miumjau.ee\/lv\/produkts\/kaku-skrapesanas-koks-petrebels-lodge-107-krems\/","name":"Ka\u0137u skr\u0101p\u0113\u0161anas koks Petrebels Lodge 107, kr\u0113ms - MiuMjau","isPartOf":{"@id":"https:\/\/miumjau.ee\/#website"},"primaryImageOfPage":{"@id":"https:\/\/miumjau.ee\/lv\/produkts\/kaku-skrapesanas-koks-petrebels-lodge-107-krems\/#primaryimage"},"image":{"@id":"https:\/\/miumjau.ee\/lv\/produkts\/kaku-skrapesanas-koks-petrebels-lodge-107-krems\/#primaryimage"},"thumbnailUrl":"https:\/\/miumjau.ee\/wp-content\/uploads\/2023\/07\/Lodge107_cream_kassi_kraapimispuu2.jpg","datePublished":"2023-07-21T04:32:51+00:00","dateModified":"2026-01-07T19:14:09+00:00","breadcrumb":{"@id":"https:\/\/miumjau.ee\/lv\/produkts\/kaku-skrapesanas-koks-petrebels-lodge-107-krems\/#breadcrumb"},"inLanguage":"lv-LV","potentialAction":[{"@type":"ReadAction","target":["https:\/\/miumjau.ee\/lv\/produkts\/kaku-skrapesanas-koks-petrebels-lodge-107-krems\/"]}]},{"@type":"ImageObject","inLanguage":"lv-LV","@id":"https:\/\/miumjau.ee\/lv\/produkts\/kaku-skrapesanas-koks-petrebels-lodge-107-krems\/#primaryimage","url":"https:\/\/miumjau.ee\/wp-content\/uploads\/2023\/07\/Lodge107_cream_kassi_kraapimispuu2.jpg","contentUrl":"https:\/\/miumjau.ee\/wp-content\/uploads\/2023\/07\/Lodge107_cream_kassi_kraapimispuu2.jpg","width":600,"height":800},{"@type":"BreadcrumbList","@id":"https:\/\/miumjau.ee\/lv\/produkts\/kaku-skrapesanas-koks-petrebels-lodge-107-krems\/#breadcrumb","itemListElement":[{"@type":"ListItem","position":1,"name":"Home","item":"https:\/\/miumjau.ee\/lv\/"},{"@type":"ListItem","position":2,"name":"Veikals","item":"https:\/\/miumjau.ee\/lv\/veikals\/"},{"@type":"ListItem","position":3,"name":"Ka\u0137u skr\u0101p\u0113\u0161anas koks Petrebels Lodge 107, kr\u0113ms"}]},{"@type":"WebSite","@id":"https:\/\/miumjau.ee\/#website","url":"https:\/\/miumjau.ee\/","name":"MiuMjau","description":"Kraapimispuud kassidele","publisher":{"@id":"https:\/\/miumjau.ee\/#organization"},"potentialAction":[{"@type":"SearchAction","target":{"@type":"EntryPoint","urlTemplate":"https:\/\/miumjau.ee\/?s={search_term_string}"},"query-input":{"@type":"PropertyValueSpecification","valueRequired":true,"valueName":"search_term_string"}}],"inLanguage":"lv-LV"},{"@type":"Organization","@id":"https:\/\/miumjau.ee\/#organization","name":"MiuMjau O\u00dc","url":"https:\/\/miumjau.ee\/","logo":{"@type":"ImageObject","inLanguage":"lv-LV","@id":"https:\/\/miumjau.ee\/#\/schema\/logo\/image\/","url":"https:\/\/miumjau.ee\/wp-content\/uploads\/2022\/04\/MiuMjau-logo-kollane.png","contentUrl":"https:\/\/miumjau.ee\/wp-content\/uploads\/2022\/04\/MiuMjau-logo-kollane.png","width":219,"height":100,"caption":"MiuMjau O\u00dc"},"image":{"@id":"https:\/\/miumjau.ee\/#\/schema\/logo\/image\/"},"sameAs":["https:\/\/www.facebook.com\/miumjaupood\/"]}]}},"_links":{"self":[{"href":"https:\/\/miumjau.ee\/lv\/wp-json\/wp\/v2\/product\/50465","targetHints":{"allow":["GET"]}}],"collection":[{"href":"https:\/\/miumjau.ee\/lv\/wp-json\/wp\/v2\/product"}],"about":[{"href":"https:\/\/miumjau.ee\/lv\/wp-json\/wp\/v2\/types\/product"}],"wp:featuredmedia":[{"embeddable":true,"href":"https:\/\/miumjau.ee\/lv\/wp-json\/wp\/v2\/media\/50474"}],"wp:attachment":[{"href":"https:\/\/miumjau.ee\/lv\/wp-json\/wp\/v2\/media?parent=50465"}],"wp:term":[{"taxonomy":"product_brand","embeddable":true,"href":"https:\/\/miumjau.ee\/lv\/wp-json\/wp\/v2\/product_brand?post=50465"},{"taxonomy":"product_cat","embeddable":true,"href":"https:\/\/miumjau.ee\/lv\/wp-json\/wp\/v2\/product_cat?post=50465"},{"taxonomy":"product_tag","embeddable":true,"href":"https:\/\/miumjau.ee\/lv\/wp-json\/wp\/v2\/product_tag?post=50465"}],"curies":[{"name":"wp","href":"https:\/\/api.w.org\/{rel}","templated":true}]}}