{"id":50447,"date":"2024-05-20T17:53:30","date_gmt":"2024-05-20T14:53:30","guid":{"rendered":"https:\/\/miumjau.ee\/toode\/kaku-kapelesanas-koks-petrebels-route-180-krems\/"},"modified":"2026-01-07T21:14:15","modified_gmt":"2026-01-07T19:14:15","slug":"kaku-kapelesanas-koks-petrebels-route-180-krems","status":"publish","type":"product","link":"https:\/\/miumjau.ee\/lv\/produkts\/kaku-kapelesanas-koks-petrebels-route-180-krems\/","title":{"rendered":"Ka\u0137u k\u0101pel\u0113\u0161anas koks Petrebels Route 180, kr\u0113ms"},"content":{"rendered":"","protected":false},"excerpt":{"rendered":"<p data-start=\"56\" data-end=\"527\">Ka\u0137u k\u0101pel\u0113\u0161anas koks <strong data-start=\"78\" data-end=\"91\">Route 180<\/strong> ir paredz\u0113ts \u012bstiem skr\u0101p\u0113\u0161anas entuziastiem, kuriem nav probl\u0113mu k\u0101pel\u0113t pa stabu. Tas ir piem\u0113rots ar\u012b liel\u0101kiem un smag\u0101kiem ka\u0137iem. Ja j\u016bsu ka\u0137is m\u012bl nov\u0113rot apk\u0101rt notieko\u0161o un atrasties augstum\u0101, <strong data-start=\"294\" data-end=\"307\">Route 180<\/strong> b\u016bs ide\u0101la izv\u0113le. Pateicoties vair\u0101kiem atp\u016btas punktiem, \u0161o produktu vienlaikus var izmantot vair\u0101ki ka\u0137i. Vietas pietiek \u2013 nav j\u0101str\u012bdas! Produkts ir kompakts, labi iederas jebkur\u0101 m\u0101jokl\u012b un neaiz\u0146em daudz vietas.<\/p>\n<p data-start=\"529\" data-end=\"578\">Produkta augstums: 180\u202fcm<br data-start=\"554\" data-end=\"557\" \/>Pamatne: 76 \u00d7 50\u202fcm<\/p>\n<p data-start=\"580\" data-end=\"917\">Maksim\u0101l\u0101 slodze pakarin\u0101majam gu\u013cvietam: 15\u202fkg. Ja jums ir liels ka\u0137is, kas ir tuvu \u0161ai slodzei, vai ja vair\u0101ki ka\u0137i tie\u0161\u0101m v\u0113las gul\u0113t kop\u0101 pakarin\u0101maj\u0101 \u0161\u016bpul\u012b, iesak\u0101m skat\u012bt <strong data-start=\"758\" data-end=\"771\">Route 210<\/strong> modeli, kuram pakarin\u0101m\u0101s gu\u013cvietas maksim\u0101l\u0101 slodze ir 25\u202fkg.<br data-start=\"834\" data-end=\"837\" \/>Stabu biezums ir at\u0161\u0137ir\u012bgs \u2013 da\u017ei stabi ir 12\u202fcm diametr\u0101, bet citi pat 15\u202fcm!<\/p>\n<p data-start=\"919\" data-end=\"1000\">Piez\u012bme: pakarin\u0101mais gu\u013cvieta un spilveni ir piem\u0113roti mazg\u0101\u0161anai ve\u013casma\u0161\u012bn\u0101.<\/p>\n<p data-start=\"1002\" data-end=\"1071\" data-is-last-node=\"\" data-is-only-node=\"\">Produkts tiek pieg\u0101d\u0101ts pirc\u0113jam div\u0101s kast\u0113s, kop\u0113jais svars: 48\u202fkg.<\/p>\n","protected":false},"featured_media":50451,"template":"","meta":[],"product_brand":[],"product_cat":[583,573],"product_tag":[],"class_list":{"0":"post-50447","1":"product","2":"type-product","3":"status-publish","4":"has-post-thumbnail","6":"product_cat-petrebels-produkti-smagiem-kakiem","7":"product_cat-kaup24-lv","8":"product_shipping_class-pakiautomaati-sobimatu-lv","10":"first","11":"instock","12":"taxable","13":"shipping-taxable","14":"purchasable","15":"product-type-simple"},"yoast_head":"<!-- This site is optimized with the Yoast SEO plugin v27.2 - https:\/\/yoast.com\/product\/yoast-seo-wordpress\/ -->\n<title>Ka\u0137u k\u0101pel\u0113\u0161anas koks Petrebels Route 180, kr\u0113ms - MiuMjau<\/title>\n<meta name=\"robots\" content=\"index, follow, max-snippet:-1, max-image-preview:large, max-video-preview:-1\" \/>\n<link rel=\"canonical\" href=\"https:\/\/miumjau.ee\/lv\/produkts\/kaku-kapelesanas-koks-petrebels-route-180-krems\/\" \/>\n<meta property=\"og:locale\" content=\"lv_LV\" \/>\n<meta property=\"og:type\" content=\"article\" \/>\n<meta property=\"og:title\" content=\"Ka\u0137u k\u0101pel\u0113\u0161anas koks Petrebels Route 180, kr\u0113ms - MiuMjau\" \/>\n<meta property=\"og:description\" content=\"Ka\u0137u k\u0101pel\u0113\u0161anas koks Route 180 ir paredz\u0113ts \u012bstiem skr\u0101p\u0113\u0161anas entuziastiem, kuriem nav probl\u0113mu k\u0101pel\u0113t pa stabu. Tas ir piem\u0113rots ar\u012b liel\u0101kiem un smag\u0101kiem ka\u0137iem. Ja j\u016bsu ka\u0137is m\u012bl nov\u0113rot apk\u0101rt notieko\u0161o un atrasties augstum\u0101, Route 180 b\u016bs ide\u0101la izv\u0113le. Pateicoties vair\u0101kiem atp\u016btas punktiem, \u0161o produktu vienlaikus var izmantot vair\u0101ki ka\u0137i. Vietas pietiek \u2013 nav j\u0101str\u012bdas! Produkts ir kompakts, labi iederas jebkur\u0101 m\u0101jokl\u012b un neaiz\u0146em daudz vietas. Produkta augstums: 180\u202fcmPamatne: 76 \u00d7 50\u202fcm Maksim\u0101l\u0101 slodze pakarin\u0101majam gu\u013cvietam: 15\u202fkg. Ja jums ir liels ka\u0137is, kas ir tuvu \u0161ai slodzei, vai ja vair\u0101ki ka\u0137i tie\u0161\u0101m v\u0113las gul\u0113t kop\u0101 pakarin\u0101maj\u0101 \u0161\u016bpul\u012b, iesak\u0101m skat\u012bt Route 210 modeli, kuram pakarin\u0101m\u0101s gu\u013cvietas maksim\u0101l\u0101 slodze ir 25\u202fkg.Stabu biezums ir at\u0161\u0137ir\u012bgs \u2013 da\u017ei stabi ir 12\u202fcm diametr\u0101, bet citi pat 15\u202fcm! Piez\u012bme: pakarin\u0101mais gu\u013cvieta un spilveni ir piem\u0113roti mazg\u0101\u0161anai ve\u013casma\u0161\u012bn\u0101. Produkts tiek pieg\u0101d\u0101ts pirc\u0113jam div\u0101s kast\u0113s, kop\u0113jais svars: 48\u202fkg.\" \/>\n<meta property=\"og:url\" content=\"https:\/\/miumjau.ee\/lv\/produkts\/kaku-kapelesanas-koks-petrebels-route-180-krems\/\" \/>\n<meta property=\"og:site_name\" content=\"MiuMjau\" \/>\n<meta property=\"article:publisher\" content=\"https:\/\/www.facebook.com\/miumjaupood\/\" \/>\n<meta property=\"article:modified_time\" content=\"2026-01-07T19:14:15+00:00\" \/>\n<meta property=\"og:image\" content=\"https:\/\/miumjau.ee\/wp-content\/uploads\/2024\/05\/ronimispuu-route180-kreem1.jpg\" \/>\n\t<meta property=\"og:image:width\" content=\"600\" \/>\n\t<meta property=\"og:image:height\" content=\"800\" \/>\n\t<meta property=\"og:image:type\" content=\"image\/jpeg\" \/>\n<meta name=\"twitter:card\" content=\"summary_large_image\" \/>\n<script type=\"application\/ld+json\" class=\"yoast-schema-graph\">{\"@context\":\"https:\/\/schema.org\",\"@graph\":[{\"@type\":\"WebPage\",\"@id\":\"https:\/\/miumjau.ee\/lv\/produkts\/kaku-kapelesanas-koks-petrebels-route-180-krems\/\",\"url\":\"https:\/\/miumjau.ee\/lv\/produkts\/kaku-kapelesanas-koks-petrebels-route-180-krems\/\",\"name\":\"Ka\u0137u k\u0101pel\u0113\u0161anas koks Petrebels Route 180, kr\u0113ms - MiuMjau\",\"isPartOf\":{\"@id\":\"https:\/\/miumjau.ee\/#website\"},\"primaryImageOfPage\":{\"@id\":\"https:\/\/miumjau.ee\/lv\/produkts\/kaku-kapelesanas-koks-petrebels-route-180-krems\/#primaryimage\"},\"image\":{\"@id\":\"https:\/\/miumjau.ee\/lv\/produkts\/kaku-kapelesanas-koks-petrebels-route-180-krems\/#primaryimage\"},\"thumbnailUrl\":\"https:\/\/miumjau.ee\/wp-content\/uploads\/2024\/05\/ronimispuu-route180-kreem1.jpg\",\"datePublished\":\"2024-05-20T14:53:30+00:00\",\"dateModified\":\"2026-01-07T19:14:15+00:00\",\"breadcrumb\":{\"@id\":\"https:\/\/miumjau.ee\/lv\/produkts\/kaku-kapelesanas-koks-petrebels-route-180-krems\/#breadcrumb\"},\"inLanguage\":\"lv-LV\",\"potentialAction\":[{\"@type\":\"ReadAction\",\"target\":[\"https:\/\/miumjau.ee\/lv\/produkts\/kaku-kapelesanas-koks-petrebels-route-180-krems\/\"]}]},{\"@type\":\"ImageObject\",\"inLanguage\":\"lv-LV\",\"@id\":\"https:\/\/miumjau.ee\/lv\/produkts\/kaku-kapelesanas-koks-petrebels-route-180-krems\/#primaryimage\",\"url\":\"https:\/\/miumjau.ee\/wp-content\/uploads\/2024\/05\/ronimispuu-route180-kreem1.jpg\",\"contentUrl\":\"https:\/\/miumjau.ee\/wp-content\/uploads\/2024\/05\/ronimispuu-route180-kreem1.jpg\",\"width\":600,\"height\":800},{\"@type\":\"BreadcrumbList\",\"@id\":\"https:\/\/miumjau.ee\/lv\/produkts\/kaku-kapelesanas-koks-petrebels-route-180-krems\/#breadcrumb\",\"itemListElement\":[{\"@type\":\"ListItem\",\"position\":1,\"name\":\"Home\",\"item\":\"https:\/\/miumjau.ee\/lv\/\"},{\"@type\":\"ListItem\",\"position\":2,\"name\":\"Veikals\",\"item\":\"https:\/\/miumjau.ee\/lv\/veikals\/\"},{\"@type\":\"ListItem\",\"position\":3,\"name\":\"Ka\u0137u k\u0101pel\u0113\u0161anas koks Petrebels Route 180, kr\u0113ms\"}]},{\"@type\":\"WebSite\",\"@id\":\"https:\/\/miumjau.ee\/#website\",\"url\":\"https:\/\/miumjau.ee\/\",\"name\":\"MiuMjau\",\"description\":\"Kraapimispuud kassidele\",\"publisher\":{\"@id\":\"https:\/\/miumjau.ee\/#organization\"},\"potentialAction\":[{\"@type\":\"SearchAction\",\"target\":{\"@type\":\"EntryPoint\",\"urlTemplate\":\"https:\/\/miumjau.ee\/?s={search_term_string}\"},\"query-input\":{\"@type\":\"PropertyValueSpecification\",\"valueRequired\":true,\"valueName\":\"search_term_string\"}}],\"inLanguage\":\"lv-LV\"},{\"@type\":\"Organization\",\"@id\":\"https:\/\/miumjau.ee\/#organization\",\"name\":\"MiuMjau O\u00dc\",\"url\":\"https:\/\/miumjau.ee\/\",\"logo\":{\"@type\":\"ImageObject\",\"inLanguage\":\"lv-LV\",\"@id\":\"https:\/\/miumjau.ee\/#\/schema\/logo\/image\/\",\"url\":\"https:\/\/miumjau.ee\/wp-content\/uploads\/2022\/04\/MiuMjau-logo-kollane.png\",\"contentUrl\":\"https:\/\/miumjau.ee\/wp-content\/uploads\/2022\/04\/MiuMjau-logo-kollane.png\",\"width\":219,\"height\":100,\"caption\":\"MiuMjau O\u00dc\"},\"image\":{\"@id\":\"https:\/\/miumjau.ee\/#\/schema\/logo\/image\/\"},\"sameAs\":[\"https:\/\/www.facebook.com\/miumjaupood\/\"]}]}<\/script>\n<!-- \/ Yoast SEO plugin. -->","yoast_head_json":{"title":"Ka\u0137u k\u0101pel\u0113\u0161anas koks Petrebels Route 180, kr\u0113ms - MiuMjau","robots":{"index":"index","follow":"follow","max-snippet":"max-snippet:-1","max-image-preview":"max-image-preview:large","max-video-preview":"max-video-preview:-1"},"canonical":"https:\/\/miumjau.ee\/lv\/produkts\/kaku-kapelesanas-koks-petrebels-route-180-krems\/","og_locale":"lv_LV","og_type":"article","og_title":"Ka\u0137u k\u0101pel\u0113\u0161anas koks Petrebels Route 180, kr\u0113ms - MiuMjau","og_description":"Ka\u0137u k\u0101pel\u0113\u0161anas koks Route 180 ir paredz\u0113ts \u012bstiem skr\u0101p\u0113\u0161anas entuziastiem, kuriem nav probl\u0113mu k\u0101pel\u0113t pa stabu. Tas ir piem\u0113rots ar\u012b liel\u0101kiem un smag\u0101kiem ka\u0137iem. Ja j\u016bsu ka\u0137is m\u012bl nov\u0113rot apk\u0101rt notieko\u0161o un atrasties augstum\u0101, Route 180 b\u016bs ide\u0101la izv\u0113le. Pateicoties vair\u0101kiem atp\u016btas punktiem, \u0161o produktu vienlaikus var izmantot vair\u0101ki ka\u0137i. Vietas pietiek \u2013 nav j\u0101str\u012bdas! Produkts ir kompakts, labi iederas jebkur\u0101 m\u0101jokl\u012b un neaiz\u0146em daudz vietas. Produkta augstums: 180\u202fcmPamatne: 76 \u00d7 50\u202fcm Maksim\u0101l\u0101 slodze pakarin\u0101majam gu\u013cvietam: 15\u202fkg. Ja jums ir liels ka\u0137is, kas ir tuvu \u0161ai slodzei, vai ja vair\u0101ki ka\u0137i tie\u0161\u0101m v\u0113las gul\u0113t kop\u0101 pakarin\u0101maj\u0101 \u0161\u016bpul\u012b, iesak\u0101m skat\u012bt Route 210 modeli, kuram pakarin\u0101m\u0101s gu\u013cvietas maksim\u0101l\u0101 slodze ir 25\u202fkg.Stabu biezums ir at\u0161\u0137ir\u012bgs \u2013 da\u017ei stabi ir 12\u202fcm diametr\u0101, bet citi pat 15\u202fcm! Piez\u012bme: pakarin\u0101mais gu\u013cvieta un spilveni ir piem\u0113roti mazg\u0101\u0161anai ve\u013casma\u0161\u012bn\u0101. Produkts tiek pieg\u0101d\u0101ts pirc\u0113jam div\u0101s kast\u0113s, kop\u0113jais svars: 48\u202fkg.","og_url":"https:\/\/miumjau.ee\/lv\/produkts\/kaku-kapelesanas-koks-petrebels-route-180-krems\/","og_site_name":"MiuMjau","article_publisher":"https:\/\/www.facebook.com\/miumjaupood\/","article_modified_time":"2026-01-07T19:14:15+00:00","og_image":[{"width":600,"height":800,"url":"https:\/\/miumjau.ee\/wp-content\/uploads\/2024\/05\/ronimispuu-route180-kreem1.jpg","type":"image\/jpeg"}],"twitter_card":"summary_large_image","schema":{"@context":"https:\/\/schema.org","@graph":[{"@type":"WebPage","@id":"https:\/\/miumjau.ee\/lv\/produkts\/kaku-kapelesanas-koks-petrebels-route-180-krems\/","url":"https:\/\/miumjau.ee\/lv\/produkts\/kaku-kapelesanas-koks-petrebels-route-180-krems\/","name":"Ka\u0137u k\u0101pel\u0113\u0161anas koks Petrebels Route 180, kr\u0113ms - MiuMjau","isPartOf":{"@id":"https:\/\/miumjau.ee\/#website"},"primaryImageOfPage":{"@id":"https:\/\/miumjau.ee\/lv\/produkts\/kaku-kapelesanas-koks-petrebels-route-180-krems\/#primaryimage"},"image":{"@id":"https:\/\/miumjau.ee\/lv\/produkts\/kaku-kapelesanas-koks-petrebels-route-180-krems\/#primaryimage"},"thumbnailUrl":"https:\/\/miumjau.ee\/wp-content\/uploads\/2024\/05\/ronimispuu-route180-kreem1.jpg","datePublished":"2024-05-20T14:53:30+00:00","dateModified":"2026-01-07T19:14:15+00:00","breadcrumb":{"@id":"https:\/\/miumjau.ee\/lv\/produkts\/kaku-kapelesanas-koks-petrebels-route-180-krems\/#breadcrumb"},"inLanguage":"lv-LV","potentialAction":[{"@type":"ReadAction","target":["https:\/\/miumjau.ee\/lv\/produkts\/kaku-kapelesanas-koks-petrebels-route-180-krems\/"]}]},{"@type":"ImageObject","inLanguage":"lv-LV","@id":"https:\/\/miumjau.ee\/lv\/produkts\/kaku-kapelesanas-koks-petrebels-route-180-krems\/#primaryimage","url":"https:\/\/miumjau.ee\/wp-content\/uploads\/2024\/05\/ronimispuu-route180-kreem1.jpg","contentUrl":"https:\/\/miumjau.ee\/wp-content\/uploads\/2024\/05\/ronimispuu-route180-kreem1.jpg","width":600,"height":800},{"@type":"BreadcrumbList","@id":"https:\/\/miumjau.ee\/lv\/produkts\/kaku-kapelesanas-koks-petrebels-route-180-krems\/#breadcrumb","itemListElement":[{"@type":"ListItem","position":1,"name":"Home","item":"https:\/\/miumjau.ee\/lv\/"},{"@type":"ListItem","position":2,"name":"Veikals","item":"https:\/\/miumjau.ee\/lv\/veikals\/"},{"@type":"ListItem","position":3,"name":"Ka\u0137u k\u0101pel\u0113\u0161anas koks Petrebels Route 180, kr\u0113ms"}]},{"@type":"WebSite","@id":"https:\/\/miumjau.ee\/#website","url":"https:\/\/miumjau.ee\/","name":"MiuMjau","description":"Kraapimispuud kassidele","publisher":{"@id":"https:\/\/miumjau.ee\/#organization"},"potentialAction":[{"@type":"SearchAction","target":{"@type":"EntryPoint","urlTemplate":"https:\/\/miumjau.ee\/?s={search_term_string}"},"query-input":{"@type":"PropertyValueSpecification","valueRequired":true,"valueName":"search_term_string"}}],"inLanguage":"lv-LV"},{"@type":"Organization","@id":"https:\/\/miumjau.ee\/#organization","name":"MiuMjau O\u00dc","url":"https:\/\/miumjau.ee\/","logo":{"@type":"ImageObject","inLanguage":"lv-LV","@id":"https:\/\/miumjau.ee\/#\/schema\/logo\/image\/","url":"https:\/\/miumjau.ee\/wp-content\/uploads\/2022\/04\/MiuMjau-logo-kollane.png","contentUrl":"https:\/\/miumjau.ee\/wp-content\/uploads\/2022\/04\/MiuMjau-logo-kollane.png","width":219,"height":100,"caption":"MiuMjau O\u00dc"},"image":{"@id":"https:\/\/miumjau.ee\/#\/schema\/logo\/image\/"},"sameAs":["https:\/\/www.facebook.com\/miumjaupood\/"]}]}},"_links":{"self":[{"href":"https:\/\/miumjau.ee\/lv\/wp-json\/wp\/v2\/product\/50447","targetHints":{"allow":["GET"]}}],"collection":[{"href":"https:\/\/miumjau.ee\/lv\/wp-json\/wp\/v2\/product"}],"about":[{"href":"https:\/\/miumjau.ee\/lv\/wp-json\/wp\/v2\/types\/product"}],"wp:featuredmedia":[{"embeddable":true,"href":"https:\/\/miumjau.ee\/lv\/wp-json\/wp\/v2\/media\/50451"}],"wp:attachment":[{"href":"https:\/\/miumjau.ee\/lv\/wp-json\/wp\/v2\/media?parent=50447"}],"wp:term":[{"taxonomy":"product_brand","embeddable":true,"href":"https:\/\/miumjau.ee\/lv\/wp-json\/wp\/v2\/product_brand?post=50447"},{"taxonomy":"product_cat","embeddable":true,"href":"https:\/\/miumjau.ee\/lv\/wp-json\/wp\/v2\/product_cat?post=50447"},{"taxonomy":"product_tag","embeddable":true,"href":"https:\/\/miumjau.ee\/lv\/wp-json\/wp\/v2\/product_tag?post=50447"}],"curies":[{"name":"wp","href":"https:\/\/api.w.org\/{rel}","templated":true}]}}