{"id":50445,"date":"2024-04-11T16:54:22","date_gmt":"2024-04-11T13:54:22","guid":{"rendered":"https:\/\/miumjau.ee\/toode\/kaku-apmatojuma-nonemejs-mebelem-petrebels-lucky-7\/"},"modified":"2026-01-07T21:14:15","modified_gmt":"2026-01-07T19:14:15","slug":"kaku-apmatojuma-nonemejs-mebelem-petrebels-lucky-7","status":"publish","type":"product","link":"https:\/\/miumjau.ee\/lv\/produkts\/kaku-apmatojuma-nonemejs-mebelem-petrebels-lucky-7\/","title":{"rendered":"Ka\u0137u apmatojuma no\u0146\u0113m\u0113js m\u0113bel\u0113m Petrebels Lucky 7"},"content":{"rendered":"","protected":false},"excerpt":{"rendered":"<p data-start=\"58\" data-end=\"400\">Ka\u0137u apmatojuma no\u0146\u0113m\u0113js <strong data-start=\"83\" data-end=\"96\">PETREBELS<\/strong> ir rad\u012bts, dom\u0101jot par j\u016bsu p\u016bkainajiem m\u012blu\u013ciem. Nav nek\u0101 jauna, ka pat viskopt\u0101kajiem ka\u0137iem nokr\u012bt mati. Visvair\u0101k cietu\u0161\u0101s vietas ir m\u012bkst\u0101s skr\u0101p\u0113\u0161anas stabu da\u013cas un m\u012bkst\u0101s m\u0113beles. <strong data-start=\"286\" data-end=\"300\">Lucky No.7<\/strong> ir unik\u0101ls un lietot\u0101jam draudz\u012bgs produkts, piem\u0113rots gan \u012bsas, gan garas apmatojuma no\u0146em\u0161anai.<\/p>\n<p data-start=\"402\" data-end=\"443\">Izm\u0113ri: 17 \u00d7 11 \u00d7 1\u202fcm<br data-start=\"424\" data-end=\"427\" \/>Svars: 0,25\u202fkg<\/p>\n<p data-start=\"475\" data-end=\"888\">Suka viegli no\u0146em visus ka\u0137u matus no skr\u0101p\u0113\u0161anas stabiem, gu\u013cviet\u0101m, k\u0101pn\u0113m, d\u012bv\u0101niem, gult\u0101m utt. \u0160o kompakt\u0101 7\u2011t\u0101s formas modeli var izmantot ab\u0101m pus\u0113m. \u012as\u0101 violet\u0101 puse piem\u0113rota smalkiem audumiem, piem\u0113ram, \u0101das polster\u0113jumam, bet balt\u0101 gumijas puse galvenok\u0101rt piem\u0113rota pl\u012b\u0161a audumiem (skr\u0101p\u0113\u0161anas stabi) un citiem audumiem ar augst\u0101kiem \u0161\u0137iedru galiem. T\u012br\u012b\u0161anas atvieglo\u0161anai balt\u0101 virsma ir no\u0146emama.<\/p>\n<p data-start=\"890\" data-end=\"1147\">ABS plastmasas rokturis padara \u0161o ka\u0137u apmatojuma no\u0146\u0113m\u0113ju \u013coti iztur\u012bgu, bet glud\u0101s malas padara lieto\u0161anu piln\u012bgi dro\u0161u. \u0160\u012b suka ir piem\u0113rota gan \u012bspukainiem, gan garspukainiem ka\u0137iem un viegli no\u0146em visus kaitino\u0161os matus. Dz\u012bve k\u013c\u016bs daudz vienk\u0101r\u0161\u0101ka!<\/p>\n<p data-start=\"1149\" data-end=\"1169\" data-is-last-node=\"\" data-is-only-node=\"\"><strong data-start=\"1149\" data-end=\"1169\" data-is-last-node=\"\">Pieejams uzreiz!<\/strong><\/p>\n","protected":false},"featured_media":50446,"template":"","meta":[],"product_brand":[],"product_cat":[589],"product_tag":[],"class_list":{"0":"post-50445","1":"product","2":"type-product","3":"status-publish","4":"has-post-thumbnail","6":"product_cat-citi-piederumi","8":"first","9":"instock","10":"sale","11":"taxable","12":"shipping-taxable","13":"purchasable","14":"product-type-simple"},"yoast_head":"<!-- This site is optimized with the Yoast SEO plugin v27.4 - https:\/\/yoast.com\/product\/yoast-seo-wordpress\/ -->\n<title>Ka\u0137u apmatojuma no\u0146\u0113m\u0113js m\u0113bel\u0113m Petrebels Lucky 7 - MiuMjau<\/title>\n<meta name=\"robots\" content=\"index, follow, max-snippet:-1, max-image-preview:large, max-video-preview:-1\" \/>\n<link rel=\"canonical\" href=\"https:\/\/miumjau.ee\/lv\/produkts\/kaku-apmatojuma-nonemejs-mebelem-petrebels-lucky-7\/\" \/>\n<meta property=\"og:locale\" content=\"lv_LV\" \/>\n<meta property=\"og:type\" content=\"article\" \/>\n<meta property=\"og:title\" content=\"Ka\u0137u apmatojuma no\u0146\u0113m\u0113js m\u0113bel\u0113m Petrebels Lucky 7 - MiuMjau\" \/>\n<meta property=\"og:description\" content=\"Ka\u0137u apmatojuma no\u0146\u0113m\u0113js PETREBELS ir rad\u012bts, dom\u0101jot par j\u016bsu p\u016bkainajiem m\u012blu\u013ciem. Nav nek\u0101 jauna, ka pat viskopt\u0101kajiem ka\u0137iem nokr\u012bt mati. Visvair\u0101k cietu\u0161\u0101s vietas ir m\u012bkst\u0101s skr\u0101p\u0113\u0161anas stabu da\u013cas un m\u012bkst\u0101s m\u0113beles. Lucky No.7 ir unik\u0101ls un lietot\u0101jam draudz\u012bgs produkts, piem\u0113rots gan \u012bsas, gan garas apmatojuma no\u0146em\u0161anai. Izm\u0113ri: 17 \u00d7 11 \u00d7 1\u202fcmSvars: 0,25\u202fkg Suka viegli no\u0146em visus ka\u0137u matus no skr\u0101p\u0113\u0161anas stabiem, gu\u013cviet\u0101m, k\u0101pn\u0113m, d\u012bv\u0101niem, gult\u0101m utt. \u0160o kompakt\u0101 7\u2011t\u0101s formas modeli var izmantot ab\u0101m pus\u0113m. \u012as\u0101 violet\u0101 puse piem\u0113rota smalkiem audumiem, piem\u0113ram, \u0101das polster\u0113jumam, bet balt\u0101 gumijas puse galvenok\u0101rt piem\u0113rota pl\u012b\u0161a audumiem (skr\u0101p\u0113\u0161anas stabi) un citiem audumiem ar augst\u0101kiem \u0161\u0137iedru galiem. T\u012br\u012b\u0161anas atvieglo\u0161anai balt\u0101 virsma ir no\u0146emama. ABS plastmasas rokturis padara \u0161o ka\u0137u apmatojuma no\u0146\u0113m\u0113ju \u013coti iztur\u012bgu, bet glud\u0101s malas padara lieto\u0161anu piln\u012bgi dro\u0161u. \u0160\u012b suka ir piem\u0113rota gan \u012bspukainiem, gan garspukainiem ka\u0137iem un viegli no\u0146em visus kaitino\u0161os matus. Dz\u012bve k\u013c\u016bs daudz vienk\u0101r\u0161\u0101ka! Pieejams uzreiz!\" \/>\n<meta property=\"og:url\" content=\"https:\/\/miumjau.ee\/lv\/produkts\/kaku-apmatojuma-nonemejs-mebelem-petrebels-lucky-7\/\" \/>\n<meta property=\"og:site_name\" content=\"MiuMjau\" \/>\n<meta property=\"article:publisher\" content=\"https:\/\/www.facebook.com\/miumjaupood\/\" \/>\n<meta property=\"article:modified_time\" content=\"2026-01-07T19:14:15+00:00\" \/>\n<meta property=\"og:image\" content=\"https:\/\/miumjau.ee\/wp-content\/uploads\/2024\/04\/karvade-eemaldaja-lucky8.jpg\" \/>\n\t<meta property=\"og:image:width\" content=\"900\" \/>\n\t<meta property=\"og:image:height\" content=\"1200\" \/>\n\t<meta property=\"og:image:type\" content=\"image\/jpeg\" \/>\n<meta name=\"twitter:card\" content=\"summary_large_image\" \/>\n<script type=\"application\/ld+json\" class=\"yoast-schema-graph\">{\"@context\":\"https:\\\/\\\/schema.org\",\"@graph\":[{\"@type\":\"WebPage\",\"@id\":\"https:\\\/\\\/miumjau.ee\\\/lv\\\/produkts\\\/kaku-apmatojuma-nonemejs-mebelem-petrebels-lucky-7\\\/\",\"url\":\"https:\\\/\\\/miumjau.ee\\\/lv\\\/produkts\\\/kaku-apmatojuma-nonemejs-mebelem-petrebels-lucky-7\\\/\",\"name\":\"Ka\u0137u apmatojuma no\u0146\u0113m\u0113js m\u0113bel\u0113m Petrebels Lucky 7 - MiuMjau\",\"isPartOf\":{\"@id\":\"https:\\\/\\\/miumjau.ee\\\/#website\"},\"primaryImageOfPage\":{\"@id\":\"https:\\\/\\\/miumjau.ee\\\/lv\\\/produkts\\\/kaku-apmatojuma-nonemejs-mebelem-petrebels-lucky-7\\\/#primaryimage\"},\"image\":{\"@id\":\"https:\\\/\\\/miumjau.ee\\\/lv\\\/produkts\\\/kaku-apmatojuma-nonemejs-mebelem-petrebels-lucky-7\\\/#primaryimage\"},\"thumbnailUrl\":\"https:\\\/\\\/miumjau.ee\\\/wp-content\\\/uploads\\\/2024\\\/04\\\/karvade-eemaldaja-lucky8.jpg\",\"datePublished\":\"2024-04-11T13:54:22+00:00\",\"dateModified\":\"2026-01-07T19:14:15+00:00\",\"breadcrumb\":{\"@id\":\"https:\\\/\\\/miumjau.ee\\\/lv\\\/produkts\\\/kaku-apmatojuma-nonemejs-mebelem-petrebels-lucky-7\\\/#breadcrumb\"},\"inLanguage\":\"lv-LV\",\"potentialAction\":[{\"@type\":\"ReadAction\",\"target\":[\"https:\\\/\\\/miumjau.ee\\\/lv\\\/produkts\\\/kaku-apmatojuma-nonemejs-mebelem-petrebels-lucky-7\\\/\"]}]},{\"@type\":\"ImageObject\",\"inLanguage\":\"lv-LV\",\"@id\":\"https:\\\/\\\/miumjau.ee\\\/lv\\\/produkts\\\/kaku-apmatojuma-nonemejs-mebelem-petrebels-lucky-7\\\/#primaryimage\",\"url\":\"https:\\\/\\\/miumjau.ee\\\/wp-content\\\/uploads\\\/2024\\\/04\\\/karvade-eemaldaja-lucky8.jpg\",\"contentUrl\":\"https:\\\/\\\/miumjau.ee\\\/wp-content\\\/uploads\\\/2024\\\/04\\\/karvade-eemaldaja-lucky8.jpg\",\"width\":900,\"height\":1200},{\"@type\":\"BreadcrumbList\",\"@id\":\"https:\\\/\\\/miumjau.ee\\\/lv\\\/produkts\\\/kaku-apmatojuma-nonemejs-mebelem-petrebels-lucky-7\\\/#breadcrumb\",\"itemListElement\":[{\"@type\":\"ListItem\",\"position\":1,\"name\":\"Home\",\"item\":\"https:\\\/\\\/miumjau.ee\\\/lv\\\/\"},{\"@type\":\"ListItem\",\"position\":2,\"name\":\"Veikals\",\"item\":\"https:\\\/\\\/miumjau.ee\\\/lv\\\/veikals\\\/\"},{\"@type\":\"ListItem\",\"position\":3,\"name\":\"Ka\u0137u apmatojuma no\u0146\u0113m\u0113js m\u0113bel\u0113m Petrebels Lucky 7\"}]},{\"@type\":\"WebSite\",\"@id\":\"https:\\\/\\\/miumjau.ee\\\/#website\",\"url\":\"https:\\\/\\\/miumjau.ee\\\/\",\"name\":\"MiuMjau\",\"description\":\"Kraapimispuud kassidele\",\"publisher\":{\"@id\":\"https:\\\/\\\/miumjau.ee\\\/#organization\"},\"potentialAction\":[{\"@type\":\"SearchAction\",\"target\":{\"@type\":\"EntryPoint\",\"urlTemplate\":\"https:\\\/\\\/miumjau.ee\\\/?s={search_term_string}\"},\"query-input\":{\"@type\":\"PropertyValueSpecification\",\"valueRequired\":true,\"valueName\":\"search_term_string\"}}],\"inLanguage\":\"lv-LV\"},{\"@type\":\"Organization\",\"@id\":\"https:\\\/\\\/miumjau.ee\\\/#organization\",\"name\":\"MiuMjau O\u00dc\",\"url\":\"https:\\\/\\\/miumjau.ee\\\/\",\"logo\":{\"@type\":\"ImageObject\",\"inLanguage\":\"lv-LV\",\"@id\":\"https:\\\/\\\/miumjau.ee\\\/#\\\/schema\\\/logo\\\/image\\\/\",\"url\":\"https:\\\/\\\/miumjau.ee\\\/wp-content\\\/uploads\\\/2022\\\/04\\\/MiuMjau-logo-kollane.png\",\"contentUrl\":\"https:\\\/\\\/miumjau.ee\\\/wp-content\\\/uploads\\\/2022\\\/04\\\/MiuMjau-logo-kollane.png\",\"width\":219,\"height\":100,\"caption\":\"MiuMjau O\u00dc\"},\"image\":{\"@id\":\"https:\\\/\\\/miumjau.ee\\\/#\\\/schema\\\/logo\\\/image\\\/\"},\"sameAs\":[\"https:\\\/\\\/www.facebook.com\\\/miumjaupood\\\/\"]}]}<\/script>\n<!-- \/ Yoast SEO plugin. -->","yoast_head_json":{"title":"Ka\u0137u apmatojuma no\u0146\u0113m\u0113js m\u0113bel\u0113m Petrebels Lucky 7 - MiuMjau","robots":{"index":"index","follow":"follow","max-snippet":"max-snippet:-1","max-image-preview":"max-image-preview:large","max-video-preview":"max-video-preview:-1"},"canonical":"https:\/\/miumjau.ee\/lv\/produkts\/kaku-apmatojuma-nonemejs-mebelem-petrebels-lucky-7\/","og_locale":"lv_LV","og_type":"article","og_title":"Ka\u0137u apmatojuma no\u0146\u0113m\u0113js m\u0113bel\u0113m Petrebels Lucky 7 - MiuMjau","og_description":"Ka\u0137u apmatojuma no\u0146\u0113m\u0113js PETREBELS ir rad\u012bts, dom\u0101jot par j\u016bsu p\u016bkainajiem m\u012blu\u013ciem. Nav nek\u0101 jauna, ka pat viskopt\u0101kajiem ka\u0137iem nokr\u012bt mati. Visvair\u0101k cietu\u0161\u0101s vietas ir m\u012bkst\u0101s skr\u0101p\u0113\u0161anas stabu da\u013cas un m\u012bkst\u0101s m\u0113beles. Lucky No.7 ir unik\u0101ls un lietot\u0101jam draudz\u012bgs produkts, piem\u0113rots gan \u012bsas, gan garas apmatojuma no\u0146em\u0161anai. Izm\u0113ri: 17 \u00d7 11 \u00d7 1\u202fcmSvars: 0,25\u202fkg Suka viegli no\u0146em visus ka\u0137u matus no skr\u0101p\u0113\u0161anas stabiem, gu\u013cviet\u0101m, k\u0101pn\u0113m, d\u012bv\u0101niem, gult\u0101m utt. \u0160o kompakt\u0101 7\u2011t\u0101s formas modeli var izmantot ab\u0101m pus\u0113m. \u012as\u0101 violet\u0101 puse piem\u0113rota smalkiem audumiem, piem\u0113ram, \u0101das polster\u0113jumam, bet balt\u0101 gumijas puse galvenok\u0101rt piem\u0113rota pl\u012b\u0161a audumiem (skr\u0101p\u0113\u0161anas stabi) un citiem audumiem ar augst\u0101kiem \u0161\u0137iedru galiem. T\u012br\u012b\u0161anas atvieglo\u0161anai balt\u0101 virsma ir no\u0146emama. ABS plastmasas rokturis padara \u0161o ka\u0137u apmatojuma no\u0146\u0113m\u0113ju \u013coti iztur\u012bgu, bet glud\u0101s malas padara lieto\u0161anu piln\u012bgi dro\u0161u. \u0160\u012b suka ir piem\u0113rota gan \u012bspukainiem, gan garspukainiem ka\u0137iem un viegli no\u0146em visus kaitino\u0161os matus. Dz\u012bve k\u013c\u016bs daudz vienk\u0101r\u0161\u0101ka! Pieejams uzreiz!","og_url":"https:\/\/miumjau.ee\/lv\/produkts\/kaku-apmatojuma-nonemejs-mebelem-petrebels-lucky-7\/","og_site_name":"MiuMjau","article_publisher":"https:\/\/www.facebook.com\/miumjaupood\/","article_modified_time":"2026-01-07T19:14:15+00:00","og_image":[{"width":900,"height":1200,"url":"https:\/\/miumjau.ee\/wp-content\/uploads\/2024\/04\/karvade-eemaldaja-lucky8.jpg","type":"image\/jpeg"}],"twitter_card":"summary_large_image","schema":{"@context":"https:\/\/schema.org","@graph":[{"@type":"WebPage","@id":"https:\/\/miumjau.ee\/lv\/produkts\/kaku-apmatojuma-nonemejs-mebelem-petrebels-lucky-7\/","url":"https:\/\/miumjau.ee\/lv\/produkts\/kaku-apmatojuma-nonemejs-mebelem-petrebels-lucky-7\/","name":"Ka\u0137u apmatojuma no\u0146\u0113m\u0113js m\u0113bel\u0113m Petrebels Lucky 7 - MiuMjau","isPartOf":{"@id":"https:\/\/miumjau.ee\/#website"},"primaryImageOfPage":{"@id":"https:\/\/miumjau.ee\/lv\/produkts\/kaku-apmatojuma-nonemejs-mebelem-petrebels-lucky-7\/#primaryimage"},"image":{"@id":"https:\/\/miumjau.ee\/lv\/produkts\/kaku-apmatojuma-nonemejs-mebelem-petrebels-lucky-7\/#primaryimage"},"thumbnailUrl":"https:\/\/miumjau.ee\/wp-content\/uploads\/2024\/04\/karvade-eemaldaja-lucky8.jpg","datePublished":"2024-04-11T13:54:22+00:00","dateModified":"2026-01-07T19:14:15+00:00","breadcrumb":{"@id":"https:\/\/miumjau.ee\/lv\/produkts\/kaku-apmatojuma-nonemejs-mebelem-petrebels-lucky-7\/#breadcrumb"},"inLanguage":"lv-LV","potentialAction":[{"@type":"ReadAction","target":["https:\/\/miumjau.ee\/lv\/produkts\/kaku-apmatojuma-nonemejs-mebelem-petrebels-lucky-7\/"]}]},{"@type":"ImageObject","inLanguage":"lv-LV","@id":"https:\/\/miumjau.ee\/lv\/produkts\/kaku-apmatojuma-nonemejs-mebelem-petrebels-lucky-7\/#primaryimage","url":"https:\/\/miumjau.ee\/wp-content\/uploads\/2024\/04\/karvade-eemaldaja-lucky8.jpg","contentUrl":"https:\/\/miumjau.ee\/wp-content\/uploads\/2024\/04\/karvade-eemaldaja-lucky8.jpg","width":900,"height":1200},{"@type":"BreadcrumbList","@id":"https:\/\/miumjau.ee\/lv\/produkts\/kaku-apmatojuma-nonemejs-mebelem-petrebels-lucky-7\/#breadcrumb","itemListElement":[{"@type":"ListItem","position":1,"name":"Home","item":"https:\/\/miumjau.ee\/lv\/"},{"@type":"ListItem","position":2,"name":"Veikals","item":"https:\/\/miumjau.ee\/lv\/veikals\/"},{"@type":"ListItem","position":3,"name":"Ka\u0137u apmatojuma no\u0146\u0113m\u0113js m\u0113bel\u0113m Petrebels Lucky 7"}]},{"@type":"WebSite","@id":"https:\/\/miumjau.ee\/#website","url":"https:\/\/miumjau.ee\/","name":"MiuMjau","description":"Kraapimispuud kassidele","publisher":{"@id":"https:\/\/miumjau.ee\/#organization"},"potentialAction":[{"@type":"SearchAction","target":{"@type":"EntryPoint","urlTemplate":"https:\/\/miumjau.ee\/?s={search_term_string}"},"query-input":{"@type":"PropertyValueSpecification","valueRequired":true,"valueName":"search_term_string"}}],"inLanguage":"lv-LV"},{"@type":"Organization","@id":"https:\/\/miumjau.ee\/#organization","name":"MiuMjau O\u00dc","url":"https:\/\/miumjau.ee\/","logo":{"@type":"ImageObject","inLanguage":"lv-LV","@id":"https:\/\/miumjau.ee\/#\/schema\/logo\/image\/","url":"https:\/\/miumjau.ee\/wp-content\/uploads\/2022\/04\/MiuMjau-logo-kollane.png","contentUrl":"https:\/\/miumjau.ee\/wp-content\/uploads\/2022\/04\/MiuMjau-logo-kollane.png","width":219,"height":100,"caption":"MiuMjau O\u00dc"},"image":{"@id":"https:\/\/miumjau.ee\/#\/schema\/logo\/image\/"},"sameAs":["https:\/\/www.facebook.com\/miumjaupood\/"]}]}},"_links":{"self":[{"href":"https:\/\/miumjau.ee\/lv\/wp-json\/wp\/v2\/product\/50445","targetHints":{"allow":["GET"]}}],"collection":[{"href":"https:\/\/miumjau.ee\/lv\/wp-json\/wp\/v2\/product"}],"about":[{"href":"https:\/\/miumjau.ee\/lv\/wp-json\/wp\/v2\/types\/product"}],"wp:featuredmedia":[{"embeddable":true,"href":"https:\/\/miumjau.ee\/lv\/wp-json\/wp\/v2\/media\/50446"}],"wp:attachment":[{"href":"https:\/\/miumjau.ee\/lv\/wp-json\/wp\/v2\/media?parent=50445"}],"wp:term":[{"taxonomy":"product_brand","embeddable":true,"href":"https:\/\/miumjau.ee\/lv\/wp-json\/wp\/v2\/product_brand?post=50445"},{"taxonomy":"product_cat","embeddable":true,"href":"https:\/\/miumjau.ee\/lv\/wp-json\/wp\/v2\/product_cat?post=50445"},{"taxonomy":"product_tag","embeddable":true,"href":"https:\/\/miumjau.ee\/lv\/wp-json\/wp\/v2\/product_tag?post=50445"}],"curies":[{"name":"wp","href":"https:\/\/api.w.org\/{rel}","templated":true}]}}