{"id":50417,"date":"2024-03-24T19:27:04","date_gmt":"2024-03-24T17:27:04","guid":{"rendered":"https:\/\/miumjau.ee\/toode\/pakarinamais-supulis-petrebels-xl-45-cm-cappuccino\/"},"modified":"2026-01-07T21:14:15","modified_gmt":"2026-01-07T19:14:15","slug":"pakarinamais-supulis-petrebels-xl-45-cm-cappuccino","status":"publish","type":"product","link":"https:\/\/miumjau.ee\/lv\/produkts\/pakarinamais-supulis-petrebels-xl-45-cm-cappuccino\/","title":{"rendered":"Pakarin\u0101mais \u0161\u016bpulis Petrebels XL 45\u202fcm, cappuccino"},"content":{"rendered":"","protected":false},"excerpt":{"rendered":"<p data-start=\"107\" data-end=\"582\">M\u016bsu <strong data-start=\"112\" data-end=\"137\">Luxury Sleeper Square<\/strong> ir \u012bpa\u0161i izstr\u0101d\u0101ts Norv\u0113\u0123ijas me\u017ea ka\u0137iem, Meink\u016bniem, Ragdolliem un citiem lielu ka\u0137u \u0161\u0137ir\u0146u p\u0101rst\u0101vjiem. Pateicoties lielajam izm\u0113ram un \u0161\u016bti audumam, \u0161is \u0161\u016bpulis var tur\u0113t l\u012bdz 25\u202fkg ka\u0137u! Protams, \u0161aj\u0101 super-luksusa \u0161\u016bpul\u012b ir gaid\u012bti ar\u012b citu \u0161\u0137ir\u0146u ka\u0137i, kas v\u0113las skaisti atp\u016bsties. Vai gan nav pat\u012bkami reiz\u0113m vienk\u0101r\u0161i izstiepties? D\u0101v\u0101jiet savam m\u012blulim atp\u016btas br\u012bdi un p\u0101rv\u0113rtiet vi\u0146a skr\u0101p\u0113\u0161anas stabu par k\u016btru atp\u016btas parad\u012bzi!<\/p>\n<p data-start=\"584\" data-end=\"976\" data-is-last-node=\"\" data-is-only-node=\"\">Kr\u0101sa: cappuccino<br data-start=\"601\" data-end=\"604\" \/>Svars: 4\u202fkg<br data-start=\"615\" data-end=\"618\" \/>Izm\u0113ri: 45 \u00d7 45 \u00d7 2\u202fcm<br data-start=\"640\" data-end=\"643\" \/>Iepakojuma izm\u0113rs: 63 \u00d7 47 \u00d7 6\u202fcm<br data-start=\"676\" data-end=\"679\" \/>Maksim\u0101lais ka\u0137a svars: 25\u202fkg<br data-start=\"708\" data-end=\"711\" \/>Ide\u0101li piem\u0113rots lieliem ka\u0137iem, bet, protams, ar\u012b maziem!<br data-start=\"769\" data-end=\"772\" \/>Skaisti gai\u0161i to\u0146i<br data-start=\"790\" data-end=\"793\" \/>Paredz\u0113ts lieto\u0161anai ar skr\u0101p\u0113\u0161anas stabiem \u00f8\u202f12\u202fcm, \u00f8\u202f15\u202fcm un \u00f8\u202f20\u202fcm<br data-start=\"864\" data-end=\"867\" \/>Padoms: \u0146emiet v\u0113r\u0101, ka, pateicoties met\u0101la r\u0101mis biezumam, skr\u0101p\u0113\u0161anas stabs ne vienm\u0113r st\u0101v piln\u012bgi taisni.<\/p>\n","protected":false},"featured_media":50418,"template":"","meta":[],"product_brand":[],"product_cat":[591],"product_tag":[],"class_list":{"0":"post-50417","1":"product","2":"type-product","3":"status-publish","4":"has-post-thumbnail","6":"product_cat-rezerves-dalas","7":"product_shipping_class-pakiautomaati-sobimatu-lv","9":"first","10":"instock","11":"taxable","12":"shipping-taxable","13":"purchasable","14":"product-type-simple"},"yoast_head":"<!-- This site is optimized with the Yoast SEO plugin v27.4 - https:\/\/yoast.com\/product\/yoast-seo-wordpress\/ -->\n<title>Pakarin\u0101mais \u0161\u016bpulis Petrebels XL 45\u202fcm, cappuccino - MiuMjau<\/title>\n<meta name=\"robots\" content=\"index, follow, max-snippet:-1, max-image-preview:large, max-video-preview:-1\" \/>\n<link rel=\"canonical\" href=\"https:\/\/miumjau.ee\/lv\/produkts\/pakarinamais-supulis-petrebels-xl-45-cm-cappuccino\/\" \/>\n<meta property=\"og:locale\" content=\"lv_LV\" \/>\n<meta property=\"og:type\" content=\"article\" \/>\n<meta property=\"og:title\" content=\"Pakarin\u0101mais \u0161\u016bpulis Petrebels XL 45\u202fcm, cappuccino - MiuMjau\" \/>\n<meta property=\"og:description\" content=\"M\u016bsu Luxury Sleeper Square ir \u012bpa\u0161i izstr\u0101d\u0101ts Norv\u0113\u0123ijas me\u017ea ka\u0137iem, Meink\u016bniem, Ragdolliem un citiem lielu ka\u0137u \u0161\u0137ir\u0146u p\u0101rst\u0101vjiem. Pateicoties lielajam izm\u0113ram un \u0161\u016bti audumam, \u0161is \u0161\u016bpulis var tur\u0113t l\u012bdz 25\u202fkg ka\u0137u! Protams, \u0161aj\u0101 super-luksusa \u0161\u016bpul\u012b ir gaid\u012bti ar\u012b citu \u0161\u0137ir\u0146u ka\u0137i, kas v\u0113las skaisti atp\u016bsties. Vai gan nav pat\u012bkami reiz\u0113m vienk\u0101r\u0161i izstiepties? D\u0101v\u0101jiet savam m\u012blulim atp\u016btas br\u012bdi un p\u0101rv\u0113rtiet vi\u0146a skr\u0101p\u0113\u0161anas stabu par k\u016btru atp\u016btas parad\u012bzi! Kr\u0101sa: cappuccinoSvars: 4\u202fkgIzm\u0113ri: 45 \u00d7 45 \u00d7 2\u202fcmIepakojuma izm\u0113rs: 63 \u00d7 47 \u00d7 6\u202fcmMaksim\u0101lais ka\u0137a svars: 25\u202fkgIde\u0101li piem\u0113rots lieliem ka\u0137iem, bet, protams, ar\u012b maziem!Skaisti gai\u0161i to\u0146iParedz\u0113ts lieto\u0161anai ar skr\u0101p\u0113\u0161anas stabiem \u00f8\u202f12\u202fcm, \u00f8\u202f15\u202fcm un \u00f8\u202f20\u202fcmPadoms: \u0146emiet v\u0113r\u0101, ka, pateicoties met\u0101la r\u0101mis biezumam, skr\u0101p\u0113\u0161anas stabs ne vienm\u0113r st\u0101v piln\u012bgi taisni.\" \/>\n<meta property=\"og:url\" content=\"https:\/\/miumjau.ee\/lv\/produkts\/pakarinamais-supulis-petrebels-xl-45-cm-cappuccino\/\" \/>\n<meta property=\"og:site_name\" content=\"MiuMjau\" \/>\n<meta property=\"article:publisher\" content=\"https:\/\/www.facebook.com\/miumjaupood\/\" \/>\n<meta property=\"article:modified_time\" content=\"2026-01-07T19:14:15+00:00\" \/>\n<meta property=\"og:image\" content=\"https:\/\/miumjau.ee\/wp-content\/uploads\/2024\/03\/petrebels-rippkiik-luxury-sleeper-square-xl-cappucino-1.jpg\" \/>\n\t<meta property=\"og:image:width\" content=\"600\" \/>\n\t<meta property=\"og:image:height\" content=\"800\" \/>\n\t<meta property=\"og:image:type\" content=\"image\/jpeg\" \/>\n<meta name=\"twitter:card\" content=\"summary_large_image\" \/>\n<script type=\"application\/ld+json\" class=\"yoast-schema-graph\">{\"@context\":\"https:\\\/\\\/schema.org\",\"@graph\":[{\"@type\":\"WebPage\",\"@id\":\"https:\\\/\\\/miumjau.ee\\\/lv\\\/produkts\\\/pakarinamais-supulis-petrebels-xl-45-cm-cappuccino\\\/\",\"url\":\"https:\\\/\\\/miumjau.ee\\\/lv\\\/produkts\\\/pakarinamais-supulis-petrebels-xl-45-cm-cappuccino\\\/\",\"name\":\"Pakarin\u0101mais \u0161\u016bpulis Petrebels XL 45\u202fcm, cappuccino - MiuMjau\",\"isPartOf\":{\"@id\":\"https:\\\/\\\/miumjau.ee\\\/#website\"},\"primaryImageOfPage\":{\"@id\":\"https:\\\/\\\/miumjau.ee\\\/lv\\\/produkts\\\/pakarinamais-supulis-petrebels-xl-45-cm-cappuccino\\\/#primaryimage\"},\"image\":{\"@id\":\"https:\\\/\\\/miumjau.ee\\\/lv\\\/produkts\\\/pakarinamais-supulis-petrebels-xl-45-cm-cappuccino\\\/#primaryimage\"},\"thumbnailUrl\":\"https:\\\/\\\/miumjau.ee\\\/wp-content\\\/uploads\\\/2024\\\/03\\\/petrebels-rippkiik-luxury-sleeper-square-xl-cappucino-1.jpg\",\"datePublished\":\"2024-03-24T17:27:04+00:00\",\"dateModified\":\"2026-01-07T19:14:15+00:00\",\"breadcrumb\":{\"@id\":\"https:\\\/\\\/miumjau.ee\\\/lv\\\/produkts\\\/pakarinamais-supulis-petrebels-xl-45-cm-cappuccino\\\/#breadcrumb\"},\"inLanguage\":\"lv-LV\",\"potentialAction\":[{\"@type\":\"ReadAction\",\"target\":[\"https:\\\/\\\/miumjau.ee\\\/lv\\\/produkts\\\/pakarinamais-supulis-petrebels-xl-45-cm-cappuccino\\\/\"]}]},{\"@type\":\"ImageObject\",\"inLanguage\":\"lv-LV\",\"@id\":\"https:\\\/\\\/miumjau.ee\\\/lv\\\/produkts\\\/pakarinamais-supulis-petrebels-xl-45-cm-cappuccino\\\/#primaryimage\",\"url\":\"https:\\\/\\\/miumjau.ee\\\/wp-content\\\/uploads\\\/2024\\\/03\\\/petrebels-rippkiik-luxury-sleeper-square-xl-cappucino-1.jpg\",\"contentUrl\":\"https:\\\/\\\/miumjau.ee\\\/wp-content\\\/uploads\\\/2024\\\/03\\\/petrebels-rippkiik-luxury-sleeper-square-xl-cappucino-1.jpg\",\"width\":600,\"height\":800},{\"@type\":\"BreadcrumbList\",\"@id\":\"https:\\\/\\\/miumjau.ee\\\/lv\\\/produkts\\\/pakarinamais-supulis-petrebels-xl-45-cm-cappuccino\\\/#breadcrumb\",\"itemListElement\":[{\"@type\":\"ListItem\",\"position\":1,\"name\":\"Home\",\"item\":\"https:\\\/\\\/miumjau.ee\\\/lv\\\/\"},{\"@type\":\"ListItem\",\"position\":2,\"name\":\"Veikals\",\"item\":\"https:\\\/\\\/miumjau.ee\\\/lv\\\/veikals\\\/\"},{\"@type\":\"ListItem\",\"position\":3,\"name\":\"Pakarin\u0101mais \u0161\u016bpulis Petrebels XL 45\u202fcm, cappuccino\"}]},{\"@type\":\"WebSite\",\"@id\":\"https:\\\/\\\/miumjau.ee\\\/#website\",\"url\":\"https:\\\/\\\/miumjau.ee\\\/\",\"name\":\"MiuMjau\",\"description\":\"Kraapimispuud kassidele\",\"publisher\":{\"@id\":\"https:\\\/\\\/miumjau.ee\\\/#organization\"},\"potentialAction\":[{\"@type\":\"SearchAction\",\"target\":{\"@type\":\"EntryPoint\",\"urlTemplate\":\"https:\\\/\\\/miumjau.ee\\\/?s={search_term_string}\"},\"query-input\":{\"@type\":\"PropertyValueSpecification\",\"valueRequired\":true,\"valueName\":\"search_term_string\"}}],\"inLanguage\":\"lv-LV\"},{\"@type\":\"Organization\",\"@id\":\"https:\\\/\\\/miumjau.ee\\\/#organization\",\"name\":\"MiuMjau O\u00dc\",\"url\":\"https:\\\/\\\/miumjau.ee\\\/\",\"logo\":{\"@type\":\"ImageObject\",\"inLanguage\":\"lv-LV\",\"@id\":\"https:\\\/\\\/miumjau.ee\\\/#\\\/schema\\\/logo\\\/image\\\/\",\"url\":\"https:\\\/\\\/miumjau.ee\\\/wp-content\\\/uploads\\\/2022\\\/04\\\/MiuMjau-logo-kollane.png\",\"contentUrl\":\"https:\\\/\\\/miumjau.ee\\\/wp-content\\\/uploads\\\/2022\\\/04\\\/MiuMjau-logo-kollane.png\",\"width\":219,\"height\":100,\"caption\":\"MiuMjau O\u00dc\"},\"image\":{\"@id\":\"https:\\\/\\\/miumjau.ee\\\/#\\\/schema\\\/logo\\\/image\\\/\"},\"sameAs\":[\"https:\\\/\\\/www.facebook.com\\\/miumjaupood\\\/\"]}]}<\/script>\n<!-- \/ Yoast SEO plugin. -->","yoast_head_json":{"title":"Pakarin\u0101mais \u0161\u016bpulis Petrebels XL 45\u202fcm, cappuccino - MiuMjau","robots":{"index":"index","follow":"follow","max-snippet":"max-snippet:-1","max-image-preview":"max-image-preview:large","max-video-preview":"max-video-preview:-1"},"canonical":"https:\/\/miumjau.ee\/lv\/produkts\/pakarinamais-supulis-petrebels-xl-45-cm-cappuccino\/","og_locale":"lv_LV","og_type":"article","og_title":"Pakarin\u0101mais \u0161\u016bpulis Petrebels XL 45\u202fcm, cappuccino - MiuMjau","og_description":"M\u016bsu Luxury Sleeper Square ir \u012bpa\u0161i izstr\u0101d\u0101ts Norv\u0113\u0123ijas me\u017ea ka\u0137iem, Meink\u016bniem, Ragdolliem un citiem lielu ka\u0137u \u0161\u0137ir\u0146u p\u0101rst\u0101vjiem. Pateicoties lielajam izm\u0113ram un \u0161\u016bti audumam, \u0161is \u0161\u016bpulis var tur\u0113t l\u012bdz 25\u202fkg ka\u0137u! Protams, \u0161aj\u0101 super-luksusa \u0161\u016bpul\u012b ir gaid\u012bti ar\u012b citu \u0161\u0137ir\u0146u ka\u0137i, kas v\u0113las skaisti atp\u016bsties. Vai gan nav pat\u012bkami reiz\u0113m vienk\u0101r\u0161i izstiepties? D\u0101v\u0101jiet savam m\u012blulim atp\u016btas br\u012bdi un p\u0101rv\u0113rtiet vi\u0146a skr\u0101p\u0113\u0161anas stabu par k\u016btru atp\u016btas parad\u012bzi! Kr\u0101sa: cappuccinoSvars: 4\u202fkgIzm\u0113ri: 45 \u00d7 45 \u00d7 2\u202fcmIepakojuma izm\u0113rs: 63 \u00d7 47 \u00d7 6\u202fcmMaksim\u0101lais ka\u0137a svars: 25\u202fkgIde\u0101li piem\u0113rots lieliem ka\u0137iem, bet, protams, ar\u012b maziem!Skaisti gai\u0161i to\u0146iParedz\u0113ts lieto\u0161anai ar skr\u0101p\u0113\u0161anas stabiem \u00f8\u202f12\u202fcm, \u00f8\u202f15\u202fcm un \u00f8\u202f20\u202fcmPadoms: \u0146emiet v\u0113r\u0101, ka, pateicoties met\u0101la r\u0101mis biezumam, skr\u0101p\u0113\u0161anas stabs ne vienm\u0113r st\u0101v piln\u012bgi taisni.","og_url":"https:\/\/miumjau.ee\/lv\/produkts\/pakarinamais-supulis-petrebels-xl-45-cm-cappuccino\/","og_site_name":"MiuMjau","article_publisher":"https:\/\/www.facebook.com\/miumjaupood\/","article_modified_time":"2026-01-07T19:14:15+00:00","og_image":[{"width":600,"height":800,"url":"https:\/\/miumjau.ee\/wp-content\/uploads\/2024\/03\/petrebels-rippkiik-luxury-sleeper-square-xl-cappucino-1.jpg","type":"image\/jpeg"}],"twitter_card":"summary_large_image","schema":{"@context":"https:\/\/schema.org","@graph":[{"@type":"WebPage","@id":"https:\/\/miumjau.ee\/lv\/produkts\/pakarinamais-supulis-petrebels-xl-45-cm-cappuccino\/","url":"https:\/\/miumjau.ee\/lv\/produkts\/pakarinamais-supulis-petrebels-xl-45-cm-cappuccino\/","name":"Pakarin\u0101mais \u0161\u016bpulis Petrebels XL 45\u202fcm, cappuccino - MiuMjau","isPartOf":{"@id":"https:\/\/miumjau.ee\/#website"},"primaryImageOfPage":{"@id":"https:\/\/miumjau.ee\/lv\/produkts\/pakarinamais-supulis-petrebels-xl-45-cm-cappuccino\/#primaryimage"},"image":{"@id":"https:\/\/miumjau.ee\/lv\/produkts\/pakarinamais-supulis-petrebels-xl-45-cm-cappuccino\/#primaryimage"},"thumbnailUrl":"https:\/\/miumjau.ee\/wp-content\/uploads\/2024\/03\/petrebels-rippkiik-luxury-sleeper-square-xl-cappucino-1.jpg","datePublished":"2024-03-24T17:27:04+00:00","dateModified":"2026-01-07T19:14:15+00:00","breadcrumb":{"@id":"https:\/\/miumjau.ee\/lv\/produkts\/pakarinamais-supulis-petrebels-xl-45-cm-cappuccino\/#breadcrumb"},"inLanguage":"lv-LV","potentialAction":[{"@type":"ReadAction","target":["https:\/\/miumjau.ee\/lv\/produkts\/pakarinamais-supulis-petrebels-xl-45-cm-cappuccino\/"]}]},{"@type":"ImageObject","inLanguage":"lv-LV","@id":"https:\/\/miumjau.ee\/lv\/produkts\/pakarinamais-supulis-petrebels-xl-45-cm-cappuccino\/#primaryimage","url":"https:\/\/miumjau.ee\/wp-content\/uploads\/2024\/03\/petrebels-rippkiik-luxury-sleeper-square-xl-cappucino-1.jpg","contentUrl":"https:\/\/miumjau.ee\/wp-content\/uploads\/2024\/03\/petrebels-rippkiik-luxury-sleeper-square-xl-cappucino-1.jpg","width":600,"height":800},{"@type":"BreadcrumbList","@id":"https:\/\/miumjau.ee\/lv\/produkts\/pakarinamais-supulis-petrebels-xl-45-cm-cappuccino\/#breadcrumb","itemListElement":[{"@type":"ListItem","position":1,"name":"Home","item":"https:\/\/miumjau.ee\/lv\/"},{"@type":"ListItem","position":2,"name":"Veikals","item":"https:\/\/miumjau.ee\/lv\/veikals\/"},{"@type":"ListItem","position":3,"name":"Pakarin\u0101mais \u0161\u016bpulis Petrebels XL 45\u202fcm, cappuccino"}]},{"@type":"WebSite","@id":"https:\/\/miumjau.ee\/#website","url":"https:\/\/miumjau.ee\/","name":"MiuMjau","description":"Kraapimispuud kassidele","publisher":{"@id":"https:\/\/miumjau.ee\/#organization"},"potentialAction":[{"@type":"SearchAction","target":{"@type":"EntryPoint","urlTemplate":"https:\/\/miumjau.ee\/?s={search_term_string}"},"query-input":{"@type":"PropertyValueSpecification","valueRequired":true,"valueName":"search_term_string"}}],"inLanguage":"lv-LV"},{"@type":"Organization","@id":"https:\/\/miumjau.ee\/#organization","name":"MiuMjau O\u00dc","url":"https:\/\/miumjau.ee\/","logo":{"@type":"ImageObject","inLanguage":"lv-LV","@id":"https:\/\/miumjau.ee\/#\/schema\/logo\/image\/","url":"https:\/\/miumjau.ee\/wp-content\/uploads\/2022\/04\/MiuMjau-logo-kollane.png","contentUrl":"https:\/\/miumjau.ee\/wp-content\/uploads\/2022\/04\/MiuMjau-logo-kollane.png","width":219,"height":100,"caption":"MiuMjau O\u00dc"},"image":{"@id":"https:\/\/miumjau.ee\/#\/schema\/logo\/image\/"},"sameAs":["https:\/\/www.facebook.com\/miumjaupood\/"]}]}},"_links":{"self":[{"href":"https:\/\/miumjau.ee\/lv\/wp-json\/wp\/v2\/product\/50417","targetHints":{"allow":["GET"]}}],"collection":[{"href":"https:\/\/miumjau.ee\/lv\/wp-json\/wp\/v2\/product"}],"about":[{"href":"https:\/\/miumjau.ee\/lv\/wp-json\/wp\/v2\/types\/product"}],"wp:featuredmedia":[{"embeddable":true,"href":"https:\/\/miumjau.ee\/lv\/wp-json\/wp\/v2\/media\/50418"}],"wp:attachment":[{"href":"https:\/\/miumjau.ee\/lv\/wp-json\/wp\/v2\/media?parent=50417"}],"wp:term":[{"taxonomy":"product_brand","embeddable":true,"href":"https:\/\/miumjau.ee\/lv\/wp-json\/wp\/v2\/product_brand?post=50417"},{"taxonomy":"product_cat","embeddable":true,"href":"https:\/\/miumjau.ee\/lv\/wp-json\/wp\/v2\/product_cat?post=50417"},{"taxonomy":"product_tag","embeddable":true,"href":"https:\/\/miumjau.ee\/lv\/wp-json\/wp\/v2\/product_tag?post=50417"}],"curies":[{"name":"wp","href":"https:\/\/api.w.org\/{rel}","templated":true}]}}