{"id":50409,"date":"2024-01-07T15:51:22","date_gmt":"2024-01-07T13:51:22","guid":{"rendered":"https:\/\/miumjau.ee\/toode\/pakapieni-sienai-petrebels-horizon-0930-komplekts-old-grey\/"},"modified":"2026-01-07T21:14:15","modified_gmt":"2026-01-07T19:14:15","slug":"pakapieni-sienai-petrebels-horizon-0930-komplekts-old-grey","status":"publish","type":"product","link":"https:\/\/miumjau.ee\/lv\/produkts\/pakapieni-sienai-petrebels-horizon-0930-komplekts-old-grey\/","title":{"rendered":"Pak\u0101pieni sienai Petrebels Horizon 0930 komplekts, old grey"},"content":{"rendered":"","protected":false},"excerpt":{"rendered":"<p data-start=\"67\" data-end=\"94\">Papildus pak\u0101pieni sienai<\/p>\n<p data-start=\"96\" data-end=\"539\">Papildus pak\u0101pieni galvenok\u0101rt paredz\u0113ti ce\u013ca izveido\u0161anai, lai ka\u0137is var\u0113tu sasniegt galam\u0113r\u0137i uz k\u0101pel\u0113\u0161anas sienas. \u0160ie horizont\u0101lie pak\u0101pieni tiek piestiprin\u0101ti pie sienas. Pak\u0101pieni ir piln\u012bb\u0101 p\u0101rkl\u0101ti ar skr\u0101p\u0113jamu sizalu un nav slideni ka\u0137a p\u0101rvieto\u0161anai. Izveido k\u0101pel\u0113\u0161anas sienu atbilsto\u0161i sava ka\u0137a vajadz\u012bb\u0101m un ietaupi vietu uz gr\u012bdas! Visa <strong data-start=\"450\" data-end=\"478\">Petrebels Wall of Rebels<\/strong> kolekcija ir savietojama sav\u0101 starp\u0101 un r\u016bp\u012bgi izstr\u0101d\u0101ta.<\/p>\n<p data-start=\"541\" data-end=\"684\" data-is-last-node=\"\" data-is-only-node=\"\">Komplekt\u0101 3 gab.<br data-start=\"557\" data-end=\"560\" \/>Izm\u0113ri \u2013 staba diametrs 9 cm, garums 30 cm<br data-start=\"602\" data-end=\"605\" \/>Izgatavoti no eikalipta koka<br data-start=\"633\" data-end=\"636\" \/>Komplekt\u0101 iek\u013cauts sienas stiprin\u0101juma materi\u0101ls<\/p>\n","protected":false},"featured_media":50410,"template":"","meta":[],"product_brand":[],"product_cat":[593,573],"product_tag":[],"class_list":{"0":"post-50409","1":"product","2":"type-product","3":"status-publish","4":"has-post-thumbnail","6":"product_cat-kapelesanas-siena-kakiem","7":"product_cat-kaup24-lv","9":"first","10":"instock","11":"sale","12":"taxable","13":"shipping-taxable","14":"purchasable","15":"product-type-simple"},"yoast_head":"<!-- This site is optimized with the Yoast SEO plugin v27.2 - https:\/\/yoast.com\/product\/yoast-seo-wordpress\/ -->\n<title>Pak\u0101pieni sienai Petrebels Horizon 0930 komplekts, old grey - MiuMjau<\/title>\n<meta name=\"robots\" content=\"index, follow, max-snippet:-1, max-image-preview:large, max-video-preview:-1\" \/>\n<link rel=\"canonical\" href=\"https:\/\/miumjau.ee\/lv\/produkts\/pakapieni-sienai-petrebels-horizon-0930-komplekts-old-grey\/\" \/>\n<meta property=\"og:locale\" content=\"lv_LV\" \/>\n<meta property=\"og:type\" content=\"article\" \/>\n<meta property=\"og:title\" content=\"Pak\u0101pieni sienai Petrebels Horizon 0930 komplekts, old grey - MiuMjau\" \/>\n<meta property=\"og:description\" content=\"Papildus pak\u0101pieni sienai Papildus pak\u0101pieni galvenok\u0101rt paredz\u0113ti ce\u013ca izveido\u0161anai, lai ka\u0137is var\u0113tu sasniegt galam\u0113r\u0137i uz k\u0101pel\u0113\u0161anas sienas. \u0160ie horizont\u0101lie pak\u0101pieni tiek piestiprin\u0101ti pie sienas. Pak\u0101pieni ir piln\u012bb\u0101 p\u0101rkl\u0101ti ar skr\u0101p\u0113jamu sizalu un nav slideni ka\u0137a p\u0101rvieto\u0161anai. Izveido k\u0101pel\u0113\u0161anas sienu atbilsto\u0161i sava ka\u0137a vajadz\u012bb\u0101m un ietaupi vietu uz gr\u012bdas! Visa Petrebels Wall of Rebels kolekcija ir savietojama sav\u0101 starp\u0101 un r\u016bp\u012bgi izstr\u0101d\u0101ta. Komplekt\u0101 3 gab.Izm\u0113ri \u2013 staba diametrs 9 cm, garums 30 cmIzgatavoti no eikalipta kokaKomplekt\u0101 iek\u013cauts sienas stiprin\u0101juma materi\u0101ls\" \/>\n<meta property=\"og:url\" content=\"https:\/\/miumjau.ee\/lv\/produkts\/pakapieni-sienai-petrebels-horizon-0930-komplekts-old-grey\/\" \/>\n<meta property=\"og:site_name\" content=\"MiuMjau\" \/>\n<meta property=\"article:publisher\" content=\"https:\/\/www.facebook.com\/miumjaupood\/\" \/>\n<meta property=\"article:modified_time\" content=\"2026-01-07T19:14:15+00:00\" \/>\n<meta property=\"og:image\" content=\"https:\/\/miumjau.ee\/wp-content\/uploads\/2024\/01\/lisaasted-3tk-horizon-0930-set-old-gray-1.jpeg\" \/>\n\t<meta property=\"og:image:width\" content=\"600\" \/>\n\t<meta property=\"og:image:height\" content=\"800\" \/>\n\t<meta property=\"og:image:type\" content=\"image\/jpeg\" \/>\n<meta name=\"twitter:card\" content=\"summary_large_image\" \/>\n<script type=\"application\/ld+json\" class=\"yoast-schema-graph\">{\"@context\":\"https:\/\/schema.org\",\"@graph\":[{\"@type\":\"WebPage\",\"@id\":\"https:\/\/miumjau.ee\/lv\/produkts\/pakapieni-sienai-petrebels-horizon-0930-komplekts-old-grey\/\",\"url\":\"https:\/\/miumjau.ee\/lv\/produkts\/pakapieni-sienai-petrebels-horizon-0930-komplekts-old-grey\/\",\"name\":\"Pak\u0101pieni sienai Petrebels Horizon 0930 komplekts, old grey - MiuMjau\",\"isPartOf\":{\"@id\":\"https:\/\/miumjau.ee\/#website\"},\"primaryImageOfPage\":{\"@id\":\"https:\/\/miumjau.ee\/lv\/produkts\/pakapieni-sienai-petrebels-horizon-0930-komplekts-old-grey\/#primaryimage\"},\"image\":{\"@id\":\"https:\/\/miumjau.ee\/lv\/produkts\/pakapieni-sienai-petrebels-horizon-0930-komplekts-old-grey\/#primaryimage\"},\"thumbnailUrl\":\"https:\/\/miumjau.ee\/wp-content\/uploads\/2024\/01\/lisaasted-3tk-horizon-0930-set-old-gray-1.jpeg\",\"datePublished\":\"2024-01-07T13:51:22+00:00\",\"dateModified\":\"2026-01-07T19:14:15+00:00\",\"breadcrumb\":{\"@id\":\"https:\/\/miumjau.ee\/lv\/produkts\/pakapieni-sienai-petrebels-horizon-0930-komplekts-old-grey\/#breadcrumb\"},\"inLanguage\":\"lv-LV\",\"potentialAction\":[{\"@type\":\"ReadAction\",\"target\":[\"https:\/\/miumjau.ee\/lv\/produkts\/pakapieni-sienai-petrebels-horizon-0930-komplekts-old-grey\/\"]}]},{\"@type\":\"ImageObject\",\"inLanguage\":\"lv-LV\",\"@id\":\"https:\/\/miumjau.ee\/lv\/produkts\/pakapieni-sienai-petrebels-horizon-0930-komplekts-old-grey\/#primaryimage\",\"url\":\"https:\/\/miumjau.ee\/wp-content\/uploads\/2024\/01\/lisaasted-3tk-horizon-0930-set-old-gray-1.jpeg\",\"contentUrl\":\"https:\/\/miumjau.ee\/wp-content\/uploads\/2024\/01\/lisaasted-3tk-horizon-0930-set-old-gray-1.jpeg\",\"width\":600,\"height\":800},{\"@type\":\"BreadcrumbList\",\"@id\":\"https:\/\/miumjau.ee\/lv\/produkts\/pakapieni-sienai-petrebels-horizon-0930-komplekts-old-grey\/#breadcrumb\",\"itemListElement\":[{\"@type\":\"ListItem\",\"position\":1,\"name\":\"Home\",\"item\":\"https:\/\/miumjau.ee\/lv\/\"},{\"@type\":\"ListItem\",\"position\":2,\"name\":\"Veikals\",\"item\":\"https:\/\/miumjau.ee\/lv\/veikals\/\"},{\"@type\":\"ListItem\",\"position\":3,\"name\":\"Pak\u0101pieni sienai Petrebels Horizon 0930 komplekts, old grey\"}]},{\"@type\":\"WebSite\",\"@id\":\"https:\/\/miumjau.ee\/#website\",\"url\":\"https:\/\/miumjau.ee\/\",\"name\":\"MiuMjau\",\"description\":\"Kraapimispuud kassidele\",\"publisher\":{\"@id\":\"https:\/\/miumjau.ee\/#organization\"},\"potentialAction\":[{\"@type\":\"SearchAction\",\"target\":{\"@type\":\"EntryPoint\",\"urlTemplate\":\"https:\/\/miumjau.ee\/?s={search_term_string}\"},\"query-input\":{\"@type\":\"PropertyValueSpecification\",\"valueRequired\":true,\"valueName\":\"search_term_string\"}}],\"inLanguage\":\"lv-LV\"},{\"@type\":\"Organization\",\"@id\":\"https:\/\/miumjau.ee\/#organization\",\"name\":\"MiuMjau O\u00dc\",\"url\":\"https:\/\/miumjau.ee\/\",\"logo\":{\"@type\":\"ImageObject\",\"inLanguage\":\"lv-LV\",\"@id\":\"https:\/\/miumjau.ee\/#\/schema\/logo\/image\/\",\"url\":\"https:\/\/miumjau.ee\/wp-content\/uploads\/2022\/04\/MiuMjau-logo-kollane.png\",\"contentUrl\":\"https:\/\/miumjau.ee\/wp-content\/uploads\/2022\/04\/MiuMjau-logo-kollane.png\",\"width\":219,\"height\":100,\"caption\":\"MiuMjau O\u00dc\"},\"image\":{\"@id\":\"https:\/\/miumjau.ee\/#\/schema\/logo\/image\/\"},\"sameAs\":[\"https:\/\/www.facebook.com\/miumjaupood\/\"]}]}<\/script>\n<!-- \/ Yoast SEO plugin. -->","yoast_head_json":{"title":"Pak\u0101pieni sienai Petrebels Horizon 0930 komplekts, old grey - MiuMjau","robots":{"index":"index","follow":"follow","max-snippet":"max-snippet:-1","max-image-preview":"max-image-preview:large","max-video-preview":"max-video-preview:-1"},"canonical":"https:\/\/miumjau.ee\/lv\/produkts\/pakapieni-sienai-petrebels-horizon-0930-komplekts-old-grey\/","og_locale":"lv_LV","og_type":"article","og_title":"Pak\u0101pieni sienai Petrebels Horizon 0930 komplekts, old grey - MiuMjau","og_description":"Papildus pak\u0101pieni sienai Papildus pak\u0101pieni galvenok\u0101rt paredz\u0113ti ce\u013ca izveido\u0161anai, lai ka\u0137is var\u0113tu sasniegt galam\u0113r\u0137i uz k\u0101pel\u0113\u0161anas sienas. \u0160ie horizont\u0101lie pak\u0101pieni tiek piestiprin\u0101ti pie sienas. Pak\u0101pieni ir piln\u012bb\u0101 p\u0101rkl\u0101ti ar skr\u0101p\u0113jamu sizalu un nav slideni ka\u0137a p\u0101rvieto\u0161anai. Izveido k\u0101pel\u0113\u0161anas sienu atbilsto\u0161i sava ka\u0137a vajadz\u012bb\u0101m un ietaupi vietu uz gr\u012bdas! Visa Petrebels Wall of Rebels kolekcija ir savietojama sav\u0101 starp\u0101 un r\u016bp\u012bgi izstr\u0101d\u0101ta. Komplekt\u0101 3 gab.Izm\u0113ri \u2013 staba diametrs 9 cm, garums 30 cmIzgatavoti no eikalipta kokaKomplekt\u0101 iek\u013cauts sienas stiprin\u0101juma materi\u0101ls","og_url":"https:\/\/miumjau.ee\/lv\/produkts\/pakapieni-sienai-petrebels-horizon-0930-komplekts-old-grey\/","og_site_name":"MiuMjau","article_publisher":"https:\/\/www.facebook.com\/miumjaupood\/","article_modified_time":"2026-01-07T19:14:15+00:00","og_image":[{"width":600,"height":800,"url":"https:\/\/miumjau.ee\/wp-content\/uploads\/2024\/01\/lisaasted-3tk-horizon-0930-set-old-gray-1.jpeg","type":"image\/jpeg"}],"twitter_card":"summary_large_image","schema":{"@context":"https:\/\/schema.org","@graph":[{"@type":"WebPage","@id":"https:\/\/miumjau.ee\/lv\/produkts\/pakapieni-sienai-petrebels-horizon-0930-komplekts-old-grey\/","url":"https:\/\/miumjau.ee\/lv\/produkts\/pakapieni-sienai-petrebels-horizon-0930-komplekts-old-grey\/","name":"Pak\u0101pieni sienai Petrebels Horizon 0930 komplekts, old grey - MiuMjau","isPartOf":{"@id":"https:\/\/miumjau.ee\/#website"},"primaryImageOfPage":{"@id":"https:\/\/miumjau.ee\/lv\/produkts\/pakapieni-sienai-petrebels-horizon-0930-komplekts-old-grey\/#primaryimage"},"image":{"@id":"https:\/\/miumjau.ee\/lv\/produkts\/pakapieni-sienai-petrebels-horizon-0930-komplekts-old-grey\/#primaryimage"},"thumbnailUrl":"https:\/\/miumjau.ee\/wp-content\/uploads\/2024\/01\/lisaasted-3tk-horizon-0930-set-old-gray-1.jpeg","datePublished":"2024-01-07T13:51:22+00:00","dateModified":"2026-01-07T19:14:15+00:00","breadcrumb":{"@id":"https:\/\/miumjau.ee\/lv\/produkts\/pakapieni-sienai-petrebels-horizon-0930-komplekts-old-grey\/#breadcrumb"},"inLanguage":"lv-LV","potentialAction":[{"@type":"ReadAction","target":["https:\/\/miumjau.ee\/lv\/produkts\/pakapieni-sienai-petrebels-horizon-0930-komplekts-old-grey\/"]}]},{"@type":"ImageObject","inLanguage":"lv-LV","@id":"https:\/\/miumjau.ee\/lv\/produkts\/pakapieni-sienai-petrebels-horizon-0930-komplekts-old-grey\/#primaryimage","url":"https:\/\/miumjau.ee\/wp-content\/uploads\/2024\/01\/lisaasted-3tk-horizon-0930-set-old-gray-1.jpeg","contentUrl":"https:\/\/miumjau.ee\/wp-content\/uploads\/2024\/01\/lisaasted-3tk-horizon-0930-set-old-gray-1.jpeg","width":600,"height":800},{"@type":"BreadcrumbList","@id":"https:\/\/miumjau.ee\/lv\/produkts\/pakapieni-sienai-petrebels-horizon-0930-komplekts-old-grey\/#breadcrumb","itemListElement":[{"@type":"ListItem","position":1,"name":"Home","item":"https:\/\/miumjau.ee\/lv\/"},{"@type":"ListItem","position":2,"name":"Veikals","item":"https:\/\/miumjau.ee\/lv\/veikals\/"},{"@type":"ListItem","position":3,"name":"Pak\u0101pieni sienai Petrebels Horizon 0930 komplekts, old grey"}]},{"@type":"WebSite","@id":"https:\/\/miumjau.ee\/#website","url":"https:\/\/miumjau.ee\/","name":"MiuMjau","description":"Kraapimispuud kassidele","publisher":{"@id":"https:\/\/miumjau.ee\/#organization"},"potentialAction":[{"@type":"SearchAction","target":{"@type":"EntryPoint","urlTemplate":"https:\/\/miumjau.ee\/?s={search_term_string}"},"query-input":{"@type":"PropertyValueSpecification","valueRequired":true,"valueName":"search_term_string"}}],"inLanguage":"lv-LV"},{"@type":"Organization","@id":"https:\/\/miumjau.ee\/#organization","name":"MiuMjau O\u00dc","url":"https:\/\/miumjau.ee\/","logo":{"@type":"ImageObject","inLanguage":"lv-LV","@id":"https:\/\/miumjau.ee\/#\/schema\/logo\/image\/","url":"https:\/\/miumjau.ee\/wp-content\/uploads\/2022\/04\/MiuMjau-logo-kollane.png","contentUrl":"https:\/\/miumjau.ee\/wp-content\/uploads\/2022\/04\/MiuMjau-logo-kollane.png","width":219,"height":100,"caption":"MiuMjau O\u00dc"},"image":{"@id":"https:\/\/miumjau.ee\/#\/schema\/logo\/image\/"},"sameAs":["https:\/\/www.facebook.com\/miumjaupood\/"]}]}},"_links":{"self":[{"href":"https:\/\/miumjau.ee\/lv\/wp-json\/wp\/v2\/product\/50409","targetHints":{"allow":["GET"]}}],"collection":[{"href":"https:\/\/miumjau.ee\/lv\/wp-json\/wp\/v2\/product"}],"about":[{"href":"https:\/\/miumjau.ee\/lv\/wp-json\/wp\/v2\/types\/product"}],"wp:featuredmedia":[{"embeddable":true,"href":"https:\/\/miumjau.ee\/lv\/wp-json\/wp\/v2\/media\/50410"}],"wp:attachment":[{"href":"https:\/\/miumjau.ee\/lv\/wp-json\/wp\/v2\/media?parent=50409"}],"wp:term":[{"taxonomy":"product_brand","embeddable":true,"href":"https:\/\/miumjau.ee\/lv\/wp-json\/wp\/v2\/product_brand?post=50409"},{"taxonomy":"product_cat","embeddable":true,"href":"https:\/\/miumjau.ee\/lv\/wp-json\/wp\/v2\/product_cat?post=50409"},{"taxonomy":"product_tag","embeddable":true,"href":"https:\/\/miumjau.ee\/lv\/wp-json\/wp\/v2\/product_tag?post=50409"}],"curies":[{"name":"wp","href":"https:\/\/api.w.org\/{rel}","templated":true}]}}