{"id":50393,"date":"2024-01-07T15:50:08","date_gmt":"2024-01-07T13:50:08","guid":{"rendered":"https:\/\/miumjau.ee\/toode\/pakapieni-sienai-petrebels-horizon-1530-komplekts-old-gray\/"},"modified":"2026-01-07T21:14:15","modified_gmt":"2026-01-07T19:14:15","slug":"pakapieni-sienai-petrebels-horizon-1530-komplekts-old-gray","status":"publish","type":"product","link":"https:\/\/miumjau.ee\/lv\/produkts\/pakapieni-sienai-petrebels-horizon-1530-komplekts-old-gray\/","title":{"rendered":"Pak\u0101pieni sienai Petrebels Horizon 1530 komplekts, old gray"},"content":{"rendered":"","protected":false},"excerpt":{"rendered":"<p data-start=\"67\" data-end=\"94\">Papildus pak\u0101pieni sienai<\/p>\n<p data-start=\"96\" data-end=\"639\">Komplekt\u0101 <strong data-start=\"106\" data-end=\"122\">Horizon 1530<\/strong> ir 2 pak\u0101pieni, kas izgatavoti no skr\u0101p\u0113\u0161anas stabiem un papildina m\u016bsu <strong data-start=\"195\" data-end=\"213\">Wall of Rebels<\/strong> kolekciju jebkuram elementam. \u0160ie horizont\u0101lie pak\u0101pieni-stabi tiek piestiprin\u0101ti pie sienas \u2013 ide\u0101li piem\u0113roti ar\u012b skr\u0101p\u0113\u0161anai un paredz\u0113ti \u0113rtai k\u0101pel\u0113\u0161anai uz jebkura elementa. Vai dz\u012bvojat ar vair\u0101k nek\u0101 vienu ka\u0137i? Tad papla\u0161iniet savu ka\u0137u sienu ar sienas plauktu <strong data-start=\"484\" data-end=\"495\">Wave 70<\/strong> vai stil\u012bgu skr\u0101p\u0113\u0161anas d\u0113li <strong data-start=\"525\" data-end=\"536\">Scratch<\/strong>, padarot ka\u0137u sienu v\u0113l piedz\u012bvojumiem bag\u0101t\u0101ku ar citiem pak\u0101pieniem, k\u0101pn\u0113m vai iztur\u012bgu gu\u013cvietu.<\/p>\n<p data-start=\"641\" data-end=\"816\" data-is-last-node=\"\" data-is-only-node=\"\">Komplekt\u0101 2 XL pak\u0101pieni ar sienas stiprin\u0101jumu<br data-start=\"688\" data-end=\"691\" \/>Izm\u0113ri \u2013 staba diametrs 15 cm, garums 30 cm<br data-start=\"734\" data-end=\"737\" \/>Izgatavoti no eikalipta koka<br data-start=\"765\" data-end=\"768\" \/>Komplekt\u0101 iek\u013cauts sienas stiprin\u0101juma materi\u0101ls<\/p>\n","protected":false},"featured_media":50394,"template":"","meta":[],"product_brand":[],"product_cat":[593,573],"product_tag":[],"class_list":{"0":"post-50393","1":"product","2":"type-product","3":"status-publish","4":"has-post-thumbnail","6":"product_cat-kapelesanas-siena-kakiem","7":"product_cat-kaup24-lv","9":"first","10":"instock","11":"sale","12":"taxable","13":"shipping-taxable","14":"purchasable","15":"product-type-simple"},"yoast_head":"<!-- This site is optimized with the Yoast SEO plugin v27.2 - https:\/\/yoast.com\/product\/yoast-seo-wordpress\/ -->\n<title>Pak\u0101pieni sienai Petrebels Horizon 1530 komplekts, old gray - MiuMjau<\/title>\n<meta name=\"robots\" content=\"index, follow, max-snippet:-1, max-image-preview:large, max-video-preview:-1\" \/>\n<link rel=\"canonical\" href=\"https:\/\/miumjau.ee\/lv\/produkts\/pakapieni-sienai-petrebels-horizon-1530-komplekts-old-gray\/\" \/>\n<meta property=\"og:locale\" content=\"lv_LV\" \/>\n<meta property=\"og:type\" content=\"article\" \/>\n<meta property=\"og:title\" content=\"Pak\u0101pieni sienai Petrebels Horizon 1530 komplekts, old gray - MiuMjau\" \/>\n<meta property=\"og:description\" content=\"Papildus pak\u0101pieni sienai Komplekt\u0101 Horizon 1530 ir 2 pak\u0101pieni, kas izgatavoti no skr\u0101p\u0113\u0161anas stabiem un papildina m\u016bsu Wall of Rebels kolekciju jebkuram elementam. \u0160ie horizont\u0101lie pak\u0101pieni-stabi tiek piestiprin\u0101ti pie sienas \u2013 ide\u0101li piem\u0113roti ar\u012b skr\u0101p\u0113\u0161anai un paredz\u0113ti \u0113rtai k\u0101pel\u0113\u0161anai uz jebkura elementa. Vai dz\u012bvojat ar vair\u0101k nek\u0101 vienu ka\u0137i? Tad papla\u0161iniet savu ka\u0137u sienu ar sienas plauktu Wave 70 vai stil\u012bgu skr\u0101p\u0113\u0161anas d\u0113li Scratch, padarot ka\u0137u sienu v\u0113l piedz\u012bvojumiem bag\u0101t\u0101ku ar citiem pak\u0101pieniem, k\u0101pn\u0113m vai iztur\u012bgu gu\u013cvietu. Komplekt\u0101 2 XL pak\u0101pieni ar sienas stiprin\u0101jumuIzm\u0113ri \u2013 staba diametrs 15 cm, garums 30 cmIzgatavoti no eikalipta kokaKomplekt\u0101 iek\u013cauts sienas stiprin\u0101juma materi\u0101ls\" \/>\n<meta property=\"og:url\" content=\"https:\/\/miumjau.ee\/lv\/produkts\/pakapieni-sienai-petrebels-horizon-1530-komplekts-old-gray\/\" \/>\n<meta property=\"og:site_name\" content=\"MiuMjau\" \/>\n<meta property=\"article:publisher\" content=\"https:\/\/www.facebook.com\/miumjaupood\/\" \/>\n<meta property=\"article:modified_time\" content=\"2026-01-07T19:14:15+00:00\" \/>\n<meta property=\"og:image\" content=\"https:\/\/miumjau.ee\/wp-content\/uploads\/2024\/01\/lisaasted-2tk-horizon-1530-set-old-gray-1.jpeg\" \/>\n\t<meta property=\"og:image:width\" content=\"600\" \/>\n\t<meta property=\"og:image:height\" content=\"800\" \/>\n\t<meta property=\"og:image:type\" content=\"image\/jpeg\" \/>\n<meta name=\"twitter:card\" content=\"summary_large_image\" \/>\n<script type=\"application\/ld+json\" class=\"yoast-schema-graph\">{\"@context\":\"https:\/\/schema.org\",\"@graph\":[{\"@type\":\"WebPage\",\"@id\":\"https:\/\/miumjau.ee\/lv\/produkts\/pakapieni-sienai-petrebels-horizon-1530-komplekts-old-gray\/\",\"url\":\"https:\/\/miumjau.ee\/lv\/produkts\/pakapieni-sienai-petrebels-horizon-1530-komplekts-old-gray\/\",\"name\":\"Pak\u0101pieni sienai Petrebels Horizon 1530 komplekts, old gray - MiuMjau\",\"isPartOf\":{\"@id\":\"https:\/\/miumjau.ee\/#website\"},\"primaryImageOfPage\":{\"@id\":\"https:\/\/miumjau.ee\/lv\/produkts\/pakapieni-sienai-petrebels-horizon-1530-komplekts-old-gray\/#primaryimage\"},\"image\":{\"@id\":\"https:\/\/miumjau.ee\/lv\/produkts\/pakapieni-sienai-petrebels-horizon-1530-komplekts-old-gray\/#primaryimage\"},\"thumbnailUrl\":\"https:\/\/miumjau.ee\/wp-content\/uploads\/2024\/01\/lisaasted-2tk-horizon-1530-set-old-gray-1.jpeg\",\"datePublished\":\"2024-01-07T13:50:08+00:00\",\"dateModified\":\"2026-01-07T19:14:15+00:00\",\"breadcrumb\":{\"@id\":\"https:\/\/miumjau.ee\/lv\/produkts\/pakapieni-sienai-petrebels-horizon-1530-komplekts-old-gray\/#breadcrumb\"},\"inLanguage\":\"lv-LV\",\"potentialAction\":[{\"@type\":\"ReadAction\",\"target\":[\"https:\/\/miumjau.ee\/lv\/produkts\/pakapieni-sienai-petrebels-horizon-1530-komplekts-old-gray\/\"]}]},{\"@type\":\"ImageObject\",\"inLanguage\":\"lv-LV\",\"@id\":\"https:\/\/miumjau.ee\/lv\/produkts\/pakapieni-sienai-petrebels-horizon-1530-komplekts-old-gray\/#primaryimage\",\"url\":\"https:\/\/miumjau.ee\/wp-content\/uploads\/2024\/01\/lisaasted-2tk-horizon-1530-set-old-gray-1.jpeg\",\"contentUrl\":\"https:\/\/miumjau.ee\/wp-content\/uploads\/2024\/01\/lisaasted-2tk-horizon-1530-set-old-gray-1.jpeg\",\"width\":600,\"height\":800},{\"@type\":\"BreadcrumbList\",\"@id\":\"https:\/\/miumjau.ee\/lv\/produkts\/pakapieni-sienai-petrebels-horizon-1530-komplekts-old-gray\/#breadcrumb\",\"itemListElement\":[{\"@type\":\"ListItem\",\"position\":1,\"name\":\"Home\",\"item\":\"https:\/\/miumjau.ee\/lv\/\"},{\"@type\":\"ListItem\",\"position\":2,\"name\":\"Veikals\",\"item\":\"https:\/\/miumjau.ee\/lv\/veikals\/\"},{\"@type\":\"ListItem\",\"position\":3,\"name\":\"Pak\u0101pieni sienai Petrebels Horizon 1530 komplekts, old gray\"}]},{\"@type\":\"WebSite\",\"@id\":\"https:\/\/miumjau.ee\/#website\",\"url\":\"https:\/\/miumjau.ee\/\",\"name\":\"MiuMjau\",\"description\":\"Kraapimispuud kassidele\",\"publisher\":{\"@id\":\"https:\/\/miumjau.ee\/#organization\"},\"potentialAction\":[{\"@type\":\"SearchAction\",\"target\":{\"@type\":\"EntryPoint\",\"urlTemplate\":\"https:\/\/miumjau.ee\/?s={search_term_string}\"},\"query-input\":{\"@type\":\"PropertyValueSpecification\",\"valueRequired\":true,\"valueName\":\"search_term_string\"}}],\"inLanguage\":\"lv-LV\"},{\"@type\":\"Organization\",\"@id\":\"https:\/\/miumjau.ee\/#organization\",\"name\":\"MiuMjau O\u00dc\",\"url\":\"https:\/\/miumjau.ee\/\",\"logo\":{\"@type\":\"ImageObject\",\"inLanguage\":\"lv-LV\",\"@id\":\"https:\/\/miumjau.ee\/#\/schema\/logo\/image\/\",\"url\":\"https:\/\/miumjau.ee\/wp-content\/uploads\/2022\/04\/MiuMjau-logo-kollane.png\",\"contentUrl\":\"https:\/\/miumjau.ee\/wp-content\/uploads\/2022\/04\/MiuMjau-logo-kollane.png\",\"width\":219,\"height\":100,\"caption\":\"MiuMjau O\u00dc\"},\"image\":{\"@id\":\"https:\/\/miumjau.ee\/#\/schema\/logo\/image\/\"},\"sameAs\":[\"https:\/\/www.facebook.com\/miumjaupood\/\"]}]}<\/script>\n<!-- \/ Yoast SEO plugin. -->","yoast_head_json":{"title":"Pak\u0101pieni sienai Petrebels Horizon 1530 komplekts, old gray - MiuMjau","robots":{"index":"index","follow":"follow","max-snippet":"max-snippet:-1","max-image-preview":"max-image-preview:large","max-video-preview":"max-video-preview:-1"},"canonical":"https:\/\/miumjau.ee\/lv\/produkts\/pakapieni-sienai-petrebels-horizon-1530-komplekts-old-gray\/","og_locale":"lv_LV","og_type":"article","og_title":"Pak\u0101pieni sienai Petrebels Horizon 1530 komplekts, old gray - MiuMjau","og_description":"Papildus pak\u0101pieni sienai Komplekt\u0101 Horizon 1530 ir 2 pak\u0101pieni, kas izgatavoti no skr\u0101p\u0113\u0161anas stabiem un papildina m\u016bsu Wall of Rebels kolekciju jebkuram elementam. \u0160ie horizont\u0101lie pak\u0101pieni-stabi tiek piestiprin\u0101ti pie sienas \u2013 ide\u0101li piem\u0113roti ar\u012b skr\u0101p\u0113\u0161anai un paredz\u0113ti \u0113rtai k\u0101pel\u0113\u0161anai uz jebkura elementa. Vai dz\u012bvojat ar vair\u0101k nek\u0101 vienu ka\u0137i? Tad papla\u0161iniet savu ka\u0137u sienu ar sienas plauktu Wave 70 vai stil\u012bgu skr\u0101p\u0113\u0161anas d\u0113li Scratch, padarot ka\u0137u sienu v\u0113l piedz\u012bvojumiem bag\u0101t\u0101ku ar citiem pak\u0101pieniem, k\u0101pn\u0113m vai iztur\u012bgu gu\u013cvietu. Komplekt\u0101 2 XL pak\u0101pieni ar sienas stiprin\u0101jumuIzm\u0113ri \u2013 staba diametrs 15 cm, garums 30 cmIzgatavoti no eikalipta kokaKomplekt\u0101 iek\u013cauts sienas stiprin\u0101juma materi\u0101ls","og_url":"https:\/\/miumjau.ee\/lv\/produkts\/pakapieni-sienai-petrebels-horizon-1530-komplekts-old-gray\/","og_site_name":"MiuMjau","article_publisher":"https:\/\/www.facebook.com\/miumjaupood\/","article_modified_time":"2026-01-07T19:14:15+00:00","og_image":[{"width":600,"height":800,"url":"https:\/\/miumjau.ee\/wp-content\/uploads\/2024\/01\/lisaasted-2tk-horizon-1530-set-old-gray-1.jpeg","type":"image\/jpeg"}],"twitter_card":"summary_large_image","schema":{"@context":"https:\/\/schema.org","@graph":[{"@type":"WebPage","@id":"https:\/\/miumjau.ee\/lv\/produkts\/pakapieni-sienai-petrebels-horizon-1530-komplekts-old-gray\/","url":"https:\/\/miumjau.ee\/lv\/produkts\/pakapieni-sienai-petrebels-horizon-1530-komplekts-old-gray\/","name":"Pak\u0101pieni sienai Petrebels Horizon 1530 komplekts, old gray - MiuMjau","isPartOf":{"@id":"https:\/\/miumjau.ee\/#website"},"primaryImageOfPage":{"@id":"https:\/\/miumjau.ee\/lv\/produkts\/pakapieni-sienai-petrebels-horizon-1530-komplekts-old-gray\/#primaryimage"},"image":{"@id":"https:\/\/miumjau.ee\/lv\/produkts\/pakapieni-sienai-petrebels-horizon-1530-komplekts-old-gray\/#primaryimage"},"thumbnailUrl":"https:\/\/miumjau.ee\/wp-content\/uploads\/2024\/01\/lisaasted-2tk-horizon-1530-set-old-gray-1.jpeg","datePublished":"2024-01-07T13:50:08+00:00","dateModified":"2026-01-07T19:14:15+00:00","breadcrumb":{"@id":"https:\/\/miumjau.ee\/lv\/produkts\/pakapieni-sienai-petrebels-horizon-1530-komplekts-old-gray\/#breadcrumb"},"inLanguage":"lv-LV","potentialAction":[{"@type":"ReadAction","target":["https:\/\/miumjau.ee\/lv\/produkts\/pakapieni-sienai-petrebels-horizon-1530-komplekts-old-gray\/"]}]},{"@type":"ImageObject","inLanguage":"lv-LV","@id":"https:\/\/miumjau.ee\/lv\/produkts\/pakapieni-sienai-petrebels-horizon-1530-komplekts-old-gray\/#primaryimage","url":"https:\/\/miumjau.ee\/wp-content\/uploads\/2024\/01\/lisaasted-2tk-horizon-1530-set-old-gray-1.jpeg","contentUrl":"https:\/\/miumjau.ee\/wp-content\/uploads\/2024\/01\/lisaasted-2tk-horizon-1530-set-old-gray-1.jpeg","width":600,"height":800},{"@type":"BreadcrumbList","@id":"https:\/\/miumjau.ee\/lv\/produkts\/pakapieni-sienai-petrebels-horizon-1530-komplekts-old-gray\/#breadcrumb","itemListElement":[{"@type":"ListItem","position":1,"name":"Home","item":"https:\/\/miumjau.ee\/lv\/"},{"@type":"ListItem","position":2,"name":"Veikals","item":"https:\/\/miumjau.ee\/lv\/veikals\/"},{"@type":"ListItem","position":3,"name":"Pak\u0101pieni sienai Petrebels Horizon 1530 komplekts, old gray"}]},{"@type":"WebSite","@id":"https:\/\/miumjau.ee\/#website","url":"https:\/\/miumjau.ee\/","name":"MiuMjau","description":"Kraapimispuud kassidele","publisher":{"@id":"https:\/\/miumjau.ee\/#organization"},"potentialAction":[{"@type":"SearchAction","target":{"@type":"EntryPoint","urlTemplate":"https:\/\/miumjau.ee\/?s={search_term_string}"},"query-input":{"@type":"PropertyValueSpecification","valueRequired":true,"valueName":"search_term_string"}}],"inLanguage":"lv-LV"},{"@type":"Organization","@id":"https:\/\/miumjau.ee\/#organization","name":"MiuMjau O\u00dc","url":"https:\/\/miumjau.ee\/","logo":{"@type":"ImageObject","inLanguage":"lv-LV","@id":"https:\/\/miumjau.ee\/#\/schema\/logo\/image\/","url":"https:\/\/miumjau.ee\/wp-content\/uploads\/2022\/04\/MiuMjau-logo-kollane.png","contentUrl":"https:\/\/miumjau.ee\/wp-content\/uploads\/2022\/04\/MiuMjau-logo-kollane.png","width":219,"height":100,"caption":"MiuMjau O\u00dc"},"image":{"@id":"https:\/\/miumjau.ee\/#\/schema\/logo\/image\/"},"sameAs":["https:\/\/www.facebook.com\/miumjaupood\/"]}]}},"_links":{"self":[{"href":"https:\/\/miumjau.ee\/lv\/wp-json\/wp\/v2\/product\/50393","targetHints":{"allow":["GET"]}}],"collection":[{"href":"https:\/\/miumjau.ee\/lv\/wp-json\/wp\/v2\/product"}],"about":[{"href":"https:\/\/miumjau.ee\/lv\/wp-json\/wp\/v2\/types\/product"}],"wp:featuredmedia":[{"embeddable":true,"href":"https:\/\/miumjau.ee\/lv\/wp-json\/wp\/v2\/media\/50394"}],"wp:attachment":[{"href":"https:\/\/miumjau.ee\/lv\/wp-json\/wp\/v2\/media?parent=50393"}],"wp:term":[{"taxonomy":"product_brand","embeddable":true,"href":"https:\/\/miumjau.ee\/lv\/wp-json\/wp\/v2\/product_brand?post=50393"},{"taxonomy":"product_cat","embeddable":true,"href":"https:\/\/miumjau.ee\/lv\/wp-json\/wp\/v2\/product_cat?post=50393"},{"taxonomy":"product_tag","embeddable":true,"href":"https:\/\/miumjau.ee\/lv\/wp-json\/wp\/v2\/product_tag?post=50393"}],"curies":[{"name":"wp","href":"https:\/\/api.w.org\/{rel}","templated":true}]}}