{"id":50370,"date":"2024-01-07T15:50:02","date_gmt":"2024-01-07T13:50:02","guid":{"rendered":"https:\/\/miumjau.ee\/toode\/pakapieni-sienai-petrebels-horizon-1530-komplekts-rusty-oak\/"},"modified":"2026-01-07T21:14:22","modified_gmt":"2026-01-07T19:14:22","slug":"pakapieni-sienai-petrebels-horizon-1530-komplekts-rusty-oak","status":"publish","type":"product","link":"https:\/\/miumjau.ee\/lv\/produkts\/pakapieni-sienai-petrebels-horizon-1530-komplekts-rusty-oak\/","title":{"rendered":"Pak\u0101pieni sienai Petrebels Horizon 1530 komplekts, rusty oak"},"content":{"rendered":"","protected":false},"excerpt":{"rendered":"<p data-start=\"68\" data-end=\"95\">Papildus pak\u0101pieni sienai<\/p>\n<p data-start=\"97\" data-end=\"640\">Komplekt\u0101 <strong data-start=\"107\" data-end=\"123\">Horizon 1530<\/strong> ir 2 pak\u0101pieni, kas izgatavoti no skr\u0101p\u0113\u0161anas stabiem un papildina m\u016bsu <strong data-start=\"196\" data-end=\"214\">Wall of Rebels<\/strong> kolekciju jebkuram elementam. \u0160ie horizont\u0101lie pak\u0101pieni-stabi tiek piestiprin\u0101ti pie sienas \u2013 ide\u0101li piem\u0113roti ar\u012b skr\u0101p\u0113\u0161anai un paredz\u0113ti \u0113rtai k\u0101pel\u0113\u0161anai uz jebkura elementa. Vai dz\u012bvojat ar vair\u0101k nek\u0101 vienu ka\u0137i? Tad papla\u0161iniet savu ka\u0137u sienu ar sienas plauktu <strong data-start=\"485\" data-end=\"496\">Wave 70<\/strong> vai stil\u012bgu skr\u0101p\u0113\u0161anas d\u0113li <strong data-start=\"526\" data-end=\"537\">Scratch<\/strong>, padarot ka\u0137u sienu v\u0113l piedz\u012bvojumiem bag\u0101t\u0101ku ar citiem pak\u0101pieniem, k\u0101pn\u0113m vai iztur\u012bgu gu\u013cvietu.<\/p>\n<p data-start=\"642\" data-end=\"817\" data-is-last-node=\"\" data-is-only-node=\"\">Komplekt\u0101 2 XL pak\u0101pieni ar sienas stiprin\u0101jumu<br data-start=\"689\" data-end=\"692\" \/>Izm\u0113ri \u2013 staba diametrs 15 cm, garums 30 cm<br data-start=\"735\" data-end=\"738\" \/>Izgatavoti no eikalipta koka<br data-start=\"766\" data-end=\"769\" \/>Komplekt\u0101 iek\u013cauts sienas stiprin\u0101juma materi\u0101ls<\/p>\n","protected":false},"featured_media":50371,"template":"","meta":[],"product_brand":[],"product_cat":[593,573],"product_tag":[],"class_list":{"0":"post-50370","1":"product","2":"type-product","3":"status-publish","4":"has-post-thumbnail","6":"product_cat-kapelesanas-siena-kakiem","7":"product_cat-kaup24-lv","9":"first","10":"instock","11":"taxable","12":"shipping-taxable","13":"purchasable","14":"product-type-simple"},"yoast_head":"<!-- This site is optimized with the Yoast SEO plugin v27.2 - https:\/\/yoast.com\/product\/yoast-seo-wordpress\/ -->\n<title>Pak\u0101pieni sienai Petrebels Horizon 1530 komplekts, rusty oak - MiuMjau<\/title>\n<meta name=\"robots\" content=\"index, follow, max-snippet:-1, max-image-preview:large, max-video-preview:-1\" \/>\n<link rel=\"canonical\" href=\"https:\/\/miumjau.ee\/lv\/produkts\/pakapieni-sienai-petrebels-horizon-1530-komplekts-rusty-oak\/\" \/>\n<meta property=\"og:locale\" content=\"lv_LV\" \/>\n<meta property=\"og:type\" content=\"article\" \/>\n<meta property=\"og:title\" content=\"Pak\u0101pieni sienai Petrebels Horizon 1530 komplekts, rusty oak - MiuMjau\" \/>\n<meta property=\"og:description\" content=\"Papildus pak\u0101pieni sienai Komplekt\u0101 Horizon 1530 ir 2 pak\u0101pieni, kas izgatavoti no skr\u0101p\u0113\u0161anas stabiem un papildina m\u016bsu Wall of Rebels kolekciju jebkuram elementam. \u0160ie horizont\u0101lie pak\u0101pieni-stabi tiek piestiprin\u0101ti pie sienas \u2013 ide\u0101li piem\u0113roti ar\u012b skr\u0101p\u0113\u0161anai un paredz\u0113ti \u0113rtai k\u0101pel\u0113\u0161anai uz jebkura elementa. Vai dz\u012bvojat ar vair\u0101k nek\u0101 vienu ka\u0137i? Tad papla\u0161iniet savu ka\u0137u sienu ar sienas plauktu Wave 70 vai stil\u012bgu skr\u0101p\u0113\u0161anas d\u0113li Scratch, padarot ka\u0137u sienu v\u0113l piedz\u012bvojumiem bag\u0101t\u0101ku ar citiem pak\u0101pieniem, k\u0101pn\u0113m vai iztur\u012bgu gu\u013cvietu. Komplekt\u0101 2 XL pak\u0101pieni ar sienas stiprin\u0101jumuIzm\u0113ri \u2013 staba diametrs 15 cm, garums 30 cmIzgatavoti no eikalipta kokaKomplekt\u0101 iek\u013cauts sienas stiprin\u0101juma materi\u0101ls\" \/>\n<meta property=\"og:url\" content=\"https:\/\/miumjau.ee\/lv\/produkts\/pakapieni-sienai-petrebels-horizon-1530-komplekts-rusty-oak\/\" \/>\n<meta property=\"og:site_name\" content=\"MiuMjau\" \/>\n<meta property=\"article:publisher\" content=\"https:\/\/www.facebook.com\/miumjaupood\/\" \/>\n<meta property=\"article:modified_time\" content=\"2026-01-07T19:14:22+00:00\" \/>\n<meta property=\"og:image\" content=\"https:\/\/miumjau.ee\/wp-content\/uploads\/2024\/01\/lisaasted-2tk-horizon-1530-set-rusty-oak-1.jpeg\" \/>\n\t<meta property=\"og:image:width\" content=\"600\" \/>\n\t<meta property=\"og:image:height\" content=\"800\" \/>\n\t<meta property=\"og:image:type\" content=\"image\/jpeg\" \/>\n<meta name=\"twitter:card\" content=\"summary_large_image\" \/>\n<script type=\"application\/ld+json\" class=\"yoast-schema-graph\">{\"@context\":\"https:\/\/schema.org\",\"@graph\":[{\"@type\":\"WebPage\",\"@id\":\"https:\/\/miumjau.ee\/lv\/produkts\/pakapieni-sienai-petrebels-horizon-1530-komplekts-rusty-oak\/\",\"url\":\"https:\/\/miumjau.ee\/lv\/produkts\/pakapieni-sienai-petrebels-horizon-1530-komplekts-rusty-oak\/\",\"name\":\"Pak\u0101pieni sienai Petrebels Horizon 1530 komplekts, rusty oak - MiuMjau\",\"isPartOf\":{\"@id\":\"https:\/\/miumjau.ee\/#website\"},\"primaryImageOfPage\":{\"@id\":\"https:\/\/miumjau.ee\/lv\/produkts\/pakapieni-sienai-petrebels-horizon-1530-komplekts-rusty-oak\/#primaryimage\"},\"image\":{\"@id\":\"https:\/\/miumjau.ee\/lv\/produkts\/pakapieni-sienai-petrebels-horizon-1530-komplekts-rusty-oak\/#primaryimage\"},\"thumbnailUrl\":\"https:\/\/miumjau.ee\/wp-content\/uploads\/2024\/01\/lisaasted-2tk-horizon-1530-set-rusty-oak-1.jpeg\",\"datePublished\":\"2024-01-07T13:50:02+00:00\",\"dateModified\":\"2026-01-07T19:14:22+00:00\",\"breadcrumb\":{\"@id\":\"https:\/\/miumjau.ee\/lv\/produkts\/pakapieni-sienai-petrebels-horizon-1530-komplekts-rusty-oak\/#breadcrumb\"},\"inLanguage\":\"lv-LV\",\"potentialAction\":[{\"@type\":\"ReadAction\",\"target\":[\"https:\/\/miumjau.ee\/lv\/produkts\/pakapieni-sienai-petrebels-horizon-1530-komplekts-rusty-oak\/\"]}]},{\"@type\":\"ImageObject\",\"inLanguage\":\"lv-LV\",\"@id\":\"https:\/\/miumjau.ee\/lv\/produkts\/pakapieni-sienai-petrebels-horizon-1530-komplekts-rusty-oak\/#primaryimage\",\"url\":\"https:\/\/miumjau.ee\/wp-content\/uploads\/2024\/01\/lisaasted-2tk-horizon-1530-set-rusty-oak-1.jpeg\",\"contentUrl\":\"https:\/\/miumjau.ee\/wp-content\/uploads\/2024\/01\/lisaasted-2tk-horizon-1530-set-rusty-oak-1.jpeg\",\"width\":600,\"height\":800},{\"@type\":\"BreadcrumbList\",\"@id\":\"https:\/\/miumjau.ee\/lv\/produkts\/pakapieni-sienai-petrebels-horizon-1530-komplekts-rusty-oak\/#breadcrumb\",\"itemListElement\":[{\"@type\":\"ListItem\",\"position\":1,\"name\":\"Home\",\"item\":\"https:\/\/miumjau.ee\/lv\/\"},{\"@type\":\"ListItem\",\"position\":2,\"name\":\"Veikals\",\"item\":\"https:\/\/miumjau.ee\/lv\/veikals\/\"},{\"@type\":\"ListItem\",\"position\":3,\"name\":\"Pak\u0101pieni sienai Petrebels Horizon 1530 komplekts, rusty oak\"}]},{\"@type\":\"WebSite\",\"@id\":\"https:\/\/miumjau.ee\/#website\",\"url\":\"https:\/\/miumjau.ee\/\",\"name\":\"MiuMjau\",\"description\":\"Kraapimispuud kassidele\",\"publisher\":{\"@id\":\"https:\/\/miumjau.ee\/#organization\"},\"potentialAction\":[{\"@type\":\"SearchAction\",\"target\":{\"@type\":\"EntryPoint\",\"urlTemplate\":\"https:\/\/miumjau.ee\/?s={search_term_string}\"},\"query-input\":{\"@type\":\"PropertyValueSpecification\",\"valueRequired\":true,\"valueName\":\"search_term_string\"}}],\"inLanguage\":\"lv-LV\"},{\"@type\":\"Organization\",\"@id\":\"https:\/\/miumjau.ee\/#organization\",\"name\":\"MiuMjau O\u00dc\",\"url\":\"https:\/\/miumjau.ee\/\",\"logo\":{\"@type\":\"ImageObject\",\"inLanguage\":\"lv-LV\",\"@id\":\"https:\/\/miumjau.ee\/#\/schema\/logo\/image\/\",\"url\":\"https:\/\/miumjau.ee\/wp-content\/uploads\/2022\/04\/MiuMjau-logo-kollane.png\",\"contentUrl\":\"https:\/\/miumjau.ee\/wp-content\/uploads\/2022\/04\/MiuMjau-logo-kollane.png\",\"width\":219,\"height\":100,\"caption\":\"MiuMjau O\u00dc\"},\"image\":{\"@id\":\"https:\/\/miumjau.ee\/#\/schema\/logo\/image\/\"},\"sameAs\":[\"https:\/\/www.facebook.com\/miumjaupood\/\"]}]}<\/script>\n<!-- \/ Yoast SEO plugin. -->","yoast_head_json":{"title":"Pak\u0101pieni sienai Petrebels Horizon 1530 komplekts, rusty oak - MiuMjau","robots":{"index":"index","follow":"follow","max-snippet":"max-snippet:-1","max-image-preview":"max-image-preview:large","max-video-preview":"max-video-preview:-1"},"canonical":"https:\/\/miumjau.ee\/lv\/produkts\/pakapieni-sienai-petrebels-horizon-1530-komplekts-rusty-oak\/","og_locale":"lv_LV","og_type":"article","og_title":"Pak\u0101pieni sienai Petrebels Horizon 1530 komplekts, rusty oak - MiuMjau","og_description":"Papildus pak\u0101pieni sienai Komplekt\u0101 Horizon 1530 ir 2 pak\u0101pieni, kas izgatavoti no skr\u0101p\u0113\u0161anas stabiem un papildina m\u016bsu Wall of Rebels kolekciju jebkuram elementam. \u0160ie horizont\u0101lie pak\u0101pieni-stabi tiek piestiprin\u0101ti pie sienas \u2013 ide\u0101li piem\u0113roti ar\u012b skr\u0101p\u0113\u0161anai un paredz\u0113ti \u0113rtai k\u0101pel\u0113\u0161anai uz jebkura elementa. Vai dz\u012bvojat ar vair\u0101k nek\u0101 vienu ka\u0137i? Tad papla\u0161iniet savu ka\u0137u sienu ar sienas plauktu Wave 70 vai stil\u012bgu skr\u0101p\u0113\u0161anas d\u0113li Scratch, padarot ka\u0137u sienu v\u0113l piedz\u012bvojumiem bag\u0101t\u0101ku ar citiem pak\u0101pieniem, k\u0101pn\u0113m vai iztur\u012bgu gu\u013cvietu. Komplekt\u0101 2 XL pak\u0101pieni ar sienas stiprin\u0101jumuIzm\u0113ri \u2013 staba diametrs 15 cm, garums 30 cmIzgatavoti no eikalipta kokaKomplekt\u0101 iek\u013cauts sienas stiprin\u0101juma materi\u0101ls","og_url":"https:\/\/miumjau.ee\/lv\/produkts\/pakapieni-sienai-petrebels-horizon-1530-komplekts-rusty-oak\/","og_site_name":"MiuMjau","article_publisher":"https:\/\/www.facebook.com\/miumjaupood\/","article_modified_time":"2026-01-07T19:14:22+00:00","og_image":[{"width":600,"height":800,"url":"https:\/\/miumjau.ee\/wp-content\/uploads\/2024\/01\/lisaasted-2tk-horizon-1530-set-rusty-oak-1.jpeg","type":"image\/jpeg"}],"twitter_card":"summary_large_image","schema":{"@context":"https:\/\/schema.org","@graph":[{"@type":"WebPage","@id":"https:\/\/miumjau.ee\/lv\/produkts\/pakapieni-sienai-petrebels-horizon-1530-komplekts-rusty-oak\/","url":"https:\/\/miumjau.ee\/lv\/produkts\/pakapieni-sienai-petrebels-horizon-1530-komplekts-rusty-oak\/","name":"Pak\u0101pieni sienai Petrebels Horizon 1530 komplekts, rusty oak - MiuMjau","isPartOf":{"@id":"https:\/\/miumjau.ee\/#website"},"primaryImageOfPage":{"@id":"https:\/\/miumjau.ee\/lv\/produkts\/pakapieni-sienai-petrebels-horizon-1530-komplekts-rusty-oak\/#primaryimage"},"image":{"@id":"https:\/\/miumjau.ee\/lv\/produkts\/pakapieni-sienai-petrebels-horizon-1530-komplekts-rusty-oak\/#primaryimage"},"thumbnailUrl":"https:\/\/miumjau.ee\/wp-content\/uploads\/2024\/01\/lisaasted-2tk-horizon-1530-set-rusty-oak-1.jpeg","datePublished":"2024-01-07T13:50:02+00:00","dateModified":"2026-01-07T19:14:22+00:00","breadcrumb":{"@id":"https:\/\/miumjau.ee\/lv\/produkts\/pakapieni-sienai-petrebels-horizon-1530-komplekts-rusty-oak\/#breadcrumb"},"inLanguage":"lv-LV","potentialAction":[{"@type":"ReadAction","target":["https:\/\/miumjau.ee\/lv\/produkts\/pakapieni-sienai-petrebels-horizon-1530-komplekts-rusty-oak\/"]}]},{"@type":"ImageObject","inLanguage":"lv-LV","@id":"https:\/\/miumjau.ee\/lv\/produkts\/pakapieni-sienai-petrebels-horizon-1530-komplekts-rusty-oak\/#primaryimage","url":"https:\/\/miumjau.ee\/wp-content\/uploads\/2024\/01\/lisaasted-2tk-horizon-1530-set-rusty-oak-1.jpeg","contentUrl":"https:\/\/miumjau.ee\/wp-content\/uploads\/2024\/01\/lisaasted-2tk-horizon-1530-set-rusty-oak-1.jpeg","width":600,"height":800},{"@type":"BreadcrumbList","@id":"https:\/\/miumjau.ee\/lv\/produkts\/pakapieni-sienai-petrebels-horizon-1530-komplekts-rusty-oak\/#breadcrumb","itemListElement":[{"@type":"ListItem","position":1,"name":"Home","item":"https:\/\/miumjau.ee\/lv\/"},{"@type":"ListItem","position":2,"name":"Veikals","item":"https:\/\/miumjau.ee\/lv\/veikals\/"},{"@type":"ListItem","position":3,"name":"Pak\u0101pieni sienai Petrebels Horizon 1530 komplekts, rusty oak"}]},{"@type":"WebSite","@id":"https:\/\/miumjau.ee\/#website","url":"https:\/\/miumjau.ee\/","name":"MiuMjau","description":"Kraapimispuud kassidele","publisher":{"@id":"https:\/\/miumjau.ee\/#organization"},"potentialAction":[{"@type":"SearchAction","target":{"@type":"EntryPoint","urlTemplate":"https:\/\/miumjau.ee\/?s={search_term_string}"},"query-input":{"@type":"PropertyValueSpecification","valueRequired":true,"valueName":"search_term_string"}}],"inLanguage":"lv-LV"},{"@type":"Organization","@id":"https:\/\/miumjau.ee\/#organization","name":"MiuMjau O\u00dc","url":"https:\/\/miumjau.ee\/","logo":{"@type":"ImageObject","inLanguage":"lv-LV","@id":"https:\/\/miumjau.ee\/#\/schema\/logo\/image\/","url":"https:\/\/miumjau.ee\/wp-content\/uploads\/2022\/04\/MiuMjau-logo-kollane.png","contentUrl":"https:\/\/miumjau.ee\/wp-content\/uploads\/2022\/04\/MiuMjau-logo-kollane.png","width":219,"height":100,"caption":"MiuMjau O\u00dc"},"image":{"@id":"https:\/\/miumjau.ee\/#\/schema\/logo\/image\/"},"sameAs":["https:\/\/www.facebook.com\/miumjaupood\/"]}]}},"_links":{"self":[{"href":"https:\/\/miumjau.ee\/lv\/wp-json\/wp\/v2\/product\/50370","targetHints":{"allow":["GET"]}}],"collection":[{"href":"https:\/\/miumjau.ee\/lv\/wp-json\/wp\/v2\/product"}],"about":[{"href":"https:\/\/miumjau.ee\/lv\/wp-json\/wp\/v2\/types\/product"}],"wp:featuredmedia":[{"embeddable":true,"href":"https:\/\/miumjau.ee\/lv\/wp-json\/wp\/v2\/media\/50371"}],"wp:attachment":[{"href":"https:\/\/miumjau.ee\/lv\/wp-json\/wp\/v2\/media?parent=50370"}],"wp:term":[{"taxonomy":"product_brand","embeddable":true,"href":"https:\/\/miumjau.ee\/lv\/wp-json\/wp\/v2\/product_brand?post=50370"},{"taxonomy":"product_cat","embeddable":true,"href":"https:\/\/miumjau.ee\/lv\/wp-json\/wp\/v2\/product_cat?post=50370"},{"taxonomy":"product_tag","embeddable":true,"href":"https:\/\/miumjau.ee\/lv\/wp-json\/wp\/v2\/product_tag?post=50370"}],"curies":[{"name":"wp","href":"https:\/\/api.w.org\/{rel}","templated":true}]}}