{"id":50340,"date":"2024-12-01T14:20:03","date_gmt":"2024-12-01T12:20:03","guid":{"rendered":"https:\/\/miumjau.ee\/toode\/kaku-kapelesanas-koks-petrebels-aquarius-265-old-grey\/"},"modified":"2026-01-07T21:14:22","modified_gmt":"2026-01-07T19:14:22","slug":"kaku-kapelesanas-koks-petrebels-aquarius-265-old-grey","status":"publish","type":"product","link":"https:\/\/miumjau.ee\/lv\/produkts\/kaku-kapelesanas-koks-petrebels-aquarius-265-old-grey\/","title":{"rendered":"Ka\u0137u k\u0101pel\u0113\u0161anas koks Petrebels Aquarius 265, old grey"},"content":{"rendered":"","protected":false},"excerpt":{"rendered":"<p data-start=\"131\" data-end=\"250\">K\u0101pel\u0113\u0161anas koks \u012bstiem alp\u012bnistiem \u2013 <strong data-start=\"169\" data-end=\"185\">Aquarius 265<\/strong> ir daudzfunkcion\u0101ls un ar regul\u0113jamu stiprin\u0101jumu pie griestiem.<\/p>\n<p data-start=\"252\" data-end=\"650\">\u0160is iespaid\u012bgais skr\u0101p\u0113\u0161anas koks ir izgatavots no eikalipta koka un ir regul\u0113jama augstuma. Aug\u0161pus\u0113 eso\u0161ais lielais t\u012bkla \u0161\u016bpu\u013ct\u012bkls nodro\u0161ina ide\u0101lu vietu j\u016bsu m\u012blulim atp\u016btai. Iztur\u012bgie skr\u0101p\u0113\u0161anas pakl\u0101ji \u013cauj ka\u0137im asin\u0101t nagus. \u0160is modern\u0101 dizaina skr\u0101p\u0113\u0161anas koks izskat\u0101s \u013coti stil\u012bgi un aiz\u0146em maz vietas. Piem\u0113rots nostiprin\u0101\u0161anai starp gr\u012bdu un griestiem ar augstumu no 243 l\u012bdz 265 cm.<\/p>\n<p data-start=\"652\" data-end=\"864\">Izm\u0113ri \u2013 pamatne 50 x 50 cm, augstums 243\u2013265 cm<br data-start=\"700\" data-end=\"703\" \/>Ve\u013casma\u0161\u012bn\u0101 mazg\u0101jama gu\u013cvieta<br data-start=\"733\" data-end=\"736\" \/>Viegls un elegants dizains, piem\u0113rots jebkuram interjeram<br data-start=\"793\" data-end=\"796\" \/>Sizala pakl\u0101js piestiprin\u0101ms ar komplekt\u0101 iek\u013cauto Velcro l\u012bplenti<\/p>\n<p data-start=\"866\" data-end=\"1009\">Produkta svars: 19,8 kg, ar iepakojumu 21 kg<br data-start=\"910\" data-end=\"913\" \/>Iepakojuma izm\u0113ri: 82 x 65 x 18 cm<br data-start=\"947\" data-end=\"950\" \/>Staba diametrs: 7 cm, gu\u013cvietas maksim\u0101l\u0101 slodze l\u012bdz 15 kg<\/p>\n","protected":false},"featured_media":50348,"template":"","meta":[],"product_brand":[],"product_cat":[582],"product_tag":[],"class_list":{"0":"post-50340","1":"product","2":"type-product","3":"status-publish","4":"has-post-thumbnail","6":"product_cat-videji-skrapesanas-koki-petrebels","8":"first","9":"outofstock","10":"sale","11":"taxable","12":"shipping-taxable","13":"purchasable","14":"product-type-simple"},"yoast_head":"<!-- This site is optimized with the Yoast SEO plugin v27.2 - https:\/\/yoast.com\/product\/yoast-seo-wordpress\/ -->\n<title>Ka\u0137u k\u0101pel\u0113\u0161anas koks Petrebels Aquarius 265, old grey - MiuMjau<\/title>\n<meta name=\"robots\" content=\"index, follow, max-snippet:-1, max-image-preview:large, max-video-preview:-1\" \/>\n<link rel=\"canonical\" href=\"https:\/\/miumjau.ee\/lv\/produkts\/kaku-kapelesanas-koks-petrebels-aquarius-265-old-grey\/\" \/>\n<meta property=\"og:locale\" content=\"lv_LV\" \/>\n<meta property=\"og:type\" content=\"article\" \/>\n<meta property=\"og:title\" content=\"Ka\u0137u k\u0101pel\u0113\u0161anas koks Petrebels Aquarius 265, old grey - MiuMjau\" \/>\n<meta property=\"og:description\" content=\"K\u0101pel\u0113\u0161anas koks \u012bstiem alp\u012bnistiem \u2013 Aquarius 265 ir daudzfunkcion\u0101ls un ar regul\u0113jamu stiprin\u0101jumu pie griestiem. \u0160is iespaid\u012bgais skr\u0101p\u0113\u0161anas koks ir izgatavots no eikalipta koka un ir regul\u0113jama augstuma. Aug\u0161pus\u0113 eso\u0161ais lielais t\u012bkla \u0161\u016bpu\u013ct\u012bkls nodro\u0161ina ide\u0101lu vietu j\u016bsu m\u012blulim atp\u016btai. Iztur\u012bgie skr\u0101p\u0113\u0161anas pakl\u0101ji \u013cauj ka\u0137im asin\u0101t nagus. \u0160is modern\u0101 dizaina skr\u0101p\u0113\u0161anas koks izskat\u0101s \u013coti stil\u012bgi un aiz\u0146em maz vietas. Piem\u0113rots nostiprin\u0101\u0161anai starp gr\u012bdu un griestiem ar augstumu no 243 l\u012bdz 265 cm. Izm\u0113ri \u2013 pamatne 50 x 50 cm, augstums 243\u2013265 cmVe\u013casma\u0161\u012bn\u0101 mazg\u0101jama gu\u013cvietaViegls un elegants dizains, piem\u0113rots jebkuram interjeramSizala pakl\u0101js piestiprin\u0101ms ar komplekt\u0101 iek\u013cauto Velcro l\u012bplenti Produkta svars: 19,8 kg, ar iepakojumu 21 kgIepakojuma izm\u0113ri: 82 x 65 x 18 cmStaba diametrs: 7 cm, gu\u013cvietas maksim\u0101l\u0101 slodze l\u012bdz 15 kg\" \/>\n<meta property=\"og:url\" content=\"https:\/\/miumjau.ee\/lv\/produkts\/kaku-kapelesanas-koks-petrebels-aquarius-265-old-grey\/\" \/>\n<meta property=\"og:site_name\" content=\"MiuMjau\" \/>\n<meta property=\"article:publisher\" content=\"https:\/\/www.facebook.com\/miumjaupood\/\" \/>\n<meta property=\"article:modified_time\" content=\"2026-01-07T19:14:22+00:00\" \/>\n<meta property=\"og:image\" content=\"https:\/\/miumjau.ee\/wp-content\/uploads\/2024\/12\/ronimispuu-petrebels-aquarius265-oldgrey8.jpg\" \/>\n\t<meta property=\"og:image:width\" content=\"600\" \/>\n\t<meta property=\"og:image:height\" content=\"800\" \/>\n\t<meta property=\"og:image:type\" content=\"image\/jpeg\" \/>\n<meta name=\"twitter:card\" content=\"summary_large_image\" \/>\n<script type=\"application\/ld+json\" class=\"yoast-schema-graph\">{\"@context\":\"https:\/\/schema.org\",\"@graph\":[{\"@type\":\"WebPage\",\"@id\":\"https:\/\/miumjau.ee\/lv\/produkts\/kaku-kapelesanas-koks-petrebels-aquarius-265-old-grey\/\",\"url\":\"https:\/\/miumjau.ee\/lv\/produkts\/kaku-kapelesanas-koks-petrebels-aquarius-265-old-grey\/\",\"name\":\"Ka\u0137u k\u0101pel\u0113\u0161anas koks Petrebels Aquarius 265, old grey - MiuMjau\",\"isPartOf\":{\"@id\":\"https:\/\/miumjau.ee\/#website\"},\"primaryImageOfPage\":{\"@id\":\"https:\/\/miumjau.ee\/lv\/produkts\/kaku-kapelesanas-koks-petrebels-aquarius-265-old-grey\/#primaryimage\"},\"image\":{\"@id\":\"https:\/\/miumjau.ee\/lv\/produkts\/kaku-kapelesanas-koks-petrebels-aquarius-265-old-grey\/#primaryimage\"},\"thumbnailUrl\":\"https:\/\/miumjau.ee\/wp-content\/uploads\/2024\/12\/ronimispuu-petrebels-aquarius265-oldgrey8.jpg\",\"datePublished\":\"2024-12-01T12:20:03+00:00\",\"dateModified\":\"2026-01-07T19:14:22+00:00\",\"breadcrumb\":{\"@id\":\"https:\/\/miumjau.ee\/lv\/produkts\/kaku-kapelesanas-koks-petrebels-aquarius-265-old-grey\/#breadcrumb\"},\"inLanguage\":\"lv-LV\",\"potentialAction\":[{\"@type\":\"ReadAction\",\"target\":[\"https:\/\/miumjau.ee\/lv\/produkts\/kaku-kapelesanas-koks-petrebels-aquarius-265-old-grey\/\"]}]},{\"@type\":\"ImageObject\",\"inLanguage\":\"lv-LV\",\"@id\":\"https:\/\/miumjau.ee\/lv\/produkts\/kaku-kapelesanas-koks-petrebels-aquarius-265-old-grey\/#primaryimage\",\"url\":\"https:\/\/miumjau.ee\/wp-content\/uploads\/2024\/12\/ronimispuu-petrebels-aquarius265-oldgrey8.jpg\",\"contentUrl\":\"https:\/\/miumjau.ee\/wp-content\/uploads\/2024\/12\/ronimispuu-petrebels-aquarius265-oldgrey8.jpg\",\"width\":600,\"height\":800},{\"@type\":\"BreadcrumbList\",\"@id\":\"https:\/\/miumjau.ee\/lv\/produkts\/kaku-kapelesanas-koks-petrebels-aquarius-265-old-grey\/#breadcrumb\",\"itemListElement\":[{\"@type\":\"ListItem\",\"position\":1,\"name\":\"Home\",\"item\":\"https:\/\/miumjau.ee\/lv\/\"},{\"@type\":\"ListItem\",\"position\":2,\"name\":\"Veikals\",\"item\":\"https:\/\/miumjau.ee\/lv\/veikals\/\"},{\"@type\":\"ListItem\",\"position\":3,\"name\":\"Ka\u0137u k\u0101pel\u0113\u0161anas koks Petrebels Aquarius 265, old grey\"}]},{\"@type\":\"WebSite\",\"@id\":\"https:\/\/miumjau.ee\/#website\",\"url\":\"https:\/\/miumjau.ee\/\",\"name\":\"MiuMjau\",\"description\":\"Kraapimispuud kassidele\",\"publisher\":{\"@id\":\"https:\/\/miumjau.ee\/#organization\"},\"potentialAction\":[{\"@type\":\"SearchAction\",\"target\":{\"@type\":\"EntryPoint\",\"urlTemplate\":\"https:\/\/miumjau.ee\/?s={search_term_string}\"},\"query-input\":{\"@type\":\"PropertyValueSpecification\",\"valueRequired\":true,\"valueName\":\"search_term_string\"}}],\"inLanguage\":\"lv-LV\"},{\"@type\":\"Organization\",\"@id\":\"https:\/\/miumjau.ee\/#organization\",\"name\":\"MiuMjau O\u00dc\",\"url\":\"https:\/\/miumjau.ee\/\",\"logo\":{\"@type\":\"ImageObject\",\"inLanguage\":\"lv-LV\",\"@id\":\"https:\/\/miumjau.ee\/#\/schema\/logo\/image\/\",\"url\":\"https:\/\/miumjau.ee\/wp-content\/uploads\/2022\/04\/MiuMjau-logo-kollane.png\",\"contentUrl\":\"https:\/\/miumjau.ee\/wp-content\/uploads\/2022\/04\/MiuMjau-logo-kollane.png\",\"width\":219,\"height\":100,\"caption\":\"MiuMjau O\u00dc\"},\"image\":{\"@id\":\"https:\/\/miumjau.ee\/#\/schema\/logo\/image\/\"},\"sameAs\":[\"https:\/\/www.facebook.com\/miumjaupood\/\"]}]}<\/script>\n<!-- \/ Yoast SEO plugin. -->","yoast_head_json":{"title":"Ka\u0137u k\u0101pel\u0113\u0161anas koks Petrebels Aquarius 265, old grey - MiuMjau","robots":{"index":"index","follow":"follow","max-snippet":"max-snippet:-1","max-image-preview":"max-image-preview:large","max-video-preview":"max-video-preview:-1"},"canonical":"https:\/\/miumjau.ee\/lv\/produkts\/kaku-kapelesanas-koks-petrebels-aquarius-265-old-grey\/","og_locale":"lv_LV","og_type":"article","og_title":"Ka\u0137u k\u0101pel\u0113\u0161anas koks Petrebels Aquarius 265, old grey - MiuMjau","og_description":"K\u0101pel\u0113\u0161anas koks \u012bstiem alp\u012bnistiem \u2013 Aquarius 265 ir daudzfunkcion\u0101ls un ar regul\u0113jamu stiprin\u0101jumu pie griestiem. \u0160is iespaid\u012bgais skr\u0101p\u0113\u0161anas koks ir izgatavots no eikalipta koka un ir regul\u0113jama augstuma. Aug\u0161pus\u0113 eso\u0161ais lielais t\u012bkla \u0161\u016bpu\u013ct\u012bkls nodro\u0161ina ide\u0101lu vietu j\u016bsu m\u012blulim atp\u016btai. Iztur\u012bgie skr\u0101p\u0113\u0161anas pakl\u0101ji \u013cauj ka\u0137im asin\u0101t nagus. \u0160is modern\u0101 dizaina skr\u0101p\u0113\u0161anas koks izskat\u0101s \u013coti stil\u012bgi un aiz\u0146em maz vietas. Piem\u0113rots nostiprin\u0101\u0161anai starp gr\u012bdu un griestiem ar augstumu no 243 l\u012bdz 265 cm. Izm\u0113ri \u2013 pamatne 50 x 50 cm, augstums 243\u2013265 cmVe\u013casma\u0161\u012bn\u0101 mazg\u0101jama gu\u013cvietaViegls un elegants dizains, piem\u0113rots jebkuram interjeramSizala pakl\u0101js piestiprin\u0101ms ar komplekt\u0101 iek\u013cauto Velcro l\u012bplenti Produkta svars: 19,8 kg, ar iepakojumu 21 kgIepakojuma izm\u0113ri: 82 x 65 x 18 cmStaba diametrs: 7 cm, gu\u013cvietas maksim\u0101l\u0101 slodze l\u012bdz 15 kg","og_url":"https:\/\/miumjau.ee\/lv\/produkts\/kaku-kapelesanas-koks-petrebels-aquarius-265-old-grey\/","og_site_name":"MiuMjau","article_publisher":"https:\/\/www.facebook.com\/miumjaupood\/","article_modified_time":"2026-01-07T19:14:22+00:00","og_image":[{"width":600,"height":800,"url":"https:\/\/miumjau.ee\/wp-content\/uploads\/2024\/12\/ronimispuu-petrebels-aquarius265-oldgrey8.jpg","type":"image\/jpeg"}],"twitter_card":"summary_large_image","schema":{"@context":"https:\/\/schema.org","@graph":[{"@type":"WebPage","@id":"https:\/\/miumjau.ee\/lv\/produkts\/kaku-kapelesanas-koks-petrebels-aquarius-265-old-grey\/","url":"https:\/\/miumjau.ee\/lv\/produkts\/kaku-kapelesanas-koks-petrebels-aquarius-265-old-grey\/","name":"Ka\u0137u k\u0101pel\u0113\u0161anas koks Petrebels Aquarius 265, old grey - MiuMjau","isPartOf":{"@id":"https:\/\/miumjau.ee\/#website"},"primaryImageOfPage":{"@id":"https:\/\/miumjau.ee\/lv\/produkts\/kaku-kapelesanas-koks-petrebels-aquarius-265-old-grey\/#primaryimage"},"image":{"@id":"https:\/\/miumjau.ee\/lv\/produkts\/kaku-kapelesanas-koks-petrebels-aquarius-265-old-grey\/#primaryimage"},"thumbnailUrl":"https:\/\/miumjau.ee\/wp-content\/uploads\/2024\/12\/ronimispuu-petrebels-aquarius265-oldgrey8.jpg","datePublished":"2024-12-01T12:20:03+00:00","dateModified":"2026-01-07T19:14:22+00:00","breadcrumb":{"@id":"https:\/\/miumjau.ee\/lv\/produkts\/kaku-kapelesanas-koks-petrebels-aquarius-265-old-grey\/#breadcrumb"},"inLanguage":"lv-LV","potentialAction":[{"@type":"ReadAction","target":["https:\/\/miumjau.ee\/lv\/produkts\/kaku-kapelesanas-koks-petrebels-aquarius-265-old-grey\/"]}]},{"@type":"ImageObject","inLanguage":"lv-LV","@id":"https:\/\/miumjau.ee\/lv\/produkts\/kaku-kapelesanas-koks-petrebels-aquarius-265-old-grey\/#primaryimage","url":"https:\/\/miumjau.ee\/wp-content\/uploads\/2024\/12\/ronimispuu-petrebels-aquarius265-oldgrey8.jpg","contentUrl":"https:\/\/miumjau.ee\/wp-content\/uploads\/2024\/12\/ronimispuu-petrebels-aquarius265-oldgrey8.jpg","width":600,"height":800},{"@type":"BreadcrumbList","@id":"https:\/\/miumjau.ee\/lv\/produkts\/kaku-kapelesanas-koks-petrebels-aquarius-265-old-grey\/#breadcrumb","itemListElement":[{"@type":"ListItem","position":1,"name":"Home","item":"https:\/\/miumjau.ee\/lv\/"},{"@type":"ListItem","position":2,"name":"Veikals","item":"https:\/\/miumjau.ee\/lv\/veikals\/"},{"@type":"ListItem","position":3,"name":"Ka\u0137u k\u0101pel\u0113\u0161anas koks Petrebels Aquarius 265, old grey"}]},{"@type":"WebSite","@id":"https:\/\/miumjau.ee\/#website","url":"https:\/\/miumjau.ee\/","name":"MiuMjau","description":"Kraapimispuud kassidele","publisher":{"@id":"https:\/\/miumjau.ee\/#organization"},"potentialAction":[{"@type":"SearchAction","target":{"@type":"EntryPoint","urlTemplate":"https:\/\/miumjau.ee\/?s={search_term_string}"},"query-input":{"@type":"PropertyValueSpecification","valueRequired":true,"valueName":"search_term_string"}}],"inLanguage":"lv-LV"},{"@type":"Organization","@id":"https:\/\/miumjau.ee\/#organization","name":"MiuMjau O\u00dc","url":"https:\/\/miumjau.ee\/","logo":{"@type":"ImageObject","inLanguage":"lv-LV","@id":"https:\/\/miumjau.ee\/#\/schema\/logo\/image\/","url":"https:\/\/miumjau.ee\/wp-content\/uploads\/2022\/04\/MiuMjau-logo-kollane.png","contentUrl":"https:\/\/miumjau.ee\/wp-content\/uploads\/2022\/04\/MiuMjau-logo-kollane.png","width":219,"height":100,"caption":"MiuMjau O\u00dc"},"image":{"@id":"https:\/\/miumjau.ee\/#\/schema\/logo\/image\/"},"sameAs":["https:\/\/www.facebook.com\/miumjaupood\/"]}]}},"_links":{"self":[{"href":"https:\/\/miumjau.ee\/lv\/wp-json\/wp\/v2\/product\/50340","targetHints":{"allow":["GET"]}}],"collection":[{"href":"https:\/\/miumjau.ee\/lv\/wp-json\/wp\/v2\/product"}],"about":[{"href":"https:\/\/miumjau.ee\/lv\/wp-json\/wp\/v2\/types\/product"}],"wp:featuredmedia":[{"embeddable":true,"href":"https:\/\/miumjau.ee\/lv\/wp-json\/wp\/v2\/media\/50348"}],"wp:attachment":[{"href":"https:\/\/miumjau.ee\/lv\/wp-json\/wp\/v2\/media?parent=50340"}],"wp:term":[{"taxonomy":"product_brand","embeddable":true,"href":"https:\/\/miumjau.ee\/lv\/wp-json\/wp\/v2\/product_brand?post=50340"},{"taxonomy":"product_cat","embeddable":true,"href":"https:\/\/miumjau.ee\/lv\/wp-json\/wp\/v2\/product_cat?post=50340"},{"taxonomy":"product_tag","embeddable":true,"href":"https:\/\/miumjau.ee\/lv\/wp-json\/wp\/v2\/product_tag?post=50340"}],"curies":[{"name":"wp","href":"https:\/\/api.w.org\/{rel}","templated":true}]}}