{"id":50335,"date":"2024-11-01T14:13:53","date_gmt":"2024-11-01T12:13:53","guid":{"rendered":"https:\/\/miumjau.ee\/toode\/petrebels-turnpike-200-pepper\/"},"modified":"2026-01-07T21:14:22","modified_gmt":"2026-01-07T19:14:22","slug":"petrebels-turnpike-200-pepper","status":"publish","type":"product","link":"https:\/\/miumjau.ee\/lv\/produkts\/petrebels-turnpike-200-pepper\/","title":{"rendered":"Petrebels Turnpike 200, pepper"},"content":{"rendered":"","protected":false},"excerpt":{"rendered":"<p data-start=\"71\" data-end=\"453\">Tam ir taisnas l\u012bnijas, samtaini m\u012bksti spilveni un daudz m\u0101j\u012bgu gul\u0113\u0161anas vietu. \u013boti maigs un piem\u012bl\u012bgs izskats, ta\u010du vienlaikus tas ir ar\u012b iztur\u012bgs un stabils. Tas iztur pat vistrak\u0101k\u0101s rota\u013cas. Pateicoties \u012bpa\u0161i biezajai pamatnei un vismaz 15 cm diametra skr\u0101p\u0113\u0161anas stabiem. Vai mekl\u0113jat \u012bstu ka\u0137u pili savam princim vai princesei? Tad m\u016bsu <strong data-start=\"417\" data-end=\"433\">Turnpike 200<\/strong> ir lieliska izv\u0113le!<\/p>\n<p data-start=\"455\" data-end=\"907\">Izm\u0113ri \u2013 garums 76 cm, platums 76 cm, augstums 200 cm<br data-start=\"508\" data-end=\"511\" \/>2 \u013coti lielas izvirz\u012btas \u0161\u016bpu\u013cgultas ar diametru 48 cm<br data-start=\"565\" data-end=\"568\" \/>Tr\u012bs iztur\u012bgas mega-alas ar izm\u0113riem 76 x 30 cm un augstumu 30 cm<br data-start=\"633\" data-end=\"636\" \/>Piestiprin\u0101ta \u012bpa\u0161i iztur\u012bga virve rota\u013c\u0101m<br data-start=\"678\" data-end=\"681\" \/>Skr\u0101p\u0113\u0161anas koks paredz\u0113ts ka\u0137iem jebkur\u0101 svara un auguma kategorij\u0101. Piem\u0113rots ar\u012b t\u0113vi\u0146u Meink\u016bniem, Norv\u0113\u0123u me\u017ea ka\u0137iem u.c.<br data-start=\"808\" data-end=\"811\" \/>Produkts iepakots 5 kast\u0113s, kop\u0113jais svars 85,5 kg<br data-start=\"861\" data-end=\"864\" data-is-only-node=\"\" \/>Produkta neto svars (bez iepakojuma): 83 kg<\/p>\n","protected":false},"featured_media":50336,"template":"","meta":[],"product_brand":[],"product_cat":[583,573],"product_tag":[],"class_list":{"0":"post-50335","1":"product","2":"type-product","3":"status-publish","4":"has-post-thumbnail","6":"product_cat-petrebels-produkti-smagiem-kakiem","7":"product_cat-kaup24-lv","8":"product_shipping_class-pakiautomaati-sobimatu-lv","10":"first","11":"instock","12":"sale","13":"taxable","14":"shipping-taxable","15":"purchasable","16":"product-type-simple"},"yoast_head":"<!-- This site is optimized with the Yoast SEO plugin v27.2 - https:\/\/yoast.com\/product\/yoast-seo-wordpress\/ -->\n<title>Petrebels Turnpike 200, pepper - MiuMjau<\/title>\n<meta name=\"robots\" content=\"index, follow, max-snippet:-1, max-image-preview:large, max-video-preview:-1\" \/>\n<link rel=\"canonical\" href=\"https:\/\/miumjau.ee\/lv\/produkts\/petrebels-turnpike-200-pepper\/\" \/>\n<meta property=\"og:locale\" content=\"lv_LV\" \/>\n<meta property=\"og:type\" content=\"article\" \/>\n<meta property=\"og:title\" content=\"Petrebels Turnpike 200, pepper - MiuMjau\" \/>\n<meta property=\"og:description\" content=\"Tam ir taisnas l\u012bnijas, samtaini m\u012bksti spilveni un daudz m\u0101j\u012bgu gul\u0113\u0161anas vietu. \u013boti maigs un piem\u012bl\u012bgs izskats, ta\u010du vienlaikus tas ir ar\u012b iztur\u012bgs un stabils. Tas iztur pat vistrak\u0101k\u0101s rota\u013cas. Pateicoties \u012bpa\u0161i biezajai pamatnei un vismaz 15 cm diametra skr\u0101p\u0113\u0161anas stabiem. Vai mekl\u0113jat \u012bstu ka\u0137u pili savam princim vai princesei? Tad m\u016bsu Turnpike 200 ir lieliska izv\u0113le! Izm\u0113ri \u2013 garums 76 cm, platums 76 cm, augstums 200 cm2 \u013coti lielas izvirz\u012btas \u0161\u016bpu\u013cgultas ar diametru 48 cmTr\u012bs iztur\u012bgas mega-alas ar izm\u0113riem 76 x 30 cm un augstumu 30 cmPiestiprin\u0101ta \u012bpa\u0161i iztur\u012bga virve rota\u013c\u0101mSkr\u0101p\u0113\u0161anas koks paredz\u0113ts ka\u0137iem jebkur\u0101 svara un auguma kategorij\u0101. Piem\u0113rots ar\u012b t\u0113vi\u0146u Meink\u016bniem, Norv\u0113\u0123u me\u017ea ka\u0137iem u.c.Produkts iepakots 5 kast\u0113s, kop\u0113jais svars 85,5 kgProdukta neto svars (bez iepakojuma): 83 kg\" \/>\n<meta property=\"og:url\" content=\"https:\/\/miumjau.ee\/lv\/produkts\/petrebels-turnpike-200-pepper\/\" \/>\n<meta property=\"og:site_name\" content=\"MiuMjau\" \/>\n<meta property=\"article:publisher\" content=\"https:\/\/www.facebook.com\/miumjaupood\/\" \/>\n<meta property=\"article:modified_time\" content=\"2026-01-07T19:14:22+00:00\" \/>\n<meta property=\"og:image\" content=\"https:\/\/miumjau.ee\/wp-content\/uploads\/2024\/11\/turnpike-200-pepper3.jpg\" \/>\n\t<meta property=\"og:image:width\" content=\"600\" \/>\n\t<meta property=\"og:image:height\" content=\"800\" \/>\n\t<meta property=\"og:image:type\" content=\"image\/jpeg\" \/>\n<meta name=\"twitter:card\" content=\"summary_large_image\" \/>\n<script type=\"application\/ld+json\" class=\"yoast-schema-graph\">{\"@context\":\"https:\/\/schema.org\",\"@graph\":[{\"@type\":\"WebPage\",\"@id\":\"https:\/\/miumjau.ee\/lv\/produkts\/petrebels-turnpike-200-pepper\/\",\"url\":\"https:\/\/miumjau.ee\/lv\/produkts\/petrebels-turnpike-200-pepper\/\",\"name\":\"Petrebels Turnpike 200, pepper - MiuMjau\",\"isPartOf\":{\"@id\":\"https:\/\/miumjau.ee\/#website\"},\"primaryImageOfPage\":{\"@id\":\"https:\/\/miumjau.ee\/lv\/produkts\/petrebels-turnpike-200-pepper\/#primaryimage\"},\"image\":{\"@id\":\"https:\/\/miumjau.ee\/lv\/produkts\/petrebels-turnpike-200-pepper\/#primaryimage\"},\"thumbnailUrl\":\"https:\/\/miumjau.ee\/wp-content\/uploads\/2024\/11\/turnpike-200-pepper3.jpg\",\"datePublished\":\"2024-11-01T12:13:53+00:00\",\"dateModified\":\"2026-01-07T19:14:22+00:00\",\"breadcrumb\":{\"@id\":\"https:\/\/miumjau.ee\/lv\/produkts\/petrebels-turnpike-200-pepper\/#breadcrumb\"},\"inLanguage\":\"lv-LV\",\"potentialAction\":[{\"@type\":\"ReadAction\",\"target\":[\"https:\/\/miumjau.ee\/lv\/produkts\/petrebels-turnpike-200-pepper\/\"]}]},{\"@type\":\"ImageObject\",\"inLanguage\":\"lv-LV\",\"@id\":\"https:\/\/miumjau.ee\/lv\/produkts\/petrebels-turnpike-200-pepper\/#primaryimage\",\"url\":\"https:\/\/miumjau.ee\/wp-content\/uploads\/2024\/11\/turnpike-200-pepper3.jpg\",\"contentUrl\":\"https:\/\/miumjau.ee\/wp-content\/uploads\/2024\/11\/turnpike-200-pepper3.jpg\",\"width\":600,\"height\":800},{\"@type\":\"BreadcrumbList\",\"@id\":\"https:\/\/miumjau.ee\/lv\/produkts\/petrebels-turnpike-200-pepper\/#breadcrumb\",\"itemListElement\":[{\"@type\":\"ListItem\",\"position\":1,\"name\":\"Home\",\"item\":\"https:\/\/miumjau.ee\/lv\/\"},{\"@type\":\"ListItem\",\"position\":2,\"name\":\"Veikals\",\"item\":\"https:\/\/miumjau.ee\/lv\/veikals\/\"},{\"@type\":\"ListItem\",\"position\":3,\"name\":\"Petrebels Turnpike 200, pepper\"}]},{\"@type\":\"WebSite\",\"@id\":\"https:\/\/miumjau.ee\/#website\",\"url\":\"https:\/\/miumjau.ee\/\",\"name\":\"MiuMjau\",\"description\":\"Kraapimispuud kassidele\",\"publisher\":{\"@id\":\"https:\/\/miumjau.ee\/#organization\"},\"potentialAction\":[{\"@type\":\"SearchAction\",\"target\":{\"@type\":\"EntryPoint\",\"urlTemplate\":\"https:\/\/miumjau.ee\/?s={search_term_string}\"},\"query-input\":{\"@type\":\"PropertyValueSpecification\",\"valueRequired\":true,\"valueName\":\"search_term_string\"}}],\"inLanguage\":\"lv-LV\"},{\"@type\":\"Organization\",\"@id\":\"https:\/\/miumjau.ee\/#organization\",\"name\":\"MiuMjau O\u00dc\",\"url\":\"https:\/\/miumjau.ee\/\",\"logo\":{\"@type\":\"ImageObject\",\"inLanguage\":\"lv-LV\",\"@id\":\"https:\/\/miumjau.ee\/#\/schema\/logo\/image\/\",\"url\":\"https:\/\/miumjau.ee\/wp-content\/uploads\/2022\/04\/MiuMjau-logo-kollane.png\",\"contentUrl\":\"https:\/\/miumjau.ee\/wp-content\/uploads\/2022\/04\/MiuMjau-logo-kollane.png\",\"width\":219,\"height\":100,\"caption\":\"MiuMjau O\u00dc\"},\"image\":{\"@id\":\"https:\/\/miumjau.ee\/#\/schema\/logo\/image\/\"},\"sameAs\":[\"https:\/\/www.facebook.com\/miumjaupood\/\"]}]}<\/script>\n<!-- \/ Yoast SEO plugin. -->","yoast_head_json":{"title":"Petrebels Turnpike 200, pepper - MiuMjau","robots":{"index":"index","follow":"follow","max-snippet":"max-snippet:-1","max-image-preview":"max-image-preview:large","max-video-preview":"max-video-preview:-1"},"canonical":"https:\/\/miumjau.ee\/lv\/produkts\/petrebels-turnpike-200-pepper\/","og_locale":"lv_LV","og_type":"article","og_title":"Petrebels Turnpike 200, pepper - MiuMjau","og_description":"Tam ir taisnas l\u012bnijas, samtaini m\u012bksti spilveni un daudz m\u0101j\u012bgu gul\u0113\u0161anas vietu. \u013boti maigs un piem\u012bl\u012bgs izskats, ta\u010du vienlaikus tas ir ar\u012b iztur\u012bgs un stabils. Tas iztur pat vistrak\u0101k\u0101s rota\u013cas. Pateicoties \u012bpa\u0161i biezajai pamatnei un vismaz 15 cm diametra skr\u0101p\u0113\u0161anas stabiem. Vai mekl\u0113jat \u012bstu ka\u0137u pili savam princim vai princesei? Tad m\u016bsu Turnpike 200 ir lieliska izv\u0113le! Izm\u0113ri \u2013 garums 76 cm, platums 76 cm, augstums 200 cm2 \u013coti lielas izvirz\u012btas \u0161\u016bpu\u013cgultas ar diametru 48 cmTr\u012bs iztur\u012bgas mega-alas ar izm\u0113riem 76 x 30 cm un augstumu 30 cmPiestiprin\u0101ta \u012bpa\u0161i iztur\u012bga virve rota\u013c\u0101mSkr\u0101p\u0113\u0161anas koks paredz\u0113ts ka\u0137iem jebkur\u0101 svara un auguma kategorij\u0101. Piem\u0113rots ar\u012b t\u0113vi\u0146u Meink\u016bniem, Norv\u0113\u0123u me\u017ea ka\u0137iem u.c.Produkts iepakots 5 kast\u0113s, kop\u0113jais svars 85,5 kgProdukta neto svars (bez iepakojuma): 83 kg","og_url":"https:\/\/miumjau.ee\/lv\/produkts\/petrebels-turnpike-200-pepper\/","og_site_name":"MiuMjau","article_publisher":"https:\/\/www.facebook.com\/miumjaupood\/","article_modified_time":"2026-01-07T19:14:22+00:00","og_image":[{"width":600,"height":800,"url":"https:\/\/miumjau.ee\/wp-content\/uploads\/2024\/11\/turnpike-200-pepper3.jpg","type":"image\/jpeg"}],"twitter_card":"summary_large_image","schema":{"@context":"https:\/\/schema.org","@graph":[{"@type":"WebPage","@id":"https:\/\/miumjau.ee\/lv\/produkts\/petrebels-turnpike-200-pepper\/","url":"https:\/\/miumjau.ee\/lv\/produkts\/petrebels-turnpike-200-pepper\/","name":"Petrebels Turnpike 200, pepper - MiuMjau","isPartOf":{"@id":"https:\/\/miumjau.ee\/#website"},"primaryImageOfPage":{"@id":"https:\/\/miumjau.ee\/lv\/produkts\/petrebels-turnpike-200-pepper\/#primaryimage"},"image":{"@id":"https:\/\/miumjau.ee\/lv\/produkts\/petrebels-turnpike-200-pepper\/#primaryimage"},"thumbnailUrl":"https:\/\/miumjau.ee\/wp-content\/uploads\/2024\/11\/turnpike-200-pepper3.jpg","datePublished":"2024-11-01T12:13:53+00:00","dateModified":"2026-01-07T19:14:22+00:00","breadcrumb":{"@id":"https:\/\/miumjau.ee\/lv\/produkts\/petrebels-turnpike-200-pepper\/#breadcrumb"},"inLanguage":"lv-LV","potentialAction":[{"@type":"ReadAction","target":["https:\/\/miumjau.ee\/lv\/produkts\/petrebels-turnpike-200-pepper\/"]}]},{"@type":"ImageObject","inLanguage":"lv-LV","@id":"https:\/\/miumjau.ee\/lv\/produkts\/petrebels-turnpike-200-pepper\/#primaryimage","url":"https:\/\/miumjau.ee\/wp-content\/uploads\/2024\/11\/turnpike-200-pepper3.jpg","contentUrl":"https:\/\/miumjau.ee\/wp-content\/uploads\/2024\/11\/turnpike-200-pepper3.jpg","width":600,"height":800},{"@type":"BreadcrumbList","@id":"https:\/\/miumjau.ee\/lv\/produkts\/petrebels-turnpike-200-pepper\/#breadcrumb","itemListElement":[{"@type":"ListItem","position":1,"name":"Home","item":"https:\/\/miumjau.ee\/lv\/"},{"@type":"ListItem","position":2,"name":"Veikals","item":"https:\/\/miumjau.ee\/lv\/veikals\/"},{"@type":"ListItem","position":3,"name":"Petrebels Turnpike 200, pepper"}]},{"@type":"WebSite","@id":"https:\/\/miumjau.ee\/#website","url":"https:\/\/miumjau.ee\/","name":"MiuMjau","description":"Kraapimispuud kassidele","publisher":{"@id":"https:\/\/miumjau.ee\/#organization"},"potentialAction":[{"@type":"SearchAction","target":{"@type":"EntryPoint","urlTemplate":"https:\/\/miumjau.ee\/?s={search_term_string}"},"query-input":{"@type":"PropertyValueSpecification","valueRequired":true,"valueName":"search_term_string"}}],"inLanguage":"lv-LV"},{"@type":"Organization","@id":"https:\/\/miumjau.ee\/#organization","name":"MiuMjau O\u00dc","url":"https:\/\/miumjau.ee\/","logo":{"@type":"ImageObject","inLanguage":"lv-LV","@id":"https:\/\/miumjau.ee\/#\/schema\/logo\/image\/","url":"https:\/\/miumjau.ee\/wp-content\/uploads\/2022\/04\/MiuMjau-logo-kollane.png","contentUrl":"https:\/\/miumjau.ee\/wp-content\/uploads\/2022\/04\/MiuMjau-logo-kollane.png","width":219,"height":100,"caption":"MiuMjau O\u00dc"},"image":{"@id":"https:\/\/miumjau.ee\/#\/schema\/logo\/image\/"},"sameAs":["https:\/\/www.facebook.com\/miumjaupood\/"]}]}},"_links":{"self":[{"href":"https:\/\/miumjau.ee\/lv\/wp-json\/wp\/v2\/product\/50335","targetHints":{"allow":["GET"]}}],"collection":[{"href":"https:\/\/miumjau.ee\/lv\/wp-json\/wp\/v2\/product"}],"about":[{"href":"https:\/\/miumjau.ee\/lv\/wp-json\/wp\/v2\/types\/product"}],"wp:featuredmedia":[{"embeddable":true,"href":"https:\/\/miumjau.ee\/lv\/wp-json\/wp\/v2\/media\/50336"}],"wp:attachment":[{"href":"https:\/\/miumjau.ee\/lv\/wp-json\/wp\/v2\/media?parent=50335"}],"wp:term":[{"taxonomy":"product_brand","embeddable":true,"href":"https:\/\/miumjau.ee\/lv\/wp-json\/wp\/v2\/product_brand?post=50335"},{"taxonomy":"product_cat","embeddable":true,"href":"https:\/\/miumjau.ee\/lv\/wp-json\/wp\/v2\/product_cat?post=50335"},{"taxonomy":"product_tag","embeddable":true,"href":"https:\/\/miumjau.ee\/lv\/wp-json\/wp\/v2\/product_tag?post=50335"}],"curies":[{"name":"wp","href":"https:\/\/api.w.org\/{rel}","templated":true}]}}