{"id":50320,"date":"2024-12-04T10:42:31","date_gmt":"2024-12-04T08:42:31","guid":{"rendered":"https:\/\/miumjau.ee\/toode\/kaku-kapelesanas-koks-petrebels-scorpius-150-rusty-oak\/"},"modified":"2026-01-07T21:14:22","modified_gmt":"2026-01-07T19:14:22","slug":"kaku-kapelesanas-koks-petrebels-scorpius-150-rusty-oak","status":"publish","type":"product","link":"https:\/\/miumjau.ee\/lv\/produkts\/kaku-kapelesanas-koks-petrebels-scorpius-150-rusty-oak\/","title":{"rendered":"Ka\u0137u k\u0101pel\u0113\u0161anas koks Petrebels Scorpius 150 rusty oak"},"content":{"rendered":"","protected":false},"excerpt":{"rendered":"<p data-start=\"131\" data-end=\"272\">M\u016bsdien\u012bgs un stil\u012bgs k\u0101pel\u0113\u0161anas koks, kas lieliski iederas jebkur\u0101 interjer\u0101. Vai jau sen sap\u0146oji par skr\u0101p\u0113jamo koku, kuru ir viegli kopt?<\/p>\n<ul data-start=\"274\" data-end=\"484\">\n<li data-start=\"274\" data-end=\"373\">\n<p data-start=\"276\" data-end=\"373\">Uz platform\u0101m eso\u0161ie sizala pakl\u0101ji\u0146i ir piestiprin\u0101ti ar l\u012bplenti (Velcro) un ir viegli kopjami.<\/p>\n<\/li>\n<li data-start=\"374\" data-end=\"484\">\n<p data-start=\"376\" data-end=\"484\">\u0160\u016bpu\u013ct\u012bkls \/ gu\u013cvieta ir no\u0146emama ar r\u0101v\u0113jsl\u0113dz\u0113ju un piem\u0113rota mazg\u0101\u0161anai ve\u013casma\u0161\u012bn\u0101 30 gr\u0101du temperat\u016br\u0101.<\/p>\n<\/li>\n<\/ul>\n<p data-start=\"486\" data-end=\"630\">Produkta svars: 35 kg<br data-start=\"507\" data-end=\"510\" \/>Pamatne: 60 x 70 x 4 cm<br data-start=\"533\" data-end=\"536\" \/>Kop\u0113jais augstums: 150 cm<br data-start=\"561\" data-end=\"564\" \/>Stabu diametrs: 12 cm<br data-start=\"585\" data-end=\"588\" \/>Produkts tiek pieg\u0101d\u0101ts pirc\u0113jam 3 kast\u0113s.<\/p>\n<p data-start=\"632\" data-end=\"823\">Ide\u0101li piem\u0113rots ka\u0137iem, kuri m\u012bl piedz\u012bvojumus, k\u0101 ar\u012b m\u0101j\u012bga un dro\u0161a vieta mazliet nedro\u0161\u0101kiem ka\u0137iem \u2013 tiem, kuriem pat\u012bk atk\u0101pties augst\u0101k\u0101 viet\u0101 un no turienes visu un visus p\u0101rraudz\u012bt.<\/p>\n","protected":false},"featured_media":50326,"template":"","meta":[],"product_brand":[],"product_cat":[583],"product_tag":[],"class_list":{"0":"post-50320","1":"product","2":"type-product","3":"status-publish","4":"has-post-thumbnail","6":"product_cat-petrebels-produkti-smagiem-kakiem","7":"product_shipping_class-pakiautomaati-sobimatu-lv","9":"first","10":"instock","11":"sale","12":"taxable","13":"shipping-taxable","14":"purchasable","15":"product-type-simple"},"yoast_head":"<!-- This site is optimized with the Yoast SEO plugin v27.2 - https:\/\/yoast.com\/product\/yoast-seo-wordpress\/ -->\n<title>Ka\u0137u k\u0101pel\u0113\u0161anas koks Petrebels Scorpius 150 rusty oak - MiuMjau<\/title>\n<meta name=\"robots\" content=\"index, follow, max-snippet:-1, max-image-preview:large, max-video-preview:-1\" \/>\n<link rel=\"canonical\" href=\"https:\/\/miumjau.ee\/lv\/produkts\/kaku-kapelesanas-koks-petrebels-scorpius-150-rusty-oak\/\" \/>\n<meta property=\"og:locale\" content=\"lv_LV\" \/>\n<meta property=\"og:type\" content=\"article\" \/>\n<meta property=\"og:title\" content=\"Ka\u0137u k\u0101pel\u0113\u0161anas koks Petrebels Scorpius 150 rusty oak - MiuMjau\" \/>\n<meta property=\"og:description\" content=\"M\u016bsdien\u012bgs un stil\u012bgs k\u0101pel\u0113\u0161anas koks, kas lieliski iederas jebkur\u0101 interjer\u0101. Vai jau sen sap\u0146oji par skr\u0101p\u0113jamo koku, kuru ir viegli kopt?     Uz platform\u0101m eso\u0161ie sizala pakl\u0101ji\u0146i ir piestiprin\u0101ti ar l\u012bplenti (Velcro) un ir viegli kopjami.    \u0160\u016bpu\u013ct\u012bkls \/ gu\u013cvieta ir no\u0146emama ar r\u0101v\u0113jsl\u0113dz\u0113ju un piem\u0113rota mazg\u0101\u0161anai ve\u013casma\u0161\u012bn\u0101 30 gr\u0101du temperat\u016br\u0101.   Produkta svars: 35 kgPamatne: 60 x 70 x 4 cmKop\u0113jais augstums: 150 cmStabu diametrs: 12 cmProdukts tiek pieg\u0101d\u0101ts pirc\u0113jam 3 kast\u0113s. Ide\u0101li piem\u0113rots ka\u0137iem, kuri m\u012bl piedz\u012bvojumus, k\u0101 ar\u012b m\u0101j\u012bga un dro\u0161a vieta mazliet nedro\u0161\u0101kiem ka\u0137iem \u2013 tiem, kuriem pat\u012bk atk\u0101pties augst\u0101k\u0101 viet\u0101 un no turienes visu un visus p\u0101rraudz\u012bt.\" \/>\n<meta property=\"og:url\" content=\"https:\/\/miumjau.ee\/lv\/produkts\/kaku-kapelesanas-koks-petrebels-scorpius-150-rusty-oak\/\" \/>\n<meta property=\"og:site_name\" content=\"MiuMjau\" \/>\n<meta property=\"article:publisher\" content=\"https:\/\/www.facebook.com\/miumjaupood\/\" \/>\n<meta property=\"article:modified_time\" content=\"2026-01-07T19:14:22+00:00\" \/>\n<meta property=\"og:image\" content=\"https:\/\/miumjau.ee\/wp-content\/uploads\/2024\/12\/kraapimispuu-petrebels-scorpius150-rustyoak6.jpg\" \/>\n\t<meta property=\"og:image:width\" content=\"450\" \/>\n\t<meta property=\"og:image:height\" content=\"600\" \/>\n\t<meta property=\"og:image:type\" content=\"image\/jpeg\" \/>\n<meta name=\"twitter:card\" content=\"summary_large_image\" \/>\n<script type=\"application\/ld+json\" class=\"yoast-schema-graph\">{\"@context\":\"https:\/\/schema.org\",\"@graph\":[{\"@type\":\"WebPage\",\"@id\":\"https:\/\/miumjau.ee\/lv\/produkts\/kaku-kapelesanas-koks-petrebels-scorpius-150-rusty-oak\/\",\"url\":\"https:\/\/miumjau.ee\/lv\/produkts\/kaku-kapelesanas-koks-petrebels-scorpius-150-rusty-oak\/\",\"name\":\"Ka\u0137u k\u0101pel\u0113\u0161anas koks Petrebels Scorpius 150 rusty oak - MiuMjau\",\"isPartOf\":{\"@id\":\"https:\/\/miumjau.ee\/#website\"},\"primaryImageOfPage\":{\"@id\":\"https:\/\/miumjau.ee\/lv\/produkts\/kaku-kapelesanas-koks-petrebels-scorpius-150-rusty-oak\/#primaryimage\"},\"image\":{\"@id\":\"https:\/\/miumjau.ee\/lv\/produkts\/kaku-kapelesanas-koks-petrebels-scorpius-150-rusty-oak\/#primaryimage\"},\"thumbnailUrl\":\"https:\/\/miumjau.ee\/wp-content\/uploads\/2024\/12\/kraapimispuu-petrebels-scorpius150-rustyoak6.jpg\",\"datePublished\":\"2024-12-04T08:42:31+00:00\",\"dateModified\":\"2026-01-07T19:14:22+00:00\",\"breadcrumb\":{\"@id\":\"https:\/\/miumjau.ee\/lv\/produkts\/kaku-kapelesanas-koks-petrebels-scorpius-150-rusty-oak\/#breadcrumb\"},\"inLanguage\":\"lv-LV\",\"potentialAction\":[{\"@type\":\"ReadAction\",\"target\":[\"https:\/\/miumjau.ee\/lv\/produkts\/kaku-kapelesanas-koks-petrebels-scorpius-150-rusty-oak\/\"]}]},{\"@type\":\"ImageObject\",\"inLanguage\":\"lv-LV\",\"@id\":\"https:\/\/miumjau.ee\/lv\/produkts\/kaku-kapelesanas-koks-petrebels-scorpius-150-rusty-oak\/#primaryimage\",\"url\":\"https:\/\/miumjau.ee\/wp-content\/uploads\/2024\/12\/kraapimispuu-petrebels-scorpius150-rustyoak6.jpg\",\"contentUrl\":\"https:\/\/miumjau.ee\/wp-content\/uploads\/2024\/12\/kraapimispuu-petrebels-scorpius150-rustyoak6.jpg\",\"width\":450,\"height\":600},{\"@type\":\"BreadcrumbList\",\"@id\":\"https:\/\/miumjau.ee\/lv\/produkts\/kaku-kapelesanas-koks-petrebels-scorpius-150-rusty-oak\/#breadcrumb\",\"itemListElement\":[{\"@type\":\"ListItem\",\"position\":1,\"name\":\"Home\",\"item\":\"https:\/\/miumjau.ee\/lv\/\"},{\"@type\":\"ListItem\",\"position\":2,\"name\":\"Veikals\",\"item\":\"https:\/\/miumjau.ee\/lv\/veikals\/\"},{\"@type\":\"ListItem\",\"position\":3,\"name\":\"Ka\u0137u k\u0101pel\u0113\u0161anas koks Petrebels Scorpius 150 rusty oak\"}]},{\"@type\":\"WebSite\",\"@id\":\"https:\/\/miumjau.ee\/#website\",\"url\":\"https:\/\/miumjau.ee\/\",\"name\":\"MiuMjau\",\"description\":\"Kraapimispuud kassidele\",\"publisher\":{\"@id\":\"https:\/\/miumjau.ee\/#organization\"},\"potentialAction\":[{\"@type\":\"SearchAction\",\"target\":{\"@type\":\"EntryPoint\",\"urlTemplate\":\"https:\/\/miumjau.ee\/?s={search_term_string}\"},\"query-input\":{\"@type\":\"PropertyValueSpecification\",\"valueRequired\":true,\"valueName\":\"search_term_string\"}}],\"inLanguage\":\"lv-LV\"},{\"@type\":\"Organization\",\"@id\":\"https:\/\/miumjau.ee\/#organization\",\"name\":\"MiuMjau O\u00dc\",\"url\":\"https:\/\/miumjau.ee\/\",\"logo\":{\"@type\":\"ImageObject\",\"inLanguage\":\"lv-LV\",\"@id\":\"https:\/\/miumjau.ee\/#\/schema\/logo\/image\/\",\"url\":\"https:\/\/miumjau.ee\/wp-content\/uploads\/2022\/04\/MiuMjau-logo-kollane.png\",\"contentUrl\":\"https:\/\/miumjau.ee\/wp-content\/uploads\/2022\/04\/MiuMjau-logo-kollane.png\",\"width\":219,\"height\":100,\"caption\":\"MiuMjau O\u00dc\"},\"image\":{\"@id\":\"https:\/\/miumjau.ee\/#\/schema\/logo\/image\/\"},\"sameAs\":[\"https:\/\/www.facebook.com\/miumjaupood\/\"]}]}<\/script>\n<!-- \/ Yoast SEO plugin. -->","yoast_head_json":{"title":"Ka\u0137u k\u0101pel\u0113\u0161anas koks Petrebels Scorpius 150 rusty oak - MiuMjau","robots":{"index":"index","follow":"follow","max-snippet":"max-snippet:-1","max-image-preview":"max-image-preview:large","max-video-preview":"max-video-preview:-1"},"canonical":"https:\/\/miumjau.ee\/lv\/produkts\/kaku-kapelesanas-koks-petrebels-scorpius-150-rusty-oak\/","og_locale":"lv_LV","og_type":"article","og_title":"Ka\u0137u k\u0101pel\u0113\u0161anas koks Petrebels Scorpius 150 rusty oak - MiuMjau","og_description":"M\u016bsdien\u012bgs un stil\u012bgs k\u0101pel\u0113\u0161anas koks, kas lieliski iederas jebkur\u0101 interjer\u0101. Vai jau sen sap\u0146oji par skr\u0101p\u0113jamo koku, kuru ir viegli kopt?     Uz platform\u0101m eso\u0161ie sizala pakl\u0101ji\u0146i ir piestiprin\u0101ti ar l\u012bplenti (Velcro) un ir viegli kopjami.    \u0160\u016bpu\u013ct\u012bkls \/ gu\u013cvieta ir no\u0146emama ar r\u0101v\u0113jsl\u0113dz\u0113ju un piem\u0113rota mazg\u0101\u0161anai ve\u013casma\u0161\u012bn\u0101 30 gr\u0101du temperat\u016br\u0101.   Produkta svars: 35 kgPamatne: 60 x 70 x 4 cmKop\u0113jais augstums: 150 cmStabu diametrs: 12 cmProdukts tiek pieg\u0101d\u0101ts pirc\u0113jam 3 kast\u0113s. Ide\u0101li piem\u0113rots ka\u0137iem, kuri m\u012bl piedz\u012bvojumus, k\u0101 ar\u012b m\u0101j\u012bga un dro\u0161a vieta mazliet nedro\u0161\u0101kiem ka\u0137iem \u2013 tiem, kuriem pat\u012bk atk\u0101pties augst\u0101k\u0101 viet\u0101 un no turienes visu un visus p\u0101rraudz\u012bt.","og_url":"https:\/\/miumjau.ee\/lv\/produkts\/kaku-kapelesanas-koks-petrebels-scorpius-150-rusty-oak\/","og_site_name":"MiuMjau","article_publisher":"https:\/\/www.facebook.com\/miumjaupood\/","article_modified_time":"2026-01-07T19:14:22+00:00","og_image":[{"width":450,"height":600,"url":"https:\/\/miumjau.ee\/wp-content\/uploads\/2024\/12\/kraapimispuu-petrebels-scorpius150-rustyoak6.jpg","type":"image\/jpeg"}],"twitter_card":"summary_large_image","schema":{"@context":"https:\/\/schema.org","@graph":[{"@type":"WebPage","@id":"https:\/\/miumjau.ee\/lv\/produkts\/kaku-kapelesanas-koks-petrebels-scorpius-150-rusty-oak\/","url":"https:\/\/miumjau.ee\/lv\/produkts\/kaku-kapelesanas-koks-petrebels-scorpius-150-rusty-oak\/","name":"Ka\u0137u k\u0101pel\u0113\u0161anas koks Petrebels Scorpius 150 rusty oak - MiuMjau","isPartOf":{"@id":"https:\/\/miumjau.ee\/#website"},"primaryImageOfPage":{"@id":"https:\/\/miumjau.ee\/lv\/produkts\/kaku-kapelesanas-koks-petrebels-scorpius-150-rusty-oak\/#primaryimage"},"image":{"@id":"https:\/\/miumjau.ee\/lv\/produkts\/kaku-kapelesanas-koks-petrebels-scorpius-150-rusty-oak\/#primaryimage"},"thumbnailUrl":"https:\/\/miumjau.ee\/wp-content\/uploads\/2024\/12\/kraapimispuu-petrebels-scorpius150-rustyoak6.jpg","datePublished":"2024-12-04T08:42:31+00:00","dateModified":"2026-01-07T19:14:22+00:00","breadcrumb":{"@id":"https:\/\/miumjau.ee\/lv\/produkts\/kaku-kapelesanas-koks-petrebels-scorpius-150-rusty-oak\/#breadcrumb"},"inLanguage":"lv-LV","potentialAction":[{"@type":"ReadAction","target":["https:\/\/miumjau.ee\/lv\/produkts\/kaku-kapelesanas-koks-petrebels-scorpius-150-rusty-oak\/"]}]},{"@type":"ImageObject","inLanguage":"lv-LV","@id":"https:\/\/miumjau.ee\/lv\/produkts\/kaku-kapelesanas-koks-petrebels-scorpius-150-rusty-oak\/#primaryimage","url":"https:\/\/miumjau.ee\/wp-content\/uploads\/2024\/12\/kraapimispuu-petrebels-scorpius150-rustyoak6.jpg","contentUrl":"https:\/\/miumjau.ee\/wp-content\/uploads\/2024\/12\/kraapimispuu-petrebels-scorpius150-rustyoak6.jpg","width":450,"height":600},{"@type":"BreadcrumbList","@id":"https:\/\/miumjau.ee\/lv\/produkts\/kaku-kapelesanas-koks-petrebels-scorpius-150-rusty-oak\/#breadcrumb","itemListElement":[{"@type":"ListItem","position":1,"name":"Home","item":"https:\/\/miumjau.ee\/lv\/"},{"@type":"ListItem","position":2,"name":"Veikals","item":"https:\/\/miumjau.ee\/lv\/veikals\/"},{"@type":"ListItem","position":3,"name":"Ka\u0137u k\u0101pel\u0113\u0161anas koks Petrebels Scorpius 150 rusty oak"}]},{"@type":"WebSite","@id":"https:\/\/miumjau.ee\/#website","url":"https:\/\/miumjau.ee\/","name":"MiuMjau","description":"Kraapimispuud kassidele","publisher":{"@id":"https:\/\/miumjau.ee\/#organization"},"potentialAction":[{"@type":"SearchAction","target":{"@type":"EntryPoint","urlTemplate":"https:\/\/miumjau.ee\/?s={search_term_string}"},"query-input":{"@type":"PropertyValueSpecification","valueRequired":true,"valueName":"search_term_string"}}],"inLanguage":"lv-LV"},{"@type":"Organization","@id":"https:\/\/miumjau.ee\/#organization","name":"MiuMjau O\u00dc","url":"https:\/\/miumjau.ee\/","logo":{"@type":"ImageObject","inLanguage":"lv-LV","@id":"https:\/\/miumjau.ee\/#\/schema\/logo\/image\/","url":"https:\/\/miumjau.ee\/wp-content\/uploads\/2022\/04\/MiuMjau-logo-kollane.png","contentUrl":"https:\/\/miumjau.ee\/wp-content\/uploads\/2022\/04\/MiuMjau-logo-kollane.png","width":219,"height":100,"caption":"MiuMjau O\u00dc"},"image":{"@id":"https:\/\/miumjau.ee\/#\/schema\/logo\/image\/"},"sameAs":["https:\/\/www.facebook.com\/miumjaupood\/"]}]}},"_links":{"self":[{"href":"https:\/\/miumjau.ee\/lv\/wp-json\/wp\/v2\/product\/50320","targetHints":{"allow":["GET"]}}],"collection":[{"href":"https:\/\/miumjau.ee\/lv\/wp-json\/wp\/v2\/product"}],"about":[{"href":"https:\/\/miumjau.ee\/lv\/wp-json\/wp\/v2\/types\/product"}],"wp:featuredmedia":[{"embeddable":true,"href":"https:\/\/miumjau.ee\/lv\/wp-json\/wp\/v2\/media\/50326"}],"wp:attachment":[{"href":"https:\/\/miumjau.ee\/lv\/wp-json\/wp\/v2\/media?parent=50320"}],"wp:term":[{"taxonomy":"product_brand","embeddable":true,"href":"https:\/\/miumjau.ee\/lv\/wp-json\/wp\/v2\/product_brand?post=50320"},{"taxonomy":"product_cat","embeddable":true,"href":"https:\/\/miumjau.ee\/lv\/wp-json\/wp\/v2\/product_cat?post=50320"},{"taxonomy":"product_tag","embeddable":true,"href":"https:\/\/miumjau.ee\/lv\/wp-json\/wp\/v2\/product_tag?post=50320"}],"curies":[{"name":"wp","href":"https:\/\/api.w.org\/{rel}","templated":true}]}}