{"id":50292,"date":"2025-04-09T13:17:45","date_gmt":"2025-04-09T10:17:45","guid":{"rendered":"https:\/\/miumjau.ee\/toode\/ontario-gardais-tunca-biezenis-kakeniem-8-x-90-g\/"},"modified":"2026-01-07T21:14:30","modified_gmt":"2026-01-07T19:14:30","slug":"ontario-gardais-tunca-biezenis-kakeniem-8-x-90-g","status":"publish","type":"product","link":"https:\/\/miumjau.ee\/lv\/produkts\/ontario-gardais-tunca-biezenis-kakeniem-8-x-90-g\/","title":{"rendered":"Ontario gardais tun\u010da biezenis ka\u0137\u0113niem, 8 \u00d7 90 g"},"content":{"rendered":"","protected":false},"excerpt":{"rendered":"<p><strong>ONTARIO Kitten Tuna Fresh Meat Paste<\/strong> \u2013 papildbar\u012bba jauniem ka\u0137\u0113niem ar tunci.<br \/>\nPiem\u0113rota lieto\u0161anai no 4 m\u0113ne\u0161u vecuma. \u012apa\u0161i \u0113rti doz\u0113jama un uzglab\u0101jama ledusskap\u012b.<\/p>\n<p><strong>Sast\u0101vs:<\/strong> vistas buljons 66,472%, vista 17,4%, tuncis 11,52%, ciete 3,2%, ksant\u0101na sve\u0137i 0,83%, s\u0101ls 0,43%, zivju aromatiz\u0113t\u0101js 0,1%, taur\u012bns 0,018%, vitam\u012bns E 0,011%, t\u0113jas ekstrakts 0,007%, vitam\u012bni (A, B2, B3, B5, D3, E, polidekstroze) 0,006%, kalcija karbon\u0101ts 0,006%.<\/p>\n<p><strong>Kvalit\u0101tes parametri:<\/strong> kopprote\u012bns 5%, mitrums 89%, kop\u0113j\u0101s e\u013c\u013cas un tauki 0,1%, koppelni 1%, kop\u0161\u0137iedra 1%.<\/p>\n","protected":false},"featured_media":50293,"template":"","meta":[],"product_brand":[],"product_cat":[570],"product_tag":[],"class_list":{"0":"post-50292","1":"product","2":"type-product","3":"status-publish","4":"has-post-thumbnail","6":"product_cat-naski","8":"first","9":"instock","10":"taxable","11":"shipping-taxable","12":"purchasable","13":"product-type-simple"},"yoast_head":"<!-- This site is optimized with the Yoast SEO plugin v27.2 - https:\/\/yoast.com\/product\/yoast-seo-wordpress\/ -->\n<title>Ontario gardais tun\u010da biezenis ka\u0137\u0113niem, 8 \u00d7 90 g - MiuMjau<\/title>\n<meta name=\"description\" content=\"Ontario pastas var izmantot gan k\u0101 papildin\u0101jumu sausajai bar\u012bbai, gan k\u0101 gardumu. N\u0101c un izm\u0113\u0123ini m\u016bsu jaun\u0101s un aizraujo\u0161\u0101s Ontario preces! Liels gar\u0161u kl\u0101sts, ko izbaud\u012bt.\" \/>\n<meta name=\"robots\" content=\"index, follow, max-snippet:-1, max-image-preview:large, max-video-preview:-1\" \/>\n<link rel=\"canonical\" href=\"https:\/\/miumjau.ee\/lv\/produkts\/ontario-gardais-tunca-biezenis-kakeniem-8-x-90-g\/\" \/>\n<meta property=\"og:locale\" content=\"lv_LV\" \/>\n<meta property=\"og:type\" content=\"article\" \/>\n<meta property=\"og:title\" content=\"Ontario gardais tun\u010da biezenis ka\u0137\u0113niem, 8 \u00d7 90 g - MiuMjau\" \/>\n<meta property=\"og:description\" content=\"Ontario pastas var izmantot gan k\u0101 papildin\u0101jumu sausajai bar\u012bbai, gan k\u0101 gardumu. N\u0101c un izm\u0113\u0123ini m\u016bsu jaun\u0101s un aizraujo\u0161\u0101s Ontario preces! Liels gar\u0161u kl\u0101sts, ko izbaud\u012bt.\" \/>\n<meta property=\"og:url\" content=\"https:\/\/miumjau.ee\/lv\/produkts\/ontario-gardais-tunca-biezenis-kakeniem-8-x-90-g\/\" \/>\n<meta property=\"og:site_name\" content=\"MiuMjau\" \/>\n<meta property=\"article:publisher\" content=\"https:\/\/www.facebook.com\/miumjaupood\/\" \/>\n<meta property=\"article:modified_time\" content=\"2026-01-07T19:14:30+00:00\" \/>\n<meta property=\"og:image\" content=\"https:\/\/miumjau.ee\/wp-content\/uploads\/2025\/04\/ontario-maius-kassidele-lihapasta7.webp\" \/>\n\t<meta property=\"og:image:width\" content=\"1200\" \/>\n\t<meta property=\"og:image:height\" content=\"1600\" \/>\n\t<meta property=\"og:image:type\" content=\"image\/webp\" \/>\n<meta name=\"twitter:card\" content=\"summary_large_image\" \/>\n<script type=\"application\/ld+json\" class=\"yoast-schema-graph\">{\"@context\":\"https:\/\/schema.org\",\"@graph\":[{\"@type\":\"WebPage\",\"@id\":\"https:\/\/miumjau.ee\/lv\/produkts\/ontario-gardais-tunca-biezenis-kakeniem-8-x-90-g\/\",\"url\":\"https:\/\/miumjau.ee\/lv\/produkts\/ontario-gardais-tunca-biezenis-kakeniem-8-x-90-g\/\",\"name\":\"Ontario gardais tun\u010da biezenis ka\u0137\u0113niem, 8 \u00d7 90 g - MiuMjau\",\"isPartOf\":{\"@id\":\"https:\/\/miumjau.ee\/#website\"},\"primaryImageOfPage\":{\"@id\":\"https:\/\/miumjau.ee\/lv\/produkts\/ontario-gardais-tunca-biezenis-kakeniem-8-x-90-g\/#primaryimage\"},\"image\":{\"@id\":\"https:\/\/miumjau.ee\/lv\/produkts\/ontario-gardais-tunca-biezenis-kakeniem-8-x-90-g\/#primaryimage\"},\"thumbnailUrl\":\"https:\/\/miumjau.ee\/wp-content\/uploads\/2025\/04\/ontario-maius-kassidele-lihapasta7.webp\",\"datePublished\":\"2025-04-09T10:17:45+00:00\",\"dateModified\":\"2026-01-07T19:14:30+00:00\",\"description\":\"Ontario pastas var izmantot gan k\u0101 papildin\u0101jumu sausajai bar\u012bbai, gan k\u0101 gardumu. N\u0101c un izm\u0113\u0123ini m\u016bsu jaun\u0101s un aizraujo\u0161\u0101s Ontario preces! Liels gar\u0161u kl\u0101sts, ko izbaud\u012bt.\",\"breadcrumb\":{\"@id\":\"https:\/\/miumjau.ee\/lv\/produkts\/ontario-gardais-tunca-biezenis-kakeniem-8-x-90-g\/#breadcrumb\"},\"inLanguage\":\"lv-LV\",\"potentialAction\":[{\"@type\":\"ReadAction\",\"target\":[\"https:\/\/miumjau.ee\/lv\/produkts\/ontario-gardais-tunca-biezenis-kakeniem-8-x-90-g\/\"]}]},{\"@type\":\"ImageObject\",\"inLanguage\":\"lv-LV\",\"@id\":\"https:\/\/miumjau.ee\/lv\/produkts\/ontario-gardais-tunca-biezenis-kakeniem-8-x-90-g\/#primaryimage\",\"url\":\"https:\/\/miumjau.ee\/wp-content\/uploads\/2025\/04\/ontario-maius-kassidele-lihapasta7.webp\",\"contentUrl\":\"https:\/\/miumjau.ee\/wp-content\/uploads\/2025\/04\/ontario-maius-kassidele-lihapasta7.webp\",\"width\":1200,\"height\":1600},{\"@type\":\"BreadcrumbList\",\"@id\":\"https:\/\/miumjau.ee\/lv\/produkts\/ontario-gardais-tunca-biezenis-kakeniem-8-x-90-g\/#breadcrumb\",\"itemListElement\":[{\"@type\":\"ListItem\",\"position\":1,\"name\":\"Home\",\"item\":\"https:\/\/miumjau.ee\/lv\/\"},{\"@type\":\"ListItem\",\"position\":2,\"name\":\"Veikals\",\"item\":\"https:\/\/miumjau.ee\/lv\/veikals\/\"},{\"@type\":\"ListItem\",\"position\":3,\"name\":\"Ontario gardais tun\u010da biezenis ka\u0137\u0113niem, 8 \u00d7 90 g\"}]},{\"@type\":\"WebSite\",\"@id\":\"https:\/\/miumjau.ee\/#website\",\"url\":\"https:\/\/miumjau.ee\/\",\"name\":\"MiuMjau\",\"description\":\"Kraapimispuud kassidele\",\"publisher\":{\"@id\":\"https:\/\/miumjau.ee\/#organization\"},\"potentialAction\":[{\"@type\":\"SearchAction\",\"target\":{\"@type\":\"EntryPoint\",\"urlTemplate\":\"https:\/\/miumjau.ee\/?s={search_term_string}\"},\"query-input\":{\"@type\":\"PropertyValueSpecification\",\"valueRequired\":true,\"valueName\":\"search_term_string\"}}],\"inLanguage\":\"lv-LV\"},{\"@type\":\"Organization\",\"@id\":\"https:\/\/miumjau.ee\/#organization\",\"name\":\"MiuMjau O\u00dc\",\"url\":\"https:\/\/miumjau.ee\/\",\"logo\":{\"@type\":\"ImageObject\",\"inLanguage\":\"lv-LV\",\"@id\":\"https:\/\/miumjau.ee\/#\/schema\/logo\/image\/\",\"url\":\"https:\/\/miumjau.ee\/wp-content\/uploads\/2022\/04\/MiuMjau-logo-kollane.png\",\"contentUrl\":\"https:\/\/miumjau.ee\/wp-content\/uploads\/2022\/04\/MiuMjau-logo-kollane.png\",\"width\":219,\"height\":100,\"caption\":\"MiuMjau O\u00dc\"},\"image\":{\"@id\":\"https:\/\/miumjau.ee\/#\/schema\/logo\/image\/\"},\"sameAs\":[\"https:\/\/www.facebook.com\/miumjaupood\/\"]}]}<\/script>\n<!-- \/ Yoast SEO plugin. -->","yoast_head_json":{"title":"Ontario gardais tun\u010da biezenis ka\u0137\u0113niem, 8 \u00d7 90 g - MiuMjau","description":"Ontario pastas var izmantot gan k\u0101 papildin\u0101jumu sausajai bar\u012bbai, gan k\u0101 gardumu. N\u0101c un izm\u0113\u0123ini m\u016bsu jaun\u0101s un aizraujo\u0161\u0101s Ontario preces! Liels gar\u0161u kl\u0101sts, ko izbaud\u012bt.","robots":{"index":"index","follow":"follow","max-snippet":"max-snippet:-1","max-image-preview":"max-image-preview:large","max-video-preview":"max-video-preview:-1"},"canonical":"https:\/\/miumjau.ee\/lv\/produkts\/ontario-gardais-tunca-biezenis-kakeniem-8-x-90-g\/","og_locale":"lv_LV","og_type":"article","og_title":"Ontario gardais tun\u010da biezenis ka\u0137\u0113niem, 8 \u00d7 90 g - MiuMjau","og_description":"Ontario pastas var izmantot gan k\u0101 papildin\u0101jumu sausajai bar\u012bbai, gan k\u0101 gardumu. N\u0101c un izm\u0113\u0123ini m\u016bsu jaun\u0101s un aizraujo\u0161\u0101s Ontario preces! Liels gar\u0161u kl\u0101sts, ko izbaud\u012bt.","og_url":"https:\/\/miumjau.ee\/lv\/produkts\/ontario-gardais-tunca-biezenis-kakeniem-8-x-90-g\/","og_site_name":"MiuMjau","article_publisher":"https:\/\/www.facebook.com\/miumjaupood\/","article_modified_time":"2026-01-07T19:14:30+00:00","og_image":[{"width":1200,"height":1600,"url":"https:\/\/miumjau.ee\/wp-content\/uploads\/2025\/04\/ontario-maius-kassidele-lihapasta7.webp","type":"image\/webp"}],"twitter_card":"summary_large_image","schema":{"@context":"https:\/\/schema.org","@graph":[{"@type":"WebPage","@id":"https:\/\/miumjau.ee\/lv\/produkts\/ontario-gardais-tunca-biezenis-kakeniem-8-x-90-g\/","url":"https:\/\/miumjau.ee\/lv\/produkts\/ontario-gardais-tunca-biezenis-kakeniem-8-x-90-g\/","name":"Ontario gardais tun\u010da biezenis ka\u0137\u0113niem, 8 \u00d7 90 g - MiuMjau","isPartOf":{"@id":"https:\/\/miumjau.ee\/#website"},"primaryImageOfPage":{"@id":"https:\/\/miumjau.ee\/lv\/produkts\/ontario-gardais-tunca-biezenis-kakeniem-8-x-90-g\/#primaryimage"},"image":{"@id":"https:\/\/miumjau.ee\/lv\/produkts\/ontario-gardais-tunca-biezenis-kakeniem-8-x-90-g\/#primaryimage"},"thumbnailUrl":"https:\/\/miumjau.ee\/wp-content\/uploads\/2025\/04\/ontario-maius-kassidele-lihapasta7.webp","datePublished":"2025-04-09T10:17:45+00:00","dateModified":"2026-01-07T19:14:30+00:00","description":"Ontario pastas var izmantot gan k\u0101 papildin\u0101jumu sausajai bar\u012bbai, gan k\u0101 gardumu. N\u0101c un izm\u0113\u0123ini m\u016bsu jaun\u0101s un aizraujo\u0161\u0101s Ontario preces! Liels gar\u0161u kl\u0101sts, ko izbaud\u012bt.","breadcrumb":{"@id":"https:\/\/miumjau.ee\/lv\/produkts\/ontario-gardais-tunca-biezenis-kakeniem-8-x-90-g\/#breadcrumb"},"inLanguage":"lv-LV","potentialAction":[{"@type":"ReadAction","target":["https:\/\/miumjau.ee\/lv\/produkts\/ontario-gardais-tunca-biezenis-kakeniem-8-x-90-g\/"]}]},{"@type":"ImageObject","inLanguage":"lv-LV","@id":"https:\/\/miumjau.ee\/lv\/produkts\/ontario-gardais-tunca-biezenis-kakeniem-8-x-90-g\/#primaryimage","url":"https:\/\/miumjau.ee\/wp-content\/uploads\/2025\/04\/ontario-maius-kassidele-lihapasta7.webp","contentUrl":"https:\/\/miumjau.ee\/wp-content\/uploads\/2025\/04\/ontario-maius-kassidele-lihapasta7.webp","width":1200,"height":1600},{"@type":"BreadcrumbList","@id":"https:\/\/miumjau.ee\/lv\/produkts\/ontario-gardais-tunca-biezenis-kakeniem-8-x-90-g\/#breadcrumb","itemListElement":[{"@type":"ListItem","position":1,"name":"Home","item":"https:\/\/miumjau.ee\/lv\/"},{"@type":"ListItem","position":2,"name":"Veikals","item":"https:\/\/miumjau.ee\/lv\/veikals\/"},{"@type":"ListItem","position":3,"name":"Ontario gardais tun\u010da biezenis ka\u0137\u0113niem, 8 \u00d7 90 g"}]},{"@type":"WebSite","@id":"https:\/\/miumjau.ee\/#website","url":"https:\/\/miumjau.ee\/","name":"MiuMjau","description":"Kraapimispuud kassidele","publisher":{"@id":"https:\/\/miumjau.ee\/#organization"},"potentialAction":[{"@type":"SearchAction","target":{"@type":"EntryPoint","urlTemplate":"https:\/\/miumjau.ee\/?s={search_term_string}"},"query-input":{"@type":"PropertyValueSpecification","valueRequired":true,"valueName":"search_term_string"}}],"inLanguage":"lv-LV"},{"@type":"Organization","@id":"https:\/\/miumjau.ee\/#organization","name":"MiuMjau O\u00dc","url":"https:\/\/miumjau.ee\/","logo":{"@type":"ImageObject","inLanguage":"lv-LV","@id":"https:\/\/miumjau.ee\/#\/schema\/logo\/image\/","url":"https:\/\/miumjau.ee\/wp-content\/uploads\/2022\/04\/MiuMjau-logo-kollane.png","contentUrl":"https:\/\/miumjau.ee\/wp-content\/uploads\/2022\/04\/MiuMjau-logo-kollane.png","width":219,"height":100,"caption":"MiuMjau O\u00dc"},"image":{"@id":"https:\/\/miumjau.ee\/#\/schema\/logo\/image\/"},"sameAs":["https:\/\/www.facebook.com\/miumjaupood\/"]}]}},"_links":{"self":[{"href":"https:\/\/miumjau.ee\/lv\/wp-json\/wp\/v2\/product\/50292","targetHints":{"allow":["GET"]}}],"collection":[{"href":"https:\/\/miumjau.ee\/lv\/wp-json\/wp\/v2\/product"}],"about":[{"href":"https:\/\/miumjau.ee\/lv\/wp-json\/wp\/v2\/types\/product"}],"wp:featuredmedia":[{"embeddable":true,"href":"https:\/\/miumjau.ee\/lv\/wp-json\/wp\/v2\/media\/50293"}],"wp:attachment":[{"href":"https:\/\/miumjau.ee\/lv\/wp-json\/wp\/v2\/media?parent=50292"}],"wp:term":[{"taxonomy":"product_brand","embeddable":true,"href":"https:\/\/miumjau.ee\/lv\/wp-json\/wp\/v2\/product_brand?post=50292"},{"taxonomy":"product_cat","embeddable":true,"href":"https:\/\/miumjau.ee\/lv\/wp-json\/wp\/v2\/product_cat?post=50292"},{"taxonomy":"product_tag","embeddable":true,"href":"https:\/\/miumjau.ee\/lv\/wp-json\/wp\/v2\/product_tag?post=50292"}],"curies":[{"name":"wp","href":"https:\/\/api.w.org\/{rel}","templated":true}]}}