{"id":50288,"date":"2025-04-09T13:17:54","date_gmt":"2025-04-09T10:17:54","guid":{"rendered":"https:\/\/miumjau.ee\/toode\/ontario-garda-lasa-pasta-kakiem-8-x-90-g\/"},"modified":"2026-01-07T21:14:30","modified_gmt":"2026-01-07T19:14:30","slug":"ontario-garda-lasa-pasta-kakiem-8-x-90-g","status":"publish","type":"product","link":"https:\/\/miumjau.ee\/lv\/produkts\/ontario-garda-lasa-pasta-kakiem-8-x-90-g\/","title":{"rendered":"Ontario gard\u0101 la\u0161a pasta ka\u0137iem, 8 \u00d7 90 g"},"content":{"rendered":"","protected":false},"excerpt":{"rendered":"<p><strong>ONTARIO Salmon Fresh Meat Paste<\/strong> \u2013 papildbar\u012bbas past\u0113te ka\u0137iem ar lasi, 8 \u00d7 90 g. \u0112rti doz\u0113jama un uzglab\u0101jama ledusskap\u012b. Kaut kas jauns un aizraujo\u0161s tavam ka\u0137im \u2013 da\u017e\u0101d\u012bba sag\u0101d\u0101 prieku ikvienam m\u012blulim.<\/p>\n<p><strong>Baro\u0161anas nor\u0101d\u012bjumi:<\/strong> Dienas deva ir atkar\u012bga no ka\u0137a aktivit\u0101tes, vecuma un \u0161\u0137irnes.<\/p>\n<p><strong>Sast\u0101vs:<\/strong> vistas buljons 79,23%, lasis 14,076%, vistas ga\u013ca 3,62%, ciete 2%, ksant\u0101na sve\u0137i 0,4%, s\u0101ls 0,4%, bonito zivju aromatiz\u0113t\u0101js 0,1%, izomaltoze 0,08%, taur\u012bns 0,08%, t\u0113jas ekstrakts 0,008%, vitam\u012bni (A, B2, B3, B5, D3, E, polidekstroze) 0,006%.<\/p>\n<p><strong>Anal\u012btiskais sast\u0101vs:<\/strong> kopprote\u012bns 2,5%, kop\u0113j\u0101s e\u013c\u013cas un tauki 0,1%, kop\u0161\u0137iedra 1%, koppelni 1,2%, mitrums 90%.<\/p>\n<p>Koostis: kanapuljong 79,23%, l\u00f5he 14,076%, kanaliha 3,62%, t\u00e4rklis 2%, ksantaankummi 0,4%, sool 0,4%, bonito kala maitseaine 0,1%, isomaltoos 0,08%, tauriin 0,08%, tee ekstrakt 0,008%, vitamiinid (A, B2, B3, B5, D3, E, pol\u00fcdekstroos) 0,006%.<\/p>\n<p>Anal\u00fc\u00fctiline koostis: toorproteiin 2,5%, toor\u00f5lid ja -rasvad 0,1%, toorkiud 1%, toortuhk 1,2%, niiskus 90%.<\/p>\n","protected":false},"featured_media":50289,"template":"","meta":[],"product_brand":[],"product_cat":[570],"product_tag":[],"class_list":{"0":"post-50288","1":"product","2":"type-product","3":"status-publish","4":"has-post-thumbnail","6":"product_cat-naski","8":"first","9":"instock","10":"taxable","11":"shipping-taxable","12":"purchasable","13":"product-type-simple"},"yoast_head":"<!-- This site is optimized with the Yoast SEO plugin v27.2 - https:\/\/yoast.com\/product\/yoast-seo-wordpress\/ -->\n<title>Ontario gard\u0101 la\u0161a pasta ka\u0137iem, 8 \u00d7 90 g - MiuMjau<\/title>\n<meta name=\"description\" content=\"Ontario lasis pieejamu lasi pastu var izmantot gan k\u0101 papildin\u0101jumu sausajai bar\u012bbai, gan k\u0101 gardumu. N\u0101c un izm\u0113\u0123ini m\u016bsu jaun\u0101s un aizraujo\u0161\u0101s Ontario preces! Liels gar\u0161u kl\u0101sts, ko izbaud\u012bt.\" \/>\n<meta name=\"robots\" content=\"index, follow, max-snippet:-1, max-image-preview:large, max-video-preview:-1\" \/>\n<link rel=\"canonical\" href=\"https:\/\/miumjau.ee\/lv\/produkts\/ontario-garda-lasa-pasta-kakiem-8-x-90-g\/\" \/>\n<meta property=\"og:locale\" content=\"lv_LV\" \/>\n<meta property=\"og:type\" content=\"article\" \/>\n<meta property=\"og:title\" content=\"Ontario gard\u0101 la\u0161a pasta ka\u0137iem, 8 \u00d7 90 g - MiuMjau\" \/>\n<meta property=\"og:description\" content=\"Ontario lasis pieejamu lasi pastu var izmantot gan k\u0101 papildin\u0101jumu sausajai bar\u012bbai, gan k\u0101 gardumu. N\u0101c un izm\u0113\u0123ini m\u016bsu jaun\u0101s un aizraujo\u0161\u0101s Ontario preces! Liels gar\u0161u kl\u0101sts, ko izbaud\u012bt.\" \/>\n<meta property=\"og:url\" content=\"https:\/\/miumjau.ee\/lv\/produkts\/ontario-garda-lasa-pasta-kakiem-8-x-90-g\/\" \/>\n<meta property=\"og:site_name\" content=\"MiuMjau\" \/>\n<meta property=\"article:publisher\" content=\"https:\/\/www.facebook.com\/miumjaupood\/\" \/>\n<meta property=\"article:modified_time\" content=\"2026-01-07T19:14:30+00:00\" \/>\n<meta property=\"og:image\" content=\"https:\/\/miumjau.ee\/wp-content\/uploads\/2025\/04\/ontario-maius-kassidele-lihapasta4_1.webp\" \/>\n\t<meta property=\"og:image:width\" content=\"1200\" \/>\n\t<meta property=\"og:image:height\" content=\"1600\" \/>\n\t<meta property=\"og:image:type\" content=\"image\/webp\" \/>\n<meta name=\"twitter:card\" content=\"summary_large_image\" \/>\n<script type=\"application\/ld+json\" class=\"yoast-schema-graph\">{\"@context\":\"https:\/\/schema.org\",\"@graph\":[{\"@type\":\"WebPage\",\"@id\":\"https:\/\/miumjau.ee\/lv\/produkts\/ontario-garda-lasa-pasta-kakiem-8-x-90-g\/\",\"url\":\"https:\/\/miumjau.ee\/lv\/produkts\/ontario-garda-lasa-pasta-kakiem-8-x-90-g\/\",\"name\":\"Ontario gard\u0101 la\u0161a pasta ka\u0137iem, 8 \u00d7 90 g - MiuMjau\",\"isPartOf\":{\"@id\":\"https:\/\/miumjau.ee\/#website\"},\"primaryImageOfPage\":{\"@id\":\"https:\/\/miumjau.ee\/lv\/produkts\/ontario-garda-lasa-pasta-kakiem-8-x-90-g\/#primaryimage\"},\"image\":{\"@id\":\"https:\/\/miumjau.ee\/lv\/produkts\/ontario-garda-lasa-pasta-kakiem-8-x-90-g\/#primaryimage\"},\"thumbnailUrl\":\"https:\/\/miumjau.ee\/wp-content\/uploads\/2025\/04\/ontario-maius-kassidele-lihapasta4_1.webp\",\"datePublished\":\"2025-04-09T10:17:54+00:00\",\"dateModified\":\"2026-01-07T19:14:30+00:00\",\"description\":\"Ontario lasis pieejamu lasi pastu var izmantot gan k\u0101 papildin\u0101jumu sausajai bar\u012bbai, gan k\u0101 gardumu. N\u0101c un izm\u0113\u0123ini m\u016bsu jaun\u0101s un aizraujo\u0161\u0101s Ontario preces! Liels gar\u0161u kl\u0101sts, ko izbaud\u012bt.\",\"breadcrumb\":{\"@id\":\"https:\/\/miumjau.ee\/lv\/produkts\/ontario-garda-lasa-pasta-kakiem-8-x-90-g\/#breadcrumb\"},\"inLanguage\":\"lv-LV\",\"potentialAction\":[{\"@type\":\"ReadAction\",\"target\":[\"https:\/\/miumjau.ee\/lv\/produkts\/ontario-garda-lasa-pasta-kakiem-8-x-90-g\/\"]}]},{\"@type\":\"ImageObject\",\"inLanguage\":\"lv-LV\",\"@id\":\"https:\/\/miumjau.ee\/lv\/produkts\/ontario-garda-lasa-pasta-kakiem-8-x-90-g\/#primaryimage\",\"url\":\"https:\/\/miumjau.ee\/wp-content\/uploads\/2025\/04\/ontario-maius-kassidele-lihapasta4_1.webp\",\"contentUrl\":\"https:\/\/miumjau.ee\/wp-content\/uploads\/2025\/04\/ontario-maius-kassidele-lihapasta4_1.webp\",\"width\":1200,\"height\":1600},{\"@type\":\"BreadcrumbList\",\"@id\":\"https:\/\/miumjau.ee\/lv\/produkts\/ontario-garda-lasa-pasta-kakiem-8-x-90-g\/#breadcrumb\",\"itemListElement\":[{\"@type\":\"ListItem\",\"position\":1,\"name\":\"Home\",\"item\":\"https:\/\/miumjau.ee\/lv\/\"},{\"@type\":\"ListItem\",\"position\":2,\"name\":\"Veikals\",\"item\":\"https:\/\/miumjau.ee\/lv\/veikals\/\"},{\"@type\":\"ListItem\",\"position\":3,\"name\":\"Ontario gard\u0101 la\u0161a pasta ka\u0137iem, 8 \u00d7 90 g\"}]},{\"@type\":\"WebSite\",\"@id\":\"https:\/\/miumjau.ee\/#website\",\"url\":\"https:\/\/miumjau.ee\/\",\"name\":\"MiuMjau\",\"description\":\"Kraapimispuud kassidele\",\"publisher\":{\"@id\":\"https:\/\/miumjau.ee\/#organization\"},\"potentialAction\":[{\"@type\":\"SearchAction\",\"target\":{\"@type\":\"EntryPoint\",\"urlTemplate\":\"https:\/\/miumjau.ee\/?s={search_term_string}\"},\"query-input\":{\"@type\":\"PropertyValueSpecification\",\"valueRequired\":true,\"valueName\":\"search_term_string\"}}],\"inLanguage\":\"lv-LV\"},{\"@type\":\"Organization\",\"@id\":\"https:\/\/miumjau.ee\/#organization\",\"name\":\"MiuMjau O\u00dc\",\"url\":\"https:\/\/miumjau.ee\/\",\"logo\":{\"@type\":\"ImageObject\",\"inLanguage\":\"lv-LV\",\"@id\":\"https:\/\/miumjau.ee\/#\/schema\/logo\/image\/\",\"url\":\"https:\/\/miumjau.ee\/wp-content\/uploads\/2022\/04\/MiuMjau-logo-kollane.png\",\"contentUrl\":\"https:\/\/miumjau.ee\/wp-content\/uploads\/2022\/04\/MiuMjau-logo-kollane.png\",\"width\":219,\"height\":100,\"caption\":\"MiuMjau O\u00dc\"},\"image\":{\"@id\":\"https:\/\/miumjau.ee\/#\/schema\/logo\/image\/\"},\"sameAs\":[\"https:\/\/www.facebook.com\/miumjaupood\/\"]}]}<\/script>\n<!-- \/ Yoast SEO plugin. -->","yoast_head_json":{"title":"Ontario gard\u0101 la\u0161a pasta ka\u0137iem, 8 \u00d7 90 g - MiuMjau","description":"Ontario lasis pieejamu lasi pastu var izmantot gan k\u0101 papildin\u0101jumu sausajai bar\u012bbai, gan k\u0101 gardumu. N\u0101c un izm\u0113\u0123ini m\u016bsu jaun\u0101s un aizraujo\u0161\u0101s Ontario preces! Liels gar\u0161u kl\u0101sts, ko izbaud\u012bt.","robots":{"index":"index","follow":"follow","max-snippet":"max-snippet:-1","max-image-preview":"max-image-preview:large","max-video-preview":"max-video-preview:-1"},"canonical":"https:\/\/miumjau.ee\/lv\/produkts\/ontario-garda-lasa-pasta-kakiem-8-x-90-g\/","og_locale":"lv_LV","og_type":"article","og_title":"Ontario gard\u0101 la\u0161a pasta ka\u0137iem, 8 \u00d7 90 g - MiuMjau","og_description":"Ontario lasis pieejamu lasi pastu var izmantot gan k\u0101 papildin\u0101jumu sausajai bar\u012bbai, gan k\u0101 gardumu. N\u0101c un izm\u0113\u0123ini m\u016bsu jaun\u0101s un aizraujo\u0161\u0101s Ontario preces! Liels gar\u0161u kl\u0101sts, ko izbaud\u012bt.","og_url":"https:\/\/miumjau.ee\/lv\/produkts\/ontario-garda-lasa-pasta-kakiem-8-x-90-g\/","og_site_name":"MiuMjau","article_publisher":"https:\/\/www.facebook.com\/miumjaupood\/","article_modified_time":"2026-01-07T19:14:30+00:00","og_image":[{"width":1200,"height":1600,"url":"https:\/\/miumjau.ee\/wp-content\/uploads\/2025\/04\/ontario-maius-kassidele-lihapasta4_1.webp","type":"image\/webp"}],"twitter_card":"summary_large_image","schema":{"@context":"https:\/\/schema.org","@graph":[{"@type":"WebPage","@id":"https:\/\/miumjau.ee\/lv\/produkts\/ontario-garda-lasa-pasta-kakiem-8-x-90-g\/","url":"https:\/\/miumjau.ee\/lv\/produkts\/ontario-garda-lasa-pasta-kakiem-8-x-90-g\/","name":"Ontario gard\u0101 la\u0161a pasta ka\u0137iem, 8 \u00d7 90 g - MiuMjau","isPartOf":{"@id":"https:\/\/miumjau.ee\/#website"},"primaryImageOfPage":{"@id":"https:\/\/miumjau.ee\/lv\/produkts\/ontario-garda-lasa-pasta-kakiem-8-x-90-g\/#primaryimage"},"image":{"@id":"https:\/\/miumjau.ee\/lv\/produkts\/ontario-garda-lasa-pasta-kakiem-8-x-90-g\/#primaryimage"},"thumbnailUrl":"https:\/\/miumjau.ee\/wp-content\/uploads\/2025\/04\/ontario-maius-kassidele-lihapasta4_1.webp","datePublished":"2025-04-09T10:17:54+00:00","dateModified":"2026-01-07T19:14:30+00:00","description":"Ontario lasis pieejamu lasi pastu var izmantot gan k\u0101 papildin\u0101jumu sausajai bar\u012bbai, gan k\u0101 gardumu. N\u0101c un izm\u0113\u0123ini m\u016bsu jaun\u0101s un aizraujo\u0161\u0101s Ontario preces! Liels gar\u0161u kl\u0101sts, ko izbaud\u012bt.","breadcrumb":{"@id":"https:\/\/miumjau.ee\/lv\/produkts\/ontario-garda-lasa-pasta-kakiem-8-x-90-g\/#breadcrumb"},"inLanguage":"lv-LV","potentialAction":[{"@type":"ReadAction","target":["https:\/\/miumjau.ee\/lv\/produkts\/ontario-garda-lasa-pasta-kakiem-8-x-90-g\/"]}]},{"@type":"ImageObject","inLanguage":"lv-LV","@id":"https:\/\/miumjau.ee\/lv\/produkts\/ontario-garda-lasa-pasta-kakiem-8-x-90-g\/#primaryimage","url":"https:\/\/miumjau.ee\/wp-content\/uploads\/2025\/04\/ontario-maius-kassidele-lihapasta4_1.webp","contentUrl":"https:\/\/miumjau.ee\/wp-content\/uploads\/2025\/04\/ontario-maius-kassidele-lihapasta4_1.webp","width":1200,"height":1600},{"@type":"BreadcrumbList","@id":"https:\/\/miumjau.ee\/lv\/produkts\/ontario-garda-lasa-pasta-kakiem-8-x-90-g\/#breadcrumb","itemListElement":[{"@type":"ListItem","position":1,"name":"Home","item":"https:\/\/miumjau.ee\/lv\/"},{"@type":"ListItem","position":2,"name":"Veikals","item":"https:\/\/miumjau.ee\/lv\/veikals\/"},{"@type":"ListItem","position":3,"name":"Ontario gard\u0101 la\u0161a pasta ka\u0137iem, 8 \u00d7 90 g"}]},{"@type":"WebSite","@id":"https:\/\/miumjau.ee\/#website","url":"https:\/\/miumjau.ee\/","name":"MiuMjau","description":"Kraapimispuud kassidele","publisher":{"@id":"https:\/\/miumjau.ee\/#organization"},"potentialAction":[{"@type":"SearchAction","target":{"@type":"EntryPoint","urlTemplate":"https:\/\/miumjau.ee\/?s={search_term_string}"},"query-input":{"@type":"PropertyValueSpecification","valueRequired":true,"valueName":"search_term_string"}}],"inLanguage":"lv-LV"},{"@type":"Organization","@id":"https:\/\/miumjau.ee\/#organization","name":"MiuMjau O\u00dc","url":"https:\/\/miumjau.ee\/","logo":{"@type":"ImageObject","inLanguage":"lv-LV","@id":"https:\/\/miumjau.ee\/#\/schema\/logo\/image\/","url":"https:\/\/miumjau.ee\/wp-content\/uploads\/2022\/04\/MiuMjau-logo-kollane.png","contentUrl":"https:\/\/miumjau.ee\/wp-content\/uploads\/2022\/04\/MiuMjau-logo-kollane.png","width":219,"height":100,"caption":"MiuMjau O\u00dc"},"image":{"@id":"https:\/\/miumjau.ee\/#\/schema\/logo\/image\/"},"sameAs":["https:\/\/www.facebook.com\/miumjaupood\/"]}]}},"_links":{"self":[{"href":"https:\/\/miumjau.ee\/lv\/wp-json\/wp\/v2\/product\/50288","targetHints":{"allow":["GET"]}}],"collection":[{"href":"https:\/\/miumjau.ee\/lv\/wp-json\/wp\/v2\/product"}],"about":[{"href":"https:\/\/miumjau.ee\/lv\/wp-json\/wp\/v2\/types\/product"}],"wp:featuredmedia":[{"embeddable":true,"href":"https:\/\/miumjau.ee\/lv\/wp-json\/wp\/v2\/media\/50289"}],"wp:attachment":[{"href":"https:\/\/miumjau.ee\/lv\/wp-json\/wp\/v2\/media?parent=50288"}],"wp:term":[{"taxonomy":"product_brand","embeddable":true,"href":"https:\/\/miumjau.ee\/lv\/wp-json\/wp\/v2\/product_brand?post=50288"},{"taxonomy":"product_cat","embeddable":true,"href":"https:\/\/miumjau.ee\/lv\/wp-json\/wp\/v2\/product_cat?post=50288"},{"taxonomy":"product_tag","embeddable":true,"href":"https:\/\/miumjau.ee\/lv\/wp-json\/wp\/v2\/product_tag?post=50288"}],"curies":[{"name":"wp","href":"https:\/\/api.w.org\/{rel}","templated":true}]}}