{"id":50285,"date":"2025-04-09T19:25:29","date_gmt":"2025-04-09T16:25:29","guid":{"rendered":"https:\/\/miumjau.ee\/toode\/churu-fun-bites-kremigi-kaku-karumi-ar-vistu-un-kirbi-8-x-12-g\/"},"modified":"2026-01-07T21:14:30","modified_gmt":"2026-01-07T19:14:30","slug":"churu-fun-bites-kremigi-kaku-karumi-ar-vistu-un-kirbi-8-x-12-g","status":"publish","type":"product","link":"https:\/\/miumjau.ee\/lv\/produkts\/churu-fun-bites-kremigi-kaku-karumi-ar-vistu-un-kirbi-8-x-12-g\/","title":{"rendered":"Churu Fun Bites kr\u0113m\u012bgi ka\u0137u k\u0101rumi ar vistu un \u0137irbi 8 \u00d7 12 g"},"content":{"rendered":"","protected":false},"excerpt":{"rendered":"<p>Churu Fun Bites \u012bpa\u0161i gardie un kr\u0113m\u012bgie k\u0101rumi gaida tavu ka\u0137\u012bti!<\/p>\n<p>IZGATAVOTI NO UZTICAM\u0100M UN VESEL\u012aG\u0100M SAST\u0100VDA\u013b\u0100M<br \/>\nKatrs Inaba produkts ir gatavots no gar\u0161\u012bg\u0101m un augstas kvalit\u0101tes sast\u0101vda\u013c\u0101m, tostarp ferm\u0101s audz\u0113tas vistas un\/vai dab\u0101 \u0137erta tun\u010da.<\/p>\n<p>DIVK\u0100R\u0160A TEKST\u016aRA<br \/>\nKatrs spilventi\u0146a formas kumosi\u0146\u0161 s\u0101kas ar m\u012bkstu, ceptu vistas pastu, kas nesatur graudaugus, konservantus, karagin\u0101nu vai m\u0101ksl\u012bgas kr\u0101svielas. Pild\u012bjuma centr\u0101 ir gardais Inaba Churu kr\u0113ms, nodro\u0161inot ka\u0137im divk\u0101r\u0161u tekst\u016bras baud\u012bjumu.<\/p>\n<p>JAUTRS IEPAKOJUMS<br \/>\nKatr\u0101 iepakojum\u0101 ir tr\u012bs ide\u0101li porcij\u0101s sadal\u012bti maisi\u0146i, kas pal\u012bdz saglab\u0101t k\u0101rumus svaigus un nov\u0113r\u0161 \u201cka\u0137a p\u0101r\u0113\u0161an\u0101s negad\u012bjumus\u201d.<\/p>\n<p>PAT IZR\u016aP\u012aG\u0100KO KA\u0136U IEM\u012a\u013bOTS<br \/>\nPat visizv\u0113l\u012bg\u0101kie ka\u0137i labpr\u0101t \u0113d \u0161os kumosi\u0146a lieluma k\u0101rumus tie\u0161i no rokas \u2014 ar\u012b tad, ja kr\u0113m\u012bgaj\u0101 pild\u012bjum\u0101 ir pasl\u0113pta tablete.<\/p>\n<p>M\u012aKSTI, GARDI UN VESEL\u012aGI<br \/>\nKatrs gabali\u0146\u0161 satur 69% mitruma, lai veicin\u0101tu \u0161\u0137idruma uz\u0146em\u0161anu, un aptuveni 17 kcal, padarot tos par zemas kalorit\u0101tes k\u0101rumu. Papildin\u0101ti ar E vitam\u012bnu imunit\u0101tes atbalstam un za\u013c\u0101s t\u0113jas ekstraktu k\u0101 antioksidantu.<\/p>\n<p><strong>Baro\u0161anas nor\u0101d\u012bjumi:<\/strong> dot ka\u0137im k\u0101 k\u0101rumu. Produkts nav paredz\u0113ts k\u0101 pilnv\u0113rt\u012bga bar\u012bba. Katru dienu nodro\u0161in\u0101t t\u012bru un svaigu dzeramo \u016bdeni.<\/p>\n<p><strong>Uzglab\u0101\u0161anas nor\u0101d\u012bjumi:<\/strong> p\u0113c atv\u0113r\u0161anas uzglab\u0101t ledusskap\u012b un izlietot p\u0113c iesp\u0113jas \u0101tr\u0101k.<\/p>\n<p><strong>Sast\u0101vs:<\/strong> vista, \u016bdens, tuncis, kalt\u0113ts bonito, tapiokas ciete, olu baltums, n\u0101trija kazein\u0101ts, \u0137irbis, gu\u0101ra sve\u0137i, dab\u012bga vistas aromviela, dab\u012bgas aromvielas, rauga ekstrakts, taur\u012bns, paprikas oleosve\u0137i (kr\u0101sviela), E vitam\u012bna piedeva, za\u013c\u0101s t\u0113jas ekstrakts.<\/p>\n<p><strong>Anal\u012btiskais sast\u0101vs:<\/strong> kopprote\u012bns (min) 24,00%, koptauki (min) 3,00%, kop\u0161\u0137iedra (max) 0,50%, mitrums (max) 69,00%, E vitam\u012bns (min) 92 SV\/kg, taur\u012bns (min) 0,026%.<\/p>\n","protected":false},"featured_media":50287,"template":"","meta":[],"product_brand":[],"product_cat":[570],"product_tag":[],"class_list":{"0":"post-50285","1":"product","2":"type-product","3":"status-publish","4":"has-post-thumbnail","6":"product_cat-naski","8":"first","9":"outofstock","10":"taxable","11":"shipping-taxable","12":"purchasable","13":"product-type-simple"},"yoast_head":"<!-- This site is optimized with the Yoast SEO plugin v27.4 - https:\/\/yoast.com\/product\/yoast-seo-wordpress\/ -->\n<title>Churu Fun Bites kr\u0113m\u012bgi ka\u0137u k\u0101rumi ar vistu un \u0137irbi 8 \u00d7 12 g - MiuMjau<\/title>\n<meta name=\"description\" content=\"**Churu kr\u0113mveida gardumi** ir tik pievilc\u012bgi! Ka\u0137i v\u0113las izbaud\u012bt ar\u012b gar\u0161as baud\u012bjumu un dz\u012bvi piln\u012bb\u0101! Ieg\u016bsti sava ka\u0137a sirdi!\" \/>\n<meta name=\"robots\" content=\"index, follow, max-snippet:-1, max-image-preview:large, max-video-preview:-1\" \/>\n<link rel=\"canonical\" href=\"https:\/\/miumjau.ee\/lv\/produkts\/churu-fun-bites-kremigi-kaku-karumi-ar-vistu-un-kirbi-8-x-12-g\/\" \/>\n<meta property=\"og:locale\" content=\"lv_LV\" \/>\n<meta property=\"og:type\" content=\"article\" \/>\n<meta property=\"og:title\" content=\"Churu Fun Bites kr\u0113m\u012bgi ka\u0137u k\u0101rumi ar vistu un \u0137irbi 8 \u00d7 12 g - MiuMjau\" \/>\n<meta property=\"og:description\" content=\"**Churu kr\u0113mveida gardumi** ir tik pievilc\u012bgi! Ka\u0137i v\u0113las izbaud\u012bt ar\u012b gar\u0161as baud\u012bjumu un dz\u012bvi piln\u012bb\u0101! Ieg\u016bsti sava ka\u0137a sirdi!\" \/>\n<meta property=\"og:url\" content=\"https:\/\/miumjau.ee\/lv\/produkts\/churu-fun-bites-kremigi-kaku-karumi-ar-vistu-un-kirbi-8-x-12-g\/\" \/>\n<meta property=\"og:site_name\" content=\"MiuMjau\" \/>\n<meta property=\"article:publisher\" content=\"https:\/\/www.facebook.com\/miumjaupood\/\" \/>\n<meta property=\"article:modified_time\" content=\"2026-01-07T19:14:30+00:00\" \/>\n<meta property=\"og:image\" content=\"https:\/\/miumjau.ee\/wp-content\/uploads\/2025\/04\/Churu-funbites-kana-korvits.jpg\" \/>\n\t<meta property=\"og:image:width\" content=\"600\" \/>\n\t<meta property=\"og:image:height\" content=\"800\" \/>\n\t<meta property=\"og:image:type\" content=\"image\/jpeg\" \/>\n<meta name=\"twitter:card\" content=\"summary_large_image\" \/>\n<script type=\"application\/ld+json\" class=\"yoast-schema-graph\">{\"@context\":\"https:\\\/\\\/schema.org\",\"@graph\":[{\"@type\":\"WebPage\",\"@id\":\"https:\\\/\\\/miumjau.ee\\\/lv\\\/produkts\\\/churu-fun-bites-kremigi-kaku-karumi-ar-vistu-un-kirbi-8-x-12-g\\\/\",\"url\":\"https:\\\/\\\/miumjau.ee\\\/lv\\\/produkts\\\/churu-fun-bites-kremigi-kaku-karumi-ar-vistu-un-kirbi-8-x-12-g\\\/\",\"name\":\"Churu Fun Bites kr\u0113m\u012bgi ka\u0137u k\u0101rumi ar vistu un \u0137irbi 8 \u00d7 12 g - MiuMjau\",\"isPartOf\":{\"@id\":\"https:\\\/\\\/miumjau.ee\\\/#website\"},\"primaryImageOfPage\":{\"@id\":\"https:\\\/\\\/miumjau.ee\\\/lv\\\/produkts\\\/churu-fun-bites-kremigi-kaku-karumi-ar-vistu-un-kirbi-8-x-12-g\\\/#primaryimage\"},\"image\":{\"@id\":\"https:\\\/\\\/miumjau.ee\\\/lv\\\/produkts\\\/churu-fun-bites-kremigi-kaku-karumi-ar-vistu-un-kirbi-8-x-12-g\\\/#primaryimage\"},\"thumbnailUrl\":\"https:\\\/\\\/miumjau.ee\\\/wp-content\\\/uploads\\\/2025\\\/04\\\/Churu-funbites-kana-korvits.jpg\",\"datePublished\":\"2025-04-09T16:25:29+00:00\",\"dateModified\":\"2026-01-07T19:14:30+00:00\",\"description\":\"**Churu kr\u0113mveida gardumi** ir tik pievilc\u012bgi! Ka\u0137i v\u0113las izbaud\u012bt ar\u012b gar\u0161as baud\u012bjumu un dz\u012bvi piln\u012bb\u0101! Ieg\u016bsti sava ka\u0137a sirdi!\",\"breadcrumb\":{\"@id\":\"https:\\\/\\\/miumjau.ee\\\/lv\\\/produkts\\\/churu-fun-bites-kremigi-kaku-karumi-ar-vistu-un-kirbi-8-x-12-g\\\/#breadcrumb\"},\"inLanguage\":\"lv-LV\",\"potentialAction\":[{\"@type\":\"ReadAction\",\"target\":[\"https:\\\/\\\/miumjau.ee\\\/lv\\\/produkts\\\/churu-fun-bites-kremigi-kaku-karumi-ar-vistu-un-kirbi-8-x-12-g\\\/\"]}]},{\"@type\":\"ImageObject\",\"inLanguage\":\"lv-LV\",\"@id\":\"https:\\\/\\\/miumjau.ee\\\/lv\\\/produkts\\\/churu-fun-bites-kremigi-kaku-karumi-ar-vistu-un-kirbi-8-x-12-g\\\/#primaryimage\",\"url\":\"https:\\\/\\\/miumjau.ee\\\/wp-content\\\/uploads\\\/2025\\\/04\\\/Churu-funbites-kana-korvits.jpg\",\"contentUrl\":\"https:\\\/\\\/miumjau.ee\\\/wp-content\\\/uploads\\\/2025\\\/04\\\/Churu-funbites-kana-korvits.jpg\",\"width\":600,\"height\":800},{\"@type\":\"BreadcrumbList\",\"@id\":\"https:\\\/\\\/miumjau.ee\\\/lv\\\/produkts\\\/churu-fun-bites-kremigi-kaku-karumi-ar-vistu-un-kirbi-8-x-12-g\\\/#breadcrumb\",\"itemListElement\":[{\"@type\":\"ListItem\",\"position\":1,\"name\":\"Home\",\"item\":\"https:\\\/\\\/miumjau.ee\\\/lv\\\/\"},{\"@type\":\"ListItem\",\"position\":2,\"name\":\"Veikals\",\"item\":\"https:\\\/\\\/miumjau.ee\\\/lv\\\/veikals\\\/\"},{\"@type\":\"ListItem\",\"position\":3,\"name\":\"Churu Fun Bites kr\u0113m\u012bgi ka\u0137u k\u0101rumi ar vistu un \u0137irbi 8 \u00d7 12 g\"}]},{\"@type\":\"WebSite\",\"@id\":\"https:\\\/\\\/miumjau.ee\\\/#website\",\"url\":\"https:\\\/\\\/miumjau.ee\\\/\",\"name\":\"MiuMjau\",\"description\":\"Kraapimispuud kassidele\",\"publisher\":{\"@id\":\"https:\\\/\\\/miumjau.ee\\\/#organization\"},\"potentialAction\":[{\"@type\":\"SearchAction\",\"target\":{\"@type\":\"EntryPoint\",\"urlTemplate\":\"https:\\\/\\\/miumjau.ee\\\/?s={search_term_string}\"},\"query-input\":{\"@type\":\"PropertyValueSpecification\",\"valueRequired\":true,\"valueName\":\"search_term_string\"}}],\"inLanguage\":\"lv-LV\"},{\"@type\":\"Organization\",\"@id\":\"https:\\\/\\\/miumjau.ee\\\/#organization\",\"name\":\"MiuMjau O\u00dc\",\"url\":\"https:\\\/\\\/miumjau.ee\\\/\",\"logo\":{\"@type\":\"ImageObject\",\"inLanguage\":\"lv-LV\",\"@id\":\"https:\\\/\\\/miumjau.ee\\\/#\\\/schema\\\/logo\\\/image\\\/\",\"url\":\"https:\\\/\\\/miumjau.ee\\\/wp-content\\\/uploads\\\/2022\\\/04\\\/MiuMjau-logo-kollane.png\",\"contentUrl\":\"https:\\\/\\\/miumjau.ee\\\/wp-content\\\/uploads\\\/2022\\\/04\\\/MiuMjau-logo-kollane.png\",\"width\":219,\"height\":100,\"caption\":\"MiuMjau O\u00dc\"},\"image\":{\"@id\":\"https:\\\/\\\/miumjau.ee\\\/#\\\/schema\\\/logo\\\/image\\\/\"},\"sameAs\":[\"https:\\\/\\\/www.facebook.com\\\/miumjaupood\\\/\"]}]}<\/script>\n<!-- \/ Yoast SEO plugin. -->","yoast_head_json":{"title":"Churu Fun Bites kr\u0113m\u012bgi ka\u0137u k\u0101rumi ar vistu un \u0137irbi 8 \u00d7 12 g - MiuMjau","description":"**Churu kr\u0113mveida gardumi** ir tik pievilc\u012bgi! Ka\u0137i v\u0113las izbaud\u012bt ar\u012b gar\u0161as baud\u012bjumu un dz\u012bvi piln\u012bb\u0101! Ieg\u016bsti sava ka\u0137a sirdi!","robots":{"index":"index","follow":"follow","max-snippet":"max-snippet:-1","max-image-preview":"max-image-preview:large","max-video-preview":"max-video-preview:-1"},"canonical":"https:\/\/miumjau.ee\/lv\/produkts\/churu-fun-bites-kremigi-kaku-karumi-ar-vistu-un-kirbi-8-x-12-g\/","og_locale":"lv_LV","og_type":"article","og_title":"Churu Fun Bites kr\u0113m\u012bgi ka\u0137u k\u0101rumi ar vistu un \u0137irbi 8 \u00d7 12 g - MiuMjau","og_description":"**Churu kr\u0113mveida gardumi** ir tik pievilc\u012bgi! Ka\u0137i v\u0113las izbaud\u012bt ar\u012b gar\u0161as baud\u012bjumu un dz\u012bvi piln\u012bb\u0101! Ieg\u016bsti sava ka\u0137a sirdi!","og_url":"https:\/\/miumjau.ee\/lv\/produkts\/churu-fun-bites-kremigi-kaku-karumi-ar-vistu-un-kirbi-8-x-12-g\/","og_site_name":"MiuMjau","article_publisher":"https:\/\/www.facebook.com\/miumjaupood\/","article_modified_time":"2026-01-07T19:14:30+00:00","og_image":[{"width":600,"height":800,"url":"https:\/\/miumjau.ee\/wp-content\/uploads\/2025\/04\/Churu-funbites-kana-korvits.jpg","type":"image\/jpeg"}],"twitter_card":"summary_large_image","schema":{"@context":"https:\/\/schema.org","@graph":[{"@type":"WebPage","@id":"https:\/\/miumjau.ee\/lv\/produkts\/churu-fun-bites-kremigi-kaku-karumi-ar-vistu-un-kirbi-8-x-12-g\/","url":"https:\/\/miumjau.ee\/lv\/produkts\/churu-fun-bites-kremigi-kaku-karumi-ar-vistu-un-kirbi-8-x-12-g\/","name":"Churu Fun Bites kr\u0113m\u012bgi ka\u0137u k\u0101rumi ar vistu un \u0137irbi 8 \u00d7 12 g - MiuMjau","isPartOf":{"@id":"https:\/\/miumjau.ee\/#website"},"primaryImageOfPage":{"@id":"https:\/\/miumjau.ee\/lv\/produkts\/churu-fun-bites-kremigi-kaku-karumi-ar-vistu-un-kirbi-8-x-12-g\/#primaryimage"},"image":{"@id":"https:\/\/miumjau.ee\/lv\/produkts\/churu-fun-bites-kremigi-kaku-karumi-ar-vistu-un-kirbi-8-x-12-g\/#primaryimage"},"thumbnailUrl":"https:\/\/miumjau.ee\/wp-content\/uploads\/2025\/04\/Churu-funbites-kana-korvits.jpg","datePublished":"2025-04-09T16:25:29+00:00","dateModified":"2026-01-07T19:14:30+00:00","description":"**Churu kr\u0113mveida gardumi** ir tik pievilc\u012bgi! Ka\u0137i v\u0113las izbaud\u012bt ar\u012b gar\u0161as baud\u012bjumu un dz\u012bvi piln\u012bb\u0101! Ieg\u016bsti sava ka\u0137a sirdi!","breadcrumb":{"@id":"https:\/\/miumjau.ee\/lv\/produkts\/churu-fun-bites-kremigi-kaku-karumi-ar-vistu-un-kirbi-8-x-12-g\/#breadcrumb"},"inLanguage":"lv-LV","potentialAction":[{"@type":"ReadAction","target":["https:\/\/miumjau.ee\/lv\/produkts\/churu-fun-bites-kremigi-kaku-karumi-ar-vistu-un-kirbi-8-x-12-g\/"]}]},{"@type":"ImageObject","inLanguage":"lv-LV","@id":"https:\/\/miumjau.ee\/lv\/produkts\/churu-fun-bites-kremigi-kaku-karumi-ar-vistu-un-kirbi-8-x-12-g\/#primaryimage","url":"https:\/\/miumjau.ee\/wp-content\/uploads\/2025\/04\/Churu-funbites-kana-korvits.jpg","contentUrl":"https:\/\/miumjau.ee\/wp-content\/uploads\/2025\/04\/Churu-funbites-kana-korvits.jpg","width":600,"height":800},{"@type":"BreadcrumbList","@id":"https:\/\/miumjau.ee\/lv\/produkts\/churu-fun-bites-kremigi-kaku-karumi-ar-vistu-un-kirbi-8-x-12-g\/#breadcrumb","itemListElement":[{"@type":"ListItem","position":1,"name":"Home","item":"https:\/\/miumjau.ee\/lv\/"},{"@type":"ListItem","position":2,"name":"Veikals","item":"https:\/\/miumjau.ee\/lv\/veikals\/"},{"@type":"ListItem","position":3,"name":"Churu Fun Bites kr\u0113m\u012bgi ka\u0137u k\u0101rumi ar vistu un \u0137irbi 8 \u00d7 12 g"}]},{"@type":"WebSite","@id":"https:\/\/miumjau.ee\/#website","url":"https:\/\/miumjau.ee\/","name":"MiuMjau","description":"Kraapimispuud kassidele","publisher":{"@id":"https:\/\/miumjau.ee\/#organization"},"potentialAction":[{"@type":"SearchAction","target":{"@type":"EntryPoint","urlTemplate":"https:\/\/miumjau.ee\/?s={search_term_string}"},"query-input":{"@type":"PropertyValueSpecification","valueRequired":true,"valueName":"search_term_string"}}],"inLanguage":"lv-LV"},{"@type":"Organization","@id":"https:\/\/miumjau.ee\/#organization","name":"MiuMjau O\u00dc","url":"https:\/\/miumjau.ee\/","logo":{"@type":"ImageObject","inLanguage":"lv-LV","@id":"https:\/\/miumjau.ee\/#\/schema\/logo\/image\/","url":"https:\/\/miumjau.ee\/wp-content\/uploads\/2022\/04\/MiuMjau-logo-kollane.png","contentUrl":"https:\/\/miumjau.ee\/wp-content\/uploads\/2022\/04\/MiuMjau-logo-kollane.png","width":219,"height":100,"caption":"MiuMjau O\u00dc"},"image":{"@id":"https:\/\/miumjau.ee\/#\/schema\/logo\/image\/"},"sameAs":["https:\/\/www.facebook.com\/miumjaupood\/"]}]}},"_links":{"self":[{"href":"https:\/\/miumjau.ee\/lv\/wp-json\/wp\/v2\/product\/50285","targetHints":{"allow":["GET"]}}],"collection":[{"href":"https:\/\/miumjau.ee\/lv\/wp-json\/wp\/v2\/product"}],"about":[{"href":"https:\/\/miumjau.ee\/lv\/wp-json\/wp\/v2\/types\/product"}],"wp:featuredmedia":[{"embeddable":true,"href":"https:\/\/miumjau.ee\/lv\/wp-json\/wp\/v2\/media\/50287"}],"wp:attachment":[{"href":"https:\/\/miumjau.ee\/lv\/wp-json\/wp\/v2\/media?parent=50285"}],"wp:term":[{"taxonomy":"product_brand","embeddable":true,"href":"https:\/\/miumjau.ee\/lv\/wp-json\/wp\/v2\/product_brand?post=50285"},{"taxonomy":"product_cat","embeddable":true,"href":"https:\/\/miumjau.ee\/lv\/wp-json\/wp\/v2\/product_cat?post=50285"},{"taxonomy":"product_tag","embeddable":true,"href":"https:\/\/miumjau.ee\/lv\/wp-json\/wp\/v2\/product_tag?post=50285"}],"curies":[{"name":"wp","href":"https:\/\/api.w.org\/{rel}","templated":true}]}}