{"id":50280,"date":"2025-04-09T20:09:44","date_gmt":"2025-04-09T17:09:44","guid":{"rendered":"https:\/\/miumjau.ee\/toode\/churu-karums-kakiem-ar-lasi-4-x-14-g\/"},"modified":"2026-01-07T21:14:30","modified_gmt":"2026-01-07T19:14:30","slug":"churu-karums-kakiem-ar-lasi-4-x-14-g","status":"publish","type":"product","link":"https:\/\/miumjau.ee\/lv\/produkts\/churu-karums-kakiem-ar-lasi-4-x-14-g\/","title":{"rendered":"Churu k\u0101rums ka\u0137iem ar lasi, 4 x 14 g"},"content":{"rendered":"","protected":false},"excerpt":{"rendered":"<p>Churu maiz\u012btes iekaro tavu ka\u0137a sirdi!<\/p>\n<p><strong>UZTURI SAVU KA\u0136I HIDR\u0112TU, BEZ PAPILDU KALORIJ\u0100M:<\/strong> Katrs gardais Churu kr\u0113m\u012bgais k\u0101rums satur 91% mitruma un tikai 10 kalorijas (desmit\u0101 da\u013ca no parast\u0101 saus\u0101 k\u0101ruma kaloriju daudzuma), padarot to par vesel\u012bgu k\u0101rumu, ko vari pied\u0101v\u0101t bez raiz\u0113m.<\/p>\n<p><strong>BR\u012aVS NO NEVAJADZ\u012aG\u0100:<\/strong> Tavs ka\u0137is mums ir svar\u012bgs \u2013 t\u0101p\u0113c m\u016bsu k\u0101rumi nesatur graudaugus, konservantus vai m\u0101ksl\u012bg\u0101s kr\u0101svielas. Taj\u0101 pa\u0161\u0101 laik\u0101 tie satur noder\u012bgas vielas, piem\u0113ram, za\u013c\u0101s t\u0113jas ekstraktu un taur\u012bnu, lai atbalst\u012btu ka\u0137u visp\u0101r\u0113jo labsaj\u016btu.<\/p>\n<p><strong>\u0112D TIE\u0160I NO TAV\u0100M ROK\u0100M:<\/strong> \u0160ie kr\u0113m\u012bgie k\u0101rumi ir rad\u012bti rok\u0101m baro\u0161anai, lai stiprin\u0101tu saikni starp tevi un tavu ka\u0137i. Tos var izmantot ar\u012b k\u0101 piedevu bar\u012bbai vai z\u0101\u013cu dod\u0161anas atvieglo\u0161anai.<\/p>\n<p><strong>Baro\u0161anas nor\u0101d\u012bjumi:<\/strong> Pied\u0101v\u0101t ka\u0137im k\u0101 k\u0101rumu. Produkts nav paredz\u0113ts k\u0101 pilnv\u0113rt\u012bga bar\u012bba. Nodro\u0161iniet svaigu un t\u012bru dzeramo \u016bdeni ikdien\u0101.<\/p>\n<p><strong>Uzglab\u0101\u0161anas nor\u0101d\u012bjumi:<\/strong> P\u0113c atv\u0113r\u0161anas glab\u0101t ledusskap\u012b un izmantot p\u0113c iesp\u0113jas \u0101tr\u0101k.<\/p>\n<p><strong>Sast\u0101vs:<\/strong> \u016adens, lasis, tapiokas ciete, dab\u012bg\u0101s gar\u0161as vielas, dab\u012bgais lasis aromatiz\u0113t\u0101js, guar gumija, ksant\u0101na gumija, E vitam\u012bna piedeva, taur\u012bns, za\u013c\u0101s t\u0113jas ekstrakts.<\/p>\n<p><strong>Anal\u012bze:<\/strong> Olbaltumvielas (min) 5,5%, Tauki (min) 2,5%, \u0160\u0137iedrvielas (max) 0,3%, Mitrums (max) 91,0%, E vitam\u012bns (min) 310 IU\/kg, Taur\u012bns (min) 0,025%<\/p>\n","protected":false},"featured_media":50281,"template":"","meta":[],"product_brand":[],"product_cat":[570],"product_tag":[],"class_list":{"0":"post-50280","1":"product","2":"type-product","3":"status-publish","4":"has-post-thumbnail","6":"product_cat-naski","8":"first","9":"instock","10":"taxable","11":"shipping-taxable","12":"purchasable","13":"product-type-simple"},"yoast_head":"<!-- This site is optimized with the Yoast SEO plugin v27.2 - https:\/\/yoast.com\/product\/yoast-seo-wordpress\/ -->\n<title>Churu k\u0101rums ka\u0137iem ar lasi, 4 x 14 g - MiuMjau<\/title>\n<meta name=\"description\" content=\"Churu kr\u0113m\u012bg\u0101s k\u0101rums ir tik vilino\u0161s! Ka\u0137i v\u0113las izbaud\u012bt ar\u012b gar\u0161as baud\u012bjumu un dz\u012bvot pilnv\u0113rt\u012bgi! Ieg\u016bsti sava ka\u0137a sirdi!\" \/>\n<meta name=\"robots\" content=\"index, follow, max-snippet:-1, max-image-preview:large, max-video-preview:-1\" \/>\n<link rel=\"canonical\" href=\"https:\/\/miumjau.ee\/lv\/produkts\/churu-karums-kakiem-ar-lasi-4-x-14-g\/\" \/>\n<meta property=\"og:locale\" content=\"lv_LV\" \/>\n<meta property=\"og:type\" content=\"article\" \/>\n<meta property=\"og:title\" content=\"Churu k\u0101rums ka\u0137iem ar lasi, 4 x 14 g - MiuMjau\" \/>\n<meta property=\"og:description\" content=\"Churu kr\u0113m\u012bg\u0101s k\u0101rums ir tik vilino\u0161s! Ka\u0137i v\u0113las izbaud\u012bt ar\u012b gar\u0161as baud\u012bjumu un dz\u012bvot pilnv\u0113rt\u012bgi! Ieg\u016bsti sava ka\u0137a sirdi!\" \/>\n<meta property=\"og:url\" content=\"https:\/\/miumjau.ee\/lv\/produkts\/churu-karums-kakiem-ar-lasi-4-x-14-g\/\" \/>\n<meta property=\"og:site_name\" content=\"MiuMjau\" \/>\n<meta property=\"article:publisher\" content=\"https:\/\/www.facebook.com\/miumjaupood\/\" \/>\n<meta property=\"article:modified_time\" content=\"2026-01-07T19:14:30+00:00\" \/>\n<meta property=\"og:image\" content=\"https:\/\/miumjau.ee\/wp-content\/uploads\/2025\/04\/churu-maiused-kassidele3.webp\" \/>\n\t<meta property=\"og:image:width\" content=\"600\" \/>\n\t<meta property=\"og:image:height\" content=\"800\" \/>\n\t<meta property=\"og:image:type\" content=\"image\/webp\" \/>\n<meta name=\"twitter:card\" content=\"summary_large_image\" \/>\n<script type=\"application\/ld+json\" class=\"yoast-schema-graph\">{\"@context\":\"https:\/\/schema.org\",\"@graph\":[{\"@type\":\"WebPage\",\"@id\":\"https:\/\/miumjau.ee\/lv\/produkts\/churu-karums-kakiem-ar-lasi-4-x-14-g\/\",\"url\":\"https:\/\/miumjau.ee\/lv\/produkts\/churu-karums-kakiem-ar-lasi-4-x-14-g\/\",\"name\":\"Churu k\u0101rums ka\u0137iem ar lasi, 4 x 14 g - MiuMjau\",\"isPartOf\":{\"@id\":\"https:\/\/miumjau.ee\/#website\"},\"primaryImageOfPage\":{\"@id\":\"https:\/\/miumjau.ee\/lv\/produkts\/churu-karums-kakiem-ar-lasi-4-x-14-g\/#primaryimage\"},\"image\":{\"@id\":\"https:\/\/miumjau.ee\/lv\/produkts\/churu-karums-kakiem-ar-lasi-4-x-14-g\/#primaryimage\"},\"thumbnailUrl\":\"https:\/\/miumjau.ee\/wp-content\/uploads\/2025\/04\/churu-maiused-kassidele3.webp\",\"datePublished\":\"2025-04-09T17:09:44+00:00\",\"dateModified\":\"2026-01-07T19:14:30+00:00\",\"description\":\"Churu kr\u0113m\u012bg\u0101s k\u0101rums ir tik vilino\u0161s! Ka\u0137i v\u0113las izbaud\u012bt ar\u012b gar\u0161as baud\u012bjumu un dz\u012bvot pilnv\u0113rt\u012bgi! Ieg\u016bsti sava ka\u0137a sirdi!\",\"breadcrumb\":{\"@id\":\"https:\/\/miumjau.ee\/lv\/produkts\/churu-karums-kakiem-ar-lasi-4-x-14-g\/#breadcrumb\"},\"inLanguage\":\"lv-LV\",\"potentialAction\":[{\"@type\":\"ReadAction\",\"target\":[\"https:\/\/miumjau.ee\/lv\/produkts\/churu-karums-kakiem-ar-lasi-4-x-14-g\/\"]}]},{\"@type\":\"ImageObject\",\"inLanguage\":\"lv-LV\",\"@id\":\"https:\/\/miumjau.ee\/lv\/produkts\/churu-karums-kakiem-ar-lasi-4-x-14-g\/#primaryimage\",\"url\":\"https:\/\/miumjau.ee\/wp-content\/uploads\/2025\/04\/churu-maiused-kassidele3.webp\",\"contentUrl\":\"https:\/\/miumjau.ee\/wp-content\/uploads\/2025\/04\/churu-maiused-kassidele3.webp\",\"width\":600,\"height\":800},{\"@type\":\"BreadcrumbList\",\"@id\":\"https:\/\/miumjau.ee\/lv\/produkts\/churu-karums-kakiem-ar-lasi-4-x-14-g\/#breadcrumb\",\"itemListElement\":[{\"@type\":\"ListItem\",\"position\":1,\"name\":\"Home\",\"item\":\"https:\/\/miumjau.ee\/lv\/\"},{\"@type\":\"ListItem\",\"position\":2,\"name\":\"Veikals\",\"item\":\"https:\/\/miumjau.ee\/lv\/veikals\/\"},{\"@type\":\"ListItem\",\"position\":3,\"name\":\"Churu k\u0101rums ka\u0137iem ar lasi, 4 x 14 g\"}]},{\"@type\":\"WebSite\",\"@id\":\"https:\/\/miumjau.ee\/#website\",\"url\":\"https:\/\/miumjau.ee\/\",\"name\":\"MiuMjau\",\"description\":\"Kraapimispuud kassidele\",\"publisher\":{\"@id\":\"https:\/\/miumjau.ee\/#organization\"},\"potentialAction\":[{\"@type\":\"SearchAction\",\"target\":{\"@type\":\"EntryPoint\",\"urlTemplate\":\"https:\/\/miumjau.ee\/?s={search_term_string}\"},\"query-input\":{\"@type\":\"PropertyValueSpecification\",\"valueRequired\":true,\"valueName\":\"search_term_string\"}}],\"inLanguage\":\"lv-LV\"},{\"@type\":\"Organization\",\"@id\":\"https:\/\/miumjau.ee\/#organization\",\"name\":\"MiuMjau O\u00dc\",\"url\":\"https:\/\/miumjau.ee\/\",\"logo\":{\"@type\":\"ImageObject\",\"inLanguage\":\"lv-LV\",\"@id\":\"https:\/\/miumjau.ee\/#\/schema\/logo\/image\/\",\"url\":\"https:\/\/miumjau.ee\/wp-content\/uploads\/2022\/04\/MiuMjau-logo-kollane.png\",\"contentUrl\":\"https:\/\/miumjau.ee\/wp-content\/uploads\/2022\/04\/MiuMjau-logo-kollane.png\",\"width\":219,\"height\":100,\"caption\":\"MiuMjau O\u00dc\"},\"image\":{\"@id\":\"https:\/\/miumjau.ee\/#\/schema\/logo\/image\/\"},\"sameAs\":[\"https:\/\/www.facebook.com\/miumjaupood\/\"]}]}<\/script>\n<!-- \/ Yoast SEO plugin. -->","yoast_head_json":{"title":"Churu k\u0101rums ka\u0137iem ar lasi, 4 x 14 g - MiuMjau","description":"Churu kr\u0113m\u012bg\u0101s k\u0101rums ir tik vilino\u0161s! Ka\u0137i v\u0113las izbaud\u012bt ar\u012b gar\u0161as baud\u012bjumu un dz\u012bvot pilnv\u0113rt\u012bgi! Ieg\u016bsti sava ka\u0137a sirdi!","robots":{"index":"index","follow":"follow","max-snippet":"max-snippet:-1","max-image-preview":"max-image-preview:large","max-video-preview":"max-video-preview:-1"},"canonical":"https:\/\/miumjau.ee\/lv\/produkts\/churu-karums-kakiem-ar-lasi-4-x-14-g\/","og_locale":"lv_LV","og_type":"article","og_title":"Churu k\u0101rums ka\u0137iem ar lasi, 4 x 14 g - MiuMjau","og_description":"Churu kr\u0113m\u012bg\u0101s k\u0101rums ir tik vilino\u0161s! Ka\u0137i v\u0113las izbaud\u012bt ar\u012b gar\u0161as baud\u012bjumu un dz\u012bvot pilnv\u0113rt\u012bgi! Ieg\u016bsti sava ka\u0137a sirdi!","og_url":"https:\/\/miumjau.ee\/lv\/produkts\/churu-karums-kakiem-ar-lasi-4-x-14-g\/","og_site_name":"MiuMjau","article_publisher":"https:\/\/www.facebook.com\/miumjaupood\/","article_modified_time":"2026-01-07T19:14:30+00:00","og_image":[{"width":600,"height":800,"url":"https:\/\/miumjau.ee\/wp-content\/uploads\/2025\/04\/churu-maiused-kassidele3.webp","type":"image\/webp"}],"twitter_card":"summary_large_image","schema":{"@context":"https:\/\/schema.org","@graph":[{"@type":"WebPage","@id":"https:\/\/miumjau.ee\/lv\/produkts\/churu-karums-kakiem-ar-lasi-4-x-14-g\/","url":"https:\/\/miumjau.ee\/lv\/produkts\/churu-karums-kakiem-ar-lasi-4-x-14-g\/","name":"Churu k\u0101rums ka\u0137iem ar lasi, 4 x 14 g - MiuMjau","isPartOf":{"@id":"https:\/\/miumjau.ee\/#website"},"primaryImageOfPage":{"@id":"https:\/\/miumjau.ee\/lv\/produkts\/churu-karums-kakiem-ar-lasi-4-x-14-g\/#primaryimage"},"image":{"@id":"https:\/\/miumjau.ee\/lv\/produkts\/churu-karums-kakiem-ar-lasi-4-x-14-g\/#primaryimage"},"thumbnailUrl":"https:\/\/miumjau.ee\/wp-content\/uploads\/2025\/04\/churu-maiused-kassidele3.webp","datePublished":"2025-04-09T17:09:44+00:00","dateModified":"2026-01-07T19:14:30+00:00","description":"Churu kr\u0113m\u012bg\u0101s k\u0101rums ir tik vilino\u0161s! Ka\u0137i v\u0113las izbaud\u012bt ar\u012b gar\u0161as baud\u012bjumu un dz\u012bvot pilnv\u0113rt\u012bgi! Ieg\u016bsti sava ka\u0137a sirdi!","breadcrumb":{"@id":"https:\/\/miumjau.ee\/lv\/produkts\/churu-karums-kakiem-ar-lasi-4-x-14-g\/#breadcrumb"},"inLanguage":"lv-LV","potentialAction":[{"@type":"ReadAction","target":["https:\/\/miumjau.ee\/lv\/produkts\/churu-karums-kakiem-ar-lasi-4-x-14-g\/"]}]},{"@type":"ImageObject","inLanguage":"lv-LV","@id":"https:\/\/miumjau.ee\/lv\/produkts\/churu-karums-kakiem-ar-lasi-4-x-14-g\/#primaryimage","url":"https:\/\/miumjau.ee\/wp-content\/uploads\/2025\/04\/churu-maiused-kassidele3.webp","contentUrl":"https:\/\/miumjau.ee\/wp-content\/uploads\/2025\/04\/churu-maiused-kassidele3.webp","width":600,"height":800},{"@type":"BreadcrumbList","@id":"https:\/\/miumjau.ee\/lv\/produkts\/churu-karums-kakiem-ar-lasi-4-x-14-g\/#breadcrumb","itemListElement":[{"@type":"ListItem","position":1,"name":"Home","item":"https:\/\/miumjau.ee\/lv\/"},{"@type":"ListItem","position":2,"name":"Veikals","item":"https:\/\/miumjau.ee\/lv\/veikals\/"},{"@type":"ListItem","position":3,"name":"Churu k\u0101rums ka\u0137iem ar lasi, 4 x 14 g"}]},{"@type":"WebSite","@id":"https:\/\/miumjau.ee\/#website","url":"https:\/\/miumjau.ee\/","name":"MiuMjau","description":"Kraapimispuud kassidele","publisher":{"@id":"https:\/\/miumjau.ee\/#organization"},"potentialAction":[{"@type":"SearchAction","target":{"@type":"EntryPoint","urlTemplate":"https:\/\/miumjau.ee\/?s={search_term_string}"},"query-input":{"@type":"PropertyValueSpecification","valueRequired":true,"valueName":"search_term_string"}}],"inLanguage":"lv-LV"},{"@type":"Organization","@id":"https:\/\/miumjau.ee\/#organization","name":"MiuMjau O\u00dc","url":"https:\/\/miumjau.ee\/","logo":{"@type":"ImageObject","inLanguage":"lv-LV","@id":"https:\/\/miumjau.ee\/#\/schema\/logo\/image\/","url":"https:\/\/miumjau.ee\/wp-content\/uploads\/2022\/04\/MiuMjau-logo-kollane.png","contentUrl":"https:\/\/miumjau.ee\/wp-content\/uploads\/2022\/04\/MiuMjau-logo-kollane.png","width":219,"height":100,"caption":"MiuMjau O\u00dc"},"image":{"@id":"https:\/\/miumjau.ee\/#\/schema\/logo\/image\/"},"sameAs":["https:\/\/www.facebook.com\/miumjaupood\/"]}]}},"_links":{"self":[{"href":"https:\/\/miumjau.ee\/lv\/wp-json\/wp\/v2\/product\/50280","targetHints":{"allow":["GET"]}}],"collection":[{"href":"https:\/\/miumjau.ee\/lv\/wp-json\/wp\/v2\/product"}],"about":[{"href":"https:\/\/miumjau.ee\/lv\/wp-json\/wp\/v2\/types\/product"}],"wp:featuredmedia":[{"embeddable":true,"href":"https:\/\/miumjau.ee\/lv\/wp-json\/wp\/v2\/media\/50281"}],"wp:attachment":[{"href":"https:\/\/miumjau.ee\/lv\/wp-json\/wp\/v2\/media?parent=50280"}],"wp:term":[{"taxonomy":"product_brand","embeddable":true,"href":"https:\/\/miumjau.ee\/lv\/wp-json\/wp\/v2\/product_brand?post=50280"},{"taxonomy":"product_cat","embeddable":true,"href":"https:\/\/miumjau.ee\/lv\/wp-json\/wp\/v2\/product_cat?post=50280"},{"taxonomy":"product_tag","embeddable":true,"href":"https:\/\/miumjau.ee\/lv\/wp-json\/wp\/v2\/product_tag?post=50280"}],"curies":[{"name":"wp","href":"https:\/\/api.w.org\/{rel}","templated":true}]}}