{"id":50272,"date":"2025-04-10T09:16:00","date_gmt":"2025-04-10T06:16:00","guid":{"rendered":"https:\/\/miumjau.ee\/toode\/ontario-mitra-bariba-kakiem-tunzivju-un-lasa-buljona-15-x-80-g\/"},"modified":"2026-01-07T21:14:37","modified_gmt":"2026-01-07T19:14:37","slug":"ontario-mitra-bariba-kakiem-tunzivju-un-lasa-buljona-15-x-80-g","status":"publish","type":"product","link":"https:\/\/miumjau.ee\/lv\/produkts\/ontario-mitra-bariba-kakiem-tunzivju-un-lasa-buljona-15-x-80-g\/","title":{"rendered":"Ontario mitr\u0101 bar\u012bba ka\u0137iem tunzivju un la\u0161a buljon\u0101, 15 x 80 g"},"content":{"rendered":"","protected":false},"excerpt":{"rendered":"<p>ONTARIO Tuna &amp; Salmon \u2013 mitr\u0101 bar\u012bba ka\u0137iem ar tunci un lasi buljon\u0101. Augst\u0101k\u0101 kvalit\u0101te. Papildbar\u012bba ka\u0137iem.<\/p>\n<p>\u2714 R\u016bp\u012bgi atlas\u012btas izejvielas<br \/>\n\u2714 T\u0113jas ekstrakts, kas veicina svaigu elpu<br \/>\n\u2714 Satur taur\u012bnu, kas atbalsta vesel\u012bgu sirdi un redzi<br \/>\n\u2714 Bag\u0101tin\u0101ta ar d\u0101rze\u0146iem (burk\u0101ni, kukur\u016bza, pupas) gremo\u0161anas atbalstam \u2013 \u0161\u0137iedrvielu avots<br \/>\n\u2714 Gar\u0161\u012bgs ga\u013cas buljons, kas pal\u012bdz uztur\u0113t ikdienas \u0161\u0137idruma uz\u0146em\u0161anu<br \/>\n\u2714 Nesatur m\u0101ksl\u012bg\u0101s kr\u0101svielas<br \/>\n\u2714 Bez glut\u0113na<\/p>\n<p><strong>Sast\u0101vs:<\/strong> ga\u013ca un dz\u012bvnieku izcelsmes produkti, zivis un zivju produkti 72,44% (<strong>tuncis 39,76%<\/strong>, <strong>vista 30,28%<\/strong>, <strong>lasis 2,4%<\/strong>), vistas buljons 25,712%, karageens 0,78%, s\u0101ls 0,4%, kvie\u0161u milti 0,24%, ciete 0,22%, glicer\u012bns 0,12%, taur\u012bns 0,08%, t\u0113jas ekstrakts 0,005%, vitam\u012bni (A, B2, B3, B5, D3, E, polidekstroze) 0,003%.<\/p>\n<p><strong>Anal\u012btisk\u0101s sast\u0101vda\u013cas:<\/strong> olbaltumvielas 12%, tauki 0,5%, \u0161\u0137iedrvielas 0,5%, pelni 1,5%, mitrums 87%.<\/p>\n<p><strong>Baro\u0161anas nor\u0101d\u012bjumi:<\/strong> Dienas deva atkar\u012bga no j\u016bsu ka\u0137a aktivit\u0101tes, vecuma un \u0161\u0137irnes.<\/p>\n<p>Piem\u0113rots ka\u0137\u0113niem no 4 m\u0113ne\u0161u vecuma.<\/p>\n<p>Lietot k\u0101 papildin\u0101jumu ka\u0137a parastajai di\u0113tai. Glab\u0101t saus\u0101 un v\u0113s\u0101 viet\u0101. P\u0113c atv\u0113r\u0161anas glab\u0101t ledusskap\u012b un izlietot 24 stundu laik\u0101. Produkts nav paredz\u0113ts cilv\u0113ku pat\u0113ri\u0146am. Nodro\u0161in\u0101t piek\u013cuvi svaigam dzeramajam \u016bdenim.<\/p>\n","protected":false},"featured_media":50274,"template":"","meta":[],"product_brand":[],"product_cat":[571],"product_tag":[],"class_list":{"0":"post-50272","1":"product","2":"type-product","3":"status-publish","4":"has-post-thumbnail","6":"product_cat-mitra-bariba","8":"first","9":"instock","10":"sale","11":"taxable","12":"shipping-taxable","13":"purchasable","14":"product-type-simple"},"yoast_head":"<!-- This site is optimized with the Yoast SEO plugin v27.2 - https:\/\/yoast.com\/product\/yoast-seo-wordpress\/ -->\n<title>Ontario mitr\u0101 bar\u012bba ka\u0137iem tunzivju un la\u0161a buljon\u0101, 15 x 80 g - MiuMjau<\/title>\n<meta name=\"description\" content=\"Ontario konserv\u0113tais \u0113diens ka\u0137iem ir bez graudiem, ar augstu ga\u013cas saturu un patie\u0161\u0101m gar\u0161\u012bgs. Bund\u017ei\u0146\u0101 ir \u012bsti ga\u013cas gabali\u0146i. Dab\u012bgs \u0113diens j\u016bsu ka\u0137im!\" \/>\n<meta name=\"robots\" content=\"index, follow, max-snippet:-1, max-image-preview:large, max-video-preview:-1\" \/>\n<link rel=\"canonical\" href=\"https:\/\/miumjau.ee\/lv\/produkts\/ontario-mitra-bariba-kakiem-tunzivju-un-lasa-buljona-15-x-80-g\/\" \/>\n<meta property=\"og:locale\" content=\"lv_LV\" \/>\n<meta property=\"og:type\" content=\"article\" \/>\n<meta property=\"og:title\" content=\"Ontario mitr\u0101 bar\u012bba ka\u0137iem tunzivju un la\u0161a buljon\u0101, 15 x 80 g - MiuMjau\" \/>\n<meta property=\"og:description\" content=\"Ontario konserv\u0113tais \u0113diens ka\u0137iem ir bez graudiem, ar augstu ga\u013cas saturu un patie\u0161\u0101m gar\u0161\u012bgs. Bund\u017ei\u0146\u0101 ir \u012bsti ga\u013cas gabali\u0146i. Dab\u012bgs \u0113diens j\u016bsu ka\u0137im!\" \/>\n<meta property=\"og:url\" content=\"https:\/\/miumjau.ee\/lv\/produkts\/ontario-mitra-bariba-kakiem-tunzivju-un-lasa-buljona-15-x-80-g\/\" \/>\n<meta property=\"og:site_name\" content=\"MiuMjau\" \/>\n<meta property=\"article:publisher\" content=\"https:\/\/www.facebook.com\/miumjaupood\/\" \/>\n<meta property=\"article:modified_time\" content=\"2026-01-07T19:14:37+00:00\" \/>\n<meta property=\"og:image\" content=\"https:\/\/miumjau.ee\/wp-content\/uploads\/2025\/04\/Ontario-margtoid-kassidele-filee2.webp\" \/>\n\t<meta property=\"og:image:width\" content=\"600\" \/>\n\t<meta property=\"og:image:height\" content=\"800\" \/>\n\t<meta property=\"og:image:type\" content=\"image\/webp\" \/>\n<meta name=\"twitter:card\" content=\"summary_large_image\" \/>\n<script type=\"application\/ld+json\" class=\"yoast-schema-graph\">{\"@context\":\"https:\/\/schema.org\",\"@graph\":[{\"@type\":\"WebPage\",\"@id\":\"https:\/\/miumjau.ee\/lv\/produkts\/ontario-mitra-bariba-kakiem-tunzivju-un-lasa-buljona-15-x-80-g\/\",\"url\":\"https:\/\/miumjau.ee\/lv\/produkts\/ontario-mitra-bariba-kakiem-tunzivju-un-lasa-buljona-15-x-80-g\/\",\"name\":\"Ontario mitr\u0101 bar\u012bba ka\u0137iem tunzivju un la\u0161a buljon\u0101, 15 x 80 g - MiuMjau\",\"isPartOf\":{\"@id\":\"https:\/\/miumjau.ee\/#website\"},\"primaryImageOfPage\":{\"@id\":\"https:\/\/miumjau.ee\/lv\/produkts\/ontario-mitra-bariba-kakiem-tunzivju-un-lasa-buljona-15-x-80-g\/#primaryimage\"},\"image\":{\"@id\":\"https:\/\/miumjau.ee\/lv\/produkts\/ontario-mitra-bariba-kakiem-tunzivju-un-lasa-buljona-15-x-80-g\/#primaryimage\"},\"thumbnailUrl\":\"https:\/\/miumjau.ee\/wp-content\/uploads\/2025\/04\/Ontario-margtoid-kassidele-filee2.webp\",\"datePublished\":\"2025-04-10T06:16:00+00:00\",\"dateModified\":\"2026-01-07T19:14:37+00:00\",\"description\":\"Ontario konserv\u0113tais \u0113diens ka\u0137iem ir bez graudiem, ar augstu ga\u013cas saturu un patie\u0161\u0101m gar\u0161\u012bgs. Bund\u017ei\u0146\u0101 ir \u012bsti ga\u013cas gabali\u0146i. Dab\u012bgs \u0113diens j\u016bsu ka\u0137im!\",\"breadcrumb\":{\"@id\":\"https:\/\/miumjau.ee\/lv\/produkts\/ontario-mitra-bariba-kakiem-tunzivju-un-lasa-buljona-15-x-80-g\/#breadcrumb\"},\"inLanguage\":\"lv-LV\",\"potentialAction\":[{\"@type\":\"ReadAction\",\"target\":[\"https:\/\/miumjau.ee\/lv\/produkts\/ontario-mitra-bariba-kakiem-tunzivju-un-lasa-buljona-15-x-80-g\/\"]}]},{\"@type\":\"ImageObject\",\"inLanguage\":\"lv-LV\",\"@id\":\"https:\/\/miumjau.ee\/lv\/produkts\/ontario-mitra-bariba-kakiem-tunzivju-un-lasa-buljona-15-x-80-g\/#primaryimage\",\"url\":\"https:\/\/miumjau.ee\/wp-content\/uploads\/2025\/04\/Ontario-margtoid-kassidele-filee2.webp\",\"contentUrl\":\"https:\/\/miumjau.ee\/wp-content\/uploads\/2025\/04\/Ontario-margtoid-kassidele-filee2.webp\",\"width\":600,\"height\":800},{\"@type\":\"BreadcrumbList\",\"@id\":\"https:\/\/miumjau.ee\/lv\/produkts\/ontario-mitra-bariba-kakiem-tunzivju-un-lasa-buljona-15-x-80-g\/#breadcrumb\",\"itemListElement\":[{\"@type\":\"ListItem\",\"position\":1,\"name\":\"Home\",\"item\":\"https:\/\/miumjau.ee\/lv\/\"},{\"@type\":\"ListItem\",\"position\":2,\"name\":\"Veikals\",\"item\":\"https:\/\/miumjau.ee\/lv\/veikals\/\"},{\"@type\":\"ListItem\",\"position\":3,\"name\":\"Ontario mitr\u0101 bar\u012bba ka\u0137iem tunzivju un la\u0161a buljon\u0101, 15 x 80 g\"}]},{\"@type\":\"WebSite\",\"@id\":\"https:\/\/miumjau.ee\/#website\",\"url\":\"https:\/\/miumjau.ee\/\",\"name\":\"MiuMjau\",\"description\":\"Kraapimispuud kassidele\",\"publisher\":{\"@id\":\"https:\/\/miumjau.ee\/#organization\"},\"potentialAction\":[{\"@type\":\"SearchAction\",\"target\":{\"@type\":\"EntryPoint\",\"urlTemplate\":\"https:\/\/miumjau.ee\/?s={search_term_string}\"},\"query-input\":{\"@type\":\"PropertyValueSpecification\",\"valueRequired\":true,\"valueName\":\"search_term_string\"}}],\"inLanguage\":\"lv-LV\"},{\"@type\":\"Organization\",\"@id\":\"https:\/\/miumjau.ee\/#organization\",\"name\":\"MiuMjau O\u00dc\",\"url\":\"https:\/\/miumjau.ee\/\",\"logo\":{\"@type\":\"ImageObject\",\"inLanguage\":\"lv-LV\",\"@id\":\"https:\/\/miumjau.ee\/#\/schema\/logo\/image\/\",\"url\":\"https:\/\/miumjau.ee\/wp-content\/uploads\/2022\/04\/MiuMjau-logo-kollane.png\",\"contentUrl\":\"https:\/\/miumjau.ee\/wp-content\/uploads\/2022\/04\/MiuMjau-logo-kollane.png\",\"width\":219,\"height\":100,\"caption\":\"MiuMjau O\u00dc\"},\"image\":{\"@id\":\"https:\/\/miumjau.ee\/#\/schema\/logo\/image\/\"},\"sameAs\":[\"https:\/\/www.facebook.com\/miumjaupood\/\"]}]}<\/script>\n<!-- \/ Yoast SEO plugin. -->","yoast_head_json":{"title":"Ontario mitr\u0101 bar\u012bba ka\u0137iem tunzivju un la\u0161a buljon\u0101, 15 x 80 g - MiuMjau","description":"Ontario konserv\u0113tais \u0113diens ka\u0137iem ir bez graudiem, ar augstu ga\u013cas saturu un patie\u0161\u0101m gar\u0161\u012bgs. Bund\u017ei\u0146\u0101 ir \u012bsti ga\u013cas gabali\u0146i. Dab\u012bgs \u0113diens j\u016bsu ka\u0137im!","robots":{"index":"index","follow":"follow","max-snippet":"max-snippet:-1","max-image-preview":"max-image-preview:large","max-video-preview":"max-video-preview:-1"},"canonical":"https:\/\/miumjau.ee\/lv\/produkts\/ontario-mitra-bariba-kakiem-tunzivju-un-lasa-buljona-15-x-80-g\/","og_locale":"lv_LV","og_type":"article","og_title":"Ontario mitr\u0101 bar\u012bba ka\u0137iem tunzivju un la\u0161a buljon\u0101, 15 x 80 g - MiuMjau","og_description":"Ontario konserv\u0113tais \u0113diens ka\u0137iem ir bez graudiem, ar augstu ga\u013cas saturu un patie\u0161\u0101m gar\u0161\u012bgs. Bund\u017ei\u0146\u0101 ir \u012bsti ga\u013cas gabali\u0146i. Dab\u012bgs \u0113diens j\u016bsu ka\u0137im!","og_url":"https:\/\/miumjau.ee\/lv\/produkts\/ontario-mitra-bariba-kakiem-tunzivju-un-lasa-buljona-15-x-80-g\/","og_site_name":"MiuMjau","article_publisher":"https:\/\/www.facebook.com\/miumjaupood\/","article_modified_time":"2026-01-07T19:14:37+00:00","og_image":[{"width":600,"height":800,"url":"https:\/\/miumjau.ee\/wp-content\/uploads\/2025\/04\/Ontario-margtoid-kassidele-filee2.webp","type":"image\/webp"}],"twitter_card":"summary_large_image","schema":{"@context":"https:\/\/schema.org","@graph":[{"@type":"WebPage","@id":"https:\/\/miumjau.ee\/lv\/produkts\/ontario-mitra-bariba-kakiem-tunzivju-un-lasa-buljona-15-x-80-g\/","url":"https:\/\/miumjau.ee\/lv\/produkts\/ontario-mitra-bariba-kakiem-tunzivju-un-lasa-buljona-15-x-80-g\/","name":"Ontario mitr\u0101 bar\u012bba ka\u0137iem tunzivju un la\u0161a buljon\u0101, 15 x 80 g - MiuMjau","isPartOf":{"@id":"https:\/\/miumjau.ee\/#website"},"primaryImageOfPage":{"@id":"https:\/\/miumjau.ee\/lv\/produkts\/ontario-mitra-bariba-kakiem-tunzivju-un-lasa-buljona-15-x-80-g\/#primaryimage"},"image":{"@id":"https:\/\/miumjau.ee\/lv\/produkts\/ontario-mitra-bariba-kakiem-tunzivju-un-lasa-buljona-15-x-80-g\/#primaryimage"},"thumbnailUrl":"https:\/\/miumjau.ee\/wp-content\/uploads\/2025\/04\/Ontario-margtoid-kassidele-filee2.webp","datePublished":"2025-04-10T06:16:00+00:00","dateModified":"2026-01-07T19:14:37+00:00","description":"Ontario konserv\u0113tais \u0113diens ka\u0137iem ir bez graudiem, ar augstu ga\u013cas saturu un patie\u0161\u0101m gar\u0161\u012bgs. Bund\u017ei\u0146\u0101 ir \u012bsti ga\u013cas gabali\u0146i. Dab\u012bgs \u0113diens j\u016bsu ka\u0137im!","breadcrumb":{"@id":"https:\/\/miumjau.ee\/lv\/produkts\/ontario-mitra-bariba-kakiem-tunzivju-un-lasa-buljona-15-x-80-g\/#breadcrumb"},"inLanguage":"lv-LV","potentialAction":[{"@type":"ReadAction","target":["https:\/\/miumjau.ee\/lv\/produkts\/ontario-mitra-bariba-kakiem-tunzivju-un-lasa-buljona-15-x-80-g\/"]}]},{"@type":"ImageObject","inLanguage":"lv-LV","@id":"https:\/\/miumjau.ee\/lv\/produkts\/ontario-mitra-bariba-kakiem-tunzivju-un-lasa-buljona-15-x-80-g\/#primaryimage","url":"https:\/\/miumjau.ee\/wp-content\/uploads\/2025\/04\/Ontario-margtoid-kassidele-filee2.webp","contentUrl":"https:\/\/miumjau.ee\/wp-content\/uploads\/2025\/04\/Ontario-margtoid-kassidele-filee2.webp","width":600,"height":800},{"@type":"BreadcrumbList","@id":"https:\/\/miumjau.ee\/lv\/produkts\/ontario-mitra-bariba-kakiem-tunzivju-un-lasa-buljona-15-x-80-g\/#breadcrumb","itemListElement":[{"@type":"ListItem","position":1,"name":"Home","item":"https:\/\/miumjau.ee\/lv\/"},{"@type":"ListItem","position":2,"name":"Veikals","item":"https:\/\/miumjau.ee\/lv\/veikals\/"},{"@type":"ListItem","position":3,"name":"Ontario mitr\u0101 bar\u012bba ka\u0137iem tunzivju un la\u0161a buljon\u0101, 15 x 80 g"}]},{"@type":"WebSite","@id":"https:\/\/miumjau.ee\/#website","url":"https:\/\/miumjau.ee\/","name":"MiuMjau","description":"Kraapimispuud kassidele","publisher":{"@id":"https:\/\/miumjau.ee\/#organization"},"potentialAction":[{"@type":"SearchAction","target":{"@type":"EntryPoint","urlTemplate":"https:\/\/miumjau.ee\/?s={search_term_string}"},"query-input":{"@type":"PropertyValueSpecification","valueRequired":true,"valueName":"search_term_string"}}],"inLanguage":"lv-LV"},{"@type":"Organization","@id":"https:\/\/miumjau.ee\/#organization","name":"MiuMjau O\u00dc","url":"https:\/\/miumjau.ee\/","logo":{"@type":"ImageObject","inLanguage":"lv-LV","@id":"https:\/\/miumjau.ee\/#\/schema\/logo\/image\/","url":"https:\/\/miumjau.ee\/wp-content\/uploads\/2022\/04\/MiuMjau-logo-kollane.png","contentUrl":"https:\/\/miumjau.ee\/wp-content\/uploads\/2022\/04\/MiuMjau-logo-kollane.png","width":219,"height":100,"caption":"MiuMjau O\u00dc"},"image":{"@id":"https:\/\/miumjau.ee\/#\/schema\/logo\/image\/"},"sameAs":["https:\/\/www.facebook.com\/miumjaupood\/"]}]}},"_links":{"self":[{"href":"https:\/\/miumjau.ee\/lv\/wp-json\/wp\/v2\/product\/50272","targetHints":{"allow":["GET"]}}],"collection":[{"href":"https:\/\/miumjau.ee\/lv\/wp-json\/wp\/v2\/product"}],"about":[{"href":"https:\/\/miumjau.ee\/lv\/wp-json\/wp\/v2\/types\/product"}],"wp:featuredmedia":[{"embeddable":true,"href":"https:\/\/miumjau.ee\/lv\/wp-json\/wp\/v2\/media\/50274"}],"wp:attachment":[{"href":"https:\/\/miumjau.ee\/lv\/wp-json\/wp\/v2\/media?parent=50272"}],"wp:term":[{"taxonomy":"product_brand","embeddable":true,"href":"https:\/\/miumjau.ee\/lv\/wp-json\/wp\/v2\/product_brand?post=50272"},{"taxonomy":"product_cat","embeddable":true,"href":"https:\/\/miumjau.ee\/lv\/wp-json\/wp\/v2\/product_cat?post=50272"},{"taxonomy":"product_tag","embeddable":true,"href":"https:\/\/miumjau.ee\/lv\/wp-json\/wp\/v2\/product_tag?post=50272"}],"curies":[{"name":"wp","href":"https:\/\/api.w.org\/{rel}","templated":true}]}}