{"id":50268,"date":"2025-04-13T08:33:04","date_gmt":"2025-04-13T05:33:04","guid":{"rendered":"https:\/\/miumjau.ee\/toode\/ontario-herb-mitra-bariba-kakeniem-ar-zalo-vistu-un-aknu-garsu-18-x-80-g\/"},"modified":"2026-01-07T21:14:37","modified_gmt":"2026-01-07T19:14:37","slug":"ontario-herb-mitra-bariba-kakeniem-ar-zalo-vistu-un-aknu-garsu-18-x-80-g","status":"publish","type":"product","link":"https:\/\/miumjau.ee\/lv\/produkts\/ontario-herb-mitra-bariba-kakeniem-ar-zalo-vistu-un-aknu-garsu-18-x-80-g\/","title":{"rendered":"Ontario Herb mitr\u0101 bar\u012bba ka\u0137\u0113niem ar za\u013co vistu un aknu gar\u0161u, 18 x 80 g"},"content":{"rendered":"","protected":false},"excerpt":{"rendered":"<p>Papildbar\u012bba ka\u0137\u0113niem no 1. dz\u012bves m\u0113ne\u0161a. Gar\u0161\u012bgi vistas gabali\u0146i ar akn\u0101m un saldajiem kartupe\u013ciem gard\u0101 m\u0113rc\u0113, kas veicina \u0161\u0137idruma uz\u0146em\u0161anu. Ide\u0101ls \u0113diens augo\u0161iem ka\u0137\u0113niem, nodro\u0161inot barojo\u0161as sast\u0101vda\u013cas vesel\u012bgai att\u012bst\u012bbai un dz\u012bvotsp\u0113jai. Dabisks un r\u016bp\u012bgi sabalans\u0113ts receptes sast\u0101vs garant\u0113 labu startu dz\u012bvei.<\/p>\n<p>\u2714 Dabisks sast\u0101vs \u2013 42% vistas, vistas aknas, saldie kartupe\u013ci, dz\u0113rvenes un r\u012bsi.<br \/>\n\u2714 Vesel\u012bgi gar\u0161augi \u2013 rozmar\u012bns atbalsta gremo\u0161anu un darbojas k\u0101 dab\u012bgs antioksidants.<br \/>\n\u2714 Super\u0113diens dz\u0113rvenes \u2013 bag\u0101ts antioksidantu un vitam\u012bnu avots.<br \/>\n\u2714 Bez m\u0101ksl\u012bg\u0101m piedev\u0101m \u2013 nesatur kr\u0101svielas, konservantus vai liekas piedevas.<br \/>\n\u2714 Daudzveid\u012bga lieto\u0161ana \u2013 ide\u0101li piem\u0113rots k\u0101 uzkoda vai papildin\u0101jums sausajai bar\u012bbai.<\/p>\n<p><strong>Sast\u0101vda\u013cas:<\/strong> 42% vistas, 5% vistas aknas, 2% saldie kartupe\u013ci, 1,2% dz\u0113rvenes, r\u012bsi, rozmar\u012bns u.c.<\/p>\n<p><strong>Anal\u012btisk\u0101s sast\u0101vda\u013cas:<\/strong> olbaltumvielas 9,5%, tauki 1%, \u0161\u0137iedrvielas 0,5%, pelni 2%, mitrums 86%.<\/p>\n<p><strong>Uzglab\u0101\u0161ana:<\/strong> Glab\u0101t saus\u0101 un v\u0113s\u0101 viet\u0101. P\u0113c atv\u0113r\u0161anas uzglab\u0101t ledusskap\u012b un izlietot 3 dienu laik\u0101. Nodro\u0161in\u0101t piek\u013cuvi svaigam \u016bdenim.<\/p>\n","protected":false},"featured_media":50269,"template":"","meta":[],"product_brand":[],"product_cat":[571],"product_tag":[],"class_list":{"0":"post-50268","1":"product","2":"type-product","3":"status-publish","4":"has-post-thumbnail","6":"product_cat-mitra-bariba","8":"first","9":"instock","10":"sale","11":"taxable","12":"shipping-taxable","13":"purchasable","14":"product-type-simple"},"yoast_head":"<!-- This site is optimized with the Yoast SEO plugin v27.2 - https:\/\/yoast.com\/product\/yoast-seo-wordpress\/ -->\n<title>Ontario Herb mitr\u0101 bar\u012bba ka\u0137\u0113niem ar za\u013co vistu un aknu gar\u0161u, 18 x 80 g - MiuMjau<\/title>\n<meta name=\"description\" content=\"Ontario konserv\u0113tais \u0113diens ka\u0137iem ir bez graudiem, ar augstu ga\u013cas saturu un patie\u0161\u0101m gar\u0161\u012bgs. Bund\u017ei\u0146\u0101 ir \u012bsti ga\u013cas gabali\u0146i. Dab\u012bgs \u0113diens j\u016bsu ka\u0137im!\" \/>\n<meta name=\"robots\" content=\"index, follow, max-snippet:-1, max-image-preview:large, max-video-preview:-1\" \/>\n<link rel=\"canonical\" href=\"https:\/\/miumjau.ee\/lv\/produkts\/ontario-herb-mitra-bariba-kakeniem-ar-zalo-vistu-un-aknu-garsu-18-x-80-g\/\" \/>\n<meta property=\"og:locale\" content=\"lv_LV\" \/>\n<meta property=\"og:type\" content=\"article\" \/>\n<meta property=\"og:title\" content=\"Ontario Herb mitr\u0101 bar\u012bba ka\u0137\u0113niem ar za\u013co vistu un aknu gar\u0161u, 18 x 80 g - MiuMjau\" \/>\n<meta property=\"og:description\" content=\"Ontario konserv\u0113tais \u0113diens ka\u0137iem ir bez graudiem, ar augstu ga\u013cas saturu un patie\u0161\u0101m gar\u0161\u012bgs. Bund\u017ei\u0146\u0101 ir \u012bsti ga\u013cas gabali\u0146i. Dab\u012bgs \u0113diens j\u016bsu ka\u0137im!\" \/>\n<meta property=\"og:url\" content=\"https:\/\/miumjau.ee\/lv\/produkts\/ontario-herb-mitra-bariba-kakeniem-ar-zalo-vistu-un-aknu-garsu-18-x-80-g\/\" \/>\n<meta property=\"og:site_name\" content=\"MiuMjau\" \/>\n<meta property=\"article:publisher\" content=\"https:\/\/www.facebook.com\/miumjaupood\/\" \/>\n<meta property=\"article:modified_time\" content=\"2026-01-07T19:14:37+00:00\" \/>\n<meta property=\"og:image\" content=\"https:\/\/miumjau.ee\/wp-content\/uploads\/2025\/04\/ontario-herb-kassitoit-box3.webp\" \/>\n\t<meta property=\"og:image:width\" content=\"600\" \/>\n\t<meta property=\"og:image:height\" content=\"800\" \/>\n\t<meta property=\"og:image:type\" content=\"image\/webp\" \/>\n<meta name=\"twitter:card\" content=\"summary_large_image\" \/>\n<script type=\"application\/ld+json\" class=\"yoast-schema-graph\">{\"@context\":\"https:\/\/schema.org\",\"@graph\":[{\"@type\":\"WebPage\",\"@id\":\"https:\/\/miumjau.ee\/lv\/produkts\/ontario-herb-mitra-bariba-kakeniem-ar-zalo-vistu-un-aknu-garsu-18-x-80-g\/\",\"url\":\"https:\/\/miumjau.ee\/lv\/produkts\/ontario-herb-mitra-bariba-kakeniem-ar-zalo-vistu-un-aknu-garsu-18-x-80-g\/\",\"name\":\"Ontario Herb mitr\u0101 bar\u012bba ka\u0137\u0113niem ar za\u013co vistu un aknu gar\u0161u, 18 x 80 g - MiuMjau\",\"isPartOf\":{\"@id\":\"https:\/\/miumjau.ee\/#website\"},\"primaryImageOfPage\":{\"@id\":\"https:\/\/miumjau.ee\/lv\/produkts\/ontario-herb-mitra-bariba-kakeniem-ar-zalo-vistu-un-aknu-garsu-18-x-80-g\/#primaryimage\"},\"image\":{\"@id\":\"https:\/\/miumjau.ee\/lv\/produkts\/ontario-herb-mitra-bariba-kakeniem-ar-zalo-vistu-un-aknu-garsu-18-x-80-g\/#primaryimage\"},\"thumbnailUrl\":\"https:\/\/miumjau.ee\/wp-content\/uploads\/2025\/04\/ontario-herb-kassitoit-box3.webp\",\"datePublished\":\"2025-04-13T05:33:04+00:00\",\"dateModified\":\"2026-01-07T19:14:37+00:00\",\"description\":\"Ontario konserv\u0113tais \u0113diens ka\u0137iem ir bez graudiem, ar augstu ga\u013cas saturu un patie\u0161\u0101m gar\u0161\u012bgs. Bund\u017ei\u0146\u0101 ir \u012bsti ga\u013cas gabali\u0146i. Dab\u012bgs \u0113diens j\u016bsu ka\u0137im!\",\"breadcrumb\":{\"@id\":\"https:\/\/miumjau.ee\/lv\/produkts\/ontario-herb-mitra-bariba-kakeniem-ar-zalo-vistu-un-aknu-garsu-18-x-80-g\/#breadcrumb\"},\"inLanguage\":\"lv-LV\",\"potentialAction\":[{\"@type\":\"ReadAction\",\"target\":[\"https:\/\/miumjau.ee\/lv\/produkts\/ontario-herb-mitra-bariba-kakeniem-ar-zalo-vistu-un-aknu-garsu-18-x-80-g\/\"]}]},{\"@type\":\"ImageObject\",\"inLanguage\":\"lv-LV\",\"@id\":\"https:\/\/miumjau.ee\/lv\/produkts\/ontario-herb-mitra-bariba-kakeniem-ar-zalo-vistu-un-aknu-garsu-18-x-80-g\/#primaryimage\",\"url\":\"https:\/\/miumjau.ee\/wp-content\/uploads\/2025\/04\/ontario-herb-kassitoit-box3.webp\",\"contentUrl\":\"https:\/\/miumjau.ee\/wp-content\/uploads\/2025\/04\/ontario-herb-kassitoit-box3.webp\",\"width\":600,\"height\":800},{\"@type\":\"BreadcrumbList\",\"@id\":\"https:\/\/miumjau.ee\/lv\/produkts\/ontario-herb-mitra-bariba-kakeniem-ar-zalo-vistu-un-aknu-garsu-18-x-80-g\/#breadcrumb\",\"itemListElement\":[{\"@type\":\"ListItem\",\"position\":1,\"name\":\"Home\",\"item\":\"https:\/\/miumjau.ee\/lv\/\"},{\"@type\":\"ListItem\",\"position\":2,\"name\":\"Veikals\",\"item\":\"https:\/\/miumjau.ee\/lv\/veikals\/\"},{\"@type\":\"ListItem\",\"position\":3,\"name\":\"Ontario Herb mitr\u0101 bar\u012bba ka\u0137\u0113niem ar za\u013co vistu un aknu gar\u0161u, 18 x 80 g\"}]},{\"@type\":\"WebSite\",\"@id\":\"https:\/\/miumjau.ee\/#website\",\"url\":\"https:\/\/miumjau.ee\/\",\"name\":\"MiuMjau\",\"description\":\"Kraapimispuud kassidele\",\"publisher\":{\"@id\":\"https:\/\/miumjau.ee\/#organization\"},\"potentialAction\":[{\"@type\":\"SearchAction\",\"target\":{\"@type\":\"EntryPoint\",\"urlTemplate\":\"https:\/\/miumjau.ee\/?s={search_term_string}\"},\"query-input\":{\"@type\":\"PropertyValueSpecification\",\"valueRequired\":true,\"valueName\":\"search_term_string\"}}],\"inLanguage\":\"lv-LV\"},{\"@type\":\"Organization\",\"@id\":\"https:\/\/miumjau.ee\/#organization\",\"name\":\"MiuMjau O\u00dc\",\"url\":\"https:\/\/miumjau.ee\/\",\"logo\":{\"@type\":\"ImageObject\",\"inLanguage\":\"lv-LV\",\"@id\":\"https:\/\/miumjau.ee\/#\/schema\/logo\/image\/\",\"url\":\"https:\/\/miumjau.ee\/wp-content\/uploads\/2022\/04\/MiuMjau-logo-kollane.png\",\"contentUrl\":\"https:\/\/miumjau.ee\/wp-content\/uploads\/2022\/04\/MiuMjau-logo-kollane.png\",\"width\":219,\"height\":100,\"caption\":\"MiuMjau O\u00dc\"},\"image\":{\"@id\":\"https:\/\/miumjau.ee\/#\/schema\/logo\/image\/\"},\"sameAs\":[\"https:\/\/www.facebook.com\/miumjaupood\/\"]}]}<\/script>\n<!-- \/ Yoast SEO plugin. -->","yoast_head_json":{"title":"Ontario Herb mitr\u0101 bar\u012bba ka\u0137\u0113niem ar za\u013co vistu un aknu gar\u0161u, 18 x 80 g - MiuMjau","description":"Ontario konserv\u0113tais \u0113diens ka\u0137iem ir bez graudiem, ar augstu ga\u013cas saturu un patie\u0161\u0101m gar\u0161\u012bgs. Bund\u017ei\u0146\u0101 ir \u012bsti ga\u013cas gabali\u0146i. Dab\u012bgs \u0113diens j\u016bsu ka\u0137im!","robots":{"index":"index","follow":"follow","max-snippet":"max-snippet:-1","max-image-preview":"max-image-preview:large","max-video-preview":"max-video-preview:-1"},"canonical":"https:\/\/miumjau.ee\/lv\/produkts\/ontario-herb-mitra-bariba-kakeniem-ar-zalo-vistu-un-aknu-garsu-18-x-80-g\/","og_locale":"lv_LV","og_type":"article","og_title":"Ontario Herb mitr\u0101 bar\u012bba ka\u0137\u0113niem ar za\u013co vistu un aknu gar\u0161u, 18 x 80 g - MiuMjau","og_description":"Ontario konserv\u0113tais \u0113diens ka\u0137iem ir bez graudiem, ar augstu ga\u013cas saturu un patie\u0161\u0101m gar\u0161\u012bgs. Bund\u017ei\u0146\u0101 ir \u012bsti ga\u013cas gabali\u0146i. Dab\u012bgs \u0113diens j\u016bsu ka\u0137im!","og_url":"https:\/\/miumjau.ee\/lv\/produkts\/ontario-herb-mitra-bariba-kakeniem-ar-zalo-vistu-un-aknu-garsu-18-x-80-g\/","og_site_name":"MiuMjau","article_publisher":"https:\/\/www.facebook.com\/miumjaupood\/","article_modified_time":"2026-01-07T19:14:37+00:00","og_image":[{"width":600,"height":800,"url":"https:\/\/miumjau.ee\/wp-content\/uploads\/2025\/04\/ontario-herb-kassitoit-box3.webp","type":"image\/webp"}],"twitter_card":"summary_large_image","schema":{"@context":"https:\/\/schema.org","@graph":[{"@type":"WebPage","@id":"https:\/\/miumjau.ee\/lv\/produkts\/ontario-herb-mitra-bariba-kakeniem-ar-zalo-vistu-un-aknu-garsu-18-x-80-g\/","url":"https:\/\/miumjau.ee\/lv\/produkts\/ontario-herb-mitra-bariba-kakeniem-ar-zalo-vistu-un-aknu-garsu-18-x-80-g\/","name":"Ontario Herb mitr\u0101 bar\u012bba ka\u0137\u0113niem ar za\u013co vistu un aknu gar\u0161u, 18 x 80 g - MiuMjau","isPartOf":{"@id":"https:\/\/miumjau.ee\/#website"},"primaryImageOfPage":{"@id":"https:\/\/miumjau.ee\/lv\/produkts\/ontario-herb-mitra-bariba-kakeniem-ar-zalo-vistu-un-aknu-garsu-18-x-80-g\/#primaryimage"},"image":{"@id":"https:\/\/miumjau.ee\/lv\/produkts\/ontario-herb-mitra-bariba-kakeniem-ar-zalo-vistu-un-aknu-garsu-18-x-80-g\/#primaryimage"},"thumbnailUrl":"https:\/\/miumjau.ee\/wp-content\/uploads\/2025\/04\/ontario-herb-kassitoit-box3.webp","datePublished":"2025-04-13T05:33:04+00:00","dateModified":"2026-01-07T19:14:37+00:00","description":"Ontario konserv\u0113tais \u0113diens ka\u0137iem ir bez graudiem, ar augstu ga\u013cas saturu un patie\u0161\u0101m gar\u0161\u012bgs. Bund\u017ei\u0146\u0101 ir \u012bsti ga\u013cas gabali\u0146i. Dab\u012bgs \u0113diens j\u016bsu ka\u0137im!","breadcrumb":{"@id":"https:\/\/miumjau.ee\/lv\/produkts\/ontario-herb-mitra-bariba-kakeniem-ar-zalo-vistu-un-aknu-garsu-18-x-80-g\/#breadcrumb"},"inLanguage":"lv-LV","potentialAction":[{"@type":"ReadAction","target":["https:\/\/miumjau.ee\/lv\/produkts\/ontario-herb-mitra-bariba-kakeniem-ar-zalo-vistu-un-aknu-garsu-18-x-80-g\/"]}]},{"@type":"ImageObject","inLanguage":"lv-LV","@id":"https:\/\/miumjau.ee\/lv\/produkts\/ontario-herb-mitra-bariba-kakeniem-ar-zalo-vistu-un-aknu-garsu-18-x-80-g\/#primaryimage","url":"https:\/\/miumjau.ee\/wp-content\/uploads\/2025\/04\/ontario-herb-kassitoit-box3.webp","contentUrl":"https:\/\/miumjau.ee\/wp-content\/uploads\/2025\/04\/ontario-herb-kassitoit-box3.webp","width":600,"height":800},{"@type":"BreadcrumbList","@id":"https:\/\/miumjau.ee\/lv\/produkts\/ontario-herb-mitra-bariba-kakeniem-ar-zalo-vistu-un-aknu-garsu-18-x-80-g\/#breadcrumb","itemListElement":[{"@type":"ListItem","position":1,"name":"Home","item":"https:\/\/miumjau.ee\/lv\/"},{"@type":"ListItem","position":2,"name":"Veikals","item":"https:\/\/miumjau.ee\/lv\/veikals\/"},{"@type":"ListItem","position":3,"name":"Ontario Herb mitr\u0101 bar\u012bba ka\u0137\u0113niem ar za\u013co vistu un aknu gar\u0161u, 18 x 80 g"}]},{"@type":"WebSite","@id":"https:\/\/miumjau.ee\/#website","url":"https:\/\/miumjau.ee\/","name":"MiuMjau","description":"Kraapimispuud kassidele","publisher":{"@id":"https:\/\/miumjau.ee\/#organization"},"potentialAction":[{"@type":"SearchAction","target":{"@type":"EntryPoint","urlTemplate":"https:\/\/miumjau.ee\/?s={search_term_string}"},"query-input":{"@type":"PropertyValueSpecification","valueRequired":true,"valueName":"search_term_string"}}],"inLanguage":"lv-LV"},{"@type":"Organization","@id":"https:\/\/miumjau.ee\/#organization","name":"MiuMjau O\u00dc","url":"https:\/\/miumjau.ee\/","logo":{"@type":"ImageObject","inLanguage":"lv-LV","@id":"https:\/\/miumjau.ee\/#\/schema\/logo\/image\/","url":"https:\/\/miumjau.ee\/wp-content\/uploads\/2022\/04\/MiuMjau-logo-kollane.png","contentUrl":"https:\/\/miumjau.ee\/wp-content\/uploads\/2022\/04\/MiuMjau-logo-kollane.png","width":219,"height":100,"caption":"MiuMjau O\u00dc"},"image":{"@id":"https:\/\/miumjau.ee\/#\/schema\/logo\/image\/"},"sameAs":["https:\/\/www.facebook.com\/miumjaupood\/"]}]}},"_links":{"self":[{"href":"https:\/\/miumjau.ee\/lv\/wp-json\/wp\/v2\/product\/50268","targetHints":{"allow":["GET"]}}],"collection":[{"href":"https:\/\/miumjau.ee\/lv\/wp-json\/wp\/v2\/product"}],"about":[{"href":"https:\/\/miumjau.ee\/lv\/wp-json\/wp\/v2\/types\/product"}],"wp:featuredmedia":[{"embeddable":true,"href":"https:\/\/miumjau.ee\/lv\/wp-json\/wp\/v2\/media\/50269"}],"wp:attachment":[{"href":"https:\/\/miumjau.ee\/lv\/wp-json\/wp\/v2\/media?parent=50268"}],"wp:term":[{"taxonomy":"product_brand","embeddable":true,"href":"https:\/\/miumjau.ee\/lv\/wp-json\/wp\/v2\/product_brand?post=50268"},{"taxonomy":"product_cat","embeddable":true,"href":"https:\/\/miumjau.ee\/lv\/wp-json\/wp\/v2\/product_cat?post=50268"},{"taxonomy":"product_tag","embeddable":true,"href":"https:\/\/miumjau.ee\/lv\/wp-json\/wp\/v2\/product_tag?post=50268"}],"curies":[{"name":"wp","href":"https:\/\/api.w.org\/{rel}","templated":true}]}}