{"id":50142,"date":"2025-04-22T13:34:53","date_gmt":"2025-04-22T10:34:53","guid":{"rendered":"https:\/\/miumjau.ee\/toode\/dogfest-strausa-galas-medaljoni-visiem-suniem-90g\/"},"modified":"2026-01-07T21:14:44","modified_gmt":"2026-01-07T19:14:44","slug":"dogfest-strausa-galas-medaljoni-visiem-suniem-90g","status":"publish","type":"product","link":"https:\/\/miumjau.ee\/lv\/produkts\/dogfest-strausa-galas-medaljoni-visiem-suniem-90g\/","title":{"rendered":"DogFest strausa ga\u013cas medaljoni visiem su\u0146iem, 90g"},"content":{"rendered":"","protected":false},"excerpt":{"rendered":"<p data-path-to-node=\"0\">\u013baujiet savam sunim nogar\u0161ot kaut ko jaunu un eksotisku. \u0160\u012b fantastisk\u0101 gar\u0161a vi\u0146am noteikti patiks. Maigos strausa ga\u013cas medaljonus vi\u0146\u0161 noteikti nov\u0113rt\u0113s \u013coti augstu.<\/p>\n<p data-path-to-node=\"1\"><b data-path-to-node=\"1\" data-index-in-node=\"0\">Sast\u0101vs:<\/b> p\u012bles ga\u013ca 50,3%, strausa ga\u013ca 30%, augu izcelsmes blakusprodukti, miner\u0101lvielas.<\/p>\n<p data-path-to-node=\"2\"><b data-path-to-node=\"2\" data-index-in-node=\"0\">Anal\u012btiskie komponenti:<\/b> kopprote\u012bns 28%, tauki 11%, kop\u0161\u0137iedra 11%, kope\u013cni 5%, mitrums 21%.<\/p>\n<p data-path-to-node=\"3\"><b data-path-to-node=\"3\" data-index-in-node=\"0\">Lieto\u0161ana:<\/b> Pasniegt dienas laik\u0101 k\u0101 k\u0101rumu. Maksimums 1\u20132 gab. dien\u0101. Daudzumu var piel\u0101got atkar\u012bb\u0101 no su\u0146a vajadz\u012bb\u0101m un st\u0101vok\u013ca. Vienm\u0113r j\u0101b\u016bt pieejamam svaigam dzeramajam \u016bdenim. Neatst\u0101jiet suni bez uzraudz\u012bbas ko\u0161\u013c\u0101\u0161anas laik\u0101 vai vienu pa\u0161u ar k\u0101rumu iepakojumu. Iepakojum\u0101 eso\u0161ais sk\u0101bek\u013ca absorbents nav \u0113dams. Uzglab\u0101t saus\u0101 un v\u0113s\u0101 viet\u0101, p\u0113c atv\u0113r\u0161anas glab\u0101t ledusskap\u012b.<\/p>\n","protected":false},"featured_media":50143,"template":"","meta":[],"product_brand":[],"product_cat":[576],"product_tag":[],"class_list":{"0":"post-50142","1":"product","2":"type-product","3":"status-publish","4":"has-post-thumbnail","6":"product_cat-naski-suniem","8":"first","9":"instock","10":"taxable","11":"shipping-taxable","12":"purchasable","13":"product-type-simple"},"yoast_head":"<!-- This site is optimized with the Yoast SEO plugin v27.2 - https:\/\/yoast.com\/product\/yoast-seo-wordpress\/ -->\n<title>DogFest strausa ga\u013cas medaljoni visiem su\u0146iem, 90g - MiuMjau<\/title>\n<meta name=\"description\" content=\"Dogfest z\u012bmols pied\u0101v\u0101 pla\u0161u gardu uzkodu kl\u0101stu gan ka\u0137iem, gan su\u0146iem. N\u0101ciet izm\u0113\u0123in\u0101t da\u017e\u0101das un atrodiet savu iecien\u012bt\u0101ko!\" \/>\n<meta name=\"robots\" content=\"index, follow, max-snippet:-1, max-image-preview:large, max-video-preview:-1\" \/>\n<link rel=\"canonical\" href=\"https:\/\/miumjau.ee\/lv\/produkts\/dogfest-strausa-galas-medaljoni-visiem-suniem-90g\/\" \/>\n<meta property=\"og:locale\" content=\"lv_LV\" \/>\n<meta property=\"og:type\" content=\"article\" \/>\n<meta property=\"og:title\" content=\"DogFest strausa ga\u013cas medaljoni visiem su\u0146iem, 90g - MiuMjau\" \/>\n<meta property=\"og:description\" content=\"Dogfest z\u012bmols pied\u0101v\u0101 pla\u0161u gardu uzkodu kl\u0101stu gan ka\u0137iem, gan su\u0146iem. N\u0101ciet izm\u0113\u0123in\u0101t da\u017e\u0101das un atrodiet savu iecien\u012bt\u0101ko!\" \/>\n<meta property=\"og:url\" content=\"https:\/\/miumjau.ee\/lv\/produkts\/dogfest-strausa-galas-medaljoni-visiem-suniem-90g\/\" \/>\n<meta property=\"og:site_name\" content=\"MiuMjau\" \/>\n<meta property=\"article:publisher\" content=\"https:\/\/www.facebook.com\/miumjaupood\/\" \/>\n<meta property=\"article:modified_time\" content=\"2026-01-07T19:14:44+00:00\" \/>\n<meta property=\"og:image\" content=\"https:\/\/miumjau.ee\/wp-content\/uploads\/2025\/04\/dofest-maiused-koertele57.webp\" \/>\n\t<meta property=\"og:image:width\" content=\"600\" \/>\n\t<meta property=\"og:image:height\" content=\"800\" \/>\n\t<meta property=\"og:image:type\" content=\"image\/webp\" \/>\n<meta name=\"twitter:card\" content=\"summary_large_image\" \/>\n<script type=\"application\/ld+json\" class=\"yoast-schema-graph\">{\"@context\":\"https:\/\/schema.org\",\"@graph\":[{\"@type\":\"WebPage\",\"@id\":\"https:\/\/miumjau.ee\/lv\/produkts\/dogfest-strausa-galas-medaljoni-visiem-suniem-90g\/\",\"url\":\"https:\/\/miumjau.ee\/lv\/produkts\/dogfest-strausa-galas-medaljoni-visiem-suniem-90g\/\",\"name\":\"DogFest strausa ga\u013cas medaljoni visiem su\u0146iem, 90g - MiuMjau\",\"isPartOf\":{\"@id\":\"https:\/\/miumjau.ee\/#website\"},\"primaryImageOfPage\":{\"@id\":\"https:\/\/miumjau.ee\/lv\/produkts\/dogfest-strausa-galas-medaljoni-visiem-suniem-90g\/#primaryimage\"},\"image\":{\"@id\":\"https:\/\/miumjau.ee\/lv\/produkts\/dogfest-strausa-galas-medaljoni-visiem-suniem-90g\/#primaryimage\"},\"thumbnailUrl\":\"https:\/\/miumjau.ee\/wp-content\/uploads\/2025\/04\/dofest-maiused-koertele57.webp\",\"datePublished\":\"2025-04-22T10:34:53+00:00\",\"dateModified\":\"2026-01-07T19:14:44+00:00\",\"description\":\"Dogfest z\u012bmols pied\u0101v\u0101 pla\u0161u gardu uzkodu kl\u0101stu gan ka\u0137iem, gan su\u0146iem. N\u0101ciet izm\u0113\u0123in\u0101t da\u017e\u0101das un atrodiet savu iecien\u012bt\u0101ko!\",\"breadcrumb\":{\"@id\":\"https:\/\/miumjau.ee\/lv\/produkts\/dogfest-strausa-galas-medaljoni-visiem-suniem-90g\/#breadcrumb\"},\"inLanguage\":\"lv-LV\",\"potentialAction\":[{\"@type\":\"ReadAction\",\"target\":[\"https:\/\/miumjau.ee\/lv\/produkts\/dogfest-strausa-galas-medaljoni-visiem-suniem-90g\/\"]}]},{\"@type\":\"ImageObject\",\"inLanguage\":\"lv-LV\",\"@id\":\"https:\/\/miumjau.ee\/lv\/produkts\/dogfest-strausa-galas-medaljoni-visiem-suniem-90g\/#primaryimage\",\"url\":\"https:\/\/miumjau.ee\/wp-content\/uploads\/2025\/04\/dofest-maiused-koertele57.webp\",\"contentUrl\":\"https:\/\/miumjau.ee\/wp-content\/uploads\/2025\/04\/dofest-maiused-koertele57.webp\",\"width\":600,\"height\":800},{\"@type\":\"BreadcrumbList\",\"@id\":\"https:\/\/miumjau.ee\/lv\/produkts\/dogfest-strausa-galas-medaljoni-visiem-suniem-90g\/#breadcrumb\",\"itemListElement\":[{\"@type\":\"ListItem\",\"position\":1,\"name\":\"Home\",\"item\":\"https:\/\/miumjau.ee\/lv\/\"},{\"@type\":\"ListItem\",\"position\":2,\"name\":\"Veikals\",\"item\":\"https:\/\/miumjau.ee\/lv\/veikals\/\"},{\"@type\":\"ListItem\",\"position\":3,\"name\":\"DogFest strausa ga\u013cas medaljoni visiem su\u0146iem, 90g\"}]},{\"@type\":\"WebSite\",\"@id\":\"https:\/\/miumjau.ee\/#website\",\"url\":\"https:\/\/miumjau.ee\/\",\"name\":\"MiuMjau\",\"description\":\"Kraapimispuud kassidele\",\"publisher\":{\"@id\":\"https:\/\/miumjau.ee\/#organization\"},\"potentialAction\":[{\"@type\":\"SearchAction\",\"target\":{\"@type\":\"EntryPoint\",\"urlTemplate\":\"https:\/\/miumjau.ee\/?s={search_term_string}\"},\"query-input\":{\"@type\":\"PropertyValueSpecification\",\"valueRequired\":true,\"valueName\":\"search_term_string\"}}],\"inLanguage\":\"lv-LV\"},{\"@type\":\"Organization\",\"@id\":\"https:\/\/miumjau.ee\/#organization\",\"name\":\"MiuMjau O\u00dc\",\"url\":\"https:\/\/miumjau.ee\/\",\"logo\":{\"@type\":\"ImageObject\",\"inLanguage\":\"lv-LV\",\"@id\":\"https:\/\/miumjau.ee\/#\/schema\/logo\/image\/\",\"url\":\"https:\/\/miumjau.ee\/wp-content\/uploads\/2022\/04\/MiuMjau-logo-kollane.png\",\"contentUrl\":\"https:\/\/miumjau.ee\/wp-content\/uploads\/2022\/04\/MiuMjau-logo-kollane.png\",\"width\":219,\"height\":100,\"caption\":\"MiuMjau O\u00dc\"},\"image\":{\"@id\":\"https:\/\/miumjau.ee\/#\/schema\/logo\/image\/\"},\"sameAs\":[\"https:\/\/www.facebook.com\/miumjaupood\/\"]}]}<\/script>\n<!-- \/ Yoast SEO plugin. -->","yoast_head_json":{"title":"DogFest strausa ga\u013cas medaljoni visiem su\u0146iem, 90g - MiuMjau","description":"Dogfest z\u012bmols pied\u0101v\u0101 pla\u0161u gardu uzkodu kl\u0101stu gan ka\u0137iem, gan su\u0146iem. N\u0101ciet izm\u0113\u0123in\u0101t da\u017e\u0101das un atrodiet savu iecien\u012bt\u0101ko!","robots":{"index":"index","follow":"follow","max-snippet":"max-snippet:-1","max-image-preview":"max-image-preview:large","max-video-preview":"max-video-preview:-1"},"canonical":"https:\/\/miumjau.ee\/lv\/produkts\/dogfest-strausa-galas-medaljoni-visiem-suniem-90g\/","og_locale":"lv_LV","og_type":"article","og_title":"DogFest strausa ga\u013cas medaljoni visiem su\u0146iem, 90g - MiuMjau","og_description":"Dogfest z\u012bmols pied\u0101v\u0101 pla\u0161u gardu uzkodu kl\u0101stu gan ka\u0137iem, gan su\u0146iem. N\u0101ciet izm\u0113\u0123in\u0101t da\u017e\u0101das un atrodiet savu iecien\u012bt\u0101ko!","og_url":"https:\/\/miumjau.ee\/lv\/produkts\/dogfest-strausa-galas-medaljoni-visiem-suniem-90g\/","og_site_name":"MiuMjau","article_publisher":"https:\/\/www.facebook.com\/miumjaupood\/","article_modified_time":"2026-01-07T19:14:44+00:00","og_image":[{"width":600,"height":800,"url":"https:\/\/miumjau.ee\/wp-content\/uploads\/2025\/04\/dofest-maiused-koertele57.webp","type":"image\/webp"}],"twitter_card":"summary_large_image","schema":{"@context":"https:\/\/schema.org","@graph":[{"@type":"WebPage","@id":"https:\/\/miumjau.ee\/lv\/produkts\/dogfest-strausa-galas-medaljoni-visiem-suniem-90g\/","url":"https:\/\/miumjau.ee\/lv\/produkts\/dogfest-strausa-galas-medaljoni-visiem-suniem-90g\/","name":"DogFest strausa ga\u013cas medaljoni visiem su\u0146iem, 90g - MiuMjau","isPartOf":{"@id":"https:\/\/miumjau.ee\/#website"},"primaryImageOfPage":{"@id":"https:\/\/miumjau.ee\/lv\/produkts\/dogfest-strausa-galas-medaljoni-visiem-suniem-90g\/#primaryimage"},"image":{"@id":"https:\/\/miumjau.ee\/lv\/produkts\/dogfest-strausa-galas-medaljoni-visiem-suniem-90g\/#primaryimage"},"thumbnailUrl":"https:\/\/miumjau.ee\/wp-content\/uploads\/2025\/04\/dofest-maiused-koertele57.webp","datePublished":"2025-04-22T10:34:53+00:00","dateModified":"2026-01-07T19:14:44+00:00","description":"Dogfest z\u012bmols pied\u0101v\u0101 pla\u0161u gardu uzkodu kl\u0101stu gan ka\u0137iem, gan su\u0146iem. N\u0101ciet izm\u0113\u0123in\u0101t da\u017e\u0101das un atrodiet savu iecien\u012bt\u0101ko!","breadcrumb":{"@id":"https:\/\/miumjau.ee\/lv\/produkts\/dogfest-strausa-galas-medaljoni-visiem-suniem-90g\/#breadcrumb"},"inLanguage":"lv-LV","potentialAction":[{"@type":"ReadAction","target":["https:\/\/miumjau.ee\/lv\/produkts\/dogfest-strausa-galas-medaljoni-visiem-suniem-90g\/"]}]},{"@type":"ImageObject","inLanguage":"lv-LV","@id":"https:\/\/miumjau.ee\/lv\/produkts\/dogfest-strausa-galas-medaljoni-visiem-suniem-90g\/#primaryimage","url":"https:\/\/miumjau.ee\/wp-content\/uploads\/2025\/04\/dofest-maiused-koertele57.webp","contentUrl":"https:\/\/miumjau.ee\/wp-content\/uploads\/2025\/04\/dofest-maiused-koertele57.webp","width":600,"height":800},{"@type":"BreadcrumbList","@id":"https:\/\/miumjau.ee\/lv\/produkts\/dogfest-strausa-galas-medaljoni-visiem-suniem-90g\/#breadcrumb","itemListElement":[{"@type":"ListItem","position":1,"name":"Home","item":"https:\/\/miumjau.ee\/lv\/"},{"@type":"ListItem","position":2,"name":"Veikals","item":"https:\/\/miumjau.ee\/lv\/veikals\/"},{"@type":"ListItem","position":3,"name":"DogFest strausa ga\u013cas medaljoni visiem su\u0146iem, 90g"}]},{"@type":"WebSite","@id":"https:\/\/miumjau.ee\/#website","url":"https:\/\/miumjau.ee\/","name":"MiuMjau","description":"Kraapimispuud kassidele","publisher":{"@id":"https:\/\/miumjau.ee\/#organization"},"potentialAction":[{"@type":"SearchAction","target":{"@type":"EntryPoint","urlTemplate":"https:\/\/miumjau.ee\/?s={search_term_string}"},"query-input":{"@type":"PropertyValueSpecification","valueRequired":true,"valueName":"search_term_string"}}],"inLanguage":"lv-LV"},{"@type":"Organization","@id":"https:\/\/miumjau.ee\/#organization","name":"MiuMjau O\u00dc","url":"https:\/\/miumjau.ee\/","logo":{"@type":"ImageObject","inLanguage":"lv-LV","@id":"https:\/\/miumjau.ee\/#\/schema\/logo\/image\/","url":"https:\/\/miumjau.ee\/wp-content\/uploads\/2022\/04\/MiuMjau-logo-kollane.png","contentUrl":"https:\/\/miumjau.ee\/wp-content\/uploads\/2022\/04\/MiuMjau-logo-kollane.png","width":219,"height":100,"caption":"MiuMjau O\u00dc"},"image":{"@id":"https:\/\/miumjau.ee\/#\/schema\/logo\/image\/"},"sameAs":["https:\/\/www.facebook.com\/miumjaupood\/"]}]}},"_links":{"self":[{"href":"https:\/\/miumjau.ee\/lv\/wp-json\/wp\/v2\/product\/50142","targetHints":{"allow":["GET"]}}],"collection":[{"href":"https:\/\/miumjau.ee\/lv\/wp-json\/wp\/v2\/product"}],"about":[{"href":"https:\/\/miumjau.ee\/lv\/wp-json\/wp\/v2\/types\/product"}],"wp:featuredmedia":[{"embeddable":true,"href":"https:\/\/miumjau.ee\/lv\/wp-json\/wp\/v2\/media\/50143"}],"wp:attachment":[{"href":"https:\/\/miumjau.ee\/lv\/wp-json\/wp\/v2\/media?parent=50142"}],"wp:term":[{"taxonomy":"product_brand","embeddable":true,"href":"https:\/\/miumjau.ee\/lv\/wp-json\/wp\/v2\/product_brand?post=50142"},{"taxonomy":"product_cat","embeddable":true,"href":"https:\/\/miumjau.ee\/lv\/wp-json\/wp\/v2\/product_cat?post=50142"},{"taxonomy":"product_tag","embeddable":true,"href":"https:\/\/miumjau.ee\/lv\/wp-json\/wp\/v2\/product_tag?post=50142"}],"curies":[{"name":"wp","href":"https:\/\/api.w.org\/{rel}","templated":true}]}}