{"id":50109,"date":"2025-04-22T13:35:05","date_gmt":"2025-04-22T10:35:05","guid":{"rendered":"https:\/\/miumjau.ee\/toode\/catfest-maigas-liellopa-galas-desinas-kakiem-45g\/"},"modified":"2026-01-07T21:14:58","modified_gmt":"2026-01-07T19:14:58","slug":"catfest-maigas-liellopa-galas-desinas-kakiem-45g","status":"publish","type":"product","link":"https:\/\/miumjau.ee\/lv\/produkts\/catfest-maigas-liellopa-galas-desinas-kakiem-45g\/","title":{"rendered":"CatFest maig\u0101s liellopa ga\u013cas desi\u0146as ka\u0137iem 45g"},"content":{"rendered":"","protected":false},"excerpt":{"rendered":"<p data-path-to-node=\"1\"><b data-path-to-node=\"1\" data-index-in-node=\"0\">\u012astas biolo\u0123isk\u0101s liellopa ga\u013cas klasisk\u0101, pies\u0101tin\u0101t\u0101 gar\u0161a un augst\u0101 uzturv\u0113rt\u012bba \u2013 kas gan var\u0113tu b\u016bt v\u0113l lab\u0101ks j\u016bsu m\u012b\u013cotajam ka\u0137im.<\/b><\/p>\n<p data-path-to-node=\"2\"><b data-path-to-node=\"2\" data-index-in-node=\"0\">Sast\u0101vs:<\/b> biolo\u0123isk\u0101 liellopa ga\u013ca 79,2%, augu izcelsmes blakusprodukti, miner\u0101lvielas.<\/p>\n<p data-path-to-node=\"3\"><b data-path-to-node=\"3\" data-index-in-node=\"0\">Anal\u012btiskie komponenti:<\/b> kopprote\u012bns 20%, tauki 8%, kop\u0161\u0137iedra 0,2%, mitrums 21%, ener\u0123\u0113tisk\u0101 v\u0113rt\u012bba \u2013 193 kcal.<\/p>\n<p data-path-to-node=\"4\"><b data-path-to-node=\"4\" data-index-in-node=\"0\">Lieto\u0161ana:<\/b> Pasniegt dienas laik\u0101 k\u0101 k\u0101rumu. Maksimums 1\u20132 gab. dien\u0101. Daudzumu var piel\u0101got atkar\u012bb\u0101 no ka\u0137a vajadz\u012bb\u0101m un st\u0101vok\u013ca. Vienm\u0113r j\u0101b\u016bt pieejamam svaigam dzeramajam \u016bdenim. Neatst\u0101jiet ka\u0137i bez uzraudz\u012bbas ko\u0161\u013c\u0101\u0161anas laik\u0101 vai vienu pa\u0161u ar k\u0101rumu iepakojumu. Iepakojum\u0101 eso\u0161ais sk\u0101bek\u013ca absorbents nav \u0113dams. Uzglab\u0101t saus\u0101 un v\u0113s\u0101 viet\u0101, p\u0113c atv\u0113r\u0161anas glab\u0101t ledusskap\u012b.<\/p>\n","protected":false},"featured_media":49980,"template":"","meta":[],"product_brand":[],"product_cat":[570],"product_tag":[],"class_list":{"0":"post-50109","1":"product","2":"type-product","3":"status-publish","4":"has-post-thumbnail","6":"product_cat-naski","8":"first","9":"instock","10":"sale","11":"taxable","12":"shipping-taxable","13":"purchasable","14":"product-type-simple"},"yoast_head":"<!-- This site is optimized with the Yoast SEO plugin v27.2 - https:\/\/yoast.com\/product\/yoast-seo-wordpress\/ -->\n<title>CatFest maig\u0101s liellopa ga\u013cas desi\u0146as ka\u0137iem 45g - MiuMjau<\/title>\n<meta name=\"description\" content=\"Catfest maig\u0101s desi\u0146as ir k\u0101rums, kura baud\u012b\u0161ana prasa neilgu laiku. Lab\u0101kais veids, k\u0101 pavad\u012bt laiku, ir baud\u012bt k\u0101rumu! K\u0101da ir tava ka\u0137a iecien\u012bt\u0101k\u0101 gar\u0161a?\" \/>\n<meta name=\"robots\" content=\"index, follow, max-snippet:-1, max-image-preview:large, max-video-preview:-1\" \/>\n<link rel=\"canonical\" href=\"https:\/\/miumjau.ee\/lv\/produkts\/catfest-maigas-liellopa-galas-desinas-kakiem-45g\/\" \/>\n<meta property=\"og:locale\" content=\"lv_LV\" \/>\n<meta property=\"og:type\" content=\"article\" \/>\n<meta property=\"og:title\" content=\"CatFest maig\u0101s liellopa ga\u013cas desi\u0146as ka\u0137iem 45g - MiuMjau\" \/>\n<meta property=\"og:description\" content=\"Catfest maig\u0101s desi\u0146as ir k\u0101rums, kura baud\u012b\u0161ana prasa neilgu laiku. Lab\u0101kais veids, k\u0101 pavad\u012bt laiku, ir baud\u012bt k\u0101rumu! K\u0101da ir tava ka\u0137a iecien\u012bt\u0101k\u0101 gar\u0161a?\" \/>\n<meta property=\"og:url\" content=\"https:\/\/miumjau.ee\/lv\/produkts\/catfest-maigas-liellopa-galas-desinas-kakiem-45g\/\" \/>\n<meta property=\"og:site_name\" content=\"MiuMjau\" \/>\n<meta property=\"article:publisher\" content=\"https:\/\/www.facebook.com\/miumjaupood\/\" \/>\n<meta property=\"article:modified_time\" content=\"2026-01-07T19:14:58+00:00\" \/>\n<meta property=\"og:image\" content=\"https:\/\/miumjau.ee\/wp-content\/uploads\/2025\/04\/catfest-kassimaiused4.webp\" \/>\n\t<meta property=\"og:image:width\" content=\"600\" \/>\n\t<meta property=\"og:image:height\" content=\"800\" \/>\n\t<meta property=\"og:image:type\" content=\"image\/webp\" \/>\n<meta name=\"twitter:card\" content=\"summary_large_image\" \/>\n<script type=\"application\/ld+json\" class=\"yoast-schema-graph\">{\"@context\":\"https:\/\/schema.org\",\"@graph\":[{\"@type\":\"WebPage\",\"@id\":\"https:\/\/miumjau.ee\/lv\/produkts\/catfest-maigas-liellopa-galas-desinas-kakiem-45g\/\",\"url\":\"https:\/\/miumjau.ee\/lv\/produkts\/catfest-maigas-liellopa-galas-desinas-kakiem-45g\/\",\"name\":\"CatFest maig\u0101s liellopa ga\u013cas desi\u0146as ka\u0137iem 45g - MiuMjau\",\"isPartOf\":{\"@id\":\"https:\/\/miumjau.ee\/#website\"},\"primaryImageOfPage\":{\"@id\":\"https:\/\/miumjau.ee\/lv\/produkts\/catfest-maigas-liellopa-galas-desinas-kakiem-45g\/#primaryimage\"},\"image\":{\"@id\":\"https:\/\/miumjau.ee\/lv\/produkts\/catfest-maigas-liellopa-galas-desinas-kakiem-45g\/#primaryimage\"},\"thumbnailUrl\":\"https:\/\/miumjau.ee\/wp-content\/uploads\/2025\/04\/catfest-kassimaiused4.webp\",\"datePublished\":\"2025-04-22T10:35:05+00:00\",\"dateModified\":\"2026-01-07T19:14:58+00:00\",\"description\":\"Catfest maig\u0101s desi\u0146as ir k\u0101rums, kura baud\u012b\u0161ana prasa neilgu laiku. Lab\u0101kais veids, k\u0101 pavad\u012bt laiku, ir baud\u012bt k\u0101rumu! K\u0101da ir tava ka\u0137a iecien\u012bt\u0101k\u0101 gar\u0161a?\",\"breadcrumb\":{\"@id\":\"https:\/\/miumjau.ee\/lv\/produkts\/catfest-maigas-liellopa-galas-desinas-kakiem-45g\/#breadcrumb\"},\"inLanguage\":\"lv-LV\",\"potentialAction\":[{\"@type\":\"ReadAction\",\"target\":[\"https:\/\/miumjau.ee\/lv\/produkts\/catfest-maigas-liellopa-galas-desinas-kakiem-45g\/\"]}]},{\"@type\":\"ImageObject\",\"inLanguage\":\"lv-LV\",\"@id\":\"https:\/\/miumjau.ee\/lv\/produkts\/catfest-maigas-liellopa-galas-desinas-kakiem-45g\/#primaryimage\",\"url\":\"https:\/\/miumjau.ee\/wp-content\/uploads\/2025\/04\/catfest-kassimaiused4.webp\",\"contentUrl\":\"https:\/\/miumjau.ee\/wp-content\/uploads\/2025\/04\/catfest-kassimaiused4.webp\",\"width\":600,\"height\":800,\"caption\":\"CatFest veiseliha \u00f5rnad vorstikesed kassidele 45g\"},{\"@type\":\"BreadcrumbList\",\"@id\":\"https:\/\/miumjau.ee\/lv\/produkts\/catfest-maigas-liellopa-galas-desinas-kakiem-45g\/#breadcrumb\",\"itemListElement\":[{\"@type\":\"ListItem\",\"position\":1,\"name\":\"Home\",\"item\":\"https:\/\/miumjau.ee\/lv\/\"},{\"@type\":\"ListItem\",\"position\":2,\"name\":\"Veikals\",\"item\":\"https:\/\/miumjau.ee\/lv\/veikals\/\"},{\"@type\":\"ListItem\",\"position\":3,\"name\":\"CatFest maig\u0101s liellopa ga\u013cas desi\u0146as ka\u0137iem 45g\"}]},{\"@type\":\"WebSite\",\"@id\":\"https:\/\/miumjau.ee\/#website\",\"url\":\"https:\/\/miumjau.ee\/\",\"name\":\"MiuMjau\",\"description\":\"Kraapimispuud kassidele\",\"publisher\":{\"@id\":\"https:\/\/miumjau.ee\/#organization\"},\"potentialAction\":[{\"@type\":\"SearchAction\",\"target\":{\"@type\":\"EntryPoint\",\"urlTemplate\":\"https:\/\/miumjau.ee\/?s={search_term_string}\"},\"query-input\":{\"@type\":\"PropertyValueSpecification\",\"valueRequired\":true,\"valueName\":\"search_term_string\"}}],\"inLanguage\":\"lv-LV\"},{\"@type\":\"Organization\",\"@id\":\"https:\/\/miumjau.ee\/#organization\",\"name\":\"MiuMjau O\u00dc\",\"url\":\"https:\/\/miumjau.ee\/\",\"logo\":{\"@type\":\"ImageObject\",\"inLanguage\":\"lv-LV\",\"@id\":\"https:\/\/miumjau.ee\/#\/schema\/logo\/image\/\",\"url\":\"https:\/\/miumjau.ee\/wp-content\/uploads\/2022\/04\/MiuMjau-logo-kollane.png\",\"contentUrl\":\"https:\/\/miumjau.ee\/wp-content\/uploads\/2022\/04\/MiuMjau-logo-kollane.png\",\"width\":219,\"height\":100,\"caption\":\"MiuMjau O\u00dc\"},\"image\":{\"@id\":\"https:\/\/miumjau.ee\/#\/schema\/logo\/image\/\"},\"sameAs\":[\"https:\/\/www.facebook.com\/miumjaupood\/\"]}]}<\/script>\n<!-- \/ Yoast SEO plugin. -->","yoast_head_json":{"title":"CatFest maig\u0101s liellopa ga\u013cas desi\u0146as ka\u0137iem 45g - MiuMjau","description":"Catfest maig\u0101s desi\u0146as ir k\u0101rums, kura baud\u012b\u0161ana prasa neilgu laiku. Lab\u0101kais veids, k\u0101 pavad\u012bt laiku, ir baud\u012bt k\u0101rumu! K\u0101da ir tava ka\u0137a iecien\u012bt\u0101k\u0101 gar\u0161a?","robots":{"index":"index","follow":"follow","max-snippet":"max-snippet:-1","max-image-preview":"max-image-preview:large","max-video-preview":"max-video-preview:-1"},"canonical":"https:\/\/miumjau.ee\/lv\/produkts\/catfest-maigas-liellopa-galas-desinas-kakiem-45g\/","og_locale":"lv_LV","og_type":"article","og_title":"CatFest maig\u0101s liellopa ga\u013cas desi\u0146as ka\u0137iem 45g - MiuMjau","og_description":"Catfest maig\u0101s desi\u0146as ir k\u0101rums, kura baud\u012b\u0161ana prasa neilgu laiku. Lab\u0101kais veids, k\u0101 pavad\u012bt laiku, ir baud\u012bt k\u0101rumu! K\u0101da ir tava ka\u0137a iecien\u012bt\u0101k\u0101 gar\u0161a?","og_url":"https:\/\/miumjau.ee\/lv\/produkts\/catfest-maigas-liellopa-galas-desinas-kakiem-45g\/","og_site_name":"MiuMjau","article_publisher":"https:\/\/www.facebook.com\/miumjaupood\/","article_modified_time":"2026-01-07T19:14:58+00:00","og_image":[{"width":600,"height":800,"url":"https:\/\/miumjau.ee\/wp-content\/uploads\/2025\/04\/catfest-kassimaiused4.webp","type":"image\/webp"}],"twitter_card":"summary_large_image","schema":{"@context":"https:\/\/schema.org","@graph":[{"@type":"WebPage","@id":"https:\/\/miumjau.ee\/lv\/produkts\/catfest-maigas-liellopa-galas-desinas-kakiem-45g\/","url":"https:\/\/miumjau.ee\/lv\/produkts\/catfest-maigas-liellopa-galas-desinas-kakiem-45g\/","name":"CatFest maig\u0101s liellopa ga\u013cas desi\u0146as ka\u0137iem 45g - MiuMjau","isPartOf":{"@id":"https:\/\/miumjau.ee\/#website"},"primaryImageOfPage":{"@id":"https:\/\/miumjau.ee\/lv\/produkts\/catfest-maigas-liellopa-galas-desinas-kakiem-45g\/#primaryimage"},"image":{"@id":"https:\/\/miumjau.ee\/lv\/produkts\/catfest-maigas-liellopa-galas-desinas-kakiem-45g\/#primaryimage"},"thumbnailUrl":"https:\/\/miumjau.ee\/wp-content\/uploads\/2025\/04\/catfest-kassimaiused4.webp","datePublished":"2025-04-22T10:35:05+00:00","dateModified":"2026-01-07T19:14:58+00:00","description":"Catfest maig\u0101s desi\u0146as ir k\u0101rums, kura baud\u012b\u0161ana prasa neilgu laiku. Lab\u0101kais veids, k\u0101 pavad\u012bt laiku, ir baud\u012bt k\u0101rumu! K\u0101da ir tava ka\u0137a iecien\u012bt\u0101k\u0101 gar\u0161a?","breadcrumb":{"@id":"https:\/\/miumjau.ee\/lv\/produkts\/catfest-maigas-liellopa-galas-desinas-kakiem-45g\/#breadcrumb"},"inLanguage":"lv-LV","potentialAction":[{"@type":"ReadAction","target":["https:\/\/miumjau.ee\/lv\/produkts\/catfest-maigas-liellopa-galas-desinas-kakiem-45g\/"]}]},{"@type":"ImageObject","inLanguage":"lv-LV","@id":"https:\/\/miumjau.ee\/lv\/produkts\/catfest-maigas-liellopa-galas-desinas-kakiem-45g\/#primaryimage","url":"https:\/\/miumjau.ee\/wp-content\/uploads\/2025\/04\/catfest-kassimaiused4.webp","contentUrl":"https:\/\/miumjau.ee\/wp-content\/uploads\/2025\/04\/catfest-kassimaiused4.webp","width":600,"height":800,"caption":"CatFest veiseliha \u00f5rnad vorstikesed kassidele 45g"},{"@type":"BreadcrumbList","@id":"https:\/\/miumjau.ee\/lv\/produkts\/catfest-maigas-liellopa-galas-desinas-kakiem-45g\/#breadcrumb","itemListElement":[{"@type":"ListItem","position":1,"name":"Home","item":"https:\/\/miumjau.ee\/lv\/"},{"@type":"ListItem","position":2,"name":"Veikals","item":"https:\/\/miumjau.ee\/lv\/veikals\/"},{"@type":"ListItem","position":3,"name":"CatFest maig\u0101s liellopa ga\u013cas desi\u0146as ka\u0137iem 45g"}]},{"@type":"WebSite","@id":"https:\/\/miumjau.ee\/#website","url":"https:\/\/miumjau.ee\/","name":"MiuMjau","description":"Kraapimispuud kassidele","publisher":{"@id":"https:\/\/miumjau.ee\/#organization"},"potentialAction":[{"@type":"SearchAction","target":{"@type":"EntryPoint","urlTemplate":"https:\/\/miumjau.ee\/?s={search_term_string}"},"query-input":{"@type":"PropertyValueSpecification","valueRequired":true,"valueName":"search_term_string"}}],"inLanguage":"lv-LV"},{"@type":"Organization","@id":"https:\/\/miumjau.ee\/#organization","name":"MiuMjau O\u00dc","url":"https:\/\/miumjau.ee\/","logo":{"@type":"ImageObject","inLanguage":"lv-LV","@id":"https:\/\/miumjau.ee\/#\/schema\/logo\/image\/","url":"https:\/\/miumjau.ee\/wp-content\/uploads\/2022\/04\/MiuMjau-logo-kollane.png","contentUrl":"https:\/\/miumjau.ee\/wp-content\/uploads\/2022\/04\/MiuMjau-logo-kollane.png","width":219,"height":100,"caption":"MiuMjau O\u00dc"},"image":{"@id":"https:\/\/miumjau.ee\/#\/schema\/logo\/image\/"},"sameAs":["https:\/\/www.facebook.com\/miumjaupood\/"]}]}},"_links":{"self":[{"href":"https:\/\/miumjau.ee\/lv\/wp-json\/wp\/v2\/product\/50109","targetHints":{"allow":["GET"]}}],"collection":[{"href":"https:\/\/miumjau.ee\/lv\/wp-json\/wp\/v2\/product"}],"about":[{"href":"https:\/\/miumjau.ee\/lv\/wp-json\/wp\/v2\/types\/product"}],"wp:featuredmedia":[{"embeddable":true,"href":"https:\/\/miumjau.ee\/lv\/wp-json\/wp\/v2\/media\/49980"}],"wp:attachment":[{"href":"https:\/\/miumjau.ee\/lv\/wp-json\/wp\/v2\/media?parent=50109"}],"wp:term":[{"taxonomy":"product_brand","embeddable":true,"href":"https:\/\/miumjau.ee\/lv\/wp-json\/wp\/v2\/product_brand?post=50109"},{"taxonomy":"product_cat","embeddable":true,"href":"https:\/\/miumjau.ee\/lv\/wp-json\/wp\/v2\/product_cat?post=50109"},{"taxonomy":"product_tag","embeddable":true,"href":"https:\/\/miumjau.ee\/lv\/wp-json\/wp\/v2\/product_tag?post=50109"}],"curies":[{"name":"wp","href":"https:\/\/api.w.org\/{rel}","templated":true}]}}