{"id":50105,"date":"2025-04-22T13:35:05","date_gmt":"2025-04-22T10:35:05","guid":{"rendered":"https:\/\/miumjau.ee\/toode\/catfest-spilventini-ar-vistas-biezenu-kakiem-30g\/"},"modified":"2026-01-07T21:14:58","modified_gmt":"2026-01-07T19:14:58","slug":"catfest-spilventini-ar-vistas-biezenu-kakiem-30g","status":"publish","type":"product","link":"https:\/\/miumjau.ee\/lv\/produkts\/catfest-spilventini-ar-vistas-biezenu-kakiem-30g\/","title":{"rendered":"CatFest spilventi\u0146i ar vistas bieze\u0146u ka\u0137iem 30g"},"content":{"rendered":"","protected":false},"excerpt":{"rendered":"<p data-start=\"0\" data-end=\"163\">Lieliska kombin\u0101cija krauk\u0161\u0137\u012bgas vistas ga\u013cas garozas un maiga dab\u012bg\u0101 bieze\u0146a, kas padara \u0161o k\u0101rumu j\u016bsu ka\u0137im \u012bpa\u0161i gardu. Porain\u0101 strukt\u016bra pal\u012bdz t\u012br\u012bt zobus.<\/p>\n<p data-start=\"165\" data-end=\"340\">Sast\u0101vs: graudaugi, augu prote\u012bns, vistas ga\u013ca 5%, oke\u0101na garneles, olu dzeltenums, zivju milti, Omega 3\/6 tauksk\u0101bes, aug\u013ci un d\u0101rze\u0146i (gran\u0101t\u0101bola s\u0113klas, me\u017ea dz\u0113rvenes).<\/p>\n<p data-start=\"342\" data-end=\"471\">Anal\u012btisk\u0101s sast\u0101vda\u013cas: kopprote\u012bns 20%, tauki 15%, kop\u0161\u0137iedra 2,5%, koppelni 4%, mitrums 10%, ener\u0123\u0113tisk\u0101 v\u0113rt\u012bba \u2013 360 kcal.<\/p>\n<p data-start=\"473\" data-end=\"861\" data-is-last-node=\"\" data-is-only-node=\"\">Lieto\u0161ana: Pasniegt dienas laik\u0101 k\u0101 k\u0101rumu. Maksim\u0101lais dienas daudzums: 1\u20132 gabali. Daudzumu var piel\u0101got atkar\u012bb\u0101 no ka\u0137a vajadz\u012bb\u0101m un vesel\u012bbas st\u0101vok\u013ca. Vienm\u0113r nodro\u0161in\u0101t svaigu dzeramo \u016bdeni. Neskatieties, ka ka\u0137is ko\u0161\u013c\u0101, un neatst\u0101jiet to vienu ar k\u0101ruma iepakojumu. Iepakojum\u0101 eso\u0161ais sk\u0101bek\u013ca absorbents nav \u0113dams. Glab\u0101t saus\u0101 un v\u0113s\u0101 viet\u0101; p\u0113c atv\u0113r\u0161anas uzglab\u0101t ledusskap\u012b.<\/p>\n","protected":false},"featured_media":49990,"template":"","meta":[],"product_brand":[],"product_cat":[570],"product_tag":[],"class_list":{"0":"post-50105","1":"product","2":"type-product","3":"status-publish","4":"has-post-thumbnail","6":"product_cat-naski","8":"first","9":"instock","10":"taxable","11":"shipping-taxable","12":"purchasable","13":"product-type-simple"},"yoast_head":"<!-- This site is optimized with the Yoast SEO plugin v27.2 - https:\/\/yoast.com\/product\/yoast-seo-wordpress\/ -->\n<title>CatFest spilventi\u0146i ar vistas bieze\u0146u ka\u0137iem 30g - MiuMjau<\/title>\n<meta name=\"description\" content=\"Z\u012bmols Catfest pied\u0101v\u0101 pla\u0161u da\u017e\u0101du k\u0101rumu un augstas kvalit\u0101tes mitr\u0101s bar\u012bbas izv\u0113li. N\u0101ciet un izm\u0113\u0123iniet lab\u0101k\u0101s gar\u0161as! Kura ir j\u016bsu iecien\u012bt\u0101k\u0101?\" \/>\n<meta name=\"robots\" content=\"index, follow, max-snippet:-1, max-image-preview:large, max-video-preview:-1\" \/>\n<link rel=\"canonical\" href=\"https:\/\/miumjau.ee\/lv\/produkts\/catfest-spilventini-ar-vistas-biezenu-kakiem-30g\/\" \/>\n<meta property=\"og:locale\" content=\"lv_LV\" \/>\n<meta property=\"og:type\" content=\"article\" \/>\n<meta property=\"og:title\" content=\"CatFest spilventi\u0146i ar vistas bieze\u0146u ka\u0137iem 30g - MiuMjau\" \/>\n<meta property=\"og:description\" content=\"Z\u012bmols Catfest pied\u0101v\u0101 pla\u0161u da\u017e\u0101du k\u0101rumu un augstas kvalit\u0101tes mitr\u0101s bar\u012bbas izv\u0113li. N\u0101ciet un izm\u0113\u0123iniet lab\u0101k\u0101s gar\u0161as! Kura ir j\u016bsu iecien\u012bt\u0101k\u0101?\" \/>\n<meta property=\"og:url\" content=\"https:\/\/miumjau.ee\/lv\/produkts\/catfest-spilventini-ar-vistas-biezenu-kakiem-30g\/\" \/>\n<meta property=\"og:site_name\" content=\"MiuMjau\" \/>\n<meta property=\"article:publisher\" content=\"https:\/\/www.facebook.com\/miumjaupood\/\" \/>\n<meta property=\"article:modified_time\" content=\"2026-01-07T19:14:58+00:00\" \/>\n<meta property=\"og:image\" content=\"https:\/\/miumjau.ee\/wp-content\/uploads\/2025\/04\/catfest-kassimaiused9.webp\" \/>\n\t<meta property=\"og:image:width\" content=\"600\" \/>\n\t<meta property=\"og:image:height\" content=\"800\" \/>\n\t<meta property=\"og:image:type\" content=\"image\/webp\" \/>\n<meta name=\"twitter:card\" content=\"summary_large_image\" \/>\n<script type=\"application\/ld+json\" class=\"yoast-schema-graph\">{\"@context\":\"https:\/\/schema.org\",\"@graph\":[{\"@type\":\"WebPage\",\"@id\":\"https:\/\/miumjau.ee\/lv\/produkts\/catfest-spilventini-ar-vistas-biezenu-kakiem-30g\/\",\"url\":\"https:\/\/miumjau.ee\/lv\/produkts\/catfest-spilventini-ar-vistas-biezenu-kakiem-30g\/\",\"name\":\"CatFest spilventi\u0146i ar vistas bieze\u0146u ka\u0137iem 30g - MiuMjau\",\"isPartOf\":{\"@id\":\"https:\/\/miumjau.ee\/#website\"},\"primaryImageOfPage\":{\"@id\":\"https:\/\/miumjau.ee\/lv\/produkts\/catfest-spilventini-ar-vistas-biezenu-kakiem-30g\/#primaryimage\"},\"image\":{\"@id\":\"https:\/\/miumjau.ee\/lv\/produkts\/catfest-spilventini-ar-vistas-biezenu-kakiem-30g\/#primaryimage\"},\"thumbnailUrl\":\"https:\/\/miumjau.ee\/wp-content\/uploads\/2025\/04\/catfest-kassimaiused9.webp\",\"datePublished\":\"2025-04-22T10:35:05+00:00\",\"dateModified\":\"2026-01-07T19:14:58+00:00\",\"description\":\"Z\u012bmols Catfest pied\u0101v\u0101 pla\u0161u da\u017e\u0101du k\u0101rumu un augstas kvalit\u0101tes mitr\u0101s bar\u012bbas izv\u0113li. N\u0101ciet un izm\u0113\u0123iniet lab\u0101k\u0101s gar\u0161as! Kura ir j\u016bsu iecien\u012bt\u0101k\u0101?\",\"breadcrumb\":{\"@id\":\"https:\/\/miumjau.ee\/lv\/produkts\/catfest-spilventini-ar-vistas-biezenu-kakiem-30g\/#breadcrumb\"},\"inLanguage\":\"lv-LV\",\"potentialAction\":[{\"@type\":\"ReadAction\",\"target\":[\"https:\/\/miumjau.ee\/lv\/produkts\/catfest-spilventini-ar-vistas-biezenu-kakiem-30g\/\"]}]},{\"@type\":\"ImageObject\",\"inLanguage\":\"lv-LV\",\"@id\":\"https:\/\/miumjau.ee\/lv\/produkts\/catfest-spilventini-ar-vistas-biezenu-kakiem-30g\/#primaryimage\",\"url\":\"https:\/\/miumjau.ee\/wp-content\/uploads\/2025\/04\/catfest-kassimaiused9.webp\",\"contentUrl\":\"https:\/\/miumjau.ee\/wp-content\/uploads\/2025\/04\/catfest-kassimaiused9.webp\",\"width\":600,\"height\":800,\"caption\":\"CatFest padjakesed kanap\u00fcreega kassidele 30g\"},{\"@type\":\"BreadcrumbList\",\"@id\":\"https:\/\/miumjau.ee\/lv\/produkts\/catfest-spilventini-ar-vistas-biezenu-kakiem-30g\/#breadcrumb\",\"itemListElement\":[{\"@type\":\"ListItem\",\"position\":1,\"name\":\"Home\",\"item\":\"https:\/\/miumjau.ee\/lv\/\"},{\"@type\":\"ListItem\",\"position\":2,\"name\":\"Veikals\",\"item\":\"https:\/\/miumjau.ee\/lv\/veikals\/\"},{\"@type\":\"ListItem\",\"position\":3,\"name\":\"CatFest spilventi\u0146i ar vistas bieze\u0146u ka\u0137iem 30g\"}]},{\"@type\":\"WebSite\",\"@id\":\"https:\/\/miumjau.ee\/#website\",\"url\":\"https:\/\/miumjau.ee\/\",\"name\":\"MiuMjau\",\"description\":\"Kraapimispuud kassidele\",\"publisher\":{\"@id\":\"https:\/\/miumjau.ee\/#organization\"},\"potentialAction\":[{\"@type\":\"SearchAction\",\"target\":{\"@type\":\"EntryPoint\",\"urlTemplate\":\"https:\/\/miumjau.ee\/?s={search_term_string}\"},\"query-input\":{\"@type\":\"PropertyValueSpecification\",\"valueRequired\":true,\"valueName\":\"search_term_string\"}}],\"inLanguage\":\"lv-LV\"},{\"@type\":\"Organization\",\"@id\":\"https:\/\/miumjau.ee\/#organization\",\"name\":\"MiuMjau O\u00dc\",\"url\":\"https:\/\/miumjau.ee\/\",\"logo\":{\"@type\":\"ImageObject\",\"inLanguage\":\"lv-LV\",\"@id\":\"https:\/\/miumjau.ee\/#\/schema\/logo\/image\/\",\"url\":\"https:\/\/miumjau.ee\/wp-content\/uploads\/2022\/04\/MiuMjau-logo-kollane.png\",\"contentUrl\":\"https:\/\/miumjau.ee\/wp-content\/uploads\/2022\/04\/MiuMjau-logo-kollane.png\",\"width\":219,\"height\":100,\"caption\":\"MiuMjau O\u00dc\"},\"image\":{\"@id\":\"https:\/\/miumjau.ee\/#\/schema\/logo\/image\/\"},\"sameAs\":[\"https:\/\/www.facebook.com\/miumjaupood\/\"]}]}<\/script>\n<!-- \/ Yoast SEO plugin. -->","yoast_head_json":{"title":"CatFest spilventi\u0146i ar vistas bieze\u0146u ka\u0137iem 30g - MiuMjau","description":"Z\u012bmols Catfest pied\u0101v\u0101 pla\u0161u da\u017e\u0101du k\u0101rumu un augstas kvalit\u0101tes mitr\u0101s bar\u012bbas izv\u0113li. N\u0101ciet un izm\u0113\u0123iniet lab\u0101k\u0101s gar\u0161as! Kura ir j\u016bsu iecien\u012bt\u0101k\u0101?","robots":{"index":"index","follow":"follow","max-snippet":"max-snippet:-1","max-image-preview":"max-image-preview:large","max-video-preview":"max-video-preview:-1"},"canonical":"https:\/\/miumjau.ee\/lv\/produkts\/catfest-spilventini-ar-vistas-biezenu-kakiem-30g\/","og_locale":"lv_LV","og_type":"article","og_title":"CatFest spilventi\u0146i ar vistas bieze\u0146u ka\u0137iem 30g - MiuMjau","og_description":"Z\u012bmols Catfest pied\u0101v\u0101 pla\u0161u da\u017e\u0101du k\u0101rumu un augstas kvalit\u0101tes mitr\u0101s bar\u012bbas izv\u0113li. N\u0101ciet un izm\u0113\u0123iniet lab\u0101k\u0101s gar\u0161as! Kura ir j\u016bsu iecien\u012bt\u0101k\u0101?","og_url":"https:\/\/miumjau.ee\/lv\/produkts\/catfest-spilventini-ar-vistas-biezenu-kakiem-30g\/","og_site_name":"MiuMjau","article_publisher":"https:\/\/www.facebook.com\/miumjaupood\/","article_modified_time":"2026-01-07T19:14:58+00:00","og_image":[{"width":600,"height":800,"url":"https:\/\/miumjau.ee\/wp-content\/uploads\/2025\/04\/catfest-kassimaiused9.webp","type":"image\/webp"}],"twitter_card":"summary_large_image","schema":{"@context":"https:\/\/schema.org","@graph":[{"@type":"WebPage","@id":"https:\/\/miumjau.ee\/lv\/produkts\/catfest-spilventini-ar-vistas-biezenu-kakiem-30g\/","url":"https:\/\/miumjau.ee\/lv\/produkts\/catfest-spilventini-ar-vistas-biezenu-kakiem-30g\/","name":"CatFest spilventi\u0146i ar vistas bieze\u0146u ka\u0137iem 30g - MiuMjau","isPartOf":{"@id":"https:\/\/miumjau.ee\/#website"},"primaryImageOfPage":{"@id":"https:\/\/miumjau.ee\/lv\/produkts\/catfest-spilventini-ar-vistas-biezenu-kakiem-30g\/#primaryimage"},"image":{"@id":"https:\/\/miumjau.ee\/lv\/produkts\/catfest-spilventini-ar-vistas-biezenu-kakiem-30g\/#primaryimage"},"thumbnailUrl":"https:\/\/miumjau.ee\/wp-content\/uploads\/2025\/04\/catfest-kassimaiused9.webp","datePublished":"2025-04-22T10:35:05+00:00","dateModified":"2026-01-07T19:14:58+00:00","description":"Z\u012bmols Catfest pied\u0101v\u0101 pla\u0161u da\u017e\u0101du k\u0101rumu un augstas kvalit\u0101tes mitr\u0101s bar\u012bbas izv\u0113li. N\u0101ciet un izm\u0113\u0123iniet lab\u0101k\u0101s gar\u0161as! Kura ir j\u016bsu iecien\u012bt\u0101k\u0101?","breadcrumb":{"@id":"https:\/\/miumjau.ee\/lv\/produkts\/catfest-spilventini-ar-vistas-biezenu-kakiem-30g\/#breadcrumb"},"inLanguage":"lv-LV","potentialAction":[{"@type":"ReadAction","target":["https:\/\/miumjau.ee\/lv\/produkts\/catfest-spilventini-ar-vistas-biezenu-kakiem-30g\/"]}]},{"@type":"ImageObject","inLanguage":"lv-LV","@id":"https:\/\/miumjau.ee\/lv\/produkts\/catfest-spilventini-ar-vistas-biezenu-kakiem-30g\/#primaryimage","url":"https:\/\/miumjau.ee\/wp-content\/uploads\/2025\/04\/catfest-kassimaiused9.webp","contentUrl":"https:\/\/miumjau.ee\/wp-content\/uploads\/2025\/04\/catfest-kassimaiused9.webp","width":600,"height":800,"caption":"CatFest padjakesed kanap\u00fcreega kassidele 30g"},{"@type":"BreadcrumbList","@id":"https:\/\/miumjau.ee\/lv\/produkts\/catfest-spilventini-ar-vistas-biezenu-kakiem-30g\/#breadcrumb","itemListElement":[{"@type":"ListItem","position":1,"name":"Home","item":"https:\/\/miumjau.ee\/lv\/"},{"@type":"ListItem","position":2,"name":"Veikals","item":"https:\/\/miumjau.ee\/lv\/veikals\/"},{"@type":"ListItem","position":3,"name":"CatFest spilventi\u0146i ar vistas bieze\u0146u ka\u0137iem 30g"}]},{"@type":"WebSite","@id":"https:\/\/miumjau.ee\/#website","url":"https:\/\/miumjau.ee\/","name":"MiuMjau","description":"Kraapimispuud kassidele","publisher":{"@id":"https:\/\/miumjau.ee\/#organization"},"potentialAction":[{"@type":"SearchAction","target":{"@type":"EntryPoint","urlTemplate":"https:\/\/miumjau.ee\/?s={search_term_string}"},"query-input":{"@type":"PropertyValueSpecification","valueRequired":true,"valueName":"search_term_string"}}],"inLanguage":"lv-LV"},{"@type":"Organization","@id":"https:\/\/miumjau.ee\/#organization","name":"MiuMjau O\u00dc","url":"https:\/\/miumjau.ee\/","logo":{"@type":"ImageObject","inLanguage":"lv-LV","@id":"https:\/\/miumjau.ee\/#\/schema\/logo\/image\/","url":"https:\/\/miumjau.ee\/wp-content\/uploads\/2022\/04\/MiuMjau-logo-kollane.png","contentUrl":"https:\/\/miumjau.ee\/wp-content\/uploads\/2022\/04\/MiuMjau-logo-kollane.png","width":219,"height":100,"caption":"MiuMjau O\u00dc"},"image":{"@id":"https:\/\/miumjau.ee\/#\/schema\/logo\/image\/"},"sameAs":["https:\/\/www.facebook.com\/miumjaupood\/"]}]}},"_links":{"self":[{"href":"https:\/\/miumjau.ee\/lv\/wp-json\/wp\/v2\/product\/50105","targetHints":{"allow":["GET"]}}],"collection":[{"href":"https:\/\/miumjau.ee\/lv\/wp-json\/wp\/v2\/product"}],"about":[{"href":"https:\/\/miumjau.ee\/lv\/wp-json\/wp\/v2\/types\/product"}],"wp:featuredmedia":[{"embeddable":true,"href":"https:\/\/miumjau.ee\/lv\/wp-json\/wp\/v2\/media\/49990"}],"wp:attachment":[{"href":"https:\/\/miumjau.ee\/lv\/wp-json\/wp\/v2\/media?parent=50105"}],"wp:term":[{"taxonomy":"product_brand","embeddable":true,"href":"https:\/\/miumjau.ee\/lv\/wp-json\/wp\/v2\/product_brand?post=50105"},{"taxonomy":"product_cat","embeddable":true,"href":"https:\/\/miumjau.ee\/lv\/wp-json\/wp\/v2\/product_cat?post=50105"},{"taxonomy":"product_tag","embeddable":true,"href":"https:\/\/miumjau.ee\/lv\/wp-json\/wp\/v2\/product_tag?post=50105"}],"curies":[{"name":"wp","href":"https:\/\/api.w.org\/{rel}","templated":true}]}}