{"id":50091,"date":"2025-04-22T13:35:05","date_gmt":"2025-04-22T10:35:05","guid":{"rendered":"https:\/\/miumjau.ee\/toode\/dogfest-vistas-filejas-karumi-videjiem-un-lieliem-suniem-90-g\/"},"modified":"2026-01-07T21:15:12","modified_gmt":"2026-01-07T19:15:12","slug":"dogfest-vistas-filejas-karumi-videjiem-un-lieliem-suniem-90-g","status":"publish","type":"product","link":"https:\/\/miumjau.ee\/lv\/produkts\/dogfest-vistas-filejas-karumi-videjiem-un-lieliem-suniem-90-g\/","title":{"rendered":"DogFest vistas filejas k\u0101rumi vid\u0113jiem un lieliem su\u0146iem 90 g"},"content":{"rendered":"","protected":false},"excerpt":{"rendered":"<p>\u0160\u012bs n\u016bji\u0146as ir gatavotas piln\u012bb\u0101 no vistas filejas. Ko\u0161\u013c\u0101jamais k\u0101rums ir viegli sadal\u0101ms maz\u0101kos gabali\u0146os un vienm\u0113r n\u0101k par labu. Neviens suns tam nesp\u0113j pretoties!<\/p>\n<p><strong>Sast\u0101vs:<\/strong> vistas ga\u013ca 81,5%, augu izcelsmes blakusprodukti, miner\u0101lvielas.<\/p>\n<p><strong>Anal\u012btisk\u0101s sast\u0101vda\u013cas:<\/strong> kopprote\u012bns 50%, koptauki 4%, kop\u0161\u0137iedra 0,3%, koppelni 4%, mitrums 16%.<\/p>\n<p><strong>Lieto\u0161ana:<\/strong> Pasniegt dienas laik\u0101 k\u0101 k\u0101rumu. Maksim\u0101lais dienas daudzums: 1\u20132 gabali. Daudzumu var piel\u0101got atkar\u012bb\u0101 no su\u0146a vajadz\u012bb\u0101m un vesel\u012bbas st\u0101vok\u013ca. Vienm\u0113r nodro\u0161in\u0101t svaigu dzeramo \u016bdeni. Neskatieties, ka suns ko\u0161\u013c\u0101, un neatst\u0101jiet to vienu ar k\u0101ruma iepakojumu. Iepakojum\u0101 eso\u0161ais sk\u0101bek\u013ca absorbents nav \u0113dams. Glab\u0101t saus\u0101 un v\u0113s\u0101 viet\u0101; p\u0113c atv\u0113r\u0161anas uzglab\u0101t ledusskap\u012b.<\/p>\n","protected":false},"featured_media":50092,"template":"","meta":[],"product_brand":[],"product_cat":[576],"product_tag":[],"class_list":{"0":"post-50091","1":"product","2":"type-product","3":"status-publish","4":"has-post-thumbnail","6":"product_cat-naski-suniem","8":"first","9":"instock","10":"taxable","11":"shipping-taxable","12":"purchasable","13":"product-type-simple"},"yoast_head":"<!-- This site is optimized with the Yoast SEO plugin v27.2 - https:\/\/yoast.com\/product\/yoast-seo-wordpress\/ -->\n<title>DogFest vistas filejas k\u0101rumi vid\u0113jiem un lieliem su\u0146iem 90 g - MiuMjau<\/title>\n<meta name=\"description\" content=\"DogFest z\u012bmols pied\u0101v\u0101 pla\u0161u gardu uzkodu kl\u0101stu gan su\u0146iem, gan ka\u0137iem. N\u0101c un izm\u0113\u0123ini da\u017e\u0101dus, lai atrastu savu m\u012b\u013c\u0101ko!\" \/>\n<meta name=\"robots\" content=\"index, follow, max-snippet:-1, max-image-preview:large, max-video-preview:-1\" \/>\n<link rel=\"canonical\" href=\"https:\/\/miumjau.ee\/lv\/produkts\/dogfest-vistas-filejas-karumi-videjiem-un-lieliem-suniem-90-g\/\" \/>\n<meta property=\"og:locale\" content=\"lv_LV\" \/>\n<meta property=\"og:type\" content=\"article\" \/>\n<meta property=\"og:title\" content=\"DogFest vistas filejas k\u0101rumi vid\u0113jiem un lieliem su\u0146iem 90 g - MiuMjau\" \/>\n<meta property=\"og:description\" content=\"DogFest z\u012bmols pied\u0101v\u0101 pla\u0161u gardu uzkodu kl\u0101stu gan su\u0146iem, gan ka\u0137iem. N\u0101c un izm\u0113\u0123ini da\u017e\u0101dus, lai atrastu savu m\u012b\u013c\u0101ko!\" \/>\n<meta property=\"og:url\" content=\"https:\/\/miumjau.ee\/lv\/produkts\/dogfest-vistas-filejas-karumi-videjiem-un-lieliem-suniem-90-g\/\" \/>\n<meta property=\"og:site_name\" content=\"MiuMjau\" \/>\n<meta property=\"article:publisher\" content=\"https:\/\/www.facebook.com\/miumjaupood\/\" \/>\n<meta property=\"article:modified_time\" content=\"2026-01-07T19:15:12+00:00\" \/>\n<meta property=\"og:image\" content=\"https:\/\/miumjau.ee\/wp-content\/uploads\/2025\/04\/dofest-maiused-koertele42.webp\" \/>\n\t<meta property=\"og:image:width\" content=\"600\" \/>\n\t<meta property=\"og:image:height\" content=\"800\" \/>\n\t<meta property=\"og:image:type\" content=\"image\/webp\" \/>\n<meta name=\"twitter:card\" content=\"summary_large_image\" \/>\n<script type=\"application\/ld+json\" class=\"yoast-schema-graph\">{\"@context\":\"https:\/\/schema.org\",\"@graph\":[{\"@type\":\"WebPage\",\"@id\":\"https:\/\/miumjau.ee\/lv\/produkts\/dogfest-vistas-filejas-karumi-videjiem-un-lieliem-suniem-90-g\/\",\"url\":\"https:\/\/miumjau.ee\/lv\/produkts\/dogfest-vistas-filejas-karumi-videjiem-un-lieliem-suniem-90-g\/\",\"name\":\"DogFest vistas filejas k\u0101rumi vid\u0113jiem un lieliem su\u0146iem 90 g - MiuMjau\",\"isPartOf\":{\"@id\":\"https:\/\/miumjau.ee\/#website\"},\"primaryImageOfPage\":{\"@id\":\"https:\/\/miumjau.ee\/lv\/produkts\/dogfest-vistas-filejas-karumi-videjiem-un-lieliem-suniem-90-g\/#primaryimage\"},\"image\":{\"@id\":\"https:\/\/miumjau.ee\/lv\/produkts\/dogfest-vistas-filejas-karumi-videjiem-un-lieliem-suniem-90-g\/#primaryimage\"},\"thumbnailUrl\":\"https:\/\/miumjau.ee\/wp-content\/uploads\/2025\/04\/dofest-maiused-koertele42.webp\",\"datePublished\":\"2025-04-22T10:35:05+00:00\",\"dateModified\":\"2026-01-07T19:15:12+00:00\",\"description\":\"DogFest z\u012bmols pied\u0101v\u0101 pla\u0161u gardu uzkodu kl\u0101stu gan su\u0146iem, gan ka\u0137iem. N\u0101c un izm\u0113\u0123ini da\u017e\u0101dus, lai atrastu savu m\u012b\u013c\u0101ko!\",\"breadcrumb\":{\"@id\":\"https:\/\/miumjau.ee\/lv\/produkts\/dogfest-vistas-filejas-karumi-videjiem-un-lieliem-suniem-90-g\/#breadcrumb\"},\"inLanguage\":\"lv-LV\",\"potentialAction\":[{\"@type\":\"ReadAction\",\"target\":[\"https:\/\/miumjau.ee\/lv\/produkts\/dogfest-vistas-filejas-karumi-videjiem-un-lieliem-suniem-90-g\/\"]}]},{\"@type\":\"ImageObject\",\"inLanguage\":\"lv-LV\",\"@id\":\"https:\/\/miumjau.ee\/lv\/produkts\/dogfest-vistas-filejas-karumi-videjiem-un-lieliem-suniem-90-g\/#primaryimage\",\"url\":\"https:\/\/miumjau.ee\/wp-content\/uploads\/2025\/04\/dofest-maiused-koertele42.webp\",\"contentUrl\":\"https:\/\/miumjau.ee\/wp-content\/uploads\/2025\/04\/dofest-maiused-koertele42.webp\",\"width\":600,\"height\":800},{\"@type\":\"BreadcrumbList\",\"@id\":\"https:\/\/miumjau.ee\/lv\/produkts\/dogfest-vistas-filejas-karumi-videjiem-un-lieliem-suniem-90-g\/#breadcrumb\",\"itemListElement\":[{\"@type\":\"ListItem\",\"position\":1,\"name\":\"Home\",\"item\":\"https:\/\/miumjau.ee\/lv\/\"},{\"@type\":\"ListItem\",\"position\":2,\"name\":\"Veikals\",\"item\":\"https:\/\/miumjau.ee\/lv\/veikals\/\"},{\"@type\":\"ListItem\",\"position\":3,\"name\":\"DogFest vistas filejas k\u0101rumi vid\u0113jiem un lieliem su\u0146iem 90 g\"}]},{\"@type\":\"WebSite\",\"@id\":\"https:\/\/miumjau.ee\/#website\",\"url\":\"https:\/\/miumjau.ee\/\",\"name\":\"MiuMjau\",\"description\":\"Kraapimispuud kassidele\",\"publisher\":{\"@id\":\"https:\/\/miumjau.ee\/#organization\"},\"potentialAction\":[{\"@type\":\"SearchAction\",\"target\":{\"@type\":\"EntryPoint\",\"urlTemplate\":\"https:\/\/miumjau.ee\/?s={search_term_string}\"},\"query-input\":{\"@type\":\"PropertyValueSpecification\",\"valueRequired\":true,\"valueName\":\"search_term_string\"}}],\"inLanguage\":\"lv-LV\"},{\"@type\":\"Organization\",\"@id\":\"https:\/\/miumjau.ee\/#organization\",\"name\":\"MiuMjau O\u00dc\",\"url\":\"https:\/\/miumjau.ee\/\",\"logo\":{\"@type\":\"ImageObject\",\"inLanguage\":\"lv-LV\",\"@id\":\"https:\/\/miumjau.ee\/#\/schema\/logo\/image\/\",\"url\":\"https:\/\/miumjau.ee\/wp-content\/uploads\/2022\/04\/MiuMjau-logo-kollane.png\",\"contentUrl\":\"https:\/\/miumjau.ee\/wp-content\/uploads\/2022\/04\/MiuMjau-logo-kollane.png\",\"width\":219,\"height\":100,\"caption\":\"MiuMjau O\u00dc\"},\"image\":{\"@id\":\"https:\/\/miumjau.ee\/#\/schema\/logo\/image\/\"},\"sameAs\":[\"https:\/\/www.facebook.com\/miumjaupood\/\"]}]}<\/script>\n<!-- \/ Yoast SEO plugin. -->","yoast_head_json":{"title":"DogFest vistas filejas k\u0101rumi vid\u0113jiem un lieliem su\u0146iem 90 g - MiuMjau","description":"DogFest z\u012bmols pied\u0101v\u0101 pla\u0161u gardu uzkodu kl\u0101stu gan su\u0146iem, gan ka\u0137iem. N\u0101c un izm\u0113\u0123ini da\u017e\u0101dus, lai atrastu savu m\u012b\u013c\u0101ko!","robots":{"index":"index","follow":"follow","max-snippet":"max-snippet:-1","max-image-preview":"max-image-preview:large","max-video-preview":"max-video-preview:-1"},"canonical":"https:\/\/miumjau.ee\/lv\/produkts\/dogfest-vistas-filejas-karumi-videjiem-un-lieliem-suniem-90-g\/","og_locale":"lv_LV","og_type":"article","og_title":"DogFest vistas filejas k\u0101rumi vid\u0113jiem un lieliem su\u0146iem 90 g - MiuMjau","og_description":"DogFest z\u012bmols pied\u0101v\u0101 pla\u0161u gardu uzkodu kl\u0101stu gan su\u0146iem, gan ka\u0137iem. N\u0101c un izm\u0113\u0123ini da\u017e\u0101dus, lai atrastu savu m\u012b\u013c\u0101ko!","og_url":"https:\/\/miumjau.ee\/lv\/produkts\/dogfest-vistas-filejas-karumi-videjiem-un-lieliem-suniem-90-g\/","og_site_name":"MiuMjau","article_publisher":"https:\/\/www.facebook.com\/miumjaupood\/","article_modified_time":"2026-01-07T19:15:12+00:00","og_image":[{"width":600,"height":800,"url":"https:\/\/miumjau.ee\/wp-content\/uploads\/2025\/04\/dofest-maiused-koertele42.webp","type":"image\/webp"}],"twitter_card":"summary_large_image","schema":{"@context":"https:\/\/schema.org","@graph":[{"@type":"WebPage","@id":"https:\/\/miumjau.ee\/lv\/produkts\/dogfest-vistas-filejas-karumi-videjiem-un-lieliem-suniem-90-g\/","url":"https:\/\/miumjau.ee\/lv\/produkts\/dogfest-vistas-filejas-karumi-videjiem-un-lieliem-suniem-90-g\/","name":"DogFest vistas filejas k\u0101rumi vid\u0113jiem un lieliem su\u0146iem 90 g - MiuMjau","isPartOf":{"@id":"https:\/\/miumjau.ee\/#website"},"primaryImageOfPage":{"@id":"https:\/\/miumjau.ee\/lv\/produkts\/dogfest-vistas-filejas-karumi-videjiem-un-lieliem-suniem-90-g\/#primaryimage"},"image":{"@id":"https:\/\/miumjau.ee\/lv\/produkts\/dogfest-vistas-filejas-karumi-videjiem-un-lieliem-suniem-90-g\/#primaryimage"},"thumbnailUrl":"https:\/\/miumjau.ee\/wp-content\/uploads\/2025\/04\/dofest-maiused-koertele42.webp","datePublished":"2025-04-22T10:35:05+00:00","dateModified":"2026-01-07T19:15:12+00:00","description":"DogFest z\u012bmols pied\u0101v\u0101 pla\u0161u gardu uzkodu kl\u0101stu gan su\u0146iem, gan ka\u0137iem. N\u0101c un izm\u0113\u0123ini da\u017e\u0101dus, lai atrastu savu m\u012b\u013c\u0101ko!","breadcrumb":{"@id":"https:\/\/miumjau.ee\/lv\/produkts\/dogfest-vistas-filejas-karumi-videjiem-un-lieliem-suniem-90-g\/#breadcrumb"},"inLanguage":"lv-LV","potentialAction":[{"@type":"ReadAction","target":["https:\/\/miumjau.ee\/lv\/produkts\/dogfest-vistas-filejas-karumi-videjiem-un-lieliem-suniem-90-g\/"]}]},{"@type":"ImageObject","inLanguage":"lv-LV","@id":"https:\/\/miumjau.ee\/lv\/produkts\/dogfest-vistas-filejas-karumi-videjiem-un-lieliem-suniem-90-g\/#primaryimage","url":"https:\/\/miumjau.ee\/wp-content\/uploads\/2025\/04\/dofest-maiused-koertele42.webp","contentUrl":"https:\/\/miumjau.ee\/wp-content\/uploads\/2025\/04\/dofest-maiused-koertele42.webp","width":600,"height":800},{"@type":"BreadcrumbList","@id":"https:\/\/miumjau.ee\/lv\/produkts\/dogfest-vistas-filejas-karumi-videjiem-un-lieliem-suniem-90-g\/#breadcrumb","itemListElement":[{"@type":"ListItem","position":1,"name":"Home","item":"https:\/\/miumjau.ee\/lv\/"},{"@type":"ListItem","position":2,"name":"Veikals","item":"https:\/\/miumjau.ee\/lv\/veikals\/"},{"@type":"ListItem","position":3,"name":"DogFest vistas filejas k\u0101rumi vid\u0113jiem un lieliem su\u0146iem 90 g"}]},{"@type":"WebSite","@id":"https:\/\/miumjau.ee\/#website","url":"https:\/\/miumjau.ee\/","name":"MiuMjau","description":"Kraapimispuud kassidele","publisher":{"@id":"https:\/\/miumjau.ee\/#organization"},"potentialAction":[{"@type":"SearchAction","target":{"@type":"EntryPoint","urlTemplate":"https:\/\/miumjau.ee\/?s={search_term_string}"},"query-input":{"@type":"PropertyValueSpecification","valueRequired":true,"valueName":"search_term_string"}}],"inLanguage":"lv-LV"},{"@type":"Organization","@id":"https:\/\/miumjau.ee\/#organization","name":"MiuMjau O\u00dc","url":"https:\/\/miumjau.ee\/","logo":{"@type":"ImageObject","inLanguage":"lv-LV","@id":"https:\/\/miumjau.ee\/#\/schema\/logo\/image\/","url":"https:\/\/miumjau.ee\/wp-content\/uploads\/2022\/04\/MiuMjau-logo-kollane.png","contentUrl":"https:\/\/miumjau.ee\/wp-content\/uploads\/2022\/04\/MiuMjau-logo-kollane.png","width":219,"height":100,"caption":"MiuMjau O\u00dc"},"image":{"@id":"https:\/\/miumjau.ee\/#\/schema\/logo\/image\/"},"sameAs":["https:\/\/www.facebook.com\/miumjaupood\/"]}]}},"_links":{"self":[{"href":"https:\/\/miumjau.ee\/lv\/wp-json\/wp\/v2\/product\/50091","targetHints":{"allow":["GET"]}}],"collection":[{"href":"https:\/\/miumjau.ee\/lv\/wp-json\/wp\/v2\/product"}],"about":[{"href":"https:\/\/miumjau.ee\/lv\/wp-json\/wp\/v2\/types\/product"}],"wp:featuredmedia":[{"embeddable":true,"href":"https:\/\/miumjau.ee\/lv\/wp-json\/wp\/v2\/media\/50092"}],"wp:attachment":[{"href":"https:\/\/miumjau.ee\/lv\/wp-json\/wp\/v2\/media?parent=50091"}],"wp:term":[{"taxonomy":"product_brand","embeddable":true,"href":"https:\/\/miumjau.ee\/lv\/wp-json\/wp\/v2\/product_brand?post=50091"},{"taxonomy":"product_cat","embeddable":true,"href":"https:\/\/miumjau.ee\/lv\/wp-json\/wp\/v2\/product_cat?post=50091"},{"taxonomy":"product_tag","embeddable":true,"href":"https:\/\/miumjau.ee\/lv\/wp-json\/wp\/v2\/product_tag?post=50091"}],"curies":[{"name":"wp","href":"https:\/\/api.w.org\/{rel}","templated":true}]}}