{"id":50079,"date":"2025-04-22T13:35:16","date_gmt":"2025-04-22T10:35:16","guid":{"rendered":"https:\/\/miumjau.ee\/toode\/catfest-tunci-mousse-mitra-bariba-kakeniem-12-x-70-g\/"},"modified":"2026-01-07T21:15:12","modified_gmt":"2026-01-07T19:15:12","slug":"catfest-tunci-mousse-mitra-bariba-kakeniem-12-x-70-g","status":"publish","type":"product","link":"https:\/\/miumjau.ee\/lv\/produkts\/catfest-tunci-mousse-mitra-bariba-kakeniem-12-x-70-g\/","title":{"rendered":"CatFest tunci mousse, mitr\u0101 bar\u012bba ka\u0137\u0113niem, 12 \u00d7 70 g"},"content":{"rendered":"","protected":false},"excerpt":{"rendered":"<p>Bag\u0101t\u012bgais tunci past\u0113te ir ide\u0101li piem\u0113rots ka\u0137\u0113niem to akt\u012bv\u0101s izaugsmes un att\u012bst\u012bbas period\u0101. \u0160\u012b dab\u012bg\u0101 bar\u012bba nodro\u0161ina j\u016bsu m\u012blulim omega-3 tauksk\u0101bes, olbaltumvielas, vitam\u012bnus un miner\u0101lvielas, kas nepiecie\u0161amas vesel\u012bbas un ener\u0123ijas uztur\u0113\u0161anai. Pied\u0101v\u0101ts k\u0101 papildbar\u012bba.<\/p>\n<p><strong>Sast\u0101vs:<\/strong> tunci 58%, zivju buljons 39,9%, an\u0161ovu zivju e\u013c\u013ca, prebiotikas FOS, E vitam\u012bns, taur\u012bns, tapioka, sikuru ekstrakts, fruktoze, miner\u0101lvielas.<\/p>\n<p><strong>Anal\u012btisk\u0101s sast\u0101vda\u013cas:<\/strong> kopprote\u012bns 10%, koptauki 0,8%, kop\u0161\u0137iedra 1%, koppelni 1,5%, mitrums 89%, ener\u0123ijas saturs 41,96 kcal.<\/p>\n<p><strong>Priek\u0161roc\u012bbas:<\/strong> \u0160\u012b past\u0113te ir \u012bpa\u0161i izstr\u0101d\u0101ta ka\u0137\u0113niem, nodro\u0161inot visu nepiecie\u0161amo izaugsmei un att\u012bst\u012bbai. Omega-3 tauksk\u0101bes atbalsta \u0101das un ka\u017eoka vesel\u012bbu, olbaltumvielas pal\u012bdz saglab\u0101t musku\u013cu masu, bet taur\u012bns veicina redzes un sirds att\u012bst\u012bbu. E vitam\u012bns stiprina im\u016bnsist\u0113mu, savuk\u0101rt sikuru ekstrakts uzlabo gremo\u0161anu.<\/p>\n<p><strong>Lieto\u0161ana:<\/strong> Ide\u0101li piem\u0113rota ikdienas papildus dab\u012bg\u0101 bar\u012bba ka\u0137\u0113niem no vis\u0101m \u0161\u0137irn\u0113m. Pasniegt istabas temperat\u016br\u0101, lai izceltu gar\u0161u. Glab\u0101t v\u0113s\u0101 un saus\u0101 viet\u0101. Ieteicams dot 2\u20133 paci\u0146as dien\u0101, atkar\u012bb\u0101 no ka\u0137\u0113na vecuma un aktivit\u0101tes l\u012bme\u0146a. P\u0101rliecinieties, ka ka\u0137\u0113nam vienm\u0113r ir pieejams svaigs \u016bdens.<\/p>\n","protected":false},"featured_media":50080,"template":"","meta":[],"product_brand":[],"product_cat":[571],"product_tag":[],"class_list":{"0":"post-50079","1":"product","2":"type-product","3":"status-publish","4":"has-post-thumbnail","6":"product_cat-mitra-bariba","8":"first","9":"instock","10":"sale","11":"taxable","12":"shipping-taxable","13":"purchasable","14":"product-type-simple"},"yoast_head":"<!-- This site is optimized with the Yoast SEO plugin v27.2 - https:\/\/yoast.com\/product\/yoast-seo-wordpress\/ -->\n<title>CatFest tunci mousse, mitr\u0101 bar\u012bba ka\u0137\u0113niem, 12 \u00d7 70 g - MiuMjau<\/title>\n<meta name=\"description\" content=\"CatFest putas ir \u0101rk\u0101rt\u012bgi delik\u0101tas un gardas, un t\u0101s ir \u012bpa\u0161i izstr\u0101d\u0101tas ka\u0137\u0113niem. \u012asts gard\u0113\u017eu na\u0161\u0137is un palutin\u0101jums j\u016bsu mazajam.\" \/>\n<meta name=\"robots\" content=\"index, follow, max-snippet:-1, max-image-preview:large, max-video-preview:-1\" \/>\n<link rel=\"canonical\" href=\"https:\/\/miumjau.ee\/lv\/produkts\/catfest-tunci-mousse-mitra-bariba-kakeniem-12-x-70-g\/\" \/>\n<meta property=\"og:locale\" content=\"lv_LV\" \/>\n<meta property=\"og:type\" content=\"article\" \/>\n<meta property=\"og:title\" content=\"CatFest tunci mousse, mitr\u0101 bar\u012bba ka\u0137\u0113niem, 12 \u00d7 70 g - MiuMjau\" \/>\n<meta property=\"og:description\" content=\"CatFest putas ir \u0101rk\u0101rt\u012bgi delik\u0101tas un gardas, un t\u0101s ir \u012bpa\u0161i izstr\u0101d\u0101tas ka\u0137\u0113niem. \u012asts gard\u0113\u017eu na\u0161\u0137is un palutin\u0101jums j\u016bsu mazajam.\" \/>\n<meta property=\"og:url\" content=\"https:\/\/miumjau.ee\/lv\/produkts\/catfest-tunci-mousse-mitra-bariba-kakeniem-12-x-70-g\/\" \/>\n<meta property=\"og:site_name\" content=\"MiuMjau\" \/>\n<meta property=\"article:publisher\" content=\"https:\/\/www.facebook.com\/miumjaupood\/\" \/>\n<meta property=\"article:modified_time\" content=\"2026-01-07T19:15:12+00:00\" \/>\n<meta property=\"og:image\" content=\"https:\/\/miumjau.ee\/wp-content\/uploads\/2025\/04\/catfest-margtoit-kassidele38.webp\" \/>\n\t<meta property=\"og:image:width\" content=\"600\" \/>\n\t<meta property=\"og:image:height\" content=\"800\" \/>\n\t<meta property=\"og:image:type\" content=\"image\/webp\" \/>\n<meta name=\"twitter:card\" content=\"summary_large_image\" \/>\n<script type=\"application\/ld+json\" class=\"yoast-schema-graph\">{\"@context\":\"https:\/\/schema.org\",\"@graph\":[{\"@type\":\"WebPage\",\"@id\":\"https:\/\/miumjau.ee\/lv\/produkts\/catfest-tunci-mousse-mitra-bariba-kakeniem-12-x-70-g\/\",\"url\":\"https:\/\/miumjau.ee\/lv\/produkts\/catfest-tunci-mousse-mitra-bariba-kakeniem-12-x-70-g\/\",\"name\":\"CatFest tunci mousse, mitr\u0101 bar\u012bba ka\u0137\u0113niem, 12 \u00d7 70 g - MiuMjau\",\"isPartOf\":{\"@id\":\"https:\/\/miumjau.ee\/#website\"},\"primaryImageOfPage\":{\"@id\":\"https:\/\/miumjau.ee\/lv\/produkts\/catfest-tunci-mousse-mitra-bariba-kakeniem-12-x-70-g\/#primaryimage\"},\"image\":{\"@id\":\"https:\/\/miumjau.ee\/lv\/produkts\/catfest-tunci-mousse-mitra-bariba-kakeniem-12-x-70-g\/#primaryimage\"},\"thumbnailUrl\":\"https:\/\/miumjau.ee\/wp-content\/uploads\/2025\/04\/catfest-margtoit-kassidele38.webp\",\"datePublished\":\"2025-04-22T10:35:16+00:00\",\"dateModified\":\"2026-01-07T19:15:12+00:00\",\"description\":\"CatFest putas ir \u0101rk\u0101rt\u012bgi delik\u0101tas un gardas, un t\u0101s ir \u012bpa\u0161i izstr\u0101d\u0101tas ka\u0137\u0113niem. \u012asts gard\u0113\u017eu na\u0161\u0137is un palutin\u0101jums j\u016bsu mazajam.\",\"breadcrumb\":{\"@id\":\"https:\/\/miumjau.ee\/lv\/produkts\/catfest-tunci-mousse-mitra-bariba-kakeniem-12-x-70-g\/#breadcrumb\"},\"inLanguage\":\"lv-LV\",\"potentialAction\":[{\"@type\":\"ReadAction\",\"target\":[\"https:\/\/miumjau.ee\/lv\/produkts\/catfest-tunci-mousse-mitra-bariba-kakeniem-12-x-70-g\/\"]}]},{\"@type\":\"ImageObject\",\"inLanguage\":\"lv-LV\",\"@id\":\"https:\/\/miumjau.ee\/lv\/produkts\/catfest-tunci-mousse-mitra-bariba-kakeniem-12-x-70-g\/#primaryimage\",\"url\":\"https:\/\/miumjau.ee\/wp-content\/uploads\/2025\/04\/catfest-margtoit-kassidele38.webp\",\"contentUrl\":\"https:\/\/miumjau.ee\/wp-content\/uploads\/2025\/04\/catfest-margtoit-kassidele38.webp\",\"width\":600,\"height\":800},{\"@type\":\"BreadcrumbList\",\"@id\":\"https:\/\/miumjau.ee\/lv\/produkts\/catfest-tunci-mousse-mitra-bariba-kakeniem-12-x-70-g\/#breadcrumb\",\"itemListElement\":[{\"@type\":\"ListItem\",\"position\":1,\"name\":\"Home\",\"item\":\"https:\/\/miumjau.ee\/lv\/\"},{\"@type\":\"ListItem\",\"position\":2,\"name\":\"Veikals\",\"item\":\"https:\/\/miumjau.ee\/lv\/veikals\/\"},{\"@type\":\"ListItem\",\"position\":3,\"name\":\"CatFest tunci mousse, mitr\u0101 bar\u012bba ka\u0137\u0113niem, 12 \u00d7 70 g\"}]},{\"@type\":\"WebSite\",\"@id\":\"https:\/\/miumjau.ee\/#website\",\"url\":\"https:\/\/miumjau.ee\/\",\"name\":\"MiuMjau\",\"description\":\"Kraapimispuud kassidele\",\"publisher\":{\"@id\":\"https:\/\/miumjau.ee\/#organization\"},\"potentialAction\":[{\"@type\":\"SearchAction\",\"target\":{\"@type\":\"EntryPoint\",\"urlTemplate\":\"https:\/\/miumjau.ee\/?s={search_term_string}\"},\"query-input\":{\"@type\":\"PropertyValueSpecification\",\"valueRequired\":true,\"valueName\":\"search_term_string\"}}],\"inLanguage\":\"lv-LV\"},{\"@type\":\"Organization\",\"@id\":\"https:\/\/miumjau.ee\/#organization\",\"name\":\"MiuMjau O\u00dc\",\"url\":\"https:\/\/miumjau.ee\/\",\"logo\":{\"@type\":\"ImageObject\",\"inLanguage\":\"lv-LV\",\"@id\":\"https:\/\/miumjau.ee\/#\/schema\/logo\/image\/\",\"url\":\"https:\/\/miumjau.ee\/wp-content\/uploads\/2022\/04\/MiuMjau-logo-kollane.png\",\"contentUrl\":\"https:\/\/miumjau.ee\/wp-content\/uploads\/2022\/04\/MiuMjau-logo-kollane.png\",\"width\":219,\"height\":100,\"caption\":\"MiuMjau O\u00dc\"},\"image\":{\"@id\":\"https:\/\/miumjau.ee\/#\/schema\/logo\/image\/\"},\"sameAs\":[\"https:\/\/www.facebook.com\/miumjaupood\/\"]}]}<\/script>\n<!-- \/ Yoast SEO plugin. -->","yoast_head_json":{"title":"CatFest tunci mousse, mitr\u0101 bar\u012bba ka\u0137\u0113niem, 12 \u00d7 70 g - MiuMjau","description":"CatFest putas ir \u0101rk\u0101rt\u012bgi delik\u0101tas un gardas, un t\u0101s ir \u012bpa\u0161i izstr\u0101d\u0101tas ka\u0137\u0113niem. \u012asts gard\u0113\u017eu na\u0161\u0137is un palutin\u0101jums j\u016bsu mazajam.","robots":{"index":"index","follow":"follow","max-snippet":"max-snippet:-1","max-image-preview":"max-image-preview:large","max-video-preview":"max-video-preview:-1"},"canonical":"https:\/\/miumjau.ee\/lv\/produkts\/catfest-tunci-mousse-mitra-bariba-kakeniem-12-x-70-g\/","og_locale":"lv_LV","og_type":"article","og_title":"CatFest tunci mousse, mitr\u0101 bar\u012bba ka\u0137\u0113niem, 12 \u00d7 70 g - MiuMjau","og_description":"CatFest putas ir \u0101rk\u0101rt\u012bgi delik\u0101tas un gardas, un t\u0101s ir \u012bpa\u0161i izstr\u0101d\u0101tas ka\u0137\u0113niem. \u012asts gard\u0113\u017eu na\u0161\u0137is un palutin\u0101jums j\u016bsu mazajam.","og_url":"https:\/\/miumjau.ee\/lv\/produkts\/catfest-tunci-mousse-mitra-bariba-kakeniem-12-x-70-g\/","og_site_name":"MiuMjau","article_publisher":"https:\/\/www.facebook.com\/miumjaupood\/","article_modified_time":"2026-01-07T19:15:12+00:00","og_image":[{"width":600,"height":800,"url":"https:\/\/miumjau.ee\/wp-content\/uploads\/2025\/04\/catfest-margtoit-kassidele38.webp","type":"image\/webp"}],"twitter_card":"summary_large_image","schema":{"@context":"https:\/\/schema.org","@graph":[{"@type":"WebPage","@id":"https:\/\/miumjau.ee\/lv\/produkts\/catfest-tunci-mousse-mitra-bariba-kakeniem-12-x-70-g\/","url":"https:\/\/miumjau.ee\/lv\/produkts\/catfest-tunci-mousse-mitra-bariba-kakeniem-12-x-70-g\/","name":"CatFest tunci mousse, mitr\u0101 bar\u012bba ka\u0137\u0113niem, 12 \u00d7 70 g - MiuMjau","isPartOf":{"@id":"https:\/\/miumjau.ee\/#website"},"primaryImageOfPage":{"@id":"https:\/\/miumjau.ee\/lv\/produkts\/catfest-tunci-mousse-mitra-bariba-kakeniem-12-x-70-g\/#primaryimage"},"image":{"@id":"https:\/\/miumjau.ee\/lv\/produkts\/catfest-tunci-mousse-mitra-bariba-kakeniem-12-x-70-g\/#primaryimage"},"thumbnailUrl":"https:\/\/miumjau.ee\/wp-content\/uploads\/2025\/04\/catfest-margtoit-kassidele38.webp","datePublished":"2025-04-22T10:35:16+00:00","dateModified":"2026-01-07T19:15:12+00:00","description":"CatFest putas ir \u0101rk\u0101rt\u012bgi delik\u0101tas un gardas, un t\u0101s ir \u012bpa\u0161i izstr\u0101d\u0101tas ka\u0137\u0113niem. \u012asts gard\u0113\u017eu na\u0161\u0137is un palutin\u0101jums j\u016bsu mazajam.","breadcrumb":{"@id":"https:\/\/miumjau.ee\/lv\/produkts\/catfest-tunci-mousse-mitra-bariba-kakeniem-12-x-70-g\/#breadcrumb"},"inLanguage":"lv-LV","potentialAction":[{"@type":"ReadAction","target":["https:\/\/miumjau.ee\/lv\/produkts\/catfest-tunci-mousse-mitra-bariba-kakeniem-12-x-70-g\/"]}]},{"@type":"ImageObject","inLanguage":"lv-LV","@id":"https:\/\/miumjau.ee\/lv\/produkts\/catfest-tunci-mousse-mitra-bariba-kakeniem-12-x-70-g\/#primaryimage","url":"https:\/\/miumjau.ee\/wp-content\/uploads\/2025\/04\/catfest-margtoit-kassidele38.webp","contentUrl":"https:\/\/miumjau.ee\/wp-content\/uploads\/2025\/04\/catfest-margtoit-kassidele38.webp","width":600,"height":800},{"@type":"BreadcrumbList","@id":"https:\/\/miumjau.ee\/lv\/produkts\/catfest-tunci-mousse-mitra-bariba-kakeniem-12-x-70-g\/#breadcrumb","itemListElement":[{"@type":"ListItem","position":1,"name":"Home","item":"https:\/\/miumjau.ee\/lv\/"},{"@type":"ListItem","position":2,"name":"Veikals","item":"https:\/\/miumjau.ee\/lv\/veikals\/"},{"@type":"ListItem","position":3,"name":"CatFest tunci mousse, mitr\u0101 bar\u012bba ka\u0137\u0113niem, 12 \u00d7 70 g"}]},{"@type":"WebSite","@id":"https:\/\/miumjau.ee\/#website","url":"https:\/\/miumjau.ee\/","name":"MiuMjau","description":"Kraapimispuud kassidele","publisher":{"@id":"https:\/\/miumjau.ee\/#organization"},"potentialAction":[{"@type":"SearchAction","target":{"@type":"EntryPoint","urlTemplate":"https:\/\/miumjau.ee\/?s={search_term_string}"},"query-input":{"@type":"PropertyValueSpecification","valueRequired":true,"valueName":"search_term_string"}}],"inLanguage":"lv-LV"},{"@type":"Organization","@id":"https:\/\/miumjau.ee\/#organization","name":"MiuMjau O\u00dc","url":"https:\/\/miumjau.ee\/","logo":{"@type":"ImageObject","inLanguage":"lv-LV","@id":"https:\/\/miumjau.ee\/#\/schema\/logo\/image\/","url":"https:\/\/miumjau.ee\/wp-content\/uploads\/2022\/04\/MiuMjau-logo-kollane.png","contentUrl":"https:\/\/miumjau.ee\/wp-content\/uploads\/2022\/04\/MiuMjau-logo-kollane.png","width":219,"height":100,"caption":"MiuMjau O\u00dc"},"image":{"@id":"https:\/\/miumjau.ee\/#\/schema\/logo\/image\/"},"sameAs":["https:\/\/www.facebook.com\/miumjaupood\/"]}]}},"_links":{"self":[{"href":"https:\/\/miumjau.ee\/lv\/wp-json\/wp\/v2\/product\/50079","targetHints":{"allow":["GET"]}}],"collection":[{"href":"https:\/\/miumjau.ee\/lv\/wp-json\/wp\/v2\/product"}],"about":[{"href":"https:\/\/miumjau.ee\/lv\/wp-json\/wp\/v2\/types\/product"}],"wp:featuredmedia":[{"embeddable":true,"href":"https:\/\/miumjau.ee\/lv\/wp-json\/wp\/v2\/media\/50080"}],"wp:attachment":[{"href":"https:\/\/miumjau.ee\/lv\/wp-json\/wp\/v2\/media?parent=50079"}],"wp:term":[{"taxonomy":"product_brand","embeddable":true,"href":"https:\/\/miumjau.ee\/lv\/wp-json\/wp\/v2\/product_brand?post=50079"},{"taxonomy":"product_cat","embeddable":true,"href":"https:\/\/miumjau.ee\/lv\/wp-json\/wp\/v2\/product_cat?post=50079"},{"taxonomy":"product_tag","embeddable":true,"href":"https:\/\/miumjau.ee\/lv\/wp-json\/wp\/v2\/product_tag?post=50079"}],"curies":[{"name":"wp","href":"https:\/\/api.w.org\/{rel}","templated":true}]}}