{"id":50075,"date":"2025-04-22T13:35:16","date_gmt":"2025-04-22T10:35:16","guid":{"rendered":"https:\/\/miumjau.ee\/toode\/catfest-porciju-pacina-ar-vistu-un-lasi-zeleja-12-x-70-g\/"},"modified":"2026-01-07T21:15:19","modified_gmt":"2026-01-07T19:15:19","slug":"catfest-porciju-pacina-ar-vistu-un-lasi-zeleja-12-x-70-g","status":"publish","type":"product","link":"https:\/\/miumjau.ee\/lv\/produkts\/catfest-porciju-pacina-ar-vistu-un-lasi-zeleja-12-x-70-g\/","title":{"rendered":"CatFest porciju paci\u0146a ar vistu un lasi \u017eelej\u0101, 12 \u00d7 70 g"},"content":{"rendered":"","protected":false},"excerpt":{"rendered":"<p>Maiga vistas ga\u013ca un izsmalcin\u0101ts oke\u0101na lasis rada unik\u0101lu gar\u0161u un arom\u0101tu, kas patiks pat vispras\u012bg\u0101kajiem ka\u0137u gard\u0113\u017eiem. \u0160is dab\u012bgais k\u0101rums sniedz j\u016bsu m\u012blulim ne tikai s\u0101ta saj\u016btu, bet ar\u012b labu garast\u0101vokli akt\u012bv\u0101m sp\u0113l\u0113m. Pied\u0101v\u0101ts k\u0101 papildbar\u012bba.<\/p>\n<p><strong>Sast\u0101vs:<\/strong> vistas ga\u013ca 54%, oke\u0101na lasis 6%, vistas buljons 38%, prebiotikas FOS, an\u0161ovu zivju e\u013c\u013ca, E vitam\u012bns, taur\u012bns, sikuru ekstrakts, miner\u0101lvielas.<\/p>\n<p><strong>Anal\u012btisk\u0101s sast\u0101vda\u013cas:<\/strong> kopprote\u012bns 9,5%, koptauki 1,5%, kop\u0161\u0137iedra 1%, koppelni 1%, mitrums 89%, ener\u0123ijas saturs 45,06 kcal.<\/p>\n<p><strong>Priek\u0161roc\u012bbas:<\/strong> Nesatur kr\u0101svielas, konservantus vai gar\u0161as pastiprin\u0101t\u0101jus. Nesatur graudaugus, kukur\u016bzu, soju, glut\u0113nu, blakusproduktus vai \u0122MO. Taur\u012bns pozit\u012bvi ietekm\u0113 ka\u0137a sirdi, redzi, dzirdi un im\u016bnsist\u0113mu. Omega-3 un Omega-6 tauksk\u0101bes no la\u0161a veicina skaistu un vesel\u012bgu ka\u017eoku, k\u0101 ar\u012b stiprina loc\u012btavas un zobus. Sikurs samazina ka\u0137u ekskrementu smaku, pal\u012bdzot saglab\u0101t smil\u0161u kastes apk\u0101rtni svaigu.<\/p>\n<p><strong>Lieto\u0161ana:<\/strong> Piem\u0113rots k\u0101 papildus dab\u012bg\u0101 bar\u012bba visiem pieaugu\u0161iem m\u0101jas ka\u0137iem, ieskaitot steriliz\u0113tus un kastr\u0113tus ka\u0137us, k\u0101 ar\u012b ka\u0137iem ar aler\u0123ij\u0101m vai gremo\u0161anas probl\u0113m\u0101m. Pasniegt istabas temperat\u016br\u0101. Glab\u0101t v\u0113s\u0101 un saus\u0101 viet\u0101. Dien\u0101 var dot l\u012bdz 3 paci\u0146\u0101m. Ka\u0137im vienm\u0113r j\u0101b\u016bt pieejamam svaigam dzeramajam \u016bdenim.<\/p>\n","protected":false},"featured_media":50076,"template":"","meta":[],"product_brand":[],"product_cat":[571],"product_tag":[],"class_list":{"0":"post-50075","1":"product","2":"type-product","3":"status-publish","4":"has-post-thumbnail","6":"product_cat-mitra-bariba","8":"first","9":"instock","10":"sale","11":"taxable","12":"shipping-taxable","13":"purchasable","14":"product-type-simple"},"yoast_head":"<!-- This site is optimized with the Yoast SEO plugin v27.2 - https:\/\/yoast.com\/product\/yoast-seo-wordpress\/ -->\n<title>CatFest porciju paci\u0146a ar vistu un lasi \u017eelej\u0101, 12 \u00d7 70 g - MiuMjau<\/title>\n<meta name=\"robots\" content=\"index, follow, max-snippet:-1, max-image-preview:large, max-video-preview:-1\" \/>\n<link rel=\"canonical\" href=\"https:\/\/miumjau.ee\/lv\/produkts\/catfest-porciju-pacina-ar-vistu-un-lasi-zeleja-12-x-70-g\/\" \/>\n<meta property=\"og:locale\" content=\"lv_LV\" \/>\n<meta property=\"og:type\" content=\"article\" \/>\n<meta property=\"og:title\" content=\"CatFest porciju paci\u0146a ar vistu un lasi \u017eelej\u0101, 12 \u00d7 70 g - MiuMjau\" \/>\n<meta property=\"og:description\" content=\"Maiga vistas ga\u013ca un izsmalcin\u0101ts oke\u0101na lasis rada unik\u0101lu gar\u0161u un arom\u0101tu, kas patiks pat vispras\u012bg\u0101kajiem ka\u0137u gard\u0113\u017eiem. \u0160is dab\u012bgais k\u0101rums sniedz j\u016bsu m\u012blulim ne tikai s\u0101ta saj\u016btu, bet ar\u012b labu garast\u0101vokli akt\u012bv\u0101m sp\u0113l\u0113m. Pied\u0101v\u0101ts k\u0101 papildbar\u012bba.  Sast\u0101vs: vistas ga\u013ca 54%, oke\u0101na lasis 6%, vistas buljons 38%, prebiotikas FOS, an\u0161ovu zivju e\u013c\u013ca, E vitam\u012bns, taur\u012bns, sikuru ekstrakts, miner\u0101lvielas.  Anal\u012btisk\u0101s sast\u0101vda\u013cas: kopprote\u012bns 9,5%, koptauki 1,5%, kop\u0161\u0137iedra 1%, koppelni 1%, mitrums 89%, ener\u0123ijas saturs 45,06 kcal.  Priek\u0161roc\u012bbas: Nesatur kr\u0101svielas, konservantus vai gar\u0161as pastiprin\u0101t\u0101jus. Nesatur graudaugus, kukur\u016bzu, soju, glut\u0113nu, blakusproduktus vai \u0122MO. Taur\u012bns pozit\u012bvi ietekm\u0113 ka\u0137a sirdi, redzi, dzirdi un im\u016bnsist\u0113mu. Omega-3 un Omega-6 tauksk\u0101bes no la\u0161a veicina skaistu un vesel\u012bgu ka\u017eoku, k\u0101 ar\u012b stiprina loc\u012btavas un zobus. Sikurs samazina ka\u0137u ekskrementu smaku, pal\u012bdzot saglab\u0101t smil\u0161u kastes apk\u0101rtni svaigu.  Lieto\u0161ana: Piem\u0113rots k\u0101 papildus dab\u012bg\u0101 bar\u012bba visiem pieaugu\u0161iem m\u0101jas ka\u0137iem, ieskaitot steriliz\u0113tus un kastr\u0113tus ka\u0137us, k\u0101 ar\u012b ka\u0137iem ar aler\u0123ij\u0101m vai gremo\u0161anas probl\u0113m\u0101m. Pasniegt istabas temperat\u016br\u0101. Glab\u0101t v\u0113s\u0101 un saus\u0101 viet\u0101. Dien\u0101 var dot l\u012bdz 3 paci\u0146\u0101m. Ka\u0137im vienm\u0113r j\u0101b\u016bt pieejamam svaigam dzeramajam \u016bdenim.\" \/>\n<meta property=\"og:url\" content=\"https:\/\/miumjau.ee\/lv\/produkts\/catfest-porciju-pacina-ar-vistu-un-lasi-zeleja-12-x-70-g\/\" \/>\n<meta property=\"og:site_name\" content=\"MiuMjau\" \/>\n<meta property=\"article:publisher\" content=\"https:\/\/www.facebook.com\/miumjaupood\/\" \/>\n<meta property=\"article:modified_time\" content=\"2026-01-07T19:15:19+00:00\" \/>\n<meta property=\"og:image\" content=\"https:\/\/miumjau.ee\/wp-content\/uploads\/2025\/04\/catfest-margtoit-kassidele27.webp\" \/>\n\t<meta property=\"og:image:width\" content=\"600\" \/>\n\t<meta property=\"og:image:height\" content=\"800\" \/>\n\t<meta property=\"og:image:type\" content=\"image\/webp\" \/>\n<meta name=\"twitter:card\" content=\"summary_large_image\" \/>\n<script type=\"application\/ld+json\" class=\"yoast-schema-graph\">{\"@context\":\"https:\/\/schema.org\",\"@graph\":[{\"@type\":\"WebPage\",\"@id\":\"https:\/\/miumjau.ee\/lv\/produkts\/catfest-porciju-pacina-ar-vistu-un-lasi-zeleja-12-x-70-g\/\",\"url\":\"https:\/\/miumjau.ee\/lv\/produkts\/catfest-porciju-pacina-ar-vistu-un-lasi-zeleja-12-x-70-g\/\",\"name\":\"CatFest porciju paci\u0146a ar vistu un lasi \u017eelej\u0101, 12 \u00d7 70 g - MiuMjau\",\"isPartOf\":{\"@id\":\"https:\/\/miumjau.ee\/#website\"},\"primaryImageOfPage\":{\"@id\":\"https:\/\/miumjau.ee\/lv\/produkts\/catfest-porciju-pacina-ar-vistu-un-lasi-zeleja-12-x-70-g\/#primaryimage\"},\"image\":{\"@id\":\"https:\/\/miumjau.ee\/lv\/produkts\/catfest-porciju-pacina-ar-vistu-un-lasi-zeleja-12-x-70-g\/#primaryimage\"},\"thumbnailUrl\":\"https:\/\/miumjau.ee\/wp-content\/uploads\/2025\/04\/catfest-margtoit-kassidele27.webp\",\"datePublished\":\"2025-04-22T10:35:16+00:00\",\"dateModified\":\"2026-01-07T19:15:19+00:00\",\"breadcrumb\":{\"@id\":\"https:\/\/miumjau.ee\/lv\/produkts\/catfest-porciju-pacina-ar-vistu-un-lasi-zeleja-12-x-70-g\/#breadcrumb\"},\"inLanguage\":\"lv-LV\",\"potentialAction\":[{\"@type\":\"ReadAction\",\"target\":[\"https:\/\/miumjau.ee\/lv\/produkts\/catfest-porciju-pacina-ar-vistu-un-lasi-zeleja-12-x-70-g\/\"]}]},{\"@type\":\"ImageObject\",\"inLanguage\":\"lv-LV\",\"@id\":\"https:\/\/miumjau.ee\/lv\/produkts\/catfest-porciju-pacina-ar-vistu-un-lasi-zeleja-12-x-70-g\/#primaryimage\",\"url\":\"https:\/\/miumjau.ee\/wp-content\/uploads\/2025\/04\/catfest-margtoit-kassidele27.webp\",\"contentUrl\":\"https:\/\/miumjau.ee\/wp-content\/uploads\/2025\/04\/catfest-margtoit-kassidele27.webp\",\"width\":600,\"height\":800},{\"@type\":\"BreadcrumbList\",\"@id\":\"https:\/\/miumjau.ee\/lv\/produkts\/catfest-porciju-pacina-ar-vistu-un-lasi-zeleja-12-x-70-g\/#breadcrumb\",\"itemListElement\":[{\"@type\":\"ListItem\",\"position\":1,\"name\":\"Home\",\"item\":\"https:\/\/miumjau.ee\/lv\/\"},{\"@type\":\"ListItem\",\"position\":2,\"name\":\"Veikals\",\"item\":\"https:\/\/miumjau.ee\/lv\/veikals\/\"},{\"@type\":\"ListItem\",\"position\":3,\"name\":\"CatFest porciju paci\u0146a ar vistu un lasi \u017eelej\u0101, 12 \u00d7 70 g\"}]},{\"@type\":\"WebSite\",\"@id\":\"https:\/\/miumjau.ee\/#website\",\"url\":\"https:\/\/miumjau.ee\/\",\"name\":\"MiuMjau\",\"description\":\"Kraapimispuud kassidele\",\"publisher\":{\"@id\":\"https:\/\/miumjau.ee\/#organization\"},\"potentialAction\":[{\"@type\":\"SearchAction\",\"target\":{\"@type\":\"EntryPoint\",\"urlTemplate\":\"https:\/\/miumjau.ee\/?s={search_term_string}\"},\"query-input\":{\"@type\":\"PropertyValueSpecification\",\"valueRequired\":true,\"valueName\":\"search_term_string\"}}],\"inLanguage\":\"lv-LV\"},{\"@type\":\"Organization\",\"@id\":\"https:\/\/miumjau.ee\/#organization\",\"name\":\"MiuMjau O\u00dc\",\"url\":\"https:\/\/miumjau.ee\/\",\"logo\":{\"@type\":\"ImageObject\",\"inLanguage\":\"lv-LV\",\"@id\":\"https:\/\/miumjau.ee\/#\/schema\/logo\/image\/\",\"url\":\"https:\/\/miumjau.ee\/wp-content\/uploads\/2022\/04\/MiuMjau-logo-kollane.png\",\"contentUrl\":\"https:\/\/miumjau.ee\/wp-content\/uploads\/2022\/04\/MiuMjau-logo-kollane.png\",\"width\":219,\"height\":100,\"caption\":\"MiuMjau O\u00dc\"},\"image\":{\"@id\":\"https:\/\/miumjau.ee\/#\/schema\/logo\/image\/\"},\"sameAs\":[\"https:\/\/www.facebook.com\/miumjaupood\/\"]}]}<\/script>\n<!-- \/ Yoast SEO plugin. -->","yoast_head_json":{"title":"CatFest porciju paci\u0146a ar vistu un lasi \u017eelej\u0101, 12 \u00d7 70 g - MiuMjau","robots":{"index":"index","follow":"follow","max-snippet":"max-snippet:-1","max-image-preview":"max-image-preview:large","max-video-preview":"max-video-preview:-1"},"canonical":"https:\/\/miumjau.ee\/lv\/produkts\/catfest-porciju-pacina-ar-vistu-un-lasi-zeleja-12-x-70-g\/","og_locale":"lv_LV","og_type":"article","og_title":"CatFest porciju paci\u0146a ar vistu un lasi \u017eelej\u0101, 12 \u00d7 70 g - MiuMjau","og_description":"Maiga vistas ga\u013ca un izsmalcin\u0101ts oke\u0101na lasis rada unik\u0101lu gar\u0161u un arom\u0101tu, kas patiks pat vispras\u012bg\u0101kajiem ka\u0137u gard\u0113\u017eiem. \u0160is dab\u012bgais k\u0101rums sniedz j\u016bsu m\u012blulim ne tikai s\u0101ta saj\u016btu, bet ar\u012b labu garast\u0101vokli akt\u012bv\u0101m sp\u0113l\u0113m. Pied\u0101v\u0101ts k\u0101 papildbar\u012bba.  Sast\u0101vs: vistas ga\u013ca 54%, oke\u0101na lasis 6%, vistas buljons 38%, prebiotikas FOS, an\u0161ovu zivju e\u013c\u013ca, E vitam\u012bns, taur\u012bns, sikuru ekstrakts, miner\u0101lvielas.  Anal\u012btisk\u0101s sast\u0101vda\u013cas: kopprote\u012bns 9,5%, koptauki 1,5%, kop\u0161\u0137iedra 1%, koppelni 1%, mitrums 89%, ener\u0123ijas saturs 45,06 kcal.  Priek\u0161roc\u012bbas: Nesatur kr\u0101svielas, konservantus vai gar\u0161as pastiprin\u0101t\u0101jus. Nesatur graudaugus, kukur\u016bzu, soju, glut\u0113nu, blakusproduktus vai \u0122MO. Taur\u012bns pozit\u012bvi ietekm\u0113 ka\u0137a sirdi, redzi, dzirdi un im\u016bnsist\u0113mu. Omega-3 un Omega-6 tauksk\u0101bes no la\u0161a veicina skaistu un vesel\u012bgu ka\u017eoku, k\u0101 ar\u012b stiprina loc\u012btavas un zobus. Sikurs samazina ka\u0137u ekskrementu smaku, pal\u012bdzot saglab\u0101t smil\u0161u kastes apk\u0101rtni svaigu.  Lieto\u0161ana: Piem\u0113rots k\u0101 papildus dab\u012bg\u0101 bar\u012bba visiem pieaugu\u0161iem m\u0101jas ka\u0137iem, ieskaitot steriliz\u0113tus un kastr\u0113tus ka\u0137us, k\u0101 ar\u012b ka\u0137iem ar aler\u0123ij\u0101m vai gremo\u0161anas probl\u0113m\u0101m. Pasniegt istabas temperat\u016br\u0101. Glab\u0101t v\u0113s\u0101 un saus\u0101 viet\u0101. Dien\u0101 var dot l\u012bdz 3 paci\u0146\u0101m. Ka\u0137im vienm\u0113r j\u0101b\u016bt pieejamam svaigam dzeramajam \u016bdenim.","og_url":"https:\/\/miumjau.ee\/lv\/produkts\/catfest-porciju-pacina-ar-vistu-un-lasi-zeleja-12-x-70-g\/","og_site_name":"MiuMjau","article_publisher":"https:\/\/www.facebook.com\/miumjaupood\/","article_modified_time":"2026-01-07T19:15:19+00:00","og_image":[{"width":600,"height":800,"url":"https:\/\/miumjau.ee\/wp-content\/uploads\/2025\/04\/catfest-margtoit-kassidele27.webp","type":"image\/webp"}],"twitter_card":"summary_large_image","schema":{"@context":"https:\/\/schema.org","@graph":[{"@type":"WebPage","@id":"https:\/\/miumjau.ee\/lv\/produkts\/catfest-porciju-pacina-ar-vistu-un-lasi-zeleja-12-x-70-g\/","url":"https:\/\/miumjau.ee\/lv\/produkts\/catfest-porciju-pacina-ar-vistu-un-lasi-zeleja-12-x-70-g\/","name":"CatFest porciju paci\u0146a ar vistu un lasi \u017eelej\u0101, 12 \u00d7 70 g - MiuMjau","isPartOf":{"@id":"https:\/\/miumjau.ee\/#website"},"primaryImageOfPage":{"@id":"https:\/\/miumjau.ee\/lv\/produkts\/catfest-porciju-pacina-ar-vistu-un-lasi-zeleja-12-x-70-g\/#primaryimage"},"image":{"@id":"https:\/\/miumjau.ee\/lv\/produkts\/catfest-porciju-pacina-ar-vistu-un-lasi-zeleja-12-x-70-g\/#primaryimage"},"thumbnailUrl":"https:\/\/miumjau.ee\/wp-content\/uploads\/2025\/04\/catfest-margtoit-kassidele27.webp","datePublished":"2025-04-22T10:35:16+00:00","dateModified":"2026-01-07T19:15:19+00:00","breadcrumb":{"@id":"https:\/\/miumjau.ee\/lv\/produkts\/catfest-porciju-pacina-ar-vistu-un-lasi-zeleja-12-x-70-g\/#breadcrumb"},"inLanguage":"lv-LV","potentialAction":[{"@type":"ReadAction","target":["https:\/\/miumjau.ee\/lv\/produkts\/catfest-porciju-pacina-ar-vistu-un-lasi-zeleja-12-x-70-g\/"]}]},{"@type":"ImageObject","inLanguage":"lv-LV","@id":"https:\/\/miumjau.ee\/lv\/produkts\/catfest-porciju-pacina-ar-vistu-un-lasi-zeleja-12-x-70-g\/#primaryimage","url":"https:\/\/miumjau.ee\/wp-content\/uploads\/2025\/04\/catfest-margtoit-kassidele27.webp","contentUrl":"https:\/\/miumjau.ee\/wp-content\/uploads\/2025\/04\/catfest-margtoit-kassidele27.webp","width":600,"height":800},{"@type":"BreadcrumbList","@id":"https:\/\/miumjau.ee\/lv\/produkts\/catfest-porciju-pacina-ar-vistu-un-lasi-zeleja-12-x-70-g\/#breadcrumb","itemListElement":[{"@type":"ListItem","position":1,"name":"Home","item":"https:\/\/miumjau.ee\/lv\/"},{"@type":"ListItem","position":2,"name":"Veikals","item":"https:\/\/miumjau.ee\/lv\/veikals\/"},{"@type":"ListItem","position":3,"name":"CatFest porciju paci\u0146a ar vistu un lasi \u017eelej\u0101, 12 \u00d7 70 g"}]},{"@type":"WebSite","@id":"https:\/\/miumjau.ee\/#website","url":"https:\/\/miumjau.ee\/","name":"MiuMjau","description":"Kraapimispuud kassidele","publisher":{"@id":"https:\/\/miumjau.ee\/#organization"},"potentialAction":[{"@type":"SearchAction","target":{"@type":"EntryPoint","urlTemplate":"https:\/\/miumjau.ee\/?s={search_term_string}"},"query-input":{"@type":"PropertyValueSpecification","valueRequired":true,"valueName":"search_term_string"}}],"inLanguage":"lv-LV"},{"@type":"Organization","@id":"https:\/\/miumjau.ee\/#organization","name":"MiuMjau O\u00dc","url":"https:\/\/miumjau.ee\/","logo":{"@type":"ImageObject","inLanguage":"lv-LV","@id":"https:\/\/miumjau.ee\/#\/schema\/logo\/image\/","url":"https:\/\/miumjau.ee\/wp-content\/uploads\/2022\/04\/MiuMjau-logo-kollane.png","contentUrl":"https:\/\/miumjau.ee\/wp-content\/uploads\/2022\/04\/MiuMjau-logo-kollane.png","width":219,"height":100,"caption":"MiuMjau O\u00dc"},"image":{"@id":"https:\/\/miumjau.ee\/#\/schema\/logo\/image\/"},"sameAs":["https:\/\/www.facebook.com\/miumjaupood\/"]}]}},"_links":{"self":[{"href":"https:\/\/miumjau.ee\/lv\/wp-json\/wp\/v2\/product\/50075","targetHints":{"allow":["GET"]}}],"collection":[{"href":"https:\/\/miumjau.ee\/lv\/wp-json\/wp\/v2\/product"}],"about":[{"href":"https:\/\/miumjau.ee\/lv\/wp-json\/wp\/v2\/types\/product"}],"wp:featuredmedia":[{"embeddable":true,"href":"https:\/\/miumjau.ee\/lv\/wp-json\/wp\/v2\/media\/50076"}],"wp:attachment":[{"href":"https:\/\/miumjau.ee\/lv\/wp-json\/wp\/v2\/media?parent=50075"}],"wp:term":[{"taxonomy":"product_brand","embeddable":true,"href":"https:\/\/miumjau.ee\/lv\/wp-json\/wp\/v2\/product_brand?post=50075"},{"taxonomy":"product_cat","embeddable":true,"href":"https:\/\/miumjau.ee\/lv\/wp-json\/wp\/v2\/product_cat?post=50075"},{"taxonomy":"product_tag","embeddable":true,"href":"https:\/\/miumjau.ee\/lv\/wp-json\/wp\/v2\/product_tag?post=50075"}],"curies":[{"name":"wp","href":"https:\/\/api.w.org\/{rel}","templated":true}]}}