{"id":50069,"date":"2025-04-22T13:35:16","date_gmt":"2025-04-22T10:35:16","guid":{"rendered":"https:\/\/miumjau.ee\/toode\/catfest-porciju-pacina-ar-tunci-un-lasi-zeleja-mitra-bariba-kakiem-12-x-70-g\/"},"modified":"2026-01-07T21:15:19","modified_gmt":"2026-01-07T19:15:19","slug":"catfest-porciju-pacina-ar-tunci-un-lasi-zeleja-mitra-bariba-kakiem-12-x-70-g","status":"publish","type":"product","link":"https:\/\/miumjau.ee\/lv\/produkts\/catfest-porciju-pacina-ar-tunci-un-lasi-zeleja-mitra-bariba-kakiem-12-x-70-g\/","title":{"rendered":"CatFest porciju paci\u0146a ar tunci un lasi \u017eelej\u0101, mitr\u0101 bar\u012bba ka\u0137iem, 12 \u00d7 70 g"},"content":{"rendered":"","protected":false},"excerpt":{"rendered":"<p>M\u016bsu papildbar\u012bba no v\u0113rt\u012bgaj\u0101m ziv\u012bm, piem\u0113ram, tunci un lasi, pied\u0101v\u0101 j\u016bsu m\u012blulim patiesu baud\u012bjumu. \u0160\u012bs malt\u012btes smalk\u0101 gar\u0161a aizrauj pat pras\u012bg\u0101kos gard\u0113\u017eus, savuk\u0101rt dab\u012bgais sast\u0101vs nodro\u0161ina vesel\u012bgu uzturu un labu pa\u0161saj\u016btu. Pied\u0101v\u0101ts k\u0101 papildbar\u012bba.<\/p>\n<p><strong>Sast\u0101vs:<\/strong> tunci 54%, lasis 6%, zivju buljons 38%, prebiotikas FOS, la\u0161a e\u013c\u013ca, E vitam\u012bns, taur\u012bns, sikuru ekstrakts.<\/p>\n<p><strong>Anal\u012btisk\u0101s sast\u0101vda\u013cas:<\/strong> kopprote\u012bns 10%, koptauki 0,8%, kop\u0161\u0137iedra 1%, koppelni 1,5%, mitrums 89%, ener\u0123ijas saturs 46,45 kcal.<\/p>\n<p><strong>Priek\u0161roc\u012bbas:<\/strong> \u0160\u012b bar\u012bba bez konservantiem un m\u0101ksl\u012bg\u0101m piedev\u0101m ir \u012bsts delikateses \u0113diens j\u016bsu ka\u0137im. Omega-3 un Omega-6 tauksk\u0101bes no la\u0161a pal\u012bdz saglab\u0101t \u0101das vesel\u012bbu un padara ka\u017eoku sp\u012bd\u012bgu. Taur\u012bns atbalsta sirds darb\u012bbu un uzlabo redzi, kam\u0113r E vitam\u012bns stiprina im\u016bnsist\u0113mu. Sikuru ekstrakts uzlabo gremo\u0161anu un samazina ka\u0137u ekskrementu smaku.<\/p>\n<p><strong>Lieto\u0161ana:<\/strong> Piem\u0113rots k\u0101 papildus dab\u012bg\u0101 bar\u012bba visiem pieaugu\u0161iem m\u0101jas ka\u0137iem, ieskaitot steriliz\u0113tus un kastr\u0113tus ka\u0137us, k\u0101 ar\u012b ka\u0137iem ar aler\u0123ij\u0101m vai gremo\u0161anas probl\u0113m\u0101m. Pasniegt istabas temperat\u016br\u0101. Glab\u0101t v\u0113s\u0101 un saus\u0101 viet\u0101. Dien\u0101 var dot l\u012bdz 3 paci\u0146\u0101m. Ka\u0137im vienm\u0113r j\u0101b\u016bt pieejamam svaigam dzeramajam \u016bdenim.<\/p>\n","protected":false},"featured_media":50070,"template":"","meta":[],"product_brand":[],"product_cat":[571],"product_tag":[],"class_list":{"0":"post-50069","1":"product","2":"type-product","3":"status-publish","4":"has-post-thumbnail","6":"product_cat-mitra-bariba","8":"first","9":"instock","10":"sale","11":"taxable","12":"shipping-taxable","13":"purchasable","14":"product-type-simple"},"yoast_head":"<!-- This site is optimized with the Yoast SEO plugin v27.2 - https:\/\/yoast.com\/product\/yoast-seo-wordpress\/ -->\n<title>CatFest porciju paci\u0146a ar tunci un lasi \u017eelej\u0101, mitr\u0101 bar\u012bba ka\u0137iem, 12 \u00d7 70 g - MiuMjau<\/title>\n<meta name=\"description\" content=\"CatFest simboliz\u0113 \u012bstu dab\u012bgu bar\u012bbu. Filejas gabali\u0146i gard\u0101, sul\u012bg\u0101 \u017eelej\u0101. J\u016bsu ka\u0137is vienk\u0101r\u0161i nevar pretoties!\" \/>\n<meta name=\"robots\" content=\"index, follow, max-snippet:-1, max-image-preview:large, max-video-preview:-1\" \/>\n<link rel=\"canonical\" href=\"https:\/\/miumjau.ee\/lv\/produkts\/catfest-porciju-pacina-ar-tunci-un-lasi-zeleja-mitra-bariba-kakiem-12-x-70-g\/\" \/>\n<meta property=\"og:locale\" content=\"lv_LV\" \/>\n<meta property=\"og:type\" content=\"article\" \/>\n<meta property=\"og:title\" content=\"CatFest porciju paci\u0146a ar tunci un lasi \u017eelej\u0101, mitr\u0101 bar\u012bba ka\u0137iem, 12 \u00d7 70 g - MiuMjau\" \/>\n<meta property=\"og:description\" content=\"CatFest simboliz\u0113 \u012bstu dab\u012bgu bar\u012bbu. Filejas gabali\u0146i gard\u0101, sul\u012bg\u0101 \u017eelej\u0101. J\u016bsu ka\u0137is vienk\u0101r\u0161i nevar pretoties!\" \/>\n<meta property=\"og:url\" content=\"https:\/\/miumjau.ee\/lv\/produkts\/catfest-porciju-pacina-ar-tunci-un-lasi-zeleja-mitra-bariba-kakiem-12-x-70-g\/\" \/>\n<meta property=\"og:site_name\" content=\"MiuMjau\" \/>\n<meta property=\"article:publisher\" content=\"https:\/\/www.facebook.com\/miumjaupood\/\" \/>\n<meta property=\"article:modified_time\" content=\"2026-01-07T19:15:19+00:00\" \/>\n<meta property=\"og:image\" content=\"https:\/\/miumjau.ee\/wp-content\/uploads\/2025\/04\/catfest-margtoit-kassidele23.webp\" \/>\n\t<meta property=\"og:image:width\" content=\"600\" \/>\n\t<meta property=\"og:image:height\" content=\"800\" \/>\n\t<meta property=\"og:image:type\" content=\"image\/webp\" \/>\n<meta name=\"twitter:card\" content=\"summary_large_image\" \/>\n<script type=\"application\/ld+json\" class=\"yoast-schema-graph\">{\"@context\":\"https:\/\/schema.org\",\"@graph\":[{\"@type\":\"WebPage\",\"@id\":\"https:\/\/miumjau.ee\/lv\/produkts\/catfest-porciju-pacina-ar-tunci-un-lasi-zeleja-mitra-bariba-kakiem-12-x-70-g\/\",\"url\":\"https:\/\/miumjau.ee\/lv\/produkts\/catfest-porciju-pacina-ar-tunci-un-lasi-zeleja-mitra-bariba-kakiem-12-x-70-g\/\",\"name\":\"CatFest porciju paci\u0146a ar tunci un lasi \u017eelej\u0101, mitr\u0101 bar\u012bba ka\u0137iem, 12 \u00d7 70 g - MiuMjau\",\"isPartOf\":{\"@id\":\"https:\/\/miumjau.ee\/#website\"},\"primaryImageOfPage\":{\"@id\":\"https:\/\/miumjau.ee\/lv\/produkts\/catfest-porciju-pacina-ar-tunci-un-lasi-zeleja-mitra-bariba-kakiem-12-x-70-g\/#primaryimage\"},\"image\":{\"@id\":\"https:\/\/miumjau.ee\/lv\/produkts\/catfest-porciju-pacina-ar-tunci-un-lasi-zeleja-mitra-bariba-kakiem-12-x-70-g\/#primaryimage\"},\"thumbnailUrl\":\"https:\/\/miumjau.ee\/wp-content\/uploads\/2025\/04\/catfest-margtoit-kassidele23.webp\",\"datePublished\":\"2025-04-22T10:35:16+00:00\",\"dateModified\":\"2026-01-07T19:15:19+00:00\",\"description\":\"CatFest simboliz\u0113 \u012bstu dab\u012bgu bar\u012bbu. Filejas gabali\u0146i gard\u0101, sul\u012bg\u0101 \u017eelej\u0101. J\u016bsu ka\u0137is vienk\u0101r\u0161i nevar pretoties!\",\"breadcrumb\":{\"@id\":\"https:\/\/miumjau.ee\/lv\/produkts\/catfest-porciju-pacina-ar-tunci-un-lasi-zeleja-mitra-bariba-kakiem-12-x-70-g\/#breadcrumb\"},\"inLanguage\":\"lv-LV\",\"potentialAction\":[{\"@type\":\"ReadAction\",\"target\":[\"https:\/\/miumjau.ee\/lv\/produkts\/catfest-porciju-pacina-ar-tunci-un-lasi-zeleja-mitra-bariba-kakiem-12-x-70-g\/\"]}]},{\"@type\":\"ImageObject\",\"inLanguage\":\"lv-LV\",\"@id\":\"https:\/\/miumjau.ee\/lv\/produkts\/catfest-porciju-pacina-ar-tunci-un-lasi-zeleja-mitra-bariba-kakiem-12-x-70-g\/#primaryimage\",\"url\":\"https:\/\/miumjau.ee\/wp-content\/uploads\/2025\/04\/catfest-margtoit-kassidele23.webp\",\"contentUrl\":\"https:\/\/miumjau.ee\/wp-content\/uploads\/2025\/04\/catfest-margtoit-kassidele23.webp\",\"width\":600,\"height\":800},{\"@type\":\"BreadcrumbList\",\"@id\":\"https:\/\/miumjau.ee\/lv\/produkts\/catfest-porciju-pacina-ar-tunci-un-lasi-zeleja-mitra-bariba-kakiem-12-x-70-g\/#breadcrumb\",\"itemListElement\":[{\"@type\":\"ListItem\",\"position\":1,\"name\":\"Home\",\"item\":\"https:\/\/miumjau.ee\/lv\/\"},{\"@type\":\"ListItem\",\"position\":2,\"name\":\"Veikals\",\"item\":\"https:\/\/miumjau.ee\/lv\/veikals\/\"},{\"@type\":\"ListItem\",\"position\":3,\"name\":\"CatFest porciju paci\u0146a ar tunci un lasi \u017eelej\u0101, mitr\u0101 bar\u012bba ka\u0137iem, 12 \u00d7 70 g\"}]},{\"@type\":\"WebSite\",\"@id\":\"https:\/\/miumjau.ee\/#website\",\"url\":\"https:\/\/miumjau.ee\/\",\"name\":\"MiuMjau\",\"description\":\"Kraapimispuud kassidele\",\"publisher\":{\"@id\":\"https:\/\/miumjau.ee\/#organization\"},\"potentialAction\":[{\"@type\":\"SearchAction\",\"target\":{\"@type\":\"EntryPoint\",\"urlTemplate\":\"https:\/\/miumjau.ee\/?s={search_term_string}\"},\"query-input\":{\"@type\":\"PropertyValueSpecification\",\"valueRequired\":true,\"valueName\":\"search_term_string\"}}],\"inLanguage\":\"lv-LV\"},{\"@type\":\"Organization\",\"@id\":\"https:\/\/miumjau.ee\/#organization\",\"name\":\"MiuMjau O\u00dc\",\"url\":\"https:\/\/miumjau.ee\/\",\"logo\":{\"@type\":\"ImageObject\",\"inLanguage\":\"lv-LV\",\"@id\":\"https:\/\/miumjau.ee\/#\/schema\/logo\/image\/\",\"url\":\"https:\/\/miumjau.ee\/wp-content\/uploads\/2022\/04\/MiuMjau-logo-kollane.png\",\"contentUrl\":\"https:\/\/miumjau.ee\/wp-content\/uploads\/2022\/04\/MiuMjau-logo-kollane.png\",\"width\":219,\"height\":100,\"caption\":\"MiuMjau O\u00dc\"},\"image\":{\"@id\":\"https:\/\/miumjau.ee\/#\/schema\/logo\/image\/\"},\"sameAs\":[\"https:\/\/www.facebook.com\/miumjaupood\/\"]}]}<\/script>\n<!-- \/ Yoast SEO plugin. -->","yoast_head_json":{"title":"CatFest porciju paci\u0146a ar tunci un lasi \u017eelej\u0101, mitr\u0101 bar\u012bba ka\u0137iem, 12 \u00d7 70 g - MiuMjau","description":"CatFest simboliz\u0113 \u012bstu dab\u012bgu bar\u012bbu. Filejas gabali\u0146i gard\u0101, sul\u012bg\u0101 \u017eelej\u0101. J\u016bsu ka\u0137is vienk\u0101r\u0161i nevar pretoties!","robots":{"index":"index","follow":"follow","max-snippet":"max-snippet:-1","max-image-preview":"max-image-preview:large","max-video-preview":"max-video-preview:-1"},"canonical":"https:\/\/miumjau.ee\/lv\/produkts\/catfest-porciju-pacina-ar-tunci-un-lasi-zeleja-mitra-bariba-kakiem-12-x-70-g\/","og_locale":"lv_LV","og_type":"article","og_title":"CatFest porciju paci\u0146a ar tunci un lasi \u017eelej\u0101, mitr\u0101 bar\u012bba ka\u0137iem, 12 \u00d7 70 g - MiuMjau","og_description":"CatFest simboliz\u0113 \u012bstu dab\u012bgu bar\u012bbu. Filejas gabali\u0146i gard\u0101, sul\u012bg\u0101 \u017eelej\u0101. J\u016bsu ka\u0137is vienk\u0101r\u0161i nevar pretoties!","og_url":"https:\/\/miumjau.ee\/lv\/produkts\/catfest-porciju-pacina-ar-tunci-un-lasi-zeleja-mitra-bariba-kakiem-12-x-70-g\/","og_site_name":"MiuMjau","article_publisher":"https:\/\/www.facebook.com\/miumjaupood\/","article_modified_time":"2026-01-07T19:15:19+00:00","og_image":[{"width":600,"height":800,"url":"https:\/\/miumjau.ee\/wp-content\/uploads\/2025\/04\/catfest-margtoit-kassidele23.webp","type":"image\/webp"}],"twitter_card":"summary_large_image","schema":{"@context":"https:\/\/schema.org","@graph":[{"@type":"WebPage","@id":"https:\/\/miumjau.ee\/lv\/produkts\/catfest-porciju-pacina-ar-tunci-un-lasi-zeleja-mitra-bariba-kakiem-12-x-70-g\/","url":"https:\/\/miumjau.ee\/lv\/produkts\/catfest-porciju-pacina-ar-tunci-un-lasi-zeleja-mitra-bariba-kakiem-12-x-70-g\/","name":"CatFest porciju paci\u0146a ar tunci un lasi \u017eelej\u0101, mitr\u0101 bar\u012bba ka\u0137iem, 12 \u00d7 70 g - MiuMjau","isPartOf":{"@id":"https:\/\/miumjau.ee\/#website"},"primaryImageOfPage":{"@id":"https:\/\/miumjau.ee\/lv\/produkts\/catfest-porciju-pacina-ar-tunci-un-lasi-zeleja-mitra-bariba-kakiem-12-x-70-g\/#primaryimage"},"image":{"@id":"https:\/\/miumjau.ee\/lv\/produkts\/catfest-porciju-pacina-ar-tunci-un-lasi-zeleja-mitra-bariba-kakiem-12-x-70-g\/#primaryimage"},"thumbnailUrl":"https:\/\/miumjau.ee\/wp-content\/uploads\/2025\/04\/catfest-margtoit-kassidele23.webp","datePublished":"2025-04-22T10:35:16+00:00","dateModified":"2026-01-07T19:15:19+00:00","description":"CatFest simboliz\u0113 \u012bstu dab\u012bgu bar\u012bbu. Filejas gabali\u0146i gard\u0101, sul\u012bg\u0101 \u017eelej\u0101. J\u016bsu ka\u0137is vienk\u0101r\u0161i nevar pretoties!","breadcrumb":{"@id":"https:\/\/miumjau.ee\/lv\/produkts\/catfest-porciju-pacina-ar-tunci-un-lasi-zeleja-mitra-bariba-kakiem-12-x-70-g\/#breadcrumb"},"inLanguage":"lv-LV","potentialAction":[{"@type":"ReadAction","target":["https:\/\/miumjau.ee\/lv\/produkts\/catfest-porciju-pacina-ar-tunci-un-lasi-zeleja-mitra-bariba-kakiem-12-x-70-g\/"]}]},{"@type":"ImageObject","inLanguage":"lv-LV","@id":"https:\/\/miumjau.ee\/lv\/produkts\/catfest-porciju-pacina-ar-tunci-un-lasi-zeleja-mitra-bariba-kakiem-12-x-70-g\/#primaryimage","url":"https:\/\/miumjau.ee\/wp-content\/uploads\/2025\/04\/catfest-margtoit-kassidele23.webp","contentUrl":"https:\/\/miumjau.ee\/wp-content\/uploads\/2025\/04\/catfest-margtoit-kassidele23.webp","width":600,"height":800},{"@type":"BreadcrumbList","@id":"https:\/\/miumjau.ee\/lv\/produkts\/catfest-porciju-pacina-ar-tunci-un-lasi-zeleja-mitra-bariba-kakiem-12-x-70-g\/#breadcrumb","itemListElement":[{"@type":"ListItem","position":1,"name":"Home","item":"https:\/\/miumjau.ee\/lv\/"},{"@type":"ListItem","position":2,"name":"Veikals","item":"https:\/\/miumjau.ee\/lv\/veikals\/"},{"@type":"ListItem","position":3,"name":"CatFest porciju paci\u0146a ar tunci un lasi \u017eelej\u0101, mitr\u0101 bar\u012bba ka\u0137iem, 12 \u00d7 70 g"}]},{"@type":"WebSite","@id":"https:\/\/miumjau.ee\/#website","url":"https:\/\/miumjau.ee\/","name":"MiuMjau","description":"Kraapimispuud kassidele","publisher":{"@id":"https:\/\/miumjau.ee\/#organization"},"potentialAction":[{"@type":"SearchAction","target":{"@type":"EntryPoint","urlTemplate":"https:\/\/miumjau.ee\/?s={search_term_string}"},"query-input":{"@type":"PropertyValueSpecification","valueRequired":true,"valueName":"search_term_string"}}],"inLanguage":"lv-LV"},{"@type":"Organization","@id":"https:\/\/miumjau.ee\/#organization","name":"MiuMjau O\u00dc","url":"https:\/\/miumjau.ee\/","logo":{"@type":"ImageObject","inLanguage":"lv-LV","@id":"https:\/\/miumjau.ee\/#\/schema\/logo\/image\/","url":"https:\/\/miumjau.ee\/wp-content\/uploads\/2022\/04\/MiuMjau-logo-kollane.png","contentUrl":"https:\/\/miumjau.ee\/wp-content\/uploads\/2022\/04\/MiuMjau-logo-kollane.png","width":219,"height":100,"caption":"MiuMjau O\u00dc"},"image":{"@id":"https:\/\/miumjau.ee\/#\/schema\/logo\/image\/"},"sameAs":["https:\/\/www.facebook.com\/miumjaupood\/"]}]}},"_links":{"self":[{"href":"https:\/\/miumjau.ee\/lv\/wp-json\/wp\/v2\/product\/50069","targetHints":{"allow":["GET"]}}],"collection":[{"href":"https:\/\/miumjau.ee\/lv\/wp-json\/wp\/v2\/product"}],"about":[{"href":"https:\/\/miumjau.ee\/lv\/wp-json\/wp\/v2\/types\/product"}],"wp:featuredmedia":[{"embeddable":true,"href":"https:\/\/miumjau.ee\/lv\/wp-json\/wp\/v2\/media\/50070"}],"wp:attachment":[{"href":"https:\/\/miumjau.ee\/lv\/wp-json\/wp\/v2\/media?parent=50069"}],"wp:term":[{"taxonomy":"product_brand","embeddable":true,"href":"https:\/\/miumjau.ee\/lv\/wp-json\/wp\/v2\/product_brand?post=50069"},{"taxonomy":"product_cat","embeddable":true,"href":"https:\/\/miumjau.ee\/lv\/wp-json\/wp\/v2\/product_cat?post=50069"},{"taxonomy":"product_tag","embeddable":true,"href":"https:\/\/miumjau.ee\/lv\/wp-json\/wp\/v2\/product_tag?post=50069"}],"curies":[{"name":"wp","href":"https:\/\/api.w.org\/{rel}","templated":true}]}}