{"id":49956,"date":"2025-04-22T13:35:16","date_gmt":"2025-04-22T10:35:16","guid":{"rendered":"https:\/\/miumjau.ee\/toode\/dogfest-maigi-titara-galas-desinas-ar-pirmais-pienu-kuceniem-45-g\/"},"modified":"2026-01-07T21:15:26","modified_gmt":"2026-01-07T19:15:26","slug":"dogfest-maigi-titara-galas-desinas-ar-pirmais-pienu-kuceniem-45-g","status":"publish","type":"product","link":"https:\/\/miumjau.ee\/lv\/produkts\/dogfest-maigi-titara-galas-desinas-ar-pirmais-pienu-kuceniem-45-g\/","title":{"rendered":"DogFest maigi t\u012btara ga\u013cas desi\u0146as ar pirmais pienu kuc\u0113niem, 45 g"},"content":{"rendered":"","protected":false},"excerpt":{"rendered":"<p>M\u0113s pievienojam pirmais pienu visiem kuc\u0113nu k\u0101rumiem, ko ra\u017eojam. Pirmais piens ir paz\u012bstams ar vesel\u012bbai labv\u0113l\u012bgaj\u0101m \u012bpa\u0161\u012bb\u0101m, tas satur bag\u0101t\u012bgi vitam\u012bnus, kas nepiecie\u0161ami kuc\u0113na stiprai im\u016bnsist\u0113mai un norm\u0101lai att\u012bst\u012bbai.<\/p>\n<p><strong>Sast\u0101vs:<\/strong> vistas ga\u013ca 73,8%, t\u012btara ga\u013ca 10%, govs pirmais piens 2%, augu blakusprodukti, miner\u0101lvielas.<br \/>\n<strong>Anal\u012btisk\u0101s sast\u0101vda\u013cas:<\/strong> kopprote\u012bns 40%, koptauki 4%, kop\u0161\u0137iedra 3%, koppelni 8%, mitrums 23%.<br \/>\n<strong>Lieto\u0161ana:<\/strong> Pasniedziet k\u0101 k\u0101rumu dienas laik\u0101. Maksim\u0101l\u0101 dienas deva: 1\u20132 gabali. Daudzumu var regul\u0113t atbilsto\u0161i su\u0146a vajadz\u012bb\u0101m un st\u0101voklim. Svaigs dzeramais \u016bdens j\u0101b\u016bt vienm\u0113r pieejams. Nepametiet suni bez uzraudz\u012bbas, kam\u0113r tas ko\u0161\u013c\u0101 k\u0101rumu, vai vienu pats ar k\u0101rumu iepakojumu. Iepakojum\u0101 eso\u0161ais sk\u0101bek\u013ca absorbents nav \u0113dams. Glab\u0101t saus\u0101 un v\u0113s\u0101 viet\u0101, p\u0113c atv\u0113r\u0161anas uzglab\u0101t ledusskap\u012b.<\/p>\n","protected":false},"featured_media":49957,"template":"","meta":[],"product_brand":[],"product_cat":[576],"product_tag":[],"class_list":{"0":"post-49956","1":"product","2":"type-product","3":"status-publish","4":"has-post-thumbnail","6":"product_cat-naski-suniem","8":"first","9":"outofstock","10":"taxable","11":"shipping-taxable","12":"purchasable","13":"product-type-simple"},"yoast_head":"<!-- This site is optimized with the Yoast SEO plugin v27.2 - https:\/\/yoast.com\/product\/yoast-seo-wordpress\/ -->\n<title>DogFest maigi t\u012btara ga\u013cas desi\u0146as ar pirmais pienu kuc\u0113niem, 45 g - MiuMjau<\/title>\n<meta name=\"description\" content=\"Dogfest z\u012bmols pied\u0101v\u0101 pla\u0161u gar\u0161\u012bgu uzkodu kl\u0101stu gan ka\u0137iem, gan su\u0146iem. N\u0101c un izm\u0113\u0123ini da\u017e\u0101d\u0101s gar\u0161as, lai atrastu savu iecien\u012bt\u0101ko!\" \/>\n<meta name=\"robots\" content=\"index, follow, max-snippet:-1, max-image-preview:large, max-video-preview:-1\" \/>\n<link rel=\"canonical\" href=\"https:\/\/miumjau.ee\/lv\/produkts\/dogfest-maigi-titara-galas-desinas-ar-pirmais-pienu-kuceniem-45-g\/\" \/>\n<meta property=\"og:locale\" content=\"lv_LV\" \/>\n<meta property=\"og:type\" content=\"article\" \/>\n<meta property=\"og:title\" content=\"DogFest maigi t\u012btara ga\u013cas desi\u0146as ar pirmais pienu kuc\u0113niem, 45 g - MiuMjau\" \/>\n<meta property=\"og:description\" content=\"Dogfest z\u012bmols pied\u0101v\u0101 pla\u0161u gar\u0161\u012bgu uzkodu kl\u0101stu gan ka\u0137iem, gan su\u0146iem. N\u0101c un izm\u0113\u0123ini da\u017e\u0101d\u0101s gar\u0161as, lai atrastu savu iecien\u012bt\u0101ko!\" \/>\n<meta property=\"og:url\" content=\"https:\/\/miumjau.ee\/lv\/produkts\/dogfest-maigi-titara-galas-desinas-ar-pirmais-pienu-kuceniem-45-g\/\" \/>\n<meta property=\"og:site_name\" content=\"MiuMjau\" \/>\n<meta property=\"article:publisher\" content=\"https:\/\/www.facebook.com\/miumjaupood\/\" \/>\n<meta property=\"article:modified_time\" content=\"2026-01-07T19:15:26+00:00\" \/>\n<meta property=\"og:image\" content=\"https:\/\/miumjau.ee\/wp-content\/uploads\/2025\/04\/dofest-maiused-koertele45.webp\" \/>\n\t<meta property=\"og:image:width\" content=\"600\" \/>\n\t<meta property=\"og:image:height\" content=\"800\" \/>\n\t<meta property=\"og:image:type\" content=\"image\/webp\" \/>\n<meta name=\"twitter:card\" content=\"summary_large_image\" \/>\n<script type=\"application\/ld+json\" class=\"yoast-schema-graph\">{\"@context\":\"https:\/\/schema.org\",\"@graph\":[{\"@type\":\"WebPage\",\"@id\":\"https:\/\/miumjau.ee\/lv\/produkts\/dogfest-maigi-titara-galas-desinas-ar-pirmais-pienu-kuceniem-45-g\/\",\"url\":\"https:\/\/miumjau.ee\/lv\/produkts\/dogfest-maigi-titara-galas-desinas-ar-pirmais-pienu-kuceniem-45-g\/\",\"name\":\"DogFest maigi t\u012btara ga\u013cas desi\u0146as ar pirmais pienu kuc\u0113niem, 45 g - MiuMjau\",\"isPartOf\":{\"@id\":\"https:\/\/miumjau.ee\/#website\"},\"primaryImageOfPage\":{\"@id\":\"https:\/\/miumjau.ee\/lv\/produkts\/dogfest-maigi-titara-galas-desinas-ar-pirmais-pienu-kuceniem-45-g\/#primaryimage\"},\"image\":{\"@id\":\"https:\/\/miumjau.ee\/lv\/produkts\/dogfest-maigi-titara-galas-desinas-ar-pirmais-pienu-kuceniem-45-g\/#primaryimage\"},\"thumbnailUrl\":\"https:\/\/miumjau.ee\/wp-content\/uploads\/2025\/04\/dofest-maiused-koertele45.webp\",\"datePublished\":\"2025-04-22T10:35:16+00:00\",\"dateModified\":\"2026-01-07T19:15:26+00:00\",\"description\":\"Dogfest z\u012bmols pied\u0101v\u0101 pla\u0161u gar\u0161\u012bgu uzkodu kl\u0101stu gan ka\u0137iem, gan su\u0146iem. N\u0101c un izm\u0113\u0123ini da\u017e\u0101d\u0101s gar\u0161as, lai atrastu savu iecien\u012bt\u0101ko!\",\"breadcrumb\":{\"@id\":\"https:\/\/miumjau.ee\/lv\/produkts\/dogfest-maigi-titara-galas-desinas-ar-pirmais-pienu-kuceniem-45-g\/#breadcrumb\"},\"inLanguage\":\"lv-LV\",\"potentialAction\":[{\"@type\":\"ReadAction\",\"target\":[\"https:\/\/miumjau.ee\/lv\/produkts\/dogfest-maigi-titara-galas-desinas-ar-pirmais-pienu-kuceniem-45-g\/\"]}]},{\"@type\":\"ImageObject\",\"inLanguage\":\"lv-LV\",\"@id\":\"https:\/\/miumjau.ee\/lv\/produkts\/dogfest-maigi-titara-galas-desinas-ar-pirmais-pienu-kuceniem-45-g\/#primaryimage\",\"url\":\"https:\/\/miumjau.ee\/wp-content\/uploads\/2025\/04\/dofest-maiused-koertele45.webp\",\"contentUrl\":\"https:\/\/miumjau.ee\/wp-content\/uploads\/2025\/04\/dofest-maiused-koertele45.webp\",\"width\":600,\"height\":800},{\"@type\":\"BreadcrumbList\",\"@id\":\"https:\/\/miumjau.ee\/lv\/produkts\/dogfest-maigi-titara-galas-desinas-ar-pirmais-pienu-kuceniem-45-g\/#breadcrumb\",\"itemListElement\":[{\"@type\":\"ListItem\",\"position\":1,\"name\":\"Home\",\"item\":\"https:\/\/miumjau.ee\/lv\/\"},{\"@type\":\"ListItem\",\"position\":2,\"name\":\"Veikals\",\"item\":\"https:\/\/miumjau.ee\/lv\/veikals\/\"},{\"@type\":\"ListItem\",\"position\":3,\"name\":\"DogFest maigi t\u012btara ga\u013cas desi\u0146as ar pirmais pienu kuc\u0113niem, 45 g\"}]},{\"@type\":\"WebSite\",\"@id\":\"https:\/\/miumjau.ee\/#website\",\"url\":\"https:\/\/miumjau.ee\/\",\"name\":\"MiuMjau\",\"description\":\"Kraapimispuud kassidele\",\"publisher\":{\"@id\":\"https:\/\/miumjau.ee\/#organization\"},\"potentialAction\":[{\"@type\":\"SearchAction\",\"target\":{\"@type\":\"EntryPoint\",\"urlTemplate\":\"https:\/\/miumjau.ee\/?s={search_term_string}\"},\"query-input\":{\"@type\":\"PropertyValueSpecification\",\"valueRequired\":true,\"valueName\":\"search_term_string\"}}],\"inLanguage\":\"lv-LV\"},{\"@type\":\"Organization\",\"@id\":\"https:\/\/miumjau.ee\/#organization\",\"name\":\"MiuMjau O\u00dc\",\"url\":\"https:\/\/miumjau.ee\/\",\"logo\":{\"@type\":\"ImageObject\",\"inLanguage\":\"lv-LV\",\"@id\":\"https:\/\/miumjau.ee\/#\/schema\/logo\/image\/\",\"url\":\"https:\/\/miumjau.ee\/wp-content\/uploads\/2022\/04\/MiuMjau-logo-kollane.png\",\"contentUrl\":\"https:\/\/miumjau.ee\/wp-content\/uploads\/2022\/04\/MiuMjau-logo-kollane.png\",\"width\":219,\"height\":100,\"caption\":\"MiuMjau O\u00dc\"},\"image\":{\"@id\":\"https:\/\/miumjau.ee\/#\/schema\/logo\/image\/\"},\"sameAs\":[\"https:\/\/www.facebook.com\/miumjaupood\/\"]}]}<\/script>\n<!-- \/ Yoast SEO plugin. -->","yoast_head_json":{"title":"DogFest maigi t\u012btara ga\u013cas desi\u0146as ar pirmais pienu kuc\u0113niem, 45 g - MiuMjau","description":"Dogfest z\u012bmols pied\u0101v\u0101 pla\u0161u gar\u0161\u012bgu uzkodu kl\u0101stu gan ka\u0137iem, gan su\u0146iem. N\u0101c un izm\u0113\u0123ini da\u017e\u0101d\u0101s gar\u0161as, lai atrastu savu iecien\u012bt\u0101ko!","robots":{"index":"index","follow":"follow","max-snippet":"max-snippet:-1","max-image-preview":"max-image-preview:large","max-video-preview":"max-video-preview:-1"},"canonical":"https:\/\/miumjau.ee\/lv\/produkts\/dogfest-maigi-titara-galas-desinas-ar-pirmais-pienu-kuceniem-45-g\/","og_locale":"lv_LV","og_type":"article","og_title":"DogFest maigi t\u012btara ga\u013cas desi\u0146as ar pirmais pienu kuc\u0113niem, 45 g - MiuMjau","og_description":"Dogfest z\u012bmols pied\u0101v\u0101 pla\u0161u gar\u0161\u012bgu uzkodu kl\u0101stu gan ka\u0137iem, gan su\u0146iem. N\u0101c un izm\u0113\u0123ini da\u017e\u0101d\u0101s gar\u0161as, lai atrastu savu iecien\u012bt\u0101ko!","og_url":"https:\/\/miumjau.ee\/lv\/produkts\/dogfest-maigi-titara-galas-desinas-ar-pirmais-pienu-kuceniem-45-g\/","og_site_name":"MiuMjau","article_publisher":"https:\/\/www.facebook.com\/miumjaupood\/","article_modified_time":"2026-01-07T19:15:26+00:00","og_image":[{"width":600,"height":800,"url":"https:\/\/miumjau.ee\/wp-content\/uploads\/2025\/04\/dofest-maiused-koertele45.webp","type":"image\/webp"}],"twitter_card":"summary_large_image","schema":{"@context":"https:\/\/schema.org","@graph":[{"@type":"WebPage","@id":"https:\/\/miumjau.ee\/lv\/produkts\/dogfest-maigi-titara-galas-desinas-ar-pirmais-pienu-kuceniem-45-g\/","url":"https:\/\/miumjau.ee\/lv\/produkts\/dogfest-maigi-titara-galas-desinas-ar-pirmais-pienu-kuceniem-45-g\/","name":"DogFest maigi t\u012btara ga\u013cas desi\u0146as ar pirmais pienu kuc\u0113niem, 45 g - MiuMjau","isPartOf":{"@id":"https:\/\/miumjau.ee\/#website"},"primaryImageOfPage":{"@id":"https:\/\/miumjau.ee\/lv\/produkts\/dogfest-maigi-titara-galas-desinas-ar-pirmais-pienu-kuceniem-45-g\/#primaryimage"},"image":{"@id":"https:\/\/miumjau.ee\/lv\/produkts\/dogfest-maigi-titara-galas-desinas-ar-pirmais-pienu-kuceniem-45-g\/#primaryimage"},"thumbnailUrl":"https:\/\/miumjau.ee\/wp-content\/uploads\/2025\/04\/dofest-maiused-koertele45.webp","datePublished":"2025-04-22T10:35:16+00:00","dateModified":"2026-01-07T19:15:26+00:00","description":"Dogfest z\u012bmols pied\u0101v\u0101 pla\u0161u gar\u0161\u012bgu uzkodu kl\u0101stu gan ka\u0137iem, gan su\u0146iem. N\u0101c un izm\u0113\u0123ini da\u017e\u0101d\u0101s gar\u0161as, lai atrastu savu iecien\u012bt\u0101ko!","breadcrumb":{"@id":"https:\/\/miumjau.ee\/lv\/produkts\/dogfest-maigi-titara-galas-desinas-ar-pirmais-pienu-kuceniem-45-g\/#breadcrumb"},"inLanguage":"lv-LV","potentialAction":[{"@type":"ReadAction","target":["https:\/\/miumjau.ee\/lv\/produkts\/dogfest-maigi-titara-galas-desinas-ar-pirmais-pienu-kuceniem-45-g\/"]}]},{"@type":"ImageObject","inLanguage":"lv-LV","@id":"https:\/\/miumjau.ee\/lv\/produkts\/dogfest-maigi-titara-galas-desinas-ar-pirmais-pienu-kuceniem-45-g\/#primaryimage","url":"https:\/\/miumjau.ee\/wp-content\/uploads\/2025\/04\/dofest-maiused-koertele45.webp","contentUrl":"https:\/\/miumjau.ee\/wp-content\/uploads\/2025\/04\/dofest-maiused-koertele45.webp","width":600,"height":800},{"@type":"BreadcrumbList","@id":"https:\/\/miumjau.ee\/lv\/produkts\/dogfest-maigi-titara-galas-desinas-ar-pirmais-pienu-kuceniem-45-g\/#breadcrumb","itemListElement":[{"@type":"ListItem","position":1,"name":"Home","item":"https:\/\/miumjau.ee\/lv\/"},{"@type":"ListItem","position":2,"name":"Veikals","item":"https:\/\/miumjau.ee\/lv\/veikals\/"},{"@type":"ListItem","position":3,"name":"DogFest maigi t\u012btara ga\u013cas desi\u0146as ar pirmais pienu kuc\u0113niem, 45 g"}]},{"@type":"WebSite","@id":"https:\/\/miumjau.ee\/#website","url":"https:\/\/miumjau.ee\/","name":"MiuMjau","description":"Kraapimispuud kassidele","publisher":{"@id":"https:\/\/miumjau.ee\/#organization"},"potentialAction":[{"@type":"SearchAction","target":{"@type":"EntryPoint","urlTemplate":"https:\/\/miumjau.ee\/?s={search_term_string}"},"query-input":{"@type":"PropertyValueSpecification","valueRequired":true,"valueName":"search_term_string"}}],"inLanguage":"lv-LV"},{"@type":"Organization","@id":"https:\/\/miumjau.ee\/#organization","name":"MiuMjau O\u00dc","url":"https:\/\/miumjau.ee\/","logo":{"@type":"ImageObject","inLanguage":"lv-LV","@id":"https:\/\/miumjau.ee\/#\/schema\/logo\/image\/","url":"https:\/\/miumjau.ee\/wp-content\/uploads\/2022\/04\/MiuMjau-logo-kollane.png","contentUrl":"https:\/\/miumjau.ee\/wp-content\/uploads\/2022\/04\/MiuMjau-logo-kollane.png","width":219,"height":100,"caption":"MiuMjau O\u00dc"},"image":{"@id":"https:\/\/miumjau.ee\/#\/schema\/logo\/image\/"},"sameAs":["https:\/\/www.facebook.com\/miumjaupood\/"]}]}},"_links":{"self":[{"href":"https:\/\/miumjau.ee\/lv\/wp-json\/wp\/v2\/product\/49956","targetHints":{"allow":["GET"]}}],"collection":[{"href":"https:\/\/miumjau.ee\/lv\/wp-json\/wp\/v2\/product"}],"about":[{"href":"https:\/\/miumjau.ee\/lv\/wp-json\/wp\/v2\/types\/product"}],"wp:featuredmedia":[{"embeddable":true,"href":"https:\/\/miumjau.ee\/lv\/wp-json\/wp\/v2\/media\/49957"}],"wp:attachment":[{"href":"https:\/\/miumjau.ee\/lv\/wp-json\/wp\/v2\/media?parent=49956"}],"wp:term":[{"taxonomy":"product_brand","embeddable":true,"href":"https:\/\/miumjau.ee\/lv\/wp-json\/wp\/v2\/product_brand?post=49956"},{"taxonomy":"product_cat","embeddable":true,"href":"https:\/\/miumjau.ee\/lv\/wp-json\/wp\/v2\/product_cat?post=49956"},{"taxonomy":"product_tag","embeddable":true,"href":"https:\/\/miumjau.ee\/lv\/wp-json\/wp\/v2\/product_tag?post=49956"}],"curies":[{"name":"wp","href":"https:\/\/api.w.org\/{rel}","templated":true}]}}