{"id":49952,"date":"2025-04-22T13:35:16","date_gmt":"2025-04-22T10:35:16","guid":{"rendered":"https:\/\/miumjau.ee\/toode\/dogfest-treninu-karumini-no-putnu-galas-ar-cia-seklam-visiem-suniem-90-g\/"},"modified":"2026-01-07T21:15:33","modified_gmt":"2026-01-07T19:15:33","slug":"dogfest-treninu-karumini-no-putnu-galas-ar-cia-seklam-visiem-suniem-90-g","status":"publish","type":"product","link":"https:\/\/miumjau.ee\/lv\/produkts\/dogfest-treninu-karumini-no-putnu-galas-ar-cia-seklam-visiem-suniem-90-g\/","title":{"rendered":"DogFest treni\u0146u k\u0101rumi\u0146i no putnu ga\u013cas ar \u010dia s\u0113kl\u0101m visiem su\u0146iem, 90 g"},"content":{"rendered":"","protected":false},"excerpt":{"rendered":"<p>\u010cia s\u0113klas satur \u0101rk\u0101rt\u012bgi daudz vesel\u012bg\u0101s sast\u0101vda\u013cas: vitam\u012bnus, miner\u0101lvielas, aminosk\u0101bes, omega-3 un omega-6 tauksk\u0101bes. Putnu ga\u013ca ir \u012bsts delikateses produkts. \u0160\u0101da kombin\u0101cija nodro\u0161ina su\u0146iem piln\u012bgu k\u0101rumu.<\/p>\n<p><strong>Sast\u0101vs:<\/strong> putnu ga\u013ca 67,5%, \u010dia s\u0113klas 8%, za\u013c\u0101 t\u0113ja, augu blakusprodukti, miner\u0101lvielas.<br \/>\n<strong>Anal\u012btisk\u0101s sast\u0101vda\u013cas:<\/strong> kopprote\u012bns 25%, koptauki 8%, kop\u0161\u0137iedra 1%, koppelni 5%, mitrums 23%.<br \/>\n<strong>Lieto\u0161ana:<\/strong> Daudzumu var regul\u0113t atbilsto\u0161i su\u0146a vajadz\u012bb\u0101m un st\u0101voklim. Svaigs dzeramais \u016bdens j\u0101b\u016bt vienm\u0113r pieejams. Nepametiet suni bez uzraudz\u012bbas, kam\u0113r tas ko\u0161\u013c\u0101 k\u0101rumu, vai vienu pats ar k\u0101rumu iepakojumu. Iepakojum\u0101 eso\u0161ais sk\u0101bek\u013ca absorbents nav \u0113dams. Glab\u0101t saus\u0101 un v\u0113s\u0101 viet\u0101, p\u0113c atv\u0113r\u0161anas uzglab\u0101t ledusskap\u012b.<\/p>\n","protected":false},"featured_media":49953,"template":"","meta":[],"product_brand":[],"product_cat":[576],"product_tag":[],"class_list":{"0":"post-49952","1":"product","2":"type-product","3":"status-publish","4":"has-post-thumbnail","6":"product_cat-naski-suniem","8":"first","9":"instock","10":"taxable","11":"shipping-taxable","12":"purchasable","13":"product-type-simple"},"yoast_head":"<!-- This site is optimized with the Yoast SEO plugin v27.2 - https:\/\/yoast.com\/product\/yoast-seo-wordpress\/ -->\n<title>DogFest treni\u0146u k\u0101rumi\u0146i no putnu ga\u013cas ar \u010dia s\u0113kl\u0101m visiem su\u0146iem, 90 g - MiuMjau<\/title>\n<meta name=\"robots\" content=\"index, follow, max-snippet:-1, max-image-preview:large, max-video-preview:-1\" \/>\n<link rel=\"canonical\" href=\"https:\/\/miumjau.ee\/lv\/produkts\/dogfest-treninu-karumini-no-putnu-galas-ar-cia-seklam-visiem-suniem-90-g\/\" \/>\n<meta property=\"og:locale\" content=\"lv_LV\" \/>\n<meta property=\"og:type\" content=\"article\" \/>\n<meta property=\"og:title\" content=\"DogFest treni\u0146u k\u0101rumi\u0146i no putnu ga\u013cas ar \u010dia s\u0113kl\u0101m visiem su\u0146iem, 90 g - MiuMjau\" \/>\n<meta property=\"og:description\" content=\"\u010cia s\u0113klas satur \u0101rk\u0101rt\u012bgi daudz vesel\u012bg\u0101s sast\u0101vda\u013cas: vitam\u012bnus, miner\u0101lvielas, aminosk\u0101bes, omega-3 un omega-6 tauksk\u0101bes. Putnu ga\u013ca ir \u012bsts delikateses produkts. \u0160\u0101da kombin\u0101cija nodro\u0161ina su\u0146iem piln\u012bgu k\u0101rumu.  Sast\u0101vs: putnu ga\u013ca 67,5%, \u010dia s\u0113klas 8%, za\u013c\u0101 t\u0113ja, augu blakusprodukti, miner\u0101lvielas. Anal\u012btisk\u0101s sast\u0101vda\u013cas: kopprote\u012bns 25%, koptauki 8%, kop\u0161\u0137iedra 1%, koppelni 5%, mitrums 23%. Lieto\u0161ana: Daudzumu var regul\u0113t atbilsto\u0161i su\u0146a vajadz\u012bb\u0101m un st\u0101voklim. Svaigs dzeramais \u016bdens j\u0101b\u016bt vienm\u0113r pieejams. Nepametiet suni bez uzraudz\u012bbas, kam\u0113r tas ko\u0161\u013c\u0101 k\u0101rumu, vai vienu pats ar k\u0101rumu iepakojumu. Iepakojum\u0101 eso\u0161ais sk\u0101bek\u013ca absorbents nav \u0113dams. Glab\u0101t saus\u0101 un v\u0113s\u0101 viet\u0101, p\u0113c atv\u0113r\u0161anas uzglab\u0101t ledusskap\u012b.\" \/>\n<meta property=\"og:url\" content=\"https:\/\/miumjau.ee\/lv\/produkts\/dogfest-treninu-karumini-no-putnu-galas-ar-cia-seklam-visiem-suniem-90-g\/\" \/>\n<meta property=\"og:site_name\" content=\"MiuMjau\" \/>\n<meta property=\"article:publisher\" content=\"https:\/\/www.facebook.com\/miumjaupood\/\" \/>\n<meta property=\"article:modified_time\" content=\"2026-01-07T19:15:33+00:00\" \/>\n<meta property=\"og:image\" content=\"https:\/\/miumjau.ee\/wp-content\/uploads\/2025\/04\/dofest-maiused-koertele47.webp\" \/>\n\t<meta property=\"og:image:width\" content=\"600\" \/>\n\t<meta property=\"og:image:height\" content=\"800\" \/>\n\t<meta property=\"og:image:type\" content=\"image\/webp\" \/>\n<meta name=\"twitter:card\" content=\"summary_large_image\" \/>\n<script type=\"application\/ld+json\" class=\"yoast-schema-graph\">{\"@context\":\"https:\/\/schema.org\",\"@graph\":[{\"@type\":\"WebPage\",\"@id\":\"https:\/\/miumjau.ee\/lv\/produkts\/dogfest-treninu-karumini-no-putnu-galas-ar-cia-seklam-visiem-suniem-90-g\/\",\"url\":\"https:\/\/miumjau.ee\/lv\/produkts\/dogfest-treninu-karumini-no-putnu-galas-ar-cia-seklam-visiem-suniem-90-g\/\",\"name\":\"DogFest treni\u0146u k\u0101rumi\u0146i no putnu ga\u013cas ar \u010dia s\u0113kl\u0101m visiem su\u0146iem, 90 g - MiuMjau\",\"isPartOf\":{\"@id\":\"https:\/\/miumjau.ee\/#website\"},\"primaryImageOfPage\":{\"@id\":\"https:\/\/miumjau.ee\/lv\/produkts\/dogfest-treninu-karumini-no-putnu-galas-ar-cia-seklam-visiem-suniem-90-g\/#primaryimage\"},\"image\":{\"@id\":\"https:\/\/miumjau.ee\/lv\/produkts\/dogfest-treninu-karumini-no-putnu-galas-ar-cia-seklam-visiem-suniem-90-g\/#primaryimage\"},\"thumbnailUrl\":\"https:\/\/miumjau.ee\/wp-content\/uploads\/2025\/04\/dofest-maiused-koertele47.webp\",\"datePublished\":\"2025-04-22T10:35:16+00:00\",\"dateModified\":\"2026-01-07T19:15:33+00:00\",\"breadcrumb\":{\"@id\":\"https:\/\/miumjau.ee\/lv\/produkts\/dogfest-treninu-karumini-no-putnu-galas-ar-cia-seklam-visiem-suniem-90-g\/#breadcrumb\"},\"inLanguage\":\"lv-LV\",\"potentialAction\":[{\"@type\":\"ReadAction\",\"target\":[\"https:\/\/miumjau.ee\/lv\/produkts\/dogfest-treninu-karumini-no-putnu-galas-ar-cia-seklam-visiem-suniem-90-g\/\"]}]},{\"@type\":\"ImageObject\",\"inLanguage\":\"lv-LV\",\"@id\":\"https:\/\/miumjau.ee\/lv\/produkts\/dogfest-treninu-karumini-no-putnu-galas-ar-cia-seklam-visiem-suniem-90-g\/#primaryimage\",\"url\":\"https:\/\/miumjau.ee\/wp-content\/uploads\/2025\/04\/dofest-maiused-koertele47.webp\",\"contentUrl\":\"https:\/\/miumjau.ee\/wp-content\/uploads\/2025\/04\/dofest-maiused-koertele47.webp\",\"width\":600,\"height\":800},{\"@type\":\"BreadcrumbList\",\"@id\":\"https:\/\/miumjau.ee\/lv\/produkts\/dogfest-treninu-karumini-no-putnu-galas-ar-cia-seklam-visiem-suniem-90-g\/#breadcrumb\",\"itemListElement\":[{\"@type\":\"ListItem\",\"position\":1,\"name\":\"Home\",\"item\":\"https:\/\/miumjau.ee\/lv\/\"},{\"@type\":\"ListItem\",\"position\":2,\"name\":\"Veikals\",\"item\":\"https:\/\/miumjau.ee\/lv\/veikals\/\"},{\"@type\":\"ListItem\",\"position\":3,\"name\":\"DogFest treni\u0146u k\u0101rumi\u0146i no putnu ga\u013cas ar \u010dia s\u0113kl\u0101m visiem su\u0146iem, 90 g\"}]},{\"@type\":\"WebSite\",\"@id\":\"https:\/\/miumjau.ee\/#website\",\"url\":\"https:\/\/miumjau.ee\/\",\"name\":\"MiuMjau\",\"description\":\"Kraapimispuud kassidele\",\"publisher\":{\"@id\":\"https:\/\/miumjau.ee\/#organization\"},\"potentialAction\":[{\"@type\":\"SearchAction\",\"target\":{\"@type\":\"EntryPoint\",\"urlTemplate\":\"https:\/\/miumjau.ee\/?s={search_term_string}\"},\"query-input\":{\"@type\":\"PropertyValueSpecification\",\"valueRequired\":true,\"valueName\":\"search_term_string\"}}],\"inLanguage\":\"lv-LV\"},{\"@type\":\"Organization\",\"@id\":\"https:\/\/miumjau.ee\/#organization\",\"name\":\"MiuMjau O\u00dc\",\"url\":\"https:\/\/miumjau.ee\/\",\"logo\":{\"@type\":\"ImageObject\",\"inLanguage\":\"lv-LV\",\"@id\":\"https:\/\/miumjau.ee\/#\/schema\/logo\/image\/\",\"url\":\"https:\/\/miumjau.ee\/wp-content\/uploads\/2022\/04\/MiuMjau-logo-kollane.png\",\"contentUrl\":\"https:\/\/miumjau.ee\/wp-content\/uploads\/2022\/04\/MiuMjau-logo-kollane.png\",\"width\":219,\"height\":100,\"caption\":\"MiuMjau O\u00dc\"},\"image\":{\"@id\":\"https:\/\/miumjau.ee\/#\/schema\/logo\/image\/\"},\"sameAs\":[\"https:\/\/www.facebook.com\/miumjaupood\/\"]}]}<\/script>\n<!-- \/ Yoast SEO plugin. -->","yoast_head_json":{"title":"DogFest treni\u0146u k\u0101rumi\u0146i no putnu ga\u013cas ar \u010dia s\u0113kl\u0101m visiem su\u0146iem, 90 g - MiuMjau","robots":{"index":"index","follow":"follow","max-snippet":"max-snippet:-1","max-image-preview":"max-image-preview:large","max-video-preview":"max-video-preview:-1"},"canonical":"https:\/\/miumjau.ee\/lv\/produkts\/dogfest-treninu-karumini-no-putnu-galas-ar-cia-seklam-visiem-suniem-90-g\/","og_locale":"lv_LV","og_type":"article","og_title":"DogFest treni\u0146u k\u0101rumi\u0146i no putnu ga\u013cas ar \u010dia s\u0113kl\u0101m visiem su\u0146iem, 90 g - MiuMjau","og_description":"\u010cia s\u0113klas satur \u0101rk\u0101rt\u012bgi daudz vesel\u012bg\u0101s sast\u0101vda\u013cas: vitam\u012bnus, miner\u0101lvielas, aminosk\u0101bes, omega-3 un omega-6 tauksk\u0101bes. Putnu ga\u013ca ir \u012bsts delikateses produkts. \u0160\u0101da kombin\u0101cija nodro\u0161ina su\u0146iem piln\u012bgu k\u0101rumu.  Sast\u0101vs: putnu ga\u013ca 67,5%, \u010dia s\u0113klas 8%, za\u013c\u0101 t\u0113ja, augu blakusprodukti, miner\u0101lvielas. Anal\u012btisk\u0101s sast\u0101vda\u013cas: kopprote\u012bns 25%, koptauki 8%, kop\u0161\u0137iedra 1%, koppelni 5%, mitrums 23%. Lieto\u0161ana: Daudzumu var regul\u0113t atbilsto\u0161i su\u0146a vajadz\u012bb\u0101m un st\u0101voklim. Svaigs dzeramais \u016bdens j\u0101b\u016bt vienm\u0113r pieejams. Nepametiet suni bez uzraudz\u012bbas, kam\u0113r tas ko\u0161\u013c\u0101 k\u0101rumu, vai vienu pats ar k\u0101rumu iepakojumu. Iepakojum\u0101 eso\u0161ais sk\u0101bek\u013ca absorbents nav \u0113dams. Glab\u0101t saus\u0101 un v\u0113s\u0101 viet\u0101, p\u0113c atv\u0113r\u0161anas uzglab\u0101t ledusskap\u012b.","og_url":"https:\/\/miumjau.ee\/lv\/produkts\/dogfest-treninu-karumini-no-putnu-galas-ar-cia-seklam-visiem-suniem-90-g\/","og_site_name":"MiuMjau","article_publisher":"https:\/\/www.facebook.com\/miumjaupood\/","article_modified_time":"2026-01-07T19:15:33+00:00","og_image":[{"width":600,"height":800,"url":"https:\/\/miumjau.ee\/wp-content\/uploads\/2025\/04\/dofest-maiused-koertele47.webp","type":"image\/webp"}],"twitter_card":"summary_large_image","schema":{"@context":"https:\/\/schema.org","@graph":[{"@type":"WebPage","@id":"https:\/\/miumjau.ee\/lv\/produkts\/dogfest-treninu-karumini-no-putnu-galas-ar-cia-seklam-visiem-suniem-90-g\/","url":"https:\/\/miumjau.ee\/lv\/produkts\/dogfest-treninu-karumini-no-putnu-galas-ar-cia-seklam-visiem-suniem-90-g\/","name":"DogFest treni\u0146u k\u0101rumi\u0146i no putnu ga\u013cas ar \u010dia s\u0113kl\u0101m visiem su\u0146iem, 90 g - MiuMjau","isPartOf":{"@id":"https:\/\/miumjau.ee\/#website"},"primaryImageOfPage":{"@id":"https:\/\/miumjau.ee\/lv\/produkts\/dogfest-treninu-karumini-no-putnu-galas-ar-cia-seklam-visiem-suniem-90-g\/#primaryimage"},"image":{"@id":"https:\/\/miumjau.ee\/lv\/produkts\/dogfest-treninu-karumini-no-putnu-galas-ar-cia-seklam-visiem-suniem-90-g\/#primaryimage"},"thumbnailUrl":"https:\/\/miumjau.ee\/wp-content\/uploads\/2025\/04\/dofest-maiused-koertele47.webp","datePublished":"2025-04-22T10:35:16+00:00","dateModified":"2026-01-07T19:15:33+00:00","breadcrumb":{"@id":"https:\/\/miumjau.ee\/lv\/produkts\/dogfest-treninu-karumini-no-putnu-galas-ar-cia-seklam-visiem-suniem-90-g\/#breadcrumb"},"inLanguage":"lv-LV","potentialAction":[{"@type":"ReadAction","target":["https:\/\/miumjau.ee\/lv\/produkts\/dogfest-treninu-karumini-no-putnu-galas-ar-cia-seklam-visiem-suniem-90-g\/"]}]},{"@type":"ImageObject","inLanguage":"lv-LV","@id":"https:\/\/miumjau.ee\/lv\/produkts\/dogfest-treninu-karumini-no-putnu-galas-ar-cia-seklam-visiem-suniem-90-g\/#primaryimage","url":"https:\/\/miumjau.ee\/wp-content\/uploads\/2025\/04\/dofest-maiused-koertele47.webp","contentUrl":"https:\/\/miumjau.ee\/wp-content\/uploads\/2025\/04\/dofest-maiused-koertele47.webp","width":600,"height":800},{"@type":"BreadcrumbList","@id":"https:\/\/miumjau.ee\/lv\/produkts\/dogfest-treninu-karumini-no-putnu-galas-ar-cia-seklam-visiem-suniem-90-g\/#breadcrumb","itemListElement":[{"@type":"ListItem","position":1,"name":"Home","item":"https:\/\/miumjau.ee\/lv\/"},{"@type":"ListItem","position":2,"name":"Veikals","item":"https:\/\/miumjau.ee\/lv\/veikals\/"},{"@type":"ListItem","position":3,"name":"DogFest treni\u0146u k\u0101rumi\u0146i no putnu ga\u013cas ar \u010dia s\u0113kl\u0101m visiem su\u0146iem, 90 g"}]},{"@type":"WebSite","@id":"https:\/\/miumjau.ee\/#website","url":"https:\/\/miumjau.ee\/","name":"MiuMjau","description":"Kraapimispuud kassidele","publisher":{"@id":"https:\/\/miumjau.ee\/#organization"},"potentialAction":[{"@type":"SearchAction","target":{"@type":"EntryPoint","urlTemplate":"https:\/\/miumjau.ee\/?s={search_term_string}"},"query-input":{"@type":"PropertyValueSpecification","valueRequired":true,"valueName":"search_term_string"}}],"inLanguage":"lv-LV"},{"@type":"Organization","@id":"https:\/\/miumjau.ee\/#organization","name":"MiuMjau O\u00dc","url":"https:\/\/miumjau.ee\/","logo":{"@type":"ImageObject","inLanguage":"lv-LV","@id":"https:\/\/miumjau.ee\/#\/schema\/logo\/image\/","url":"https:\/\/miumjau.ee\/wp-content\/uploads\/2022\/04\/MiuMjau-logo-kollane.png","contentUrl":"https:\/\/miumjau.ee\/wp-content\/uploads\/2022\/04\/MiuMjau-logo-kollane.png","width":219,"height":100,"caption":"MiuMjau O\u00dc"},"image":{"@id":"https:\/\/miumjau.ee\/#\/schema\/logo\/image\/"},"sameAs":["https:\/\/www.facebook.com\/miumjaupood\/"]}]}},"_links":{"self":[{"href":"https:\/\/miumjau.ee\/lv\/wp-json\/wp\/v2\/product\/49952","targetHints":{"allow":["GET"]}}],"collection":[{"href":"https:\/\/miumjau.ee\/lv\/wp-json\/wp\/v2\/product"}],"about":[{"href":"https:\/\/miumjau.ee\/lv\/wp-json\/wp\/v2\/types\/product"}],"wp:featuredmedia":[{"embeddable":true,"href":"https:\/\/miumjau.ee\/lv\/wp-json\/wp\/v2\/media\/49953"}],"wp:attachment":[{"href":"https:\/\/miumjau.ee\/lv\/wp-json\/wp\/v2\/media?parent=49952"}],"wp:term":[{"taxonomy":"product_brand","embeddable":true,"href":"https:\/\/miumjau.ee\/lv\/wp-json\/wp\/v2\/product_brand?post=49952"},{"taxonomy":"product_cat","embeddable":true,"href":"https:\/\/miumjau.ee\/lv\/wp-json\/wp\/v2\/product_cat?post=49952"},{"taxonomy":"product_tag","embeddable":true,"href":"https:\/\/miumjau.ee\/lv\/wp-json\/wp\/v2\/product_tag?post=49952"}],"curies":[{"name":"wp","href":"https:\/\/api.w.org\/{rel}","templated":true}]}}