{"id":49873,"date":"2025-04-22T13:35:28","date_gmt":"2025-04-22T10:35:28","guid":{"rendered":"https:\/\/miumjau.ee\/toode\/catfest-lasisas-un-krabju-gabalini-zeleja-mitra-bariba-kakiem-12-x-70-g\/"},"modified":"2026-01-07T21:15:33","modified_gmt":"2026-01-07T19:15:33","slug":"catfest-lasisas-un-krabju-gabalini-zeleja-mitra-bariba-kakiem-12-x-70-g","status":"publish","type":"product","link":"https:\/\/miumjau.ee\/lv\/produkts\/catfest-lasisas-un-krabju-gabalini-zeleja-mitra-bariba-kakiem-12-x-70-g\/","title":{"rendered":"CatFest la\u0161i\u0161as un krabju gabali\u0146i \u017eelej\u0101, mitr\u0101 bar\u012bba ka\u0137iem, 12 \u00d7 70 g"},"content":{"rendered":"","protected":false},"excerpt":{"rendered":"<p>Savva\u013cas la\u0161a fileja \u017eelej\u0101 ar krabju n\u016bji\u0146\u0101m ir barojo\u0161a un gar\u0161\u012bga bar\u012bba pieaugu\u0161iem ka\u0137iem. Augsts la\u0161a un krabju n\u016bji\u0146u saturs nodro\u0161ina j\u016bsu ka\u0137i ar nepiecie\u0161amaj\u0101m olbaltumviel\u0101m un tauksk\u0101b\u0113m, atbalstot vi\u0146a vesel\u012bbu un vitalit\u0101ti. Paredz\u0113ts k\u0101 papildbar\u012bba.<\/p>\n<p><strong>Sast\u0101vs:<\/strong> la\u0161a fileja 54%, krabju n\u016bji\u0146as 6%, zivju buljons 38%, an\u0161ovu e\u013c\u013ca, FOS prebiotikas, E vitam\u012bns, taur\u012bns, cigoru ekstrakts, miner\u0101lvielas.<\/p>\n<p><strong>Anal\u012btisk\u0101s sast\u0101vda\u013cas:<\/strong> kopprote\u012bns 8,5%, koptauki 2,5%, koppe\u013c\u0146i 1,5%, kop\u0161\u0137iedra 1%, mitrums 89%.<\/p>\n<p><strong>Priek\u0161roc\u012bbas:<\/strong> La\u0161a fileja ir bag\u0101ts Omega-3 tauksk\u0101bju avots, kas veicina \u0101das un ka\u017eoka vesel\u012bbu. FOS prebiotikas uzlabo gremo\u0161anu un atbalsta vesel\u012bgu zarnu mikrofloru. Krabju n\u016bji\u0146as pie\u0161\u0137ir papildu gar\u0161u un tekst\u016bru, padarot bar\u012bbu v\u0113l pievilc\u012bg\u0101ku. Cigoru ekstrakts samazina ka\u0137u izk\u0101rn\u012bjumu smaku, pal\u012bdzot saglab\u0101t svaigu gaisu ap tualetes kasti.<\/p>\n<p><strong>Lieto\u0161anas nor\u0101d\u012bjumi:<\/strong> Piem\u0113rots k\u0101 papildbar\u012bba visiem pieaugu\u0161ajiem m\u0101jas ka\u0137iem, ieskaitot steriliz\u0113tus un kastr\u0113tus ka\u0137us, k\u0101 ar\u012b ka\u0137us ar aler\u0123ij\u0101m vai gremo\u0161anas probl\u0113m\u0101m. Pasniegt istabas temperat\u016br\u0101. Glab\u0101t v\u0113s\u0101 un saus\u0101 viet\u0101. Ieteicams dot l\u012bdz 3 iepakojumiem dien\u0101. Nodro\u0161iniet, lai ka\u0137im vienm\u0113r b\u016btu pieejams svaigs \u016bdens.<\/p>\n","protected":false},"featured_media":49874,"template":"","meta":[],"product_brand":[],"product_cat":[571],"product_tag":[],"class_list":{"0":"post-49873","1":"product","2":"type-product","3":"status-publish","4":"has-post-thumbnail","6":"product_cat-mitra-bariba","8":"first","9":"instock","10":"sale","11":"taxable","12":"shipping-taxable","13":"purchasable","14":"product-type-simple"},"yoast_head":"<!-- This site is optimized with the Yoast SEO plugin v27.2 - https:\/\/yoast.com\/product\/yoast-seo-wordpress\/ -->\n<title>CatFest la\u0161i\u0161as un krabju gabali\u0146i \u017eelej\u0101, mitr\u0101 bar\u012bba ka\u0137iem, 12 \u00d7 70 g - MiuMjau<\/title>\n<meta name=\"description\" content=\"CatFest simboliz\u0113 patiesi dab\u012bgu bar\u012bbu. Filejas gabali\u0146i gard\u0101, sul\u012bg\u0101 \u017eelej\u0101. Tavs ka\u0137is vienk\u0101r\u0161i nevar\u0113s tam pretoties!\" \/>\n<meta name=\"robots\" content=\"index, follow, max-snippet:-1, max-image-preview:large, max-video-preview:-1\" \/>\n<link rel=\"canonical\" href=\"https:\/\/miumjau.ee\/lv\/produkts\/catfest-lasisas-un-krabju-gabalini-zeleja-mitra-bariba-kakiem-12-x-70-g\/\" \/>\n<meta property=\"og:locale\" content=\"lv_LV\" \/>\n<meta property=\"og:type\" content=\"article\" \/>\n<meta property=\"og:title\" content=\"CatFest la\u0161i\u0161as un krabju gabali\u0146i \u017eelej\u0101, mitr\u0101 bar\u012bba ka\u0137iem, 12 \u00d7 70 g - MiuMjau\" \/>\n<meta property=\"og:description\" content=\"CatFest simboliz\u0113 patiesi dab\u012bgu bar\u012bbu. Filejas gabali\u0146i gard\u0101, sul\u012bg\u0101 \u017eelej\u0101. Tavs ka\u0137is vienk\u0101r\u0161i nevar\u0113s tam pretoties!\" \/>\n<meta property=\"og:url\" content=\"https:\/\/miumjau.ee\/lv\/produkts\/catfest-lasisas-un-krabju-gabalini-zeleja-mitra-bariba-kakiem-12-x-70-g\/\" \/>\n<meta property=\"og:site_name\" content=\"MiuMjau\" \/>\n<meta property=\"article:publisher\" content=\"https:\/\/www.facebook.com\/miumjaupood\/\" \/>\n<meta property=\"article:modified_time\" content=\"2026-01-07T19:15:33+00:00\" \/>\n<meta property=\"og:image\" content=\"https:\/\/miumjau.ee\/wp-content\/uploads\/2025\/04\/catfest-margtoit-kassidele34.webp\" \/>\n\t<meta property=\"og:image:width\" content=\"600\" \/>\n\t<meta property=\"og:image:height\" content=\"800\" \/>\n\t<meta property=\"og:image:type\" content=\"image\/webp\" \/>\n<meta name=\"twitter:card\" content=\"summary_large_image\" \/>\n<script type=\"application\/ld+json\" class=\"yoast-schema-graph\">{\"@context\":\"https:\/\/schema.org\",\"@graph\":[{\"@type\":\"WebPage\",\"@id\":\"https:\/\/miumjau.ee\/lv\/produkts\/catfest-lasisas-un-krabju-gabalini-zeleja-mitra-bariba-kakiem-12-x-70-g\/\",\"url\":\"https:\/\/miumjau.ee\/lv\/produkts\/catfest-lasisas-un-krabju-gabalini-zeleja-mitra-bariba-kakiem-12-x-70-g\/\",\"name\":\"CatFest la\u0161i\u0161as un krabju gabali\u0146i \u017eelej\u0101, mitr\u0101 bar\u012bba ka\u0137iem, 12 \u00d7 70 g - MiuMjau\",\"isPartOf\":{\"@id\":\"https:\/\/miumjau.ee\/#website\"},\"primaryImageOfPage\":{\"@id\":\"https:\/\/miumjau.ee\/lv\/produkts\/catfest-lasisas-un-krabju-gabalini-zeleja-mitra-bariba-kakiem-12-x-70-g\/#primaryimage\"},\"image\":{\"@id\":\"https:\/\/miumjau.ee\/lv\/produkts\/catfest-lasisas-un-krabju-gabalini-zeleja-mitra-bariba-kakiem-12-x-70-g\/#primaryimage\"},\"thumbnailUrl\":\"https:\/\/miumjau.ee\/wp-content\/uploads\/2025\/04\/catfest-margtoit-kassidele34.webp\",\"datePublished\":\"2025-04-22T10:35:28+00:00\",\"dateModified\":\"2026-01-07T19:15:33+00:00\",\"description\":\"CatFest simboliz\u0113 patiesi dab\u012bgu bar\u012bbu. Filejas gabali\u0146i gard\u0101, sul\u012bg\u0101 \u017eelej\u0101. Tavs ka\u0137is vienk\u0101r\u0161i nevar\u0113s tam pretoties!\",\"breadcrumb\":{\"@id\":\"https:\/\/miumjau.ee\/lv\/produkts\/catfest-lasisas-un-krabju-gabalini-zeleja-mitra-bariba-kakiem-12-x-70-g\/#breadcrumb\"},\"inLanguage\":\"lv-LV\",\"potentialAction\":[{\"@type\":\"ReadAction\",\"target\":[\"https:\/\/miumjau.ee\/lv\/produkts\/catfest-lasisas-un-krabju-gabalini-zeleja-mitra-bariba-kakiem-12-x-70-g\/\"]}]},{\"@type\":\"ImageObject\",\"inLanguage\":\"lv-LV\",\"@id\":\"https:\/\/miumjau.ee\/lv\/produkts\/catfest-lasisas-un-krabju-gabalini-zeleja-mitra-bariba-kakiem-12-x-70-g\/#primaryimage\",\"url\":\"https:\/\/miumjau.ee\/wp-content\/uploads\/2025\/04\/catfest-margtoit-kassidele34.webp\",\"contentUrl\":\"https:\/\/miumjau.ee\/wp-content\/uploads\/2025\/04\/catfest-margtoit-kassidele34.webp\",\"width\":600,\"height\":800},{\"@type\":\"BreadcrumbList\",\"@id\":\"https:\/\/miumjau.ee\/lv\/produkts\/catfest-lasisas-un-krabju-gabalini-zeleja-mitra-bariba-kakiem-12-x-70-g\/#breadcrumb\",\"itemListElement\":[{\"@type\":\"ListItem\",\"position\":1,\"name\":\"Home\",\"item\":\"https:\/\/miumjau.ee\/lv\/\"},{\"@type\":\"ListItem\",\"position\":2,\"name\":\"Veikals\",\"item\":\"https:\/\/miumjau.ee\/lv\/veikals\/\"},{\"@type\":\"ListItem\",\"position\":3,\"name\":\"CatFest la\u0161i\u0161as un krabju gabali\u0146i \u017eelej\u0101, mitr\u0101 bar\u012bba ka\u0137iem, 12 \u00d7 70 g\"}]},{\"@type\":\"WebSite\",\"@id\":\"https:\/\/miumjau.ee\/#website\",\"url\":\"https:\/\/miumjau.ee\/\",\"name\":\"MiuMjau\",\"description\":\"Kraapimispuud kassidele\",\"publisher\":{\"@id\":\"https:\/\/miumjau.ee\/#organization\"},\"potentialAction\":[{\"@type\":\"SearchAction\",\"target\":{\"@type\":\"EntryPoint\",\"urlTemplate\":\"https:\/\/miumjau.ee\/?s={search_term_string}\"},\"query-input\":{\"@type\":\"PropertyValueSpecification\",\"valueRequired\":true,\"valueName\":\"search_term_string\"}}],\"inLanguage\":\"lv-LV\"},{\"@type\":\"Organization\",\"@id\":\"https:\/\/miumjau.ee\/#organization\",\"name\":\"MiuMjau O\u00dc\",\"url\":\"https:\/\/miumjau.ee\/\",\"logo\":{\"@type\":\"ImageObject\",\"inLanguage\":\"lv-LV\",\"@id\":\"https:\/\/miumjau.ee\/#\/schema\/logo\/image\/\",\"url\":\"https:\/\/miumjau.ee\/wp-content\/uploads\/2022\/04\/MiuMjau-logo-kollane.png\",\"contentUrl\":\"https:\/\/miumjau.ee\/wp-content\/uploads\/2022\/04\/MiuMjau-logo-kollane.png\",\"width\":219,\"height\":100,\"caption\":\"MiuMjau O\u00dc\"},\"image\":{\"@id\":\"https:\/\/miumjau.ee\/#\/schema\/logo\/image\/\"},\"sameAs\":[\"https:\/\/www.facebook.com\/miumjaupood\/\"]}]}<\/script>\n<!-- \/ Yoast SEO plugin. -->","yoast_head_json":{"title":"CatFest la\u0161i\u0161as un krabju gabali\u0146i \u017eelej\u0101, mitr\u0101 bar\u012bba ka\u0137iem, 12 \u00d7 70 g - MiuMjau","description":"CatFest simboliz\u0113 patiesi dab\u012bgu bar\u012bbu. Filejas gabali\u0146i gard\u0101, sul\u012bg\u0101 \u017eelej\u0101. Tavs ka\u0137is vienk\u0101r\u0161i nevar\u0113s tam pretoties!","robots":{"index":"index","follow":"follow","max-snippet":"max-snippet:-1","max-image-preview":"max-image-preview:large","max-video-preview":"max-video-preview:-1"},"canonical":"https:\/\/miumjau.ee\/lv\/produkts\/catfest-lasisas-un-krabju-gabalini-zeleja-mitra-bariba-kakiem-12-x-70-g\/","og_locale":"lv_LV","og_type":"article","og_title":"CatFest la\u0161i\u0161as un krabju gabali\u0146i \u017eelej\u0101, mitr\u0101 bar\u012bba ka\u0137iem, 12 \u00d7 70 g - MiuMjau","og_description":"CatFest simboliz\u0113 patiesi dab\u012bgu bar\u012bbu. Filejas gabali\u0146i gard\u0101, sul\u012bg\u0101 \u017eelej\u0101. Tavs ka\u0137is vienk\u0101r\u0161i nevar\u0113s tam pretoties!","og_url":"https:\/\/miumjau.ee\/lv\/produkts\/catfest-lasisas-un-krabju-gabalini-zeleja-mitra-bariba-kakiem-12-x-70-g\/","og_site_name":"MiuMjau","article_publisher":"https:\/\/www.facebook.com\/miumjaupood\/","article_modified_time":"2026-01-07T19:15:33+00:00","og_image":[{"width":600,"height":800,"url":"https:\/\/miumjau.ee\/wp-content\/uploads\/2025\/04\/catfest-margtoit-kassidele34.webp","type":"image\/webp"}],"twitter_card":"summary_large_image","schema":{"@context":"https:\/\/schema.org","@graph":[{"@type":"WebPage","@id":"https:\/\/miumjau.ee\/lv\/produkts\/catfest-lasisas-un-krabju-gabalini-zeleja-mitra-bariba-kakiem-12-x-70-g\/","url":"https:\/\/miumjau.ee\/lv\/produkts\/catfest-lasisas-un-krabju-gabalini-zeleja-mitra-bariba-kakiem-12-x-70-g\/","name":"CatFest la\u0161i\u0161as un krabju gabali\u0146i \u017eelej\u0101, mitr\u0101 bar\u012bba ka\u0137iem, 12 \u00d7 70 g - MiuMjau","isPartOf":{"@id":"https:\/\/miumjau.ee\/#website"},"primaryImageOfPage":{"@id":"https:\/\/miumjau.ee\/lv\/produkts\/catfest-lasisas-un-krabju-gabalini-zeleja-mitra-bariba-kakiem-12-x-70-g\/#primaryimage"},"image":{"@id":"https:\/\/miumjau.ee\/lv\/produkts\/catfest-lasisas-un-krabju-gabalini-zeleja-mitra-bariba-kakiem-12-x-70-g\/#primaryimage"},"thumbnailUrl":"https:\/\/miumjau.ee\/wp-content\/uploads\/2025\/04\/catfest-margtoit-kassidele34.webp","datePublished":"2025-04-22T10:35:28+00:00","dateModified":"2026-01-07T19:15:33+00:00","description":"CatFest simboliz\u0113 patiesi dab\u012bgu bar\u012bbu. Filejas gabali\u0146i gard\u0101, sul\u012bg\u0101 \u017eelej\u0101. Tavs ka\u0137is vienk\u0101r\u0161i nevar\u0113s tam pretoties!","breadcrumb":{"@id":"https:\/\/miumjau.ee\/lv\/produkts\/catfest-lasisas-un-krabju-gabalini-zeleja-mitra-bariba-kakiem-12-x-70-g\/#breadcrumb"},"inLanguage":"lv-LV","potentialAction":[{"@type":"ReadAction","target":["https:\/\/miumjau.ee\/lv\/produkts\/catfest-lasisas-un-krabju-gabalini-zeleja-mitra-bariba-kakiem-12-x-70-g\/"]}]},{"@type":"ImageObject","inLanguage":"lv-LV","@id":"https:\/\/miumjau.ee\/lv\/produkts\/catfest-lasisas-un-krabju-gabalini-zeleja-mitra-bariba-kakiem-12-x-70-g\/#primaryimage","url":"https:\/\/miumjau.ee\/wp-content\/uploads\/2025\/04\/catfest-margtoit-kassidele34.webp","contentUrl":"https:\/\/miumjau.ee\/wp-content\/uploads\/2025\/04\/catfest-margtoit-kassidele34.webp","width":600,"height":800},{"@type":"BreadcrumbList","@id":"https:\/\/miumjau.ee\/lv\/produkts\/catfest-lasisas-un-krabju-gabalini-zeleja-mitra-bariba-kakiem-12-x-70-g\/#breadcrumb","itemListElement":[{"@type":"ListItem","position":1,"name":"Home","item":"https:\/\/miumjau.ee\/lv\/"},{"@type":"ListItem","position":2,"name":"Veikals","item":"https:\/\/miumjau.ee\/lv\/veikals\/"},{"@type":"ListItem","position":3,"name":"CatFest la\u0161i\u0161as un krabju gabali\u0146i \u017eelej\u0101, mitr\u0101 bar\u012bba ka\u0137iem, 12 \u00d7 70 g"}]},{"@type":"WebSite","@id":"https:\/\/miumjau.ee\/#website","url":"https:\/\/miumjau.ee\/","name":"MiuMjau","description":"Kraapimispuud kassidele","publisher":{"@id":"https:\/\/miumjau.ee\/#organization"},"potentialAction":[{"@type":"SearchAction","target":{"@type":"EntryPoint","urlTemplate":"https:\/\/miumjau.ee\/?s={search_term_string}"},"query-input":{"@type":"PropertyValueSpecification","valueRequired":true,"valueName":"search_term_string"}}],"inLanguage":"lv-LV"},{"@type":"Organization","@id":"https:\/\/miumjau.ee\/#organization","name":"MiuMjau O\u00dc","url":"https:\/\/miumjau.ee\/","logo":{"@type":"ImageObject","inLanguage":"lv-LV","@id":"https:\/\/miumjau.ee\/#\/schema\/logo\/image\/","url":"https:\/\/miumjau.ee\/wp-content\/uploads\/2022\/04\/MiuMjau-logo-kollane.png","contentUrl":"https:\/\/miumjau.ee\/wp-content\/uploads\/2022\/04\/MiuMjau-logo-kollane.png","width":219,"height":100,"caption":"MiuMjau O\u00dc"},"image":{"@id":"https:\/\/miumjau.ee\/#\/schema\/logo\/image\/"},"sameAs":["https:\/\/www.facebook.com\/miumjaupood\/"]}]}},"_links":{"self":[{"href":"https:\/\/miumjau.ee\/lv\/wp-json\/wp\/v2\/product\/49873","targetHints":{"allow":["GET"]}}],"collection":[{"href":"https:\/\/miumjau.ee\/lv\/wp-json\/wp\/v2\/product"}],"about":[{"href":"https:\/\/miumjau.ee\/lv\/wp-json\/wp\/v2\/types\/product"}],"wp:featuredmedia":[{"embeddable":true,"href":"https:\/\/miumjau.ee\/lv\/wp-json\/wp\/v2\/media\/49874"}],"wp:attachment":[{"href":"https:\/\/miumjau.ee\/lv\/wp-json\/wp\/v2\/media?parent=49873"}],"wp:term":[{"taxonomy":"product_brand","embeddable":true,"href":"https:\/\/miumjau.ee\/lv\/wp-json\/wp\/v2\/product_brand?post=49873"},{"taxonomy":"product_cat","embeddable":true,"href":"https:\/\/miumjau.ee\/lv\/wp-json\/wp\/v2\/product_cat?post=49873"},{"taxonomy":"product_tag","embeddable":true,"href":"https:\/\/miumjau.ee\/lv\/wp-json\/wp\/v2\/product_tag?post=49873"}],"curies":[{"name":"wp","href":"https:\/\/api.w.org\/{rel}","templated":true}]}}