{"id":49756,"date":"2025-04-22T13:35:28","date_gmt":"2025-04-22T10:35:28","guid":{"rendered":"https:\/\/miumjau.ee\/toode\/catfest-lasa-putas-mitra-bariba-kakeniem-12-x-70-g\/"},"modified":"2026-01-07T21:15:33","modified_gmt":"2026-01-07T19:15:33","slug":"catfest-lasa-putas-mitra-bariba-kakeniem-12-x-70-g","status":"publish","type":"product","link":"https:\/\/miumjau.ee\/lv\/produkts\/catfest-lasa-putas-mitra-bariba-kakeniem-12-x-70-g\/","title":{"rendered":"CatFest la\u0161a putas, mitr\u0101 bar\u012bba ka\u0137\u0113niem 12 x 70 g"},"content":{"rendered":"","protected":false},"excerpt":{"rendered":"<p>La\u0161a past\u0113te ka\u0137\u0113niem ir \u012bpa\u0161i izstr\u0101d\u0101ta, lai nodro\u0161in\u0101tu j\u016bsu m\u012bluli ar vis\u0101m nepiecie\u0161amaj\u0101m uzturviel\u0101m. Maig\u0101 tekst\u016bra un dab\u012bgais sast\u0101vs ir ide\u0101li piem\u0113rots ka\u0137\u0113niem akt\u012bv\u0101s aug\u0161anas period\u0101, dodot tiem ener\u0123iju un atbalstot vesel\u012bgu att\u012bst\u012bbu. Pied\u0101v\u0101 k\u0101 papildbar\u012bbu.<\/p>\n<p>Sast\u0101vda\u013cas: Lasis 58%, zivju buljons 40%, an\u0161ovu zivju e\u013c\u013ca, prebioti\u0137is FOS, E vitam\u012bns, taur\u012bns, tapioka, cigori\u0146u ekstrakts, fruktoze, miner\u0101lvielas.<\/p>\n<p>Anal\u012btisk\u0101s sast\u0101vda\u013cas: Neapstr\u0101d\u0101ts prote\u012bns 8,5%, neapstr\u0101d\u0101ti tauki 2,5%, neapstr\u0101d\u0101ta \u0161\u0137iedra 1%, neapstr\u0101d\u0101ti pelni 1,5%, mitrums 89%, ener\u0123\u0113tisk\u0101 v\u0113rt\u012bba \u2014 41,96 kcal.<br \/>\nIeguvumi: \u0160\u012b bar\u012bba ir izstr\u0101d\u0101ta, lai apmierin\u0101tu visas ka\u0137\u0113nu vajadz\u012bbas. Omega-3 un Omega-6 tauksk\u0101bes atbalsta \u0101das un ka\u017eoka vesel\u012bbu, taur\u012bns veicina sirds un redzes att\u012bst\u012bbu, savuk\u0101rt E vitam\u012bns stiprina im\u016bnsist\u0113mu. Prebioti\u0137is FOS uzlabo gremo\u0161anu un pal\u012bdz uztur\u0113t vesel\u012bgu zarnu floru, savuk\u0101rt miner\u0101lvielas atbalsta sp\u0113c\u012bgu kaulu att\u012bst\u012bbu.<\/p>\n<p>Nor\u0101d\u012bjumi: Piem\u0113rots k\u0101 ikdienas papildbar\u012bba visiem ka\u0137\u0113niem. Pasniedziet istabas temperat\u016br\u0101. Uzglab\u0101t v\u0113s\u0101, saus\u0101 viet\u0101. Ieteicams dot 2-3 paci\u0146as dien\u0101 atkar\u012bb\u0101 no ka\u0137\u0113na vecuma un aktivit\u0101tes l\u012bme\u0146a. Vienm\u0113r nodro\u0161iniet svaiga dzeram\u0101 \u016bdens pieejam\u012bbu.<\/p>\n","protected":false},"featured_media":49757,"template":"","meta":[],"product_brand":[],"product_cat":[571],"product_tag":[],"class_list":{"0":"post-49756","1":"product","2":"type-product","3":"status-publish","4":"has-post-thumbnail","6":"product_cat-mitra-bariba","8":"first","9":"instock","10":"sale","11":"taxable","12":"shipping-taxable","13":"purchasable","14":"product-type-simple"},"yoast_head":"<!-- This site is optimized with the Yoast SEO plugin v27.2 - https:\/\/yoast.com\/product\/yoast-seo-wordpress\/ -->\n<title>CatFest la\u0161a putas, mitr\u0101 bar\u012bba ka\u0137\u0113niem 12 x 70 g - MiuMjau<\/title>\n<meta name=\"description\" content=\"CatFest putas ir \u0101rk\u0101rt\u012bgi delik\u0101tas un gardas, un t\u0101s ir \u012bpa\u0161i izstr\u0101d\u0101tas ka\u0137\u0113niem. \u012asts gard\u0113\u017eu na\u0161\u0137is un palutin\u0101jums j\u016bsu mazajam.\" \/>\n<meta name=\"robots\" content=\"index, follow, max-snippet:-1, max-image-preview:large, max-video-preview:-1\" \/>\n<link rel=\"canonical\" href=\"https:\/\/miumjau.ee\/lv\/produkts\/catfest-lasa-putas-mitra-bariba-kakeniem-12-x-70-g\/\" \/>\n<meta property=\"og:locale\" content=\"lv_LV\" \/>\n<meta property=\"og:type\" content=\"article\" \/>\n<meta property=\"og:title\" content=\"CatFest la\u0161a putas, mitr\u0101 bar\u012bba ka\u0137\u0113niem 12 x 70 g - MiuMjau\" \/>\n<meta property=\"og:description\" content=\"CatFest putas ir \u0101rk\u0101rt\u012bgi delik\u0101tas un gardas, un t\u0101s ir \u012bpa\u0161i izstr\u0101d\u0101tas ka\u0137\u0113niem. \u012asts gard\u0113\u017eu na\u0161\u0137is un palutin\u0101jums j\u016bsu mazajam.\" \/>\n<meta property=\"og:url\" content=\"https:\/\/miumjau.ee\/lv\/produkts\/catfest-lasa-putas-mitra-bariba-kakeniem-12-x-70-g\/\" \/>\n<meta property=\"og:site_name\" content=\"MiuMjau\" \/>\n<meta property=\"article:publisher\" content=\"https:\/\/www.facebook.com\/miumjaupood\/\" \/>\n<meta property=\"article:modified_time\" content=\"2026-01-07T19:15:33+00:00\" \/>\n<meta property=\"og:image\" content=\"https:\/\/miumjau.ee\/wp-content\/uploads\/2025\/04\/catfest-margtoit-kassidele40.webp\" \/>\n\t<meta property=\"og:image:width\" content=\"600\" \/>\n\t<meta property=\"og:image:height\" content=\"800\" \/>\n\t<meta property=\"og:image:type\" content=\"image\/webp\" \/>\n<meta name=\"twitter:card\" content=\"summary_large_image\" \/>\n<script type=\"application\/ld+json\" class=\"yoast-schema-graph\">{\"@context\":\"https:\/\/schema.org\",\"@graph\":[{\"@type\":\"WebPage\",\"@id\":\"https:\/\/miumjau.ee\/lv\/produkts\/catfest-lasa-putas-mitra-bariba-kakeniem-12-x-70-g\/\",\"url\":\"https:\/\/miumjau.ee\/lv\/produkts\/catfest-lasa-putas-mitra-bariba-kakeniem-12-x-70-g\/\",\"name\":\"CatFest la\u0161a putas, mitr\u0101 bar\u012bba ka\u0137\u0113niem 12 x 70 g - MiuMjau\",\"isPartOf\":{\"@id\":\"https:\/\/miumjau.ee\/#website\"},\"primaryImageOfPage\":{\"@id\":\"https:\/\/miumjau.ee\/lv\/produkts\/catfest-lasa-putas-mitra-bariba-kakeniem-12-x-70-g\/#primaryimage\"},\"image\":{\"@id\":\"https:\/\/miumjau.ee\/lv\/produkts\/catfest-lasa-putas-mitra-bariba-kakeniem-12-x-70-g\/#primaryimage\"},\"thumbnailUrl\":\"https:\/\/miumjau.ee\/wp-content\/uploads\/2025\/04\/catfest-margtoit-kassidele40.webp\",\"datePublished\":\"2025-04-22T10:35:28+00:00\",\"dateModified\":\"2026-01-07T19:15:33+00:00\",\"description\":\"CatFest putas ir \u0101rk\u0101rt\u012bgi delik\u0101tas un gardas, un t\u0101s ir \u012bpa\u0161i izstr\u0101d\u0101tas ka\u0137\u0113niem. \u012asts gard\u0113\u017eu na\u0161\u0137is un palutin\u0101jums j\u016bsu mazajam.\",\"breadcrumb\":{\"@id\":\"https:\/\/miumjau.ee\/lv\/produkts\/catfest-lasa-putas-mitra-bariba-kakeniem-12-x-70-g\/#breadcrumb\"},\"inLanguage\":\"lv-LV\",\"potentialAction\":[{\"@type\":\"ReadAction\",\"target\":[\"https:\/\/miumjau.ee\/lv\/produkts\/catfest-lasa-putas-mitra-bariba-kakeniem-12-x-70-g\/\"]}]},{\"@type\":\"ImageObject\",\"inLanguage\":\"lv-LV\",\"@id\":\"https:\/\/miumjau.ee\/lv\/produkts\/catfest-lasa-putas-mitra-bariba-kakeniem-12-x-70-g\/#primaryimage\",\"url\":\"https:\/\/miumjau.ee\/wp-content\/uploads\/2025\/04\/catfest-margtoit-kassidele40.webp\",\"contentUrl\":\"https:\/\/miumjau.ee\/wp-content\/uploads\/2025\/04\/catfest-margtoit-kassidele40.webp\",\"width\":600,\"height\":800},{\"@type\":\"BreadcrumbList\",\"@id\":\"https:\/\/miumjau.ee\/lv\/produkts\/catfest-lasa-putas-mitra-bariba-kakeniem-12-x-70-g\/#breadcrumb\",\"itemListElement\":[{\"@type\":\"ListItem\",\"position\":1,\"name\":\"Home\",\"item\":\"https:\/\/miumjau.ee\/lv\/\"},{\"@type\":\"ListItem\",\"position\":2,\"name\":\"Veikals\",\"item\":\"https:\/\/miumjau.ee\/lv\/veikals\/\"},{\"@type\":\"ListItem\",\"position\":3,\"name\":\"CatFest la\u0161a putas, mitr\u0101 bar\u012bba ka\u0137\u0113niem 12 x 70 g\"}]},{\"@type\":\"WebSite\",\"@id\":\"https:\/\/miumjau.ee\/#website\",\"url\":\"https:\/\/miumjau.ee\/\",\"name\":\"MiuMjau\",\"description\":\"Kraapimispuud kassidele\",\"publisher\":{\"@id\":\"https:\/\/miumjau.ee\/#organization\"},\"potentialAction\":[{\"@type\":\"SearchAction\",\"target\":{\"@type\":\"EntryPoint\",\"urlTemplate\":\"https:\/\/miumjau.ee\/?s={search_term_string}\"},\"query-input\":{\"@type\":\"PropertyValueSpecification\",\"valueRequired\":true,\"valueName\":\"search_term_string\"}}],\"inLanguage\":\"lv-LV\"},{\"@type\":\"Organization\",\"@id\":\"https:\/\/miumjau.ee\/#organization\",\"name\":\"MiuMjau O\u00dc\",\"url\":\"https:\/\/miumjau.ee\/\",\"logo\":{\"@type\":\"ImageObject\",\"inLanguage\":\"lv-LV\",\"@id\":\"https:\/\/miumjau.ee\/#\/schema\/logo\/image\/\",\"url\":\"https:\/\/miumjau.ee\/wp-content\/uploads\/2022\/04\/MiuMjau-logo-kollane.png\",\"contentUrl\":\"https:\/\/miumjau.ee\/wp-content\/uploads\/2022\/04\/MiuMjau-logo-kollane.png\",\"width\":219,\"height\":100,\"caption\":\"MiuMjau O\u00dc\"},\"image\":{\"@id\":\"https:\/\/miumjau.ee\/#\/schema\/logo\/image\/\"},\"sameAs\":[\"https:\/\/www.facebook.com\/miumjaupood\/\"]}]}<\/script>\n<!-- \/ Yoast SEO plugin. -->","yoast_head_json":{"title":"CatFest la\u0161a putas, mitr\u0101 bar\u012bba ka\u0137\u0113niem 12 x 70 g - MiuMjau","description":"CatFest putas ir \u0101rk\u0101rt\u012bgi delik\u0101tas un gardas, un t\u0101s ir \u012bpa\u0161i izstr\u0101d\u0101tas ka\u0137\u0113niem. \u012asts gard\u0113\u017eu na\u0161\u0137is un palutin\u0101jums j\u016bsu mazajam.","robots":{"index":"index","follow":"follow","max-snippet":"max-snippet:-1","max-image-preview":"max-image-preview:large","max-video-preview":"max-video-preview:-1"},"canonical":"https:\/\/miumjau.ee\/lv\/produkts\/catfest-lasa-putas-mitra-bariba-kakeniem-12-x-70-g\/","og_locale":"lv_LV","og_type":"article","og_title":"CatFest la\u0161a putas, mitr\u0101 bar\u012bba ka\u0137\u0113niem 12 x 70 g - MiuMjau","og_description":"CatFest putas ir \u0101rk\u0101rt\u012bgi delik\u0101tas un gardas, un t\u0101s ir \u012bpa\u0161i izstr\u0101d\u0101tas ka\u0137\u0113niem. \u012asts gard\u0113\u017eu na\u0161\u0137is un palutin\u0101jums j\u016bsu mazajam.","og_url":"https:\/\/miumjau.ee\/lv\/produkts\/catfest-lasa-putas-mitra-bariba-kakeniem-12-x-70-g\/","og_site_name":"MiuMjau","article_publisher":"https:\/\/www.facebook.com\/miumjaupood\/","article_modified_time":"2026-01-07T19:15:33+00:00","og_image":[{"width":600,"height":800,"url":"https:\/\/miumjau.ee\/wp-content\/uploads\/2025\/04\/catfest-margtoit-kassidele40.webp","type":"image\/webp"}],"twitter_card":"summary_large_image","schema":{"@context":"https:\/\/schema.org","@graph":[{"@type":"WebPage","@id":"https:\/\/miumjau.ee\/lv\/produkts\/catfest-lasa-putas-mitra-bariba-kakeniem-12-x-70-g\/","url":"https:\/\/miumjau.ee\/lv\/produkts\/catfest-lasa-putas-mitra-bariba-kakeniem-12-x-70-g\/","name":"CatFest la\u0161a putas, mitr\u0101 bar\u012bba ka\u0137\u0113niem 12 x 70 g - MiuMjau","isPartOf":{"@id":"https:\/\/miumjau.ee\/#website"},"primaryImageOfPage":{"@id":"https:\/\/miumjau.ee\/lv\/produkts\/catfest-lasa-putas-mitra-bariba-kakeniem-12-x-70-g\/#primaryimage"},"image":{"@id":"https:\/\/miumjau.ee\/lv\/produkts\/catfest-lasa-putas-mitra-bariba-kakeniem-12-x-70-g\/#primaryimage"},"thumbnailUrl":"https:\/\/miumjau.ee\/wp-content\/uploads\/2025\/04\/catfest-margtoit-kassidele40.webp","datePublished":"2025-04-22T10:35:28+00:00","dateModified":"2026-01-07T19:15:33+00:00","description":"CatFest putas ir \u0101rk\u0101rt\u012bgi delik\u0101tas un gardas, un t\u0101s ir \u012bpa\u0161i izstr\u0101d\u0101tas ka\u0137\u0113niem. \u012asts gard\u0113\u017eu na\u0161\u0137is un palutin\u0101jums j\u016bsu mazajam.","breadcrumb":{"@id":"https:\/\/miumjau.ee\/lv\/produkts\/catfest-lasa-putas-mitra-bariba-kakeniem-12-x-70-g\/#breadcrumb"},"inLanguage":"lv-LV","potentialAction":[{"@type":"ReadAction","target":["https:\/\/miumjau.ee\/lv\/produkts\/catfest-lasa-putas-mitra-bariba-kakeniem-12-x-70-g\/"]}]},{"@type":"ImageObject","inLanguage":"lv-LV","@id":"https:\/\/miumjau.ee\/lv\/produkts\/catfest-lasa-putas-mitra-bariba-kakeniem-12-x-70-g\/#primaryimage","url":"https:\/\/miumjau.ee\/wp-content\/uploads\/2025\/04\/catfest-margtoit-kassidele40.webp","contentUrl":"https:\/\/miumjau.ee\/wp-content\/uploads\/2025\/04\/catfest-margtoit-kassidele40.webp","width":600,"height":800},{"@type":"BreadcrumbList","@id":"https:\/\/miumjau.ee\/lv\/produkts\/catfest-lasa-putas-mitra-bariba-kakeniem-12-x-70-g\/#breadcrumb","itemListElement":[{"@type":"ListItem","position":1,"name":"Home","item":"https:\/\/miumjau.ee\/lv\/"},{"@type":"ListItem","position":2,"name":"Veikals","item":"https:\/\/miumjau.ee\/lv\/veikals\/"},{"@type":"ListItem","position":3,"name":"CatFest la\u0161a putas, mitr\u0101 bar\u012bba ka\u0137\u0113niem 12 x 70 g"}]},{"@type":"WebSite","@id":"https:\/\/miumjau.ee\/#website","url":"https:\/\/miumjau.ee\/","name":"MiuMjau","description":"Kraapimispuud kassidele","publisher":{"@id":"https:\/\/miumjau.ee\/#organization"},"potentialAction":[{"@type":"SearchAction","target":{"@type":"EntryPoint","urlTemplate":"https:\/\/miumjau.ee\/?s={search_term_string}"},"query-input":{"@type":"PropertyValueSpecification","valueRequired":true,"valueName":"search_term_string"}}],"inLanguage":"lv-LV"},{"@type":"Organization","@id":"https:\/\/miumjau.ee\/#organization","name":"MiuMjau O\u00dc","url":"https:\/\/miumjau.ee\/","logo":{"@type":"ImageObject","inLanguage":"lv-LV","@id":"https:\/\/miumjau.ee\/#\/schema\/logo\/image\/","url":"https:\/\/miumjau.ee\/wp-content\/uploads\/2022\/04\/MiuMjau-logo-kollane.png","contentUrl":"https:\/\/miumjau.ee\/wp-content\/uploads\/2022\/04\/MiuMjau-logo-kollane.png","width":219,"height":100,"caption":"MiuMjau O\u00dc"},"image":{"@id":"https:\/\/miumjau.ee\/#\/schema\/logo\/image\/"},"sameAs":["https:\/\/www.facebook.com\/miumjaupood\/"]}]}},"_links":{"self":[{"href":"https:\/\/miumjau.ee\/lv\/wp-json\/wp\/v2\/product\/49756","targetHints":{"allow":["GET"]}}],"collection":[{"href":"https:\/\/miumjau.ee\/lv\/wp-json\/wp\/v2\/product"}],"about":[{"href":"https:\/\/miumjau.ee\/lv\/wp-json\/wp\/v2\/types\/product"}],"wp:featuredmedia":[{"embeddable":true,"href":"https:\/\/miumjau.ee\/lv\/wp-json\/wp\/v2\/media\/49757"}],"wp:attachment":[{"href":"https:\/\/miumjau.ee\/lv\/wp-json\/wp\/v2\/media?parent=49756"}],"wp:term":[{"taxonomy":"product_brand","embeddable":true,"href":"https:\/\/miumjau.ee\/lv\/wp-json\/wp\/v2\/product_brand?post=49756"},{"taxonomy":"product_cat","embeddable":true,"href":"https:\/\/miumjau.ee\/lv\/wp-json\/wp\/v2\/product_cat?post=49756"},{"taxonomy":"product_tag","embeddable":true,"href":"https:\/\/miumjau.ee\/lv\/wp-json\/wp\/v2\/product_tag?post=49756"}],"curies":[{"name":"wp","href":"https:\/\/api.w.org\/{rel}","templated":true}]}}