{"id":49744,"date":"2025-04-22T14:55:41","date_gmt":"2025-04-22T11:55:41","guid":{"rendered":"https:\/\/miumjau.ee\/toode\/catfest-tunca-putas-mitra-bariba-kakeniem-70g\/"},"modified":"2026-01-07T21:15:41","modified_gmt":"2026-01-07T19:15:41","slug":"catfest-tunca-putas-mitra-bariba-kakeniem-70g","status":"publish","type":"product","link":"https:\/\/miumjau.ee\/lv\/produkts\/catfest-tunca-putas-mitra-bariba-kakeniem-70g\/","title":{"rendered":"CatFest tun\u010da putas, mitr\u0101 bar\u012bba ka\u0137\u0113niem 70g"},"content":{"rendered":"","protected":false},"excerpt":{"rendered":"<p>Bag\u0101t\u012bg\u0101 tun\u010da past\u0113te ir ide\u0101li piem\u0113rota ka\u0137\u0113niem akt\u012bv\u0101s aug\u0161anas un att\u012bst\u012bbas f\u0101z\u0113. \u0160\u012b dab\u012bg\u0101 bar\u012bba nodro\u0161ina j\u016bsu m\u012bluli ar omega-3 tauksk\u0101b\u0113m, olbaltumviel\u0101m, vitam\u012bniem un miner\u0101lviel\u0101m, kas ir nepiecie\u0161amas vesel\u012bbas un ener\u0123ijas uztur\u0113\u0161anai. Pied\u0101v\u0101 k\u0101 papildbar\u012bbu.<\/p>\n<p>Sast\u0101vda\u013cas: Tuncis 58%, zivju buljons 39,9%, an\u0161ovu zivju e\u013c\u013ca, prebiotikas FOS, E vitam\u012bns, taur\u012bns, tapioka, cigori\u0146u ekstrakts, fruktoze, miner\u0101lvielas.<\/p>\n<p>Anal\u012btisk\u0101s sast\u0101vda\u013cas: Neapstr\u0101d\u0101ts prote\u012bns 10%, neapstr\u0101d\u0101ti tauki 0,8%, neapstr\u0101d\u0101ta \u0161\u0137iedra 1%, neapstr\u0101d\u0101ti pelni 1,5%, mitrums 89%, ener\u0123\u0113tisk\u0101 v\u0113rt\u012bba \u2014 41,96 kcal.<br \/>\nIeguvumi: \u0160\u012b past\u0113te ir \u012bpa\u0161i izstr\u0101d\u0101ta ka\u0137\u0113niem, nodro\u0161inot tos ar visu nepiecie\u0161amo aug\u0161anai un att\u012bst\u012bbai. Omega-3 tauksk\u0101bes atbalsta \u0101das un ka\u017eoka vesel\u012bbu, olbaltumvielas pal\u012bdz uztur\u0113t musku\u013cu masu, bet taur\u012bns pal\u012bdz att\u012bst\u012bt redzi un sirds darb\u012bbu. E vitam\u012bns stiprina im\u016bnsist\u0113mu, savuk\u0101rt cigori\u0146u ekstrakts uzlabo gremo\u0161anu.<\/p>\n<p>Nor\u0101d\u012bjumi: Ide\u0101li piem\u0113rots k\u0101 ikdienas papildbar\u012bba visu \u0161\u0137ir\u0146u ka\u0137\u0113niem. Pasniedziet istabas temperat\u016br\u0101, lai izceltu gar\u0161u. Uzglab\u0101t v\u0113s\u0101, saus\u0101 viet\u0101. Ieteicams dot 2\u20133 paci\u0146as dien\u0101 atkar\u012bb\u0101 no ka\u0137\u0113na vecuma un aktivit\u0101tes l\u012bme\u0146a. P\u0101rliecinieties, ka ka\u0137\u0113nam vienm\u0113r ir pieejams svaigs \u016bdens.<\/p>\n","protected":false},"featured_media":49745,"template":"","meta":[],"product_brand":[],"product_cat":[571],"product_tag":[],"class_list":{"0":"post-49744","1":"product","2":"type-product","3":"status-publish","4":"has-post-thumbnail","6":"product_cat-mitra-bariba","8":"first","9":"instock","10":"sale","11":"taxable","12":"shipping-taxable","13":"purchasable","14":"product-type-simple"},"yoast_head":"<!-- This site is optimized with the Yoast SEO plugin v27.2 - https:\/\/yoast.com\/product\/yoast-seo-wordpress\/ -->\n<title>CatFest tun\u010da putas, mitr\u0101 bar\u012bba ka\u0137\u0113niem 70g - MiuMjau<\/title>\n<meta name=\"description\" content=\"CatFest putas ir \u0101rk\u0101rt\u012bgi delik\u0101tas un gardas, un t\u0101s ir \u012bpa\u0161i izstr\u0101d\u0101tas ka\u0137\u0113niem. \u012asts gard\u0113\u017eu na\u0161\u0137is un palutin\u0101jums j\u016bsu mazajam.\" \/>\n<meta name=\"robots\" content=\"index, follow, max-snippet:-1, max-image-preview:large, max-video-preview:-1\" \/>\n<link rel=\"canonical\" href=\"https:\/\/miumjau.ee\/lv\/produkts\/catfest-tunca-putas-mitra-bariba-kakeniem-70g\/\" \/>\n<meta property=\"og:locale\" content=\"lv_LV\" \/>\n<meta property=\"og:type\" content=\"article\" \/>\n<meta property=\"og:title\" content=\"CatFest tun\u010da putas, mitr\u0101 bar\u012bba ka\u0137\u0113niem 70g - MiuMjau\" \/>\n<meta property=\"og:description\" content=\"CatFest putas ir \u0101rk\u0101rt\u012bgi delik\u0101tas un gardas, un t\u0101s ir \u012bpa\u0161i izstr\u0101d\u0101tas ka\u0137\u0113niem. \u012asts gard\u0113\u017eu na\u0161\u0137is un palutin\u0101jums j\u016bsu mazajam.\" \/>\n<meta property=\"og:url\" content=\"https:\/\/miumjau.ee\/lv\/produkts\/catfest-tunca-putas-mitra-bariba-kakeniem-70g\/\" \/>\n<meta property=\"og:site_name\" content=\"MiuMjau\" \/>\n<meta property=\"article:publisher\" content=\"https:\/\/www.facebook.com\/miumjaupood\/\" \/>\n<meta property=\"article:modified_time\" content=\"2026-01-07T19:15:41+00:00\" \/>\n<meta property=\"og:image\" content=\"https:\/\/miumjau.ee\/wp-content\/uploads\/2025\/04\/catfest-margtoit-kassidele18.webp\" \/>\n\t<meta property=\"og:image:width\" content=\"600\" \/>\n\t<meta property=\"og:image:height\" content=\"800\" \/>\n\t<meta property=\"og:image:type\" content=\"image\/webp\" \/>\n<meta name=\"twitter:card\" content=\"summary_large_image\" \/>\n<script type=\"application\/ld+json\" class=\"yoast-schema-graph\">{\"@context\":\"https:\/\/schema.org\",\"@graph\":[{\"@type\":\"WebPage\",\"@id\":\"https:\/\/miumjau.ee\/lv\/produkts\/catfest-tunca-putas-mitra-bariba-kakeniem-70g\/\",\"url\":\"https:\/\/miumjau.ee\/lv\/produkts\/catfest-tunca-putas-mitra-bariba-kakeniem-70g\/\",\"name\":\"CatFest tun\u010da putas, mitr\u0101 bar\u012bba ka\u0137\u0113niem 70g - MiuMjau\",\"isPartOf\":{\"@id\":\"https:\/\/miumjau.ee\/#website\"},\"primaryImageOfPage\":{\"@id\":\"https:\/\/miumjau.ee\/lv\/produkts\/catfest-tunca-putas-mitra-bariba-kakeniem-70g\/#primaryimage\"},\"image\":{\"@id\":\"https:\/\/miumjau.ee\/lv\/produkts\/catfest-tunca-putas-mitra-bariba-kakeniem-70g\/#primaryimage\"},\"thumbnailUrl\":\"https:\/\/miumjau.ee\/wp-content\/uploads\/2025\/04\/catfest-margtoit-kassidele18.webp\",\"datePublished\":\"2025-04-22T11:55:41+00:00\",\"dateModified\":\"2026-01-07T19:15:41+00:00\",\"description\":\"CatFest putas ir \u0101rk\u0101rt\u012bgi delik\u0101tas un gardas, un t\u0101s ir \u012bpa\u0161i izstr\u0101d\u0101tas ka\u0137\u0113niem. \u012asts gard\u0113\u017eu na\u0161\u0137is un palutin\u0101jums j\u016bsu mazajam.\",\"breadcrumb\":{\"@id\":\"https:\/\/miumjau.ee\/lv\/produkts\/catfest-tunca-putas-mitra-bariba-kakeniem-70g\/#breadcrumb\"},\"inLanguage\":\"lv-LV\",\"potentialAction\":[{\"@type\":\"ReadAction\",\"target\":[\"https:\/\/miumjau.ee\/lv\/produkts\/catfest-tunca-putas-mitra-bariba-kakeniem-70g\/\"]}]},{\"@type\":\"ImageObject\",\"inLanguage\":\"lv-LV\",\"@id\":\"https:\/\/miumjau.ee\/lv\/produkts\/catfest-tunca-putas-mitra-bariba-kakeniem-70g\/#primaryimage\",\"url\":\"https:\/\/miumjau.ee\/wp-content\/uploads\/2025\/04\/catfest-margtoit-kassidele18.webp\",\"contentUrl\":\"https:\/\/miumjau.ee\/wp-content\/uploads\/2025\/04\/catfest-margtoit-kassidele18.webp\",\"width\":600,\"height\":800},{\"@type\":\"BreadcrumbList\",\"@id\":\"https:\/\/miumjau.ee\/lv\/produkts\/catfest-tunca-putas-mitra-bariba-kakeniem-70g\/#breadcrumb\",\"itemListElement\":[{\"@type\":\"ListItem\",\"position\":1,\"name\":\"Home\",\"item\":\"https:\/\/miumjau.ee\/lv\/\"},{\"@type\":\"ListItem\",\"position\":2,\"name\":\"Veikals\",\"item\":\"https:\/\/miumjau.ee\/lv\/veikals\/\"},{\"@type\":\"ListItem\",\"position\":3,\"name\":\"CatFest tun\u010da putas, mitr\u0101 bar\u012bba ka\u0137\u0113niem 70g\"}]},{\"@type\":\"WebSite\",\"@id\":\"https:\/\/miumjau.ee\/#website\",\"url\":\"https:\/\/miumjau.ee\/\",\"name\":\"MiuMjau\",\"description\":\"Kraapimispuud kassidele\",\"publisher\":{\"@id\":\"https:\/\/miumjau.ee\/#organization\"},\"potentialAction\":[{\"@type\":\"SearchAction\",\"target\":{\"@type\":\"EntryPoint\",\"urlTemplate\":\"https:\/\/miumjau.ee\/?s={search_term_string}\"},\"query-input\":{\"@type\":\"PropertyValueSpecification\",\"valueRequired\":true,\"valueName\":\"search_term_string\"}}],\"inLanguage\":\"lv-LV\"},{\"@type\":\"Organization\",\"@id\":\"https:\/\/miumjau.ee\/#organization\",\"name\":\"MiuMjau O\u00dc\",\"url\":\"https:\/\/miumjau.ee\/\",\"logo\":{\"@type\":\"ImageObject\",\"inLanguage\":\"lv-LV\",\"@id\":\"https:\/\/miumjau.ee\/#\/schema\/logo\/image\/\",\"url\":\"https:\/\/miumjau.ee\/wp-content\/uploads\/2022\/04\/MiuMjau-logo-kollane.png\",\"contentUrl\":\"https:\/\/miumjau.ee\/wp-content\/uploads\/2022\/04\/MiuMjau-logo-kollane.png\",\"width\":219,\"height\":100,\"caption\":\"MiuMjau O\u00dc\"},\"image\":{\"@id\":\"https:\/\/miumjau.ee\/#\/schema\/logo\/image\/\"},\"sameAs\":[\"https:\/\/www.facebook.com\/miumjaupood\/\"]}]}<\/script>\n<!-- \/ Yoast SEO plugin. -->","yoast_head_json":{"title":"CatFest tun\u010da putas, mitr\u0101 bar\u012bba ka\u0137\u0113niem 70g - MiuMjau","description":"CatFest putas ir \u0101rk\u0101rt\u012bgi delik\u0101tas un gardas, un t\u0101s ir \u012bpa\u0161i izstr\u0101d\u0101tas ka\u0137\u0113niem. \u012asts gard\u0113\u017eu na\u0161\u0137is un palutin\u0101jums j\u016bsu mazajam.","robots":{"index":"index","follow":"follow","max-snippet":"max-snippet:-1","max-image-preview":"max-image-preview:large","max-video-preview":"max-video-preview:-1"},"canonical":"https:\/\/miumjau.ee\/lv\/produkts\/catfest-tunca-putas-mitra-bariba-kakeniem-70g\/","og_locale":"lv_LV","og_type":"article","og_title":"CatFest tun\u010da putas, mitr\u0101 bar\u012bba ka\u0137\u0113niem 70g - MiuMjau","og_description":"CatFest putas ir \u0101rk\u0101rt\u012bgi delik\u0101tas un gardas, un t\u0101s ir \u012bpa\u0161i izstr\u0101d\u0101tas ka\u0137\u0113niem. \u012asts gard\u0113\u017eu na\u0161\u0137is un palutin\u0101jums j\u016bsu mazajam.","og_url":"https:\/\/miumjau.ee\/lv\/produkts\/catfest-tunca-putas-mitra-bariba-kakeniem-70g\/","og_site_name":"MiuMjau","article_publisher":"https:\/\/www.facebook.com\/miumjaupood\/","article_modified_time":"2026-01-07T19:15:41+00:00","og_image":[{"width":600,"height":800,"url":"https:\/\/miumjau.ee\/wp-content\/uploads\/2025\/04\/catfest-margtoit-kassidele18.webp","type":"image\/webp"}],"twitter_card":"summary_large_image","schema":{"@context":"https:\/\/schema.org","@graph":[{"@type":"WebPage","@id":"https:\/\/miumjau.ee\/lv\/produkts\/catfest-tunca-putas-mitra-bariba-kakeniem-70g\/","url":"https:\/\/miumjau.ee\/lv\/produkts\/catfest-tunca-putas-mitra-bariba-kakeniem-70g\/","name":"CatFest tun\u010da putas, mitr\u0101 bar\u012bba ka\u0137\u0113niem 70g - MiuMjau","isPartOf":{"@id":"https:\/\/miumjau.ee\/#website"},"primaryImageOfPage":{"@id":"https:\/\/miumjau.ee\/lv\/produkts\/catfest-tunca-putas-mitra-bariba-kakeniem-70g\/#primaryimage"},"image":{"@id":"https:\/\/miumjau.ee\/lv\/produkts\/catfest-tunca-putas-mitra-bariba-kakeniem-70g\/#primaryimage"},"thumbnailUrl":"https:\/\/miumjau.ee\/wp-content\/uploads\/2025\/04\/catfest-margtoit-kassidele18.webp","datePublished":"2025-04-22T11:55:41+00:00","dateModified":"2026-01-07T19:15:41+00:00","description":"CatFest putas ir \u0101rk\u0101rt\u012bgi delik\u0101tas un gardas, un t\u0101s ir \u012bpa\u0161i izstr\u0101d\u0101tas ka\u0137\u0113niem. \u012asts gard\u0113\u017eu na\u0161\u0137is un palutin\u0101jums j\u016bsu mazajam.","breadcrumb":{"@id":"https:\/\/miumjau.ee\/lv\/produkts\/catfest-tunca-putas-mitra-bariba-kakeniem-70g\/#breadcrumb"},"inLanguage":"lv-LV","potentialAction":[{"@type":"ReadAction","target":["https:\/\/miumjau.ee\/lv\/produkts\/catfest-tunca-putas-mitra-bariba-kakeniem-70g\/"]}]},{"@type":"ImageObject","inLanguage":"lv-LV","@id":"https:\/\/miumjau.ee\/lv\/produkts\/catfest-tunca-putas-mitra-bariba-kakeniem-70g\/#primaryimage","url":"https:\/\/miumjau.ee\/wp-content\/uploads\/2025\/04\/catfest-margtoit-kassidele18.webp","contentUrl":"https:\/\/miumjau.ee\/wp-content\/uploads\/2025\/04\/catfest-margtoit-kassidele18.webp","width":600,"height":800},{"@type":"BreadcrumbList","@id":"https:\/\/miumjau.ee\/lv\/produkts\/catfest-tunca-putas-mitra-bariba-kakeniem-70g\/#breadcrumb","itemListElement":[{"@type":"ListItem","position":1,"name":"Home","item":"https:\/\/miumjau.ee\/lv\/"},{"@type":"ListItem","position":2,"name":"Veikals","item":"https:\/\/miumjau.ee\/lv\/veikals\/"},{"@type":"ListItem","position":3,"name":"CatFest tun\u010da putas, mitr\u0101 bar\u012bba ka\u0137\u0113niem 70g"}]},{"@type":"WebSite","@id":"https:\/\/miumjau.ee\/#website","url":"https:\/\/miumjau.ee\/","name":"MiuMjau","description":"Kraapimispuud kassidele","publisher":{"@id":"https:\/\/miumjau.ee\/#organization"},"potentialAction":[{"@type":"SearchAction","target":{"@type":"EntryPoint","urlTemplate":"https:\/\/miumjau.ee\/?s={search_term_string}"},"query-input":{"@type":"PropertyValueSpecification","valueRequired":true,"valueName":"search_term_string"}}],"inLanguage":"lv-LV"},{"@type":"Organization","@id":"https:\/\/miumjau.ee\/#organization","name":"MiuMjau O\u00dc","url":"https:\/\/miumjau.ee\/","logo":{"@type":"ImageObject","inLanguage":"lv-LV","@id":"https:\/\/miumjau.ee\/#\/schema\/logo\/image\/","url":"https:\/\/miumjau.ee\/wp-content\/uploads\/2022\/04\/MiuMjau-logo-kollane.png","contentUrl":"https:\/\/miumjau.ee\/wp-content\/uploads\/2022\/04\/MiuMjau-logo-kollane.png","width":219,"height":100,"caption":"MiuMjau O\u00dc"},"image":{"@id":"https:\/\/miumjau.ee\/#\/schema\/logo\/image\/"},"sameAs":["https:\/\/www.facebook.com\/miumjaupood\/"]}]}},"_links":{"self":[{"href":"https:\/\/miumjau.ee\/lv\/wp-json\/wp\/v2\/product\/49744","targetHints":{"allow":["GET"]}}],"collection":[{"href":"https:\/\/miumjau.ee\/lv\/wp-json\/wp\/v2\/product"}],"about":[{"href":"https:\/\/miumjau.ee\/lv\/wp-json\/wp\/v2\/types\/product"}],"wp:featuredmedia":[{"embeddable":true,"href":"https:\/\/miumjau.ee\/lv\/wp-json\/wp\/v2\/media\/49745"}],"wp:attachment":[{"href":"https:\/\/miumjau.ee\/lv\/wp-json\/wp\/v2\/media?parent=49744"}],"wp:term":[{"taxonomy":"product_brand","embeddable":true,"href":"https:\/\/miumjau.ee\/lv\/wp-json\/wp\/v2\/product_brand?post=49744"},{"taxonomy":"product_cat","embeddable":true,"href":"https:\/\/miumjau.ee\/lv\/wp-json\/wp\/v2\/product_cat?post=49744"},{"taxonomy":"product_tag","embeddable":true,"href":"https:\/\/miumjau.ee\/lv\/wp-json\/wp\/v2\/product_tag?post=49744"}],"curies":[{"name":"wp","href":"https:\/\/api.w.org\/{rel}","templated":true}]}}