{"id":49741,"date":"2025-04-22T16:05:27","date_gmt":"2025-04-22T13:05:27","guid":{"rendered":"https:\/\/miumjau.ee\/toode\/catfest-pusdienu-maisins-ar-vistu-un-pili-zeleja-70g\/"},"modified":"2026-01-07T21:15:41","modified_gmt":"2026-01-07T19:15:41","slug":"catfest-pusdienu-maisins-ar-vistu-un-pili-zeleja-70g","status":"publish","type":"product","link":"https:\/\/miumjau.ee\/lv\/produkts\/catfest-pusdienu-maisins-ar-vistu-un-pili-zeleja-70g\/","title":{"rendered":"CatFest pusdienu maisi\u0146\u0161 ar vistu un p\u012bli \u017eelej\u0101 70g"},"content":{"rendered":"","protected":false},"excerpt":{"rendered":"<p>Vistas un p\u012bles filejas malt\u012bte ir \u012bsts gard\u0113\u017eu baud\u012bjums pat vispras\u012bg\u0101kajiem ka\u0137u gard\u0113\u017eiem. Maigas vistas un sul\u012bgas p\u012bles ga\u013cas kombin\u0101cija pied\u0101v\u0101 j\u016bsu m\u012blulim unik\u0101lu gar\u0161u, no kuras vi\u0146\u0161 nevar\u0113s atteikties. Pied\u0101v\u0101 k\u0101 papildino\u0161u dab\u012bgu bar\u012bbu.<\/p>\n<p>Sast\u0101vda\u013cas: vistas fileja 54%, p\u012bles ga\u013ca 6%, vistas buljons 38%, an\u0161ovu zivju e\u013c\u013ca, prebiotikas FOS, E vitam\u012bns, taur\u012bns, cigori\u0146u ekstrakts, miner\u0101lvielas.<\/p>\n<p>Anal\u012btisk\u0101s sast\u0101vda\u013cas: Neapstr\u0101d\u0101ts prote\u012bns 9,5%, neapstr\u0101d\u0101ti tauki 1,5%, neapstr\u0101d\u0101tas \u0161\u0137iedrvielas 1%, neapstr\u0101d\u0101ti pelni 1%, mitrums 89%, ener\u0123\u0113tisk\u0101 v\u0113rt\u012bba \u2014 45,61 kcal.<\/p>\n<p>Ieguvumi: \u0160\u012b bar\u012bba ir rad\u012bta tiem, kas nov\u0113rt\u0113 dab\u012bgu un augstv\u0113rt\u012bgu uzturu. Omega-3 un Omega-6 tauksk\u0101bes no p\u012bles ga\u013cas atbalsta \u0101das vesel\u012bbu un padara ka\u017eoku sp\u012bd\u012bgu un z\u012bdainu. Taur\u012bns atbalsta sirds un redzes vesel\u012bbu, savuk\u0101rt E vitam\u012bns stiprina im\u016bnsist\u0113mu. Cigori\u0146u ekstrakts uzlabo gremo\u0161anu un samazina fek\u0101liju smaku.<\/p>\n<p>Lieto\u0161ana: Piem\u0113rots k\u0101 papildbar\u012bba visiem pieaugu\u0161iem m\u0101jas ka\u0137iem, tostarp steriliz\u0113tiem un kastr\u0113tiem ka\u0137iem, k\u0101 ar\u012b ka\u0137iem ar aler\u0123ij\u0101m un gremo\u0161anas probl\u0113m\u0101m. Pasniedziet istabas temperat\u016br\u0101. Uzglab\u0101t v\u0113s\u0101, saus\u0101 viet\u0101. Dien\u0101 var dot l\u012bdz 3 paci\u0146\u0101m. M\u0101jdz\u012bvniekam vienm\u0113r j\u0101b\u016bt pieejamam svaigam \u016bdenim.<\/p>\n","protected":false},"featured_media":49742,"template":"","meta":[],"product_brand":[],"product_cat":[571],"product_tag":[],"class_list":{"0":"post-49741","1":"product","2":"type-product","3":"status-publish","4":"has-post-thumbnail","6":"product_cat-mitra-bariba","8":"first","9":"instock","10":"taxable","11":"shipping-taxable","12":"purchasable","13":"product-type-simple"},"yoast_head":"<!-- This site is optimized with the Yoast SEO plugin v27.2 - https:\/\/yoast.com\/product\/yoast-seo-wordpress\/ -->\n<title>CatFest pusdienu maisi\u0146\u0161 ar vistu un p\u012bli \u017eelej\u0101 70g - MiuMjau<\/title>\n<meta name=\"description\" content=\"CatFest simboliz\u0113 \u012bstu dab\u012bgu bar\u012bbu. Filejas gabali\u0146i gard\u0101, sul\u012bg\u0101 \u017eelej\u0101. J\u016bsu ka\u0137is vienk\u0101r\u0161i nevar pretoties!\" \/>\n<meta name=\"robots\" content=\"index, follow, max-snippet:-1, max-image-preview:large, max-video-preview:-1\" \/>\n<link rel=\"canonical\" href=\"https:\/\/miumjau.ee\/lv\/produkts\/catfest-pusdienu-maisins-ar-vistu-un-pili-zeleja-70g\/\" \/>\n<meta property=\"og:locale\" content=\"lv_LV\" \/>\n<meta property=\"og:type\" content=\"article\" \/>\n<meta property=\"og:title\" content=\"CatFest pusdienu maisi\u0146\u0161 ar vistu un p\u012bli \u017eelej\u0101 70g - MiuMjau\" \/>\n<meta property=\"og:description\" content=\"CatFest simboliz\u0113 \u012bstu dab\u012bgu bar\u012bbu. Filejas gabali\u0146i gard\u0101, sul\u012bg\u0101 \u017eelej\u0101. J\u016bsu ka\u0137is vienk\u0101r\u0161i nevar pretoties!\" \/>\n<meta property=\"og:url\" content=\"https:\/\/miumjau.ee\/lv\/produkts\/catfest-pusdienu-maisins-ar-vistu-un-pili-zeleja-70g\/\" \/>\n<meta property=\"og:site_name\" content=\"MiuMjau\" \/>\n<meta property=\"article:publisher\" content=\"https:\/\/www.facebook.com\/miumjaupood\/\" \/>\n<meta property=\"article:modified_time\" content=\"2026-01-07T19:15:41+00:00\" \/>\n<meta property=\"og:image\" content=\"https:\/\/miumjau.ee\/wp-content\/uploads\/2025\/04\/catfest-margtoit-kassidele8.webp\" \/>\n\t<meta property=\"og:image:width\" content=\"600\" \/>\n\t<meta property=\"og:image:height\" content=\"800\" \/>\n\t<meta property=\"og:image:type\" content=\"image\/webp\" \/>\n<meta name=\"twitter:card\" content=\"summary_large_image\" \/>\n<script type=\"application\/ld+json\" class=\"yoast-schema-graph\">{\"@context\":\"https:\/\/schema.org\",\"@graph\":[{\"@type\":\"WebPage\",\"@id\":\"https:\/\/miumjau.ee\/lv\/produkts\/catfest-pusdienu-maisins-ar-vistu-un-pili-zeleja-70g\/\",\"url\":\"https:\/\/miumjau.ee\/lv\/produkts\/catfest-pusdienu-maisins-ar-vistu-un-pili-zeleja-70g\/\",\"name\":\"CatFest pusdienu maisi\u0146\u0161 ar vistu un p\u012bli \u017eelej\u0101 70g - MiuMjau\",\"isPartOf\":{\"@id\":\"https:\/\/miumjau.ee\/#website\"},\"primaryImageOfPage\":{\"@id\":\"https:\/\/miumjau.ee\/lv\/produkts\/catfest-pusdienu-maisins-ar-vistu-un-pili-zeleja-70g\/#primaryimage\"},\"image\":{\"@id\":\"https:\/\/miumjau.ee\/lv\/produkts\/catfest-pusdienu-maisins-ar-vistu-un-pili-zeleja-70g\/#primaryimage\"},\"thumbnailUrl\":\"https:\/\/miumjau.ee\/wp-content\/uploads\/2025\/04\/catfest-margtoit-kassidele8.webp\",\"datePublished\":\"2025-04-22T13:05:27+00:00\",\"dateModified\":\"2026-01-07T19:15:41+00:00\",\"description\":\"CatFest simboliz\u0113 \u012bstu dab\u012bgu bar\u012bbu. Filejas gabali\u0146i gard\u0101, sul\u012bg\u0101 \u017eelej\u0101. J\u016bsu ka\u0137is vienk\u0101r\u0161i nevar pretoties!\",\"breadcrumb\":{\"@id\":\"https:\/\/miumjau.ee\/lv\/produkts\/catfest-pusdienu-maisins-ar-vistu-un-pili-zeleja-70g\/#breadcrumb\"},\"inLanguage\":\"lv-LV\",\"potentialAction\":[{\"@type\":\"ReadAction\",\"target\":[\"https:\/\/miumjau.ee\/lv\/produkts\/catfest-pusdienu-maisins-ar-vistu-un-pili-zeleja-70g\/\"]}]},{\"@type\":\"ImageObject\",\"inLanguage\":\"lv-LV\",\"@id\":\"https:\/\/miumjau.ee\/lv\/produkts\/catfest-pusdienu-maisins-ar-vistu-un-pili-zeleja-70g\/#primaryimage\",\"url\":\"https:\/\/miumjau.ee\/wp-content\/uploads\/2025\/04\/catfest-margtoit-kassidele8.webp\",\"contentUrl\":\"https:\/\/miumjau.ee\/wp-content\/uploads\/2025\/04\/catfest-margtoit-kassidele8.webp\",\"width\":600,\"height\":800},{\"@type\":\"BreadcrumbList\",\"@id\":\"https:\/\/miumjau.ee\/lv\/produkts\/catfest-pusdienu-maisins-ar-vistu-un-pili-zeleja-70g\/#breadcrumb\",\"itemListElement\":[{\"@type\":\"ListItem\",\"position\":1,\"name\":\"Home\",\"item\":\"https:\/\/miumjau.ee\/lv\/\"},{\"@type\":\"ListItem\",\"position\":2,\"name\":\"Veikals\",\"item\":\"https:\/\/miumjau.ee\/lv\/veikals\/\"},{\"@type\":\"ListItem\",\"position\":3,\"name\":\"CatFest pusdienu maisi\u0146\u0161 ar vistu un p\u012bli \u017eelej\u0101 70g\"}]},{\"@type\":\"WebSite\",\"@id\":\"https:\/\/miumjau.ee\/#website\",\"url\":\"https:\/\/miumjau.ee\/\",\"name\":\"MiuMjau\",\"description\":\"Kraapimispuud kassidele\",\"publisher\":{\"@id\":\"https:\/\/miumjau.ee\/#organization\"},\"potentialAction\":[{\"@type\":\"SearchAction\",\"target\":{\"@type\":\"EntryPoint\",\"urlTemplate\":\"https:\/\/miumjau.ee\/?s={search_term_string}\"},\"query-input\":{\"@type\":\"PropertyValueSpecification\",\"valueRequired\":true,\"valueName\":\"search_term_string\"}}],\"inLanguage\":\"lv-LV\"},{\"@type\":\"Organization\",\"@id\":\"https:\/\/miumjau.ee\/#organization\",\"name\":\"MiuMjau O\u00dc\",\"url\":\"https:\/\/miumjau.ee\/\",\"logo\":{\"@type\":\"ImageObject\",\"inLanguage\":\"lv-LV\",\"@id\":\"https:\/\/miumjau.ee\/#\/schema\/logo\/image\/\",\"url\":\"https:\/\/miumjau.ee\/wp-content\/uploads\/2022\/04\/MiuMjau-logo-kollane.png\",\"contentUrl\":\"https:\/\/miumjau.ee\/wp-content\/uploads\/2022\/04\/MiuMjau-logo-kollane.png\",\"width\":219,\"height\":100,\"caption\":\"MiuMjau O\u00dc\"},\"image\":{\"@id\":\"https:\/\/miumjau.ee\/#\/schema\/logo\/image\/\"},\"sameAs\":[\"https:\/\/www.facebook.com\/miumjaupood\/\"]}]}<\/script>\n<!-- \/ Yoast SEO plugin. -->","yoast_head_json":{"title":"CatFest pusdienu maisi\u0146\u0161 ar vistu un p\u012bli \u017eelej\u0101 70g - MiuMjau","description":"CatFest simboliz\u0113 \u012bstu dab\u012bgu bar\u012bbu. Filejas gabali\u0146i gard\u0101, sul\u012bg\u0101 \u017eelej\u0101. J\u016bsu ka\u0137is vienk\u0101r\u0161i nevar pretoties!","robots":{"index":"index","follow":"follow","max-snippet":"max-snippet:-1","max-image-preview":"max-image-preview:large","max-video-preview":"max-video-preview:-1"},"canonical":"https:\/\/miumjau.ee\/lv\/produkts\/catfest-pusdienu-maisins-ar-vistu-un-pili-zeleja-70g\/","og_locale":"lv_LV","og_type":"article","og_title":"CatFest pusdienu maisi\u0146\u0161 ar vistu un p\u012bli \u017eelej\u0101 70g - MiuMjau","og_description":"CatFest simboliz\u0113 \u012bstu dab\u012bgu bar\u012bbu. Filejas gabali\u0146i gard\u0101, sul\u012bg\u0101 \u017eelej\u0101. J\u016bsu ka\u0137is vienk\u0101r\u0161i nevar pretoties!","og_url":"https:\/\/miumjau.ee\/lv\/produkts\/catfest-pusdienu-maisins-ar-vistu-un-pili-zeleja-70g\/","og_site_name":"MiuMjau","article_publisher":"https:\/\/www.facebook.com\/miumjaupood\/","article_modified_time":"2026-01-07T19:15:41+00:00","og_image":[{"width":600,"height":800,"url":"https:\/\/miumjau.ee\/wp-content\/uploads\/2025\/04\/catfest-margtoit-kassidele8.webp","type":"image\/webp"}],"twitter_card":"summary_large_image","schema":{"@context":"https:\/\/schema.org","@graph":[{"@type":"WebPage","@id":"https:\/\/miumjau.ee\/lv\/produkts\/catfest-pusdienu-maisins-ar-vistu-un-pili-zeleja-70g\/","url":"https:\/\/miumjau.ee\/lv\/produkts\/catfest-pusdienu-maisins-ar-vistu-un-pili-zeleja-70g\/","name":"CatFest pusdienu maisi\u0146\u0161 ar vistu un p\u012bli \u017eelej\u0101 70g - MiuMjau","isPartOf":{"@id":"https:\/\/miumjau.ee\/#website"},"primaryImageOfPage":{"@id":"https:\/\/miumjau.ee\/lv\/produkts\/catfest-pusdienu-maisins-ar-vistu-un-pili-zeleja-70g\/#primaryimage"},"image":{"@id":"https:\/\/miumjau.ee\/lv\/produkts\/catfest-pusdienu-maisins-ar-vistu-un-pili-zeleja-70g\/#primaryimage"},"thumbnailUrl":"https:\/\/miumjau.ee\/wp-content\/uploads\/2025\/04\/catfest-margtoit-kassidele8.webp","datePublished":"2025-04-22T13:05:27+00:00","dateModified":"2026-01-07T19:15:41+00:00","description":"CatFest simboliz\u0113 \u012bstu dab\u012bgu bar\u012bbu. Filejas gabali\u0146i gard\u0101, sul\u012bg\u0101 \u017eelej\u0101. J\u016bsu ka\u0137is vienk\u0101r\u0161i nevar pretoties!","breadcrumb":{"@id":"https:\/\/miumjau.ee\/lv\/produkts\/catfest-pusdienu-maisins-ar-vistu-un-pili-zeleja-70g\/#breadcrumb"},"inLanguage":"lv-LV","potentialAction":[{"@type":"ReadAction","target":["https:\/\/miumjau.ee\/lv\/produkts\/catfest-pusdienu-maisins-ar-vistu-un-pili-zeleja-70g\/"]}]},{"@type":"ImageObject","inLanguage":"lv-LV","@id":"https:\/\/miumjau.ee\/lv\/produkts\/catfest-pusdienu-maisins-ar-vistu-un-pili-zeleja-70g\/#primaryimage","url":"https:\/\/miumjau.ee\/wp-content\/uploads\/2025\/04\/catfest-margtoit-kassidele8.webp","contentUrl":"https:\/\/miumjau.ee\/wp-content\/uploads\/2025\/04\/catfest-margtoit-kassidele8.webp","width":600,"height":800},{"@type":"BreadcrumbList","@id":"https:\/\/miumjau.ee\/lv\/produkts\/catfest-pusdienu-maisins-ar-vistu-un-pili-zeleja-70g\/#breadcrumb","itemListElement":[{"@type":"ListItem","position":1,"name":"Home","item":"https:\/\/miumjau.ee\/lv\/"},{"@type":"ListItem","position":2,"name":"Veikals","item":"https:\/\/miumjau.ee\/lv\/veikals\/"},{"@type":"ListItem","position":3,"name":"CatFest pusdienu maisi\u0146\u0161 ar vistu un p\u012bli \u017eelej\u0101 70g"}]},{"@type":"WebSite","@id":"https:\/\/miumjau.ee\/#website","url":"https:\/\/miumjau.ee\/","name":"MiuMjau","description":"Kraapimispuud kassidele","publisher":{"@id":"https:\/\/miumjau.ee\/#organization"},"potentialAction":[{"@type":"SearchAction","target":{"@type":"EntryPoint","urlTemplate":"https:\/\/miumjau.ee\/?s={search_term_string}"},"query-input":{"@type":"PropertyValueSpecification","valueRequired":true,"valueName":"search_term_string"}}],"inLanguage":"lv-LV"},{"@type":"Organization","@id":"https:\/\/miumjau.ee\/#organization","name":"MiuMjau O\u00dc","url":"https:\/\/miumjau.ee\/","logo":{"@type":"ImageObject","inLanguage":"lv-LV","@id":"https:\/\/miumjau.ee\/#\/schema\/logo\/image\/","url":"https:\/\/miumjau.ee\/wp-content\/uploads\/2022\/04\/MiuMjau-logo-kollane.png","contentUrl":"https:\/\/miumjau.ee\/wp-content\/uploads\/2022\/04\/MiuMjau-logo-kollane.png","width":219,"height":100,"caption":"MiuMjau O\u00dc"},"image":{"@id":"https:\/\/miumjau.ee\/#\/schema\/logo\/image\/"},"sameAs":["https:\/\/www.facebook.com\/miumjaupood\/"]}]}},"_links":{"self":[{"href":"https:\/\/miumjau.ee\/lv\/wp-json\/wp\/v2\/product\/49741","targetHints":{"allow":["GET"]}}],"collection":[{"href":"https:\/\/miumjau.ee\/lv\/wp-json\/wp\/v2\/product"}],"about":[{"href":"https:\/\/miumjau.ee\/lv\/wp-json\/wp\/v2\/types\/product"}],"wp:featuredmedia":[{"embeddable":true,"href":"https:\/\/miumjau.ee\/lv\/wp-json\/wp\/v2\/media\/49742"}],"wp:attachment":[{"href":"https:\/\/miumjau.ee\/lv\/wp-json\/wp\/v2\/media?parent=49741"}],"wp:term":[{"taxonomy":"product_brand","embeddable":true,"href":"https:\/\/miumjau.ee\/lv\/wp-json\/wp\/v2\/product_brand?post=49741"},{"taxonomy":"product_cat","embeddable":true,"href":"https:\/\/miumjau.ee\/lv\/wp-json\/wp\/v2\/product_cat?post=49741"},{"taxonomy":"product_tag","embeddable":true,"href":"https:\/\/miumjau.ee\/lv\/wp-json\/wp\/v2\/product_tag?post=49741"}],"curies":[{"name":"wp","href":"https:\/\/api.w.org\/{rel}","templated":true}]}}