{"id":49729,"date":"2025-04-22T16:05:58","date_gmt":"2025-04-22T13:05:58","guid":{"rendered":"https:\/\/miumjau.ee\/toode\/catfest-baribas-maisins-ar-pili-un-trusi-zeleja-mitra-kaku-bariba-70g\/"},"modified":"2026-01-07T21:15:48","modified_gmt":"2026-01-07T19:15:48","slug":"catfest-baribas-maisins-ar-pili-un-trusi-zeleja-mitra-kaku-bariba-70g","status":"publish","type":"product","link":"https:\/\/miumjau.ee\/lv\/produkts\/catfest-baribas-maisins-ar-pili-un-trusi-zeleja-mitra-kaku-bariba-70g\/","title":{"rendered":"CatFest bar\u012bbas maisi\u0146\u0161 ar p\u012bli un tru\u0161i \u017eelej\u0101, mitr\u0101 ka\u0137u bar\u012bba 70g"},"content":{"rendered":"","protected":false},"excerpt":{"rendered":"<p>P\u012bles fileja ar tru\u0161a ga\u013cu ir ide\u0101ls papildin\u0101jums pieaugu\u0161u ka\u0137u uzturam. Augstais p\u012bles un tru\u0161a ga\u013cas saturs nodro\u0161ina j\u016bsu m\u012bluli ar bag\u0101t\u012bgu olbaltumvielu un uzturvielu avotu, kas pal\u012bdz uztur\u0113t lielisku fizisko formu un visp\u0101r\u0113jo vesel\u012bbu. Pied\u0101v\u0101 k\u0101 papildino\u0161u dab\u012bgu bar\u012bbu.<\/p>\n<p>Sast\u0101vda\u013cas: P\u012bles fileja 54%, tru\u0161a ga\u013ca 6%, p\u012bles buljons 38%, an\u0161ovu zivju e\u013c\u013ca, prebiotikas FOS, E vitam\u012bns, taur\u012bns, cigori\u0146u ekstrakts, miner\u0101lvielas.<\/p>\n<p>Anal\u012btisk\u0101s sast\u0101vda\u013cas: Neapstr\u0101d\u0101ts prote\u012bns 11%, neapstr\u0101d\u0101ti tauki 2%, neapstr\u0101d\u0101ti pelni 1,5%, neapstr\u0101d\u0101ta \u0161\u0137iedra 1%, mitrums 89%.<\/p>\n<p>Ieguvumi: P\u012bles un tru\u0161a ga\u013cas kombin\u0101cija nodro\u0161ina augstas kvalit\u0101tes olbaltumvielas, kas pal\u012bdz uztur\u0113t musku\u013cu masu. Prebiotikas FOS atbalsta vesel\u012bgu zarnu mikrofloru un uzlabo gremo\u0161anu. An\u0161ovu e\u013c\u013ca bag\u0101tina bar\u012bbu ar omega-3 tauksk\u0101b\u0113m, kas atbalsta \u0101das un ka\u017eoka vesel\u012bbu. Miner\u0101lvielu piedevas pal\u012bdz stiprin\u0101t kaulus un visp\u0101r\u0113jo vesel\u012bbu. Cigori\u0146i samazina ka\u0137u fek\u0101liju smaku, pal\u012bdzot uztur\u0113t svaigu gaisu ap ka\u0137u tualeti.<\/p>\n<p>Lieto\u0161ana: Piem\u0113rots k\u0101 papildbar\u012bba visiem pieaugu\u0161iem m\u0101jas ka\u0137iem, tostarp kastr\u0113tiem un steriliz\u0113tiem ka\u0137iem, k\u0101 ar\u012b ka\u0137iem ar aler\u0123ij\u0101m vai gremo\u0161anas probl\u0113m\u0101m. Pasniedziet istabas temperat\u016br\u0101. Uzglab\u0101t v\u0113s\u0101, saus\u0101 viet\u0101. Lietojiet l\u012bdz 3 paci\u0146\u0101m dien\u0101. P\u0101rliecinieties, ka j\u016bsu ka\u0137im vienm\u0113r ir pieejams svaigs \u016bdens.<\/p>\n","protected":false},"featured_media":49730,"template":"","meta":[],"product_brand":[],"product_cat":[571],"product_tag":[],"class_list":{"0":"post-49729","1":"product","2":"type-product","3":"status-publish","4":"has-post-thumbnail","6":"product_cat-mitra-bariba","8":"first","9":"instock","10":"taxable","11":"shipping-taxable","12":"purchasable","13":"product-type-simple"},"yoast_head":"<!-- This site is optimized with the Yoast SEO plugin v27.2 - https:\/\/yoast.com\/product\/yoast-seo-wordpress\/ -->\n<title>CatFest bar\u012bbas maisi\u0146\u0161 ar p\u012bli un tru\u0161i \u017eelej\u0101, mitr\u0101 ka\u0137u bar\u012bba 70g - MiuMjau<\/title>\n<meta name=\"description\" content=\"CatFest simboliz\u0113 \u012bstu dab\u012bgu bar\u012bbu. Filejas gabali\u0146i gard\u0101, sul\u012bg\u0101 \u017eelej\u0101. J\u016bsu ka\u0137is vienk\u0101r\u0161i nevar pretoties!\" \/>\n<meta name=\"robots\" content=\"index, follow, max-snippet:-1, max-image-preview:large, max-video-preview:-1\" \/>\n<link rel=\"canonical\" href=\"https:\/\/miumjau.ee\/lv\/produkts\/catfest-baribas-maisins-ar-pili-un-trusi-zeleja-mitra-kaku-bariba-70g\/\" \/>\n<meta property=\"og:locale\" content=\"lv_LV\" \/>\n<meta property=\"og:type\" content=\"article\" \/>\n<meta property=\"og:title\" content=\"CatFest bar\u012bbas maisi\u0146\u0161 ar p\u012bli un tru\u0161i \u017eelej\u0101, mitr\u0101 ka\u0137u bar\u012bba 70g - MiuMjau\" \/>\n<meta property=\"og:description\" content=\"CatFest simboliz\u0113 \u012bstu dab\u012bgu bar\u012bbu. Filejas gabali\u0146i gard\u0101, sul\u012bg\u0101 \u017eelej\u0101. J\u016bsu ka\u0137is vienk\u0101r\u0161i nevar pretoties!\" \/>\n<meta property=\"og:url\" content=\"https:\/\/miumjau.ee\/lv\/produkts\/catfest-baribas-maisins-ar-pili-un-trusi-zeleja-mitra-kaku-bariba-70g\/\" \/>\n<meta property=\"og:site_name\" content=\"MiuMjau\" \/>\n<meta property=\"article:publisher\" content=\"https:\/\/www.facebook.com\/miumjaupood\/\" \/>\n<meta property=\"article:modified_time\" content=\"2026-01-07T19:15:48+00:00\" \/>\n<meta property=\"og:image\" content=\"https:\/\/miumjau.ee\/wp-content\/uploads\/2025\/04\/catfest-margtoit-kassidele10.webp\" \/>\n\t<meta property=\"og:image:width\" content=\"600\" \/>\n\t<meta property=\"og:image:height\" content=\"800\" \/>\n\t<meta property=\"og:image:type\" content=\"image\/webp\" \/>\n<meta name=\"twitter:card\" content=\"summary_large_image\" \/>\n<script type=\"application\/ld+json\" class=\"yoast-schema-graph\">{\"@context\":\"https:\/\/schema.org\",\"@graph\":[{\"@type\":\"WebPage\",\"@id\":\"https:\/\/miumjau.ee\/lv\/produkts\/catfest-baribas-maisins-ar-pili-un-trusi-zeleja-mitra-kaku-bariba-70g\/\",\"url\":\"https:\/\/miumjau.ee\/lv\/produkts\/catfest-baribas-maisins-ar-pili-un-trusi-zeleja-mitra-kaku-bariba-70g\/\",\"name\":\"CatFest bar\u012bbas maisi\u0146\u0161 ar p\u012bli un tru\u0161i \u017eelej\u0101, mitr\u0101 ka\u0137u bar\u012bba 70g - MiuMjau\",\"isPartOf\":{\"@id\":\"https:\/\/miumjau.ee\/#website\"},\"primaryImageOfPage\":{\"@id\":\"https:\/\/miumjau.ee\/lv\/produkts\/catfest-baribas-maisins-ar-pili-un-trusi-zeleja-mitra-kaku-bariba-70g\/#primaryimage\"},\"image\":{\"@id\":\"https:\/\/miumjau.ee\/lv\/produkts\/catfest-baribas-maisins-ar-pili-un-trusi-zeleja-mitra-kaku-bariba-70g\/#primaryimage\"},\"thumbnailUrl\":\"https:\/\/miumjau.ee\/wp-content\/uploads\/2025\/04\/catfest-margtoit-kassidele10.webp\",\"datePublished\":\"2025-04-22T13:05:58+00:00\",\"dateModified\":\"2026-01-07T19:15:48+00:00\",\"description\":\"CatFest simboliz\u0113 \u012bstu dab\u012bgu bar\u012bbu. Filejas gabali\u0146i gard\u0101, sul\u012bg\u0101 \u017eelej\u0101. J\u016bsu ka\u0137is vienk\u0101r\u0161i nevar pretoties!\",\"breadcrumb\":{\"@id\":\"https:\/\/miumjau.ee\/lv\/produkts\/catfest-baribas-maisins-ar-pili-un-trusi-zeleja-mitra-kaku-bariba-70g\/#breadcrumb\"},\"inLanguage\":\"lv-LV\",\"potentialAction\":[{\"@type\":\"ReadAction\",\"target\":[\"https:\/\/miumjau.ee\/lv\/produkts\/catfest-baribas-maisins-ar-pili-un-trusi-zeleja-mitra-kaku-bariba-70g\/\"]}]},{\"@type\":\"ImageObject\",\"inLanguage\":\"lv-LV\",\"@id\":\"https:\/\/miumjau.ee\/lv\/produkts\/catfest-baribas-maisins-ar-pili-un-trusi-zeleja-mitra-kaku-bariba-70g\/#primaryimage\",\"url\":\"https:\/\/miumjau.ee\/wp-content\/uploads\/2025\/04\/catfest-margtoit-kassidele10.webp\",\"contentUrl\":\"https:\/\/miumjau.ee\/wp-content\/uploads\/2025\/04\/catfest-margtoit-kassidele10.webp\",\"width\":600,\"height\":800},{\"@type\":\"BreadcrumbList\",\"@id\":\"https:\/\/miumjau.ee\/lv\/produkts\/catfest-baribas-maisins-ar-pili-un-trusi-zeleja-mitra-kaku-bariba-70g\/#breadcrumb\",\"itemListElement\":[{\"@type\":\"ListItem\",\"position\":1,\"name\":\"Home\",\"item\":\"https:\/\/miumjau.ee\/lv\/\"},{\"@type\":\"ListItem\",\"position\":2,\"name\":\"Veikals\",\"item\":\"https:\/\/miumjau.ee\/lv\/veikals\/\"},{\"@type\":\"ListItem\",\"position\":3,\"name\":\"CatFest bar\u012bbas maisi\u0146\u0161 ar p\u012bli un tru\u0161i \u017eelej\u0101, mitr\u0101 ka\u0137u bar\u012bba 70g\"}]},{\"@type\":\"WebSite\",\"@id\":\"https:\/\/miumjau.ee\/#website\",\"url\":\"https:\/\/miumjau.ee\/\",\"name\":\"MiuMjau\",\"description\":\"Kraapimispuud kassidele\",\"publisher\":{\"@id\":\"https:\/\/miumjau.ee\/#organization\"},\"potentialAction\":[{\"@type\":\"SearchAction\",\"target\":{\"@type\":\"EntryPoint\",\"urlTemplate\":\"https:\/\/miumjau.ee\/?s={search_term_string}\"},\"query-input\":{\"@type\":\"PropertyValueSpecification\",\"valueRequired\":true,\"valueName\":\"search_term_string\"}}],\"inLanguage\":\"lv-LV\"},{\"@type\":\"Organization\",\"@id\":\"https:\/\/miumjau.ee\/#organization\",\"name\":\"MiuMjau O\u00dc\",\"url\":\"https:\/\/miumjau.ee\/\",\"logo\":{\"@type\":\"ImageObject\",\"inLanguage\":\"lv-LV\",\"@id\":\"https:\/\/miumjau.ee\/#\/schema\/logo\/image\/\",\"url\":\"https:\/\/miumjau.ee\/wp-content\/uploads\/2022\/04\/MiuMjau-logo-kollane.png\",\"contentUrl\":\"https:\/\/miumjau.ee\/wp-content\/uploads\/2022\/04\/MiuMjau-logo-kollane.png\",\"width\":219,\"height\":100,\"caption\":\"MiuMjau O\u00dc\"},\"image\":{\"@id\":\"https:\/\/miumjau.ee\/#\/schema\/logo\/image\/\"},\"sameAs\":[\"https:\/\/www.facebook.com\/miumjaupood\/\"]}]}<\/script>\n<!-- \/ Yoast SEO plugin. -->","yoast_head_json":{"title":"CatFest bar\u012bbas maisi\u0146\u0161 ar p\u012bli un tru\u0161i \u017eelej\u0101, mitr\u0101 ka\u0137u bar\u012bba 70g - MiuMjau","description":"CatFest simboliz\u0113 \u012bstu dab\u012bgu bar\u012bbu. Filejas gabali\u0146i gard\u0101, sul\u012bg\u0101 \u017eelej\u0101. J\u016bsu ka\u0137is vienk\u0101r\u0161i nevar pretoties!","robots":{"index":"index","follow":"follow","max-snippet":"max-snippet:-1","max-image-preview":"max-image-preview:large","max-video-preview":"max-video-preview:-1"},"canonical":"https:\/\/miumjau.ee\/lv\/produkts\/catfest-baribas-maisins-ar-pili-un-trusi-zeleja-mitra-kaku-bariba-70g\/","og_locale":"lv_LV","og_type":"article","og_title":"CatFest bar\u012bbas maisi\u0146\u0161 ar p\u012bli un tru\u0161i \u017eelej\u0101, mitr\u0101 ka\u0137u bar\u012bba 70g - MiuMjau","og_description":"CatFest simboliz\u0113 \u012bstu dab\u012bgu bar\u012bbu. Filejas gabali\u0146i gard\u0101, sul\u012bg\u0101 \u017eelej\u0101. J\u016bsu ka\u0137is vienk\u0101r\u0161i nevar pretoties!","og_url":"https:\/\/miumjau.ee\/lv\/produkts\/catfest-baribas-maisins-ar-pili-un-trusi-zeleja-mitra-kaku-bariba-70g\/","og_site_name":"MiuMjau","article_publisher":"https:\/\/www.facebook.com\/miumjaupood\/","article_modified_time":"2026-01-07T19:15:48+00:00","og_image":[{"width":600,"height":800,"url":"https:\/\/miumjau.ee\/wp-content\/uploads\/2025\/04\/catfest-margtoit-kassidele10.webp","type":"image\/webp"}],"twitter_card":"summary_large_image","schema":{"@context":"https:\/\/schema.org","@graph":[{"@type":"WebPage","@id":"https:\/\/miumjau.ee\/lv\/produkts\/catfest-baribas-maisins-ar-pili-un-trusi-zeleja-mitra-kaku-bariba-70g\/","url":"https:\/\/miumjau.ee\/lv\/produkts\/catfest-baribas-maisins-ar-pili-un-trusi-zeleja-mitra-kaku-bariba-70g\/","name":"CatFest bar\u012bbas maisi\u0146\u0161 ar p\u012bli un tru\u0161i \u017eelej\u0101, mitr\u0101 ka\u0137u bar\u012bba 70g - MiuMjau","isPartOf":{"@id":"https:\/\/miumjau.ee\/#website"},"primaryImageOfPage":{"@id":"https:\/\/miumjau.ee\/lv\/produkts\/catfest-baribas-maisins-ar-pili-un-trusi-zeleja-mitra-kaku-bariba-70g\/#primaryimage"},"image":{"@id":"https:\/\/miumjau.ee\/lv\/produkts\/catfest-baribas-maisins-ar-pili-un-trusi-zeleja-mitra-kaku-bariba-70g\/#primaryimage"},"thumbnailUrl":"https:\/\/miumjau.ee\/wp-content\/uploads\/2025\/04\/catfest-margtoit-kassidele10.webp","datePublished":"2025-04-22T13:05:58+00:00","dateModified":"2026-01-07T19:15:48+00:00","description":"CatFest simboliz\u0113 \u012bstu dab\u012bgu bar\u012bbu. Filejas gabali\u0146i gard\u0101, sul\u012bg\u0101 \u017eelej\u0101. J\u016bsu ka\u0137is vienk\u0101r\u0161i nevar pretoties!","breadcrumb":{"@id":"https:\/\/miumjau.ee\/lv\/produkts\/catfest-baribas-maisins-ar-pili-un-trusi-zeleja-mitra-kaku-bariba-70g\/#breadcrumb"},"inLanguage":"lv-LV","potentialAction":[{"@type":"ReadAction","target":["https:\/\/miumjau.ee\/lv\/produkts\/catfest-baribas-maisins-ar-pili-un-trusi-zeleja-mitra-kaku-bariba-70g\/"]}]},{"@type":"ImageObject","inLanguage":"lv-LV","@id":"https:\/\/miumjau.ee\/lv\/produkts\/catfest-baribas-maisins-ar-pili-un-trusi-zeleja-mitra-kaku-bariba-70g\/#primaryimage","url":"https:\/\/miumjau.ee\/wp-content\/uploads\/2025\/04\/catfest-margtoit-kassidele10.webp","contentUrl":"https:\/\/miumjau.ee\/wp-content\/uploads\/2025\/04\/catfest-margtoit-kassidele10.webp","width":600,"height":800},{"@type":"BreadcrumbList","@id":"https:\/\/miumjau.ee\/lv\/produkts\/catfest-baribas-maisins-ar-pili-un-trusi-zeleja-mitra-kaku-bariba-70g\/#breadcrumb","itemListElement":[{"@type":"ListItem","position":1,"name":"Home","item":"https:\/\/miumjau.ee\/lv\/"},{"@type":"ListItem","position":2,"name":"Veikals","item":"https:\/\/miumjau.ee\/lv\/veikals\/"},{"@type":"ListItem","position":3,"name":"CatFest bar\u012bbas maisi\u0146\u0161 ar p\u012bli un tru\u0161i \u017eelej\u0101, mitr\u0101 ka\u0137u bar\u012bba 70g"}]},{"@type":"WebSite","@id":"https:\/\/miumjau.ee\/#website","url":"https:\/\/miumjau.ee\/","name":"MiuMjau","description":"Kraapimispuud kassidele","publisher":{"@id":"https:\/\/miumjau.ee\/#organization"},"potentialAction":[{"@type":"SearchAction","target":{"@type":"EntryPoint","urlTemplate":"https:\/\/miumjau.ee\/?s={search_term_string}"},"query-input":{"@type":"PropertyValueSpecification","valueRequired":true,"valueName":"search_term_string"}}],"inLanguage":"lv-LV"},{"@type":"Organization","@id":"https:\/\/miumjau.ee\/#organization","name":"MiuMjau O\u00dc","url":"https:\/\/miumjau.ee\/","logo":{"@type":"ImageObject","inLanguage":"lv-LV","@id":"https:\/\/miumjau.ee\/#\/schema\/logo\/image\/","url":"https:\/\/miumjau.ee\/wp-content\/uploads\/2022\/04\/MiuMjau-logo-kollane.png","contentUrl":"https:\/\/miumjau.ee\/wp-content\/uploads\/2022\/04\/MiuMjau-logo-kollane.png","width":219,"height":100,"caption":"MiuMjau O\u00dc"},"image":{"@id":"https:\/\/miumjau.ee\/#\/schema\/logo\/image\/"},"sameAs":["https:\/\/www.facebook.com\/miumjaupood\/"]}]}},"_links":{"self":[{"href":"https:\/\/miumjau.ee\/lv\/wp-json\/wp\/v2\/product\/49729","targetHints":{"allow":["GET"]}}],"collection":[{"href":"https:\/\/miumjau.ee\/lv\/wp-json\/wp\/v2\/product"}],"about":[{"href":"https:\/\/miumjau.ee\/lv\/wp-json\/wp\/v2\/types\/product"}],"wp:featuredmedia":[{"embeddable":true,"href":"https:\/\/miumjau.ee\/lv\/wp-json\/wp\/v2\/media\/49730"}],"wp:attachment":[{"href":"https:\/\/miumjau.ee\/lv\/wp-json\/wp\/v2\/media?parent=49729"}],"wp:term":[{"taxonomy":"product_brand","embeddable":true,"href":"https:\/\/miumjau.ee\/lv\/wp-json\/wp\/v2\/product_brand?post=49729"},{"taxonomy":"product_cat","embeddable":true,"href":"https:\/\/miumjau.ee\/lv\/wp-json\/wp\/v2\/product_cat?post=49729"},{"taxonomy":"product_tag","embeddable":true,"href":"https:\/\/miumjau.ee\/lv\/wp-json\/wp\/v2\/product_tag?post=49729"}],"curies":[{"name":"wp","href":"https:\/\/api.w.org\/{rel}","templated":true}]}}