{"id":49708,"date":"2025-04-22T16:05:54","date_gmt":"2025-04-22T13:05:54","guid":{"rendered":"https:\/\/miumjau.ee\/toode\/catfest-kaku-mitra-bariba-pacina-ar-lasi-un-krabi-zeleja-70g\/"},"modified":"2026-01-07T21:15:54","modified_gmt":"2026-01-07T19:15:54","slug":"catfest-kaku-mitra-bariba-pacina-ar-lasi-un-krabi-zeleja-70g","status":"publish","type":"product","link":"https:\/\/miumjau.ee\/lv\/produkts\/catfest-kaku-mitra-bariba-pacina-ar-lasi-un-krabi-zeleja-70g\/","title":{"rendered":"CatFest ka\u0137u mitr\u0101 bar\u012bba paci\u0146\u0101 ar lasi un krabi \u017eelej\u0101 70g"},"content":{"rendered":"","protected":false},"excerpt":{"rendered":"<p>Savva\u013cas la\u0161a fileja ar krabju n\u016bji\u0146\u0101m \u017eelej\u0101 ir barojo\u0161s un gar\u0161\u012bgs produkts pieaugu\u0161iem ka\u0137iem. Augstais la\u0161a un krabju n\u016bji\u0146u saturs nodro\u0161ina ka\u0137i ar nepiecie\u0161amaj\u0101m olbaltumviel\u0101m un tauksk\u0101b\u0113m, lai atbalst\u012btu t\u0101 vesel\u012bbu un vitalit\u0101ti. Pied\u0101v\u0101 k\u0101 papildino\u0161u dab\u012bgu bar\u012bbu.<\/p>\n<p>Sast\u0101vda\u013cas: Lasis 54%, krabju n\u016bji\u0146as 6%, zivju buljons 38%, an\u0161ovu e\u013c\u013ca, prebiotikas FOS, E vitam\u012bns, taur\u012bns, cigori\u0146u ekstrakts, miner\u0101lvielas.<\/p>\n<p>Anal\u012btisk\u0101s sast\u0101vda\u013cas: Neapstr\u0101d\u0101ts prote\u012bns 8,5%, neapstr\u0101d\u0101ti tauki 2,5%, neapstr\u0101d\u0101ti pelni 1,5%, neapstr\u0101d\u0101ta \u0161\u0137iedra 1%, mitrums 89%.<\/p>\n<p>Ieguvumi: Lasis ir bag\u0101t\u012bgs omega-3 tauksk\u0101bju avots, kas atbalsta \u0101das un ka\u017eoka vesel\u012bbu. Prebiotika FOS uzlabo gremo\u0161anu un pal\u012bdz uztur\u0113t vesel\u012bgu zarnu mikrofloru. Krabju n\u016bji\u0146as pie\u0161\u0137ir papildu gar\u0161u un tekst\u016bru, padarot bar\u012bbu v\u0113l \u0113stgrib\u012bg\u0101ku. Cigori\u0146i samazina ka\u0137u fek\u0101liju smaku, pal\u012bdzot uztur\u0113t svaigu gaisu ap ka\u0137u tualeti.<\/p>\n<p>Lieto\u0161ana: Piem\u0113rots k\u0101 papildbar\u012bba visiem pieaugu\u0161iem m\u0101jas ka\u0137iem, tostarp steriliz\u0113tiem un kastr\u0113tiem ka\u0137iem, k\u0101 ar\u012b ka\u0137iem ar aler\u0123ij\u0101m vai gremo\u0161anas probl\u0113m\u0101m. Pasniedziet istabas temperat\u016br\u0101. Uzglab\u0101t v\u0113s\u0101, saus\u0101 viet\u0101. Lietojiet l\u012bdz 3 paci\u0146\u0101m dien\u0101. P\u0101rliecinieties, ka j\u016bsu ka\u0137im vienm\u0113r ir pieejams svaigs \u016bdens.<\/p>\n","protected":false},"featured_media":49709,"template":"","meta":[],"product_brand":[],"product_cat":[571],"product_tag":[],"class_list":{"0":"post-49708","1":"product","2":"type-product","3":"status-publish","4":"has-post-thumbnail","6":"product_cat-mitra-bariba","8":"first","9":"instock","10":"taxable","11":"shipping-taxable","12":"purchasable","13":"product-type-simple"},"yoast_head":"<!-- This site is optimized with the Yoast SEO plugin v27.2 - https:\/\/yoast.com\/product\/yoast-seo-wordpress\/ -->\n<title>CatFest ka\u0137u mitr\u0101 bar\u012bba paci\u0146\u0101 ar lasi un krabi \u017eelej\u0101 70g - MiuMjau<\/title>\n<meta name=\"description\" content=\"CatFest simboliz\u0113 \u012bstu dab\u012bgu bar\u012bbu. Filejas gabali\u0146i gard\u0101, sul\u012bg\u0101 \u017eelej\u0101. J\u016bsu ka\u0137is vienk\u0101r\u0161i nevar pretoties!\" \/>\n<meta name=\"robots\" content=\"index, follow, max-snippet:-1, max-image-preview:large, max-video-preview:-1\" \/>\n<link rel=\"canonical\" href=\"https:\/\/miumjau.ee\/lv\/produkts\/catfest-kaku-mitra-bariba-pacina-ar-lasi-un-krabi-zeleja-70g\/\" \/>\n<meta property=\"og:locale\" content=\"lv_LV\" \/>\n<meta property=\"og:type\" content=\"article\" \/>\n<meta property=\"og:title\" content=\"CatFest ka\u0137u mitr\u0101 bar\u012bba paci\u0146\u0101 ar lasi un krabi \u017eelej\u0101 70g - MiuMjau\" \/>\n<meta property=\"og:description\" content=\"CatFest simboliz\u0113 \u012bstu dab\u012bgu bar\u012bbu. Filejas gabali\u0146i gard\u0101, sul\u012bg\u0101 \u017eelej\u0101. J\u016bsu ka\u0137is vienk\u0101r\u0161i nevar pretoties!\" \/>\n<meta property=\"og:url\" content=\"https:\/\/miumjau.ee\/lv\/produkts\/catfest-kaku-mitra-bariba-pacina-ar-lasi-un-krabi-zeleja-70g\/\" \/>\n<meta property=\"og:site_name\" content=\"MiuMjau\" \/>\n<meta property=\"article:publisher\" content=\"https:\/\/www.facebook.com\/miumjaupood\/\" \/>\n<meta property=\"article:modified_time\" content=\"2026-01-07T19:15:54+00:00\" \/>\n<meta property=\"og:image\" content=\"https:\/\/miumjau.ee\/wp-content\/uploads\/2025\/04\/catfest-margtoit-kassidele14.webp\" \/>\n\t<meta property=\"og:image:width\" content=\"600\" \/>\n\t<meta property=\"og:image:height\" content=\"800\" \/>\n\t<meta property=\"og:image:type\" content=\"image\/webp\" \/>\n<meta name=\"twitter:card\" content=\"summary_large_image\" \/>\n<script type=\"application\/ld+json\" class=\"yoast-schema-graph\">{\"@context\":\"https:\/\/schema.org\",\"@graph\":[{\"@type\":\"WebPage\",\"@id\":\"https:\/\/miumjau.ee\/lv\/produkts\/catfest-kaku-mitra-bariba-pacina-ar-lasi-un-krabi-zeleja-70g\/\",\"url\":\"https:\/\/miumjau.ee\/lv\/produkts\/catfest-kaku-mitra-bariba-pacina-ar-lasi-un-krabi-zeleja-70g\/\",\"name\":\"CatFest ka\u0137u mitr\u0101 bar\u012bba paci\u0146\u0101 ar lasi un krabi \u017eelej\u0101 70g - MiuMjau\",\"isPartOf\":{\"@id\":\"https:\/\/miumjau.ee\/#website\"},\"primaryImageOfPage\":{\"@id\":\"https:\/\/miumjau.ee\/lv\/produkts\/catfest-kaku-mitra-bariba-pacina-ar-lasi-un-krabi-zeleja-70g\/#primaryimage\"},\"image\":{\"@id\":\"https:\/\/miumjau.ee\/lv\/produkts\/catfest-kaku-mitra-bariba-pacina-ar-lasi-un-krabi-zeleja-70g\/#primaryimage\"},\"thumbnailUrl\":\"https:\/\/miumjau.ee\/wp-content\/uploads\/2025\/04\/catfest-margtoit-kassidele14.webp\",\"datePublished\":\"2025-04-22T13:05:54+00:00\",\"dateModified\":\"2026-01-07T19:15:54+00:00\",\"description\":\"CatFest simboliz\u0113 \u012bstu dab\u012bgu bar\u012bbu. Filejas gabali\u0146i gard\u0101, sul\u012bg\u0101 \u017eelej\u0101. J\u016bsu ka\u0137is vienk\u0101r\u0161i nevar pretoties!\",\"breadcrumb\":{\"@id\":\"https:\/\/miumjau.ee\/lv\/produkts\/catfest-kaku-mitra-bariba-pacina-ar-lasi-un-krabi-zeleja-70g\/#breadcrumb\"},\"inLanguage\":\"lv-LV\",\"potentialAction\":[{\"@type\":\"ReadAction\",\"target\":[\"https:\/\/miumjau.ee\/lv\/produkts\/catfest-kaku-mitra-bariba-pacina-ar-lasi-un-krabi-zeleja-70g\/\"]}]},{\"@type\":\"ImageObject\",\"inLanguage\":\"lv-LV\",\"@id\":\"https:\/\/miumjau.ee\/lv\/produkts\/catfest-kaku-mitra-bariba-pacina-ar-lasi-un-krabi-zeleja-70g\/#primaryimage\",\"url\":\"https:\/\/miumjau.ee\/wp-content\/uploads\/2025\/04\/catfest-margtoit-kassidele14.webp\",\"contentUrl\":\"https:\/\/miumjau.ee\/wp-content\/uploads\/2025\/04\/catfest-margtoit-kassidele14.webp\",\"width\":600,\"height\":800},{\"@type\":\"BreadcrumbList\",\"@id\":\"https:\/\/miumjau.ee\/lv\/produkts\/catfest-kaku-mitra-bariba-pacina-ar-lasi-un-krabi-zeleja-70g\/#breadcrumb\",\"itemListElement\":[{\"@type\":\"ListItem\",\"position\":1,\"name\":\"Home\",\"item\":\"https:\/\/miumjau.ee\/lv\/\"},{\"@type\":\"ListItem\",\"position\":2,\"name\":\"Veikals\",\"item\":\"https:\/\/miumjau.ee\/lv\/veikals\/\"},{\"@type\":\"ListItem\",\"position\":3,\"name\":\"CatFest ka\u0137u mitr\u0101 bar\u012bba paci\u0146\u0101 ar lasi un krabi \u017eelej\u0101 70g\"}]},{\"@type\":\"WebSite\",\"@id\":\"https:\/\/miumjau.ee\/#website\",\"url\":\"https:\/\/miumjau.ee\/\",\"name\":\"MiuMjau\",\"description\":\"Kraapimispuud kassidele\",\"publisher\":{\"@id\":\"https:\/\/miumjau.ee\/#organization\"},\"potentialAction\":[{\"@type\":\"SearchAction\",\"target\":{\"@type\":\"EntryPoint\",\"urlTemplate\":\"https:\/\/miumjau.ee\/?s={search_term_string}\"},\"query-input\":{\"@type\":\"PropertyValueSpecification\",\"valueRequired\":true,\"valueName\":\"search_term_string\"}}],\"inLanguage\":\"lv-LV\"},{\"@type\":\"Organization\",\"@id\":\"https:\/\/miumjau.ee\/#organization\",\"name\":\"MiuMjau O\u00dc\",\"url\":\"https:\/\/miumjau.ee\/\",\"logo\":{\"@type\":\"ImageObject\",\"inLanguage\":\"lv-LV\",\"@id\":\"https:\/\/miumjau.ee\/#\/schema\/logo\/image\/\",\"url\":\"https:\/\/miumjau.ee\/wp-content\/uploads\/2022\/04\/MiuMjau-logo-kollane.png\",\"contentUrl\":\"https:\/\/miumjau.ee\/wp-content\/uploads\/2022\/04\/MiuMjau-logo-kollane.png\",\"width\":219,\"height\":100,\"caption\":\"MiuMjau O\u00dc\"},\"image\":{\"@id\":\"https:\/\/miumjau.ee\/#\/schema\/logo\/image\/\"},\"sameAs\":[\"https:\/\/www.facebook.com\/miumjaupood\/\"]}]}<\/script>\n<!-- \/ Yoast SEO plugin. -->","yoast_head_json":{"title":"CatFest ka\u0137u mitr\u0101 bar\u012bba paci\u0146\u0101 ar lasi un krabi \u017eelej\u0101 70g - MiuMjau","description":"CatFest simboliz\u0113 \u012bstu dab\u012bgu bar\u012bbu. Filejas gabali\u0146i gard\u0101, sul\u012bg\u0101 \u017eelej\u0101. J\u016bsu ka\u0137is vienk\u0101r\u0161i nevar pretoties!","robots":{"index":"index","follow":"follow","max-snippet":"max-snippet:-1","max-image-preview":"max-image-preview:large","max-video-preview":"max-video-preview:-1"},"canonical":"https:\/\/miumjau.ee\/lv\/produkts\/catfest-kaku-mitra-bariba-pacina-ar-lasi-un-krabi-zeleja-70g\/","og_locale":"lv_LV","og_type":"article","og_title":"CatFest ka\u0137u mitr\u0101 bar\u012bba paci\u0146\u0101 ar lasi un krabi \u017eelej\u0101 70g - MiuMjau","og_description":"CatFest simboliz\u0113 \u012bstu dab\u012bgu bar\u012bbu. Filejas gabali\u0146i gard\u0101, sul\u012bg\u0101 \u017eelej\u0101. J\u016bsu ka\u0137is vienk\u0101r\u0161i nevar pretoties!","og_url":"https:\/\/miumjau.ee\/lv\/produkts\/catfest-kaku-mitra-bariba-pacina-ar-lasi-un-krabi-zeleja-70g\/","og_site_name":"MiuMjau","article_publisher":"https:\/\/www.facebook.com\/miumjaupood\/","article_modified_time":"2026-01-07T19:15:54+00:00","og_image":[{"width":600,"height":800,"url":"https:\/\/miumjau.ee\/wp-content\/uploads\/2025\/04\/catfest-margtoit-kassidele14.webp","type":"image\/webp"}],"twitter_card":"summary_large_image","schema":{"@context":"https:\/\/schema.org","@graph":[{"@type":"WebPage","@id":"https:\/\/miumjau.ee\/lv\/produkts\/catfest-kaku-mitra-bariba-pacina-ar-lasi-un-krabi-zeleja-70g\/","url":"https:\/\/miumjau.ee\/lv\/produkts\/catfest-kaku-mitra-bariba-pacina-ar-lasi-un-krabi-zeleja-70g\/","name":"CatFest ka\u0137u mitr\u0101 bar\u012bba paci\u0146\u0101 ar lasi un krabi \u017eelej\u0101 70g - MiuMjau","isPartOf":{"@id":"https:\/\/miumjau.ee\/#website"},"primaryImageOfPage":{"@id":"https:\/\/miumjau.ee\/lv\/produkts\/catfest-kaku-mitra-bariba-pacina-ar-lasi-un-krabi-zeleja-70g\/#primaryimage"},"image":{"@id":"https:\/\/miumjau.ee\/lv\/produkts\/catfest-kaku-mitra-bariba-pacina-ar-lasi-un-krabi-zeleja-70g\/#primaryimage"},"thumbnailUrl":"https:\/\/miumjau.ee\/wp-content\/uploads\/2025\/04\/catfest-margtoit-kassidele14.webp","datePublished":"2025-04-22T13:05:54+00:00","dateModified":"2026-01-07T19:15:54+00:00","description":"CatFest simboliz\u0113 \u012bstu dab\u012bgu bar\u012bbu. Filejas gabali\u0146i gard\u0101, sul\u012bg\u0101 \u017eelej\u0101. J\u016bsu ka\u0137is vienk\u0101r\u0161i nevar pretoties!","breadcrumb":{"@id":"https:\/\/miumjau.ee\/lv\/produkts\/catfest-kaku-mitra-bariba-pacina-ar-lasi-un-krabi-zeleja-70g\/#breadcrumb"},"inLanguage":"lv-LV","potentialAction":[{"@type":"ReadAction","target":["https:\/\/miumjau.ee\/lv\/produkts\/catfest-kaku-mitra-bariba-pacina-ar-lasi-un-krabi-zeleja-70g\/"]}]},{"@type":"ImageObject","inLanguage":"lv-LV","@id":"https:\/\/miumjau.ee\/lv\/produkts\/catfest-kaku-mitra-bariba-pacina-ar-lasi-un-krabi-zeleja-70g\/#primaryimage","url":"https:\/\/miumjau.ee\/wp-content\/uploads\/2025\/04\/catfest-margtoit-kassidele14.webp","contentUrl":"https:\/\/miumjau.ee\/wp-content\/uploads\/2025\/04\/catfest-margtoit-kassidele14.webp","width":600,"height":800},{"@type":"BreadcrumbList","@id":"https:\/\/miumjau.ee\/lv\/produkts\/catfest-kaku-mitra-bariba-pacina-ar-lasi-un-krabi-zeleja-70g\/#breadcrumb","itemListElement":[{"@type":"ListItem","position":1,"name":"Home","item":"https:\/\/miumjau.ee\/lv\/"},{"@type":"ListItem","position":2,"name":"Veikals","item":"https:\/\/miumjau.ee\/lv\/veikals\/"},{"@type":"ListItem","position":3,"name":"CatFest ka\u0137u mitr\u0101 bar\u012bba paci\u0146\u0101 ar lasi un krabi \u017eelej\u0101 70g"}]},{"@type":"WebSite","@id":"https:\/\/miumjau.ee\/#website","url":"https:\/\/miumjau.ee\/","name":"MiuMjau","description":"Kraapimispuud kassidele","publisher":{"@id":"https:\/\/miumjau.ee\/#organization"},"potentialAction":[{"@type":"SearchAction","target":{"@type":"EntryPoint","urlTemplate":"https:\/\/miumjau.ee\/?s={search_term_string}"},"query-input":{"@type":"PropertyValueSpecification","valueRequired":true,"valueName":"search_term_string"}}],"inLanguage":"lv-LV"},{"@type":"Organization","@id":"https:\/\/miumjau.ee\/#organization","name":"MiuMjau O\u00dc","url":"https:\/\/miumjau.ee\/","logo":{"@type":"ImageObject","inLanguage":"lv-LV","@id":"https:\/\/miumjau.ee\/#\/schema\/logo\/image\/","url":"https:\/\/miumjau.ee\/wp-content\/uploads\/2022\/04\/MiuMjau-logo-kollane.png","contentUrl":"https:\/\/miumjau.ee\/wp-content\/uploads\/2022\/04\/MiuMjau-logo-kollane.png","width":219,"height":100,"caption":"MiuMjau O\u00dc"},"image":{"@id":"https:\/\/miumjau.ee\/#\/schema\/logo\/image\/"},"sameAs":["https:\/\/www.facebook.com\/miumjaupood\/"]}]}},"_links":{"self":[{"href":"https:\/\/miumjau.ee\/lv\/wp-json\/wp\/v2\/product\/49708","targetHints":{"allow":["GET"]}}],"collection":[{"href":"https:\/\/miumjau.ee\/lv\/wp-json\/wp\/v2\/product"}],"about":[{"href":"https:\/\/miumjau.ee\/lv\/wp-json\/wp\/v2\/types\/product"}],"wp:featuredmedia":[{"embeddable":true,"href":"https:\/\/miumjau.ee\/lv\/wp-json\/wp\/v2\/media\/49709"}],"wp:attachment":[{"href":"https:\/\/miumjau.ee\/lv\/wp-json\/wp\/v2\/media?parent=49708"}],"wp:term":[{"taxonomy":"product_brand","embeddable":true,"href":"https:\/\/miumjau.ee\/lv\/wp-json\/wp\/v2\/product_brand?post=49708"},{"taxonomy":"product_cat","embeddable":true,"href":"https:\/\/miumjau.ee\/lv\/wp-json\/wp\/v2\/product_cat?post=49708"},{"taxonomy":"product_tag","embeddable":true,"href":"https:\/\/miumjau.ee\/lv\/wp-json\/wp\/v2\/product_tag?post=49708"}],"curies":[{"name":"wp","href":"https:\/\/api.w.org\/{rel}","templated":true}]}}